{"id":830829,"date":"2026-04-12T13:18:22","date_gmt":"2026-04-12T11:18:22","guid":{"rendered":"https:\/\/dev6.erresse-shop.it\/shop\/non%20class\u00e9\/berkel-teknica-jeu-de-4-couteaux-de-chef-noir\/"},"modified":"2025-09-14T06:40:56","modified_gmt":"2025-09-14T04:40:56","slug":"berkel-ensemble-de-4-couteaux-de-chef-noirs-teknica","status":"publish","type":"product","link":"https:\/\/dev6.erresse-shop.it\/fr\/shop\/cuisine\/couteaux\/couteaux-de-cuisine\/berkel-ensemble-de-4-couteaux-de-chef-noirs-teknica\/","title":{"rendered":"BERKEL Ensemble de 4 couteaux de chef noirs Teknica"},"content":{"rendered":"<p>Berkel d\u00e9die ce coffret aux amateurs de charcuterie avec un couteau pour le jambon, le pain et le d\u00e9sossage.<\/p>\n<p>Lame en acier au chrome-molybd\u00e8ne-vanadium 1.4116-X50 Cr Mo V15 de haute qualit\u00e9<br \/>\nLame d\u00e9coup\u00e9e au laser \u00e0 partir d\u2019une feuille de 3 mm<br \/>\n\u00c9bauche, trempe, satinage et aff\u00fbtage r\u00e9alis\u00e9s selon des techniques artisanales<br \/>\nPoign\u00e9e \u00ab technique \u00bb imprim\u00e9e en polym\u00e8re thermoplastique avec prise directe pour assurer une ergonomie d\u2019utilisation maximale et sugg\u00e9rer la bonne prise en main<br \/>\nDouble texture dans les zones de pr\u00e9hension pour augmenter l\u2019adh\u00e9rence<br \/>\nBague avant pour un blocage parfait de la lame<br \/>\nBague arri\u00e8re qui garantit un \u00e9quilibre parfait gr\u00e2ce \u00e0 l\u2019insertion de billes d\u2019acier<br \/>\nLogo et design Berkel reconnaissables<br \/>\n\u00ab\u00a0B\u00a0\u00bb grav\u00e9 sur la lunette arri\u00e8re<\/p>\n<p>SP\u00c9CIFICATIONS<\/p>\n<p>Poids : 625 gr<br \/>\nComposition du set : Couteau \u00e0 jambon 28 cm, Couteau \u00e0 pain 22 cm, Couteau de cuisine 20 cm, Couteau Santoku 17 cm<br \/>\nMat\u00e9riau de la lame\u00a0: forg\u00e9 en acier inoxydable 1.4116-X50 Cr Mo V15\u00a0; \u00c9paisseur 3 mm; Duret\u00e9 apr\u00e8s T.T : 59\/60 HRC ; Certificat Catra\u00a0: Tr\u00e8s bien.<br \/>\nPoign\u00e9e : R\u00e9sine avec finition satin\u00e9e<br \/>\nUtilisation et entretien : Nous recommandons fortement le lavage \u00e0 la main \u00e0 l\u2019eau chaude pour garantir l\u2019int\u00e9grit\u00e9 du produit et sa durabilit\u00e9 dans le temps. Dans tous les cas, il est recommand\u00e9 de s\u00e9cher le couteau apr\u00e8s chaque lavage. N\u2019utilisez pas de chiffons ou d\u2019\u00e9ponges abrasives.<\/p>\n","protected":false},"excerpt":{"rendered":"<p>Berkel d\u00e9die ce coffret aux amateurs de charcuterie avec un couteau pour le jambon, le pain et le d\u00e9sossage. Lame en acier au chrome-molybd\u00e8ne-vanadium 1.4116-X50 Cr Mo V15 de haute qualit\u00e9 Lame d\u00e9coup\u00e9e au laser \u00e0 partir d\u2019une feuille de 3 mm \u00c9bauche, trempe, satinage et aff\u00fbtage r\u00e9alis\u00e9s selon des techniques artisanales Poign\u00e9e \u00ab technique [&hellip;]<\/p>\n","protected":false},"featured_media":6376747,"template":"","meta":{"_acf_changed":false},"product_cat":[11997],"product_tag":[],"class_list":{"0":"post-830829","1":"product","2":"type-product","3":"status-publish","4":"has-post-thumbnail","6":"product_cat-couteaux-de-cuisine","8":"first","9":"instock","10":"sale","11":"taxable","12":"shipping-taxable","13":"purchasable","14":"product-type-simple","swatches":"rey-swatches","show_selected":"","stretch_labels":"rey-swatches--stretch-labels"},"acf":[],"yoast_head":"<!-- This site is optimized with the Yoast SEO plugin v25.4 - https:\/\/yoast.com\/wordpress\/plugins\/seo\/ -->\n<title>BERKEL Ensemble de 4 couteaux de chef noirs Teknica - dev6 Erresse<\/title>\n<meta name=\"description\" content=\"Berkel d\u00e9die ce coffret aux amateurs de charcuterie avec un couteau pour le jambon, le pain et le d\u00e9sossage. Lame en acier au chrome-molybd\u00e8ne-vanadium\" \/>\n<meta name=\"robots\" content=\"noindex, follow, max-snippet:-1, max-image-preview:large, max-video-preview:-1\" \/>\n<meta property=\"og:locale\" content=\"fr_FR\" \/>\n<meta property=\"og:type\" content=\"article\" \/>\n<meta property=\"og:title\" content=\"BERKEL Ensemble de 4 couteaux de chef noirs Teknica - dev6 Erresse\" \/>\n<meta property=\"og:description\" content=\"Berkel d\u00e9die ce coffret aux amateurs de charcuterie avec un couteau pour le jambon, le pain et le d\u00e9sossage. Lame en acier au chrome-molybd\u00e8ne-vanadium\" \/>\n<meta property=\"og:url\" content=\"https:\/\/dev6.erresse-shop.it\/fr\/shop\/cuisine\/couteaux\/couteaux-de-cuisine\/berkel-ensemble-de-4-couteaux-de-chef-noirs-teknica\/\" \/>\n<meta property=\"og:site_name\" content=\"dev6 Erresse\" \/>\n<meta property=\"og:image\" content=\"https:\/\/interpim.erresse-shop.it\/wp-content\/uploads\/2025\/02\/BERKEL-Teknica-Set-4-Coltelli-Chef-Nero.jpg\/berkel-teknica-set-4-coltelli-chef-nero.jpg\" \/><meta property=\"og:image\" content=\"https:\/\/interpim.erresse-shop.it\/wp-content\/uploads\/2025\/02\/BERKEL-Teknica-Set-4-Coltelli-Chef-Nero.jpg\/berkel-teknica-set-4-coltelli-chef-nero.jpg\" \/>\n\t<meta property=\"og:image:width\" content=\"1024\" \/>\n\t<meta property=\"og:image:height\" content=\"1024\" \/>\n\t<meta property=\"og:image:type\" content=\"image\/jpeg\" \/>\n<meta name=\"twitter:card\" content=\"summary_large_image\" \/>\n<meta name=\"twitter:image\" content=\"https:\/\/interpim.erresse-shop.it\/wp-content\/uploads\/2025\/02\/BERKEL-Teknica-Set-4-Coltelli-Chef-Nero.jpg\/berkel-teknica-set-4-coltelli-chef-nero.jpg\" \/>\n<script type=\"application\/ld+json\" class=\"yoast-schema-graph\">{\"@context\":\"https:\/\/schema.org\",\"@graph\":[{\"@type\":\"WebPage\",\"@id\":\"https:\/\/dev6.erresse-shop.it\/fr\/shop\/cuisine\/couteaux\/couteaux-de-cuisine\/berkel-ensemble-de-4-couteaux-de-chef-noirs-teknica\/\",\"url\":\"https:\/\/dev6.erresse-shop.it\/fr\/shop\/cuisine\/couteaux\/couteaux-de-cuisine\/berkel-ensemble-de-4-couteaux-de-chef-noirs-teknica\/\",\"name\":\"BERKEL Ensemble de 4 couteaux de chef noirs Teknica - dev6 Erresse\",\"isPartOf\":{\"@id\":\"https:\/\/dev6.erresse-shop.it\/#website\"},\"primaryImageOfPage\":{\"@id\":\"https:\/\/dev6.erresse-shop.it\/fr\/shop\/cuisine\/couteaux\/couteaux-de-cuisine\/berkel-ensemble-de-4-couteaux-de-chef-noirs-teknica\/#primaryimage\"},\"image\":{\"@id\":\"https:\/\/dev6.erresse-shop.it\/fr\/shop\/cuisine\/couteaux\/couteaux-de-cuisine\/berkel-ensemble-de-4-couteaux-de-chef-noirs-teknica\/#primaryimage\"},\"thumbnailUrl\":\"https:\/\/i2.wp.com\/interpim.erresse-shop.it\/wp-content\/uploads\/2025\/02\/BERKEL-Teknica-Set-4-Coltelli-Chef-Nero.jpg\/berkel-teknica-set-4-coltelli-chef-nero.jpg?ssl=1\",\"datePublished\":\"2026-04-12T11:18:22+00:00\",\"description\":\"Berkel d\u00e9die ce coffret aux amateurs de charcuterie avec un couteau pour le jambon, le pain et le d\u00e9sossage. Lame en acier au chrome-molybd\u00e8ne-vanadium\",\"breadcrumb\":{\"@id\":\"https:\/\/dev6.erresse-shop.it\/fr\/shop\/cuisine\/couteaux\/couteaux-de-cuisine\/berkel-ensemble-de-4-couteaux-de-chef-noirs-teknica\/#breadcrumb\"},\"inLanguage\":\"fr-FR\",\"potentialAction\":[{\"@type\":\"ReadAction\",\"target\":[\"https:\/\/dev6.erresse-shop.it\/fr\/shop\/cuisine\/couteaux\/couteaux-de-cuisine\/berkel-ensemble-de-4-couteaux-de-chef-noirs-teknica\/\"]}]},{\"@type\":\"ImageObject\",\"inLanguage\":\"fr-FR\",\"@id\":\"https:\/\/dev6.erresse-shop.it\/fr\/shop\/cuisine\/couteaux\/couteaux-de-cuisine\/berkel-ensemble-de-4-couteaux-de-chef-noirs-teknica\/#primaryimage\",\"url\":\"https:\/\/i2.wp.com\/interpim.erresse-shop.it\/wp-content\/uploads\/2025\/02\/BERKEL-Teknica-Set-4-Coltelli-Chef-Nero.jpg\/berkel-teknica-set-4-coltelli-chef-nero.jpg?ssl=1\",\"contentUrl\":\"https:\/\/i2.wp.com\/interpim.erresse-shop.it\/wp-content\/uploads\/2025\/02\/BERKEL-Teknica-Set-4-Coltelli-Chef-Nero.jpg\/berkel-teknica-set-4-coltelli-chef-nero.jpg?ssl=1\"},{\"@type\":\"BreadcrumbList\",\"@id\":\"https:\/\/dev6.erresse-shop.it\/fr\/shop\/cuisine\/couteaux\/couteaux-de-cuisine\/berkel-ensemble-de-4-couteaux-de-chef-noirs-teknica\/#breadcrumb\",\"itemListElement\":[{\"@type\":\"ListItem\",\"position\":1,\"name\":\"Home\",\"item\":\"https:\/\/dev6.erresse-shop.it\/\"},{\"@type\":\"ListItem\",\"position\":2,\"name\":\"Boutique\",\"item\":\"https:\/\/dev6.erresse-shop.it\/shop\/\"},{\"@type\":\"ListItem\",\"position\":3,\"name\":\"BERKEL Ensemble de 4 couteaux de chef noirs Teknica\"}]},{\"@type\":\"WebSite\",\"@id\":\"https:\/\/dev6.erresse-shop.it\/#website\",\"url\":\"https:\/\/dev6.erresse-shop.it\/\",\"name\":\"Erresse Shop\",\"description\":\"\",\"publisher\":{\"@id\":\"https:\/\/dev6.erresse-shop.it\/#organization\"},\"potentialAction\":[{\"@type\":\"SearchAction\",\"target\":{\"@type\":\"EntryPoint\",\"urlTemplate\":\"https:\/\/dev6.erresse-shop.it\/?s={search_term_string}\"},\"query-input\":{\"@type\":\"PropertyValueSpecification\",\"valueRequired\":true,\"valueName\":\"search_term_string\"}}],\"inLanguage\":\"fr-FR\"},{\"@type\":\"Organization\",\"@id\":\"https:\/\/dev6.erresse-shop.it\/#organization\",\"name\":\"Erresse Shop\",\"url\":\"https:\/\/dev6.erresse-shop.it\/\",\"logo\":{\"@type\":\"ImageObject\",\"inLanguage\":\"fr-FR\",\"@id\":\"https:\/\/dev6.erresse-shop.it\/#\/schema\/logo\/image\/\",\"url\":\"https:\/\/dev6.erresse-shop.it\/wp-content\/uploads\/2025\/01\/LOGO-ERRESSE-CLASSICO.svg\",\"contentUrl\":\"https:\/\/dev6.erresse-shop.it\/wp-content\/uploads\/2025\/01\/LOGO-ERRESSE-CLASSICO.svg\",\"caption\":\"Erresse Shop\"},\"image\":{\"@id\":\"https:\/\/dev6.erresse-shop.it\/#\/schema\/logo\/image\/\"}}]}<\/script>\n<!-- \/ Yoast SEO plugin. -->","yoast_head_json":{"title":"BERKEL Ensemble de 4 couteaux de chef noirs Teknica - dev6 Erresse","description":"Berkel d\u00e9die ce coffret aux amateurs de charcuterie avec un couteau pour le jambon, le pain et le d\u00e9sossage. Lame en acier au chrome-molybd\u00e8ne-vanadium","robots":{"index":"noindex","follow":"follow","max-snippet":"max-snippet:-1","max-image-preview":"max-image-preview:large","max-video-preview":"max-video-preview:-1"},"og_locale":"fr_FR","og_type":"article","og_title":"BERKEL Ensemble de 4 couteaux de chef noirs Teknica - dev6 Erresse","og_description":"Berkel d\u00e9die ce coffret aux amateurs de charcuterie avec un couteau pour le jambon, le pain et le d\u00e9sossage. Lame en acier au chrome-molybd\u00e8ne-vanadium","og_url":"https:\/\/dev6.erresse-shop.it\/fr\/shop\/cuisine\/couteaux\/couteaux-de-cuisine\/berkel-ensemble-de-4-couteaux-de-chef-noirs-teknica\/","og_site_name":"dev6 Erresse","og_image":[{"url":"https:\/\/interpim.erresse-shop.it\/wp-content\/uploads\/2025\/02\/BERKEL-Teknica-Set-4-Coltelli-Chef-Nero.jpg\/berkel-teknica-set-4-coltelli-chef-nero.jpg","type":"","width":"","height":""},{"url":"https:\/\/interpim.erresse-shop.it\/wp-content\/uploads\/2025\/02\/BERKEL-Teknica-Set-4-Coltelli-Chef-Nero.jpg\/berkel-teknica-set-4-coltelli-chef-nero.jpg","width":1024,"height":1024,"type":"image\/jpeg"}],"twitter_card":"summary_large_image","twitter_image":"https:\/\/interpim.erresse-shop.it\/wp-content\/uploads\/2025\/02\/BERKEL-Teknica-Set-4-Coltelli-Chef-Nero.jpg\/berkel-teknica-set-4-coltelli-chef-nero.jpg","schema":{"@context":"https:\/\/schema.org","@graph":[{"@type":"WebPage","@id":"https:\/\/dev6.erresse-shop.it\/fr\/shop\/cuisine\/couteaux\/couteaux-de-cuisine\/berkel-ensemble-de-4-couteaux-de-chef-noirs-teknica\/","url":"https:\/\/dev6.erresse-shop.it\/fr\/shop\/cuisine\/couteaux\/couteaux-de-cuisine\/berkel-ensemble-de-4-couteaux-de-chef-noirs-teknica\/","name":"BERKEL Ensemble de 4 couteaux de chef noirs Teknica - dev6 Erresse","isPartOf":{"@id":"https:\/\/dev6.erresse-shop.it\/#website"},"primaryImageOfPage":{"@id":"https:\/\/dev6.erresse-shop.it\/fr\/shop\/cuisine\/couteaux\/couteaux-de-cuisine\/berkel-ensemble-de-4-couteaux-de-chef-noirs-teknica\/#primaryimage"},"image":{"@id":"https:\/\/dev6.erresse-shop.it\/fr\/shop\/cuisine\/couteaux\/couteaux-de-cuisine\/berkel-ensemble-de-4-couteaux-de-chef-noirs-teknica\/#primaryimage"},"thumbnailUrl":"https:\/\/i2.wp.com\/interpim.erresse-shop.it\/wp-content\/uploads\/2025\/02\/BERKEL-Teknica-Set-4-Coltelli-Chef-Nero.jpg\/berkel-teknica-set-4-coltelli-chef-nero.jpg?ssl=1","datePublished":"2026-04-12T11:18:22+00:00","description":"Berkel d\u00e9die ce coffret aux amateurs de charcuterie avec un couteau pour le jambon, le pain et le d\u00e9sossage. Lame en acier au chrome-molybd\u00e8ne-vanadium","breadcrumb":{"@id":"https:\/\/dev6.erresse-shop.it\/fr\/shop\/cuisine\/couteaux\/couteaux-de-cuisine\/berkel-ensemble-de-4-couteaux-de-chef-noirs-teknica\/#breadcrumb"},"inLanguage":"fr-FR","potentialAction":[{"@type":"ReadAction","target":["https:\/\/dev6.erresse-shop.it\/fr\/shop\/cuisine\/couteaux\/couteaux-de-cuisine\/berkel-ensemble-de-4-couteaux-de-chef-noirs-teknica\/"]}]},{"@type":"ImageObject","inLanguage":"fr-FR","@id":"https:\/\/dev6.erresse-shop.it\/fr\/shop\/cuisine\/couteaux\/couteaux-de-cuisine\/berkel-ensemble-de-4-couteaux-de-chef-noirs-teknica\/#primaryimage","url":"https:\/\/i2.wp.com\/interpim.erresse-shop.it\/wp-content\/uploads\/2025\/02\/BERKEL-Teknica-Set-4-Coltelli-Chef-Nero.jpg\/berkel-teknica-set-4-coltelli-chef-nero.jpg?ssl=1","contentUrl":"https:\/\/i2.wp.com\/interpim.erresse-shop.it\/wp-content\/uploads\/2025\/02\/BERKEL-Teknica-Set-4-Coltelli-Chef-Nero.jpg\/berkel-teknica-set-4-coltelli-chef-nero.jpg?ssl=1"},{"@type":"BreadcrumbList","@id":"https:\/\/dev6.erresse-shop.it\/fr\/shop\/cuisine\/couteaux\/couteaux-de-cuisine\/berkel-ensemble-de-4-couteaux-de-chef-noirs-teknica\/#breadcrumb","itemListElement":[{"@type":"ListItem","position":1,"name":"Home","item":"https:\/\/dev6.erresse-shop.it\/"},{"@type":"ListItem","position":2,"name":"Boutique","item":"https:\/\/dev6.erresse-shop.it\/shop\/"},{"@type":"ListItem","position":3,"name":"BERKEL Ensemble de 4 couteaux de chef noirs Teknica"}]},{"@type":"WebSite","@id":"https:\/\/dev6.erresse-shop.it\/#website","url":"https:\/\/dev6.erresse-shop.it\/","name":"Erresse Shop","description":"","publisher":{"@id":"https:\/\/dev6.erresse-shop.it\/#organization"},"potentialAction":[{"@type":"SearchAction","target":{"@type":"EntryPoint","urlTemplate":"https:\/\/dev6.erresse-shop.it\/?s={search_term_string}"},"query-input":{"@type":"PropertyValueSpecification","valueRequired":true,"valueName":"search_term_string"}}],"inLanguage":"fr-FR"},{"@type":"Organization","@id":"https:\/\/dev6.erresse-shop.it\/#organization","name":"Erresse Shop","url":"https:\/\/dev6.erresse-shop.it\/","logo":{"@type":"ImageObject","inLanguage":"fr-FR","@id":"https:\/\/dev6.erresse-shop.it\/#\/schema\/logo\/image\/","url":"https:\/\/dev6.erresse-shop.it\/wp-content\/uploads\/2025\/01\/LOGO-ERRESSE-CLASSICO.svg","contentUrl":"https:\/\/dev6.erresse-shop.it\/wp-content\/uploads\/2025\/01\/LOGO-ERRESSE-CLASSICO.svg","caption":"Erresse Shop"},"image":{"@id":"https:\/\/dev6.erresse-shop.it\/#\/schema\/logo\/image\/"}}]}},"df_price":269,"df_sale_price":269,"df_regular_price":439,"df_image_link":"https:\/\/i2.wp.com\/interpim.erresse-shop.it\/wp-content\/uploads\/2025\/02\/BERKEL-Teknica-Set-4-Coltelli-Chef-Nero.jpg\/berkel-teknica-set-4-coltelli-chef-nero.jpg?resize=300,300&ssl=1","fifu_image_url":"https:\/\/interpim.erresse-shop.it\/wp-content\/uploads\/2025\/02\/BERKEL-Teknica-Set-4-Coltelli-Chef-Nero.jpg\/berkel-teknica-set-4-coltelli-chef-nero.jpg","_links":{"self":[{"href":"https:\/\/dev6.erresse-shop.it\/fr\/wp-json\/wp\/v2\/product\/830829","targetHints":{"allow":["GET"]}}],"collection":[{"href":"https:\/\/dev6.erresse-shop.it\/fr\/wp-json\/wp\/v2\/product"}],"about":[{"href":"https:\/\/dev6.erresse-shop.it\/fr\/wp-json\/wp\/v2\/types\/product"}],"wp:featuredmedia":[{"embeddable":true,"href":"https:\/\/dev6.erresse-shop.it\/fr\/wp-json\/wp\/v2\/media\/6376747"}],"wp:attachment":[{"href":"https:\/\/dev6.erresse-shop.it\/fr\/wp-json\/wp\/v2\/media?parent=830829"}],"wp:term":[{"taxonomy":"product_cat","embeddable":true,"href":"https:\/\/dev6.erresse-shop.it\/fr\/wp-json\/wp\/v2\/product_cat?post=830829"},{"taxonomy":"product_tag","embeddable":true,"href":"https:\/\/dev6.erresse-shop.it\/fr\/wp-json\/wp\/v2\/product_tag?post=830829"}],"curies":[{"name":"wp","href":"https:\/\/api.w.org\/{rel}","templated":true}]}}