{"id":829902,"date":"2026-04-12T12:23:26","date_gmt":"2026-04-12T10:23:26","guid":{"rendered":"https:\/\/dev6.erresse-shop.it\/shop\/non%20class\u00e9\/cuisinart-3-in-1-gril-gaufre-et-omelette\/"},"modified":"2025-07-04T19:01:47","modified_gmt":"2025-07-04T17:01:47","slug":"cuisinart-3-in-1-gril-gaufre-et-omelette","status":"publish","type":"product","link":"https:\/\/dev6.erresse-shop.it\/fr\/shop\/cuisine\/cuisinart-3-in-1-gril-gaufre-et-omelette\/","title":{"rendered":"CUISINART 3 IN 1 Gril, gaufre et omelette"},"content":{"rendered":"<p>Le gril, gaufrier et omelette 3-en-1 de Cuisinart est un produit polyvalent \u00e0 avoir dans sa cuisine. Il est id\u00e9al pour pr\u00e9parer des repas et des collations rapides et faciles. Avec une temp\u00e9rature maximale de 210\u02daC, il grille la viande en quelques minutes. Les r\u00e9glages de temp\u00e9rature variables vous donnent un contr\u00f4le total pendant la pr\u00e9paration, pour des r\u00e9sultats optimaux m\u00eame avec le poisson et les l\u00e9gumes.<\/p>\n<p>Faisant partie de la collection Style, il est parfait dans n\u2019importe quelle cuisine. Il est \u00e9galement suffisamment compact et l\u00e9ger pour \u00eatre facilement rang\u00e9 dans un placard.<\/p>\n<p>L\u2019appareil \u00e0 griller, \u00e0 gaufrer et \u00e0 omelette 3 en 1 de Cuisinart est \u00e9quip\u00e9 de plaques \u00e0 griller, \u00e0 gaufrer et \u00e0 omelette interchangeables et lavables au lave-vaisselle, ce qui permet de l\u2019utiliser pour une grande vari\u00e9t\u00e9 de recettes.<\/p>\n<p>Les plaques de gril peuvent \u00eatre utilis\u00e9es pour griller rapidement la viande, le poisson et les l\u00e9gumes, mais aussi pour faire des sandwichs et bien plus encore. La charni\u00e8re flottante permet \u00e0 la plaque sup\u00e9rieure de reposer d\u00e9licatement sur les aliments, les cuisant des deux c\u00f4t\u00e9s, pour des r\u00e9sultats succulents en un rien de temps.<\/p>\n<p>Utilisez les plaques \u00e0 gaufres pour r\u00e9aliser des gaufres sucr\u00e9es ou sal\u00e9es avec une cro\u00fbte parfaite et un c\u0153ur moelleux. Accessoire id\u00e9al pour cr\u00e9er de savoureux petits-d\u00e9jeuners ou pour vos brunchs.<\/p>\n<p>Les plaques \u00e0 omelette peuvent \u00e9galement \u00eatre utilis\u00e9es pour cr\u00e9er des omelettes l\u00e9g\u00e8res et moelleuses en quelques minutes. Ils peuvent \u00e9galement \u00eatre utilis\u00e9s pour faire des tortillas, des mini quiches et bien plus encore.<\/p>\n<p>Il dispose \u00e9galement d\u2019un bac de r\u00e9cup\u00e9ration des graisses int\u00e9gr\u00e9, qui collecte discr\u00e8tement l\u2019exc\u00e8s de graisse lors de la cuisson au gril, pour une cuisson plus saine et plus l\u00e9g\u00e8re.<\/p>\n<p>Gr\u00e2ce \u00e0 sa taille compacte, vous pouvez le laisser sur le plan de travail de la cuisine \u00e0 tout moment ou le ranger dans le garde-manger pour ne le sortir qu\u2019en cas de besoin.<\/p>\n<p>CARACT\u00c9RISTIQUES TECHNIQUES :<\/p>\n<p>Dimensions compactes<br \/>\nPerformances constantes m\u00eame \u00e0 haute temp\u00e9rature Temp\u00e9rature maximale 210\u02daC<br \/>\nTemp\u00e9rature r\u00e9glable avec t\u00e9moin lumineux<br \/>\nComprend 1 jeu de plaques de gril, 1 jeu de plaques \u00e0 gaufres et 1 jeu de plaques \u00e0 omelettes.<br \/>\nPlaques interchangeables avec rev\u00eatement antiadh\u00e9sif, lavables au lave-vaisselle.<br \/>\nPlaque sup\u00e9rieure flottante avec plaques de gril ins\u00e9r\u00e9es<br \/>\nSyst\u00e8me de verrouillage avec plaques \u00e0 gaufres et \u00e0 omelettes ins\u00e9r\u00e9es pour des bords parfaitement \u00e9tanches<br \/>\nBac de r\u00e9cup\u00e9ration des graisses int\u00e9gr\u00e9<\/p>\n<p>Garantie de 5 ans<br \/>\nNe peut \u00eatre vendu en dehors de l\u2019Europe<\/p>\n","protected":false},"excerpt":{"rendered":"<p>Le gril, gaufrier et omelette 3-en-1 de Cuisinart est un produit polyvalent \u00e0 avoir dans sa cuisine. Il est id\u00e9al pour pr\u00e9parer des repas et des collations rapides et faciles. Avec une temp\u00e9rature maximale de 210\u02daC, il grille la viande en quelques minutes. Les r\u00e9glages de temp\u00e9rature variables vous donnent un contr\u00f4le total pendant la [&hellip;]<\/p>\n","protected":false},"featured_media":6372599,"template":"","meta":{"_acf_changed":false},"product_cat":[11992],"product_tag":[],"class_list":{"0":"post-829902","1":"product","2":"type-product","3":"status-publish","4":"has-post-thumbnail","6":"product_cat-cuisine","8":"first","9":"instock","10":"taxable","11":"shipping-taxable","12":"product-type-simple","swatches":"rey-swatches","show_selected":"","stretch_labels":"rey-swatches--stretch-labels"},"acf":[],"yoast_head":"<!-- This site is optimized with the Yoast SEO plugin v25.4 - https:\/\/yoast.com\/wordpress\/plugins\/seo\/ -->\n<title>CUISINART 3 IN 1 Gril, gaufre et omelette - dev6 Erresse<\/title>\n<meta name=\"description\" content=\"Le gril, gaufrier et omelette 3-en-1 de Cuisinart est un produit polyvalent \u00e0 avoir dans sa cuisine. Il est id\u00e9al pour pr\u00e9parer des repas et des\" \/>\n<meta name=\"robots\" content=\"noindex, follow, max-snippet:-1, max-image-preview:large, max-video-preview:-1\" \/>\n<meta property=\"og:locale\" content=\"fr_FR\" \/>\n<meta property=\"og:type\" content=\"article\" \/>\n<meta property=\"og:title\" content=\"CUISINART 3 IN 1 Gril, gaufre et omelette - dev6 Erresse\" \/>\n<meta property=\"og:description\" content=\"Le gril, gaufrier et omelette 3-en-1 de Cuisinart est un produit polyvalent \u00e0 avoir dans sa cuisine. Il est id\u00e9al pour pr\u00e9parer des repas et des\" \/>\n<meta property=\"og:url\" content=\"https:\/\/dev6.erresse-shop.it\/fr\/shop\/cuisine\/cuisinart-3-in-1-gril-gaufre-et-omelette\/\" \/>\n<meta property=\"og:site_name\" content=\"dev6 Erresse\" \/>\n<meta property=\"og:image\" content=\"https:\/\/interpim.erresse-shop.it\/Import\/Prodotti\/cuisinart-grill-3-in-1.jpg\" \/><meta property=\"og:image\" content=\"https:\/\/interpim.erresse-shop.it\/Import\/Prodotti\/cuisinart-grill-3-in-1.jpg\" \/>\n\t<meta property=\"og:image:width\" content=\"1024\" \/>\n\t<meta property=\"og:image:height\" content=\"1024\" \/>\n\t<meta property=\"og:image:type\" content=\"image\/jpeg\" \/>\n<meta name=\"twitter:card\" content=\"summary_large_image\" \/>\n<meta name=\"twitter:image\" content=\"https:\/\/interpim.erresse-shop.it\/Import\/Prodotti\/cuisinart-grill-3-in-1.jpg\" \/>\n<script type=\"application\/ld+json\" class=\"yoast-schema-graph\">{\"@context\":\"https:\/\/schema.org\",\"@graph\":[{\"@type\":\"WebPage\",\"@id\":\"https:\/\/dev6.erresse-shop.it\/fr\/shop\/cuisine\/cuisinart-3-in-1-gril-gaufre-et-omelette\/\",\"url\":\"https:\/\/dev6.erresse-shop.it\/fr\/shop\/cuisine\/cuisinart-3-in-1-gril-gaufre-et-omelette\/\",\"name\":\"CUISINART 3 IN 1 Gril, gaufre et omelette - dev6 Erresse\",\"isPartOf\":{\"@id\":\"https:\/\/dev6.erresse-shop.it\/#website\"},\"primaryImageOfPage\":{\"@id\":\"https:\/\/dev6.erresse-shop.it\/fr\/shop\/cuisine\/cuisinart-3-in-1-gril-gaufre-et-omelette\/#primaryimage\"},\"image\":{\"@id\":\"https:\/\/dev6.erresse-shop.it\/fr\/shop\/cuisine\/cuisinart-3-in-1-gril-gaufre-et-omelette\/#primaryimage\"},\"thumbnailUrl\":\"https:\/\/i3.wp.com\/interpim.erresse-shop.it\/Import\/Prodotti\/cuisinart-grill-3-in-1.jpg?ssl=1\",\"datePublished\":\"2026-04-12T10:23:26+00:00\",\"description\":\"Le gril, gaufrier et omelette 3-en-1 de Cuisinart est un produit polyvalent \u00e0 avoir dans sa cuisine. Il est id\u00e9al pour pr\u00e9parer des repas et des\",\"breadcrumb\":{\"@id\":\"https:\/\/dev6.erresse-shop.it\/fr\/shop\/cuisine\/cuisinart-3-in-1-gril-gaufre-et-omelette\/#breadcrumb\"},\"inLanguage\":\"fr-FR\",\"potentialAction\":[{\"@type\":\"ReadAction\",\"target\":[\"https:\/\/dev6.erresse-shop.it\/fr\/shop\/cuisine\/cuisinart-3-in-1-gril-gaufre-et-omelette\/\"]}]},{\"@type\":\"ImageObject\",\"inLanguage\":\"fr-FR\",\"@id\":\"https:\/\/dev6.erresse-shop.it\/fr\/shop\/cuisine\/cuisinart-3-in-1-gril-gaufre-et-omelette\/#primaryimage\",\"url\":\"https:\/\/i3.wp.com\/interpim.erresse-shop.it\/Import\/Prodotti\/cuisinart-grill-3-in-1.jpg?ssl=1\",\"contentUrl\":\"https:\/\/i3.wp.com\/interpim.erresse-shop.it\/Import\/Prodotti\/cuisinart-grill-3-in-1.jpg?ssl=1\"},{\"@type\":\"BreadcrumbList\",\"@id\":\"https:\/\/dev6.erresse-shop.it\/fr\/shop\/cuisine\/cuisinart-3-in-1-gril-gaufre-et-omelette\/#breadcrumb\",\"itemListElement\":[{\"@type\":\"ListItem\",\"position\":1,\"name\":\"Home\",\"item\":\"https:\/\/dev6.erresse-shop.it\/\"},{\"@type\":\"ListItem\",\"position\":2,\"name\":\"Boutique\",\"item\":\"https:\/\/dev6.erresse-shop.it\/shop\/\"},{\"@type\":\"ListItem\",\"position\":3,\"name\":\"CUISINART 3 IN 1 Gril, gaufre et omelette\"}]},{\"@type\":\"WebSite\",\"@id\":\"https:\/\/dev6.erresse-shop.it\/#website\",\"url\":\"https:\/\/dev6.erresse-shop.it\/\",\"name\":\"Erresse Shop\",\"description\":\"\",\"publisher\":{\"@id\":\"https:\/\/dev6.erresse-shop.it\/#organization\"},\"potentialAction\":[{\"@type\":\"SearchAction\",\"target\":{\"@type\":\"EntryPoint\",\"urlTemplate\":\"https:\/\/dev6.erresse-shop.it\/?s={search_term_string}\"},\"query-input\":{\"@type\":\"PropertyValueSpecification\",\"valueRequired\":true,\"valueName\":\"search_term_string\"}}],\"inLanguage\":\"fr-FR\"},{\"@type\":\"Organization\",\"@id\":\"https:\/\/dev6.erresse-shop.it\/#organization\",\"name\":\"Erresse Shop\",\"url\":\"https:\/\/dev6.erresse-shop.it\/\",\"logo\":{\"@type\":\"ImageObject\",\"inLanguage\":\"fr-FR\",\"@id\":\"https:\/\/dev6.erresse-shop.it\/#\/schema\/logo\/image\/\",\"url\":\"https:\/\/dev6.erresse-shop.it\/wp-content\/uploads\/2025\/01\/LOGO-ERRESSE-CLASSICO.svg\",\"contentUrl\":\"https:\/\/dev6.erresse-shop.it\/wp-content\/uploads\/2025\/01\/LOGO-ERRESSE-CLASSICO.svg\",\"caption\":\"Erresse Shop\"},\"image\":{\"@id\":\"https:\/\/dev6.erresse-shop.it\/#\/schema\/logo\/image\/\"}}]}<\/script>\n<!-- \/ Yoast SEO plugin. -->","yoast_head_json":{"title":"CUISINART 3 IN 1 Gril, gaufre et omelette - dev6 Erresse","description":"Le gril, gaufrier et omelette 3-en-1 de Cuisinart est un produit polyvalent \u00e0 avoir dans sa cuisine. Il est id\u00e9al pour pr\u00e9parer des repas et des","robots":{"index":"noindex","follow":"follow","max-snippet":"max-snippet:-1","max-image-preview":"max-image-preview:large","max-video-preview":"max-video-preview:-1"},"og_locale":"fr_FR","og_type":"article","og_title":"CUISINART 3 IN 1 Gril, gaufre et omelette - dev6 Erresse","og_description":"Le gril, gaufrier et omelette 3-en-1 de Cuisinart est un produit polyvalent \u00e0 avoir dans sa cuisine. Il est id\u00e9al pour pr\u00e9parer des repas et des","og_url":"https:\/\/dev6.erresse-shop.it\/fr\/shop\/cuisine\/cuisinart-3-in-1-gril-gaufre-et-omelette\/","og_site_name":"dev6 Erresse","og_image":[{"url":"https:\/\/interpim.erresse-shop.it\/Import\/Prodotti\/cuisinart-grill-3-in-1.jpg","type":"","width":"","height":""},{"url":"https:\/\/interpim.erresse-shop.it\/Import\/Prodotti\/cuisinart-grill-3-in-1.jpg","width":1024,"height":1024,"type":"image\/jpeg"}],"twitter_card":"summary_large_image","twitter_image":"https:\/\/interpim.erresse-shop.it\/Import\/Prodotti\/cuisinart-grill-3-in-1.jpg","schema":{"@context":"https:\/\/schema.org","@graph":[{"@type":"WebPage","@id":"https:\/\/dev6.erresse-shop.it\/fr\/shop\/cuisine\/cuisinart-3-in-1-gril-gaufre-et-omelette\/","url":"https:\/\/dev6.erresse-shop.it\/fr\/shop\/cuisine\/cuisinart-3-in-1-gril-gaufre-et-omelette\/","name":"CUISINART 3 IN 1 Gril, gaufre et omelette - dev6 Erresse","isPartOf":{"@id":"https:\/\/dev6.erresse-shop.it\/#website"},"primaryImageOfPage":{"@id":"https:\/\/dev6.erresse-shop.it\/fr\/shop\/cuisine\/cuisinart-3-in-1-gril-gaufre-et-omelette\/#primaryimage"},"image":{"@id":"https:\/\/dev6.erresse-shop.it\/fr\/shop\/cuisine\/cuisinart-3-in-1-gril-gaufre-et-omelette\/#primaryimage"},"thumbnailUrl":"https:\/\/i3.wp.com\/interpim.erresse-shop.it\/Import\/Prodotti\/cuisinart-grill-3-in-1.jpg?ssl=1","datePublished":"2026-04-12T10:23:26+00:00","description":"Le gril, gaufrier et omelette 3-en-1 de Cuisinart est un produit polyvalent \u00e0 avoir dans sa cuisine. Il est id\u00e9al pour pr\u00e9parer des repas et des","breadcrumb":{"@id":"https:\/\/dev6.erresse-shop.it\/fr\/shop\/cuisine\/cuisinart-3-in-1-gril-gaufre-et-omelette\/#breadcrumb"},"inLanguage":"fr-FR","potentialAction":[{"@type":"ReadAction","target":["https:\/\/dev6.erresse-shop.it\/fr\/shop\/cuisine\/cuisinart-3-in-1-gril-gaufre-et-omelette\/"]}]},{"@type":"ImageObject","inLanguage":"fr-FR","@id":"https:\/\/dev6.erresse-shop.it\/fr\/shop\/cuisine\/cuisinart-3-in-1-gril-gaufre-et-omelette\/#primaryimage","url":"https:\/\/i3.wp.com\/interpim.erresse-shop.it\/Import\/Prodotti\/cuisinart-grill-3-in-1.jpg?ssl=1","contentUrl":"https:\/\/i3.wp.com\/interpim.erresse-shop.it\/Import\/Prodotti\/cuisinart-grill-3-in-1.jpg?ssl=1"},{"@type":"BreadcrumbList","@id":"https:\/\/dev6.erresse-shop.it\/fr\/shop\/cuisine\/cuisinart-3-in-1-gril-gaufre-et-omelette\/#breadcrumb","itemListElement":[{"@type":"ListItem","position":1,"name":"Home","item":"https:\/\/dev6.erresse-shop.it\/"},{"@type":"ListItem","position":2,"name":"Boutique","item":"https:\/\/dev6.erresse-shop.it\/shop\/"},{"@type":"ListItem","position":3,"name":"CUISINART 3 IN 1 Gril, gaufre et omelette"}]},{"@type":"WebSite","@id":"https:\/\/dev6.erresse-shop.it\/#website","url":"https:\/\/dev6.erresse-shop.it\/","name":"Erresse Shop","description":"","publisher":{"@id":"https:\/\/dev6.erresse-shop.it\/#organization"},"potentialAction":[{"@type":"SearchAction","target":{"@type":"EntryPoint","urlTemplate":"https:\/\/dev6.erresse-shop.it\/?s={search_term_string}"},"query-input":{"@type":"PropertyValueSpecification","valueRequired":true,"valueName":"search_term_string"}}],"inLanguage":"fr-FR"},{"@type":"Organization","@id":"https:\/\/dev6.erresse-shop.it\/#organization","name":"Erresse Shop","url":"https:\/\/dev6.erresse-shop.it\/","logo":{"@type":"ImageObject","inLanguage":"fr-FR","@id":"https:\/\/dev6.erresse-shop.it\/#\/schema\/logo\/image\/","url":"https:\/\/dev6.erresse-shop.it\/wp-content\/uploads\/2025\/01\/LOGO-ERRESSE-CLASSICO.svg","contentUrl":"https:\/\/dev6.erresse-shop.it\/wp-content\/uploads\/2025\/01\/LOGO-ERRESSE-CLASSICO.svg","caption":"Erresse Shop"},"image":{"@id":"https:\/\/dev6.erresse-shop.it\/#\/schema\/logo\/image\/"}}]}},"df_price":"","df_sale_price":"","df_regular_price":"","df_image_link":"https:\/\/i3.wp.com\/interpim.erresse-shop.it\/Import\/Prodotti\/cuisinart-grill-3-in-1.jpg?resize=300,300&ssl=1","fifu_image_url":"https:\/\/interpim.erresse-shop.it\/Import\/Prodotti\/cuisinart-grill-3-in-1.jpg","_links":{"self":[{"href":"https:\/\/dev6.erresse-shop.it\/fr\/wp-json\/wp\/v2\/product\/829902","targetHints":{"allow":["GET"]}}],"collection":[{"href":"https:\/\/dev6.erresse-shop.it\/fr\/wp-json\/wp\/v2\/product"}],"about":[{"href":"https:\/\/dev6.erresse-shop.it\/fr\/wp-json\/wp\/v2\/types\/product"}],"wp:featuredmedia":[{"embeddable":true,"href":"https:\/\/dev6.erresse-shop.it\/fr\/wp-json\/wp\/v2\/media\/6372599"}],"wp:attachment":[{"href":"https:\/\/dev6.erresse-shop.it\/fr\/wp-json\/wp\/v2\/media?parent=829902"}],"wp:term":[{"taxonomy":"product_cat","embeddable":true,"href":"https:\/\/dev6.erresse-shop.it\/fr\/wp-json\/wp\/v2\/product_cat?post=829902"},{"taxonomy":"product_tag","embeddable":true,"href":"https:\/\/dev6.erresse-shop.it\/fr\/wp-json\/wp\/v2\/product_tag?post=829902"}],"curies":[{"name":"wp","href":"https:\/\/api.w.org\/{rel}","templated":true}]}}