{"id":829814,"date":"2026-04-12T12:23:26","date_gmt":"2026-04-12T10:23:26","guid":{"rendered":"https:\/\/dev6.erresse-shop.it\/shop\/non%20class\u00e9\/cuisinart-gril-a-deux-plaques\/"},"modified":"2025-07-04T19:01:42","modified_gmt":"2025-07-04T17:01:42","slug":"cuisinart-gril-a-deux-plaques","status":"publish","type":"product","link":"https:\/\/dev6.erresse-shop.it\/fr\/shop\/cuisine\/cuisinart-gril-a-deux-plaques\/","title":{"rendered":"CUISINART Gril \u00e0 deux plaques"},"content":{"rendered":"<p>Ce gril est un produit vraiment polyvalent \u00e0 avoir dans votre cuisine. Les plaques interchangeables, r\u00e9sistantes au lave-vaisselle, nervur\u00e9es et lisses, peuvent \u00eatre utilis\u00e9es pour une grande vari\u00e9t\u00e9 de recettes, des cr\u00eapes savoureuses aux d\u00e9licieux sandwichs ou aux steaks parfaits.<\/p>\n<p>Faisant partie de la collection Style, il est parfait dans n\u2019importe quelle cuisine.<\/p>\n<p>Ce gril est livr\u00e9 avec deux jeux de plaques amovibles allant au lave-vaisselle. Utilisez les plaques nervur\u00e9es pour obtenir des marques de gril parfaites sur les viandes et les sandwichs ou les plaques lisses pour les \u0153ufs et les cr\u00eapes. Vous pouvez \u00e9galement avoir un gril par type.<\/p>\n<p>Avec une temp\u00e9rature de 240 \u00b0C, il cuit les steaks en quelques minutes. Les diff\u00e9rents r\u00e9glages de chaleur vous permettent de contr\u00f4ler totalement la cuisson, m\u00eame celle des poissons et des l\u00e9gumes d\u00e9licats. Le chauffage rapide et la r\u00e9cup\u00e9ration de la chaleur vous permettent d\u2019obtenir des r\u00e9sultats de cuisson professionnels, quelle que soit votre recette. Le rev\u00eatement antiadh\u00e9sif de haute qualit\u00e9 ne n\u00e9cessite qu\u2019un peu d\u2019huile et le plateau int\u00e9gr\u00e9 permet de recueillir l\u2019exc\u00e8s de graisse.<\/p>\n<p>Lorsqu\u2019il est utilis\u00e9 comme un gril ferm\u00e9, la charni\u00e8re mobile repose doucement sur les aliments, cuisant la viande rapidement et uniform\u00e9ment des deux c\u00f4t\u00e9s. En l\u2019ouvrant compl\u00e8tement, vous pouvez l\u2019utiliser pour des ingr\u00e9dients plus d\u00e9licats ou pour une plus grande surface de cuisson. Vous pouvez r\u00e9gler le minuteur pour \u00eatre averti lorsque les aliments sont pr\u00eats.<\/p>\n<p>ACCESSOIRES :<\/p>\n<p>2 jeux de plaques nervur\u00e9es et lisses<br \/>\nSpatule \/ outil de nettoyage<br \/>\nBac de r\u00e9cup\u00e9ration d\u2019huile amovible<\/p>\n<p>CARACT\u00c9RISTIQUES TECHNIQUES :<\/p>\n<p>2 jeux de plaques interchangeables, compatibles avec le lave-vaisselle.<br \/>\nRev\u00eatement antiadh\u00e9sif de haute qualit\u00e9 pour un nettoyage facile.<br \/>\nMinuterie r\u00e9glable de 0 \u00e0 30 minutes.<br \/>\nContr\u00f4le de la temp\u00e9rature variable jusqu\u2019\u00e0 240 \u00b0C.<br \/>\nPeut \u00eatre utilis\u00e9 comme un gril ferm\u00e9 pour une cuisson plus rapide ou ouvert pour les grandes quantit\u00e9s et les ingr\u00e9dients d\u00e9licats.<br \/>\nCharni\u00e8re mobile jusqu\u2019\u00e0 8 cm d\u2019\u00e9paisseur<br \/>\nLe plateau int\u00e9gr\u00e9 recueille l\u2019exc\u00e8s de graisse pour une cuisson plus saine.<br \/>\nDimensions (position ferm\u00e9e) : H 20 x L 37 x P 33 cm.<\/p>\n<p>Garantie de 5 ans<br \/>\nNe peut \u00eatre vendu en dehors de l\u2019Europe<\/p>\n","protected":false},"excerpt":{"rendered":"<p>Ce gril est un produit vraiment polyvalent \u00e0 avoir dans votre cuisine. Les plaques interchangeables, r\u00e9sistantes au lave-vaisselle, nervur\u00e9es et lisses, peuvent \u00eatre utilis\u00e9es pour une grande vari\u00e9t\u00e9 de recettes, des cr\u00eapes savoureuses aux d\u00e9licieux sandwichs ou aux steaks parfaits. Faisant partie de la collection Style, il est parfait dans n\u2019importe quelle cuisine. Ce gril [&hellip;]<\/p>\n","protected":false},"featured_media":6372577,"template":"","meta":{"_acf_changed":false},"product_cat":[11992],"product_tag":[],"class_list":{"0":"post-829814","1":"product","2":"type-product","3":"status-publish","4":"has-post-thumbnail","6":"product_cat-cuisine","8":"first","9":"instock","10":"taxable","11":"shipping-taxable","12":"product-type-simple","swatches":"rey-swatches","show_selected":"","stretch_labels":"rey-swatches--stretch-labels"},"acf":[],"yoast_head":"<!-- This site is optimized with the Yoast SEO plugin v25.4 - https:\/\/yoast.com\/wordpress\/plugins\/seo\/ -->\n<title>CUISINART Gril \u00e0 deux plaques - dev6 Erresse<\/title>\n<meta name=\"description\" content=\"Ce gril est un produit vraiment polyvalent \u00e0 avoir dans votre cuisine. Les plaques interchangeables, r\u00e9sistantes au lave-vaisselle, nervur\u00e9es et lisses,\" \/>\n<meta name=\"robots\" content=\"noindex, follow, max-snippet:-1, max-image-preview:large, max-video-preview:-1\" \/>\n<meta property=\"og:locale\" content=\"fr_FR\" \/>\n<meta property=\"og:type\" content=\"article\" \/>\n<meta property=\"og:title\" content=\"CUISINART Gril \u00e0 deux plaques - dev6 Erresse\" \/>\n<meta property=\"og:description\" content=\"Ce gril est un produit vraiment polyvalent \u00e0 avoir dans votre cuisine. Les plaques interchangeables, r\u00e9sistantes au lave-vaisselle, nervur\u00e9es et lisses,\" \/>\n<meta property=\"og:url\" content=\"https:\/\/dev6.erresse-shop.it\/fr\/shop\/cuisine\/cuisinart-gril-a-deux-plaques\/\" \/>\n<meta property=\"og:site_name\" content=\"dev6 Erresse\" \/>\n<meta property=\"og:image\" content=\"https:\/\/interpim.erresse-shop.it\/wp-content\/uploads\/2022\/10\/CUISINART-Grill-Due-Piastre.jpg\/cuisinart-grill-due-piastre.jpg\" \/><meta property=\"og:image\" content=\"https:\/\/interpim.erresse-shop.it\/wp-content\/uploads\/2022\/10\/CUISINART-Grill-Due-Piastre.jpg\/cuisinart-grill-due-piastre.jpg\" \/>\n\t<meta property=\"og:image:width\" content=\"1024\" \/>\n\t<meta property=\"og:image:height\" content=\"1024\" \/>\n\t<meta property=\"og:image:type\" content=\"image\/jpeg\" \/>\n<meta name=\"twitter:card\" content=\"summary_large_image\" \/>\n<meta name=\"twitter:image\" content=\"https:\/\/interpim.erresse-shop.it\/wp-content\/uploads\/2022\/10\/CUISINART-Grill-Due-Piastre.jpg\/cuisinart-grill-due-piastre.jpg\" \/>\n<script type=\"application\/ld+json\" class=\"yoast-schema-graph\">{\"@context\":\"https:\/\/schema.org\",\"@graph\":[{\"@type\":\"WebPage\",\"@id\":\"https:\/\/dev6.erresse-shop.it\/fr\/shop\/cuisine\/cuisinart-gril-a-deux-plaques\/\",\"url\":\"https:\/\/dev6.erresse-shop.it\/fr\/shop\/cuisine\/cuisinart-gril-a-deux-plaques\/\",\"name\":\"CUISINART Gril \u00e0 deux plaques - dev6 Erresse\",\"isPartOf\":{\"@id\":\"https:\/\/dev6.erresse-shop.it\/#website\"},\"primaryImageOfPage\":{\"@id\":\"https:\/\/dev6.erresse-shop.it\/fr\/shop\/cuisine\/cuisinart-gril-a-deux-plaques\/#primaryimage\"},\"image\":{\"@id\":\"https:\/\/dev6.erresse-shop.it\/fr\/shop\/cuisine\/cuisinart-gril-a-deux-plaques\/#primaryimage\"},\"thumbnailUrl\":\"https:\/\/i2.wp.com\/interpim.erresse-shop.it\/wp-content\/uploads\/2022\/10\/CUISINART-Grill-Due-Piastre.jpg\/cuisinart-grill-due-piastre.jpg?ssl=1\",\"datePublished\":\"2026-04-12T10:23:26+00:00\",\"description\":\"Ce gril est un produit vraiment polyvalent \u00e0 avoir dans votre cuisine. Les plaques interchangeables, r\u00e9sistantes au lave-vaisselle, nervur\u00e9es et lisses,\",\"breadcrumb\":{\"@id\":\"https:\/\/dev6.erresse-shop.it\/fr\/shop\/cuisine\/cuisinart-gril-a-deux-plaques\/#breadcrumb\"},\"inLanguage\":\"fr-FR\",\"potentialAction\":[{\"@type\":\"ReadAction\",\"target\":[\"https:\/\/dev6.erresse-shop.it\/fr\/shop\/cuisine\/cuisinart-gril-a-deux-plaques\/\"]}]},{\"@type\":\"ImageObject\",\"inLanguage\":\"fr-FR\",\"@id\":\"https:\/\/dev6.erresse-shop.it\/fr\/shop\/cuisine\/cuisinart-gril-a-deux-plaques\/#primaryimage\",\"url\":\"https:\/\/i2.wp.com\/interpim.erresse-shop.it\/wp-content\/uploads\/2022\/10\/CUISINART-Grill-Due-Piastre.jpg\/cuisinart-grill-due-piastre.jpg?ssl=1\",\"contentUrl\":\"https:\/\/i2.wp.com\/interpim.erresse-shop.it\/wp-content\/uploads\/2022\/10\/CUISINART-Grill-Due-Piastre.jpg\/cuisinart-grill-due-piastre.jpg?ssl=1\"},{\"@type\":\"BreadcrumbList\",\"@id\":\"https:\/\/dev6.erresse-shop.it\/fr\/shop\/cuisine\/cuisinart-gril-a-deux-plaques\/#breadcrumb\",\"itemListElement\":[{\"@type\":\"ListItem\",\"position\":1,\"name\":\"Home\",\"item\":\"https:\/\/dev6.erresse-shop.it\/\"},{\"@type\":\"ListItem\",\"position\":2,\"name\":\"Boutique\",\"item\":\"https:\/\/dev6.erresse-shop.it\/shop\/\"},{\"@type\":\"ListItem\",\"position\":3,\"name\":\"CUISINART Gril \u00e0 deux plaques\"}]},{\"@type\":\"WebSite\",\"@id\":\"https:\/\/dev6.erresse-shop.it\/#website\",\"url\":\"https:\/\/dev6.erresse-shop.it\/\",\"name\":\"Erresse Shop\",\"description\":\"\",\"publisher\":{\"@id\":\"https:\/\/dev6.erresse-shop.it\/#organization\"},\"potentialAction\":[{\"@type\":\"SearchAction\",\"target\":{\"@type\":\"EntryPoint\",\"urlTemplate\":\"https:\/\/dev6.erresse-shop.it\/?s={search_term_string}\"},\"query-input\":{\"@type\":\"PropertyValueSpecification\",\"valueRequired\":true,\"valueName\":\"search_term_string\"}}],\"inLanguage\":\"fr-FR\"},{\"@type\":\"Organization\",\"@id\":\"https:\/\/dev6.erresse-shop.it\/#organization\",\"name\":\"Erresse Shop\",\"url\":\"https:\/\/dev6.erresse-shop.it\/\",\"logo\":{\"@type\":\"ImageObject\",\"inLanguage\":\"fr-FR\",\"@id\":\"https:\/\/dev6.erresse-shop.it\/#\/schema\/logo\/image\/\",\"url\":\"https:\/\/dev6.erresse-shop.it\/wp-content\/uploads\/2025\/01\/LOGO-ERRESSE-CLASSICO.svg\",\"contentUrl\":\"https:\/\/dev6.erresse-shop.it\/wp-content\/uploads\/2025\/01\/LOGO-ERRESSE-CLASSICO.svg\",\"caption\":\"Erresse Shop\"},\"image\":{\"@id\":\"https:\/\/dev6.erresse-shop.it\/#\/schema\/logo\/image\/\"}}]}<\/script>\n<!-- \/ Yoast SEO plugin. -->","yoast_head_json":{"title":"CUISINART Gril \u00e0 deux plaques - dev6 Erresse","description":"Ce gril est un produit vraiment polyvalent \u00e0 avoir dans votre cuisine. Les plaques interchangeables, r\u00e9sistantes au lave-vaisselle, nervur\u00e9es et lisses,","robots":{"index":"noindex","follow":"follow","max-snippet":"max-snippet:-1","max-image-preview":"max-image-preview:large","max-video-preview":"max-video-preview:-1"},"og_locale":"fr_FR","og_type":"article","og_title":"CUISINART Gril \u00e0 deux plaques - dev6 Erresse","og_description":"Ce gril est un produit vraiment polyvalent \u00e0 avoir dans votre cuisine. Les plaques interchangeables, r\u00e9sistantes au lave-vaisselle, nervur\u00e9es et lisses,","og_url":"https:\/\/dev6.erresse-shop.it\/fr\/shop\/cuisine\/cuisinart-gril-a-deux-plaques\/","og_site_name":"dev6 Erresse","og_image":[{"url":"https:\/\/interpim.erresse-shop.it\/wp-content\/uploads\/2022\/10\/CUISINART-Grill-Due-Piastre.jpg\/cuisinart-grill-due-piastre.jpg","type":"","width":"","height":""},{"url":"https:\/\/interpim.erresse-shop.it\/wp-content\/uploads\/2022\/10\/CUISINART-Grill-Due-Piastre.jpg\/cuisinart-grill-due-piastre.jpg","width":1024,"height":1024,"type":"image\/jpeg"}],"twitter_card":"summary_large_image","twitter_image":"https:\/\/interpim.erresse-shop.it\/wp-content\/uploads\/2022\/10\/CUISINART-Grill-Due-Piastre.jpg\/cuisinart-grill-due-piastre.jpg","schema":{"@context":"https:\/\/schema.org","@graph":[{"@type":"WebPage","@id":"https:\/\/dev6.erresse-shop.it\/fr\/shop\/cuisine\/cuisinart-gril-a-deux-plaques\/","url":"https:\/\/dev6.erresse-shop.it\/fr\/shop\/cuisine\/cuisinart-gril-a-deux-plaques\/","name":"CUISINART Gril \u00e0 deux plaques - dev6 Erresse","isPartOf":{"@id":"https:\/\/dev6.erresse-shop.it\/#website"},"primaryImageOfPage":{"@id":"https:\/\/dev6.erresse-shop.it\/fr\/shop\/cuisine\/cuisinart-gril-a-deux-plaques\/#primaryimage"},"image":{"@id":"https:\/\/dev6.erresse-shop.it\/fr\/shop\/cuisine\/cuisinart-gril-a-deux-plaques\/#primaryimage"},"thumbnailUrl":"https:\/\/i2.wp.com\/interpim.erresse-shop.it\/wp-content\/uploads\/2022\/10\/CUISINART-Grill-Due-Piastre.jpg\/cuisinart-grill-due-piastre.jpg?ssl=1","datePublished":"2026-04-12T10:23:26+00:00","description":"Ce gril est un produit vraiment polyvalent \u00e0 avoir dans votre cuisine. Les plaques interchangeables, r\u00e9sistantes au lave-vaisselle, nervur\u00e9es et lisses,","breadcrumb":{"@id":"https:\/\/dev6.erresse-shop.it\/fr\/shop\/cuisine\/cuisinart-gril-a-deux-plaques\/#breadcrumb"},"inLanguage":"fr-FR","potentialAction":[{"@type":"ReadAction","target":["https:\/\/dev6.erresse-shop.it\/fr\/shop\/cuisine\/cuisinart-gril-a-deux-plaques\/"]}]},{"@type":"ImageObject","inLanguage":"fr-FR","@id":"https:\/\/dev6.erresse-shop.it\/fr\/shop\/cuisine\/cuisinart-gril-a-deux-plaques\/#primaryimage","url":"https:\/\/i2.wp.com\/interpim.erresse-shop.it\/wp-content\/uploads\/2022\/10\/CUISINART-Grill-Due-Piastre.jpg\/cuisinart-grill-due-piastre.jpg?ssl=1","contentUrl":"https:\/\/i2.wp.com\/interpim.erresse-shop.it\/wp-content\/uploads\/2022\/10\/CUISINART-Grill-Due-Piastre.jpg\/cuisinart-grill-due-piastre.jpg?ssl=1"},{"@type":"BreadcrumbList","@id":"https:\/\/dev6.erresse-shop.it\/fr\/shop\/cuisine\/cuisinart-gril-a-deux-plaques\/#breadcrumb","itemListElement":[{"@type":"ListItem","position":1,"name":"Home","item":"https:\/\/dev6.erresse-shop.it\/"},{"@type":"ListItem","position":2,"name":"Boutique","item":"https:\/\/dev6.erresse-shop.it\/shop\/"},{"@type":"ListItem","position":3,"name":"CUISINART Gril \u00e0 deux plaques"}]},{"@type":"WebSite","@id":"https:\/\/dev6.erresse-shop.it\/#website","url":"https:\/\/dev6.erresse-shop.it\/","name":"Erresse Shop","description":"","publisher":{"@id":"https:\/\/dev6.erresse-shop.it\/#organization"},"potentialAction":[{"@type":"SearchAction","target":{"@type":"EntryPoint","urlTemplate":"https:\/\/dev6.erresse-shop.it\/?s={search_term_string}"},"query-input":{"@type":"PropertyValueSpecification","valueRequired":true,"valueName":"search_term_string"}}],"inLanguage":"fr-FR"},{"@type":"Organization","@id":"https:\/\/dev6.erresse-shop.it\/#organization","name":"Erresse Shop","url":"https:\/\/dev6.erresse-shop.it\/","logo":{"@type":"ImageObject","inLanguage":"fr-FR","@id":"https:\/\/dev6.erresse-shop.it\/#\/schema\/logo\/image\/","url":"https:\/\/dev6.erresse-shop.it\/wp-content\/uploads\/2025\/01\/LOGO-ERRESSE-CLASSICO.svg","contentUrl":"https:\/\/dev6.erresse-shop.it\/wp-content\/uploads\/2025\/01\/LOGO-ERRESSE-CLASSICO.svg","caption":"Erresse Shop"},"image":{"@id":"https:\/\/dev6.erresse-shop.it\/#\/schema\/logo\/image\/"}}]}},"df_price":"","df_sale_price":"","df_regular_price":"","df_image_link":"https:\/\/i2.wp.com\/interpim.erresse-shop.it\/wp-content\/uploads\/2022\/10\/CUISINART-Grill-Due-Piastre.jpg\/cuisinart-grill-due-piastre.jpg?resize=300,300&ssl=1","fifu_image_url":"https:\/\/interpim.erresse-shop.it\/wp-content\/uploads\/2022\/10\/CUISINART-Grill-Due-Piastre.jpg\/cuisinart-grill-due-piastre.jpg","_links":{"self":[{"href":"https:\/\/dev6.erresse-shop.it\/fr\/wp-json\/wp\/v2\/product\/829814","targetHints":{"allow":["GET"]}}],"collection":[{"href":"https:\/\/dev6.erresse-shop.it\/fr\/wp-json\/wp\/v2\/product"}],"about":[{"href":"https:\/\/dev6.erresse-shop.it\/fr\/wp-json\/wp\/v2\/types\/product"}],"wp:featuredmedia":[{"embeddable":true,"href":"https:\/\/dev6.erresse-shop.it\/fr\/wp-json\/wp\/v2\/media\/6372577"}],"wp:attachment":[{"href":"https:\/\/dev6.erresse-shop.it\/fr\/wp-json\/wp\/v2\/media?parent=829814"}],"wp:term":[{"taxonomy":"product_cat","embeddable":true,"href":"https:\/\/dev6.erresse-shop.it\/fr\/wp-json\/wp\/v2\/product_cat?post=829814"},{"taxonomy":"product_tag","embeddable":true,"href":"https:\/\/dev6.erresse-shop.it\/fr\/wp-json\/wp\/v2\/product_tag?post=829814"}],"curies":[{"name":"wp","href":"https:\/\/api.w.org\/{rel}","templated":true}]}}