{"id":829788,"date":"2026-04-12T12:23:26","date_gmt":"2026-04-12T10:23:26","guid":{"rendered":"https:\/\/dev6.erresse-shop.it\/shop\/non%20class\u00e9\/cuisinart-gril-a-double-plaque\/"},"modified":"2025-07-04T19:01:17","modified_gmt":"2025-07-04T17:01:17","slug":"cuisinart-gril-a-double-plaque","status":"publish","type":"product","link":"https:\/\/dev6.erresse-shop.it\/fr\/shop\/cuisine\/cuisinart-gril-a-double-plaque\/","title":{"rendered":"CUISINART Gril \u00e0 double plaque"},"content":{"rendered":"<p>Ce gril Cuisinart est une v\u00e9ritable plaque de cuisson multifonctionnelle. Les plaques de gril sont lavables au lave-vaisselle et peuvent \u00eatre utilis\u00e9es pour une vari\u00e9t\u00e9 de recettes : l\u00e9gumes grill\u00e9s, sandwichs, steaks et bien plus encore.<\/p>\n<p>Sa finition gris m\u00e9tallis\u00e9 avec des accents en acier inoxydable est assez compacte et se range facilement.<\/p>\n<p>Ce gril est \u00e9quip\u00e9 de plaques nervur\u00e9es amovibles, r\u00e9sistantes au lave-vaisselle.<\/p>\n<p>La temp\u00e9rature maximale de 240 \u00b0C permet de cuire un steak en quelques minutes seulement, et les diff\u00e9rentes options de temp\u00e9rature permettent une cuisson ad\u00e9quate m\u00eame pour les aliments d\u00e9licats comme le poisson et les l\u00e9gumes. Son chauffage rapide et sa stabilit\u00e9 de temp\u00e9rature permettent d\u2019obtenir un r\u00e9sultat de cuisson professionnel, quelle que soit la recette choisie. Le rev\u00eatement antiadh\u00e9sif de haute qualit\u00e9 est parfait pour une cuisine saine avec tr\u00e8s peu de mati\u00e8res grasses. Il dispose \u00e9galement d\u2019un plateau pour r\u00e9cup\u00e9rer l\u2019exc\u00e9dent d\u2019huile.<\/p>\n<p>Une fois ferm\u00e9, les charni\u00e8res flottantes permettent au couvercle d\u2019appuyer doucement sur les aliments, sans les \u00e9craser. Ouvert, il peut \u00eatre utilis\u00e9 pour des aliments plus fragiles, augmentant ainsi la surface de cuisson disponible. La minuterie contr\u00f4le le temps de cuisson.<\/p>\n<p>ACCESSOIRES :<\/p>\n<p>Jeu d\u2019assiettes nervur\u00e9es<br \/>\nSpatule de nettoyage<\/p>\n<p>CARACT\u00c9RISTIQUES TECHNIQUES :<\/p>\n<p>Ensemble de plaques c\u00f4tel\u00e9es amovibles et lavables en machine.<br \/>\nRev\u00eatement antiadh\u00e9sif de haute qualit\u00e9 pour un nettoyage facile.<br \/>\nMinuterie de 0 \u00e0 30 minutes.<br \/>\nContr\u00f4le de la temp\u00e9rature variable jusqu\u2019\u00e0 240 \u00b0C.<br \/>\nPeut \u00eatre utilis\u00e9 comme un gril ferm\u00e9 ou ouvert.<br \/>\nCharni\u00e8re r\u00e9glable en hauteur jusqu\u2019\u00e0 8 cm.<br \/>\nLe plateau int\u00e9gr\u00e9 recueille les graisses pour une cuisson plus saine.<br \/>\nDimensions (ferm\u00e9) : 20 (H) x 37 (L) x 33 (P) cm<\/p>\n<p>Garantie de 5 ans<br \/>\nNe peut \u00eatre vendu en dehors de l\u2019Europe<\/p>\n","protected":false},"excerpt":{"rendered":"<p>Ce gril Cuisinart est une v\u00e9ritable plaque de cuisson multifonctionnelle. Les plaques de gril sont lavables au lave-vaisselle et peuvent \u00eatre utilis\u00e9es pour une vari\u00e9t\u00e9 de recettes : l\u00e9gumes grill\u00e9s, sandwichs, steaks et bien plus encore. Sa finition gris m\u00e9tallis\u00e9 avec des accents en acier inoxydable est assez compacte et se range facilement. Ce gril [&hellip;]<\/p>\n","protected":false},"featured_media":6372555,"template":"","meta":{"_acf_changed":false},"product_cat":[11992],"product_tag":[],"class_list":{"0":"post-829788","1":"product","2":"type-product","3":"status-publish","4":"has-post-thumbnail","6":"product_cat-cuisine","8":"first","9":"instock","10":"taxable","11":"shipping-taxable","12":"product-type-simple","swatches":"rey-swatches","show_selected":"","stretch_labels":"rey-swatches--stretch-labels"},"acf":[],"yoast_head":"<!-- This site is optimized with the Yoast SEO plugin v25.4 - https:\/\/yoast.com\/wordpress\/plugins\/seo\/ -->\n<title>CUISINART Gril \u00e0 double plaque - dev6 Erresse<\/title>\n<meta name=\"description\" content=\"Ce gril Cuisinart est une v\u00e9ritable plaque de cuisson multifonctionnelle. Les plaques de gril sont lavables au lave-vaisselle et peuvent \u00eatre utilis\u00e9es\" \/>\n<meta name=\"robots\" content=\"noindex, follow, max-snippet:-1, max-image-preview:large, max-video-preview:-1\" \/>\n<meta property=\"og:locale\" content=\"fr_FR\" \/>\n<meta property=\"og:type\" content=\"article\" \/>\n<meta property=\"og:title\" content=\"CUISINART Gril \u00e0 double plaque - dev6 Erresse\" \/>\n<meta property=\"og:description\" content=\"Ce gril Cuisinart est une v\u00e9ritable plaque de cuisson multifonctionnelle. Les plaques de gril sont lavables au lave-vaisselle et peuvent \u00eatre utilis\u00e9es\" \/>\n<meta property=\"og:url\" content=\"https:\/\/dev6.erresse-shop.it\/fr\/shop\/cuisine\/cuisinart-gril-a-double-plaque\/\" \/>\n<meta property=\"og:site_name\" content=\"dev6 Erresse\" \/>\n<meta property=\"og:image\" content=\"https:\/\/interpim.erresse-shop.it\/wp-content\/uploads\/2022\/10\/CUISINART-Grill-Doppia-Piastra.jpg\/cuisinart-grill-doppia-piastra.jpg\" \/><meta property=\"og:image\" content=\"https:\/\/interpim.erresse-shop.it\/wp-content\/uploads\/2022\/10\/CUISINART-Grill-Doppia-Piastra.jpg\/cuisinart-grill-doppia-piastra.jpg\" \/>\n\t<meta property=\"og:image:width\" content=\"1024\" \/>\n\t<meta property=\"og:image:height\" content=\"1024\" \/>\n\t<meta property=\"og:image:type\" content=\"image\/jpeg\" \/>\n<meta name=\"twitter:card\" content=\"summary_large_image\" \/>\n<meta name=\"twitter:image\" content=\"https:\/\/interpim.erresse-shop.it\/wp-content\/uploads\/2022\/10\/CUISINART-Grill-Doppia-Piastra.jpg\/cuisinart-grill-doppia-piastra.jpg\" \/>\n<script type=\"application\/ld+json\" class=\"yoast-schema-graph\">{\"@context\":\"https:\/\/schema.org\",\"@graph\":[{\"@type\":\"WebPage\",\"@id\":\"https:\/\/dev6.erresse-shop.it\/fr\/shop\/cuisine\/cuisinart-gril-a-double-plaque\/\",\"url\":\"https:\/\/dev6.erresse-shop.it\/fr\/shop\/cuisine\/cuisinart-gril-a-double-plaque\/\",\"name\":\"CUISINART Gril \u00e0 double plaque - dev6 Erresse\",\"isPartOf\":{\"@id\":\"https:\/\/dev6.erresse-shop.it\/#website\"},\"primaryImageOfPage\":{\"@id\":\"https:\/\/dev6.erresse-shop.it\/fr\/shop\/cuisine\/cuisinart-gril-a-double-plaque\/#primaryimage\"},\"image\":{\"@id\":\"https:\/\/dev6.erresse-shop.it\/fr\/shop\/cuisine\/cuisinart-gril-a-double-plaque\/#primaryimage\"},\"thumbnailUrl\":\"https:\/\/i0.wp.com\/interpim.erresse-shop.it\/wp-content\/uploads\/2022\/10\/CUISINART-Grill-Doppia-Piastra.jpg\/cuisinart-grill-doppia-piastra.jpg?ssl=1\",\"datePublished\":\"2026-04-12T10:23:26+00:00\",\"description\":\"Ce gril Cuisinart est une v\u00e9ritable plaque de cuisson multifonctionnelle. Les plaques de gril sont lavables au lave-vaisselle et peuvent \u00eatre utilis\u00e9es\",\"breadcrumb\":{\"@id\":\"https:\/\/dev6.erresse-shop.it\/fr\/shop\/cuisine\/cuisinart-gril-a-double-plaque\/#breadcrumb\"},\"inLanguage\":\"fr-FR\",\"potentialAction\":[{\"@type\":\"ReadAction\",\"target\":[\"https:\/\/dev6.erresse-shop.it\/fr\/shop\/cuisine\/cuisinart-gril-a-double-plaque\/\"]}]},{\"@type\":\"ImageObject\",\"inLanguage\":\"fr-FR\",\"@id\":\"https:\/\/dev6.erresse-shop.it\/fr\/shop\/cuisine\/cuisinart-gril-a-double-plaque\/#primaryimage\",\"url\":\"https:\/\/i0.wp.com\/interpim.erresse-shop.it\/wp-content\/uploads\/2022\/10\/CUISINART-Grill-Doppia-Piastra.jpg\/cuisinart-grill-doppia-piastra.jpg?ssl=1\",\"contentUrl\":\"https:\/\/i0.wp.com\/interpim.erresse-shop.it\/wp-content\/uploads\/2022\/10\/CUISINART-Grill-Doppia-Piastra.jpg\/cuisinart-grill-doppia-piastra.jpg?ssl=1\"},{\"@type\":\"BreadcrumbList\",\"@id\":\"https:\/\/dev6.erresse-shop.it\/fr\/shop\/cuisine\/cuisinart-gril-a-double-plaque\/#breadcrumb\",\"itemListElement\":[{\"@type\":\"ListItem\",\"position\":1,\"name\":\"Home\",\"item\":\"https:\/\/dev6.erresse-shop.it\/\"},{\"@type\":\"ListItem\",\"position\":2,\"name\":\"Boutique\",\"item\":\"https:\/\/dev6.erresse-shop.it\/shop\/\"},{\"@type\":\"ListItem\",\"position\":3,\"name\":\"CUISINART Gril \u00e0 double plaque\"}]},{\"@type\":\"WebSite\",\"@id\":\"https:\/\/dev6.erresse-shop.it\/#website\",\"url\":\"https:\/\/dev6.erresse-shop.it\/\",\"name\":\"Erresse Shop\",\"description\":\"\",\"publisher\":{\"@id\":\"https:\/\/dev6.erresse-shop.it\/#organization\"},\"potentialAction\":[{\"@type\":\"SearchAction\",\"target\":{\"@type\":\"EntryPoint\",\"urlTemplate\":\"https:\/\/dev6.erresse-shop.it\/?s={search_term_string}\"},\"query-input\":{\"@type\":\"PropertyValueSpecification\",\"valueRequired\":true,\"valueName\":\"search_term_string\"}}],\"inLanguage\":\"fr-FR\"},{\"@type\":\"Organization\",\"@id\":\"https:\/\/dev6.erresse-shop.it\/#organization\",\"name\":\"Erresse Shop\",\"url\":\"https:\/\/dev6.erresse-shop.it\/\",\"logo\":{\"@type\":\"ImageObject\",\"inLanguage\":\"fr-FR\",\"@id\":\"https:\/\/dev6.erresse-shop.it\/#\/schema\/logo\/image\/\",\"url\":\"https:\/\/dev6.erresse-shop.it\/wp-content\/uploads\/2025\/01\/LOGO-ERRESSE-CLASSICO.svg\",\"contentUrl\":\"https:\/\/dev6.erresse-shop.it\/wp-content\/uploads\/2025\/01\/LOGO-ERRESSE-CLASSICO.svg\",\"caption\":\"Erresse Shop\"},\"image\":{\"@id\":\"https:\/\/dev6.erresse-shop.it\/#\/schema\/logo\/image\/\"}}]}<\/script>\n<!-- \/ Yoast SEO plugin. -->","yoast_head_json":{"title":"CUISINART Gril \u00e0 double plaque - dev6 Erresse","description":"Ce gril Cuisinart est une v\u00e9ritable plaque de cuisson multifonctionnelle. Les plaques de gril sont lavables au lave-vaisselle et peuvent \u00eatre utilis\u00e9es","robots":{"index":"noindex","follow":"follow","max-snippet":"max-snippet:-1","max-image-preview":"max-image-preview:large","max-video-preview":"max-video-preview:-1"},"og_locale":"fr_FR","og_type":"article","og_title":"CUISINART Gril \u00e0 double plaque - dev6 Erresse","og_description":"Ce gril Cuisinart est une v\u00e9ritable plaque de cuisson multifonctionnelle. Les plaques de gril sont lavables au lave-vaisselle et peuvent \u00eatre utilis\u00e9es","og_url":"https:\/\/dev6.erresse-shop.it\/fr\/shop\/cuisine\/cuisinart-gril-a-double-plaque\/","og_site_name":"dev6 Erresse","og_image":[{"url":"https:\/\/interpim.erresse-shop.it\/wp-content\/uploads\/2022\/10\/CUISINART-Grill-Doppia-Piastra.jpg\/cuisinart-grill-doppia-piastra.jpg","type":"","width":"","height":""},{"url":"https:\/\/interpim.erresse-shop.it\/wp-content\/uploads\/2022\/10\/CUISINART-Grill-Doppia-Piastra.jpg\/cuisinart-grill-doppia-piastra.jpg","width":1024,"height":1024,"type":"image\/jpeg"}],"twitter_card":"summary_large_image","twitter_image":"https:\/\/interpim.erresse-shop.it\/wp-content\/uploads\/2022\/10\/CUISINART-Grill-Doppia-Piastra.jpg\/cuisinart-grill-doppia-piastra.jpg","schema":{"@context":"https:\/\/schema.org","@graph":[{"@type":"WebPage","@id":"https:\/\/dev6.erresse-shop.it\/fr\/shop\/cuisine\/cuisinart-gril-a-double-plaque\/","url":"https:\/\/dev6.erresse-shop.it\/fr\/shop\/cuisine\/cuisinart-gril-a-double-plaque\/","name":"CUISINART Gril \u00e0 double plaque - dev6 Erresse","isPartOf":{"@id":"https:\/\/dev6.erresse-shop.it\/#website"},"primaryImageOfPage":{"@id":"https:\/\/dev6.erresse-shop.it\/fr\/shop\/cuisine\/cuisinart-gril-a-double-plaque\/#primaryimage"},"image":{"@id":"https:\/\/dev6.erresse-shop.it\/fr\/shop\/cuisine\/cuisinart-gril-a-double-plaque\/#primaryimage"},"thumbnailUrl":"https:\/\/i0.wp.com\/interpim.erresse-shop.it\/wp-content\/uploads\/2022\/10\/CUISINART-Grill-Doppia-Piastra.jpg\/cuisinart-grill-doppia-piastra.jpg?ssl=1","datePublished":"2026-04-12T10:23:26+00:00","description":"Ce gril Cuisinart est une v\u00e9ritable plaque de cuisson multifonctionnelle. Les plaques de gril sont lavables au lave-vaisselle et peuvent \u00eatre utilis\u00e9es","breadcrumb":{"@id":"https:\/\/dev6.erresse-shop.it\/fr\/shop\/cuisine\/cuisinart-gril-a-double-plaque\/#breadcrumb"},"inLanguage":"fr-FR","potentialAction":[{"@type":"ReadAction","target":["https:\/\/dev6.erresse-shop.it\/fr\/shop\/cuisine\/cuisinart-gril-a-double-plaque\/"]}]},{"@type":"ImageObject","inLanguage":"fr-FR","@id":"https:\/\/dev6.erresse-shop.it\/fr\/shop\/cuisine\/cuisinart-gril-a-double-plaque\/#primaryimage","url":"https:\/\/i0.wp.com\/interpim.erresse-shop.it\/wp-content\/uploads\/2022\/10\/CUISINART-Grill-Doppia-Piastra.jpg\/cuisinart-grill-doppia-piastra.jpg?ssl=1","contentUrl":"https:\/\/i0.wp.com\/interpim.erresse-shop.it\/wp-content\/uploads\/2022\/10\/CUISINART-Grill-Doppia-Piastra.jpg\/cuisinart-grill-doppia-piastra.jpg?ssl=1"},{"@type":"BreadcrumbList","@id":"https:\/\/dev6.erresse-shop.it\/fr\/shop\/cuisine\/cuisinart-gril-a-double-plaque\/#breadcrumb","itemListElement":[{"@type":"ListItem","position":1,"name":"Home","item":"https:\/\/dev6.erresse-shop.it\/"},{"@type":"ListItem","position":2,"name":"Boutique","item":"https:\/\/dev6.erresse-shop.it\/shop\/"},{"@type":"ListItem","position":3,"name":"CUISINART Gril \u00e0 double plaque"}]},{"@type":"WebSite","@id":"https:\/\/dev6.erresse-shop.it\/#website","url":"https:\/\/dev6.erresse-shop.it\/","name":"Erresse Shop","description":"","publisher":{"@id":"https:\/\/dev6.erresse-shop.it\/#organization"},"potentialAction":[{"@type":"SearchAction","target":{"@type":"EntryPoint","urlTemplate":"https:\/\/dev6.erresse-shop.it\/?s={search_term_string}"},"query-input":{"@type":"PropertyValueSpecification","valueRequired":true,"valueName":"search_term_string"}}],"inLanguage":"fr-FR"},{"@type":"Organization","@id":"https:\/\/dev6.erresse-shop.it\/#organization","name":"Erresse Shop","url":"https:\/\/dev6.erresse-shop.it\/","logo":{"@type":"ImageObject","inLanguage":"fr-FR","@id":"https:\/\/dev6.erresse-shop.it\/#\/schema\/logo\/image\/","url":"https:\/\/dev6.erresse-shop.it\/wp-content\/uploads\/2025\/01\/LOGO-ERRESSE-CLASSICO.svg","contentUrl":"https:\/\/dev6.erresse-shop.it\/wp-content\/uploads\/2025\/01\/LOGO-ERRESSE-CLASSICO.svg","caption":"Erresse Shop"},"image":{"@id":"https:\/\/dev6.erresse-shop.it\/#\/schema\/logo\/image\/"}}]}},"df_price":"","df_sale_price":"","df_regular_price":"","df_image_link":"https:\/\/i0.wp.com\/interpim.erresse-shop.it\/wp-content\/uploads\/2022\/10\/CUISINART-Grill-Doppia-Piastra.jpg\/cuisinart-grill-doppia-piastra.jpg?resize=300,300&ssl=1","fifu_image_url":"https:\/\/interpim.erresse-shop.it\/wp-content\/uploads\/2022\/10\/CUISINART-Grill-Doppia-Piastra.jpg\/cuisinart-grill-doppia-piastra.jpg","_links":{"self":[{"href":"https:\/\/dev6.erresse-shop.it\/fr\/wp-json\/wp\/v2\/product\/829788","targetHints":{"allow":["GET"]}}],"collection":[{"href":"https:\/\/dev6.erresse-shop.it\/fr\/wp-json\/wp\/v2\/product"}],"about":[{"href":"https:\/\/dev6.erresse-shop.it\/fr\/wp-json\/wp\/v2\/types\/product"}],"wp:featuredmedia":[{"embeddable":true,"href":"https:\/\/dev6.erresse-shop.it\/fr\/wp-json\/wp\/v2\/media\/6372555"}],"wp:attachment":[{"href":"https:\/\/dev6.erresse-shop.it\/fr\/wp-json\/wp\/v2\/media?parent=829788"}],"wp:term":[{"taxonomy":"product_cat","embeddable":true,"href":"https:\/\/dev6.erresse-shop.it\/fr\/wp-json\/wp\/v2\/product_cat?post=829788"},{"taxonomy":"product_tag","embeddable":true,"href":"https:\/\/dev6.erresse-shop.it\/fr\/wp-json\/wp\/v2\/product_tag?post=829788"}],"curies":[{"name":"wp","href":"https:\/\/api.w.org\/{rel}","templated":true}]}}