{"id":829757,"date":"2026-04-04T12:20:38","date_gmt":"2026-04-04T10:20:38","guid":{"rendered":"https:\/\/dev6.erresse-shop.it\/shop\/non%20class\u00e9\/cuisinart-mini-four-et-friteuse\/"},"modified":"2025-07-04T19:01:07","modified_gmt":"2025-07-04T17:01:07","slug":"cuisinart-mini-four-et-friteuse","status":"publish","type":"product","link":"https:\/\/dev6.erresse-shop.it\/fr\/shop\/cuisine\/cuisinart-mini-four-et-friteuse\/","title":{"rendered":"CUISINART Mini-four et friteuse"},"content":{"rendered":"<p>Le mini-four avec friteuse \u00e0 air de Cuisinart est rapide et facile \u00e0 utiliser pour cr\u00e9er des recettes cuites au four ou \u00e0 l\u2019air avec peu ou pas d\u2019huile ajout\u00e9e, pour une alternative plus saine \u00e0 la friture normale.<\/p>\n<p>Avec 7 fonctions de cuisson diff\u00e9rentes au choix, c\u2019est bien plus qu\u2019une simple friteuse. Il peut \u00e9galement \u00eatre utilis\u00e9 pour cuire des d\u00e9lices au four, de d\u00e9licieux r\u00f4tis, de savoureuses pizzas croustillantes, de la viande et du poisson grill\u00e9s de mani\u00e8re experte, et des sandwichs dor\u00e9s exactement selon vos pr\u00e9f\u00e9rences.<\/p>\n<p>Avec un temps de chauffe ultra-rapide de 90 secondes, ce produit est pr\u00eat \u00e0 \u00eatre utilis\u00e9 presque instantan\u00e9ment. Sa technologie puissante \u00e0 air contr\u00f4l\u00e9 permet de cuire 30 % plus rapidement qu\u2019un four traditionnel, ce qui vous permet d\u2019obtenir des plats parfaitement uniformes en quelques minutes.<\/p>\n<p>Le mini-four \u00e0 friteuse de Cuisinart est vraiment facile \u00e0 utiliser. Gr\u00e2ce \u00e0 4 boutons de commande simples, vous pouvez s\u00e9lectionner la temp\u00e9rature, la fonction de cuisson, l\u2019intensit\u00e9 du grillage et le temps de cuisson, ce qui vous donne un contr\u00f4le total.<\/p>\n<p>Il est de taille compacte, mais a une grande capacit\u00e9 de 17 litres, ce qui signifie qu\u2019il est assez grand pour pr\u00e9parer des recettes pour une famille de 4 personnes. Vous pouvez cuisiner sur 2 niveaux, cuire une pizza ou r\u00f4tir un poulet entier de 1,8 kg.<\/p>\n<p>Il y a 6 r\u00e9glages de temp\u00e9rature allant de 90\u00b0C pour le maintien de la chaleur \u00e0 230\u00b0C pour la friture \u00e0 l\u2019air libre avec une minuterie int\u00e9gr\u00e9e qui sonnera une fois la cuisson termin\u00e9e, \u00e9teignant automatiquement le four pour \u00e9viter toute surcuisson.<\/p>\n<p>Cr\u00e9ez de d\u00e9licieux g\u00e2teaux et quiches ou d\u00e9congelez des aliments congel\u00e9s gr\u00e2ce \u00e0 la fonction de cuisson.<\/p>\n<p>Ou bien utilisez la fonction gril pour griller tr\u00e8s rapidement la viande, le poisson et les l\u00e9gumes.<\/p>\n<p>La fonction toast vous permet de cr\u00e9er des d\u00e9jeuners rapides et faciles, comme de savoureux toasts dor\u00e9s et farcis.<\/p>\n<p>Vous pouvez griller du pain, des scones et des bagels rapidement et facilement gr\u00e2ce \u00e0 la fonction de grillage. La commande de brunissement variable vous permet de griller selon vos go\u00fbts.<\/p>\n<p>Le four peut \u00e9galement \u00eatre utilis\u00e9 pour maintenir vos pr\u00e9parations au chaud ou pour r\u00e9chauffer les restes de la veille.<br \/>\nEn outre, la mini-friteuse Cuisinart poss\u00e8de un int\u00e9rieur antiadh\u00e9sif et des accessoires faciles \u00e0 nettoyer.<\/p>\n<p>CARACT\u00c9RISTIQUES TECHNIQUES :<\/p>\n<p>Mini-four polyvalent avec friteuse \u00e0 air<br \/>\n7 fonctions : friture \u00e0 l\u2019air, r\u00f4tissage, cuisson au four, grillage, toastage, conservation de la chaleur.<br \/>\nLa technologie de flux d\u2019air superpuissant et contr\u00f4l\u00e9 permet un chauffage ultra-rapide. Produit pr\u00eat \u00e0 l\u2019emploi en seulement 90 secondes<br \/>\nLes aliments sont cuits rapidement et uniform\u00e9ment, 30 % plus rapidement qu\u2019un four traditionnel.<br \/>\n6 r\u00e9glages de temp\u00e9rature, allant de 90\u02daC en maintien de la chaleur \u00e0 230\u02daC pour la friture \u00e0 l\u2019air libre.<br \/>\nTaille compacte, mais grande capacit\u00e9 de cuisson<br \/>\nPanier \u00e0 friture de 25 cm x 29 cm<br \/>\n2 \u00e9tag\u00e8res pour une cuisson homog\u00e8ne sur 2 niveaux<br \/>\nInt\u00e9rieur antiadh\u00e9sif facile \u00e0 nettoyer<br \/>\nLa lumi\u00e8re int\u00e9rieure offre une visibilit\u00e9 maximale pour un meilleur contr\u00f4le des r\u00e9sultats de cuisson.<br \/>\nMinuterie de 60 minutes avec arr\u00eat automatique<br \/>\nAccessoires inclus : 1 panier \u00e0 friture, 1 grille et 1 plaque de cuisson.<\/p>\n<p>Garantie de 3 ans<br \/>\nNe peut \u00eatre vendu en dehors de l\u2019Europe<\/p>\n","protected":false},"excerpt":{"rendered":"<p>Le mini-four avec friteuse \u00e0 air de Cuisinart est rapide et facile \u00e0 utiliser pour cr\u00e9er des recettes cuites au four ou \u00e0 l\u2019air avec peu ou pas d\u2019huile ajout\u00e9e, pour une alternative plus saine \u00e0 la friture normale. Avec 7 fonctions de cuisson diff\u00e9rentes au choix, c\u2019est bien plus qu\u2019une simple friteuse. Il peut [&hellip;]<\/p>\n","protected":false},"featured_media":6289244,"template":"","meta":{"_acf_changed":false},"product_cat":[11992],"product_tag":[],"class_list":{"0":"post-829757","1":"product","2":"type-product","3":"status-publish","4":"has-post-thumbnail","6":"product_cat-cuisine","8":"first","9":"instock","10":"taxable","11":"shipping-taxable","12":"product-type-simple","swatches":"rey-swatches","show_selected":"","stretch_labels":"rey-swatches--stretch-labels"},"acf":[],"yoast_head":"<!-- This site is optimized with the Yoast SEO plugin v25.4 - https:\/\/yoast.com\/wordpress\/plugins\/seo\/ -->\n<title>CUISINART Mini-four et friteuse - dev6 Erresse<\/title>\n<meta name=\"description\" content=\"Le mini-four avec friteuse \u00e0 air de Cuisinart est rapide et facile \u00e0 utiliser pour cr\u00e9er des recettes cuites au four ou \u00e0 l\u2019air avec peu ou pas d\u2019huile\" \/>\n<meta name=\"robots\" content=\"noindex, follow, max-snippet:-1, max-image-preview:large, max-video-preview:-1\" \/>\n<meta property=\"og:locale\" content=\"fr_FR\" \/>\n<meta property=\"og:type\" content=\"article\" \/>\n<meta property=\"og:title\" content=\"CUISINART Mini-four et friteuse - dev6 Erresse\" \/>\n<meta property=\"og:description\" content=\"Le mini-four avec friteuse \u00e0 air de Cuisinart est rapide et facile \u00e0 utiliser pour cr\u00e9er des recettes cuites au four ou \u00e0 l\u2019air avec peu ou pas d\u2019huile\" \/>\n<meta property=\"og:url\" content=\"https:\/\/dev6.erresse-shop.it\/fr\/shop\/cuisine\/cuisinart-mini-four-et-friteuse\/\" \/>\n<meta property=\"og:site_name\" content=\"dev6 Erresse\" \/>\n<meta property=\"og:image\" content=\"https:\/\/interpim.erresse-shop.it\/Import\/Prodotti\/cuisinart-air-fryer.jpg\" \/><meta property=\"og:image\" content=\"https:\/\/interpim.erresse-shop.it\/Import\/Prodotti\/cuisinart-air-fryer.jpg\" \/>\n\t<meta property=\"og:image:width\" content=\"1024\" \/>\n\t<meta property=\"og:image:height\" content=\"1024\" \/>\n\t<meta property=\"og:image:type\" content=\"image\/jpeg\" \/>\n<meta name=\"twitter:card\" content=\"summary_large_image\" \/>\n<meta name=\"twitter:image\" content=\"https:\/\/interpim.erresse-shop.it\/Import\/Prodotti\/cuisinart-air-fryer.jpg\" \/>\n<script type=\"application\/ld+json\" class=\"yoast-schema-graph\">{\"@context\":\"https:\/\/schema.org\",\"@graph\":[{\"@type\":\"WebPage\",\"@id\":\"https:\/\/dev6.erresse-shop.it\/fr\/shop\/cuisine\/cuisinart-mini-four-et-friteuse\/\",\"url\":\"https:\/\/dev6.erresse-shop.it\/fr\/shop\/cuisine\/cuisinart-mini-four-et-friteuse\/\",\"name\":\"CUISINART Mini-four et friteuse - dev6 Erresse\",\"isPartOf\":{\"@id\":\"https:\/\/dev6.erresse-shop.it\/#website\"},\"primaryImageOfPage\":{\"@id\":\"https:\/\/dev6.erresse-shop.it\/fr\/shop\/cuisine\/cuisinart-mini-four-et-friteuse\/#primaryimage\"},\"image\":{\"@id\":\"https:\/\/dev6.erresse-shop.it\/fr\/shop\/cuisine\/cuisinart-mini-four-et-friteuse\/#primaryimage\"},\"thumbnailUrl\":\"https:\/\/i3.wp.com\/interpim.erresse-shop.it\/Import\/Prodotti\/cuisinart-air-fryer.jpg?ssl=1\",\"datePublished\":\"2026-04-04T10:20:38+00:00\",\"description\":\"Le mini-four avec friteuse \u00e0 air de Cuisinart est rapide et facile \u00e0 utiliser pour cr\u00e9er des recettes cuites au four ou \u00e0 l\u2019air avec peu ou pas d\u2019huile\",\"breadcrumb\":{\"@id\":\"https:\/\/dev6.erresse-shop.it\/fr\/shop\/cuisine\/cuisinart-mini-four-et-friteuse\/#breadcrumb\"},\"inLanguage\":\"fr-FR\",\"potentialAction\":[{\"@type\":\"ReadAction\",\"target\":[\"https:\/\/dev6.erresse-shop.it\/fr\/shop\/cuisine\/cuisinart-mini-four-et-friteuse\/\"]}]},{\"@type\":\"ImageObject\",\"inLanguage\":\"fr-FR\",\"@id\":\"https:\/\/dev6.erresse-shop.it\/fr\/shop\/cuisine\/cuisinart-mini-four-et-friteuse\/#primaryimage\",\"url\":\"https:\/\/i3.wp.com\/interpim.erresse-shop.it\/Import\/Prodotti\/cuisinart-air-fryer.jpg?ssl=1\",\"contentUrl\":\"https:\/\/i3.wp.com\/interpim.erresse-shop.it\/Import\/Prodotti\/cuisinart-air-fryer.jpg?ssl=1\"},{\"@type\":\"BreadcrumbList\",\"@id\":\"https:\/\/dev6.erresse-shop.it\/fr\/shop\/cuisine\/cuisinart-mini-four-et-friteuse\/#breadcrumb\",\"itemListElement\":[{\"@type\":\"ListItem\",\"position\":1,\"name\":\"Home\",\"item\":\"https:\/\/dev6.erresse-shop.it\/\"},{\"@type\":\"ListItem\",\"position\":2,\"name\":\"Boutique\",\"item\":\"https:\/\/dev6.erresse-shop.it\/shop\/\"},{\"@type\":\"ListItem\",\"position\":3,\"name\":\"CUISINART Mini-four et friteuse\"}]},{\"@type\":\"WebSite\",\"@id\":\"https:\/\/dev6.erresse-shop.it\/#website\",\"url\":\"https:\/\/dev6.erresse-shop.it\/\",\"name\":\"Erresse Shop\",\"description\":\"\",\"publisher\":{\"@id\":\"https:\/\/dev6.erresse-shop.it\/#organization\"},\"potentialAction\":[{\"@type\":\"SearchAction\",\"target\":{\"@type\":\"EntryPoint\",\"urlTemplate\":\"https:\/\/dev6.erresse-shop.it\/?s={search_term_string}\"},\"query-input\":{\"@type\":\"PropertyValueSpecification\",\"valueRequired\":true,\"valueName\":\"search_term_string\"}}],\"inLanguage\":\"fr-FR\"},{\"@type\":\"Organization\",\"@id\":\"https:\/\/dev6.erresse-shop.it\/#organization\",\"name\":\"Erresse Shop\",\"url\":\"https:\/\/dev6.erresse-shop.it\/\",\"logo\":{\"@type\":\"ImageObject\",\"inLanguage\":\"fr-FR\",\"@id\":\"https:\/\/dev6.erresse-shop.it\/#\/schema\/logo\/image\/\",\"url\":\"https:\/\/dev6.erresse-shop.it\/wp-content\/uploads\/2025\/01\/LOGO-ERRESSE-CLASSICO.svg\",\"contentUrl\":\"https:\/\/dev6.erresse-shop.it\/wp-content\/uploads\/2025\/01\/LOGO-ERRESSE-CLASSICO.svg\",\"caption\":\"Erresse Shop\"},\"image\":{\"@id\":\"https:\/\/dev6.erresse-shop.it\/#\/schema\/logo\/image\/\"}}]}<\/script>\n<!-- \/ Yoast SEO plugin. -->","yoast_head_json":{"title":"CUISINART Mini-four et friteuse - dev6 Erresse","description":"Le mini-four avec friteuse \u00e0 air de Cuisinart est rapide et facile \u00e0 utiliser pour cr\u00e9er des recettes cuites au four ou \u00e0 l\u2019air avec peu ou pas d\u2019huile","robots":{"index":"noindex","follow":"follow","max-snippet":"max-snippet:-1","max-image-preview":"max-image-preview:large","max-video-preview":"max-video-preview:-1"},"og_locale":"fr_FR","og_type":"article","og_title":"CUISINART Mini-four et friteuse - dev6 Erresse","og_description":"Le mini-four avec friteuse \u00e0 air de Cuisinart est rapide et facile \u00e0 utiliser pour cr\u00e9er des recettes cuites au four ou \u00e0 l\u2019air avec peu ou pas d\u2019huile","og_url":"https:\/\/dev6.erresse-shop.it\/fr\/shop\/cuisine\/cuisinart-mini-four-et-friteuse\/","og_site_name":"dev6 Erresse","og_image":[{"url":"https:\/\/interpim.erresse-shop.it\/Import\/Prodotti\/cuisinart-air-fryer.jpg","type":"","width":"","height":""},{"url":"https:\/\/interpim.erresse-shop.it\/Import\/Prodotti\/cuisinart-air-fryer.jpg","width":1024,"height":1024,"type":"image\/jpeg"}],"twitter_card":"summary_large_image","twitter_image":"https:\/\/interpim.erresse-shop.it\/Import\/Prodotti\/cuisinart-air-fryer.jpg","schema":{"@context":"https:\/\/schema.org","@graph":[{"@type":"WebPage","@id":"https:\/\/dev6.erresse-shop.it\/fr\/shop\/cuisine\/cuisinart-mini-four-et-friteuse\/","url":"https:\/\/dev6.erresse-shop.it\/fr\/shop\/cuisine\/cuisinart-mini-four-et-friteuse\/","name":"CUISINART Mini-four et friteuse - dev6 Erresse","isPartOf":{"@id":"https:\/\/dev6.erresse-shop.it\/#website"},"primaryImageOfPage":{"@id":"https:\/\/dev6.erresse-shop.it\/fr\/shop\/cuisine\/cuisinart-mini-four-et-friteuse\/#primaryimage"},"image":{"@id":"https:\/\/dev6.erresse-shop.it\/fr\/shop\/cuisine\/cuisinart-mini-four-et-friteuse\/#primaryimage"},"thumbnailUrl":"https:\/\/i3.wp.com\/interpim.erresse-shop.it\/Import\/Prodotti\/cuisinart-air-fryer.jpg?ssl=1","datePublished":"2026-04-04T10:20:38+00:00","description":"Le mini-four avec friteuse \u00e0 air de Cuisinart est rapide et facile \u00e0 utiliser pour cr\u00e9er des recettes cuites au four ou \u00e0 l\u2019air avec peu ou pas d\u2019huile","breadcrumb":{"@id":"https:\/\/dev6.erresse-shop.it\/fr\/shop\/cuisine\/cuisinart-mini-four-et-friteuse\/#breadcrumb"},"inLanguage":"fr-FR","potentialAction":[{"@type":"ReadAction","target":["https:\/\/dev6.erresse-shop.it\/fr\/shop\/cuisine\/cuisinart-mini-four-et-friteuse\/"]}]},{"@type":"ImageObject","inLanguage":"fr-FR","@id":"https:\/\/dev6.erresse-shop.it\/fr\/shop\/cuisine\/cuisinart-mini-four-et-friteuse\/#primaryimage","url":"https:\/\/i3.wp.com\/interpim.erresse-shop.it\/Import\/Prodotti\/cuisinart-air-fryer.jpg?ssl=1","contentUrl":"https:\/\/i3.wp.com\/interpim.erresse-shop.it\/Import\/Prodotti\/cuisinart-air-fryer.jpg?ssl=1"},{"@type":"BreadcrumbList","@id":"https:\/\/dev6.erresse-shop.it\/fr\/shop\/cuisine\/cuisinart-mini-four-et-friteuse\/#breadcrumb","itemListElement":[{"@type":"ListItem","position":1,"name":"Home","item":"https:\/\/dev6.erresse-shop.it\/"},{"@type":"ListItem","position":2,"name":"Boutique","item":"https:\/\/dev6.erresse-shop.it\/shop\/"},{"@type":"ListItem","position":3,"name":"CUISINART Mini-four et friteuse"}]},{"@type":"WebSite","@id":"https:\/\/dev6.erresse-shop.it\/#website","url":"https:\/\/dev6.erresse-shop.it\/","name":"Erresse Shop","description":"","publisher":{"@id":"https:\/\/dev6.erresse-shop.it\/#organization"},"potentialAction":[{"@type":"SearchAction","target":{"@type":"EntryPoint","urlTemplate":"https:\/\/dev6.erresse-shop.it\/?s={search_term_string}"},"query-input":{"@type":"PropertyValueSpecification","valueRequired":true,"valueName":"search_term_string"}}],"inLanguage":"fr-FR"},{"@type":"Organization","@id":"https:\/\/dev6.erresse-shop.it\/#organization","name":"Erresse Shop","url":"https:\/\/dev6.erresse-shop.it\/","logo":{"@type":"ImageObject","inLanguage":"fr-FR","@id":"https:\/\/dev6.erresse-shop.it\/#\/schema\/logo\/image\/","url":"https:\/\/dev6.erresse-shop.it\/wp-content\/uploads\/2025\/01\/LOGO-ERRESSE-CLASSICO.svg","contentUrl":"https:\/\/dev6.erresse-shop.it\/wp-content\/uploads\/2025\/01\/LOGO-ERRESSE-CLASSICO.svg","caption":"Erresse Shop"},"image":{"@id":"https:\/\/dev6.erresse-shop.it\/#\/schema\/logo\/image\/"}}]}},"df_price":"","df_sale_price":"","df_regular_price":"","df_image_link":"https:\/\/i3.wp.com\/interpim.erresse-shop.it\/Import\/Prodotti\/cuisinart-air-fryer.jpg?resize=300,300&ssl=1","fifu_image_url":"https:\/\/interpim.erresse-shop.it\/Import\/Prodotti\/cuisinart-air-fryer.jpg","_links":{"self":[{"href":"https:\/\/dev6.erresse-shop.it\/fr\/wp-json\/wp\/v2\/product\/829757","targetHints":{"allow":["GET"]}}],"collection":[{"href":"https:\/\/dev6.erresse-shop.it\/fr\/wp-json\/wp\/v2\/product"}],"about":[{"href":"https:\/\/dev6.erresse-shop.it\/fr\/wp-json\/wp\/v2\/types\/product"}],"wp:featuredmedia":[{"embeddable":true,"href":"https:\/\/dev6.erresse-shop.it\/fr\/wp-json\/wp\/v2\/media\/6289244"}],"wp:attachment":[{"href":"https:\/\/dev6.erresse-shop.it\/fr\/wp-json\/wp\/v2\/media?parent=829757"}],"wp:term":[{"taxonomy":"product_cat","embeddable":true,"href":"https:\/\/dev6.erresse-shop.it\/fr\/wp-json\/wp\/v2\/product_cat?post=829757"},{"taxonomy":"product_tag","embeddable":true,"href":"https:\/\/dev6.erresse-shop.it\/fr\/wp-json\/wp\/v2\/product_tag?post=829757"}],"curies":[{"name":"wp","href":"https:\/\/api.w.org\/{rel}","templated":true}]}}