{"id":829746,"date":"2026-04-12T12:23:26","date_gmt":"2026-04-12T10:23:26","guid":{"rendered":"https:\/\/dev6.erresse-shop.it\/shop\/non%20class\u00e9\/cuisinart-robot-de-cuisine-1-9l\/"},"modified":"2025-07-04T19:01:03","modified_gmt":"2025-07-04T17:01:03","slug":"cuisinart-robot-de-cuisine-1-9l","status":"publish","type":"product","link":"https:\/\/dev6.erresse-shop.it\/fr\/shop\/cuisine\/cuisinart-robot-de-cuisine-1-9l\/","title":{"rendered":"CUISINART Robot de cuisine 1.9L"},"content":{"rendered":"<p>Faisant partie de notre collection Style, ce robot culinaire est con\u00e7u pour vous faire gagner du temps dans la cuisine. Son design \u00e9l\u00e9gant et sa taille lui permettent de s\u2019int\u00e9grer parfaitement dans n\u2019importe quelle cuisine.<\/p>\n<p>Il est livr\u00e9 avec 2 bols et des accessoires essentiels pour hacher, m\u00e9langer, mixer, trancher et r\u00e2per, tous compatibles avec le lave-vaisselle pour un nettoyage facile.<\/p>\n<p>Le Cuisinart Easy Prep Pro offre une performance professionnelle dans un format parfait pour la cuisine familiale. Il est livr\u00e9 avec une petite s\u00e9lection de lames et de disques pour offrir un large \u00e9ventail de fonctions, et il est super facile \u00e0 utiliser et \u00e0 nettoyer.<\/p>\n<p>Utilisez-le pour acc\u00e9l\u00e9rer les t\u00e2ches quotidiennes telles que couper et \u00e9mincer des l\u00e9gumes, faire de la chapelure ou r\u00e2per des fruits secs, r\u00e2per du fromage, m\u00e9langer des sauces, des p\u00e2tes et des garnitures de tarte.<\/p>\n<p>Le grand bol a une capacit\u00e9 de 1,9 litre et peut \u00eatre utilis\u00e9 avec la grande lame pour couper\/m\u00e9langer ou les disques pour couper\/r\u00e2per. Le petit bol de 0,7 litre est plac\u00e9 \u00e0 l\u2019int\u00e9rieur du grand bol et peut \u00eatre utilis\u00e9 avec la lame pour couper\/m\u00e9langer de plus petites quantit\u00e9s. Le petit bol est compl\u00e8tement herm\u00e9tique, les aliments n\u2019entrent pas en contact avec le grand bol situ\u00e9 en dessous, ce qui permet d\u2019\u00e9conomiser sur le lavage si vous n\u2019avez besoin de traiter qu\u2019une petite quantit\u00e9 d\u2019ingr\u00e9dients.<\/p>\n<p>ACCESSOIRES :<\/p>\n<p>Petit r\u00e9cipient<br \/>\nGrand conteneur<br \/>\nPetite lame pour couper\/m\u00e9langer<br \/>\nGrande lame pour couper\/m\u00e9langer<br \/>\nDisque \u00e0 r\u00e2per\/\u00e9mincer fin<br \/>\nDisque \u00e0 r\u00e2per\/\u00e9mincer moyen<br \/>\nLivre de recettes<\/p>\n<p>CARACT\u00c9RISTIQUES TECHNIQUES :<\/p>\n<p>Lame en acier inoxydable de haute qualit\u00e9 et moteur puissant pour une performance sans effort et des r\u00e9sultats uniformes.<br \/>\nMoteur \u00e0 courant alternatif de 350 W.<br \/>\n2 bols de 2 tailles diff\u00e9rentes.<br \/>\nPetit bol d\u2019une capacit\u00e9 de 0,7 L \/ 300 ml.<br \/>\nGrand bol d\u2019une capacit\u00e9 de 1,9 l \/ 700 ml.<br \/>\nPetite lame de coupe\/m\u00e9lange pour petit bol.<br \/>\nGrande lame de coupe\/m\u00e9lange pour le grand bol.<br \/>\nDisque fin pour r\u00e2per finement ou faire des tranches de 2 mm.<br \/>\nDisque moyen pour r\u00e2per grossi\u00e8rement ou faire des tranches de 4 mm.<br \/>\nLe petit bol est scell\u00e9 \u2013 rien du petit bol ne tombe dans le grand bol en dessous.<br \/>\nConception compacte et l\u00e9g\u00e8re.<br \/>\nLes pieds en silicone emp\u00eachent le robot de bouger pendant l\u2019utilisation, m\u00eame lors de la pr\u00e9paration de la p\u00e2te.<br \/>\nR\u00e9glages de vitesse haute et basse, plus impulsion pour un contr\u00f4le total de la consistance de votre recette.<br \/>\nBols, lames et disques lavables au lave-vaisselle.<br \/>\nLivre de recettes inclus.<\/p>\n<p>Garantie de 5 ans<br \/>\nNe peut \u00eatre vendu en dehors de l\u2019Europe<\/p>\n","protected":false},"excerpt":{"rendered":"<p>Faisant partie de notre collection Style, ce robot culinaire est con\u00e7u pour vous faire gagner du temps dans la cuisine. Son design \u00e9l\u00e9gant et sa taille lui permettent de s\u2019int\u00e9grer parfaitement dans n\u2019importe quelle cuisine. Il est livr\u00e9 avec 2 bols et des accessoires essentiels pour hacher, m\u00e9langer, mixer, trancher et r\u00e2per, tous compatibles avec [&hellip;]<\/p>\n","protected":false},"featured_media":6372497,"template":"","meta":{"_acf_changed":false},"product_cat":[11992],"product_tag":[],"class_list":{"0":"post-829746","1":"product","2":"type-product","3":"status-publish","4":"has-post-thumbnail","6":"product_cat-cuisine","8":"first","9":"instock","10":"taxable","11":"shipping-taxable","12":"product-type-simple","swatches":"rey-swatches","show_selected":"","stretch_labels":"rey-swatches--stretch-labels"},"acf":[],"yoast_head":"<!-- This site is optimized with the Yoast SEO plugin v25.4 - https:\/\/yoast.com\/wordpress\/plugins\/seo\/ -->\n<title>CUISINART Robot de cuisine 1.9L - dev6 Erresse<\/title>\n<meta name=\"description\" content=\"Faisant partie de notre collection Style, ce robot culinaire est con\u00e7u pour vous faire gagner du temps dans la cuisine. Son design \u00e9l\u00e9gant et sa taille\" \/>\n<meta name=\"robots\" content=\"noindex, follow, max-snippet:-1, max-image-preview:large, max-video-preview:-1\" \/>\n<meta property=\"og:locale\" content=\"fr_FR\" \/>\n<meta property=\"og:type\" content=\"article\" \/>\n<meta property=\"og:title\" content=\"CUISINART Robot de cuisine 1.9L - dev6 Erresse\" \/>\n<meta property=\"og:description\" content=\"Faisant partie de notre collection Style, ce robot culinaire est con\u00e7u pour vous faire gagner du temps dans la cuisine. Son design \u00e9l\u00e9gant et sa taille\" \/>\n<meta property=\"og:url\" content=\"https:\/\/dev6.erresse-shop.it\/fr\/shop\/cuisine\/cuisinart-robot-de-cuisine-1-9l\/\" \/>\n<meta property=\"og:site_name\" content=\"dev6 Erresse\" \/>\n<meta property=\"og:image\" content=\"https:\/\/interpim.erresse-shop.it\/wp-content\/uploads\/2022\/10\/CUISINART-Robot-da-Cucina-1.9L.jpg\/cuisinart-robot-da-cucina-1.9l.jpg\" \/><meta property=\"og:image\" content=\"https:\/\/interpim.erresse-shop.it\/wp-content\/uploads\/2022\/10\/CUISINART-Robot-da-Cucina-1.9L.jpg\/cuisinart-robot-da-cucina-1.9l.jpg\" \/>\n\t<meta property=\"og:image:width\" content=\"1024\" \/>\n\t<meta property=\"og:image:height\" content=\"1024\" \/>\n\t<meta property=\"og:image:type\" content=\"image\/jpeg\" \/>\n<meta name=\"twitter:card\" content=\"summary_large_image\" \/>\n<meta name=\"twitter:image\" content=\"https:\/\/interpim.erresse-shop.it\/wp-content\/uploads\/2022\/10\/CUISINART-Robot-da-Cucina-1.9L.jpg\/cuisinart-robot-da-cucina-1.9l.jpg\" \/>\n<script type=\"application\/ld+json\" class=\"yoast-schema-graph\">{\"@context\":\"https:\/\/schema.org\",\"@graph\":[{\"@type\":\"WebPage\",\"@id\":\"https:\/\/dev6.erresse-shop.it\/fr\/shop\/cuisine\/cuisinart-robot-de-cuisine-1-9l\/\",\"url\":\"https:\/\/dev6.erresse-shop.it\/fr\/shop\/cuisine\/cuisinart-robot-de-cuisine-1-9l\/\",\"name\":\"CUISINART Robot de cuisine 1.9L - dev6 Erresse\",\"isPartOf\":{\"@id\":\"https:\/\/dev6.erresse-shop.it\/#website\"},\"primaryImageOfPage\":{\"@id\":\"https:\/\/dev6.erresse-shop.it\/fr\/shop\/cuisine\/cuisinart-robot-de-cuisine-1-9l\/#primaryimage\"},\"image\":{\"@id\":\"https:\/\/dev6.erresse-shop.it\/fr\/shop\/cuisine\/cuisinart-robot-de-cuisine-1-9l\/#primaryimage\"},\"thumbnailUrl\":\"https:\/\/i3.wp.com\/interpim.erresse-shop.it\/wp-content\/uploads\/2022\/10\/CUISINART-Robot-da-Cucina-1.9L.jpg\/cuisinart-robot-da-cucina-1.9l.jpg?ssl=1\",\"datePublished\":\"2026-04-12T10:23:26+00:00\",\"description\":\"Faisant partie de notre collection Style, ce robot culinaire est con\u00e7u pour vous faire gagner du temps dans la cuisine. Son design \u00e9l\u00e9gant et sa taille\",\"breadcrumb\":{\"@id\":\"https:\/\/dev6.erresse-shop.it\/fr\/shop\/cuisine\/cuisinart-robot-de-cuisine-1-9l\/#breadcrumb\"},\"inLanguage\":\"fr-FR\",\"potentialAction\":[{\"@type\":\"ReadAction\",\"target\":[\"https:\/\/dev6.erresse-shop.it\/fr\/shop\/cuisine\/cuisinart-robot-de-cuisine-1-9l\/\"]}]},{\"@type\":\"ImageObject\",\"inLanguage\":\"fr-FR\",\"@id\":\"https:\/\/dev6.erresse-shop.it\/fr\/shop\/cuisine\/cuisinart-robot-de-cuisine-1-9l\/#primaryimage\",\"url\":\"https:\/\/i3.wp.com\/interpim.erresse-shop.it\/wp-content\/uploads\/2022\/10\/CUISINART-Robot-da-Cucina-1.9L.jpg\/cuisinart-robot-da-cucina-1.9l.jpg?ssl=1\",\"contentUrl\":\"https:\/\/i3.wp.com\/interpim.erresse-shop.it\/wp-content\/uploads\/2022\/10\/CUISINART-Robot-da-Cucina-1.9L.jpg\/cuisinart-robot-da-cucina-1.9l.jpg?ssl=1\"},{\"@type\":\"BreadcrumbList\",\"@id\":\"https:\/\/dev6.erresse-shop.it\/fr\/shop\/cuisine\/cuisinart-robot-de-cuisine-1-9l\/#breadcrumb\",\"itemListElement\":[{\"@type\":\"ListItem\",\"position\":1,\"name\":\"Home\",\"item\":\"https:\/\/dev6.erresse-shop.it\/\"},{\"@type\":\"ListItem\",\"position\":2,\"name\":\"Boutique\",\"item\":\"https:\/\/dev6.erresse-shop.it\/shop\/\"},{\"@type\":\"ListItem\",\"position\":3,\"name\":\"CUISINART Robot de cuisine 1.9L\"}]},{\"@type\":\"WebSite\",\"@id\":\"https:\/\/dev6.erresse-shop.it\/#website\",\"url\":\"https:\/\/dev6.erresse-shop.it\/\",\"name\":\"Erresse Shop\",\"description\":\"\",\"publisher\":{\"@id\":\"https:\/\/dev6.erresse-shop.it\/#organization\"},\"potentialAction\":[{\"@type\":\"SearchAction\",\"target\":{\"@type\":\"EntryPoint\",\"urlTemplate\":\"https:\/\/dev6.erresse-shop.it\/?s={search_term_string}\"},\"query-input\":{\"@type\":\"PropertyValueSpecification\",\"valueRequired\":true,\"valueName\":\"search_term_string\"}}],\"inLanguage\":\"fr-FR\"},{\"@type\":\"Organization\",\"@id\":\"https:\/\/dev6.erresse-shop.it\/#organization\",\"name\":\"Erresse Shop\",\"url\":\"https:\/\/dev6.erresse-shop.it\/\",\"logo\":{\"@type\":\"ImageObject\",\"inLanguage\":\"fr-FR\",\"@id\":\"https:\/\/dev6.erresse-shop.it\/#\/schema\/logo\/image\/\",\"url\":\"https:\/\/dev6.erresse-shop.it\/wp-content\/uploads\/2025\/01\/LOGO-ERRESSE-CLASSICO.svg\",\"contentUrl\":\"https:\/\/dev6.erresse-shop.it\/wp-content\/uploads\/2025\/01\/LOGO-ERRESSE-CLASSICO.svg\",\"caption\":\"Erresse Shop\"},\"image\":{\"@id\":\"https:\/\/dev6.erresse-shop.it\/#\/schema\/logo\/image\/\"}}]}<\/script>\n<!-- \/ Yoast SEO plugin. -->","yoast_head_json":{"title":"CUISINART Robot de cuisine 1.9L - dev6 Erresse","description":"Faisant partie de notre collection Style, ce robot culinaire est con\u00e7u pour vous faire gagner du temps dans la cuisine. Son design \u00e9l\u00e9gant et sa taille","robots":{"index":"noindex","follow":"follow","max-snippet":"max-snippet:-1","max-image-preview":"max-image-preview:large","max-video-preview":"max-video-preview:-1"},"og_locale":"fr_FR","og_type":"article","og_title":"CUISINART Robot de cuisine 1.9L - dev6 Erresse","og_description":"Faisant partie de notre collection Style, ce robot culinaire est con\u00e7u pour vous faire gagner du temps dans la cuisine. Son design \u00e9l\u00e9gant et sa taille","og_url":"https:\/\/dev6.erresse-shop.it\/fr\/shop\/cuisine\/cuisinart-robot-de-cuisine-1-9l\/","og_site_name":"dev6 Erresse","og_image":[{"url":"https:\/\/interpim.erresse-shop.it\/wp-content\/uploads\/2022\/10\/CUISINART-Robot-da-Cucina-1.9L.jpg\/cuisinart-robot-da-cucina-1.9l.jpg","type":"","width":"","height":""},{"url":"https:\/\/interpim.erresse-shop.it\/wp-content\/uploads\/2022\/10\/CUISINART-Robot-da-Cucina-1.9L.jpg\/cuisinart-robot-da-cucina-1.9l.jpg","width":1024,"height":1024,"type":"image\/jpeg"}],"twitter_card":"summary_large_image","twitter_image":"https:\/\/interpim.erresse-shop.it\/wp-content\/uploads\/2022\/10\/CUISINART-Robot-da-Cucina-1.9L.jpg\/cuisinart-robot-da-cucina-1.9l.jpg","schema":{"@context":"https:\/\/schema.org","@graph":[{"@type":"WebPage","@id":"https:\/\/dev6.erresse-shop.it\/fr\/shop\/cuisine\/cuisinart-robot-de-cuisine-1-9l\/","url":"https:\/\/dev6.erresse-shop.it\/fr\/shop\/cuisine\/cuisinart-robot-de-cuisine-1-9l\/","name":"CUISINART Robot de cuisine 1.9L - dev6 Erresse","isPartOf":{"@id":"https:\/\/dev6.erresse-shop.it\/#website"},"primaryImageOfPage":{"@id":"https:\/\/dev6.erresse-shop.it\/fr\/shop\/cuisine\/cuisinart-robot-de-cuisine-1-9l\/#primaryimage"},"image":{"@id":"https:\/\/dev6.erresse-shop.it\/fr\/shop\/cuisine\/cuisinart-robot-de-cuisine-1-9l\/#primaryimage"},"thumbnailUrl":"https:\/\/i3.wp.com\/interpim.erresse-shop.it\/wp-content\/uploads\/2022\/10\/CUISINART-Robot-da-Cucina-1.9L.jpg\/cuisinart-robot-da-cucina-1.9l.jpg?ssl=1","datePublished":"2026-04-12T10:23:26+00:00","description":"Faisant partie de notre collection Style, ce robot culinaire est con\u00e7u pour vous faire gagner du temps dans la cuisine. Son design \u00e9l\u00e9gant et sa taille","breadcrumb":{"@id":"https:\/\/dev6.erresse-shop.it\/fr\/shop\/cuisine\/cuisinart-robot-de-cuisine-1-9l\/#breadcrumb"},"inLanguage":"fr-FR","potentialAction":[{"@type":"ReadAction","target":["https:\/\/dev6.erresse-shop.it\/fr\/shop\/cuisine\/cuisinart-robot-de-cuisine-1-9l\/"]}]},{"@type":"ImageObject","inLanguage":"fr-FR","@id":"https:\/\/dev6.erresse-shop.it\/fr\/shop\/cuisine\/cuisinart-robot-de-cuisine-1-9l\/#primaryimage","url":"https:\/\/i3.wp.com\/interpim.erresse-shop.it\/wp-content\/uploads\/2022\/10\/CUISINART-Robot-da-Cucina-1.9L.jpg\/cuisinart-robot-da-cucina-1.9l.jpg?ssl=1","contentUrl":"https:\/\/i3.wp.com\/interpim.erresse-shop.it\/wp-content\/uploads\/2022\/10\/CUISINART-Robot-da-Cucina-1.9L.jpg\/cuisinart-robot-da-cucina-1.9l.jpg?ssl=1"},{"@type":"BreadcrumbList","@id":"https:\/\/dev6.erresse-shop.it\/fr\/shop\/cuisine\/cuisinart-robot-de-cuisine-1-9l\/#breadcrumb","itemListElement":[{"@type":"ListItem","position":1,"name":"Home","item":"https:\/\/dev6.erresse-shop.it\/"},{"@type":"ListItem","position":2,"name":"Boutique","item":"https:\/\/dev6.erresse-shop.it\/shop\/"},{"@type":"ListItem","position":3,"name":"CUISINART Robot de cuisine 1.9L"}]},{"@type":"WebSite","@id":"https:\/\/dev6.erresse-shop.it\/#website","url":"https:\/\/dev6.erresse-shop.it\/","name":"Erresse Shop","description":"","publisher":{"@id":"https:\/\/dev6.erresse-shop.it\/#organization"},"potentialAction":[{"@type":"SearchAction","target":{"@type":"EntryPoint","urlTemplate":"https:\/\/dev6.erresse-shop.it\/?s={search_term_string}"},"query-input":{"@type":"PropertyValueSpecification","valueRequired":true,"valueName":"search_term_string"}}],"inLanguage":"fr-FR"},{"@type":"Organization","@id":"https:\/\/dev6.erresse-shop.it\/#organization","name":"Erresse Shop","url":"https:\/\/dev6.erresse-shop.it\/","logo":{"@type":"ImageObject","inLanguage":"fr-FR","@id":"https:\/\/dev6.erresse-shop.it\/#\/schema\/logo\/image\/","url":"https:\/\/dev6.erresse-shop.it\/wp-content\/uploads\/2025\/01\/LOGO-ERRESSE-CLASSICO.svg","contentUrl":"https:\/\/dev6.erresse-shop.it\/wp-content\/uploads\/2025\/01\/LOGO-ERRESSE-CLASSICO.svg","caption":"Erresse Shop"},"image":{"@id":"https:\/\/dev6.erresse-shop.it\/#\/schema\/logo\/image\/"}}]}},"df_price":"","df_sale_price":"","df_regular_price":"","df_image_link":"https:\/\/i3.wp.com\/interpim.erresse-shop.it\/wp-content\/uploads\/2022\/10\/CUISINART-Robot-da-Cucina-1.9L.jpg\/cuisinart-robot-da-cucina-1.9l.jpg?resize=300,300&ssl=1","fifu_image_url":"https:\/\/interpim.erresse-shop.it\/wp-content\/uploads\/2022\/10\/CUISINART-Robot-da-Cucina-1.9L.jpg\/cuisinart-robot-da-cucina-1.9l.jpg","_links":{"self":[{"href":"https:\/\/dev6.erresse-shop.it\/fr\/wp-json\/wp\/v2\/product\/829746","targetHints":{"allow":["GET"]}}],"collection":[{"href":"https:\/\/dev6.erresse-shop.it\/fr\/wp-json\/wp\/v2\/product"}],"about":[{"href":"https:\/\/dev6.erresse-shop.it\/fr\/wp-json\/wp\/v2\/types\/product"}],"wp:featuredmedia":[{"embeddable":true,"href":"https:\/\/dev6.erresse-shop.it\/fr\/wp-json\/wp\/v2\/media\/6372497"}],"wp:attachment":[{"href":"https:\/\/dev6.erresse-shop.it\/fr\/wp-json\/wp\/v2\/media?parent=829746"}],"wp:term":[{"taxonomy":"product_cat","embeddable":true,"href":"https:\/\/dev6.erresse-shop.it\/fr\/wp-json\/wp\/v2\/product_cat?post=829746"},{"taxonomy":"product_tag","embeddable":true,"href":"https:\/\/dev6.erresse-shop.it\/fr\/wp-json\/wp\/v2\/product_tag?post=829746"}],"curies":[{"name":"wp","href":"https:\/\/api.w.org\/{rel}","templated":true}]}}