{"id":829737,"date":"2026-04-12T12:23:26","date_gmt":"2026-04-12T10:23:26","guid":{"rendered":"https:\/\/dev6.erresse-shop.it\/shop\/non%20class\u00e9\/cuisinart-mini-machine-a-couper-le-bois-rose\/"},"modified":"2025-07-04T19:00:58","modified_gmt":"2025-07-04T17:00:58","slug":"cuisinart-mini-machine-a-couper-le-bois-rose","status":"publish","type":"product","link":"https:\/\/dev6.erresse-shop.it\/fr\/shop\/cuisine\/cuisinart-mini-machine-a-couper-le-bois-rose\/","title":{"rendered":"CUISINART Mini machine \u00e0 couper le bois rose"},"content":{"rendered":"<p>Ce mini robot culinaire fait partie de notre collection Style et est parfait dans n\u2019importe quelle cuisine. Il combine toutes les performances d\u2019un robot de cuisine avec des dimensions compactes et peu encombrantes.<\/p>\n<p>Utilisez-le pour hacher, m\u00e9langer, mixer et fouetter \u2013 parfait pour hacher et pr\u00e9parer des sauces.<\/p>\n<p>Le Cuisinart Mini Prep Pro a une capacit\u00e9 de 900 ml, vous pouvez rapidement et facilement hacher des oignons et de l\u2019ail, ainsi que faire de la chapelure et broyer des noix. Vous pouvez \u00e9galement pr\u00e9parer des sauces, du pesto, du houmous et de la mayonnaise. Il est \u00e9galement id\u00e9al pour m\u00e9langer de petites quantit\u00e9s comme les smoothies, les compotes et les aliments pour b\u00e9b\u00e9s.<\/p>\n<p>Il est tr\u00e8s facile \u00e0 utiliser avec une seule lame qui tourne dans les deux sens pour hacher\/m\u00e9langer ou broyer. Le bol et la lame vont au lave-vaisselle pour un nettoyage facile.<\/p>\n<p>ACCESSOIRES :<\/p>\n<p>Lame<br \/>\nSpatule<\/p>\n<p>CARACT\u00c9RISTIQUES TECHNIQUES :<\/p>\n<p>Lame en acier inoxydable de haute qualit\u00e9 et moteur puissant pour des performances optimales et des r\u00e9sultats uniformes.<br \/>\nMoteur \u00e0 courant alternatif de 250 W.<br \/>\nCapacit\u00e9 de 900 ml \u2013 format compact.<br \/>\nLa lame \u00e0 double face est aff\u00fbt\u00e9e d\u2019un c\u00f4t\u00e9 pour moudre et de l\u2019autre pour m\u00e9langer.<br \/>\nLa lame tourne dans les deux sens, ce qui permet de d\u00e9placer les ingr\u00e9dients dans le bol pour des r\u00e9sultats homog\u00e8nes.<br \/>\nConception compacte et l\u00e9g\u00e8re.<br \/>\nFonctionnement par impulsions pour un contr\u00f4le total.<br \/>\nConception compacte et l\u00e9g\u00e8re<br \/>\nLe syst\u00e8me BladeLock\u2122 maintient la lame bien en place pendant la coul\u00e9e.<br \/>\nLe trou dans le couvercle permet d\u2019ajouter lentement les liquides \u2013 id\u00e9al pour la mayonnaise.<br \/>\nLa lame, le couvercle et le bol sont enti\u00e8rement amovibles et vont au lave-vaisselle pour un nettoyage facile.<\/p>\n<p>Garantie de 5 ans<br \/>\nNe peut \u00eatre vendu en dehors de l\u2019Europe<\/p>\n","protected":false},"excerpt":{"rendered":"<p>Ce mini robot culinaire fait partie de notre collection Style et est parfait dans n\u2019importe quelle cuisine. Il combine toutes les performances d\u2019un robot de cuisine avec des dimensions compactes et peu encombrantes. Utilisez-le pour hacher, m\u00e9langer, mixer et fouetter \u2013 parfait pour hacher et pr\u00e9parer des sauces. Le Cuisinart Mini Prep Pro a une [&hellip;]<\/p>\n","protected":false},"featured_media":6372480,"template":"","meta":{"_acf_changed":false},"product_cat":[11992],"product_tag":[],"class_list":{"0":"post-829737","1":"product","2":"type-product","3":"status-publish","4":"has-post-thumbnail","6":"product_cat-cuisine","8":"first","9":"instock","10":"taxable","11":"shipping-taxable","12":"product-type-simple","swatches":"rey-swatches","show_selected":"","stretch_labels":"rey-swatches--stretch-labels"},"acf":[],"yoast_head":"<!-- This site is optimized with the Yoast SEO plugin v25.4 - https:\/\/yoast.com\/wordpress\/plugins\/seo\/ -->\n<title>CUISINART Mini machine \u00e0 couper le bois rose - dev6 Erresse<\/title>\n<meta name=\"description\" content=\"Ce mini robot culinaire fait partie de notre collection Style et est parfait dans n\u2019importe quelle cuisine. Il combine toutes les performances d\u2019un robot\" \/>\n<meta name=\"robots\" content=\"noindex, follow, max-snippet:-1, max-image-preview:large, max-video-preview:-1\" \/>\n<meta property=\"og:locale\" content=\"fr_FR\" \/>\n<meta property=\"og:type\" content=\"article\" \/>\n<meta property=\"og:title\" content=\"CUISINART Mini machine \u00e0 couper le bois rose - dev6 Erresse\" \/>\n<meta property=\"og:description\" content=\"Ce mini robot culinaire fait partie de notre collection Style et est parfait dans n\u2019importe quelle cuisine. Il combine toutes les performances d\u2019un robot\" \/>\n<meta property=\"og:url\" content=\"https:\/\/dev6.erresse-shop.it\/fr\/shop\/cuisine\/cuisinart-mini-machine-a-couper-le-bois-rose\/\" \/>\n<meta property=\"og:site_name\" content=\"dev6 Erresse\" \/>\n<meta property=\"og:image\" content=\"https:\/\/interpim.erresse-shop.it\/Import\/Prodotti\/cuisinart-mini-robot-rosa4.jpg\" \/><meta property=\"og:image\" content=\"https:\/\/interpim.erresse-shop.it\/Import\/Prodotti\/cuisinart-mini-robot-rosa4.jpg\" \/>\n\t<meta property=\"og:image:width\" content=\"1024\" \/>\n\t<meta property=\"og:image:height\" content=\"1024\" \/>\n\t<meta property=\"og:image:type\" content=\"image\/jpeg\" \/>\n<meta name=\"twitter:card\" content=\"summary_large_image\" \/>\n<meta name=\"twitter:image\" content=\"https:\/\/interpim.erresse-shop.it\/Import\/Prodotti\/cuisinart-mini-robot-rosa4.jpg\" \/>\n<script type=\"application\/ld+json\" class=\"yoast-schema-graph\">{\"@context\":\"https:\/\/schema.org\",\"@graph\":[{\"@type\":\"WebPage\",\"@id\":\"https:\/\/dev6.erresse-shop.it\/fr\/shop\/cuisine\/cuisinart-mini-machine-a-couper-le-bois-rose\/\",\"url\":\"https:\/\/dev6.erresse-shop.it\/fr\/shop\/cuisine\/cuisinart-mini-machine-a-couper-le-bois-rose\/\",\"name\":\"CUISINART Mini machine \u00e0 couper le bois rose - dev6 Erresse\",\"isPartOf\":{\"@id\":\"https:\/\/dev6.erresse-shop.it\/#website\"},\"primaryImageOfPage\":{\"@id\":\"https:\/\/dev6.erresse-shop.it\/fr\/shop\/cuisine\/cuisinart-mini-machine-a-couper-le-bois-rose\/#primaryimage\"},\"image\":{\"@id\":\"https:\/\/dev6.erresse-shop.it\/fr\/shop\/cuisine\/cuisinart-mini-machine-a-couper-le-bois-rose\/#primaryimage\"},\"thumbnailUrl\":\"https:\/\/i1.wp.com\/interpim.erresse-shop.it\/Import\/Prodotti\/cuisinart-mini-robot-rosa4.jpg?ssl=1\",\"datePublished\":\"2026-04-12T10:23:26+00:00\",\"description\":\"Ce mini robot culinaire fait partie de notre collection Style et est parfait dans n\u2019importe quelle cuisine. Il combine toutes les performances d\u2019un robot\",\"breadcrumb\":{\"@id\":\"https:\/\/dev6.erresse-shop.it\/fr\/shop\/cuisine\/cuisinart-mini-machine-a-couper-le-bois-rose\/#breadcrumb\"},\"inLanguage\":\"fr-FR\",\"potentialAction\":[{\"@type\":\"ReadAction\",\"target\":[\"https:\/\/dev6.erresse-shop.it\/fr\/shop\/cuisine\/cuisinart-mini-machine-a-couper-le-bois-rose\/\"]}]},{\"@type\":\"ImageObject\",\"inLanguage\":\"fr-FR\",\"@id\":\"https:\/\/dev6.erresse-shop.it\/fr\/shop\/cuisine\/cuisinart-mini-machine-a-couper-le-bois-rose\/#primaryimage\",\"url\":\"https:\/\/i1.wp.com\/interpim.erresse-shop.it\/Import\/Prodotti\/cuisinart-mini-robot-rosa4.jpg?ssl=1\",\"contentUrl\":\"https:\/\/i1.wp.com\/interpim.erresse-shop.it\/Import\/Prodotti\/cuisinart-mini-robot-rosa4.jpg?ssl=1\"},{\"@type\":\"BreadcrumbList\",\"@id\":\"https:\/\/dev6.erresse-shop.it\/fr\/shop\/cuisine\/cuisinart-mini-machine-a-couper-le-bois-rose\/#breadcrumb\",\"itemListElement\":[{\"@type\":\"ListItem\",\"position\":1,\"name\":\"Home\",\"item\":\"https:\/\/dev6.erresse-shop.it\/\"},{\"@type\":\"ListItem\",\"position\":2,\"name\":\"Boutique\",\"item\":\"https:\/\/dev6.erresse-shop.it\/shop\/\"},{\"@type\":\"ListItem\",\"position\":3,\"name\":\"CUISINART Mini machine \u00e0 couper le bois rose\"}]},{\"@type\":\"WebSite\",\"@id\":\"https:\/\/dev6.erresse-shop.it\/#website\",\"url\":\"https:\/\/dev6.erresse-shop.it\/\",\"name\":\"Erresse Shop\",\"description\":\"\",\"publisher\":{\"@id\":\"https:\/\/dev6.erresse-shop.it\/#organization\"},\"potentialAction\":[{\"@type\":\"SearchAction\",\"target\":{\"@type\":\"EntryPoint\",\"urlTemplate\":\"https:\/\/dev6.erresse-shop.it\/?s={search_term_string}\"},\"query-input\":{\"@type\":\"PropertyValueSpecification\",\"valueRequired\":true,\"valueName\":\"search_term_string\"}}],\"inLanguage\":\"fr-FR\"},{\"@type\":\"Organization\",\"@id\":\"https:\/\/dev6.erresse-shop.it\/#organization\",\"name\":\"Erresse Shop\",\"url\":\"https:\/\/dev6.erresse-shop.it\/\",\"logo\":{\"@type\":\"ImageObject\",\"inLanguage\":\"fr-FR\",\"@id\":\"https:\/\/dev6.erresse-shop.it\/#\/schema\/logo\/image\/\",\"url\":\"https:\/\/dev6.erresse-shop.it\/wp-content\/uploads\/2025\/01\/LOGO-ERRESSE-CLASSICO.svg\",\"contentUrl\":\"https:\/\/dev6.erresse-shop.it\/wp-content\/uploads\/2025\/01\/LOGO-ERRESSE-CLASSICO.svg\",\"caption\":\"Erresse Shop\"},\"image\":{\"@id\":\"https:\/\/dev6.erresse-shop.it\/#\/schema\/logo\/image\/\"}}]}<\/script>\n<!-- \/ Yoast SEO plugin. -->","yoast_head_json":{"title":"CUISINART Mini machine \u00e0 couper le bois rose - dev6 Erresse","description":"Ce mini robot culinaire fait partie de notre collection Style et est parfait dans n\u2019importe quelle cuisine. Il combine toutes les performances d\u2019un robot","robots":{"index":"noindex","follow":"follow","max-snippet":"max-snippet:-1","max-image-preview":"max-image-preview:large","max-video-preview":"max-video-preview:-1"},"og_locale":"fr_FR","og_type":"article","og_title":"CUISINART Mini machine \u00e0 couper le bois rose - dev6 Erresse","og_description":"Ce mini robot culinaire fait partie de notre collection Style et est parfait dans n\u2019importe quelle cuisine. Il combine toutes les performances d\u2019un robot","og_url":"https:\/\/dev6.erresse-shop.it\/fr\/shop\/cuisine\/cuisinart-mini-machine-a-couper-le-bois-rose\/","og_site_name":"dev6 Erresse","og_image":[{"url":"https:\/\/interpim.erresse-shop.it\/Import\/Prodotti\/cuisinart-mini-robot-rosa4.jpg","type":"","width":"","height":""},{"url":"https:\/\/interpim.erresse-shop.it\/Import\/Prodotti\/cuisinart-mini-robot-rosa4.jpg","width":1024,"height":1024,"type":"image\/jpeg"}],"twitter_card":"summary_large_image","twitter_image":"https:\/\/interpim.erresse-shop.it\/Import\/Prodotti\/cuisinart-mini-robot-rosa4.jpg","schema":{"@context":"https:\/\/schema.org","@graph":[{"@type":"WebPage","@id":"https:\/\/dev6.erresse-shop.it\/fr\/shop\/cuisine\/cuisinart-mini-machine-a-couper-le-bois-rose\/","url":"https:\/\/dev6.erresse-shop.it\/fr\/shop\/cuisine\/cuisinart-mini-machine-a-couper-le-bois-rose\/","name":"CUISINART Mini machine \u00e0 couper le bois rose - dev6 Erresse","isPartOf":{"@id":"https:\/\/dev6.erresse-shop.it\/#website"},"primaryImageOfPage":{"@id":"https:\/\/dev6.erresse-shop.it\/fr\/shop\/cuisine\/cuisinart-mini-machine-a-couper-le-bois-rose\/#primaryimage"},"image":{"@id":"https:\/\/dev6.erresse-shop.it\/fr\/shop\/cuisine\/cuisinart-mini-machine-a-couper-le-bois-rose\/#primaryimage"},"thumbnailUrl":"https:\/\/i1.wp.com\/interpim.erresse-shop.it\/Import\/Prodotti\/cuisinart-mini-robot-rosa4.jpg?ssl=1","datePublished":"2026-04-12T10:23:26+00:00","description":"Ce mini robot culinaire fait partie de notre collection Style et est parfait dans n\u2019importe quelle cuisine. Il combine toutes les performances d\u2019un robot","breadcrumb":{"@id":"https:\/\/dev6.erresse-shop.it\/fr\/shop\/cuisine\/cuisinart-mini-machine-a-couper-le-bois-rose\/#breadcrumb"},"inLanguage":"fr-FR","potentialAction":[{"@type":"ReadAction","target":["https:\/\/dev6.erresse-shop.it\/fr\/shop\/cuisine\/cuisinart-mini-machine-a-couper-le-bois-rose\/"]}]},{"@type":"ImageObject","inLanguage":"fr-FR","@id":"https:\/\/dev6.erresse-shop.it\/fr\/shop\/cuisine\/cuisinart-mini-machine-a-couper-le-bois-rose\/#primaryimage","url":"https:\/\/i1.wp.com\/interpim.erresse-shop.it\/Import\/Prodotti\/cuisinart-mini-robot-rosa4.jpg?ssl=1","contentUrl":"https:\/\/i1.wp.com\/interpim.erresse-shop.it\/Import\/Prodotti\/cuisinart-mini-robot-rosa4.jpg?ssl=1"},{"@type":"BreadcrumbList","@id":"https:\/\/dev6.erresse-shop.it\/fr\/shop\/cuisine\/cuisinart-mini-machine-a-couper-le-bois-rose\/#breadcrumb","itemListElement":[{"@type":"ListItem","position":1,"name":"Home","item":"https:\/\/dev6.erresse-shop.it\/"},{"@type":"ListItem","position":2,"name":"Boutique","item":"https:\/\/dev6.erresse-shop.it\/shop\/"},{"@type":"ListItem","position":3,"name":"CUISINART Mini machine \u00e0 couper le bois rose"}]},{"@type":"WebSite","@id":"https:\/\/dev6.erresse-shop.it\/#website","url":"https:\/\/dev6.erresse-shop.it\/","name":"Erresse Shop","description":"","publisher":{"@id":"https:\/\/dev6.erresse-shop.it\/#organization"},"potentialAction":[{"@type":"SearchAction","target":{"@type":"EntryPoint","urlTemplate":"https:\/\/dev6.erresse-shop.it\/?s={search_term_string}"},"query-input":{"@type":"PropertyValueSpecification","valueRequired":true,"valueName":"search_term_string"}}],"inLanguage":"fr-FR"},{"@type":"Organization","@id":"https:\/\/dev6.erresse-shop.it\/#organization","name":"Erresse Shop","url":"https:\/\/dev6.erresse-shop.it\/","logo":{"@type":"ImageObject","inLanguage":"fr-FR","@id":"https:\/\/dev6.erresse-shop.it\/#\/schema\/logo\/image\/","url":"https:\/\/dev6.erresse-shop.it\/wp-content\/uploads\/2025\/01\/LOGO-ERRESSE-CLASSICO.svg","contentUrl":"https:\/\/dev6.erresse-shop.it\/wp-content\/uploads\/2025\/01\/LOGO-ERRESSE-CLASSICO.svg","caption":"Erresse Shop"},"image":{"@id":"https:\/\/dev6.erresse-shop.it\/#\/schema\/logo\/image\/"}}]}},"df_price":"","df_sale_price":"","df_regular_price":"","df_image_link":"https:\/\/i1.wp.com\/interpim.erresse-shop.it\/Import\/Prodotti\/cuisinart-mini-robot-rosa4.jpg?resize=300,300&ssl=1","fifu_image_url":"https:\/\/interpim.erresse-shop.it\/Import\/Prodotti\/cuisinart-mini-robot-rosa4.jpg","_links":{"self":[{"href":"https:\/\/dev6.erresse-shop.it\/fr\/wp-json\/wp\/v2\/product\/829737","targetHints":{"allow":["GET"]}}],"collection":[{"href":"https:\/\/dev6.erresse-shop.it\/fr\/wp-json\/wp\/v2\/product"}],"about":[{"href":"https:\/\/dev6.erresse-shop.it\/fr\/wp-json\/wp\/v2\/types\/product"}],"wp:featuredmedia":[{"embeddable":true,"href":"https:\/\/dev6.erresse-shop.it\/fr\/wp-json\/wp\/v2\/media\/6372480"}],"wp:attachment":[{"href":"https:\/\/dev6.erresse-shop.it\/fr\/wp-json\/wp\/v2\/media?parent=829737"}],"wp:term":[{"taxonomy":"product_cat","embeddable":true,"href":"https:\/\/dev6.erresse-shop.it\/fr\/wp-json\/wp\/v2\/product_cat?post=829737"},{"taxonomy":"product_tag","embeddable":true,"href":"https:\/\/dev6.erresse-shop.it\/fr\/wp-json\/wp\/v2\/product_tag?post=829737"}],"curies":[{"name":"wp","href":"https:\/\/api.w.org\/{rel}","templated":true}]}}