{"id":829726,"date":"2026-04-12T12:23:26","date_gmt":"2026-04-12T10:23:26","guid":{"rendered":"https:\/\/dev6.erresse-shop.it\/shop\/non%20class\u00e9\/cuisinart-ouvre-bouteille-electrique\/"},"modified":"2025-07-04T19:00:48","modified_gmt":"2025-07-04T17:00:48","slug":"cuisinart-ouvre-bouteille-electrique","status":"publish","type":"product","link":"https:\/\/dev6.erresse-shop.it\/fr\/shop\/cuisine\/cuisinart-ouvre-bouteille-electrique\/","title":{"rendered":"CUISINART Ouvre-bouteille \u00e9lectrique"},"content":{"rendered":"<p>COLLECTION SANS FIL<\/p>\n<p>Faisant partie de notre collection sans fil, cet \u00e9l\u00e9gant d\u00e9capsuleur automatique ouvrira vos bouteilles pr\u00e9f\u00e9r\u00e9es en toute simplicit\u00e9. Il d\u00e9tecte, retire et \u00e9jecte le bouchon en une seule action et est livr\u00e9 avec tous les accessoires n\u00e9cessaires pour ouvrir, verser et conserver le vin.<\/p>\n<p>Ouvrir vos bouteilles de vin pr\u00e9f\u00e9r\u00e9es ne peut \u00eatre plus facile avec notre d\u00e9capsuleur automatique sans fil. Il est \u00e9quip\u00e9 d\u2019un couteau int\u00e9gr\u00e9 pour retirer l\u2019emballage en aluminium de la bouteille. Une fois en place, il d\u00e9tecte automatiquement le bouchon et le retire en une seule \u00e9tape facile.<\/p>\n<p>Un bec verseur pour le vin est \u00e9galement inclus : il suffit de l\u2019ins\u00e9rer dans la bouteille ouverte pour laisser le vin s\u2019a\u00e9rer et am\u00e9liorer son go\u00fbt lorsque vous le versez. Il y a aussi une scelleuse sous vide avec indicateur de date pour pr\u00e9server la fra\u00eecheur de tout vin non termin\u00e9 et se souvenir de la date de la premi\u00e8re ouverture de la bouteille.<\/p>\n<p>Aliment\u00e9 par des batteries lithium-ion et un chargeur USB, cet ouvre-bouteille automatique sans fil sera toujours pr\u00eat lorsque vous en aurez besoin, puisque jusqu\u2019\u00e0 50 bouteilles peuvent \u00eatre ouvertes sur une charge compl\u00e8te de 2\u00bd heures. Gr\u00e2ce \u00e0 la technologie lithium-ion, il vous offrira des performances in\u00e9gal\u00e9es m\u00eame lorsque le niveau de la batterie est faible.<\/p>\n<p>Le t\u00e9moin lumineux du niveau de la batterie vous permet de savoir quand la charge est faible.<\/p>\n<p>Notre d\u00e9capsuleur automatique sans fil est le cadeau id\u00e9al pour les amateurs de vin et fonctionne avec les bouchons naturels et synth\u00e9tiques.<\/p>\n<p>CARACT\u00c9RISTIQUES TECHNIQUES :<\/p>\n<p>Ouvre automatiquement les bouchons naturels et synth\u00e9tiques<br \/>\nSans fil pour une flexibilit\u00e9 et une facilit\u00e9 d\u2019utilisation maximales<br \/>\nTaille compacte<br \/>\nRecharge compl\u00e8te en 2\u00bd heures pour ouvrir jusqu\u2019\u00e0 50 bouteilles<br \/>\nBatterie lithium-ion pour des performances constantes et de haute puissance<br \/>\nLes indicateurs lumineux de la batterie indiquent le niveau de charge<br \/>\nC\u00e2ble USB et adaptateur inclus<br \/>\nCoupe-capsules inclus<br \/>\nBec verseur pour le vin inclus<br \/>\nScelleur sous vide avec indicateur de date inclus, pour pr\u00e9server le go\u00fbt des vins non finis.<\/p>\n<p>Garantie de 2 ans<br \/>\nNe peut \u00eatre vendu en dehors de l\u2019Europe<\/p>\n","protected":false},"excerpt":{"rendered":"<p>COLLECTION SANS FIL Faisant partie de notre collection sans fil, cet \u00e9l\u00e9gant d\u00e9capsuleur automatique ouvrira vos bouteilles pr\u00e9f\u00e9r\u00e9es en toute simplicit\u00e9. Il d\u00e9tecte, retire et \u00e9jecte le bouchon en une seule action et est livr\u00e9 avec tous les accessoires n\u00e9cessaires pour ouvrir, verser et conserver le vin. Ouvrir vos bouteilles de vin pr\u00e9f\u00e9r\u00e9es ne peut [&hellip;]<\/p>\n","protected":false},"featured_media":6372445,"template":"","meta":{"_acf_changed":false},"product_cat":[11992],"product_tag":[],"class_list":{"0":"post-829726","1":"product","2":"type-product","3":"status-publish","4":"has-post-thumbnail","6":"product_cat-cuisine","8":"first","9":"instock","10":"taxable","11":"shipping-taxable","12":"product-type-simple","swatches":"rey-swatches","show_selected":"","stretch_labels":"rey-swatches--stretch-labels"},"acf":[],"yoast_head":"<!-- This site is optimized with the Yoast SEO plugin v25.4 - https:\/\/yoast.com\/wordpress\/plugins\/seo\/ -->\n<title>CUISINART Ouvre-bouteille \u00e9lectrique - dev6 Erresse<\/title>\n<meta name=\"description\" content=\"COLLECTION SANS FIL Faisant partie de notre collection sans fil, cet \u00e9l\u00e9gant d\u00e9capsuleur automatique ouvrira vos bouteilles pr\u00e9f\u00e9r\u00e9es en toute simplicit\u00e9.\" \/>\n<meta name=\"robots\" content=\"noindex, follow, max-snippet:-1, max-image-preview:large, max-video-preview:-1\" \/>\n<meta property=\"og:locale\" content=\"fr_FR\" \/>\n<meta property=\"og:type\" content=\"article\" \/>\n<meta property=\"og:title\" content=\"CUISINART Ouvre-bouteille \u00e9lectrique - dev6 Erresse\" \/>\n<meta property=\"og:description\" content=\"COLLECTION SANS FIL Faisant partie de notre collection sans fil, cet \u00e9l\u00e9gant d\u00e9capsuleur automatique ouvrira vos bouteilles pr\u00e9f\u00e9r\u00e9es en toute simplicit\u00e9.\" \/>\n<meta property=\"og:url\" content=\"https:\/\/dev6.erresse-shop.it\/fr\/shop\/cuisine\/cuisinart-ouvre-bouteille-electrique\/\" \/>\n<meta property=\"og:site_name\" content=\"dev6 Erresse\" \/>\n<meta property=\"og:image\" content=\"https:\/\/interpim.erresse-shop.it\/Import\/Prodotti\/apri-vino-amb-1-rwo100e-image-4.jpg\" \/><meta property=\"og:image\" content=\"https:\/\/interpim.erresse-shop.it\/Import\/Prodotti\/apri-vino-amb-1-rwo100e-image-4.jpg\" \/>\n\t<meta property=\"og:image:width\" content=\"1024\" \/>\n\t<meta property=\"og:image:height\" content=\"1024\" \/>\n\t<meta property=\"og:image:type\" content=\"image\/jpeg\" \/>\n<meta name=\"twitter:card\" content=\"summary_large_image\" \/>\n<meta name=\"twitter:image\" content=\"https:\/\/interpim.erresse-shop.it\/Import\/Prodotti\/apri-vino-amb-1-rwo100e-image-4.jpg\" \/>\n<script type=\"application\/ld+json\" class=\"yoast-schema-graph\">{\"@context\":\"https:\/\/schema.org\",\"@graph\":[{\"@type\":\"WebPage\",\"@id\":\"https:\/\/dev6.erresse-shop.it\/fr\/shop\/cuisine\/cuisinart-ouvre-bouteille-electrique\/\",\"url\":\"https:\/\/dev6.erresse-shop.it\/fr\/shop\/cuisine\/cuisinart-ouvre-bouteille-electrique\/\",\"name\":\"CUISINART Ouvre-bouteille \u00e9lectrique - dev6 Erresse\",\"isPartOf\":{\"@id\":\"https:\/\/dev6.erresse-shop.it\/#website\"},\"primaryImageOfPage\":{\"@id\":\"https:\/\/dev6.erresse-shop.it\/fr\/shop\/cuisine\/cuisinart-ouvre-bouteille-electrique\/#primaryimage\"},\"image\":{\"@id\":\"https:\/\/dev6.erresse-shop.it\/fr\/shop\/cuisine\/cuisinart-ouvre-bouteille-electrique\/#primaryimage\"},\"thumbnailUrl\":\"https:\/\/i3.wp.com\/interpim.erresse-shop.it\/Import\/Prodotti\/apri-vino-amb-1-rwo100e-image-4.jpg?ssl=1\",\"datePublished\":\"2026-04-12T10:23:26+00:00\",\"description\":\"COLLECTION SANS FIL Faisant partie de notre collection sans fil, cet \u00e9l\u00e9gant d\u00e9capsuleur automatique ouvrira vos bouteilles pr\u00e9f\u00e9r\u00e9es en toute simplicit\u00e9.\",\"breadcrumb\":{\"@id\":\"https:\/\/dev6.erresse-shop.it\/fr\/shop\/cuisine\/cuisinart-ouvre-bouteille-electrique\/#breadcrumb\"},\"inLanguage\":\"fr-FR\",\"potentialAction\":[{\"@type\":\"ReadAction\",\"target\":[\"https:\/\/dev6.erresse-shop.it\/fr\/shop\/cuisine\/cuisinart-ouvre-bouteille-electrique\/\"]}]},{\"@type\":\"ImageObject\",\"inLanguage\":\"fr-FR\",\"@id\":\"https:\/\/dev6.erresse-shop.it\/fr\/shop\/cuisine\/cuisinart-ouvre-bouteille-electrique\/#primaryimage\",\"url\":\"https:\/\/i3.wp.com\/interpim.erresse-shop.it\/Import\/Prodotti\/apri-vino-amb-1-rwo100e-image-4.jpg?ssl=1\",\"contentUrl\":\"https:\/\/i3.wp.com\/interpim.erresse-shop.it\/Import\/Prodotti\/apri-vino-amb-1-rwo100e-image-4.jpg?ssl=1\"},{\"@type\":\"BreadcrumbList\",\"@id\":\"https:\/\/dev6.erresse-shop.it\/fr\/shop\/cuisine\/cuisinart-ouvre-bouteille-electrique\/#breadcrumb\",\"itemListElement\":[{\"@type\":\"ListItem\",\"position\":1,\"name\":\"Home\",\"item\":\"https:\/\/dev6.erresse-shop.it\/\"},{\"@type\":\"ListItem\",\"position\":2,\"name\":\"Boutique\",\"item\":\"https:\/\/dev6.erresse-shop.it\/shop\/\"},{\"@type\":\"ListItem\",\"position\":3,\"name\":\"CUISINART Ouvre-bouteille \u00e9lectrique\"}]},{\"@type\":\"WebSite\",\"@id\":\"https:\/\/dev6.erresse-shop.it\/#website\",\"url\":\"https:\/\/dev6.erresse-shop.it\/\",\"name\":\"Erresse Shop\",\"description\":\"\",\"publisher\":{\"@id\":\"https:\/\/dev6.erresse-shop.it\/#organization\"},\"potentialAction\":[{\"@type\":\"SearchAction\",\"target\":{\"@type\":\"EntryPoint\",\"urlTemplate\":\"https:\/\/dev6.erresse-shop.it\/?s={search_term_string}\"},\"query-input\":{\"@type\":\"PropertyValueSpecification\",\"valueRequired\":true,\"valueName\":\"search_term_string\"}}],\"inLanguage\":\"fr-FR\"},{\"@type\":\"Organization\",\"@id\":\"https:\/\/dev6.erresse-shop.it\/#organization\",\"name\":\"Erresse Shop\",\"url\":\"https:\/\/dev6.erresse-shop.it\/\",\"logo\":{\"@type\":\"ImageObject\",\"inLanguage\":\"fr-FR\",\"@id\":\"https:\/\/dev6.erresse-shop.it\/#\/schema\/logo\/image\/\",\"url\":\"https:\/\/dev6.erresse-shop.it\/wp-content\/uploads\/2025\/01\/LOGO-ERRESSE-CLASSICO.svg\",\"contentUrl\":\"https:\/\/dev6.erresse-shop.it\/wp-content\/uploads\/2025\/01\/LOGO-ERRESSE-CLASSICO.svg\",\"caption\":\"Erresse Shop\"},\"image\":{\"@id\":\"https:\/\/dev6.erresse-shop.it\/#\/schema\/logo\/image\/\"}}]}<\/script>\n<!-- \/ Yoast SEO plugin. -->","yoast_head_json":{"title":"CUISINART Ouvre-bouteille \u00e9lectrique - dev6 Erresse","description":"COLLECTION SANS FIL Faisant partie de notre collection sans fil, cet \u00e9l\u00e9gant d\u00e9capsuleur automatique ouvrira vos bouteilles pr\u00e9f\u00e9r\u00e9es en toute simplicit\u00e9.","robots":{"index":"noindex","follow":"follow","max-snippet":"max-snippet:-1","max-image-preview":"max-image-preview:large","max-video-preview":"max-video-preview:-1"},"og_locale":"fr_FR","og_type":"article","og_title":"CUISINART Ouvre-bouteille \u00e9lectrique - dev6 Erresse","og_description":"COLLECTION SANS FIL Faisant partie de notre collection sans fil, cet \u00e9l\u00e9gant d\u00e9capsuleur automatique ouvrira vos bouteilles pr\u00e9f\u00e9r\u00e9es en toute simplicit\u00e9.","og_url":"https:\/\/dev6.erresse-shop.it\/fr\/shop\/cuisine\/cuisinart-ouvre-bouteille-electrique\/","og_site_name":"dev6 Erresse","og_image":[{"url":"https:\/\/interpim.erresse-shop.it\/Import\/Prodotti\/apri-vino-amb-1-rwo100e-image-4.jpg","type":"","width":"","height":""},{"url":"https:\/\/interpim.erresse-shop.it\/Import\/Prodotti\/apri-vino-amb-1-rwo100e-image-4.jpg","width":1024,"height":1024,"type":"image\/jpeg"}],"twitter_card":"summary_large_image","twitter_image":"https:\/\/interpim.erresse-shop.it\/Import\/Prodotti\/apri-vino-amb-1-rwo100e-image-4.jpg","schema":{"@context":"https:\/\/schema.org","@graph":[{"@type":"WebPage","@id":"https:\/\/dev6.erresse-shop.it\/fr\/shop\/cuisine\/cuisinart-ouvre-bouteille-electrique\/","url":"https:\/\/dev6.erresse-shop.it\/fr\/shop\/cuisine\/cuisinart-ouvre-bouteille-electrique\/","name":"CUISINART Ouvre-bouteille \u00e9lectrique - dev6 Erresse","isPartOf":{"@id":"https:\/\/dev6.erresse-shop.it\/#website"},"primaryImageOfPage":{"@id":"https:\/\/dev6.erresse-shop.it\/fr\/shop\/cuisine\/cuisinart-ouvre-bouteille-electrique\/#primaryimage"},"image":{"@id":"https:\/\/dev6.erresse-shop.it\/fr\/shop\/cuisine\/cuisinart-ouvre-bouteille-electrique\/#primaryimage"},"thumbnailUrl":"https:\/\/i3.wp.com\/interpim.erresse-shop.it\/Import\/Prodotti\/apri-vino-amb-1-rwo100e-image-4.jpg?ssl=1","datePublished":"2026-04-12T10:23:26+00:00","description":"COLLECTION SANS FIL Faisant partie de notre collection sans fil, cet \u00e9l\u00e9gant d\u00e9capsuleur automatique ouvrira vos bouteilles pr\u00e9f\u00e9r\u00e9es en toute simplicit\u00e9.","breadcrumb":{"@id":"https:\/\/dev6.erresse-shop.it\/fr\/shop\/cuisine\/cuisinart-ouvre-bouteille-electrique\/#breadcrumb"},"inLanguage":"fr-FR","potentialAction":[{"@type":"ReadAction","target":["https:\/\/dev6.erresse-shop.it\/fr\/shop\/cuisine\/cuisinart-ouvre-bouteille-electrique\/"]}]},{"@type":"ImageObject","inLanguage":"fr-FR","@id":"https:\/\/dev6.erresse-shop.it\/fr\/shop\/cuisine\/cuisinart-ouvre-bouteille-electrique\/#primaryimage","url":"https:\/\/i3.wp.com\/interpim.erresse-shop.it\/Import\/Prodotti\/apri-vino-amb-1-rwo100e-image-4.jpg?ssl=1","contentUrl":"https:\/\/i3.wp.com\/interpim.erresse-shop.it\/Import\/Prodotti\/apri-vino-amb-1-rwo100e-image-4.jpg?ssl=1"},{"@type":"BreadcrumbList","@id":"https:\/\/dev6.erresse-shop.it\/fr\/shop\/cuisine\/cuisinart-ouvre-bouteille-electrique\/#breadcrumb","itemListElement":[{"@type":"ListItem","position":1,"name":"Home","item":"https:\/\/dev6.erresse-shop.it\/"},{"@type":"ListItem","position":2,"name":"Boutique","item":"https:\/\/dev6.erresse-shop.it\/shop\/"},{"@type":"ListItem","position":3,"name":"CUISINART Ouvre-bouteille \u00e9lectrique"}]},{"@type":"WebSite","@id":"https:\/\/dev6.erresse-shop.it\/#website","url":"https:\/\/dev6.erresse-shop.it\/","name":"Erresse Shop","description":"","publisher":{"@id":"https:\/\/dev6.erresse-shop.it\/#organization"},"potentialAction":[{"@type":"SearchAction","target":{"@type":"EntryPoint","urlTemplate":"https:\/\/dev6.erresse-shop.it\/?s={search_term_string}"},"query-input":{"@type":"PropertyValueSpecification","valueRequired":true,"valueName":"search_term_string"}}],"inLanguage":"fr-FR"},{"@type":"Organization","@id":"https:\/\/dev6.erresse-shop.it\/#organization","name":"Erresse Shop","url":"https:\/\/dev6.erresse-shop.it\/","logo":{"@type":"ImageObject","inLanguage":"fr-FR","@id":"https:\/\/dev6.erresse-shop.it\/#\/schema\/logo\/image\/","url":"https:\/\/dev6.erresse-shop.it\/wp-content\/uploads\/2025\/01\/LOGO-ERRESSE-CLASSICO.svg","contentUrl":"https:\/\/dev6.erresse-shop.it\/wp-content\/uploads\/2025\/01\/LOGO-ERRESSE-CLASSICO.svg","caption":"Erresse Shop"},"image":{"@id":"https:\/\/dev6.erresse-shop.it\/#\/schema\/logo\/image\/"}}]}},"df_price":"","df_sale_price":"","df_regular_price":"","df_image_link":"https:\/\/i3.wp.com\/interpim.erresse-shop.it\/Import\/Prodotti\/apri-vino-amb-1-rwo100e-image-4.jpg?resize=300,300&ssl=1","fifu_image_url":"https:\/\/interpim.erresse-shop.it\/Import\/Prodotti\/apri-vino-amb-1-rwo100e-image-4.jpg","_links":{"self":[{"href":"https:\/\/dev6.erresse-shop.it\/fr\/wp-json\/wp\/v2\/product\/829726","targetHints":{"allow":["GET"]}}],"collection":[{"href":"https:\/\/dev6.erresse-shop.it\/fr\/wp-json\/wp\/v2\/product"}],"about":[{"href":"https:\/\/dev6.erresse-shop.it\/fr\/wp-json\/wp\/v2\/types\/product"}],"wp:featuredmedia":[{"embeddable":true,"href":"https:\/\/dev6.erresse-shop.it\/fr\/wp-json\/wp\/v2\/media\/6372445"}],"wp:attachment":[{"href":"https:\/\/dev6.erresse-shop.it\/fr\/wp-json\/wp\/v2\/media?parent=829726"}],"wp:term":[{"taxonomy":"product_cat","embeddable":true,"href":"https:\/\/dev6.erresse-shop.it\/fr\/wp-json\/wp\/v2\/product_cat?post=829726"},{"taxonomy":"product_tag","embeddable":true,"href":"https:\/\/dev6.erresse-shop.it\/fr\/wp-json\/wp\/v2\/product_tag?post=829726"}],"curies":[{"name":"wp","href":"https:\/\/api.w.org\/{rel}","templated":true}]}}