{"id":829701,"date":"2026-04-12T12:23:26","date_gmt":"2026-04-12T10:23:26","guid":{"rendered":"https:\/\/dev6.erresse-shop.it\/shop\/non%20class\u00e9\/cuisinart-fouet-electrique-sans-fil\/"},"modified":"2025-07-04T19:00:44","modified_gmt":"2025-07-04T17:00:44","slug":"cuisinart-fouet-electrique-sans-fil","status":"publish","type":"product","link":"https:\/\/dev6.erresse-shop.it\/fr\/shop\/cuisine\/cuisinart-fouet-electrique-sans-fil\/","title":{"rendered":"CUISINART Fouet \u00e9lectrique Sans Fil"},"content":{"rendered":"<p>COLLECTION SANS FIL<\/p>\n<p>Faisant partie de notre collection sans fil, ce batteur \u00e9lectrique avec fouets en acier inoxydable sans fil permet de m\u00e9langer sans effort les pr\u00e9parations et les gla\u00e7ages et de fouetter les meringues et la cr\u00e8me en quelques secondes. Il est \u00e9galement id\u00e9al pour \u00e9craser les pommes de terre.<\/p>\n<p>Comme il est sans fil, vous n\u2019avez pas \u00e0 vous soucier d\u2019avoir une prise de courant libre \u00e0 proximit\u00e9 : vous pouvez pr\u00e9parer votre recette n\u2019importe o\u00f9 dans la cuisine, de l\u2019\u00eelot \u00e0 la table de cuisson ou au plan de travail, sans que les fils ne vous g\u00eanent.<\/p>\n<p>Ce batteur \u00e9lectrique sans fil Cuisinart est super puissant, avec 5 r\u00e9glages de vitesse pour vous donner un contr\u00f4le total pour chaque type de pr\u00e9paration. Commencez lentement et augmentez la vitesse pour \u00e9viter que les ingr\u00e9dients n\u2019\u00e9claboussent. Les r\u00e9glages peuvent \u00eatre facilement ajust\u00e9s d\u2019une seule main pendant l\u2019utilisation : utilisez une vitesse douce pour fouetter la cr\u00e8me et une vitesse plus \u00e9lev\u00e9e pour la cr\u00e8me au beurre ou les p\u00e2tes plus \u00e9paisses.<\/p>\n<p>Gr\u00e2ce \u00e0 leur conception pratique, les fouets restent relev\u00e9s lorsqu\u2019ils reposent sur le plan de travail et peuvent \u00eatre facilement rang\u00e9s apr\u00e8s utilisation. Les fouets en acier inoxydable de haute qualit\u00e9 sont con\u00e7us pour une performance maximale, sans l\u2019axe central, ce qui les rend plus faciles \u00e0 nettoyer. Ce produit est compact et bien \u00e9quilibr\u00e9, ce qui le rend confortable et facile \u00e0 tenir.<\/p>\n<p>Aliment\u00e9s par des batteries lithium-ion et des chargeurs USB, ces puissants fouets \u00e9lectriques vous offriront des performances in\u00e9gal\u00e9es, m\u00eame lorsque le niveau de la batterie est faible. Une charge compl\u00e8te de 130 minutes vous donne assez de puissance pour environ 30 minutes d\u2019utilisation continue.<\/p>\n<p>Le t\u00e9moin lumineux du niveau de la batterie vous permet de savoir quand la charge est faible.<\/p>\n<p>Tous les accessoires vont au lave-vaisselle pour un nettoyage facile.<\/p>\n<p>CARACT\u00c9RISTIQUES TECHNIQUES :<\/p>\n<p>Sans fil pour une flexibilit\u00e9 et une facilit\u00e9 d\u2019utilisation maximales<br \/>\nTaille compacte<br \/>\nConception debout<br \/>\nFouets en acier inoxydable<br \/>\n5 r\u00e9glages de vitesse<br \/>\nUne charge compl\u00e8te de 130 minutes assure une utilisation continue d\u2019environ 30 minutes.<br \/>\nBatterie lithium-ion pour des performances constantes et de haute puissance<br \/>\nLes indicateurs lumineux de la batterie indiquent le niveau de charge<br \/>\nC\u00e2ble USB et adaptateur inclus<br \/>\nAccessoires compatibles avec le lave-vaisselle<\/p>\n<p>Garantie de 2 ans<br \/>\nNe peut \u00eatre vendu en dehors de l\u2019Europe<\/p>\n","protected":false},"excerpt":{"rendered":"<p>COLLECTION SANS FIL Faisant partie de notre collection sans fil, ce batteur \u00e9lectrique avec fouets en acier inoxydable sans fil permet de m\u00e9langer sans effort les pr\u00e9parations et les gla\u00e7ages et de fouetter les meringues et la cr\u00e8me en quelques secondes. Il est \u00e9galement id\u00e9al pour \u00e9craser les pommes de terre. Comme il est sans [&hellip;]<\/p>\n","protected":false},"featured_media":6372430,"template":"","meta":{"_acf_changed":false},"product_cat":[11992],"product_tag":[],"class_list":{"0":"post-829701","1":"product","2":"type-product","3":"status-publish","4":"has-post-thumbnail","6":"product_cat-cuisine","8":"first","9":"instock","10":"taxable","11":"shipping-taxable","12":"product-type-simple","swatches":"rey-swatches","show_selected":"","stretch_labels":"rey-swatches--stretch-labels"},"acf":[],"yoast_head":"<!-- This site is optimized with the Yoast SEO plugin v25.4 - https:\/\/yoast.com\/wordpress\/plugins\/seo\/ -->\n<title>CUISINART Fouet \u00e9lectrique Sans Fil - dev6 Erresse<\/title>\n<meta name=\"description\" content=\"COLLECTION SANS FIL Faisant partie de notre collection sans fil, ce batteur \u00e9lectrique avec fouets en acier inoxydable sans fil permet de m\u00e9langer sans\" \/>\n<meta name=\"robots\" content=\"noindex, follow, max-snippet:-1, max-image-preview:large, max-video-preview:-1\" \/>\n<meta property=\"og:locale\" content=\"fr_FR\" \/>\n<meta property=\"og:type\" content=\"article\" \/>\n<meta property=\"og:title\" content=\"CUISINART Fouet \u00e9lectrique Sans Fil - dev6 Erresse\" \/>\n<meta property=\"og:description\" content=\"COLLECTION SANS FIL Faisant partie de notre collection sans fil, ce batteur \u00e9lectrique avec fouets en acier inoxydable sans fil permet de m\u00e9langer sans\" \/>\n<meta property=\"og:url\" content=\"https:\/\/dev6.erresse-shop.it\/fr\/shop\/cuisine\/cuisinart-fouet-electrique-sans-fil\/\" \/>\n<meta property=\"og:site_name\" content=\"dev6 Erresse\" \/>\n<meta property=\"og:image\" content=\"https:\/\/interpim.erresse-shop.it\/Import\/Prodotti\/sbattitore.jpg\" \/><meta property=\"og:image\" content=\"https:\/\/interpim.erresse-shop.it\/Import\/Prodotti\/sbattitore.jpg\" \/>\n\t<meta property=\"og:image:width\" content=\"1024\" \/>\n\t<meta property=\"og:image:height\" content=\"1024\" \/>\n\t<meta property=\"og:image:type\" content=\"image\/jpeg\" \/>\n<meta name=\"twitter:card\" content=\"summary_large_image\" \/>\n<meta name=\"twitter:image\" content=\"https:\/\/interpim.erresse-shop.it\/Import\/Prodotti\/sbattitore.jpg\" \/>\n<script type=\"application\/ld+json\" class=\"yoast-schema-graph\">{\"@context\":\"https:\/\/schema.org\",\"@graph\":[{\"@type\":\"WebPage\",\"@id\":\"https:\/\/dev6.erresse-shop.it\/fr\/shop\/cuisine\/cuisinart-fouet-electrique-sans-fil\/\",\"url\":\"https:\/\/dev6.erresse-shop.it\/fr\/shop\/cuisine\/cuisinart-fouet-electrique-sans-fil\/\",\"name\":\"CUISINART Fouet \u00e9lectrique Sans Fil - dev6 Erresse\",\"isPartOf\":{\"@id\":\"https:\/\/dev6.erresse-shop.it\/#website\"},\"primaryImageOfPage\":{\"@id\":\"https:\/\/dev6.erresse-shop.it\/fr\/shop\/cuisine\/cuisinart-fouet-electrique-sans-fil\/#primaryimage\"},\"image\":{\"@id\":\"https:\/\/dev6.erresse-shop.it\/fr\/shop\/cuisine\/cuisinart-fouet-electrique-sans-fil\/#primaryimage\"},\"thumbnailUrl\":\"https:\/\/i1.wp.com\/interpim.erresse-shop.it\/Import\/Prodotti\/sbattitore.jpg?ssl=1\",\"datePublished\":\"2026-04-12T10:23:26+00:00\",\"description\":\"COLLECTION SANS FIL Faisant partie de notre collection sans fil, ce batteur \u00e9lectrique avec fouets en acier inoxydable sans fil permet de m\u00e9langer sans\",\"breadcrumb\":{\"@id\":\"https:\/\/dev6.erresse-shop.it\/fr\/shop\/cuisine\/cuisinart-fouet-electrique-sans-fil\/#breadcrumb\"},\"inLanguage\":\"fr-FR\",\"potentialAction\":[{\"@type\":\"ReadAction\",\"target\":[\"https:\/\/dev6.erresse-shop.it\/fr\/shop\/cuisine\/cuisinart-fouet-electrique-sans-fil\/\"]}]},{\"@type\":\"ImageObject\",\"inLanguage\":\"fr-FR\",\"@id\":\"https:\/\/dev6.erresse-shop.it\/fr\/shop\/cuisine\/cuisinart-fouet-electrique-sans-fil\/#primaryimage\",\"url\":\"https:\/\/i1.wp.com\/interpim.erresse-shop.it\/Import\/Prodotti\/sbattitore.jpg?ssl=1\",\"contentUrl\":\"https:\/\/i1.wp.com\/interpim.erresse-shop.it\/Import\/Prodotti\/sbattitore.jpg?ssl=1\"},{\"@type\":\"BreadcrumbList\",\"@id\":\"https:\/\/dev6.erresse-shop.it\/fr\/shop\/cuisine\/cuisinart-fouet-electrique-sans-fil\/#breadcrumb\",\"itemListElement\":[{\"@type\":\"ListItem\",\"position\":1,\"name\":\"Home\",\"item\":\"https:\/\/dev6.erresse-shop.it\/\"},{\"@type\":\"ListItem\",\"position\":2,\"name\":\"Boutique\",\"item\":\"https:\/\/dev6.erresse-shop.it\/shop\/\"},{\"@type\":\"ListItem\",\"position\":3,\"name\":\"CUISINART Fouet \u00e9lectrique Sans Fil\"}]},{\"@type\":\"WebSite\",\"@id\":\"https:\/\/dev6.erresse-shop.it\/#website\",\"url\":\"https:\/\/dev6.erresse-shop.it\/\",\"name\":\"Erresse Shop\",\"description\":\"\",\"publisher\":{\"@id\":\"https:\/\/dev6.erresse-shop.it\/#organization\"},\"potentialAction\":[{\"@type\":\"SearchAction\",\"target\":{\"@type\":\"EntryPoint\",\"urlTemplate\":\"https:\/\/dev6.erresse-shop.it\/?s={search_term_string}\"},\"query-input\":{\"@type\":\"PropertyValueSpecification\",\"valueRequired\":true,\"valueName\":\"search_term_string\"}}],\"inLanguage\":\"fr-FR\"},{\"@type\":\"Organization\",\"@id\":\"https:\/\/dev6.erresse-shop.it\/#organization\",\"name\":\"Erresse Shop\",\"url\":\"https:\/\/dev6.erresse-shop.it\/\",\"logo\":{\"@type\":\"ImageObject\",\"inLanguage\":\"fr-FR\",\"@id\":\"https:\/\/dev6.erresse-shop.it\/#\/schema\/logo\/image\/\",\"url\":\"https:\/\/dev6.erresse-shop.it\/wp-content\/uploads\/2025\/01\/LOGO-ERRESSE-CLASSICO.svg\",\"contentUrl\":\"https:\/\/dev6.erresse-shop.it\/wp-content\/uploads\/2025\/01\/LOGO-ERRESSE-CLASSICO.svg\",\"caption\":\"Erresse Shop\"},\"image\":{\"@id\":\"https:\/\/dev6.erresse-shop.it\/#\/schema\/logo\/image\/\"}}]}<\/script>\n<!-- \/ Yoast SEO plugin. -->","yoast_head_json":{"title":"CUISINART Fouet \u00e9lectrique Sans Fil - dev6 Erresse","description":"COLLECTION SANS FIL Faisant partie de notre collection sans fil, ce batteur \u00e9lectrique avec fouets en acier inoxydable sans fil permet de m\u00e9langer sans","robots":{"index":"noindex","follow":"follow","max-snippet":"max-snippet:-1","max-image-preview":"max-image-preview:large","max-video-preview":"max-video-preview:-1"},"og_locale":"fr_FR","og_type":"article","og_title":"CUISINART Fouet \u00e9lectrique Sans Fil - dev6 Erresse","og_description":"COLLECTION SANS FIL Faisant partie de notre collection sans fil, ce batteur \u00e9lectrique avec fouets en acier inoxydable sans fil permet de m\u00e9langer sans","og_url":"https:\/\/dev6.erresse-shop.it\/fr\/shop\/cuisine\/cuisinart-fouet-electrique-sans-fil\/","og_site_name":"dev6 Erresse","og_image":[{"url":"https:\/\/interpim.erresse-shop.it\/Import\/Prodotti\/sbattitore.jpg","type":"","width":"","height":""},{"url":"https:\/\/interpim.erresse-shop.it\/Import\/Prodotti\/sbattitore.jpg","width":1024,"height":1024,"type":"image\/jpeg"}],"twitter_card":"summary_large_image","twitter_image":"https:\/\/interpim.erresse-shop.it\/Import\/Prodotti\/sbattitore.jpg","schema":{"@context":"https:\/\/schema.org","@graph":[{"@type":"WebPage","@id":"https:\/\/dev6.erresse-shop.it\/fr\/shop\/cuisine\/cuisinart-fouet-electrique-sans-fil\/","url":"https:\/\/dev6.erresse-shop.it\/fr\/shop\/cuisine\/cuisinart-fouet-electrique-sans-fil\/","name":"CUISINART Fouet \u00e9lectrique Sans Fil - dev6 Erresse","isPartOf":{"@id":"https:\/\/dev6.erresse-shop.it\/#website"},"primaryImageOfPage":{"@id":"https:\/\/dev6.erresse-shop.it\/fr\/shop\/cuisine\/cuisinart-fouet-electrique-sans-fil\/#primaryimage"},"image":{"@id":"https:\/\/dev6.erresse-shop.it\/fr\/shop\/cuisine\/cuisinart-fouet-electrique-sans-fil\/#primaryimage"},"thumbnailUrl":"https:\/\/i1.wp.com\/interpim.erresse-shop.it\/Import\/Prodotti\/sbattitore.jpg?ssl=1","datePublished":"2026-04-12T10:23:26+00:00","description":"COLLECTION SANS FIL Faisant partie de notre collection sans fil, ce batteur \u00e9lectrique avec fouets en acier inoxydable sans fil permet de m\u00e9langer sans","breadcrumb":{"@id":"https:\/\/dev6.erresse-shop.it\/fr\/shop\/cuisine\/cuisinart-fouet-electrique-sans-fil\/#breadcrumb"},"inLanguage":"fr-FR","potentialAction":[{"@type":"ReadAction","target":["https:\/\/dev6.erresse-shop.it\/fr\/shop\/cuisine\/cuisinart-fouet-electrique-sans-fil\/"]}]},{"@type":"ImageObject","inLanguage":"fr-FR","@id":"https:\/\/dev6.erresse-shop.it\/fr\/shop\/cuisine\/cuisinart-fouet-electrique-sans-fil\/#primaryimage","url":"https:\/\/i1.wp.com\/interpim.erresse-shop.it\/Import\/Prodotti\/sbattitore.jpg?ssl=1","contentUrl":"https:\/\/i1.wp.com\/interpim.erresse-shop.it\/Import\/Prodotti\/sbattitore.jpg?ssl=1"},{"@type":"BreadcrumbList","@id":"https:\/\/dev6.erresse-shop.it\/fr\/shop\/cuisine\/cuisinart-fouet-electrique-sans-fil\/#breadcrumb","itemListElement":[{"@type":"ListItem","position":1,"name":"Home","item":"https:\/\/dev6.erresse-shop.it\/"},{"@type":"ListItem","position":2,"name":"Boutique","item":"https:\/\/dev6.erresse-shop.it\/shop\/"},{"@type":"ListItem","position":3,"name":"CUISINART Fouet \u00e9lectrique Sans Fil"}]},{"@type":"WebSite","@id":"https:\/\/dev6.erresse-shop.it\/#website","url":"https:\/\/dev6.erresse-shop.it\/","name":"Erresse Shop","description":"","publisher":{"@id":"https:\/\/dev6.erresse-shop.it\/#organization"},"potentialAction":[{"@type":"SearchAction","target":{"@type":"EntryPoint","urlTemplate":"https:\/\/dev6.erresse-shop.it\/?s={search_term_string}"},"query-input":{"@type":"PropertyValueSpecification","valueRequired":true,"valueName":"search_term_string"}}],"inLanguage":"fr-FR"},{"@type":"Organization","@id":"https:\/\/dev6.erresse-shop.it\/#organization","name":"Erresse Shop","url":"https:\/\/dev6.erresse-shop.it\/","logo":{"@type":"ImageObject","inLanguage":"fr-FR","@id":"https:\/\/dev6.erresse-shop.it\/#\/schema\/logo\/image\/","url":"https:\/\/dev6.erresse-shop.it\/wp-content\/uploads\/2025\/01\/LOGO-ERRESSE-CLASSICO.svg","contentUrl":"https:\/\/dev6.erresse-shop.it\/wp-content\/uploads\/2025\/01\/LOGO-ERRESSE-CLASSICO.svg","caption":"Erresse Shop"},"image":{"@id":"https:\/\/dev6.erresse-shop.it\/#\/schema\/logo\/image\/"}}]}},"df_price":"","df_sale_price":"","df_regular_price":"","df_image_link":"https:\/\/i1.wp.com\/interpim.erresse-shop.it\/Import\/Prodotti\/sbattitore.jpg?resize=300,300&ssl=1","fifu_image_url":"https:\/\/interpim.erresse-shop.it\/Import\/Prodotti\/sbattitore.jpg","_links":{"self":[{"href":"https:\/\/dev6.erresse-shop.it\/fr\/wp-json\/wp\/v2\/product\/829701","targetHints":{"allow":["GET"]}}],"collection":[{"href":"https:\/\/dev6.erresse-shop.it\/fr\/wp-json\/wp\/v2\/product"}],"about":[{"href":"https:\/\/dev6.erresse-shop.it\/fr\/wp-json\/wp\/v2\/types\/product"}],"wp:featuredmedia":[{"embeddable":true,"href":"https:\/\/dev6.erresse-shop.it\/fr\/wp-json\/wp\/v2\/media\/6372430"}],"wp:attachment":[{"href":"https:\/\/dev6.erresse-shop.it\/fr\/wp-json\/wp\/v2\/media?parent=829701"}],"wp:term":[{"taxonomy":"product_cat","embeddable":true,"href":"https:\/\/dev6.erresse-shop.it\/fr\/wp-json\/wp\/v2\/product_cat?post=829701"},{"taxonomy":"product_tag","embeddable":true,"href":"https:\/\/dev6.erresse-shop.it\/fr\/wp-json\/wp\/v2\/product_tag?post=829701"}],"curies":[{"name":"wp","href":"https:\/\/api.w.org\/{rel}","templated":true}]}}