{"id":829646,"date":"2026-04-04T12:18:23","date_gmt":"2026-04-04T10:18:23","guid":{"rendered":"https:\/\/dev6.erresse-shop.it\/shop\/non%20class\u00e9\/cuisinart-melangeur-a-immersion-sans-fil\/"},"modified":"2025-07-04T19:00:34","modified_gmt":"2025-07-04T17:00:34","slug":"cuisinart-melangeur-a-immersion-sans-fil","status":"publish","type":"product","link":"https:\/\/dev6.erresse-shop.it\/fr\/shop\/cuisine\/cuisinart-melangeur-a-immersion-sans-fil\/","title":{"rendered":"CUISINART M\u00e9langeur \u00e0 Immersion Sans Fil"},"content":{"rendered":"<p>COLLECTION SANS FIL<\/p>\n<p>Faisant partie de notre collection sans fil, ce mixeur \u00e0 immersion sans fil, avec sa gamme d\u2019accessoires, est parfait pour pr\u00e9parer plusieurs recettes, vous aidant \u00e0 m\u00e9langer, mixer, fouetter, hacher et mixer.<\/p>\n<p>Comme il est sans fil, vous n\u2019avez pas \u00e0 vous soucier d\u2019avoir une prise de courant libre \u00e0 proximit\u00e9 : vous pouvez pr\u00e9parer votre recette n\u2019importe o\u00f9 dans la cuisine, de l\u2019\u00eelot \u00e0 la table de cuisson ou au plan de travail, sans que les c\u00e2bles ne vous g\u00eanent.<\/p>\n<p>Ce m\u00e9langeur \u00e0 immersion offre un maximum de commodit\u00e9 lors de son utilisation. Utilisez le mixeur en acier inoxydable, ainsi que le pichet sans BPA inclus, pour cr\u00e9er des sauces, des smoothies et des cocktails. Cet accessoire peut \u00eatre utilis\u00e9 avec des ingr\u00e9dients jusqu\u2019\u00e0 100\u00b0C, il est donc \u00e9galement parfait pour les soupes.<\/p>\n<p>L\u2019accessoire fouet est parfait pour fouetter la cr\u00e8me, cr\u00e9er des p\u00e2tes et des meringues. Vous pouvez aussi simplement utiliser l\u2019accessoire de hachage pour acc\u00e9l\u00e9rer les t\u00e2ches quotidiennes telles que le hachage des l\u00e9gumes et des herbes, la pr\u00e9paration de la chapelure, des sauces et des vinaigrettes.<\/p>\n<p>Aliment\u00e9 par des batteries lithium-ion et un chargeur USB, ce puissant mixeur plongeant vous offrira des performances in\u00e9gal\u00e9es m\u00eame lorsque le niveau de la batterie est faible. Une charge compl\u00e8te de 130 minutes vous donne assez de puissance pour environ 30 minutes d\u2019utilisation continue.<\/p>\n<p>Le t\u00e9moin lumineux du niveau de la batterie vous permet de savoir quand la charge est faible.<\/p>\n<p>Tous les accessoires vont au lave-vaisselle pour un nettoyage facile.<\/p>\n<p>CARACT\u00c9RISTIQUES TECHNIQUES :<\/p>\n<p>Sans fil pour une flexibilit\u00e9 et une facilit\u00e9 d\u2019utilisation maximales<br \/>\nTaille compacte<br \/>\nMixeur plongeant en acier inoxydable, utilisable avec des ingr\u00e9dients jusqu\u2019\u00e0 100\u00b0C.<br \/>\nPot de mixage sans BPA<br \/>\nFouet<br \/>\nMini robot de cuisine d\u2019une capacit\u00e9 de 250 ml<br \/>\nUne charge compl\u00e8te de 130 minutes assure une utilisation continue d\u2019environ 30 minutes.<br \/>\nBatterie lithium-ion pour des performances constantes et de haute puissance<br \/>\nDes t\u00e9moins lumineux indiquent le niveau de la batterie<br \/>\nC\u00e2ble USB et adaptateur inclus<br \/>\nAccessoires compatibles avec le lave-vaisselle<br \/>\nSyst\u00e8me de verrouillage de s\u00e9curit\u00e9<\/p>\n<p>Garantie de 2 ans<br \/>\nNe peut \u00eatre vendu en dehors de l\u2019Europe<\/p>\n","protected":false},"excerpt":{"rendered":"<p>COLLECTION SANS FIL Faisant partie de notre collection sans fil, ce mixeur \u00e0 immersion sans fil, avec sa gamme d\u2019accessoires, est parfait pour pr\u00e9parer plusieurs recettes, vous aidant \u00e0 m\u00e9langer, mixer, fouetter, hacher et mixer. Comme il est sans fil, vous n\u2019avez pas \u00e0 vous soucier d\u2019avoir une prise de courant libre \u00e0 proximit\u00e9 : [&hellip;]<\/p>\n","protected":false},"featured_media":6289117,"template":"","meta":{"_acf_changed":false},"product_cat":[11992],"product_tag":[],"class_list":{"0":"post-829646","1":"product","2":"type-product","3":"status-publish","4":"has-post-thumbnail","6":"product_cat-cuisine","8":"first","9":"instock","10":"taxable","11":"shipping-taxable","12":"product-type-simple","swatches":"rey-swatches","show_selected":"","stretch_labels":"rey-swatches--stretch-labels"},"acf":[],"yoast_head":"<!-- This site is optimized with the Yoast SEO plugin v25.4 - https:\/\/yoast.com\/wordpress\/plugins\/seo\/ -->\n<title>CUISINART M\u00e9langeur \u00e0 Immersion Sans Fil - dev6 Erresse<\/title>\n<meta name=\"description\" content=\"COLLECTION SANS FIL Faisant partie de notre collection sans fil, ce mixeur \u00e0 immersion sans fil, avec sa gamme d\u2019accessoires, est parfait pour pr\u00e9parer\" \/>\n<meta name=\"robots\" content=\"noindex, follow, max-snippet:-1, max-image-preview:large, max-video-preview:-1\" \/>\n<meta property=\"og:locale\" content=\"fr_FR\" \/>\n<meta property=\"og:type\" content=\"article\" \/>\n<meta property=\"og:title\" content=\"CUISINART M\u00e9langeur \u00e0 Immersion Sans Fil - dev6 Erresse\" \/>\n<meta property=\"og:description\" content=\"COLLECTION SANS FIL Faisant partie de notre collection sans fil, ce mixeur \u00e0 immersion sans fil, avec sa gamme d\u2019accessoires, est parfait pour pr\u00e9parer\" \/>\n<meta property=\"og:url\" content=\"https:\/\/dev6.erresse-shop.it\/fr\/shop\/cuisine\/cuisinart-melangeur-a-immersion-sans-fil\/\" \/>\n<meta property=\"og:site_name\" content=\"dev6 Erresse\" \/>\n<meta property=\"og:image\" content=\"https:\/\/interpim.erresse-shop.it\/Import\/Prodotti\/cusinart-frullatore-immersione-rhb100e-image-1.jpg\" \/><meta property=\"og:image\" content=\"https:\/\/interpim.erresse-shop.it\/Import\/Prodotti\/cusinart-frullatore-immersione-rhb100e-image-1.jpg\" \/>\n\t<meta property=\"og:image:width\" content=\"1024\" \/>\n\t<meta property=\"og:image:height\" content=\"1024\" \/>\n\t<meta property=\"og:image:type\" content=\"image\/jpeg\" \/>\n<meta name=\"twitter:card\" content=\"summary_large_image\" \/>\n<meta name=\"twitter:image\" content=\"https:\/\/interpim.erresse-shop.it\/Import\/Prodotti\/cusinart-frullatore-immersione-rhb100e-image-1.jpg\" \/>\n<script type=\"application\/ld+json\" class=\"yoast-schema-graph\">{\"@context\":\"https:\/\/schema.org\",\"@graph\":[{\"@type\":\"WebPage\",\"@id\":\"https:\/\/dev6.erresse-shop.it\/fr\/shop\/cuisine\/cuisinart-melangeur-a-immersion-sans-fil\/\",\"url\":\"https:\/\/dev6.erresse-shop.it\/fr\/shop\/cuisine\/cuisinart-melangeur-a-immersion-sans-fil\/\",\"name\":\"CUISINART M\u00e9langeur \u00e0 Immersion Sans Fil - dev6 Erresse\",\"isPartOf\":{\"@id\":\"https:\/\/dev6.erresse-shop.it\/#website\"},\"primaryImageOfPage\":{\"@id\":\"https:\/\/dev6.erresse-shop.it\/fr\/shop\/cuisine\/cuisinart-melangeur-a-immersion-sans-fil\/#primaryimage\"},\"image\":{\"@id\":\"https:\/\/dev6.erresse-shop.it\/fr\/shop\/cuisine\/cuisinart-melangeur-a-immersion-sans-fil\/#primaryimage\"},\"thumbnailUrl\":\"https:\/\/i1.wp.com\/interpim.erresse-shop.it\/Import\/Prodotti\/cusinart-frullatore-immersione-rhb100e-image-1.jpg?ssl=1\",\"datePublished\":\"2026-04-04T10:18:23+00:00\",\"description\":\"COLLECTION SANS FIL Faisant partie de notre collection sans fil, ce mixeur \u00e0 immersion sans fil, avec sa gamme d\u2019accessoires, est parfait pour pr\u00e9parer\",\"breadcrumb\":{\"@id\":\"https:\/\/dev6.erresse-shop.it\/fr\/shop\/cuisine\/cuisinart-melangeur-a-immersion-sans-fil\/#breadcrumb\"},\"inLanguage\":\"fr-FR\",\"potentialAction\":[{\"@type\":\"ReadAction\",\"target\":[\"https:\/\/dev6.erresse-shop.it\/fr\/shop\/cuisine\/cuisinart-melangeur-a-immersion-sans-fil\/\"]}]},{\"@type\":\"ImageObject\",\"inLanguage\":\"fr-FR\",\"@id\":\"https:\/\/dev6.erresse-shop.it\/fr\/shop\/cuisine\/cuisinart-melangeur-a-immersion-sans-fil\/#primaryimage\",\"url\":\"https:\/\/i1.wp.com\/interpim.erresse-shop.it\/Import\/Prodotti\/cusinart-frullatore-immersione-rhb100e-image-1.jpg?ssl=1\",\"contentUrl\":\"https:\/\/i1.wp.com\/interpim.erresse-shop.it\/Import\/Prodotti\/cusinart-frullatore-immersione-rhb100e-image-1.jpg?ssl=1\"},{\"@type\":\"BreadcrumbList\",\"@id\":\"https:\/\/dev6.erresse-shop.it\/fr\/shop\/cuisine\/cuisinart-melangeur-a-immersion-sans-fil\/#breadcrumb\",\"itemListElement\":[{\"@type\":\"ListItem\",\"position\":1,\"name\":\"Home\",\"item\":\"https:\/\/dev6.erresse-shop.it\/\"},{\"@type\":\"ListItem\",\"position\":2,\"name\":\"Boutique\",\"item\":\"https:\/\/dev6.erresse-shop.it\/shop\/\"},{\"@type\":\"ListItem\",\"position\":3,\"name\":\"CUISINART M\u00e9langeur \u00e0 Immersion Sans Fil\"}]},{\"@type\":\"WebSite\",\"@id\":\"https:\/\/dev6.erresse-shop.it\/#website\",\"url\":\"https:\/\/dev6.erresse-shop.it\/\",\"name\":\"Erresse Shop\",\"description\":\"\",\"publisher\":{\"@id\":\"https:\/\/dev6.erresse-shop.it\/#organization\"},\"potentialAction\":[{\"@type\":\"SearchAction\",\"target\":{\"@type\":\"EntryPoint\",\"urlTemplate\":\"https:\/\/dev6.erresse-shop.it\/?s={search_term_string}\"},\"query-input\":{\"@type\":\"PropertyValueSpecification\",\"valueRequired\":true,\"valueName\":\"search_term_string\"}}],\"inLanguage\":\"fr-FR\"},{\"@type\":\"Organization\",\"@id\":\"https:\/\/dev6.erresse-shop.it\/#organization\",\"name\":\"Erresse Shop\",\"url\":\"https:\/\/dev6.erresse-shop.it\/\",\"logo\":{\"@type\":\"ImageObject\",\"inLanguage\":\"fr-FR\",\"@id\":\"https:\/\/dev6.erresse-shop.it\/#\/schema\/logo\/image\/\",\"url\":\"https:\/\/dev6.erresse-shop.it\/wp-content\/uploads\/2025\/01\/LOGO-ERRESSE-CLASSICO.svg\",\"contentUrl\":\"https:\/\/dev6.erresse-shop.it\/wp-content\/uploads\/2025\/01\/LOGO-ERRESSE-CLASSICO.svg\",\"caption\":\"Erresse Shop\"},\"image\":{\"@id\":\"https:\/\/dev6.erresse-shop.it\/#\/schema\/logo\/image\/\"}}]}<\/script>\n<!-- \/ Yoast SEO plugin. -->","yoast_head_json":{"title":"CUISINART M\u00e9langeur \u00e0 Immersion Sans Fil - dev6 Erresse","description":"COLLECTION SANS FIL Faisant partie de notre collection sans fil, ce mixeur \u00e0 immersion sans fil, avec sa gamme d\u2019accessoires, est parfait pour pr\u00e9parer","robots":{"index":"noindex","follow":"follow","max-snippet":"max-snippet:-1","max-image-preview":"max-image-preview:large","max-video-preview":"max-video-preview:-1"},"og_locale":"fr_FR","og_type":"article","og_title":"CUISINART M\u00e9langeur \u00e0 Immersion Sans Fil - dev6 Erresse","og_description":"COLLECTION SANS FIL Faisant partie de notre collection sans fil, ce mixeur \u00e0 immersion sans fil, avec sa gamme d\u2019accessoires, est parfait pour pr\u00e9parer","og_url":"https:\/\/dev6.erresse-shop.it\/fr\/shop\/cuisine\/cuisinart-melangeur-a-immersion-sans-fil\/","og_site_name":"dev6 Erresse","og_image":[{"url":"https:\/\/interpim.erresse-shop.it\/Import\/Prodotti\/cusinart-frullatore-immersione-rhb100e-image-1.jpg","type":"","width":"","height":""},{"url":"https:\/\/interpim.erresse-shop.it\/Import\/Prodotti\/cusinart-frullatore-immersione-rhb100e-image-1.jpg","width":1024,"height":1024,"type":"image\/jpeg"}],"twitter_card":"summary_large_image","twitter_image":"https:\/\/interpim.erresse-shop.it\/Import\/Prodotti\/cusinart-frullatore-immersione-rhb100e-image-1.jpg","schema":{"@context":"https:\/\/schema.org","@graph":[{"@type":"WebPage","@id":"https:\/\/dev6.erresse-shop.it\/fr\/shop\/cuisine\/cuisinart-melangeur-a-immersion-sans-fil\/","url":"https:\/\/dev6.erresse-shop.it\/fr\/shop\/cuisine\/cuisinart-melangeur-a-immersion-sans-fil\/","name":"CUISINART M\u00e9langeur \u00e0 Immersion Sans Fil - dev6 Erresse","isPartOf":{"@id":"https:\/\/dev6.erresse-shop.it\/#website"},"primaryImageOfPage":{"@id":"https:\/\/dev6.erresse-shop.it\/fr\/shop\/cuisine\/cuisinart-melangeur-a-immersion-sans-fil\/#primaryimage"},"image":{"@id":"https:\/\/dev6.erresse-shop.it\/fr\/shop\/cuisine\/cuisinart-melangeur-a-immersion-sans-fil\/#primaryimage"},"thumbnailUrl":"https:\/\/i1.wp.com\/interpim.erresse-shop.it\/Import\/Prodotti\/cusinart-frullatore-immersione-rhb100e-image-1.jpg?ssl=1","datePublished":"2026-04-04T10:18:23+00:00","description":"COLLECTION SANS FIL Faisant partie de notre collection sans fil, ce mixeur \u00e0 immersion sans fil, avec sa gamme d\u2019accessoires, est parfait pour pr\u00e9parer","breadcrumb":{"@id":"https:\/\/dev6.erresse-shop.it\/fr\/shop\/cuisine\/cuisinart-melangeur-a-immersion-sans-fil\/#breadcrumb"},"inLanguage":"fr-FR","potentialAction":[{"@type":"ReadAction","target":["https:\/\/dev6.erresse-shop.it\/fr\/shop\/cuisine\/cuisinart-melangeur-a-immersion-sans-fil\/"]}]},{"@type":"ImageObject","inLanguage":"fr-FR","@id":"https:\/\/dev6.erresse-shop.it\/fr\/shop\/cuisine\/cuisinart-melangeur-a-immersion-sans-fil\/#primaryimage","url":"https:\/\/i1.wp.com\/interpim.erresse-shop.it\/Import\/Prodotti\/cusinart-frullatore-immersione-rhb100e-image-1.jpg?ssl=1","contentUrl":"https:\/\/i1.wp.com\/interpim.erresse-shop.it\/Import\/Prodotti\/cusinart-frullatore-immersione-rhb100e-image-1.jpg?ssl=1"},{"@type":"BreadcrumbList","@id":"https:\/\/dev6.erresse-shop.it\/fr\/shop\/cuisine\/cuisinart-melangeur-a-immersion-sans-fil\/#breadcrumb","itemListElement":[{"@type":"ListItem","position":1,"name":"Home","item":"https:\/\/dev6.erresse-shop.it\/"},{"@type":"ListItem","position":2,"name":"Boutique","item":"https:\/\/dev6.erresse-shop.it\/shop\/"},{"@type":"ListItem","position":3,"name":"CUISINART M\u00e9langeur \u00e0 Immersion Sans Fil"}]},{"@type":"WebSite","@id":"https:\/\/dev6.erresse-shop.it\/#website","url":"https:\/\/dev6.erresse-shop.it\/","name":"Erresse Shop","description":"","publisher":{"@id":"https:\/\/dev6.erresse-shop.it\/#organization"},"potentialAction":[{"@type":"SearchAction","target":{"@type":"EntryPoint","urlTemplate":"https:\/\/dev6.erresse-shop.it\/?s={search_term_string}"},"query-input":{"@type":"PropertyValueSpecification","valueRequired":true,"valueName":"search_term_string"}}],"inLanguage":"fr-FR"},{"@type":"Organization","@id":"https:\/\/dev6.erresse-shop.it\/#organization","name":"Erresse Shop","url":"https:\/\/dev6.erresse-shop.it\/","logo":{"@type":"ImageObject","inLanguage":"fr-FR","@id":"https:\/\/dev6.erresse-shop.it\/#\/schema\/logo\/image\/","url":"https:\/\/dev6.erresse-shop.it\/wp-content\/uploads\/2025\/01\/LOGO-ERRESSE-CLASSICO.svg","contentUrl":"https:\/\/dev6.erresse-shop.it\/wp-content\/uploads\/2025\/01\/LOGO-ERRESSE-CLASSICO.svg","caption":"Erresse Shop"},"image":{"@id":"https:\/\/dev6.erresse-shop.it\/#\/schema\/logo\/image\/"}}]}},"df_price":"","df_sale_price":"","df_regular_price":"","df_image_link":"https:\/\/i1.wp.com\/interpim.erresse-shop.it\/Import\/Prodotti\/cusinart-frullatore-immersione-rhb100e-image-1.jpg?resize=300,300&ssl=1","fifu_image_url":"https:\/\/interpim.erresse-shop.it\/Import\/Prodotti\/cusinart-frullatore-immersione-rhb100e-image-1.jpg","_links":{"self":[{"href":"https:\/\/dev6.erresse-shop.it\/fr\/wp-json\/wp\/v2\/product\/829646","targetHints":{"allow":["GET"]}}],"collection":[{"href":"https:\/\/dev6.erresse-shop.it\/fr\/wp-json\/wp\/v2\/product"}],"about":[{"href":"https:\/\/dev6.erresse-shop.it\/fr\/wp-json\/wp\/v2\/types\/product"}],"wp:featuredmedia":[{"embeddable":true,"href":"https:\/\/dev6.erresse-shop.it\/fr\/wp-json\/wp\/v2\/media\/6289117"}],"wp:attachment":[{"href":"https:\/\/dev6.erresse-shop.it\/fr\/wp-json\/wp\/v2\/media?parent=829646"}],"wp:term":[{"taxonomy":"product_cat","embeddable":true,"href":"https:\/\/dev6.erresse-shop.it\/fr\/wp-json\/wp\/v2\/product_cat?post=829646"},{"taxonomy":"product_tag","embeddable":true,"href":"https:\/\/dev6.erresse-shop.it\/fr\/wp-json\/wp\/v2\/product_tag?post=829646"}],"curies":[{"name":"wp","href":"https:\/\/api.w.org\/{rel}","templated":true}]}}