{"id":825728,"date":"2026-04-12T12:21:09","date_gmt":"2026-04-12T10:21:09","guid":{"rendered":"https:\/\/dev6.erresse-shop.it\/shop\/non%20class\u00e9\/dualit-bouilloire-classique-17-l\/"},"modified":"2025-09-14T06:13:24","modified_gmt":"2025-09-14T04:13:24","slug":"dualit-bouilloire-classique-17-l","status":"publish","type":"product","link":"https:\/\/dev6.erresse-shop.it\/fr\/shop\/cuisine\/dualit-bouilloire-classique-17-l\/","title":{"rendered":"DUALIT Bouilloire Classique 1,7 L"},"content":{"rendered":"<p>La bouilloire CLASSIC multi-brevet\u00e9e est dot\u00e9e d\u2019un \u00e9l\u00e9ment rempla\u00e7able r\u00e9volutionnaire qui prolonge consid\u00e9rablement sa dur\u00e9e de vie, tandis que la Whisper Boil\u2122 r\u00e9duit consid\u00e9rablement les bruits d\u2019\u00e9bullition ind\u00e9sirables. La bouilloire Dualit Classic est disponible dans une s\u00e9lection de finitions* et est \u00e9quip\u00e9e d\u2019un \u00e9l\u00e9ment super rapide de 3KW, permettant un temps d\u2019\u00e9bullition rapide. Deux fen\u00eatres de mesure avec des indicateurs de niveau de tasse et de litres vous aident \u00e0 ne faire bouillir que la quantit\u00e9 d\u2019eau n\u00e9cessaire d\u2019une tasse \u00e0 1,7 litre.<br \/>\n\u00c9l\u00e9ment r\u00e9parable brevet\u00e9Cette bouilloire Dualit Classic est vraiment construite pour durer. Dot\u00e9e d\u2019un \u00e9l\u00e9ment rempla\u00e7able r\u00e9volutionnaire brevet\u00e9, la dur\u00e9e de vie de votre bouilloire est consid\u00e9rablement prolong\u00e9e.<br \/>\nDouble fen\u00eatreLa bouilloire Dualit Classic est intelligemment con\u00e7ue avec deux fen\u00eatres de mesure diff\u00e9rentes. Pour les amateurs de th\u00e9, un c\u00f4t\u00e9 est \u00e9quip\u00e9 d\u2019un indicateur de niveau de tasse et l\u2019autre c\u00f4t\u00e9 mesure l\u2019eau en litres.<br \/>\nFonction Whisper Boil\u2122 brevet\u00e9eLa Classic Kettle est la bouilloire la plus silencieuse que Dualit ait con\u00e7ue. Elle a re\u00e7u la Quiet Mark \u2013 la marque internationale d\u2019approbation de la Noise Abatement Society.<br \/>\nDimensions<br \/>\nPoids : 1,61KG<br \/>\nLargeur : 15,4 cm<br \/>\nProfondeur : 23,5 cm<br \/>\nHauteur : 28,08<\/p>\n<p>Capacit\u00e9 : 1,7 litres**<br \/>\nTemps d\u2019\u00e9bullition moyen d\u2019une bouilloire classique<br \/>\n1 tasse (250ml) : 00:48<br \/>\n2 Tasse (500ml) : 01:22<br \/>\n4 Tasse (1000ml) : 02:14<br \/>\n6 Tasses (1500ml) : 03:30<br \/>\n1,7L Max (1700ml) : 03:50**<br \/>\nTests effectu\u00e9s avec de l\u2019eau \u00e0 temp\u00e9rature ambiante<\/p>\n<p>Caract\u00e9ristiques<br \/>\nPoign\u00e9e ergonomique en silicone. Acier inoxydable de haute qualit\u00e9 avec une poign\u00e9e en silicone pour le confort<br \/>\nLe bec anti-goutte Pure Pour\u2122, con\u00e7u avec pr\u00e9cision, emp\u00eache l\u2019eau de s\u2019\u00e9goutter sur votre bouilloire ou votre plan de travail<br \/>\nCouvercle \u00e0 charni\u00e8re durable pour la long\u00e9vit\u00e9 et la fiabilit\u00e9 de notre marque, avec anneau et prot\u00e8ge-doigt r\u00e9sistant \u00e0 la chaleur<br \/>\nPieds anti-vibration brevet\u00e9s pour une stabilit\u00e9 accrue sur les surfaces de travail pendant l\u2019\u00e9bullition<br \/>\nRangement int\u00e9gr\u00e9 des cordons pour maintenir votre surface de travail en ordre<br \/>\nFiltre \u00e0 calcaire amovible et lavable<br \/>\nFonctionnement sans fil avec base pivotante \u00e0 360<br \/>\nArr\u00eat de s\u00e9curit\u00e9 en cas d\u2019\u00e9bullition \u00e0 sec\u00c9l\u00e9ment super rapide de 3KW<br \/>\nCon\u00e7u et r\u00e9alis\u00e9 au Royaume-Uni<\/p>\n<p>PRIX REMPORT\u00c9S<br \/>\nLaur\u00e9at du prix d\u2019excellence en mati\u00e8re d\u2019articles m\u00e9nagers<br \/>\nNous sommes ravis d\u2019annoncer que la bouilloire Dualit Classic en cuivre a remport\u00e9 le prix de l\u2019excellence en mati\u00e8re d\u2019articles m\u00e9nagers 2015.<br \/>\nLa bouilloire Dualit Classic a re\u00e7u la marque Quiet<br \/>\nLa Classic Kettle est la bouilloire la plus silencieuse que Dualit ait con\u00e7ue. Elle a re\u00e7u la Quiet Mark \u2013 la marque internationale d\u2019approbation de la Noise Abatement Society. Vous pouvez donc \u00eatre s\u00fbr que la bouilloire Classic Dualit est l\u2019une des plus silencieuses que vous puissiez acheter.<\/p>\n<p>MADE IN UK<\/p>\n<p>Italian Warranty<\/p>\n<p>Not for sale outside from Europe<\/p>\n","protected":false},"excerpt":{"rendered":"<p>La bouilloire CLASSIC multi-brevet\u00e9e est dot\u00e9e d\u2019un \u00e9l\u00e9ment rempla\u00e7able r\u00e9volutionnaire qui prolonge consid\u00e9rablement sa dur\u00e9e de vie, tandis que la Whisper Boil\u2122 r\u00e9duit consid\u00e9rablement les bruits d\u2019\u00e9bullition ind\u00e9sirables. La bouilloire Dualit Classic est disponible dans une s\u00e9lection de finitions* et est \u00e9quip\u00e9e d\u2019un \u00e9l\u00e9ment super rapide de 3KW, permettant un temps d\u2019\u00e9bullition rapide. Deux fen\u00eatres [&hellip;]<\/p>\n","protected":false},"featured_media":6372150,"template":"","meta":{"_acf_changed":false},"product_cat":[11992],"product_tag":[],"class_list":{"0":"post-825728","1":"product","2":"type-product","3":"status-publish","4":"has-post-thumbnail","6":"product_cat-cuisine","8":"first","9":"instock","10":"sale","11":"taxable","12":"shipping-taxable","13":"purchasable","14":"product-type-simple","swatches":"rey-swatches","show_selected":"","stretch_labels":"rey-swatches--stretch-labels"},"acf":[],"yoast_head":"<!-- This site is optimized with the Yoast SEO plugin v25.4 - https:\/\/yoast.com\/wordpress\/plugins\/seo\/ -->\n<title>DUALIT Bouilloire Classique 1,7 L - dev6 Erresse<\/title>\n<meta name=\"description\" content=\"La bouilloire CLASSIC multi-brevet\u00e9e est dot\u00e9e d\u2019un \u00e9l\u00e9ment rempla\u00e7able r\u00e9volutionnaire qui prolonge consid\u00e9rablement sa dur\u00e9e de vie, tandis que la\" \/>\n<meta name=\"robots\" content=\"noindex, follow, max-snippet:-1, max-image-preview:large, max-video-preview:-1\" \/>\n<meta property=\"og:locale\" content=\"fr_FR\" \/>\n<meta property=\"og:type\" content=\"article\" \/>\n<meta property=\"og:title\" content=\"DUALIT Bouilloire Classique 1,7 L - dev6 Erresse\" \/>\n<meta property=\"og:description\" content=\"La bouilloire CLASSIC multi-brevet\u00e9e est dot\u00e9e d\u2019un \u00e9l\u00e9ment rempla\u00e7able r\u00e9volutionnaire qui prolonge consid\u00e9rablement sa dur\u00e9e de vie, tandis que la\" \/>\n<meta property=\"og:url\" content=\"https:\/\/dev6.erresse-shop.it\/fr\/shop\/cuisine\/dualit-bouilloire-classique-17-l\/\" \/>\n<meta property=\"og:site_name\" content=\"dev6 Erresse\" \/>\n<meta property=\"og:image\" content=\"https:\/\/interpim.erresse-shop.it\/Import\/Prodotti\/products-72835.jpg\" \/><meta property=\"og:image\" content=\"https:\/\/interpim.erresse-shop.it\/Import\/Prodotti\/products-72835.jpg\" \/>\n\t<meta property=\"og:image:width\" content=\"1024\" \/>\n\t<meta property=\"og:image:height\" content=\"1024\" \/>\n\t<meta property=\"og:image:type\" content=\"image\/jpeg\" \/>\n<meta name=\"twitter:card\" content=\"summary_large_image\" \/>\n<meta name=\"twitter:image\" content=\"https:\/\/interpim.erresse-shop.it\/Import\/Prodotti\/products-72835.jpg\" \/>\n<script type=\"application\/ld+json\" class=\"yoast-schema-graph\">{\"@context\":\"https:\/\/schema.org\",\"@graph\":[{\"@type\":\"WebPage\",\"@id\":\"https:\/\/dev6.erresse-shop.it\/fr\/shop\/cuisine\/dualit-bouilloire-classique-17-l\/\",\"url\":\"https:\/\/dev6.erresse-shop.it\/fr\/shop\/cuisine\/dualit-bouilloire-classique-17-l\/\",\"name\":\"DUALIT Bouilloire Classique 1,7 L - dev6 Erresse\",\"isPartOf\":{\"@id\":\"https:\/\/dev6.erresse-shop.it\/#website\"},\"primaryImageOfPage\":{\"@id\":\"https:\/\/dev6.erresse-shop.it\/fr\/shop\/cuisine\/dualit-bouilloire-classique-17-l\/#primaryimage\"},\"image\":{\"@id\":\"https:\/\/dev6.erresse-shop.it\/fr\/shop\/cuisine\/dualit-bouilloire-classique-17-l\/#primaryimage\"},\"thumbnailUrl\":\"https:\/\/i2.wp.com\/interpim.erresse-shop.it\/Import\/Prodotti\/products-72835.jpg?ssl=1\",\"datePublished\":\"2026-04-12T10:21:09+00:00\",\"description\":\"La bouilloire CLASSIC multi-brevet\u00e9e est dot\u00e9e d\u2019un \u00e9l\u00e9ment rempla\u00e7able r\u00e9volutionnaire qui prolonge consid\u00e9rablement sa dur\u00e9e de vie, tandis que la\",\"breadcrumb\":{\"@id\":\"https:\/\/dev6.erresse-shop.it\/fr\/shop\/cuisine\/dualit-bouilloire-classique-17-l\/#breadcrumb\"},\"inLanguage\":\"fr-FR\",\"potentialAction\":[{\"@type\":\"ReadAction\",\"target\":[\"https:\/\/dev6.erresse-shop.it\/fr\/shop\/cuisine\/dualit-bouilloire-classique-17-l\/\"]}]},{\"@type\":\"ImageObject\",\"inLanguage\":\"fr-FR\",\"@id\":\"https:\/\/dev6.erresse-shop.it\/fr\/shop\/cuisine\/dualit-bouilloire-classique-17-l\/#primaryimage\",\"url\":\"https:\/\/i2.wp.com\/interpim.erresse-shop.it\/Import\/Prodotti\/products-72835.jpg?ssl=1\",\"contentUrl\":\"https:\/\/i2.wp.com\/interpim.erresse-shop.it\/Import\/Prodotti\/products-72835.jpg?ssl=1\"},{\"@type\":\"BreadcrumbList\",\"@id\":\"https:\/\/dev6.erresse-shop.it\/fr\/shop\/cuisine\/dualit-bouilloire-classique-17-l\/#breadcrumb\",\"itemListElement\":[{\"@type\":\"ListItem\",\"position\":1,\"name\":\"Home\",\"item\":\"https:\/\/dev6.erresse-shop.it\/\"},{\"@type\":\"ListItem\",\"position\":2,\"name\":\"Boutique\",\"item\":\"https:\/\/dev6.erresse-shop.it\/shop\/\"},{\"@type\":\"ListItem\",\"position\":3,\"name\":\"DUALIT Bouilloire Classique 1,7 L\"}]},{\"@type\":\"WebSite\",\"@id\":\"https:\/\/dev6.erresse-shop.it\/#website\",\"url\":\"https:\/\/dev6.erresse-shop.it\/\",\"name\":\"Erresse Shop\",\"description\":\"\",\"publisher\":{\"@id\":\"https:\/\/dev6.erresse-shop.it\/#organization\"},\"potentialAction\":[{\"@type\":\"SearchAction\",\"target\":{\"@type\":\"EntryPoint\",\"urlTemplate\":\"https:\/\/dev6.erresse-shop.it\/?s={search_term_string}\"},\"query-input\":{\"@type\":\"PropertyValueSpecification\",\"valueRequired\":true,\"valueName\":\"search_term_string\"}}],\"inLanguage\":\"fr-FR\"},{\"@type\":\"Organization\",\"@id\":\"https:\/\/dev6.erresse-shop.it\/#organization\",\"name\":\"Erresse Shop\",\"url\":\"https:\/\/dev6.erresse-shop.it\/\",\"logo\":{\"@type\":\"ImageObject\",\"inLanguage\":\"fr-FR\",\"@id\":\"https:\/\/dev6.erresse-shop.it\/#\/schema\/logo\/image\/\",\"url\":\"https:\/\/dev6.erresse-shop.it\/wp-content\/uploads\/2025\/01\/LOGO-ERRESSE-CLASSICO.svg\",\"contentUrl\":\"https:\/\/dev6.erresse-shop.it\/wp-content\/uploads\/2025\/01\/LOGO-ERRESSE-CLASSICO.svg\",\"caption\":\"Erresse Shop\"},\"image\":{\"@id\":\"https:\/\/dev6.erresse-shop.it\/#\/schema\/logo\/image\/\"}}]}<\/script>\n<!-- \/ Yoast SEO plugin. -->","yoast_head_json":{"title":"DUALIT Bouilloire Classique 1,7 L - dev6 Erresse","description":"La bouilloire CLASSIC multi-brevet\u00e9e est dot\u00e9e d\u2019un \u00e9l\u00e9ment rempla\u00e7able r\u00e9volutionnaire qui prolonge consid\u00e9rablement sa dur\u00e9e de vie, tandis que la","robots":{"index":"noindex","follow":"follow","max-snippet":"max-snippet:-1","max-image-preview":"max-image-preview:large","max-video-preview":"max-video-preview:-1"},"og_locale":"fr_FR","og_type":"article","og_title":"DUALIT Bouilloire Classique 1,7 L - dev6 Erresse","og_description":"La bouilloire CLASSIC multi-brevet\u00e9e est dot\u00e9e d\u2019un \u00e9l\u00e9ment rempla\u00e7able r\u00e9volutionnaire qui prolonge consid\u00e9rablement sa dur\u00e9e de vie, tandis que la","og_url":"https:\/\/dev6.erresse-shop.it\/fr\/shop\/cuisine\/dualit-bouilloire-classique-17-l\/","og_site_name":"dev6 Erresse","og_image":[{"url":"https:\/\/interpim.erresse-shop.it\/Import\/Prodotti\/products-72835.jpg","type":"","width":"","height":""},{"url":"https:\/\/interpim.erresse-shop.it\/Import\/Prodotti\/products-72835.jpg","width":1024,"height":1024,"type":"image\/jpeg"}],"twitter_card":"summary_large_image","twitter_image":"https:\/\/interpim.erresse-shop.it\/Import\/Prodotti\/products-72835.jpg","schema":{"@context":"https:\/\/schema.org","@graph":[{"@type":"WebPage","@id":"https:\/\/dev6.erresse-shop.it\/fr\/shop\/cuisine\/dualit-bouilloire-classique-17-l\/","url":"https:\/\/dev6.erresse-shop.it\/fr\/shop\/cuisine\/dualit-bouilloire-classique-17-l\/","name":"DUALIT Bouilloire Classique 1,7 L - dev6 Erresse","isPartOf":{"@id":"https:\/\/dev6.erresse-shop.it\/#website"},"primaryImageOfPage":{"@id":"https:\/\/dev6.erresse-shop.it\/fr\/shop\/cuisine\/dualit-bouilloire-classique-17-l\/#primaryimage"},"image":{"@id":"https:\/\/dev6.erresse-shop.it\/fr\/shop\/cuisine\/dualit-bouilloire-classique-17-l\/#primaryimage"},"thumbnailUrl":"https:\/\/i2.wp.com\/interpim.erresse-shop.it\/Import\/Prodotti\/products-72835.jpg?ssl=1","datePublished":"2026-04-12T10:21:09+00:00","description":"La bouilloire CLASSIC multi-brevet\u00e9e est dot\u00e9e d\u2019un \u00e9l\u00e9ment rempla\u00e7able r\u00e9volutionnaire qui prolonge consid\u00e9rablement sa dur\u00e9e de vie, tandis que la","breadcrumb":{"@id":"https:\/\/dev6.erresse-shop.it\/fr\/shop\/cuisine\/dualit-bouilloire-classique-17-l\/#breadcrumb"},"inLanguage":"fr-FR","potentialAction":[{"@type":"ReadAction","target":["https:\/\/dev6.erresse-shop.it\/fr\/shop\/cuisine\/dualit-bouilloire-classique-17-l\/"]}]},{"@type":"ImageObject","inLanguage":"fr-FR","@id":"https:\/\/dev6.erresse-shop.it\/fr\/shop\/cuisine\/dualit-bouilloire-classique-17-l\/#primaryimage","url":"https:\/\/i2.wp.com\/interpim.erresse-shop.it\/Import\/Prodotti\/products-72835.jpg?ssl=1","contentUrl":"https:\/\/i2.wp.com\/interpim.erresse-shop.it\/Import\/Prodotti\/products-72835.jpg?ssl=1"},{"@type":"BreadcrumbList","@id":"https:\/\/dev6.erresse-shop.it\/fr\/shop\/cuisine\/dualit-bouilloire-classique-17-l\/#breadcrumb","itemListElement":[{"@type":"ListItem","position":1,"name":"Home","item":"https:\/\/dev6.erresse-shop.it\/"},{"@type":"ListItem","position":2,"name":"Boutique","item":"https:\/\/dev6.erresse-shop.it\/shop\/"},{"@type":"ListItem","position":3,"name":"DUALIT Bouilloire Classique 1,7 L"}]},{"@type":"WebSite","@id":"https:\/\/dev6.erresse-shop.it\/#website","url":"https:\/\/dev6.erresse-shop.it\/","name":"Erresse Shop","description":"","publisher":{"@id":"https:\/\/dev6.erresse-shop.it\/#organization"},"potentialAction":[{"@type":"SearchAction","target":{"@type":"EntryPoint","urlTemplate":"https:\/\/dev6.erresse-shop.it\/?s={search_term_string}"},"query-input":{"@type":"PropertyValueSpecification","valueRequired":true,"valueName":"search_term_string"}}],"inLanguage":"fr-FR"},{"@type":"Organization","@id":"https:\/\/dev6.erresse-shop.it\/#organization","name":"Erresse Shop","url":"https:\/\/dev6.erresse-shop.it\/","logo":{"@type":"ImageObject","inLanguage":"fr-FR","@id":"https:\/\/dev6.erresse-shop.it\/#\/schema\/logo\/image\/","url":"https:\/\/dev6.erresse-shop.it\/wp-content\/uploads\/2025\/01\/LOGO-ERRESSE-CLASSICO.svg","contentUrl":"https:\/\/dev6.erresse-shop.it\/wp-content\/uploads\/2025\/01\/LOGO-ERRESSE-CLASSICO.svg","caption":"Erresse Shop"},"image":{"@id":"https:\/\/dev6.erresse-shop.it\/#\/schema\/logo\/image\/"}}]}},"df_price":219,"df_sale_price":219,"df_regular_price":269.9,"df_image_link":"https:\/\/i2.wp.com\/interpim.erresse-shop.it\/Import\/Prodotti\/products-72835.jpg?resize=300,300&ssl=1","fifu_image_url":"https:\/\/interpim.erresse-shop.it\/Import\/Prodotti\/products-72835.jpg","_links":{"self":[{"href":"https:\/\/dev6.erresse-shop.it\/fr\/wp-json\/wp\/v2\/product\/825728","targetHints":{"allow":["GET"]}}],"collection":[{"href":"https:\/\/dev6.erresse-shop.it\/fr\/wp-json\/wp\/v2\/product"}],"about":[{"href":"https:\/\/dev6.erresse-shop.it\/fr\/wp-json\/wp\/v2\/types\/product"}],"wp:featuredmedia":[{"embeddable":true,"href":"https:\/\/dev6.erresse-shop.it\/fr\/wp-json\/wp\/v2\/media\/6372150"}],"wp:attachment":[{"href":"https:\/\/dev6.erresse-shop.it\/fr\/wp-json\/wp\/v2\/media?parent=825728"}],"wp:term":[{"taxonomy":"product_cat","embeddable":true,"href":"https:\/\/dev6.erresse-shop.it\/fr\/wp-json\/wp\/v2\/product_cat?post=825728"},{"taxonomy":"product_tag","embeddable":true,"href":"https:\/\/dev6.erresse-shop.it\/fr\/wp-json\/wp\/v2\/product_tag?post=825728"}],"curies":[{"name":"wp","href":"https:\/\/api.w.org\/{rel}","templated":true}]}}