{"id":65586,"date":"2026-04-12T12:21:09","date_gmt":"2026-04-12T10:21:09","guid":{"rendered":"https:\/\/dev6.erresse-shop.it\/shop\/non%20class\u00e9\/g3-ferrari-sakuriso-cuiseur-de-riz-18l\/"},"modified":"2025-09-14T06:13:21","modified_gmt":"2025-09-14T04:13:21","slug":"g3-ferrari-sakuriso-cuiseur-de-riz-18l","status":"publish","type":"product","link":"https:\/\/dev6.erresse-shop.it\/fr\/shop\/petits-electromenagers\/robots-de-cuisine\/g3-ferrari-sakuriso-cuiseur-de-riz-18l\/","title":{"rendered":"G3 FERRARI Sakuri&#8217;so Cuiseur de Riz 1,8L"},"content":{"rendered":"<p>Avec SAKURI\u2019 SO, vous pouvez pr\u00e9parer jusqu\u2019\u00e0 10 tasses d\u2019excellent riz \u00e0 la fois, cuit \u00e0 la vapeur de mani\u00e8re impeccable, gr\u00e2ce \u00e0 la fonction d\u2019arr\u00eat automatique en fin de cuisson. Mais ce n\u2019est pas tout : SAKURI\u2019 SO comprend \u00e9galement un plateau pour la pr\u00e9paration du poisson et des l\u00e9gumes. Dot\u00e9 d\u2019une casserole amovible antiadh\u00e9sive, d\u2019un couvercle avec a\u00e9ration et d\u2019une poign\u00e9e anti-br\u00fblure pour un maximum de commodit\u00e9, notre cuiseur de riz d\u00e9livre une puissance maximale de 700 watts qui vous permettra d\u2019avoir vos plats sur la table en un rien de temps.<\/p>\n<p>Caract\u00e9ristiques techniques<\/p>\n<p>Cuve amovible antiadh\u00e9sive<br \/>\nArr\u00eat automatique<br \/>\nGrande capacit\u00e9 1,8 L \/ 10 tasses<br \/>\nPlateau de cuisson \u00e0 la vapeur<br \/>\nCorps en acier inoxydable<br \/>\nCouvercle avec \u00e9vent et poign\u00e9e anti-br\u00fblure<br \/>\nAccessoires : plateau, cuill\u00e8re, tasse<br \/>\nAlimentation : AC 220-240V ~ 50\/60Hz<br \/>\nPuissance : 700 W<br \/>\nDimensions (\u00d8 x H) : 27 x 28,5 cm<br \/>\nPoids : 2,7 kg<\/p>\n<p>Non disponible \u00e0 la vente en dehors de l\u2019Europe<\/p>\n","protected":false},"excerpt":{"rendered":"<p>Avec SAKURI\u2019 SO, vous pouvez pr\u00e9parer jusqu\u2019\u00e0 10 tasses d\u2019excellent riz \u00e0 la fois, cuit \u00e0 la vapeur de mani\u00e8re impeccable, gr\u00e2ce \u00e0 la fonction d\u2019arr\u00eat automatique en fin de cuisson. Mais ce n\u2019est pas tout : SAKURI\u2019 SO comprend \u00e9galement un plateau pour la pr\u00e9paration du poisson et des l\u00e9gumes. Dot\u00e9 d\u2019une casserole amovible [&hellip;]<\/p>\n","protected":false},"featured_media":6372123,"template":"","meta":{"_acf_changed":false},"product_cat":[12055,12066],"product_tag":[],"class_list":{"0":"post-65586","1":"product","2":"type-product","3":"status-publish","4":"has-post-thumbnail","6":"product_cat-petits-electromenagers","7":"product_cat-robots-de-cuisine","9":"first","10":"instock","11":"sale","12":"taxable","13":"shipping-taxable","14":"purchasable","15":"product-type-simple","swatches":"rey-swatches","show_selected":"","stretch_labels":"rey-swatches--stretch-labels"},"acf":[],"yoast_head":"<!-- This site is optimized with the Yoast SEO plugin v25.4 - https:\/\/yoast.com\/wordpress\/plugins\/seo\/ -->\n<title>G3 FERRARI Sakuri&#8217;so Cuiseur de Riz 1,8L - dev6 Erresse<\/title>\n<meta name=\"description\" content=\"Avec SAKURI\u2019 SO, vous pouvez pr\u00e9parer jusqu\u2019\u00e0 10 tasses d\u2019excellent riz \u00e0 la fois, cuit \u00e0 la vapeur de mani\u00e8re impeccable, gr\u00e2ce \u00e0 la fonction d\u2019arr\u00eat\" \/>\n<meta name=\"robots\" content=\"noindex, follow, max-snippet:-1, max-image-preview:large, max-video-preview:-1\" \/>\n<meta property=\"og:locale\" content=\"fr_FR\" \/>\n<meta property=\"og:type\" content=\"article\" \/>\n<meta property=\"og:title\" content=\"G3 FERRARI Sakuri&#8217;so Cuiseur de Riz 1,8L - dev6 Erresse\" \/>\n<meta property=\"og:description\" content=\"Avec SAKURI\u2019 SO, vous pouvez pr\u00e9parer jusqu\u2019\u00e0 10 tasses d\u2019excellent riz \u00e0 la fois, cuit \u00e0 la vapeur de mani\u00e8re impeccable, gr\u00e2ce \u00e0 la fonction d\u2019arr\u00eat\" \/>\n<meta property=\"og:url\" content=\"https:\/\/dev6.erresse-shop.it\/fr\/shop\/petits-electromenagers\/robots-de-cuisine\/g3-ferrari-sakuriso-cuiseur-de-riz-18l\/\" \/>\n<meta property=\"og:site_name\" content=\"dev6 Erresse\" \/>\n<meta property=\"og:image\" content=\"https:\/\/interpim.erresse-shop.it\/Import\/Prodotti\/g3-ferrari-cuociriso.jpg\" \/><meta property=\"og:image\" content=\"https:\/\/interpim.erresse-shop.it\/Import\/Prodotti\/g3-ferrari-cuociriso.jpg\" \/>\n\t<meta property=\"og:image:width\" content=\"1024\" \/>\n\t<meta property=\"og:image:height\" content=\"1024\" \/>\n\t<meta property=\"og:image:type\" content=\"image\/jpeg\" \/>\n<meta name=\"twitter:card\" content=\"summary_large_image\" \/>\n<meta name=\"twitter:image\" content=\"https:\/\/interpim.erresse-shop.it\/Import\/Prodotti\/g3-ferrari-cuociriso.jpg\" \/>\n<script type=\"application\/ld+json\" class=\"yoast-schema-graph\">{\"@context\":\"https:\/\/schema.org\",\"@graph\":[{\"@type\":\"WebPage\",\"@id\":\"https:\/\/dev6.erresse-shop.it\/fr\/shop\/petits-electromenagers\/robots-de-cuisine\/g3-ferrari-sakuriso-cuiseur-de-riz-18l\/\",\"url\":\"https:\/\/dev6.erresse-shop.it\/fr\/shop\/petits-electromenagers\/robots-de-cuisine\/g3-ferrari-sakuriso-cuiseur-de-riz-18l\/\",\"name\":\"G3 FERRARI Sakuri&#8217;so Cuiseur de Riz 1,8L - dev6 Erresse\",\"isPartOf\":{\"@id\":\"https:\/\/dev6.erresse-shop.it\/#website\"},\"primaryImageOfPage\":{\"@id\":\"https:\/\/dev6.erresse-shop.it\/fr\/shop\/petits-electromenagers\/robots-de-cuisine\/g3-ferrari-sakuriso-cuiseur-de-riz-18l\/#primaryimage\"},\"image\":{\"@id\":\"https:\/\/dev6.erresse-shop.it\/fr\/shop\/petits-electromenagers\/robots-de-cuisine\/g3-ferrari-sakuriso-cuiseur-de-riz-18l\/#primaryimage\"},\"thumbnailUrl\":\"https:\/\/i0.wp.com\/interpim.erresse-shop.it\/Import\/Prodotti\/g3-ferrari-cuociriso.jpg?ssl=1\",\"datePublished\":\"2026-04-12T10:21:09+00:00\",\"description\":\"Avec SAKURI\u2019 SO, vous pouvez pr\u00e9parer jusqu\u2019\u00e0 10 tasses d\u2019excellent riz \u00e0 la fois, cuit \u00e0 la vapeur de mani\u00e8re impeccable, gr\u00e2ce \u00e0 la fonction d\u2019arr\u00eat\",\"breadcrumb\":{\"@id\":\"https:\/\/dev6.erresse-shop.it\/fr\/shop\/petits-electromenagers\/robots-de-cuisine\/g3-ferrari-sakuriso-cuiseur-de-riz-18l\/#breadcrumb\"},\"inLanguage\":\"fr-FR\",\"potentialAction\":[{\"@type\":\"ReadAction\",\"target\":[\"https:\/\/dev6.erresse-shop.it\/fr\/shop\/petits-electromenagers\/robots-de-cuisine\/g3-ferrari-sakuriso-cuiseur-de-riz-18l\/\"]}]},{\"@type\":\"ImageObject\",\"inLanguage\":\"fr-FR\",\"@id\":\"https:\/\/dev6.erresse-shop.it\/fr\/shop\/petits-electromenagers\/robots-de-cuisine\/g3-ferrari-sakuriso-cuiseur-de-riz-18l\/#primaryimage\",\"url\":\"https:\/\/i0.wp.com\/interpim.erresse-shop.it\/Import\/Prodotti\/g3-ferrari-cuociriso.jpg?ssl=1\",\"contentUrl\":\"https:\/\/i0.wp.com\/interpim.erresse-shop.it\/Import\/Prodotti\/g3-ferrari-cuociriso.jpg?ssl=1\"},{\"@type\":\"BreadcrumbList\",\"@id\":\"https:\/\/dev6.erresse-shop.it\/fr\/shop\/petits-electromenagers\/robots-de-cuisine\/g3-ferrari-sakuriso-cuiseur-de-riz-18l\/#breadcrumb\",\"itemListElement\":[{\"@type\":\"ListItem\",\"position\":1,\"name\":\"Home\",\"item\":\"https:\/\/dev6.erresse-shop.it\/\"},{\"@type\":\"ListItem\",\"position\":2,\"name\":\"Boutique\",\"item\":\"https:\/\/dev6.erresse-shop.it\/shop\/\"},{\"@type\":\"ListItem\",\"position\":3,\"name\":\"G3 FERRARI Sakuri&#8217;so Cuiseur de Riz 1,8L\"}]},{\"@type\":\"WebSite\",\"@id\":\"https:\/\/dev6.erresse-shop.it\/#website\",\"url\":\"https:\/\/dev6.erresse-shop.it\/\",\"name\":\"Erresse Shop\",\"description\":\"\",\"publisher\":{\"@id\":\"https:\/\/dev6.erresse-shop.it\/#organization\"},\"potentialAction\":[{\"@type\":\"SearchAction\",\"target\":{\"@type\":\"EntryPoint\",\"urlTemplate\":\"https:\/\/dev6.erresse-shop.it\/?s={search_term_string}\"},\"query-input\":{\"@type\":\"PropertyValueSpecification\",\"valueRequired\":true,\"valueName\":\"search_term_string\"}}],\"inLanguage\":\"fr-FR\"},{\"@type\":\"Organization\",\"@id\":\"https:\/\/dev6.erresse-shop.it\/#organization\",\"name\":\"Erresse Shop\",\"url\":\"https:\/\/dev6.erresse-shop.it\/\",\"logo\":{\"@type\":\"ImageObject\",\"inLanguage\":\"fr-FR\",\"@id\":\"https:\/\/dev6.erresse-shop.it\/#\/schema\/logo\/image\/\",\"url\":\"https:\/\/dev6.erresse-shop.it\/wp-content\/uploads\/2025\/01\/LOGO-ERRESSE-CLASSICO.svg\",\"contentUrl\":\"https:\/\/dev6.erresse-shop.it\/wp-content\/uploads\/2025\/01\/LOGO-ERRESSE-CLASSICO.svg\",\"caption\":\"Erresse Shop\"},\"image\":{\"@id\":\"https:\/\/dev6.erresse-shop.it\/#\/schema\/logo\/image\/\"}}]}<\/script>\n<!-- \/ Yoast SEO plugin. -->","yoast_head_json":{"title":"G3 FERRARI Sakuri&#8217;so Cuiseur de Riz 1,8L - dev6 Erresse","description":"Avec SAKURI\u2019 SO, vous pouvez pr\u00e9parer jusqu\u2019\u00e0 10 tasses d\u2019excellent riz \u00e0 la fois, cuit \u00e0 la vapeur de mani\u00e8re impeccable, gr\u00e2ce \u00e0 la fonction d\u2019arr\u00eat","robots":{"index":"noindex","follow":"follow","max-snippet":"max-snippet:-1","max-image-preview":"max-image-preview:large","max-video-preview":"max-video-preview:-1"},"og_locale":"fr_FR","og_type":"article","og_title":"G3 FERRARI Sakuri&#8217;so Cuiseur de Riz 1,8L - dev6 Erresse","og_description":"Avec SAKURI\u2019 SO, vous pouvez pr\u00e9parer jusqu\u2019\u00e0 10 tasses d\u2019excellent riz \u00e0 la fois, cuit \u00e0 la vapeur de mani\u00e8re impeccable, gr\u00e2ce \u00e0 la fonction d\u2019arr\u00eat","og_url":"https:\/\/dev6.erresse-shop.it\/fr\/shop\/petits-electromenagers\/robots-de-cuisine\/g3-ferrari-sakuriso-cuiseur-de-riz-18l\/","og_site_name":"dev6 Erresse","og_image":[{"url":"https:\/\/interpim.erresse-shop.it\/Import\/Prodotti\/g3-ferrari-cuociriso.jpg","type":"","width":"","height":""},{"url":"https:\/\/interpim.erresse-shop.it\/Import\/Prodotti\/g3-ferrari-cuociriso.jpg","width":1024,"height":1024,"type":"image\/jpeg"}],"twitter_card":"summary_large_image","twitter_image":"https:\/\/interpim.erresse-shop.it\/Import\/Prodotti\/g3-ferrari-cuociriso.jpg","schema":{"@context":"https:\/\/schema.org","@graph":[{"@type":"WebPage","@id":"https:\/\/dev6.erresse-shop.it\/fr\/shop\/petits-electromenagers\/robots-de-cuisine\/g3-ferrari-sakuriso-cuiseur-de-riz-18l\/","url":"https:\/\/dev6.erresse-shop.it\/fr\/shop\/petits-electromenagers\/robots-de-cuisine\/g3-ferrari-sakuriso-cuiseur-de-riz-18l\/","name":"G3 FERRARI Sakuri&#8217;so Cuiseur de Riz 1,8L - dev6 Erresse","isPartOf":{"@id":"https:\/\/dev6.erresse-shop.it\/#website"},"primaryImageOfPage":{"@id":"https:\/\/dev6.erresse-shop.it\/fr\/shop\/petits-electromenagers\/robots-de-cuisine\/g3-ferrari-sakuriso-cuiseur-de-riz-18l\/#primaryimage"},"image":{"@id":"https:\/\/dev6.erresse-shop.it\/fr\/shop\/petits-electromenagers\/robots-de-cuisine\/g3-ferrari-sakuriso-cuiseur-de-riz-18l\/#primaryimage"},"thumbnailUrl":"https:\/\/i0.wp.com\/interpim.erresse-shop.it\/Import\/Prodotti\/g3-ferrari-cuociriso.jpg?ssl=1","datePublished":"2026-04-12T10:21:09+00:00","description":"Avec SAKURI\u2019 SO, vous pouvez pr\u00e9parer jusqu\u2019\u00e0 10 tasses d\u2019excellent riz \u00e0 la fois, cuit \u00e0 la vapeur de mani\u00e8re impeccable, gr\u00e2ce \u00e0 la fonction d\u2019arr\u00eat","breadcrumb":{"@id":"https:\/\/dev6.erresse-shop.it\/fr\/shop\/petits-electromenagers\/robots-de-cuisine\/g3-ferrari-sakuriso-cuiseur-de-riz-18l\/#breadcrumb"},"inLanguage":"fr-FR","potentialAction":[{"@type":"ReadAction","target":["https:\/\/dev6.erresse-shop.it\/fr\/shop\/petits-electromenagers\/robots-de-cuisine\/g3-ferrari-sakuriso-cuiseur-de-riz-18l\/"]}]},{"@type":"ImageObject","inLanguage":"fr-FR","@id":"https:\/\/dev6.erresse-shop.it\/fr\/shop\/petits-electromenagers\/robots-de-cuisine\/g3-ferrari-sakuriso-cuiseur-de-riz-18l\/#primaryimage","url":"https:\/\/i0.wp.com\/interpim.erresse-shop.it\/Import\/Prodotti\/g3-ferrari-cuociriso.jpg?ssl=1","contentUrl":"https:\/\/i0.wp.com\/interpim.erresse-shop.it\/Import\/Prodotti\/g3-ferrari-cuociriso.jpg?ssl=1"},{"@type":"BreadcrumbList","@id":"https:\/\/dev6.erresse-shop.it\/fr\/shop\/petits-electromenagers\/robots-de-cuisine\/g3-ferrari-sakuriso-cuiseur-de-riz-18l\/#breadcrumb","itemListElement":[{"@type":"ListItem","position":1,"name":"Home","item":"https:\/\/dev6.erresse-shop.it\/"},{"@type":"ListItem","position":2,"name":"Boutique","item":"https:\/\/dev6.erresse-shop.it\/shop\/"},{"@type":"ListItem","position":3,"name":"G3 FERRARI Sakuri&#8217;so Cuiseur de Riz 1,8L"}]},{"@type":"WebSite","@id":"https:\/\/dev6.erresse-shop.it\/#website","url":"https:\/\/dev6.erresse-shop.it\/","name":"Erresse Shop","description":"","publisher":{"@id":"https:\/\/dev6.erresse-shop.it\/#organization"},"potentialAction":[{"@type":"SearchAction","target":{"@type":"EntryPoint","urlTemplate":"https:\/\/dev6.erresse-shop.it\/?s={search_term_string}"},"query-input":{"@type":"PropertyValueSpecification","valueRequired":true,"valueName":"search_term_string"}}],"inLanguage":"fr-FR"},{"@type":"Organization","@id":"https:\/\/dev6.erresse-shop.it\/#organization","name":"Erresse Shop","url":"https:\/\/dev6.erresse-shop.it\/","logo":{"@type":"ImageObject","inLanguage":"fr-FR","@id":"https:\/\/dev6.erresse-shop.it\/#\/schema\/logo\/image\/","url":"https:\/\/dev6.erresse-shop.it\/wp-content\/uploads\/2025\/01\/LOGO-ERRESSE-CLASSICO.svg","contentUrl":"https:\/\/dev6.erresse-shop.it\/wp-content\/uploads\/2025\/01\/LOGO-ERRESSE-CLASSICO.svg","caption":"Erresse Shop"},"image":{"@id":"https:\/\/dev6.erresse-shop.it\/#\/schema\/logo\/image\/"}}]}},"df_price":59,"df_sale_price":59,"df_regular_price":59.9,"df_image_link":"https:\/\/i0.wp.com\/interpim.erresse-shop.it\/Import\/Prodotti\/g3-ferrari-cuociriso.jpg?resize=300,300&ssl=1","fifu_image_url":"https:\/\/interpim.erresse-shop.it\/Import\/Prodotti\/g3-ferrari-cuociriso.jpg","_links":{"self":[{"href":"https:\/\/dev6.erresse-shop.it\/fr\/wp-json\/wp\/v2\/product\/65586","targetHints":{"allow":["GET"]}}],"collection":[{"href":"https:\/\/dev6.erresse-shop.it\/fr\/wp-json\/wp\/v2\/product"}],"about":[{"href":"https:\/\/dev6.erresse-shop.it\/fr\/wp-json\/wp\/v2\/types\/product"}],"wp:featuredmedia":[{"embeddable":true,"href":"https:\/\/dev6.erresse-shop.it\/fr\/wp-json\/wp\/v2\/media\/6372123"}],"wp:attachment":[{"href":"https:\/\/dev6.erresse-shop.it\/fr\/wp-json\/wp\/v2\/media?parent=65586"}],"wp:term":[{"taxonomy":"product_cat","embeddable":true,"href":"https:\/\/dev6.erresse-shop.it\/fr\/wp-json\/wp\/v2\/product_cat?post=65586"},{"taxonomy":"product_tag","embeddable":true,"href":"https:\/\/dev6.erresse-shop.it\/fr\/wp-json\/wp\/v2\/product_tag?post=65586"}],"curies":[{"name":"wp","href":"https:\/\/api.w.org\/{rel}","templated":true}]}}