{"id":65534,"date":"2026-04-12T12:18:55","date_gmt":"2026-04-12T10:18:55","guid":{"rendered":"https:\/\/dev6.erresse-shop.it\/shop\/non%20class\u00e9\/fratelli-desideri-capsule-collection-tube-chef-andrea-larossa-il-tesoro-di-barolo\/"},"modified":"2025-09-14T06:12:18","modified_gmt":"2025-09-14T04:12:18","slug":"fratelli-desideri-capsule-collection-tube-chef-andrea-larossa-il-tesoro-di-barolo","status":"publish","type":"product","link":"https:\/\/dev6.erresse-shop.it\/fr\/shop\/food-fr\/fratelli-desideri-capsule-collection-tube-chef-andrea-larossa-il-tesoro-di-barolo\/","title":{"rendered":"FRATELLI DESIDERI Capsule Collection Tube Chef Andrea Larossa Il Tesoro di Barolo"},"content":{"rendered":"<p>LA CAPSULE COLLECTION par ANDREA LAROSSA<\/p>\n<p>La Collection Capsule est la\u00a0toute nouvelle ligne de Kits Repas \u201cPr\u00eat \u00e0 manger\u201d\u00a0!D\u00e9di\u00e9 \u00e0 ceux qui ne veulent pas renoncer \u00e0 un grand plat gourmand,\u00a0m\u00eame s\u2019ils n\u2019ont pas\u00a0beaucoup le temps (ou l\u2019envie) de cuisiner.Ce sont des recettes qui ont pour d\u00e9nominateur commun un \u00ab tr\u00e9sor \u00bb, c\u2019est-\u00e0-dire l\u2019ingr\u00e9dient par excellence du territoire auquel elles appartiennent, r\u00e9interpr\u00e9t\u00e9 de mani\u00e8re sublime par les grands chefs \u00e9toil\u00e9s italiens.<\/p>\n<p>Le \u00ab tr\u00e9sor \u00bb de cette recette est le vin Barolo.<\/p>\n<p>Dans cette capsule, vous trouverez des tagliatelles aux \u0153ufs et une sauce toute pr\u00eate avec des saucisses et du vin Barolo d\u2019Andrea Larossa.<\/p>\n<p>C\u2019est un plat de la tradition culinaire des Langhe, qu\u2019Andrea a toujours aim\u00e9 revisiter dans sa cuisine innovante. Avec cette recette, il a r\u00e9ussi \u00e0 r\u00e9aliser une sauce avec des ingr\u00e9dients puissants, comme la saucisse de porc, le Barolo, l\u2019ail et l\u2019oignon, \u00e9l\u00e9gante et extr\u00eamement raffin\u00e9e. Les notes et les ar\u00f4mes de ce plat vous transportent directement dans les fermes des agriculteurs des Langhe du XIXe si\u00e8cle,\u00a0au milieu des vignes et des animaux de basse-cour, o\u00f9 cette magnifique recette \u00e9tait habituellement consomm\u00e9e le dimanche au d\u00e9jeuner.<\/p>\n<p>Comment le cuisinez-vous ? Faites cuire les p\u00e2tes et versez la sauce. Et c\u2019est tout !<\/p>\n<p>LA PR\u00c9PARATION<\/p>\n<p>1.\u00a0Versez 2,5 litres d\u2019eau dans une casserole, ajoutez 25 g de gros sel, portez \u00e0 \u00e9bullition.<\/p>\n<p>2.\u00a0Lorsque l\u2019eau bout, ajoutez les tagliatelles aux \u0153ufs et laissez cuire 5 minutes.<\/p>\n<p>3.\u00a0Pendant ce temps, versez le pot de saucisses et la sauce Barolo dans une casserole et faites chauffer doucement \u00e0 feu doux pendant 2 minutes, puis \u00e9teignez le feu.<\/p>\n<p>4.\u00a0Au bout de 5 minutes, \u00e9gouttez les tagliatelles aux \u0153ufs en gardant un peu de l\u2019eau de cuisson.<\/p>\n<p>5.\u00a0Versez les tagliatelles dans la po\u00eale avec la sauce et m\u00e9langez bien le tout (si n\u00e9cessaire, ajoutez un peu d\u2019eau de cuisson pour obtenir le bon niveau d\u2019onctuosit\u00e9).<\/p>\n<p>\u00a0<\/p>\n<p>PLA\u00c7AGE<\/p>\n<p>1.\u00a0Utilisez des assiettes creuses.<\/p>\n<p>2.\u00a0Prenez une louche et une fourchette.<\/p>\n<p>3.\u00a0R\u00e9cup\u00e9rez une portion de tagliatelles de la po\u00eale avec une fourchette et enveloppez-la dans la louche pour cr\u00e9er la forme d\u2019un nid.<\/p>\n<p>4.\u00a0Placez d\u00e9licatement le nid au centre de l\u2019assiette.<\/p>\n<p>5.\u00a0Terminez le plat avec un filet d\u2019huile d\u2019olive extra vierge.<\/p>\n<p>6.\u00a0Nettoyez le bord de la plaque avec un chiffon pour \u00e9liminer toute trace.<\/p>\n<p>\u00a0<\/p>\n<p>D\u00e9tails du produit\u00a0:<\/p>\n<p>Portions\u00a0: 2 personnes<br \/>\nTemps de pr\u00e9paration\u00a0: 10 min.<br \/>\nDifficult\u00e9\u00a0: Faible<\/p>\n","protected":false},"excerpt":{"rendered":"<p>LA CAPSULE COLLECTION par ANDREA LAROSSA La Collection Capsule est la\u00a0toute nouvelle ligne de Kits Repas \u201cPr\u00eat \u00e0 manger\u201d\u00a0!D\u00e9di\u00e9 \u00e0 ceux qui ne veulent pas renoncer \u00e0 un grand plat gourmand,\u00a0m\u00eame s\u2019ils n\u2019ont pas\u00a0beaucoup le temps (ou l\u2019envie) de cuisiner.Ce sont des recettes qui ont pour d\u00e9nominateur commun un \u00ab tr\u00e9sor \u00bb, c\u2019est-\u00e0-dire l\u2019ingr\u00e9dient par [&hellip;]<\/p>\n","protected":false},"featured_media":6372014,"template":"","meta":{"_acf_changed":false},"product_cat":[12049],"product_tag":[],"class_list":{"0":"post-65534","1":"product","2":"type-product","3":"status-publish","4":"has-post-thumbnail","6":"product_cat-food-fr","8":"first","9":"instock","10":"taxable","11":"shipping-taxable","12":"purchasable","13":"product-type-simple","swatches":"rey-swatches","show_selected":"","stretch_labels":"rey-swatches--stretch-labels"},"acf":[],"yoast_head":"<!-- This site is optimized with the Yoast SEO plugin v25.4 - https:\/\/yoast.com\/wordpress\/plugins\/seo\/ -->\n<title>FRATELLI DESIDERI Capsule Collection Tube Chef Andrea Larossa Il Tesoro di Barolo - dev6 Erresse<\/title>\n<meta name=\"description\" content=\"LA CAPSULE COLLECTION par ANDREA LAROSSA La Collection Capsule est la\u00a0toute nouvelle ligne de Kits Repas \u201cPr\u00eat \u00e0 manger\u201d\u00a0!D\u00e9di\u00e9 \u00e0 ceux qui ne veulent pas\" \/>\n<meta name=\"robots\" content=\"noindex, follow, max-snippet:-1, max-image-preview:large, max-video-preview:-1\" \/>\n<meta property=\"og:locale\" content=\"fr_FR\" \/>\n<meta property=\"og:type\" content=\"article\" \/>\n<meta property=\"og:title\" content=\"FRATELLI DESIDERI Capsule Collection Tube Chef Andrea Larossa Il Tesoro di Barolo - dev6 Erresse\" \/>\n<meta property=\"og:description\" content=\"LA CAPSULE COLLECTION par ANDREA LAROSSA La Collection Capsule est la\u00a0toute nouvelle ligne de Kits Repas \u201cPr\u00eat \u00e0 manger\u201d\u00a0!D\u00e9di\u00e9 \u00e0 ceux qui ne veulent pas\" \/>\n<meta property=\"og:url\" content=\"https:\/\/dev6.erresse-shop.it\/fr\/shop\/food-fr\/fratelli-desideri-capsule-collection-tube-chef-andrea-larossa-il-tesoro-di-barolo\/\" \/>\n<meta property=\"og:site_name\" content=\"dev6 Erresse\" \/>\n<meta property=\"og:image\" content=\"https:\/\/interpim.erresse-shop.it\/Import\/Prodotti\/fratelli-desideri-capsule-collection-tube-il-tesoro-di-barolo.jpg\" \/><meta property=\"og:image\" content=\"https:\/\/interpim.erresse-shop.it\/Import\/Prodotti\/fratelli-desideri-capsule-collection-tube-il-tesoro-di-barolo.jpg\" \/>\n\t<meta property=\"og:image:width\" content=\"1024\" \/>\n\t<meta property=\"og:image:height\" content=\"1024\" \/>\n\t<meta property=\"og:image:type\" content=\"image\/jpeg\" \/>\n<meta name=\"twitter:card\" content=\"summary_large_image\" \/>\n<meta name=\"twitter:image\" content=\"https:\/\/interpim.erresse-shop.it\/Import\/Prodotti\/fratelli-desideri-capsule-collection-tube-il-tesoro-di-barolo.jpg\" \/>\n<script type=\"application\/ld+json\" class=\"yoast-schema-graph\">{\"@context\":\"https:\/\/schema.org\",\"@graph\":[{\"@type\":\"WebPage\",\"@id\":\"https:\/\/dev6.erresse-shop.it\/fr\/shop\/food-fr\/fratelli-desideri-capsule-collection-tube-chef-andrea-larossa-il-tesoro-di-barolo\/\",\"url\":\"https:\/\/dev6.erresse-shop.it\/fr\/shop\/food-fr\/fratelli-desideri-capsule-collection-tube-chef-andrea-larossa-il-tesoro-di-barolo\/\",\"name\":\"FRATELLI DESIDERI Capsule Collection Tube Chef Andrea Larossa Il Tesoro di Barolo - dev6 Erresse\",\"isPartOf\":{\"@id\":\"https:\/\/dev6.erresse-shop.it\/#website\"},\"primaryImageOfPage\":{\"@id\":\"https:\/\/dev6.erresse-shop.it\/fr\/shop\/food-fr\/fratelli-desideri-capsule-collection-tube-chef-andrea-larossa-il-tesoro-di-barolo\/#primaryimage\"},\"image\":{\"@id\":\"https:\/\/dev6.erresse-shop.it\/fr\/shop\/food-fr\/fratelli-desideri-capsule-collection-tube-chef-andrea-larossa-il-tesoro-di-barolo\/#primaryimage\"},\"thumbnailUrl\":\"https:\/\/i0.wp.com\/interpim.erresse-shop.it\/Import\/Prodotti\/fratelli-desideri-capsule-collection-tube-il-tesoro-di-barolo.jpg?ssl=1\",\"datePublished\":\"2026-04-12T10:18:55+00:00\",\"description\":\"LA CAPSULE COLLECTION par ANDREA LAROSSA La Collection Capsule est la\u00a0toute nouvelle ligne de Kits Repas \u201cPr\u00eat \u00e0 manger\u201d\u00a0!D\u00e9di\u00e9 \u00e0 ceux qui ne veulent pas\",\"breadcrumb\":{\"@id\":\"https:\/\/dev6.erresse-shop.it\/fr\/shop\/food-fr\/fratelli-desideri-capsule-collection-tube-chef-andrea-larossa-il-tesoro-di-barolo\/#breadcrumb\"},\"inLanguage\":\"fr-FR\",\"potentialAction\":[{\"@type\":\"ReadAction\",\"target\":[\"https:\/\/dev6.erresse-shop.it\/fr\/shop\/food-fr\/fratelli-desideri-capsule-collection-tube-chef-andrea-larossa-il-tesoro-di-barolo\/\"]}]},{\"@type\":\"ImageObject\",\"inLanguage\":\"fr-FR\",\"@id\":\"https:\/\/dev6.erresse-shop.it\/fr\/shop\/food-fr\/fratelli-desideri-capsule-collection-tube-chef-andrea-larossa-il-tesoro-di-barolo\/#primaryimage\",\"url\":\"https:\/\/i0.wp.com\/interpim.erresse-shop.it\/Import\/Prodotti\/fratelli-desideri-capsule-collection-tube-il-tesoro-di-barolo.jpg?ssl=1\",\"contentUrl\":\"https:\/\/i0.wp.com\/interpim.erresse-shop.it\/Import\/Prodotti\/fratelli-desideri-capsule-collection-tube-il-tesoro-di-barolo.jpg?ssl=1\"},{\"@type\":\"BreadcrumbList\",\"@id\":\"https:\/\/dev6.erresse-shop.it\/fr\/shop\/food-fr\/fratelli-desideri-capsule-collection-tube-chef-andrea-larossa-il-tesoro-di-barolo\/#breadcrumb\",\"itemListElement\":[{\"@type\":\"ListItem\",\"position\":1,\"name\":\"Home\",\"item\":\"https:\/\/dev6.erresse-shop.it\/\"},{\"@type\":\"ListItem\",\"position\":2,\"name\":\"Boutique\",\"item\":\"https:\/\/dev6.erresse-shop.it\/shop\/\"},{\"@type\":\"ListItem\",\"position\":3,\"name\":\"FRATELLI DESIDERI Capsule Collection Tube Chef Andrea Larossa Il Tesoro di Barolo\"}]},{\"@type\":\"WebSite\",\"@id\":\"https:\/\/dev6.erresse-shop.it\/#website\",\"url\":\"https:\/\/dev6.erresse-shop.it\/\",\"name\":\"Erresse Shop\",\"description\":\"\",\"publisher\":{\"@id\":\"https:\/\/dev6.erresse-shop.it\/#organization\"},\"potentialAction\":[{\"@type\":\"SearchAction\",\"target\":{\"@type\":\"EntryPoint\",\"urlTemplate\":\"https:\/\/dev6.erresse-shop.it\/?s={search_term_string}\"},\"query-input\":{\"@type\":\"PropertyValueSpecification\",\"valueRequired\":true,\"valueName\":\"search_term_string\"}}],\"inLanguage\":\"fr-FR\"},{\"@type\":\"Organization\",\"@id\":\"https:\/\/dev6.erresse-shop.it\/#organization\",\"name\":\"Erresse Shop\",\"url\":\"https:\/\/dev6.erresse-shop.it\/\",\"logo\":{\"@type\":\"ImageObject\",\"inLanguage\":\"fr-FR\",\"@id\":\"https:\/\/dev6.erresse-shop.it\/#\/schema\/logo\/image\/\",\"url\":\"https:\/\/dev6.erresse-shop.it\/wp-content\/uploads\/2025\/01\/LOGO-ERRESSE-CLASSICO.svg\",\"contentUrl\":\"https:\/\/dev6.erresse-shop.it\/wp-content\/uploads\/2025\/01\/LOGO-ERRESSE-CLASSICO.svg\",\"caption\":\"Erresse Shop\"},\"image\":{\"@id\":\"https:\/\/dev6.erresse-shop.it\/#\/schema\/logo\/image\/\"}}]}<\/script>\n<!-- \/ Yoast SEO plugin. -->","yoast_head_json":{"title":"FRATELLI DESIDERI Capsule Collection Tube Chef Andrea Larossa Il Tesoro di Barolo - dev6 Erresse","description":"LA CAPSULE COLLECTION par ANDREA LAROSSA La Collection Capsule est la\u00a0toute nouvelle ligne de Kits Repas \u201cPr\u00eat \u00e0 manger\u201d\u00a0!D\u00e9di\u00e9 \u00e0 ceux qui ne veulent pas","robots":{"index":"noindex","follow":"follow","max-snippet":"max-snippet:-1","max-image-preview":"max-image-preview:large","max-video-preview":"max-video-preview:-1"},"og_locale":"fr_FR","og_type":"article","og_title":"FRATELLI DESIDERI Capsule Collection Tube Chef Andrea Larossa Il Tesoro di Barolo - dev6 Erresse","og_description":"LA CAPSULE COLLECTION par ANDREA LAROSSA La Collection Capsule est la\u00a0toute nouvelle ligne de Kits Repas \u201cPr\u00eat \u00e0 manger\u201d\u00a0!D\u00e9di\u00e9 \u00e0 ceux qui ne veulent pas","og_url":"https:\/\/dev6.erresse-shop.it\/fr\/shop\/food-fr\/fratelli-desideri-capsule-collection-tube-chef-andrea-larossa-il-tesoro-di-barolo\/","og_site_name":"dev6 Erresse","og_image":[{"url":"https:\/\/interpim.erresse-shop.it\/Import\/Prodotti\/fratelli-desideri-capsule-collection-tube-il-tesoro-di-barolo.jpg","type":"","width":"","height":""},{"url":"https:\/\/interpim.erresse-shop.it\/Import\/Prodotti\/fratelli-desideri-capsule-collection-tube-il-tesoro-di-barolo.jpg","width":1024,"height":1024,"type":"image\/jpeg"}],"twitter_card":"summary_large_image","twitter_image":"https:\/\/interpim.erresse-shop.it\/Import\/Prodotti\/fratelli-desideri-capsule-collection-tube-il-tesoro-di-barolo.jpg","schema":{"@context":"https:\/\/schema.org","@graph":[{"@type":"WebPage","@id":"https:\/\/dev6.erresse-shop.it\/fr\/shop\/food-fr\/fratelli-desideri-capsule-collection-tube-chef-andrea-larossa-il-tesoro-di-barolo\/","url":"https:\/\/dev6.erresse-shop.it\/fr\/shop\/food-fr\/fratelli-desideri-capsule-collection-tube-chef-andrea-larossa-il-tesoro-di-barolo\/","name":"FRATELLI DESIDERI Capsule Collection Tube Chef Andrea Larossa Il Tesoro di Barolo - dev6 Erresse","isPartOf":{"@id":"https:\/\/dev6.erresse-shop.it\/#website"},"primaryImageOfPage":{"@id":"https:\/\/dev6.erresse-shop.it\/fr\/shop\/food-fr\/fratelli-desideri-capsule-collection-tube-chef-andrea-larossa-il-tesoro-di-barolo\/#primaryimage"},"image":{"@id":"https:\/\/dev6.erresse-shop.it\/fr\/shop\/food-fr\/fratelli-desideri-capsule-collection-tube-chef-andrea-larossa-il-tesoro-di-barolo\/#primaryimage"},"thumbnailUrl":"https:\/\/i0.wp.com\/interpim.erresse-shop.it\/Import\/Prodotti\/fratelli-desideri-capsule-collection-tube-il-tesoro-di-barolo.jpg?ssl=1","datePublished":"2026-04-12T10:18:55+00:00","description":"LA CAPSULE COLLECTION par ANDREA LAROSSA La Collection Capsule est la\u00a0toute nouvelle ligne de Kits Repas \u201cPr\u00eat \u00e0 manger\u201d\u00a0!D\u00e9di\u00e9 \u00e0 ceux qui ne veulent pas","breadcrumb":{"@id":"https:\/\/dev6.erresse-shop.it\/fr\/shop\/food-fr\/fratelli-desideri-capsule-collection-tube-chef-andrea-larossa-il-tesoro-di-barolo\/#breadcrumb"},"inLanguage":"fr-FR","potentialAction":[{"@type":"ReadAction","target":["https:\/\/dev6.erresse-shop.it\/fr\/shop\/food-fr\/fratelli-desideri-capsule-collection-tube-chef-andrea-larossa-il-tesoro-di-barolo\/"]}]},{"@type":"ImageObject","inLanguage":"fr-FR","@id":"https:\/\/dev6.erresse-shop.it\/fr\/shop\/food-fr\/fratelli-desideri-capsule-collection-tube-chef-andrea-larossa-il-tesoro-di-barolo\/#primaryimage","url":"https:\/\/i0.wp.com\/interpim.erresse-shop.it\/Import\/Prodotti\/fratelli-desideri-capsule-collection-tube-il-tesoro-di-barolo.jpg?ssl=1","contentUrl":"https:\/\/i0.wp.com\/interpim.erresse-shop.it\/Import\/Prodotti\/fratelli-desideri-capsule-collection-tube-il-tesoro-di-barolo.jpg?ssl=1"},{"@type":"BreadcrumbList","@id":"https:\/\/dev6.erresse-shop.it\/fr\/shop\/food-fr\/fratelli-desideri-capsule-collection-tube-chef-andrea-larossa-il-tesoro-di-barolo\/#breadcrumb","itemListElement":[{"@type":"ListItem","position":1,"name":"Home","item":"https:\/\/dev6.erresse-shop.it\/"},{"@type":"ListItem","position":2,"name":"Boutique","item":"https:\/\/dev6.erresse-shop.it\/shop\/"},{"@type":"ListItem","position":3,"name":"FRATELLI DESIDERI Capsule Collection Tube Chef Andrea Larossa Il Tesoro di Barolo"}]},{"@type":"WebSite","@id":"https:\/\/dev6.erresse-shop.it\/#website","url":"https:\/\/dev6.erresse-shop.it\/","name":"Erresse Shop","description":"","publisher":{"@id":"https:\/\/dev6.erresse-shop.it\/#organization"},"potentialAction":[{"@type":"SearchAction","target":{"@type":"EntryPoint","urlTemplate":"https:\/\/dev6.erresse-shop.it\/?s={search_term_string}"},"query-input":{"@type":"PropertyValueSpecification","valueRequired":true,"valueName":"search_term_string"}}],"inLanguage":"fr-FR"},{"@type":"Organization","@id":"https:\/\/dev6.erresse-shop.it\/#organization","name":"Erresse Shop","url":"https:\/\/dev6.erresse-shop.it\/","logo":{"@type":"ImageObject","inLanguage":"fr-FR","@id":"https:\/\/dev6.erresse-shop.it\/#\/schema\/logo\/image\/","url":"https:\/\/dev6.erresse-shop.it\/wp-content\/uploads\/2025\/01\/LOGO-ERRESSE-CLASSICO.svg","contentUrl":"https:\/\/dev6.erresse-shop.it\/wp-content\/uploads\/2025\/01\/LOGO-ERRESSE-CLASSICO.svg","caption":"Erresse Shop"},"image":{"@id":"https:\/\/dev6.erresse-shop.it\/#\/schema\/logo\/image\/"}}]}},"df_price":26.5,"df_sale_price":"","df_regular_price":26.5,"df_image_link":"https:\/\/i0.wp.com\/interpim.erresse-shop.it\/Import\/Prodotti\/fratelli-desideri-capsule-collection-tube-il-tesoro-di-barolo.jpg?resize=300,300&ssl=1","fifu_image_url":"https:\/\/interpim.erresse-shop.it\/Import\/Prodotti\/fratelli-desideri-capsule-collection-tube-il-tesoro-di-barolo.jpg","_links":{"self":[{"href":"https:\/\/dev6.erresse-shop.it\/fr\/wp-json\/wp\/v2\/product\/65534","targetHints":{"allow":["GET"]}}],"collection":[{"href":"https:\/\/dev6.erresse-shop.it\/fr\/wp-json\/wp\/v2\/product"}],"about":[{"href":"https:\/\/dev6.erresse-shop.it\/fr\/wp-json\/wp\/v2\/types\/product"}],"wp:featuredmedia":[{"embeddable":true,"href":"https:\/\/dev6.erresse-shop.it\/fr\/wp-json\/wp\/v2\/media\/6372014"}],"wp:attachment":[{"href":"https:\/\/dev6.erresse-shop.it\/fr\/wp-json\/wp\/v2\/media?parent=65534"}],"wp:term":[{"taxonomy":"product_cat","embeddable":true,"href":"https:\/\/dev6.erresse-shop.it\/fr\/wp-json\/wp\/v2\/product_cat?post=65534"},{"taxonomy":"product_tag","embeddable":true,"href":"https:\/\/dev6.erresse-shop.it\/fr\/wp-json\/wp\/v2\/product_tag?post=65534"}],"curies":[{"name":"wp","href":"https:\/\/api.w.org\/{rel}","templated":true}]}}