{"id":65532,"date":"2026-04-04T12:16:09","date_gmt":"2026-04-04T10:16:09","guid":{"rendered":"https:\/\/dev6.erresse-shop.it\/shop\/non%20class\u00e9\/fratelli-desideri-le-cene-stellate-chef-gualtiero-marchesi-riso-oro-e-zafferano\/"},"modified":"2025-09-14T06:12:14","modified_gmt":"2025-09-14T04:12:14","slug":"fratelli-desideri-le-cene-stellate-chef-gualtiero-marchesi-riso-oro-e-zafferano","status":"publish","type":"product","link":"https:\/\/dev6.erresse-shop.it\/fr\/shop\/food-fr\/fratelli-desideri-le-cene-stellate-chef-gualtiero-marchesi-riso-oro-e-zafferano\/","title":{"rendered":"FRATELLI DESIDERI Le Cene Stellate Chef Gualtiero Marchesi Riso, Oro e Zafferano"},"content":{"rendered":"<p>Le risotto \u00ab Riz, or et safran \u00bb est un plat symbolique de la cuisine de Gualtiero Marchesi, le fondateur de Nuova Cucina Italiana, une v\u00e9ritable r\u00e9volution gastronomique qui a eu un impact durable non seulement sur la cuisine italienne, mais aussi sur la cuisine internationale. Marchesi, gr\u00e2ce \u00e0 des recherches et des exp\u00e9rimentations constantes, a d\u00e9velopp\u00e9 un type de cuisine \u00e0 la fois cr\u00e9ative, fra\u00eeche, l\u00e9g\u00e8re, essentielle et raffin\u00e9e, caract\u00e9ris\u00e9e par une attention extraordinaire aux d\u00e9tails. Sa philosophie s\u2019est concentr\u00e9e sur l\u2019\u00e9quilibre entre des produits de la plus haute qualit\u00e9, l\u2019utilisation de syst\u00e8mes de cuisson adapt\u00e9s, une vision innovante de la di\u00e9t\u00e9tique et l\u2019\u00e9volution continue du go\u00fbt, qu\u2019il a toujours cherch\u00e9 \u00e0 affiner, en exp\u00e9rimentant de nouvelles techniques et combinaisons de saveurs.<\/p>\n<p>Le risotto \u201cRiz, or et safran\u201d est probablement le plat le plus c\u00e9l\u00e8bre au monde cr\u00e9\u00e9 par Marchesi, une authentique ic\u00f4ne gastronomique qui a marqu\u00e9 l\u2019histoire de la cuisine moderne. Ce plat, con\u00e7u et servi pour la premi\u00e8re fois au d\u00e9but des ann\u00e9es 1980, entre 1981 et 1982, repr\u00e9sente la synth\u00e8se parfaite de sa cuisine : simplicit\u00e9, \u00e9l\u00e9gance et raffinement. L\u2019association du riz, du safran et de l\u2019or est un hommage \u00e0 la tradition gastronomique italienne, r\u00e9interpr\u00e9t\u00e9e avec la vision innovante et moderne du chef. Depuis lors, le plat est devenu non seulement un incontournable pour les amateurs de haute cuisine, mais aussi un symbole de sa cuisine, un embl\u00e8me de son art culinaire.<\/p>\n<p>La singuli\u00e8ret\u00e9 du plat est rendue encore plus sp\u00e9ciale par la pr\u00e9sence de feuille d\u2019or, une touche finale qui non seulement \u00e9l\u00e8ve le plat esth\u00e9tiquement, mais souligne \u00e9galement son importance et sa valeur symboliques. Le riz, avec sa couleur chaude et ensoleill\u00e9e, est embelli par l\u2019or qui se marie parfaitement \u00e0 l\u2019intensit\u00e9 et \u00e0 la d\u00e9licatesse du safran, cr\u00e9ant une symphonie de couleurs et de saveurs.<\/p>\n<p>L\u2019exp\u00e9rience sensorielle du plat se compl\u00e8te dans l\u2019acte de le manger. Marchesi a choisi de servir ce risotto avec une cuill\u00e8re et non avec une fourchette, comme un geste qui invite \u00e0 entrer en harmonie avec le plat, \u00e0 percevoir sa douceur et son intensit\u00e9 de mani\u00e8re plus intime et directe. Le parfum du risotto est si enveloppant qu\u2019il donne imm\u00e9diatement envie de briser la feuille d\u2019or \u00e0 la premi\u00e8re bouch\u00e9e, d\u00e9truisant en quelque sorte l\u2019\u00ab \u0153uvre d\u2019art \u00bb culinaire, mais en m\u00eame temps en valorisant sa valeur et sa signification, tout comme une cr\u00e9ation qui doit \u00eatre consomm\u00e9e et appr\u00e9ci\u00e9e dans son moment de splendeur maximale.<\/p>\n<p>Marchesi, parlant de ce risotto, aimait r\u00e9p\u00e9ter : \u00ab Je trouve que la luminosit\u00e9 du riz et de l\u2019or est vertigineuse. C\u2019est le plat qui reproduit le mieux mon concept de beaut\u00e9. Essentiel, sans fioritures \u00bb. Cette phrase contient l\u2019essence de son approche de la cuisine : un art qui n\u2019a pas besoin d\u2019ajouter des \u00e9l\u00e9ments superflus pour \u00eatre extraordinaire, mais qui trouve sa beaut\u00e9 dans la simplicit\u00e9, la puret\u00e9 et le raffinement des ingr\u00e9dients. Le Risotto \u00ab Riz, or et safran \u00bb n\u2019est pas seulement un plat \u00e0 manger, mais une exp\u00e9rience qui implique tous les sens et nous invite \u00e0 r\u00e9fl\u00e9chir sur la beaut\u00e9 qui r\u00e9side dans les choses essentielles, dans les traditions revisit\u00e9es avec une touche de g\u00e9nie.<\/p>\n<p>Avec ce plat, Gualtiero Marchesi a non seulement cr\u00e9\u00e9 un plat extraordinaire, mais il a \u00e9galement d\u00e9fini une philosophie gastronomique qui a influenc\u00e9 des g\u00e9n\u00e9rations de chefs et de passionn\u00e9s de cuisine. Son risotto reste une r\u00e9f\u00e9rence pour tous ceux qui souhaitent comprendre et appr\u00e9cier la cuisine de grande qualit\u00e9, celle qui parvient \u00e0 combiner en parfait \u00e9quilibre l\u2019art, l\u2019esth\u00e9tique et le go\u00fbt.<\/p>\n<p>D\u00e9tails du produit\u00a0:<\/p>\n<p>Portions\u00a0: 4 personnes<br \/>\nTemps de pr\u00e9paration\u00a0: 20 min.<br \/>\nDifficult\u00e9\u00a0: Faible<\/p>\n","protected":false},"excerpt":{"rendered":"<p>Le risotto \u00ab Riz, or et safran \u00bb est un plat symbolique de la cuisine de Gualtiero Marchesi, le fondateur de Nuova Cucina Italiana, une v\u00e9ritable r\u00e9volution gastronomique qui a eu un impact durable non seulement sur la cuisine italienne, mais aussi sur la cuisine internationale. Marchesi, gr\u00e2ce \u00e0 des recherches et des exp\u00e9rimentations constantes, [&hellip;]<\/p>\n","protected":false},"featured_media":6288735,"template":"","meta":{"_acf_changed":false},"product_cat":[12049],"product_tag":[],"class_list":{"0":"post-65532","1":"product","2":"type-product","3":"status-publish","4":"has-post-thumbnail","6":"product_cat-food-fr","8":"first","9":"instock","10":"taxable","11":"shipping-taxable","12":"purchasable","13":"product-type-simple","swatches":"rey-swatches","show_selected":"","stretch_labels":"rey-swatches--stretch-labels"},"acf":[],"yoast_head":"<!-- This site is optimized with the Yoast SEO plugin v25.4 - https:\/\/yoast.com\/wordpress\/plugins\/seo\/ -->\n<title>FRATELLI DESIDERI Le Cene Stellate Chef Gualtiero Marchesi Riso, Oro e Zafferano - dev6 Erresse<\/title>\n<meta name=\"description\" content=\"Le risotto \u00ab Riz, or et safran \u00bb est un plat symbolique de la cuisine de Gualtiero Marchesi, le fondateur de Nuova Cucina Italiana, une v\u00e9ritable\" \/>\n<meta name=\"robots\" content=\"noindex, follow, max-snippet:-1, max-image-preview:large, max-video-preview:-1\" \/>\n<meta property=\"og:locale\" content=\"fr_FR\" \/>\n<meta property=\"og:type\" content=\"article\" \/>\n<meta property=\"og:title\" content=\"FRATELLI DESIDERI Le Cene Stellate Chef Gualtiero Marchesi Riso, Oro e Zafferano - dev6 Erresse\" \/>\n<meta property=\"og:description\" content=\"Le risotto \u00ab Riz, or et safran \u00bb est un plat symbolique de la cuisine de Gualtiero Marchesi, le fondateur de Nuova Cucina Italiana, une v\u00e9ritable\" \/>\n<meta property=\"og:url\" content=\"https:\/\/dev6.erresse-shop.it\/fr\/shop\/food-fr\/fratelli-desideri-le-cene-stellate-chef-gualtiero-marchesi-riso-oro-e-zafferano\/\" \/>\n<meta property=\"og:site_name\" content=\"dev6 Erresse\" \/>\n<meta property=\"og:image\" content=\"https:\/\/interpim.erresse-shop.it\/Import\/Prodotti\/fratelli-desideri-le-cene-stellate-riso-oro-e-zafferano.jpg\" \/><meta property=\"og:image\" content=\"https:\/\/interpim.erresse-shop.it\/Import\/Prodotti\/fratelli-desideri-le-cene-stellate-riso-oro-e-zafferano.jpg\" \/>\n\t<meta property=\"og:image:width\" content=\"1024\" \/>\n\t<meta property=\"og:image:height\" content=\"1024\" \/>\n\t<meta property=\"og:image:type\" content=\"image\/jpeg\" \/>\n<meta name=\"twitter:card\" content=\"summary_large_image\" \/>\n<meta name=\"twitter:image\" content=\"https:\/\/interpim.erresse-shop.it\/Import\/Prodotti\/fratelli-desideri-le-cene-stellate-riso-oro-e-zafferano.jpg\" \/>\n<script type=\"application\/ld+json\" class=\"yoast-schema-graph\">{\"@context\":\"https:\/\/schema.org\",\"@graph\":[{\"@type\":\"WebPage\",\"@id\":\"https:\/\/dev6.erresse-shop.it\/fr\/shop\/food-fr\/fratelli-desideri-le-cene-stellate-chef-gualtiero-marchesi-riso-oro-e-zafferano\/\",\"url\":\"https:\/\/dev6.erresse-shop.it\/fr\/shop\/food-fr\/fratelli-desideri-le-cene-stellate-chef-gualtiero-marchesi-riso-oro-e-zafferano\/\",\"name\":\"FRATELLI DESIDERI Le Cene Stellate Chef Gualtiero Marchesi Riso, Oro e Zafferano - dev6 Erresse\",\"isPartOf\":{\"@id\":\"https:\/\/dev6.erresse-shop.it\/#website\"},\"primaryImageOfPage\":{\"@id\":\"https:\/\/dev6.erresse-shop.it\/fr\/shop\/food-fr\/fratelli-desideri-le-cene-stellate-chef-gualtiero-marchesi-riso-oro-e-zafferano\/#primaryimage\"},\"image\":{\"@id\":\"https:\/\/dev6.erresse-shop.it\/fr\/shop\/food-fr\/fratelli-desideri-le-cene-stellate-chef-gualtiero-marchesi-riso-oro-e-zafferano\/#primaryimage\"},\"thumbnailUrl\":\"https:\/\/i1.wp.com\/interpim.erresse-shop.it\/Import\/Prodotti\/fratelli-desideri-le-cene-stellate-riso-oro-e-zafferano.jpg?ssl=1\",\"datePublished\":\"2026-04-04T10:16:09+00:00\",\"description\":\"Le risotto \u00ab Riz, or et safran \u00bb est un plat symbolique de la cuisine de Gualtiero Marchesi, le fondateur de Nuova Cucina Italiana, une v\u00e9ritable\",\"breadcrumb\":{\"@id\":\"https:\/\/dev6.erresse-shop.it\/fr\/shop\/food-fr\/fratelli-desideri-le-cene-stellate-chef-gualtiero-marchesi-riso-oro-e-zafferano\/#breadcrumb\"},\"inLanguage\":\"fr-FR\",\"potentialAction\":[{\"@type\":\"ReadAction\",\"target\":[\"https:\/\/dev6.erresse-shop.it\/fr\/shop\/food-fr\/fratelli-desideri-le-cene-stellate-chef-gualtiero-marchesi-riso-oro-e-zafferano\/\"]}]},{\"@type\":\"ImageObject\",\"inLanguage\":\"fr-FR\",\"@id\":\"https:\/\/dev6.erresse-shop.it\/fr\/shop\/food-fr\/fratelli-desideri-le-cene-stellate-chef-gualtiero-marchesi-riso-oro-e-zafferano\/#primaryimage\",\"url\":\"https:\/\/i1.wp.com\/interpim.erresse-shop.it\/Import\/Prodotti\/fratelli-desideri-le-cene-stellate-riso-oro-e-zafferano.jpg?ssl=1\",\"contentUrl\":\"https:\/\/i1.wp.com\/interpim.erresse-shop.it\/Import\/Prodotti\/fratelli-desideri-le-cene-stellate-riso-oro-e-zafferano.jpg?ssl=1\"},{\"@type\":\"BreadcrumbList\",\"@id\":\"https:\/\/dev6.erresse-shop.it\/fr\/shop\/food-fr\/fratelli-desideri-le-cene-stellate-chef-gualtiero-marchesi-riso-oro-e-zafferano\/#breadcrumb\",\"itemListElement\":[{\"@type\":\"ListItem\",\"position\":1,\"name\":\"Home\",\"item\":\"https:\/\/dev6.erresse-shop.it\/\"},{\"@type\":\"ListItem\",\"position\":2,\"name\":\"Boutique\",\"item\":\"https:\/\/dev6.erresse-shop.it\/shop\/\"},{\"@type\":\"ListItem\",\"position\":3,\"name\":\"FRATELLI DESIDERI Le Cene Stellate Chef Gualtiero Marchesi Riso, Oro e Zafferano\"}]},{\"@type\":\"WebSite\",\"@id\":\"https:\/\/dev6.erresse-shop.it\/#website\",\"url\":\"https:\/\/dev6.erresse-shop.it\/\",\"name\":\"Erresse Shop\",\"description\":\"\",\"publisher\":{\"@id\":\"https:\/\/dev6.erresse-shop.it\/#organization\"},\"potentialAction\":[{\"@type\":\"SearchAction\",\"target\":{\"@type\":\"EntryPoint\",\"urlTemplate\":\"https:\/\/dev6.erresse-shop.it\/?s={search_term_string}\"},\"query-input\":{\"@type\":\"PropertyValueSpecification\",\"valueRequired\":true,\"valueName\":\"search_term_string\"}}],\"inLanguage\":\"fr-FR\"},{\"@type\":\"Organization\",\"@id\":\"https:\/\/dev6.erresse-shop.it\/#organization\",\"name\":\"Erresse Shop\",\"url\":\"https:\/\/dev6.erresse-shop.it\/\",\"logo\":{\"@type\":\"ImageObject\",\"inLanguage\":\"fr-FR\",\"@id\":\"https:\/\/dev6.erresse-shop.it\/#\/schema\/logo\/image\/\",\"url\":\"https:\/\/dev6.erresse-shop.it\/wp-content\/uploads\/2025\/01\/LOGO-ERRESSE-CLASSICO.svg\",\"contentUrl\":\"https:\/\/dev6.erresse-shop.it\/wp-content\/uploads\/2025\/01\/LOGO-ERRESSE-CLASSICO.svg\",\"caption\":\"Erresse Shop\"},\"image\":{\"@id\":\"https:\/\/dev6.erresse-shop.it\/#\/schema\/logo\/image\/\"}}]}<\/script>\n<!-- \/ Yoast SEO plugin. -->","yoast_head_json":{"title":"FRATELLI DESIDERI Le Cene Stellate Chef Gualtiero Marchesi Riso, Oro e Zafferano - dev6 Erresse","description":"Le risotto \u00ab Riz, or et safran \u00bb est un plat symbolique de la cuisine de Gualtiero Marchesi, le fondateur de Nuova Cucina Italiana, une v\u00e9ritable","robots":{"index":"noindex","follow":"follow","max-snippet":"max-snippet:-1","max-image-preview":"max-image-preview:large","max-video-preview":"max-video-preview:-1"},"og_locale":"fr_FR","og_type":"article","og_title":"FRATELLI DESIDERI Le Cene Stellate Chef Gualtiero Marchesi Riso, Oro e Zafferano - dev6 Erresse","og_description":"Le risotto \u00ab Riz, or et safran \u00bb est un plat symbolique de la cuisine de Gualtiero Marchesi, le fondateur de Nuova Cucina Italiana, une v\u00e9ritable","og_url":"https:\/\/dev6.erresse-shop.it\/fr\/shop\/food-fr\/fratelli-desideri-le-cene-stellate-chef-gualtiero-marchesi-riso-oro-e-zafferano\/","og_site_name":"dev6 Erresse","og_image":[{"url":"https:\/\/interpim.erresse-shop.it\/Import\/Prodotti\/fratelli-desideri-le-cene-stellate-riso-oro-e-zafferano.jpg","type":"","width":"","height":""},{"url":"https:\/\/interpim.erresse-shop.it\/Import\/Prodotti\/fratelli-desideri-le-cene-stellate-riso-oro-e-zafferano.jpg","width":1024,"height":1024,"type":"image\/jpeg"}],"twitter_card":"summary_large_image","twitter_image":"https:\/\/interpim.erresse-shop.it\/Import\/Prodotti\/fratelli-desideri-le-cene-stellate-riso-oro-e-zafferano.jpg","schema":{"@context":"https:\/\/schema.org","@graph":[{"@type":"WebPage","@id":"https:\/\/dev6.erresse-shop.it\/fr\/shop\/food-fr\/fratelli-desideri-le-cene-stellate-chef-gualtiero-marchesi-riso-oro-e-zafferano\/","url":"https:\/\/dev6.erresse-shop.it\/fr\/shop\/food-fr\/fratelli-desideri-le-cene-stellate-chef-gualtiero-marchesi-riso-oro-e-zafferano\/","name":"FRATELLI DESIDERI Le Cene Stellate Chef Gualtiero Marchesi Riso, Oro e Zafferano - dev6 Erresse","isPartOf":{"@id":"https:\/\/dev6.erresse-shop.it\/#website"},"primaryImageOfPage":{"@id":"https:\/\/dev6.erresse-shop.it\/fr\/shop\/food-fr\/fratelli-desideri-le-cene-stellate-chef-gualtiero-marchesi-riso-oro-e-zafferano\/#primaryimage"},"image":{"@id":"https:\/\/dev6.erresse-shop.it\/fr\/shop\/food-fr\/fratelli-desideri-le-cene-stellate-chef-gualtiero-marchesi-riso-oro-e-zafferano\/#primaryimage"},"thumbnailUrl":"https:\/\/i1.wp.com\/interpim.erresse-shop.it\/Import\/Prodotti\/fratelli-desideri-le-cene-stellate-riso-oro-e-zafferano.jpg?ssl=1","datePublished":"2026-04-04T10:16:09+00:00","description":"Le risotto \u00ab Riz, or et safran \u00bb est un plat symbolique de la cuisine de Gualtiero Marchesi, le fondateur de Nuova Cucina Italiana, une v\u00e9ritable","breadcrumb":{"@id":"https:\/\/dev6.erresse-shop.it\/fr\/shop\/food-fr\/fratelli-desideri-le-cene-stellate-chef-gualtiero-marchesi-riso-oro-e-zafferano\/#breadcrumb"},"inLanguage":"fr-FR","potentialAction":[{"@type":"ReadAction","target":["https:\/\/dev6.erresse-shop.it\/fr\/shop\/food-fr\/fratelli-desideri-le-cene-stellate-chef-gualtiero-marchesi-riso-oro-e-zafferano\/"]}]},{"@type":"ImageObject","inLanguage":"fr-FR","@id":"https:\/\/dev6.erresse-shop.it\/fr\/shop\/food-fr\/fratelli-desideri-le-cene-stellate-chef-gualtiero-marchesi-riso-oro-e-zafferano\/#primaryimage","url":"https:\/\/i1.wp.com\/interpim.erresse-shop.it\/Import\/Prodotti\/fratelli-desideri-le-cene-stellate-riso-oro-e-zafferano.jpg?ssl=1","contentUrl":"https:\/\/i1.wp.com\/interpim.erresse-shop.it\/Import\/Prodotti\/fratelli-desideri-le-cene-stellate-riso-oro-e-zafferano.jpg?ssl=1"},{"@type":"BreadcrumbList","@id":"https:\/\/dev6.erresse-shop.it\/fr\/shop\/food-fr\/fratelli-desideri-le-cene-stellate-chef-gualtiero-marchesi-riso-oro-e-zafferano\/#breadcrumb","itemListElement":[{"@type":"ListItem","position":1,"name":"Home","item":"https:\/\/dev6.erresse-shop.it\/"},{"@type":"ListItem","position":2,"name":"Boutique","item":"https:\/\/dev6.erresse-shop.it\/shop\/"},{"@type":"ListItem","position":3,"name":"FRATELLI DESIDERI Le Cene Stellate Chef Gualtiero Marchesi Riso, Oro e Zafferano"}]},{"@type":"WebSite","@id":"https:\/\/dev6.erresse-shop.it\/#website","url":"https:\/\/dev6.erresse-shop.it\/","name":"Erresse Shop","description":"","publisher":{"@id":"https:\/\/dev6.erresse-shop.it\/#organization"},"potentialAction":[{"@type":"SearchAction","target":{"@type":"EntryPoint","urlTemplate":"https:\/\/dev6.erresse-shop.it\/?s={search_term_string}"},"query-input":{"@type":"PropertyValueSpecification","valueRequired":true,"valueName":"search_term_string"}}],"inLanguage":"fr-FR"},{"@type":"Organization","@id":"https:\/\/dev6.erresse-shop.it\/#organization","name":"Erresse Shop","url":"https:\/\/dev6.erresse-shop.it\/","logo":{"@type":"ImageObject","inLanguage":"fr-FR","@id":"https:\/\/dev6.erresse-shop.it\/#\/schema\/logo\/image\/","url":"https:\/\/dev6.erresse-shop.it\/wp-content\/uploads\/2025\/01\/LOGO-ERRESSE-CLASSICO.svg","contentUrl":"https:\/\/dev6.erresse-shop.it\/wp-content\/uploads\/2025\/01\/LOGO-ERRESSE-CLASSICO.svg","caption":"Erresse Shop"},"image":{"@id":"https:\/\/dev6.erresse-shop.it\/#\/schema\/logo\/image\/"}}]}},"df_price":60,"df_sale_price":"","df_regular_price":60,"df_image_link":"https:\/\/i1.wp.com\/interpim.erresse-shop.it\/Import\/Prodotti\/fratelli-desideri-le-cene-stellate-riso-oro-e-zafferano.jpg?resize=300,300&ssl=1","fifu_image_url":"https:\/\/interpim.erresse-shop.it\/Import\/Prodotti\/fratelli-desideri-le-cene-stellate-riso-oro-e-zafferano.jpg","_links":{"self":[{"href":"https:\/\/dev6.erresse-shop.it\/fr\/wp-json\/wp\/v2\/product\/65532","targetHints":{"allow":["GET"]}}],"collection":[{"href":"https:\/\/dev6.erresse-shop.it\/fr\/wp-json\/wp\/v2\/product"}],"about":[{"href":"https:\/\/dev6.erresse-shop.it\/fr\/wp-json\/wp\/v2\/types\/product"}],"wp:featuredmedia":[{"embeddable":true,"href":"https:\/\/dev6.erresse-shop.it\/fr\/wp-json\/wp\/v2\/media\/6288735"}],"wp:attachment":[{"href":"https:\/\/dev6.erresse-shop.it\/fr\/wp-json\/wp\/v2\/media?parent=65532"}],"wp:term":[{"taxonomy":"product_cat","embeddable":true,"href":"https:\/\/dev6.erresse-shop.it\/fr\/wp-json\/wp\/v2\/product_cat?post=65532"},{"taxonomy":"product_tag","embeddable":true,"href":"https:\/\/dev6.erresse-shop.it\/fr\/wp-json\/wp\/v2\/product_tag?post=65532"}],"curies":[{"name":"wp","href":"https:\/\/api.w.org\/{rel}","templated":true}]}}