{"id":65530,"date":"2026-04-04T12:16:09","date_gmt":"2026-04-04T10:16:09","guid":{"rendered":"https:\/\/dev6.erresse-shop.it\/shop\/non%20class\u00e9\/fratelli-desideri-le-cene-stellate-chef-christian-milone-sua-maesta-bianco-tartufo\/"},"modified":"2025-09-14T06:12:10","modified_gmt":"2025-09-14T04:12:10","slug":"fratelli-desideri-le-cene-stellate-chef-christian-milone-sua-maesta-bianco-tartufo","status":"publish","type":"product","link":"https:\/\/dev6.erresse-shop.it\/fr\/shop\/food-fr\/fratelli-desideri-le-cene-stellate-chef-christian-milone-sua-maesta-bianco-tartufo\/","title":{"rendered":"FRATELLI DESIDERI Le Cene Stellate Chef Christian Milone Sua Maest\u00e0 Bianco Tartufo"},"content":{"rendered":"<p>Avec cette recette, Christian Milone (Chef 1 \u00e9toile Michelin) nous guide dans un voyage exclusif dans l\u2019aristocratie de la cuisine pi\u00e9montaise, une exp\u00e9rience gastronomique qui c\u00e9l\u00e8bre deux des excellences les plus recherch\u00e9es et d\u00e9licieuses de l\u2019Italie. : la Truffe Blanche d\u2019Alba (Tuber Magnatum Pico) et la Truffe Noire Pr\u00e9cieuse (Tuber Melanosporum). Une rencontre sublime de saveurs intenses et d\u2019ar\u00f4mes enveloppants, qui refl\u00e8tent le raffinement et la tradition de cette terre riche en histoire gastronomique.<\/p>\n<p>Dans cette recette, la Truffe Blanche naturelle est d\u00e9licatement immerg\u00e9e dans un beurre de lait italien de tr\u00e8s haute qualit\u00e9, qui non seulement rehausse la saveur de la truffe, mais contribue \u00e9galement \u00e0 rendre le cr\u00e9mage de riz incroyablement cr\u00e9meux et enveloppant. Le r\u00e9sultat est un plat au go\u00fbt fort et harmonieux, o\u00f9 la truffe se marie parfaitement avec l\u2019onctuosit\u00e9 du beurre.<\/p>\n<p>Pour compl\u00e9ter ce chef-d\u2019\u0153uvre culinaire, la Truffe Noire Pr\u00e9cieuse, protagoniste d\u2019une pr\u00e9sentation sophistiqu\u00e9e et inattendue, se transforme en perles de caviar. Ces petites sph\u00e8res noires, qui explosent d\u00e9licatement en bouche, donnent une finition raffin\u00e9e au plat, cr\u00e9ant un contraste de textures qui enrichit encore l\u2019exp\u00e9rience sensorielle. La touche finale d\u2019un v\u00e9ritable chef \u00e9toil\u00e9, qui \u00e9l\u00e8ve chaque go\u00fbt \u00e0 une exp\u00e9rience unique et inoubliable.<\/p>\n<p>Dans ce plat, chaque ingr\u00e9dient est con\u00e7u pour se valoriser, cr\u00e9ant une harmonie parfaite entre tradition et innovation, o\u00f9 la passion pour la cuisine et l\u2019art du cr\u00e9mage atteignent des niveaux d\u2019\u00e9l\u00e9gance sans pr\u00e9c\u00e9dent.<\/p>\n<p>D\u00e9tails du produit\u00a0:<\/p>\n<p>Portions\u00a0: 4 personnes<br \/>\nTemps de pr\u00e9paration\u00a0: 20 min.<br \/>\nDifficult\u00e9\u00a0: Faible<\/p>\n","protected":false},"excerpt":{"rendered":"<p>Avec cette recette, Christian Milone (Chef 1 \u00e9toile Michelin) nous guide dans un voyage exclusif dans l\u2019aristocratie de la cuisine pi\u00e9montaise, une exp\u00e9rience gastronomique qui c\u00e9l\u00e8bre deux des excellences les plus recherch\u00e9es et d\u00e9licieuses de l\u2019Italie. : la Truffe Blanche d\u2019Alba (Tuber Magnatum Pico) et la Truffe Noire Pr\u00e9cieuse (Tuber Melanosporum). Une rencontre sublime de [&hellip;]<\/p>\n","protected":false},"featured_media":6288725,"template":"","meta":{"_acf_changed":false},"product_cat":[12049],"product_tag":[],"class_list":{"0":"post-65530","1":"product","2":"type-product","3":"status-publish","4":"has-post-thumbnail","6":"product_cat-food-fr","8":"first","9":"instock","10":"sale","11":"taxable","12":"shipping-taxable","13":"purchasable","14":"product-type-simple","swatches":"rey-swatches","show_selected":"","stretch_labels":"rey-swatches--stretch-labels"},"acf":[],"yoast_head":"<!-- This site is optimized with the Yoast SEO plugin v25.4 - https:\/\/yoast.com\/wordpress\/plugins\/seo\/ -->\n<title>FRATELLI DESIDERI Le Cene Stellate Chef Christian Milone Sua Maest\u00e0 Bianco Tartufo - dev6 Erresse<\/title>\n<meta name=\"description\" content=\"Avec cette recette, Christian Milone (Chef 1 \u00e9toile Michelin) nous guide dans un voyage exclusif dans l\u2019aristocratie de la cuisine pi\u00e9montaise, une\" \/>\n<meta name=\"robots\" content=\"noindex, follow, max-snippet:-1, max-image-preview:large, max-video-preview:-1\" \/>\n<meta property=\"og:locale\" content=\"fr_FR\" \/>\n<meta property=\"og:type\" content=\"article\" \/>\n<meta property=\"og:title\" content=\"FRATELLI DESIDERI Le Cene Stellate Chef Christian Milone Sua Maest\u00e0 Bianco Tartufo - dev6 Erresse\" \/>\n<meta property=\"og:description\" content=\"Avec cette recette, Christian Milone (Chef 1 \u00e9toile Michelin) nous guide dans un voyage exclusif dans l\u2019aristocratie de la cuisine pi\u00e9montaise, une\" \/>\n<meta property=\"og:url\" content=\"https:\/\/dev6.erresse-shop.it\/fr\/shop\/food-fr\/fratelli-desideri-le-cene-stellate-chef-christian-milone-sua-maesta-bianco-tartufo\/\" \/>\n<meta property=\"og:site_name\" content=\"dev6 Erresse\" \/>\n<meta property=\"og:image\" content=\"https:\/\/interpim.erresse-shop.it\/Import\/Prodotti\/fratelli-desideri-le-cene-stellate-sua-maesta-bianco-tartufo.jpg\" \/><meta property=\"og:image\" content=\"https:\/\/interpim.erresse-shop.it\/Import\/Prodotti\/fratelli-desideri-le-cene-stellate-sua-maesta-bianco-tartufo.jpg\" \/>\n\t<meta property=\"og:image:width\" content=\"1024\" \/>\n\t<meta property=\"og:image:height\" content=\"1024\" \/>\n\t<meta property=\"og:image:type\" content=\"image\/jpeg\" \/>\n<meta name=\"twitter:card\" content=\"summary_large_image\" \/>\n<meta name=\"twitter:image\" content=\"https:\/\/interpim.erresse-shop.it\/Import\/Prodotti\/fratelli-desideri-le-cene-stellate-sua-maesta-bianco-tartufo.jpg\" \/>\n<script type=\"application\/ld+json\" class=\"yoast-schema-graph\">{\"@context\":\"https:\/\/schema.org\",\"@graph\":[{\"@type\":\"WebPage\",\"@id\":\"https:\/\/dev6.erresse-shop.it\/fr\/shop\/food-fr\/fratelli-desideri-le-cene-stellate-chef-christian-milone-sua-maesta-bianco-tartufo\/\",\"url\":\"https:\/\/dev6.erresse-shop.it\/fr\/shop\/food-fr\/fratelli-desideri-le-cene-stellate-chef-christian-milone-sua-maesta-bianco-tartufo\/\",\"name\":\"FRATELLI DESIDERI Le Cene Stellate Chef Christian Milone Sua Maest\u00e0 Bianco Tartufo - dev6 Erresse\",\"isPartOf\":{\"@id\":\"https:\/\/dev6.erresse-shop.it\/#website\"},\"primaryImageOfPage\":{\"@id\":\"https:\/\/dev6.erresse-shop.it\/fr\/shop\/food-fr\/fratelli-desideri-le-cene-stellate-chef-christian-milone-sua-maesta-bianco-tartufo\/#primaryimage\"},\"image\":{\"@id\":\"https:\/\/dev6.erresse-shop.it\/fr\/shop\/food-fr\/fratelli-desideri-le-cene-stellate-chef-christian-milone-sua-maesta-bianco-tartufo\/#primaryimage\"},\"thumbnailUrl\":\"https:\/\/i3.wp.com\/interpim.erresse-shop.it\/Import\/Prodotti\/fratelli-desideri-le-cene-stellate-sua-maesta-bianco-tartufo.jpg?ssl=1\",\"datePublished\":\"2026-04-04T10:16:09+00:00\",\"description\":\"Avec cette recette, Christian Milone (Chef 1 \u00e9toile Michelin) nous guide dans un voyage exclusif dans l\u2019aristocratie de la cuisine pi\u00e9montaise, une\",\"breadcrumb\":{\"@id\":\"https:\/\/dev6.erresse-shop.it\/fr\/shop\/food-fr\/fratelli-desideri-le-cene-stellate-chef-christian-milone-sua-maesta-bianco-tartufo\/#breadcrumb\"},\"inLanguage\":\"fr-FR\",\"potentialAction\":[{\"@type\":\"ReadAction\",\"target\":[\"https:\/\/dev6.erresse-shop.it\/fr\/shop\/food-fr\/fratelli-desideri-le-cene-stellate-chef-christian-milone-sua-maesta-bianco-tartufo\/\"]}]},{\"@type\":\"ImageObject\",\"inLanguage\":\"fr-FR\",\"@id\":\"https:\/\/dev6.erresse-shop.it\/fr\/shop\/food-fr\/fratelli-desideri-le-cene-stellate-chef-christian-milone-sua-maesta-bianco-tartufo\/#primaryimage\",\"url\":\"https:\/\/i3.wp.com\/interpim.erresse-shop.it\/Import\/Prodotti\/fratelli-desideri-le-cene-stellate-sua-maesta-bianco-tartufo.jpg?ssl=1\",\"contentUrl\":\"https:\/\/i3.wp.com\/interpim.erresse-shop.it\/Import\/Prodotti\/fratelli-desideri-le-cene-stellate-sua-maesta-bianco-tartufo.jpg?ssl=1\"},{\"@type\":\"BreadcrumbList\",\"@id\":\"https:\/\/dev6.erresse-shop.it\/fr\/shop\/food-fr\/fratelli-desideri-le-cene-stellate-chef-christian-milone-sua-maesta-bianco-tartufo\/#breadcrumb\",\"itemListElement\":[{\"@type\":\"ListItem\",\"position\":1,\"name\":\"Home\",\"item\":\"https:\/\/dev6.erresse-shop.it\/\"},{\"@type\":\"ListItem\",\"position\":2,\"name\":\"Boutique\",\"item\":\"https:\/\/dev6.erresse-shop.it\/shop\/\"},{\"@type\":\"ListItem\",\"position\":3,\"name\":\"FRATELLI DESIDERI Le Cene Stellate Chef Christian Milone Sua Maest\u00e0 Bianco Tartufo\"}]},{\"@type\":\"WebSite\",\"@id\":\"https:\/\/dev6.erresse-shop.it\/#website\",\"url\":\"https:\/\/dev6.erresse-shop.it\/\",\"name\":\"Erresse Shop\",\"description\":\"\",\"publisher\":{\"@id\":\"https:\/\/dev6.erresse-shop.it\/#organization\"},\"potentialAction\":[{\"@type\":\"SearchAction\",\"target\":{\"@type\":\"EntryPoint\",\"urlTemplate\":\"https:\/\/dev6.erresse-shop.it\/?s={search_term_string}\"},\"query-input\":{\"@type\":\"PropertyValueSpecification\",\"valueRequired\":true,\"valueName\":\"search_term_string\"}}],\"inLanguage\":\"fr-FR\"},{\"@type\":\"Organization\",\"@id\":\"https:\/\/dev6.erresse-shop.it\/#organization\",\"name\":\"Erresse Shop\",\"url\":\"https:\/\/dev6.erresse-shop.it\/\",\"logo\":{\"@type\":\"ImageObject\",\"inLanguage\":\"fr-FR\",\"@id\":\"https:\/\/dev6.erresse-shop.it\/#\/schema\/logo\/image\/\",\"url\":\"https:\/\/dev6.erresse-shop.it\/wp-content\/uploads\/2025\/01\/LOGO-ERRESSE-CLASSICO.svg\",\"contentUrl\":\"https:\/\/dev6.erresse-shop.it\/wp-content\/uploads\/2025\/01\/LOGO-ERRESSE-CLASSICO.svg\",\"caption\":\"Erresse Shop\"},\"image\":{\"@id\":\"https:\/\/dev6.erresse-shop.it\/#\/schema\/logo\/image\/\"}}]}<\/script>\n<!-- \/ Yoast SEO plugin. -->","yoast_head_json":{"title":"FRATELLI DESIDERI Le Cene Stellate Chef Christian Milone Sua Maest\u00e0 Bianco Tartufo - dev6 Erresse","description":"Avec cette recette, Christian Milone (Chef 1 \u00e9toile Michelin) nous guide dans un voyage exclusif dans l\u2019aristocratie de la cuisine pi\u00e9montaise, une","robots":{"index":"noindex","follow":"follow","max-snippet":"max-snippet:-1","max-image-preview":"max-image-preview:large","max-video-preview":"max-video-preview:-1"},"og_locale":"fr_FR","og_type":"article","og_title":"FRATELLI DESIDERI Le Cene Stellate Chef Christian Milone Sua Maest\u00e0 Bianco Tartufo - dev6 Erresse","og_description":"Avec cette recette, Christian Milone (Chef 1 \u00e9toile Michelin) nous guide dans un voyage exclusif dans l\u2019aristocratie de la cuisine pi\u00e9montaise, une","og_url":"https:\/\/dev6.erresse-shop.it\/fr\/shop\/food-fr\/fratelli-desideri-le-cene-stellate-chef-christian-milone-sua-maesta-bianco-tartufo\/","og_site_name":"dev6 Erresse","og_image":[{"url":"https:\/\/interpim.erresse-shop.it\/Import\/Prodotti\/fratelli-desideri-le-cene-stellate-sua-maesta-bianco-tartufo.jpg","type":"","width":"","height":""},{"url":"https:\/\/interpim.erresse-shop.it\/Import\/Prodotti\/fratelli-desideri-le-cene-stellate-sua-maesta-bianco-tartufo.jpg","width":1024,"height":1024,"type":"image\/jpeg"}],"twitter_card":"summary_large_image","twitter_image":"https:\/\/interpim.erresse-shop.it\/Import\/Prodotti\/fratelli-desideri-le-cene-stellate-sua-maesta-bianco-tartufo.jpg","schema":{"@context":"https:\/\/schema.org","@graph":[{"@type":"WebPage","@id":"https:\/\/dev6.erresse-shop.it\/fr\/shop\/food-fr\/fratelli-desideri-le-cene-stellate-chef-christian-milone-sua-maesta-bianco-tartufo\/","url":"https:\/\/dev6.erresse-shop.it\/fr\/shop\/food-fr\/fratelli-desideri-le-cene-stellate-chef-christian-milone-sua-maesta-bianco-tartufo\/","name":"FRATELLI DESIDERI Le Cene Stellate Chef Christian Milone Sua Maest\u00e0 Bianco Tartufo - dev6 Erresse","isPartOf":{"@id":"https:\/\/dev6.erresse-shop.it\/#website"},"primaryImageOfPage":{"@id":"https:\/\/dev6.erresse-shop.it\/fr\/shop\/food-fr\/fratelli-desideri-le-cene-stellate-chef-christian-milone-sua-maesta-bianco-tartufo\/#primaryimage"},"image":{"@id":"https:\/\/dev6.erresse-shop.it\/fr\/shop\/food-fr\/fratelli-desideri-le-cene-stellate-chef-christian-milone-sua-maesta-bianco-tartufo\/#primaryimage"},"thumbnailUrl":"https:\/\/i3.wp.com\/interpim.erresse-shop.it\/Import\/Prodotti\/fratelli-desideri-le-cene-stellate-sua-maesta-bianco-tartufo.jpg?ssl=1","datePublished":"2026-04-04T10:16:09+00:00","description":"Avec cette recette, Christian Milone (Chef 1 \u00e9toile Michelin) nous guide dans un voyage exclusif dans l\u2019aristocratie de la cuisine pi\u00e9montaise, une","breadcrumb":{"@id":"https:\/\/dev6.erresse-shop.it\/fr\/shop\/food-fr\/fratelli-desideri-le-cene-stellate-chef-christian-milone-sua-maesta-bianco-tartufo\/#breadcrumb"},"inLanguage":"fr-FR","potentialAction":[{"@type":"ReadAction","target":["https:\/\/dev6.erresse-shop.it\/fr\/shop\/food-fr\/fratelli-desideri-le-cene-stellate-chef-christian-milone-sua-maesta-bianco-tartufo\/"]}]},{"@type":"ImageObject","inLanguage":"fr-FR","@id":"https:\/\/dev6.erresse-shop.it\/fr\/shop\/food-fr\/fratelli-desideri-le-cene-stellate-chef-christian-milone-sua-maesta-bianco-tartufo\/#primaryimage","url":"https:\/\/i3.wp.com\/interpim.erresse-shop.it\/Import\/Prodotti\/fratelli-desideri-le-cene-stellate-sua-maesta-bianco-tartufo.jpg?ssl=1","contentUrl":"https:\/\/i3.wp.com\/interpim.erresse-shop.it\/Import\/Prodotti\/fratelli-desideri-le-cene-stellate-sua-maesta-bianco-tartufo.jpg?ssl=1"},{"@type":"BreadcrumbList","@id":"https:\/\/dev6.erresse-shop.it\/fr\/shop\/food-fr\/fratelli-desideri-le-cene-stellate-chef-christian-milone-sua-maesta-bianco-tartufo\/#breadcrumb","itemListElement":[{"@type":"ListItem","position":1,"name":"Home","item":"https:\/\/dev6.erresse-shop.it\/"},{"@type":"ListItem","position":2,"name":"Boutique","item":"https:\/\/dev6.erresse-shop.it\/shop\/"},{"@type":"ListItem","position":3,"name":"FRATELLI DESIDERI Le Cene Stellate Chef Christian Milone Sua Maest\u00e0 Bianco Tartufo"}]},{"@type":"WebSite","@id":"https:\/\/dev6.erresse-shop.it\/#website","url":"https:\/\/dev6.erresse-shop.it\/","name":"Erresse Shop","description":"","publisher":{"@id":"https:\/\/dev6.erresse-shop.it\/#organization"},"potentialAction":[{"@type":"SearchAction","target":{"@type":"EntryPoint","urlTemplate":"https:\/\/dev6.erresse-shop.it\/?s={search_term_string}"},"query-input":{"@type":"PropertyValueSpecification","valueRequired":true,"valueName":"search_term_string"}}],"inLanguage":"fr-FR"},{"@type":"Organization","@id":"https:\/\/dev6.erresse-shop.it\/#organization","name":"Erresse Shop","url":"https:\/\/dev6.erresse-shop.it\/","logo":{"@type":"ImageObject","inLanguage":"fr-FR","@id":"https:\/\/dev6.erresse-shop.it\/#\/schema\/logo\/image\/","url":"https:\/\/dev6.erresse-shop.it\/wp-content\/uploads\/2025\/01\/LOGO-ERRESSE-CLASSICO.svg","contentUrl":"https:\/\/dev6.erresse-shop.it\/wp-content\/uploads\/2025\/01\/LOGO-ERRESSE-CLASSICO.svg","caption":"Erresse Shop"},"image":{"@id":"https:\/\/dev6.erresse-shop.it\/#\/schema\/logo\/image\/"}}]}},"df_price":56.95,"df_sale_price":56.95,"df_regular_price":63,"df_image_link":"https:\/\/i3.wp.com\/interpim.erresse-shop.it\/Import\/Prodotti\/fratelli-desideri-le-cene-stellate-sua-maesta-bianco-tartufo.jpg?resize=300,300&ssl=1","fifu_image_url":"https:\/\/interpim.erresse-shop.it\/Import\/Prodotti\/fratelli-desideri-le-cene-stellate-sua-maesta-bianco-tartufo.jpg","_links":{"self":[{"href":"https:\/\/dev6.erresse-shop.it\/fr\/wp-json\/wp\/v2\/product\/65530","targetHints":{"allow":["GET"]}}],"collection":[{"href":"https:\/\/dev6.erresse-shop.it\/fr\/wp-json\/wp\/v2\/product"}],"about":[{"href":"https:\/\/dev6.erresse-shop.it\/fr\/wp-json\/wp\/v2\/types\/product"}],"wp:featuredmedia":[{"embeddable":true,"href":"https:\/\/dev6.erresse-shop.it\/fr\/wp-json\/wp\/v2\/media\/6288725"}],"wp:attachment":[{"href":"https:\/\/dev6.erresse-shop.it\/fr\/wp-json\/wp\/v2\/media?parent=65530"}],"wp:term":[{"taxonomy":"product_cat","embeddable":true,"href":"https:\/\/dev6.erresse-shop.it\/fr\/wp-json\/wp\/v2\/product_cat?post=65530"},{"taxonomy":"product_tag","embeddable":true,"href":"https:\/\/dev6.erresse-shop.it\/fr\/wp-json\/wp\/v2\/product_tag?post=65530"}],"curies":[{"name":"wp","href":"https:\/\/api.w.org\/{rel}","templated":true}]}}