{"id":65528,"date":"2026-04-12T12:18:55","date_gmt":"2026-04-12T10:18:55","guid":{"rendered":"https:\/\/dev6.erresse-shop.it\/shop\/non%20class\u00e9\/fratelli-desideri-le-cene-stellate-chef-andrea-larossa-vecchia-latteria\/"},"modified":"2025-09-14T06:12:07","modified_gmt":"2025-09-14T04:12:07","slug":"fratelli-desideri-le-cene-stellate-chef-andrea-larossa-vecchia-latteria","status":"publish","type":"product","link":"https:\/\/dev6.erresse-shop.it\/fr\/shop\/food-fr\/fratelli-desideri-le-cene-stellate-chef-andrea-larossa-vecchia-latteria\/","title":{"rendered":"FRATELLI DESIDERI Le Cene Stellate Chef Andrea Larossa Vecchia Latteria"},"content":{"rendered":"<p>La Vecchia Latteria est sans aucun doute l\u2019un des plats les plus embl\u00e9matiques et repr\u00e9sentatifs d\u2019Andrea Larossa, qui a contribu\u00e9 de mani\u00e8re d\u00e9cisive \u00e0 lui valoir l\u2019\u00c9toile Michelin et \u00e0 consolider sa renomm\u00e9e en la sc\u00e8ne internationale de la restauration gastronomique. Ce plat extraordinaire, qui allie la ma\u00eetrise technique du chef \u00e0 sa capacit\u00e9 d\u2019innovation, est un v\u00e9ritable hommage \u00e0 la tradition gastronomique, enrichi d\u2019une touche de modernit\u00e9 qui le rend unique et inoubliable.<\/p>\n<p>Au c\u0153ur de la recette on retrouve le riz Acquerello, une belle vari\u00e9t\u00e9 qui se distingue par sa qualit\u00e9 sup\u00e9rieure et sa capacit\u00e9 \u00e0 absorber impeccablement les saveurs. Le riz est cr\u00e9m\u00e9 au fromage Monte Vecchio, un fromage affin\u00e9 qui, par son onctuosit\u00e9 et sa saveur prononc\u00e9e, donne une structure riche et enveloppante au plat. L\u2019association de ces deux ingr\u00e9dients, qui \u00e0 eux seuls seraient d\u00e9j\u00e0 extraordinaires, cr\u00e9e une base parfaite, un \u00e9quilibre parfait de saveurs qui fondent d\u00e9licatement en bouche.<\/p>\n<p>Mais c\u2019est l\u2019\u00e9l\u00e9ment surprenant, la r\u00e9glisse, qui donne au plat une note explosive et inattendue. Avec sa saveur distinctive et l\u00e9g\u00e8rement am\u00e8re, la r\u00e9glisse parvient \u00e0 contraster et \u00e0 \u00e9quilibrer la richesse du fromage et la douceur du riz, cr\u00e9ant une synergie de saveurs qui \u00e9tonne \u00e0 chaque bouch\u00e9e. Une combinaison d\u2019intensit\u00e9 et de raffinement qui transforme chaque go\u00fbt en une exp\u00e9rience sensorielle compl\u00e8te, capable de susciter des \u00e9motions contrast\u00e9es et fascinantes.<\/p>\n<p>Cette combinaison de saveurs et d\u2019intensit\u00e9 est r\u00e9solument inattendue, mais en m\u00eame temps parfaitement \u00e9quilibr\u00e9e, un jeu de contrastes qui surprend et conquiert, laissant un sentiment de satisfaction et de plaisir qui dure longtemps. La Vecchia Latteria n\u2019est pas seulement un plat, mais un v\u00e9ritable spectacle culinaire qui captivera l\u2019attention de tous ceux qui la go\u00fbteront, devenant ainsi le protagoniste incontest\u00e9 de tout d\u00eener \u00e9l\u00e9gant.<\/p>\n<p>Pr\u00e9parer ce plat sur votre table sera non seulement une fa\u00e7on d\u2019offrir un d\u00eener sp\u00e9cial, mais aussi une d\u00e9claration de fiert\u00e9 pour celui qui le cuisinera. Le soin et la pr\u00e9cision n\u00e9cessaires pour reproduire cette recette, ainsi que le plaisir de servir un plat qui porte la signature d\u2019un chef \u00e9toil\u00e9, seront une source de satisfaction inestimable. Ce plat repr\u00e9sente le summum de la cuisine gastronomique, o\u00f9 tradition, innovation et passion se rencontrent pour donner vie \u00e0 une v\u00e9ritable \u0153uvre d\u2019art gastronomique.<\/p>\n<p>Cette recette est \u00e9labor\u00e9e \u00e0 partir d\u2019ingr\u00e9dients sans gluten, cependant nous ne pouvons garantir le produit contre toute contamination ext\u00e9rieure.<\/p>\n<p>D\u00e9tails du produit\u00a0:<\/p>\n<p>Portions\u00a0: 4 personnes<br \/>\nTemps de pr\u00e9paration\u00a0: 25 min.<br \/>\nDifficult\u00e9\u00a0: Faible<\/p>\n","protected":false},"excerpt":{"rendered":"<p>La Vecchia Latteria est sans aucun doute l\u2019un des plats les plus embl\u00e9matiques et repr\u00e9sentatifs d\u2019Andrea Larossa, qui a contribu\u00e9 de mani\u00e8re d\u00e9cisive \u00e0 lui valoir l\u2019\u00c9toile Michelin et \u00e0 consolider sa renomm\u00e9e en la sc\u00e8ne internationale de la restauration gastronomique. Ce plat extraordinaire, qui allie la ma\u00eetrise technique du chef \u00e0 sa capacit\u00e9 d\u2019innovation, [&hellip;]<\/p>\n","protected":false},"featured_media":6371983,"template":"","meta":{"_acf_changed":false},"product_cat":[12049],"product_tag":[],"class_list":{"0":"post-65528","1":"product","2":"type-product","3":"status-publish","4":"has-post-thumbnail","6":"product_cat-food-fr","8":"first","9":"instock","10":"taxable","11":"shipping-taxable","12":"purchasable","13":"product-type-simple","swatches":"rey-swatches","show_selected":"","stretch_labels":"rey-swatches--stretch-labels"},"acf":[],"yoast_head":"<!-- This site is optimized with the Yoast SEO plugin v25.4 - https:\/\/yoast.com\/wordpress\/plugins\/seo\/ -->\n<title>FRATELLI DESIDERI Le Cene Stellate Chef Andrea Larossa Vecchia Latteria - dev6 Erresse<\/title>\n<meta name=\"description\" content=\"La Vecchia Latteria est sans aucun doute l\u2019un des plats les plus embl\u00e9matiques et repr\u00e9sentatifs d\u2019Andrea Larossa, qui a contribu\u00e9 de mani\u00e8re d\u00e9cisive \u00e0\" \/>\n<meta name=\"robots\" content=\"noindex, follow, max-snippet:-1, max-image-preview:large, max-video-preview:-1\" \/>\n<meta property=\"og:locale\" content=\"fr_FR\" \/>\n<meta property=\"og:type\" content=\"article\" \/>\n<meta property=\"og:title\" content=\"FRATELLI DESIDERI Le Cene Stellate Chef Andrea Larossa Vecchia Latteria - dev6 Erresse\" \/>\n<meta property=\"og:description\" content=\"La Vecchia Latteria est sans aucun doute l\u2019un des plats les plus embl\u00e9matiques et repr\u00e9sentatifs d\u2019Andrea Larossa, qui a contribu\u00e9 de mani\u00e8re d\u00e9cisive \u00e0\" \/>\n<meta property=\"og:url\" content=\"https:\/\/dev6.erresse-shop.it\/fr\/shop\/food-fr\/fratelli-desideri-le-cene-stellate-chef-andrea-larossa-vecchia-latteria\/\" \/>\n<meta property=\"og:site_name\" content=\"dev6 Erresse\" \/>\n<meta property=\"og:image\" content=\"https:\/\/interpim.erresse-shop.it\/Import\/Prodotti\/fratelli-desideri-le-cene-stellate-vecchia-latteria.jpg\" \/><meta property=\"og:image\" content=\"https:\/\/interpim.erresse-shop.it\/Import\/Prodotti\/fratelli-desideri-le-cene-stellate-vecchia-latteria.jpg\" \/>\n\t<meta property=\"og:image:width\" content=\"1024\" \/>\n\t<meta property=\"og:image:height\" content=\"1024\" \/>\n\t<meta property=\"og:image:type\" content=\"image\/jpeg\" \/>\n<meta name=\"twitter:card\" content=\"summary_large_image\" \/>\n<meta name=\"twitter:image\" content=\"https:\/\/interpim.erresse-shop.it\/Import\/Prodotti\/fratelli-desideri-le-cene-stellate-vecchia-latteria.jpg\" \/>\n<script type=\"application\/ld+json\" class=\"yoast-schema-graph\">{\"@context\":\"https:\/\/schema.org\",\"@graph\":[{\"@type\":\"WebPage\",\"@id\":\"https:\/\/dev6.erresse-shop.it\/fr\/shop\/food-fr\/fratelli-desideri-le-cene-stellate-chef-andrea-larossa-vecchia-latteria\/\",\"url\":\"https:\/\/dev6.erresse-shop.it\/fr\/shop\/food-fr\/fratelli-desideri-le-cene-stellate-chef-andrea-larossa-vecchia-latteria\/\",\"name\":\"FRATELLI DESIDERI Le Cene Stellate Chef Andrea Larossa Vecchia Latteria - dev6 Erresse\",\"isPartOf\":{\"@id\":\"https:\/\/dev6.erresse-shop.it\/#website\"},\"primaryImageOfPage\":{\"@id\":\"https:\/\/dev6.erresse-shop.it\/fr\/shop\/food-fr\/fratelli-desideri-le-cene-stellate-chef-andrea-larossa-vecchia-latteria\/#primaryimage\"},\"image\":{\"@id\":\"https:\/\/dev6.erresse-shop.it\/fr\/shop\/food-fr\/fratelli-desideri-le-cene-stellate-chef-andrea-larossa-vecchia-latteria\/#primaryimage\"},\"thumbnailUrl\":\"https:\/\/i1.wp.com\/interpim.erresse-shop.it\/Import\/Prodotti\/fratelli-desideri-le-cene-stellate-vecchia-latteria.jpg?ssl=1\",\"datePublished\":\"2026-04-12T10:18:55+00:00\",\"description\":\"La Vecchia Latteria est sans aucun doute l\u2019un des plats les plus embl\u00e9matiques et repr\u00e9sentatifs d\u2019Andrea Larossa, qui a contribu\u00e9 de mani\u00e8re d\u00e9cisive \u00e0\",\"breadcrumb\":{\"@id\":\"https:\/\/dev6.erresse-shop.it\/fr\/shop\/food-fr\/fratelli-desideri-le-cene-stellate-chef-andrea-larossa-vecchia-latteria\/#breadcrumb\"},\"inLanguage\":\"fr-FR\",\"potentialAction\":[{\"@type\":\"ReadAction\",\"target\":[\"https:\/\/dev6.erresse-shop.it\/fr\/shop\/food-fr\/fratelli-desideri-le-cene-stellate-chef-andrea-larossa-vecchia-latteria\/\"]}]},{\"@type\":\"ImageObject\",\"inLanguage\":\"fr-FR\",\"@id\":\"https:\/\/dev6.erresse-shop.it\/fr\/shop\/food-fr\/fratelli-desideri-le-cene-stellate-chef-andrea-larossa-vecchia-latteria\/#primaryimage\",\"url\":\"https:\/\/i1.wp.com\/interpim.erresse-shop.it\/Import\/Prodotti\/fratelli-desideri-le-cene-stellate-vecchia-latteria.jpg?ssl=1\",\"contentUrl\":\"https:\/\/i1.wp.com\/interpim.erresse-shop.it\/Import\/Prodotti\/fratelli-desideri-le-cene-stellate-vecchia-latteria.jpg?ssl=1\"},{\"@type\":\"BreadcrumbList\",\"@id\":\"https:\/\/dev6.erresse-shop.it\/fr\/shop\/food-fr\/fratelli-desideri-le-cene-stellate-chef-andrea-larossa-vecchia-latteria\/#breadcrumb\",\"itemListElement\":[{\"@type\":\"ListItem\",\"position\":1,\"name\":\"Home\",\"item\":\"https:\/\/dev6.erresse-shop.it\/\"},{\"@type\":\"ListItem\",\"position\":2,\"name\":\"Boutique\",\"item\":\"https:\/\/dev6.erresse-shop.it\/shop\/\"},{\"@type\":\"ListItem\",\"position\":3,\"name\":\"FRATELLI DESIDERI Le Cene Stellate Chef Andrea Larossa Vecchia Latteria\"}]},{\"@type\":\"WebSite\",\"@id\":\"https:\/\/dev6.erresse-shop.it\/#website\",\"url\":\"https:\/\/dev6.erresse-shop.it\/\",\"name\":\"Erresse Shop\",\"description\":\"\",\"publisher\":{\"@id\":\"https:\/\/dev6.erresse-shop.it\/#organization\"},\"potentialAction\":[{\"@type\":\"SearchAction\",\"target\":{\"@type\":\"EntryPoint\",\"urlTemplate\":\"https:\/\/dev6.erresse-shop.it\/?s={search_term_string}\"},\"query-input\":{\"@type\":\"PropertyValueSpecification\",\"valueRequired\":true,\"valueName\":\"search_term_string\"}}],\"inLanguage\":\"fr-FR\"},{\"@type\":\"Organization\",\"@id\":\"https:\/\/dev6.erresse-shop.it\/#organization\",\"name\":\"Erresse Shop\",\"url\":\"https:\/\/dev6.erresse-shop.it\/\",\"logo\":{\"@type\":\"ImageObject\",\"inLanguage\":\"fr-FR\",\"@id\":\"https:\/\/dev6.erresse-shop.it\/#\/schema\/logo\/image\/\",\"url\":\"https:\/\/dev6.erresse-shop.it\/wp-content\/uploads\/2025\/01\/LOGO-ERRESSE-CLASSICO.svg\",\"contentUrl\":\"https:\/\/dev6.erresse-shop.it\/wp-content\/uploads\/2025\/01\/LOGO-ERRESSE-CLASSICO.svg\",\"caption\":\"Erresse Shop\"},\"image\":{\"@id\":\"https:\/\/dev6.erresse-shop.it\/#\/schema\/logo\/image\/\"}}]}<\/script>\n<!-- \/ Yoast SEO plugin. -->","yoast_head_json":{"title":"FRATELLI DESIDERI Le Cene Stellate Chef Andrea Larossa Vecchia Latteria - dev6 Erresse","description":"La Vecchia Latteria est sans aucun doute l\u2019un des plats les plus embl\u00e9matiques et repr\u00e9sentatifs d\u2019Andrea Larossa, qui a contribu\u00e9 de mani\u00e8re d\u00e9cisive \u00e0","robots":{"index":"noindex","follow":"follow","max-snippet":"max-snippet:-1","max-image-preview":"max-image-preview:large","max-video-preview":"max-video-preview:-1"},"og_locale":"fr_FR","og_type":"article","og_title":"FRATELLI DESIDERI Le Cene Stellate Chef Andrea Larossa Vecchia Latteria - dev6 Erresse","og_description":"La Vecchia Latteria est sans aucun doute l\u2019un des plats les plus embl\u00e9matiques et repr\u00e9sentatifs d\u2019Andrea Larossa, qui a contribu\u00e9 de mani\u00e8re d\u00e9cisive \u00e0","og_url":"https:\/\/dev6.erresse-shop.it\/fr\/shop\/food-fr\/fratelli-desideri-le-cene-stellate-chef-andrea-larossa-vecchia-latteria\/","og_site_name":"dev6 Erresse","og_image":[{"url":"https:\/\/interpim.erresse-shop.it\/Import\/Prodotti\/fratelli-desideri-le-cene-stellate-vecchia-latteria.jpg","type":"","width":"","height":""},{"url":"https:\/\/interpim.erresse-shop.it\/Import\/Prodotti\/fratelli-desideri-le-cene-stellate-vecchia-latteria.jpg","width":1024,"height":1024,"type":"image\/jpeg"}],"twitter_card":"summary_large_image","twitter_image":"https:\/\/interpim.erresse-shop.it\/Import\/Prodotti\/fratelli-desideri-le-cene-stellate-vecchia-latteria.jpg","schema":{"@context":"https:\/\/schema.org","@graph":[{"@type":"WebPage","@id":"https:\/\/dev6.erresse-shop.it\/fr\/shop\/food-fr\/fratelli-desideri-le-cene-stellate-chef-andrea-larossa-vecchia-latteria\/","url":"https:\/\/dev6.erresse-shop.it\/fr\/shop\/food-fr\/fratelli-desideri-le-cene-stellate-chef-andrea-larossa-vecchia-latteria\/","name":"FRATELLI DESIDERI Le Cene Stellate Chef Andrea Larossa Vecchia Latteria - dev6 Erresse","isPartOf":{"@id":"https:\/\/dev6.erresse-shop.it\/#website"},"primaryImageOfPage":{"@id":"https:\/\/dev6.erresse-shop.it\/fr\/shop\/food-fr\/fratelli-desideri-le-cene-stellate-chef-andrea-larossa-vecchia-latteria\/#primaryimage"},"image":{"@id":"https:\/\/dev6.erresse-shop.it\/fr\/shop\/food-fr\/fratelli-desideri-le-cene-stellate-chef-andrea-larossa-vecchia-latteria\/#primaryimage"},"thumbnailUrl":"https:\/\/i1.wp.com\/interpim.erresse-shop.it\/Import\/Prodotti\/fratelli-desideri-le-cene-stellate-vecchia-latteria.jpg?ssl=1","datePublished":"2026-04-12T10:18:55+00:00","description":"La Vecchia Latteria est sans aucun doute l\u2019un des plats les plus embl\u00e9matiques et repr\u00e9sentatifs d\u2019Andrea Larossa, qui a contribu\u00e9 de mani\u00e8re d\u00e9cisive \u00e0","breadcrumb":{"@id":"https:\/\/dev6.erresse-shop.it\/fr\/shop\/food-fr\/fratelli-desideri-le-cene-stellate-chef-andrea-larossa-vecchia-latteria\/#breadcrumb"},"inLanguage":"fr-FR","potentialAction":[{"@type":"ReadAction","target":["https:\/\/dev6.erresse-shop.it\/fr\/shop\/food-fr\/fratelli-desideri-le-cene-stellate-chef-andrea-larossa-vecchia-latteria\/"]}]},{"@type":"ImageObject","inLanguage":"fr-FR","@id":"https:\/\/dev6.erresse-shop.it\/fr\/shop\/food-fr\/fratelli-desideri-le-cene-stellate-chef-andrea-larossa-vecchia-latteria\/#primaryimage","url":"https:\/\/i1.wp.com\/interpim.erresse-shop.it\/Import\/Prodotti\/fratelli-desideri-le-cene-stellate-vecchia-latteria.jpg?ssl=1","contentUrl":"https:\/\/i1.wp.com\/interpim.erresse-shop.it\/Import\/Prodotti\/fratelli-desideri-le-cene-stellate-vecchia-latteria.jpg?ssl=1"},{"@type":"BreadcrumbList","@id":"https:\/\/dev6.erresse-shop.it\/fr\/shop\/food-fr\/fratelli-desideri-le-cene-stellate-chef-andrea-larossa-vecchia-latteria\/#breadcrumb","itemListElement":[{"@type":"ListItem","position":1,"name":"Home","item":"https:\/\/dev6.erresse-shop.it\/"},{"@type":"ListItem","position":2,"name":"Boutique","item":"https:\/\/dev6.erresse-shop.it\/shop\/"},{"@type":"ListItem","position":3,"name":"FRATELLI DESIDERI Le Cene Stellate Chef Andrea Larossa Vecchia Latteria"}]},{"@type":"WebSite","@id":"https:\/\/dev6.erresse-shop.it\/#website","url":"https:\/\/dev6.erresse-shop.it\/","name":"Erresse Shop","description":"","publisher":{"@id":"https:\/\/dev6.erresse-shop.it\/#organization"},"potentialAction":[{"@type":"SearchAction","target":{"@type":"EntryPoint","urlTemplate":"https:\/\/dev6.erresse-shop.it\/?s={search_term_string}"},"query-input":{"@type":"PropertyValueSpecification","valueRequired":true,"valueName":"search_term_string"}}],"inLanguage":"fr-FR"},{"@type":"Organization","@id":"https:\/\/dev6.erresse-shop.it\/#organization","name":"Erresse Shop","url":"https:\/\/dev6.erresse-shop.it\/","logo":{"@type":"ImageObject","inLanguage":"fr-FR","@id":"https:\/\/dev6.erresse-shop.it\/#\/schema\/logo\/image\/","url":"https:\/\/dev6.erresse-shop.it\/wp-content\/uploads\/2025\/01\/LOGO-ERRESSE-CLASSICO.svg","contentUrl":"https:\/\/dev6.erresse-shop.it\/wp-content\/uploads\/2025\/01\/LOGO-ERRESSE-CLASSICO.svg","caption":"Erresse Shop"},"image":{"@id":"https:\/\/dev6.erresse-shop.it\/#\/schema\/logo\/image\/"}}]}},"df_price":42,"df_sale_price":"","df_regular_price":42,"df_image_link":"https:\/\/i1.wp.com\/interpim.erresse-shop.it\/Import\/Prodotti\/fratelli-desideri-le-cene-stellate-vecchia-latteria.jpg?resize=300,300&ssl=1","fifu_image_url":"https:\/\/interpim.erresse-shop.it\/Import\/Prodotti\/fratelli-desideri-le-cene-stellate-vecchia-latteria.jpg","_links":{"self":[{"href":"https:\/\/dev6.erresse-shop.it\/fr\/wp-json\/wp\/v2\/product\/65528","targetHints":{"allow":["GET"]}}],"collection":[{"href":"https:\/\/dev6.erresse-shop.it\/fr\/wp-json\/wp\/v2\/product"}],"about":[{"href":"https:\/\/dev6.erresse-shop.it\/fr\/wp-json\/wp\/v2\/types\/product"}],"wp:featuredmedia":[{"embeddable":true,"href":"https:\/\/dev6.erresse-shop.it\/fr\/wp-json\/wp\/v2\/media\/6371983"}],"wp:attachment":[{"href":"https:\/\/dev6.erresse-shop.it\/fr\/wp-json\/wp\/v2\/media?parent=65528"}],"wp:term":[{"taxonomy":"product_cat","embeddable":true,"href":"https:\/\/dev6.erresse-shop.it\/fr\/wp-json\/wp\/v2\/product_cat?post=65528"},{"taxonomy":"product_tag","embeddable":true,"href":"https:\/\/dev6.erresse-shop.it\/fr\/wp-json\/wp\/v2\/product_tag?post=65528"}],"curies":[{"name":"wp","href":"https:\/\/api.w.org\/{rel}","templated":true}]}}