{"id":65524,"date":"2026-04-10T13:46:19","date_gmt":"2026-04-10T11:46:19","guid":{"rendered":"https:\/\/dev6.erresse-shop.it\/shop\/non%20class\u00e9\/galateo-friends-rossetto-vinaigre-de-tomate-250-ml\/"},"modified":"2025-09-14T06:36:32","modified_gmt":"2025-09-14T04:36:32","slug":"galateo-friends-rossetto-vinaigre-de-tomate-250-ml","status":"publish","type":"product","link":"https:\/\/dev6.erresse-shop.it\/fr\/shop\/table-fr-2\/huile-vinaigre-sel\/galateo-friends-rossetto-vinaigre-de-tomate-250-ml\/","title":{"rendered":"GALATEO &#038; FRIENDS Rossetto Vinaigre de Tomate 250 ml"},"content":{"rendered":"<p>D\u00e9couvrez la saveur unique et intense du Rossetto Vinaigre de Tomate, un condiment polyvalent et innovant qui apporte \u00e0 la table toute la fra\u00eecheur et la douceur des tomates m\u00fbries au soleil. Dans cette bouteille de 250 ml, vous trouverez un vinaigre au go\u00fbt d\u00e9licat mais fort, parfait pour sublimer les plats frais et les recettes cr\u00e9atives.<\/p>\n<p>Principales fonctionnalit\u00e9s\u00a0:<\/p>\n<p>Go\u00fbt frais et \u00e9quilibr\u00e9, qui rehausse les plats d\u2019une note unique et originale.<br \/>\nExcellent pour ceux qui recherchent une alternative aux vinaigres traditionnels, avec la saveur naturelle de la tomate.<br \/>\nFlacon de 250 ml, id\u00e9al pour un usage quotidien ou pour donner une touche sp\u00e9ciale \u00e0 vos recettes.<\/p>\n<p>Choisissez le Rossetto Vinaigre de Tomate pour enrichir votre cuisine d\u2019un ingr\u00e9dient innovant et savoureux, qui apportera une bouff\u00e9e de fra\u00eecheur et de cr\u00e9ativit\u00e9 \u00e0 vos plats. Un condiment parfait pour ceux qui aiment exp\u00e9rimenter de nouvelles saveurs et pour ceux qui recherchent l\u2019authenticit\u00e9 de la cuisine italienne.<\/p>\n","protected":false},"excerpt":{"rendered":"<p>D\u00e9couvrez la saveur unique et intense du Rossetto Vinaigre de Tomate, un condiment polyvalent et innovant qui apporte \u00e0 la table toute la fra\u00eecheur et la douceur des tomates m\u00fbries au soleil. Dans cette bouteille de 250 ml, vous trouverez un vinaigre au go\u00fbt d\u00e9licat mais fort, parfait pour sublimer les plats frais et les [&hellip;]<\/p>\n","protected":false},"featured_media":6334442,"template":"","meta":{"_acf_changed":false},"product_cat":[12049,12044,11995],"product_tag":[],"class_list":{"0":"post-65524","1":"product","2":"type-product","3":"status-publish","4":"has-post-thumbnail","6":"product_cat-food-fr","7":"product_cat-huile-vinaigre-sel","8":"product_cat-table-fr-2","10":"first","11":"instock","12":"taxable","13":"shipping-taxable","14":"purchasable","15":"product-type-simple","swatches":"rey-swatches","show_selected":"","stretch_labels":"rey-swatches--stretch-labels"},"acf":[],"yoast_head":"<!-- This site is optimized with the Yoast SEO plugin v25.4 - https:\/\/yoast.com\/wordpress\/plugins\/seo\/ -->\n<title>GALATEO &#038; FRIENDS Rossetto Vinaigre de Tomate 250 ml - dev6 Erresse<\/title>\n<meta name=\"description\" content=\"D\u00e9couvrez la saveur unique et intense du Rossetto Vinaigre de Tomate, un condiment polyvalent et innovant qui apporte \u00e0 la table toute la fra\u00eecheur et la\" \/>\n<meta name=\"robots\" content=\"noindex, follow, max-snippet:-1, max-image-preview:large, max-video-preview:-1\" \/>\n<meta property=\"og:locale\" content=\"fr_FR\" \/>\n<meta property=\"og:type\" content=\"article\" \/>\n<meta property=\"og:title\" content=\"GALATEO &#038; FRIENDS Rossetto Vinaigre de Tomate 250 ml - dev6 Erresse\" \/>\n<meta property=\"og:description\" content=\"D\u00e9couvrez la saveur unique et intense du Rossetto Vinaigre de Tomate, un condiment polyvalent et innovant qui apporte \u00e0 la table toute la fra\u00eecheur et la\" \/>\n<meta property=\"og:url\" content=\"https:\/\/dev6.erresse-shop.it\/fr\/shop\/table-fr-2\/huile-vinaigre-sel\/galateo-friends-rossetto-vinaigre-de-tomate-250-ml\/\" \/>\n<meta property=\"og:site_name\" content=\"dev6 Erresse\" \/>\n<meta property=\"og:image\" content=\"https:\/\/interpim.erresse-shop.it\/Import\/Prodotti\/galateo-friends-rossetto-aceto-di-pomodoro-250-ml.jpg\" \/><meta property=\"og:image\" content=\"https:\/\/interpim.erresse-shop.it\/Import\/Prodotti\/galateo-friends-rossetto-aceto-di-pomodoro-250-ml.jpg\" \/>\n\t<meta property=\"og:image:width\" content=\"1024\" \/>\n\t<meta property=\"og:image:height\" content=\"1024\" \/>\n\t<meta property=\"og:image:type\" content=\"image\/jpeg\" \/>\n<meta name=\"twitter:card\" content=\"summary_large_image\" \/>\n<meta name=\"twitter:image\" content=\"https:\/\/interpim.erresse-shop.it\/Import\/Prodotti\/galateo-friends-rossetto-aceto-di-pomodoro-250-ml.jpg\" \/>\n<script type=\"application\/ld+json\" class=\"yoast-schema-graph\">{\"@context\":\"https:\/\/schema.org\",\"@graph\":[{\"@type\":\"WebPage\",\"@id\":\"https:\/\/dev6.erresse-shop.it\/fr\/shop\/table-fr-2\/huile-vinaigre-sel\/galateo-friends-rossetto-vinaigre-de-tomate-250-ml\/\",\"url\":\"https:\/\/dev6.erresse-shop.it\/fr\/shop\/table-fr-2\/huile-vinaigre-sel\/galateo-friends-rossetto-vinaigre-de-tomate-250-ml\/\",\"name\":\"GALATEO &#038; FRIENDS Rossetto Vinaigre de Tomate 250 ml - dev6 Erresse\",\"isPartOf\":{\"@id\":\"https:\/\/dev6.erresse-shop.it\/#website\"},\"primaryImageOfPage\":{\"@id\":\"https:\/\/dev6.erresse-shop.it\/fr\/shop\/table-fr-2\/huile-vinaigre-sel\/galateo-friends-rossetto-vinaigre-de-tomate-250-ml\/#primaryimage\"},\"image\":{\"@id\":\"https:\/\/dev6.erresse-shop.it\/fr\/shop\/table-fr-2\/huile-vinaigre-sel\/galateo-friends-rossetto-vinaigre-de-tomate-250-ml\/#primaryimage\"},\"thumbnailUrl\":\"https:\/\/i2.wp.com\/interpim.erresse-shop.it\/Import\/Prodotti\/galateo-friends-rossetto-aceto-di-pomodoro-250-ml.jpg?ssl=1\",\"datePublished\":\"2026-04-10T11:46:19+00:00\",\"description\":\"D\u00e9couvrez la saveur unique et intense du Rossetto Vinaigre de Tomate, un condiment polyvalent et innovant qui apporte \u00e0 la table toute la fra\u00eecheur et la\",\"breadcrumb\":{\"@id\":\"https:\/\/dev6.erresse-shop.it\/fr\/shop\/table-fr-2\/huile-vinaigre-sel\/galateo-friends-rossetto-vinaigre-de-tomate-250-ml\/#breadcrumb\"},\"inLanguage\":\"fr-FR\",\"potentialAction\":[{\"@type\":\"ReadAction\",\"target\":[\"https:\/\/dev6.erresse-shop.it\/fr\/shop\/table-fr-2\/huile-vinaigre-sel\/galateo-friends-rossetto-vinaigre-de-tomate-250-ml\/\"]}]},{\"@type\":\"ImageObject\",\"inLanguage\":\"fr-FR\",\"@id\":\"https:\/\/dev6.erresse-shop.it\/fr\/shop\/table-fr-2\/huile-vinaigre-sel\/galateo-friends-rossetto-vinaigre-de-tomate-250-ml\/#primaryimage\",\"url\":\"https:\/\/i2.wp.com\/interpim.erresse-shop.it\/Import\/Prodotti\/galateo-friends-rossetto-aceto-di-pomodoro-250-ml.jpg?ssl=1\",\"contentUrl\":\"https:\/\/i2.wp.com\/interpim.erresse-shop.it\/Import\/Prodotti\/galateo-friends-rossetto-aceto-di-pomodoro-250-ml.jpg?ssl=1\"},{\"@type\":\"BreadcrumbList\",\"@id\":\"https:\/\/dev6.erresse-shop.it\/fr\/shop\/table-fr-2\/huile-vinaigre-sel\/galateo-friends-rossetto-vinaigre-de-tomate-250-ml\/#breadcrumb\",\"itemListElement\":[{\"@type\":\"ListItem\",\"position\":1,\"name\":\"Home\",\"item\":\"https:\/\/dev6.erresse-shop.it\/\"},{\"@type\":\"ListItem\",\"position\":2,\"name\":\"Boutique\",\"item\":\"https:\/\/dev6.erresse-shop.it\/shop\/\"},{\"@type\":\"ListItem\",\"position\":3,\"name\":\"GALATEO &#038; FRIENDS Rossetto Vinaigre de Tomate 250 ml\"}]},{\"@type\":\"WebSite\",\"@id\":\"https:\/\/dev6.erresse-shop.it\/#website\",\"url\":\"https:\/\/dev6.erresse-shop.it\/\",\"name\":\"Erresse Shop\",\"description\":\"\",\"publisher\":{\"@id\":\"https:\/\/dev6.erresse-shop.it\/#organization\"},\"potentialAction\":[{\"@type\":\"SearchAction\",\"target\":{\"@type\":\"EntryPoint\",\"urlTemplate\":\"https:\/\/dev6.erresse-shop.it\/?s={search_term_string}\"},\"query-input\":{\"@type\":\"PropertyValueSpecification\",\"valueRequired\":true,\"valueName\":\"search_term_string\"}}],\"inLanguage\":\"fr-FR\"},{\"@type\":\"Organization\",\"@id\":\"https:\/\/dev6.erresse-shop.it\/#organization\",\"name\":\"Erresse Shop\",\"url\":\"https:\/\/dev6.erresse-shop.it\/\",\"logo\":{\"@type\":\"ImageObject\",\"inLanguage\":\"fr-FR\",\"@id\":\"https:\/\/dev6.erresse-shop.it\/#\/schema\/logo\/image\/\",\"url\":\"https:\/\/dev6.erresse-shop.it\/wp-content\/uploads\/2025\/01\/LOGO-ERRESSE-CLASSICO.svg\",\"contentUrl\":\"https:\/\/dev6.erresse-shop.it\/wp-content\/uploads\/2025\/01\/LOGO-ERRESSE-CLASSICO.svg\",\"caption\":\"Erresse Shop\"},\"image\":{\"@id\":\"https:\/\/dev6.erresse-shop.it\/#\/schema\/logo\/image\/\"}}]}<\/script>\n<!-- \/ Yoast SEO plugin. -->","yoast_head_json":{"title":"GALATEO &#038; FRIENDS Rossetto Vinaigre de Tomate 250 ml - dev6 Erresse","description":"D\u00e9couvrez la saveur unique et intense du Rossetto Vinaigre de Tomate, un condiment polyvalent et innovant qui apporte \u00e0 la table toute la fra\u00eecheur et la","robots":{"index":"noindex","follow":"follow","max-snippet":"max-snippet:-1","max-image-preview":"max-image-preview:large","max-video-preview":"max-video-preview:-1"},"og_locale":"fr_FR","og_type":"article","og_title":"GALATEO &#038; FRIENDS Rossetto Vinaigre de Tomate 250 ml - dev6 Erresse","og_description":"D\u00e9couvrez la saveur unique et intense du Rossetto Vinaigre de Tomate, un condiment polyvalent et innovant qui apporte \u00e0 la table toute la fra\u00eecheur et la","og_url":"https:\/\/dev6.erresse-shop.it\/fr\/shop\/table-fr-2\/huile-vinaigre-sel\/galateo-friends-rossetto-vinaigre-de-tomate-250-ml\/","og_site_name":"dev6 Erresse","og_image":[{"url":"https:\/\/interpim.erresse-shop.it\/Import\/Prodotti\/galateo-friends-rossetto-aceto-di-pomodoro-250-ml.jpg","type":"","width":"","height":""},{"url":"https:\/\/interpim.erresse-shop.it\/Import\/Prodotti\/galateo-friends-rossetto-aceto-di-pomodoro-250-ml.jpg","width":1024,"height":1024,"type":"image\/jpeg"}],"twitter_card":"summary_large_image","twitter_image":"https:\/\/interpim.erresse-shop.it\/Import\/Prodotti\/galateo-friends-rossetto-aceto-di-pomodoro-250-ml.jpg","schema":{"@context":"https:\/\/schema.org","@graph":[{"@type":"WebPage","@id":"https:\/\/dev6.erresse-shop.it\/fr\/shop\/table-fr-2\/huile-vinaigre-sel\/galateo-friends-rossetto-vinaigre-de-tomate-250-ml\/","url":"https:\/\/dev6.erresse-shop.it\/fr\/shop\/table-fr-2\/huile-vinaigre-sel\/galateo-friends-rossetto-vinaigre-de-tomate-250-ml\/","name":"GALATEO &#038; FRIENDS Rossetto Vinaigre de Tomate 250 ml - dev6 Erresse","isPartOf":{"@id":"https:\/\/dev6.erresse-shop.it\/#website"},"primaryImageOfPage":{"@id":"https:\/\/dev6.erresse-shop.it\/fr\/shop\/table-fr-2\/huile-vinaigre-sel\/galateo-friends-rossetto-vinaigre-de-tomate-250-ml\/#primaryimage"},"image":{"@id":"https:\/\/dev6.erresse-shop.it\/fr\/shop\/table-fr-2\/huile-vinaigre-sel\/galateo-friends-rossetto-vinaigre-de-tomate-250-ml\/#primaryimage"},"thumbnailUrl":"https:\/\/i2.wp.com\/interpim.erresse-shop.it\/Import\/Prodotti\/galateo-friends-rossetto-aceto-di-pomodoro-250-ml.jpg?ssl=1","datePublished":"2026-04-10T11:46:19+00:00","description":"D\u00e9couvrez la saveur unique et intense du Rossetto Vinaigre de Tomate, un condiment polyvalent et innovant qui apporte \u00e0 la table toute la fra\u00eecheur et la","breadcrumb":{"@id":"https:\/\/dev6.erresse-shop.it\/fr\/shop\/table-fr-2\/huile-vinaigre-sel\/galateo-friends-rossetto-vinaigre-de-tomate-250-ml\/#breadcrumb"},"inLanguage":"fr-FR","potentialAction":[{"@type":"ReadAction","target":["https:\/\/dev6.erresse-shop.it\/fr\/shop\/table-fr-2\/huile-vinaigre-sel\/galateo-friends-rossetto-vinaigre-de-tomate-250-ml\/"]}]},{"@type":"ImageObject","inLanguage":"fr-FR","@id":"https:\/\/dev6.erresse-shop.it\/fr\/shop\/table-fr-2\/huile-vinaigre-sel\/galateo-friends-rossetto-vinaigre-de-tomate-250-ml\/#primaryimage","url":"https:\/\/i2.wp.com\/interpim.erresse-shop.it\/Import\/Prodotti\/galateo-friends-rossetto-aceto-di-pomodoro-250-ml.jpg?ssl=1","contentUrl":"https:\/\/i2.wp.com\/interpim.erresse-shop.it\/Import\/Prodotti\/galateo-friends-rossetto-aceto-di-pomodoro-250-ml.jpg?ssl=1"},{"@type":"BreadcrumbList","@id":"https:\/\/dev6.erresse-shop.it\/fr\/shop\/table-fr-2\/huile-vinaigre-sel\/galateo-friends-rossetto-vinaigre-de-tomate-250-ml\/#breadcrumb","itemListElement":[{"@type":"ListItem","position":1,"name":"Home","item":"https:\/\/dev6.erresse-shop.it\/"},{"@type":"ListItem","position":2,"name":"Boutique","item":"https:\/\/dev6.erresse-shop.it\/shop\/"},{"@type":"ListItem","position":3,"name":"GALATEO &#038; FRIENDS Rossetto Vinaigre de Tomate 250 ml"}]},{"@type":"WebSite","@id":"https:\/\/dev6.erresse-shop.it\/#website","url":"https:\/\/dev6.erresse-shop.it\/","name":"Erresse Shop","description":"","publisher":{"@id":"https:\/\/dev6.erresse-shop.it\/#organization"},"potentialAction":[{"@type":"SearchAction","target":{"@type":"EntryPoint","urlTemplate":"https:\/\/dev6.erresse-shop.it\/?s={search_term_string}"},"query-input":{"@type":"PropertyValueSpecification","valueRequired":true,"valueName":"search_term_string"}}],"inLanguage":"fr-FR"},{"@type":"Organization","@id":"https:\/\/dev6.erresse-shop.it\/#organization","name":"Erresse Shop","url":"https:\/\/dev6.erresse-shop.it\/","logo":{"@type":"ImageObject","inLanguage":"fr-FR","@id":"https:\/\/dev6.erresse-shop.it\/#\/schema\/logo\/image\/","url":"https:\/\/dev6.erresse-shop.it\/wp-content\/uploads\/2025\/01\/LOGO-ERRESSE-CLASSICO.svg","contentUrl":"https:\/\/dev6.erresse-shop.it\/wp-content\/uploads\/2025\/01\/LOGO-ERRESSE-CLASSICO.svg","caption":"Erresse Shop"},"image":{"@id":"https:\/\/dev6.erresse-shop.it\/#\/schema\/logo\/image\/"}}]}},"df_price":14,"df_sale_price":"","df_regular_price":14,"df_image_link":"https:\/\/i2.wp.com\/interpim.erresse-shop.it\/Import\/Prodotti\/galateo-friends-rossetto-aceto-di-pomodoro-250-ml.jpg?resize=300,300&ssl=1","fifu_image_url":"https:\/\/interpim.erresse-shop.it\/Import\/Prodotti\/galateo-friends-rossetto-aceto-di-pomodoro-250-ml.jpg","_links":{"self":[{"href":"https:\/\/dev6.erresse-shop.it\/fr\/wp-json\/wp\/v2\/product\/65524","targetHints":{"allow":["GET"]}}],"collection":[{"href":"https:\/\/dev6.erresse-shop.it\/fr\/wp-json\/wp\/v2\/product"}],"about":[{"href":"https:\/\/dev6.erresse-shop.it\/fr\/wp-json\/wp\/v2\/types\/product"}],"wp:featuredmedia":[{"embeddable":true,"href":"https:\/\/dev6.erresse-shop.it\/fr\/wp-json\/wp\/v2\/media\/6334442"}],"wp:attachment":[{"href":"https:\/\/dev6.erresse-shop.it\/fr\/wp-json\/wp\/v2\/media?parent=65524"}],"wp:term":[{"taxonomy":"product_cat","embeddable":true,"href":"https:\/\/dev6.erresse-shop.it\/fr\/wp-json\/wp\/v2\/product_cat?post=65524"},{"taxonomy":"product_tag","embeddable":true,"href":"https:\/\/dev6.erresse-shop.it\/fr\/wp-json\/wp\/v2\/product_tag?post=65524"}],"curies":[{"name":"wp","href":"https:\/\/api.w.org\/{rel}","templated":true}]}}