{"id":65510,"date":"2026-04-12T13:07:48","date_gmt":"2026-04-12T11:07:48","guid":{"rendered":"https:\/\/dev6.erresse-shop.it\/shop\/non%20class\u00e9\/galateo-friends-codalunga-coffret-cadeau-1-bouteille-huile-dolive-extra-vierge\/"},"modified":"2025-09-14T06:36:18","modified_gmt":"2025-09-14T04:36:18","slug":"galateo-friends-codalunga-coffret-cadeau-1-bouteille-huile-dolive-extra-vierge","status":"publish","type":"product","link":"https:\/\/dev6.erresse-shop.it\/fr\/shop\/table-fr-2\/huile-vinaigre-sel\/galateo-friends-codalunga-coffret-cadeau-1-bouteille-huile-dolive-extra-vierge\/","title":{"rendered":"GALATEO &#038; FRIENDS Codalunga Coffret Cadeau 1 Bouteille Huile d&#8217;olive extra vierge"},"content":{"rendered":"<p>OLIVES VANILLE CHEZ VILLAIN LOVE<\/p>\n<p>D\u00e9couvrez Vanilla Olive a Villain Love, l\u2019huile d\u2019olive extra vierge qui allie tradition et innovation dans une exp\u00e9rience gustative in\u00e9gal\u00e9e. Chaque flacon contient une huile fine, obtenue \u00e0 partir d\u2019olives s\u00e9lectionn\u00e9es avec le plus grand soin, press\u00e9es \u00e0 froid pour pr\u00e9server au mieux leurs propri\u00e9t\u00e9s naturelles. Le r\u00e9sultat est une huile au go\u00fbt unique, qui se distingue par son harmonie entre une douceur d\u00e9licate et une note incomparable de vanille, cr\u00e9ant un \u00e9quilibre parfait pour sublimer chaque plat.<\/p>\n<p>Ce pack de 1 bouteille est id\u00e9al pour ceux qui recherchent un produit raffin\u00e9, qui non seulement enrichit les recettes quotidiennes, mais transforme chaque pr\u00e9paration en une exp\u00e9rience gourmande. Parfait pour assaisonner les salades fra\u00eeches, le carpaccio, la bruschetta et les plats de poisson, Vanilla Olive a Villain Love ajoute une profondeur de saveur qui conquiert m\u00eame les palais les plus exigeants.<\/p>\n<p>Huile d\u2019Olive Extra Vierge et Vanille Bourbun de Madagascar 250 ml<\/p>\n","protected":false},"excerpt":{"rendered":"<p>OLIVES VANILLE CHEZ VILLAIN LOVE D\u00e9couvrez Vanilla Olive a Villain Love, l\u2019huile d\u2019olive extra vierge qui allie tradition et innovation dans une exp\u00e9rience gustative in\u00e9gal\u00e9e. Chaque flacon contient une huile fine, obtenue \u00e0 partir d\u2019olives s\u00e9lectionn\u00e9es avec le plus grand soin, press\u00e9es \u00e0 froid pour pr\u00e9server au mieux leurs propri\u00e9t\u00e9s naturelles. Le r\u00e9sultat est une [&hellip;]<\/p>\n","protected":false},"featured_media":6376074,"template":"","meta":{"_acf_changed":false},"product_cat":[12049,12044,11995],"product_tag":[],"class_list":{"0":"post-65510","1":"product","2":"type-product","3":"status-publish","4":"has-post-thumbnail","6":"product_cat-food-fr","7":"product_cat-huile-vinaigre-sel","8":"product_cat-table-fr-2","10":"first","11":"instock","12":"sale","13":"taxable","14":"shipping-taxable","15":"purchasable","16":"product-type-simple","swatches":"rey-swatches","show_selected":"","stretch_labels":"rey-swatches--stretch-labels"},"acf":[],"yoast_head":"<!-- This site is optimized with the Yoast SEO plugin v25.4 - https:\/\/yoast.com\/wordpress\/plugins\/seo\/ -->\n<title>GALATEO &#038; FRIENDS Codalunga Coffret Cadeau 1 Bouteille Huile d&#8217;olive extra vierge - dev6 Erresse<\/title>\n<meta name=\"description\" content=\"OLIVES VANILLE CHEZ VILLAIN LOVE D\u00e9couvrez Vanilla Olive a Villain Love, l\u2019huile d\u2019olive extra vierge qui allie tradition et innovation dans une\" \/>\n<meta name=\"robots\" content=\"noindex, follow, max-snippet:-1, max-image-preview:large, max-video-preview:-1\" \/>\n<meta property=\"og:locale\" content=\"fr_FR\" \/>\n<meta property=\"og:type\" content=\"article\" \/>\n<meta property=\"og:title\" content=\"GALATEO &#038; FRIENDS Codalunga Coffret Cadeau 1 Bouteille Huile d&#8217;olive extra vierge - dev6 Erresse\" \/>\n<meta property=\"og:description\" content=\"OLIVES VANILLE CHEZ VILLAIN LOVE D\u00e9couvrez Vanilla Olive a Villain Love, l\u2019huile d\u2019olive extra vierge qui allie tradition et innovation dans une\" \/>\n<meta property=\"og:url\" content=\"https:\/\/dev6.erresse-shop.it\/fr\/shop\/table-fr-2\/huile-vinaigre-sel\/galateo-friends-codalunga-coffret-cadeau-1-bouteille-huile-dolive-extra-vierge\/\" \/>\n<meta property=\"og:site_name\" content=\"dev6 Erresse\" \/>\n<meta property=\"og:image\" content=\"https:\/\/interpim.erresse-shop.it\/Import\/Prodotti\/galateo-friends-codalunga-confezione-regalo-1-bottiglia.jpg\" \/><meta property=\"og:image\" content=\"https:\/\/interpim.erresse-shop.it\/Import\/Prodotti\/galateo-friends-codalunga-confezione-regalo-1-bottiglia.jpg\" \/>\n\t<meta property=\"og:image:width\" content=\"1024\" \/>\n\t<meta property=\"og:image:height\" content=\"1024\" \/>\n\t<meta property=\"og:image:type\" content=\"image\/jpeg\" \/>\n<meta name=\"twitter:card\" content=\"summary_large_image\" \/>\n<meta name=\"twitter:image\" content=\"https:\/\/interpim.erresse-shop.it\/Import\/Prodotti\/galateo-friends-codalunga-confezione-regalo-1-bottiglia.jpg\" \/>\n<script type=\"application\/ld+json\" class=\"yoast-schema-graph\">{\"@context\":\"https:\/\/schema.org\",\"@graph\":[{\"@type\":\"WebPage\",\"@id\":\"https:\/\/dev6.erresse-shop.it\/fr\/shop\/table-fr-2\/huile-vinaigre-sel\/galateo-friends-codalunga-coffret-cadeau-1-bouteille-huile-dolive-extra-vierge\/\",\"url\":\"https:\/\/dev6.erresse-shop.it\/fr\/shop\/table-fr-2\/huile-vinaigre-sel\/galateo-friends-codalunga-coffret-cadeau-1-bouteille-huile-dolive-extra-vierge\/\",\"name\":\"GALATEO &#038; FRIENDS Codalunga Coffret Cadeau 1 Bouteille Huile d&#8217;olive extra vierge - dev6 Erresse\",\"isPartOf\":{\"@id\":\"https:\/\/dev6.erresse-shop.it\/#website\"},\"primaryImageOfPage\":{\"@id\":\"https:\/\/dev6.erresse-shop.it\/fr\/shop\/table-fr-2\/huile-vinaigre-sel\/galateo-friends-codalunga-coffret-cadeau-1-bouteille-huile-dolive-extra-vierge\/#primaryimage\"},\"image\":{\"@id\":\"https:\/\/dev6.erresse-shop.it\/fr\/shop\/table-fr-2\/huile-vinaigre-sel\/galateo-friends-codalunga-coffret-cadeau-1-bouteille-huile-dolive-extra-vierge\/#primaryimage\"},\"thumbnailUrl\":\"https:\/\/i2.wp.com\/interpim.erresse-shop.it\/Import\/Prodotti\/galateo-friends-codalunga-confezione-regalo-1-bottiglia.jpg?ssl=1\",\"datePublished\":\"2026-04-12T11:07:48+00:00\",\"description\":\"OLIVES VANILLE CHEZ VILLAIN LOVE D\u00e9couvrez Vanilla Olive a Villain Love, l\u2019huile d\u2019olive extra vierge qui allie tradition et innovation dans une\",\"breadcrumb\":{\"@id\":\"https:\/\/dev6.erresse-shop.it\/fr\/shop\/table-fr-2\/huile-vinaigre-sel\/galateo-friends-codalunga-coffret-cadeau-1-bouteille-huile-dolive-extra-vierge\/#breadcrumb\"},\"inLanguage\":\"fr-FR\",\"potentialAction\":[{\"@type\":\"ReadAction\",\"target\":[\"https:\/\/dev6.erresse-shop.it\/fr\/shop\/table-fr-2\/huile-vinaigre-sel\/galateo-friends-codalunga-coffret-cadeau-1-bouteille-huile-dolive-extra-vierge\/\"]}]},{\"@type\":\"ImageObject\",\"inLanguage\":\"fr-FR\",\"@id\":\"https:\/\/dev6.erresse-shop.it\/fr\/shop\/table-fr-2\/huile-vinaigre-sel\/galateo-friends-codalunga-coffret-cadeau-1-bouteille-huile-dolive-extra-vierge\/#primaryimage\",\"url\":\"https:\/\/i2.wp.com\/interpim.erresse-shop.it\/Import\/Prodotti\/galateo-friends-codalunga-confezione-regalo-1-bottiglia.jpg?ssl=1\",\"contentUrl\":\"https:\/\/i2.wp.com\/interpim.erresse-shop.it\/Import\/Prodotti\/galateo-friends-codalunga-confezione-regalo-1-bottiglia.jpg?ssl=1\"},{\"@type\":\"BreadcrumbList\",\"@id\":\"https:\/\/dev6.erresse-shop.it\/fr\/shop\/table-fr-2\/huile-vinaigre-sel\/galateo-friends-codalunga-coffret-cadeau-1-bouteille-huile-dolive-extra-vierge\/#breadcrumb\",\"itemListElement\":[{\"@type\":\"ListItem\",\"position\":1,\"name\":\"Home\",\"item\":\"https:\/\/dev6.erresse-shop.it\/\"},{\"@type\":\"ListItem\",\"position\":2,\"name\":\"Boutique\",\"item\":\"https:\/\/dev6.erresse-shop.it\/shop\/\"},{\"@type\":\"ListItem\",\"position\":3,\"name\":\"GALATEO &#038; FRIENDS Codalunga Coffret Cadeau 1 Bouteille Huile d&#8217;olive extra vierge\"}]},{\"@type\":\"WebSite\",\"@id\":\"https:\/\/dev6.erresse-shop.it\/#website\",\"url\":\"https:\/\/dev6.erresse-shop.it\/\",\"name\":\"Erresse Shop\",\"description\":\"\",\"publisher\":{\"@id\":\"https:\/\/dev6.erresse-shop.it\/#organization\"},\"potentialAction\":[{\"@type\":\"SearchAction\",\"target\":{\"@type\":\"EntryPoint\",\"urlTemplate\":\"https:\/\/dev6.erresse-shop.it\/?s={search_term_string}\"},\"query-input\":{\"@type\":\"PropertyValueSpecification\",\"valueRequired\":true,\"valueName\":\"search_term_string\"}}],\"inLanguage\":\"fr-FR\"},{\"@type\":\"Organization\",\"@id\":\"https:\/\/dev6.erresse-shop.it\/#organization\",\"name\":\"Erresse Shop\",\"url\":\"https:\/\/dev6.erresse-shop.it\/\",\"logo\":{\"@type\":\"ImageObject\",\"inLanguage\":\"fr-FR\",\"@id\":\"https:\/\/dev6.erresse-shop.it\/#\/schema\/logo\/image\/\",\"url\":\"https:\/\/dev6.erresse-shop.it\/wp-content\/uploads\/2025\/01\/LOGO-ERRESSE-CLASSICO.svg\",\"contentUrl\":\"https:\/\/dev6.erresse-shop.it\/wp-content\/uploads\/2025\/01\/LOGO-ERRESSE-CLASSICO.svg\",\"caption\":\"Erresse Shop\"},\"image\":{\"@id\":\"https:\/\/dev6.erresse-shop.it\/#\/schema\/logo\/image\/\"}}]}<\/script>\n<!-- \/ Yoast SEO plugin. -->","yoast_head_json":{"title":"GALATEO &#038; FRIENDS Codalunga Coffret Cadeau 1 Bouteille Huile d&#8217;olive extra vierge - dev6 Erresse","description":"OLIVES VANILLE CHEZ VILLAIN LOVE D\u00e9couvrez Vanilla Olive a Villain Love, l\u2019huile d\u2019olive extra vierge qui allie tradition et innovation dans une","robots":{"index":"noindex","follow":"follow","max-snippet":"max-snippet:-1","max-image-preview":"max-image-preview:large","max-video-preview":"max-video-preview:-1"},"og_locale":"fr_FR","og_type":"article","og_title":"GALATEO &#038; FRIENDS Codalunga Coffret Cadeau 1 Bouteille Huile d&#8217;olive extra vierge - dev6 Erresse","og_description":"OLIVES VANILLE CHEZ VILLAIN LOVE D\u00e9couvrez Vanilla Olive a Villain Love, l\u2019huile d\u2019olive extra vierge qui allie tradition et innovation dans une","og_url":"https:\/\/dev6.erresse-shop.it\/fr\/shop\/table-fr-2\/huile-vinaigre-sel\/galateo-friends-codalunga-coffret-cadeau-1-bouteille-huile-dolive-extra-vierge\/","og_site_name":"dev6 Erresse","og_image":[{"url":"https:\/\/interpim.erresse-shop.it\/Import\/Prodotti\/galateo-friends-codalunga-confezione-regalo-1-bottiglia.jpg","type":"","width":"","height":""},{"url":"https:\/\/interpim.erresse-shop.it\/Import\/Prodotti\/galateo-friends-codalunga-confezione-regalo-1-bottiglia.jpg","width":1024,"height":1024,"type":"image\/jpeg"}],"twitter_card":"summary_large_image","twitter_image":"https:\/\/interpim.erresse-shop.it\/Import\/Prodotti\/galateo-friends-codalunga-confezione-regalo-1-bottiglia.jpg","schema":{"@context":"https:\/\/schema.org","@graph":[{"@type":"WebPage","@id":"https:\/\/dev6.erresse-shop.it\/fr\/shop\/table-fr-2\/huile-vinaigre-sel\/galateo-friends-codalunga-coffret-cadeau-1-bouteille-huile-dolive-extra-vierge\/","url":"https:\/\/dev6.erresse-shop.it\/fr\/shop\/table-fr-2\/huile-vinaigre-sel\/galateo-friends-codalunga-coffret-cadeau-1-bouteille-huile-dolive-extra-vierge\/","name":"GALATEO &#038; FRIENDS Codalunga Coffret Cadeau 1 Bouteille Huile d&#8217;olive extra vierge - dev6 Erresse","isPartOf":{"@id":"https:\/\/dev6.erresse-shop.it\/#website"},"primaryImageOfPage":{"@id":"https:\/\/dev6.erresse-shop.it\/fr\/shop\/table-fr-2\/huile-vinaigre-sel\/galateo-friends-codalunga-coffret-cadeau-1-bouteille-huile-dolive-extra-vierge\/#primaryimage"},"image":{"@id":"https:\/\/dev6.erresse-shop.it\/fr\/shop\/table-fr-2\/huile-vinaigre-sel\/galateo-friends-codalunga-coffret-cadeau-1-bouteille-huile-dolive-extra-vierge\/#primaryimage"},"thumbnailUrl":"https:\/\/i2.wp.com\/interpim.erresse-shop.it\/Import\/Prodotti\/galateo-friends-codalunga-confezione-regalo-1-bottiglia.jpg?ssl=1","datePublished":"2026-04-12T11:07:48+00:00","description":"OLIVES VANILLE CHEZ VILLAIN LOVE D\u00e9couvrez Vanilla Olive a Villain Love, l\u2019huile d\u2019olive extra vierge qui allie tradition et innovation dans une","breadcrumb":{"@id":"https:\/\/dev6.erresse-shop.it\/fr\/shop\/table-fr-2\/huile-vinaigre-sel\/galateo-friends-codalunga-coffret-cadeau-1-bouteille-huile-dolive-extra-vierge\/#breadcrumb"},"inLanguage":"fr-FR","potentialAction":[{"@type":"ReadAction","target":["https:\/\/dev6.erresse-shop.it\/fr\/shop\/table-fr-2\/huile-vinaigre-sel\/galateo-friends-codalunga-coffret-cadeau-1-bouteille-huile-dolive-extra-vierge\/"]}]},{"@type":"ImageObject","inLanguage":"fr-FR","@id":"https:\/\/dev6.erresse-shop.it\/fr\/shop\/table-fr-2\/huile-vinaigre-sel\/galateo-friends-codalunga-coffret-cadeau-1-bouteille-huile-dolive-extra-vierge\/#primaryimage","url":"https:\/\/i2.wp.com\/interpim.erresse-shop.it\/Import\/Prodotti\/galateo-friends-codalunga-confezione-regalo-1-bottiglia.jpg?ssl=1","contentUrl":"https:\/\/i2.wp.com\/interpim.erresse-shop.it\/Import\/Prodotti\/galateo-friends-codalunga-confezione-regalo-1-bottiglia.jpg?ssl=1"},{"@type":"BreadcrumbList","@id":"https:\/\/dev6.erresse-shop.it\/fr\/shop\/table-fr-2\/huile-vinaigre-sel\/galateo-friends-codalunga-coffret-cadeau-1-bouteille-huile-dolive-extra-vierge\/#breadcrumb","itemListElement":[{"@type":"ListItem","position":1,"name":"Home","item":"https:\/\/dev6.erresse-shop.it\/"},{"@type":"ListItem","position":2,"name":"Boutique","item":"https:\/\/dev6.erresse-shop.it\/shop\/"},{"@type":"ListItem","position":3,"name":"GALATEO &#038; FRIENDS Codalunga Coffret Cadeau 1 Bouteille Huile d&#8217;olive extra vierge"}]},{"@type":"WebSite","@id":"https:\/\/dev6.erresse-shop.it\/#website","url":"https:\/\/dev6.erresse-shop.it\/","name":"Erresse Shop","description":"","publisher":{"@id":"https:\/\/dev6.erresse-shop.it\/#organization"},"potentialAction":[{"@type":"SearchAction","target":{"@type":"EntryPoint","urlTemplate":"https:\/\/dev6.erresse-shop.it\/?s={search_term_string}"},"query-input":{"@type":"PropertyValueSpecification","valueRequired":true,"valueName":"search_term_string"}}],"inLanguage":"fr-FR"},{"@type":"Organization","@id":"https:\/\/dev6.erresse-shop.it\/#organization","name":"Erresse Shop","url":"https:\/\/dev6.erresse-shop.it\/","logo":{"@type":"ImageObject","inLanguage":"fr-FR","@id":"https:\/\/dev6.erresse-shop.it\/#\/schema\/logo\/image\/","url":"https:\/\/dev6.erresse-shop.it\/wp-content\/uploads\/2025\/01\/LOGO-ERRESSE-CLASSICO.svg","contentUrl":"https:\/\/dev6.erresse-shop.it\/wp-content\/uploads\/2025\/01\/LOGO-ERRESSE-CLASSICO.svg","caption":"Erresse Shop"},"image":{"@id":"https:\/\/dev6.erresse-shop.it\/#\/schema\/logo\/image\/"}}]}},"df_price":49,"df_sale_price":49,"df_regular_price":58,"df_image_link":"https:\/\/i2.wp.com\/interpim.erresse-shop.it\/Import\/Prodotti\/galateo-friends-codalunga-confezione-regalo-1-bottiglia.jpg?resize=300,300&ssl=1","fifu_image_url":"https:\/\/interpim.erresse-shop.it\/Import\/Prodotti\/galateo-friends-codalunga-confezione-regalo-1-bottiglia.jpg","_links":{"self":[{"href":"https:\/\/dev6.erresse-shop.it\/fr\/wp-json\/wp\/v2\/product\/65510","targetHints":{"allow":["GET"]}}],"collection":[{"href":"https:\/\/dev6.erresse-shop.it\/fr\/wp-json\/wp\/v2\/product"}],"about":[{"href":"https:\/\/dev6.erresse-shop.it\/fr\/wp-json\/wp\/v2\/types\/product"}],"wp:featuredmedia":[{"embeddable":true,"href":"https:\/\/dev6.erresse-shop.it\/fr\/wp-json\/wp\/v2\/media\/6376074"}],"wp:attachment":[{"href":"https:\/\/dev6.erresse-shop.it\/fr\/wp-json\/wp\/v2\/media?parent=65510"}],"wp:term":[{"taxonomy":"product_cat","embeddable":true,"href":"https:\/\/dev6.erresse-shop.it\/fr\/wp-json\/wp\/v2\/product_cat?post=65510"},{"taxonomy":"product_tag","embeddable":true,"href":"https:\/\/dev6.erresse-shop.it\/fr\/wp-json\/wp\/v2\/product_tag?post=65510"}],"curies":[{"name":"wp","href":"https:\/\/api.w.org\/{rel}","templated":true}]}}