{"id":65508,"date":"2026-04-04T13:05:19","date_gmt":"2026-04-04T11:05:19","guid":{"rendered":"https:\/\/dev6.erresse-shop.it\/shop\/non%20class\u00e9\/galateo-friends-burton-morris-coffret-cadeau-3-bouteilles-huile-et-vinaigre\/"},"modified":"2025-09-14T06:36:13","modified_gmt":"2025-09-14T04:36:13","slug":"galateo-friends-burton-morris-coffret-cadeau-3-bouteilles-huile-et-vinaigre","status":"publish","type":"product","link":"https:\/\/dev6.erresse-shop.it\/fr\/shop\/table-fr-2\/huile-vinaigre-sel\/galateo-friends-burton-morris-coffret-cadeau-3-bouteilles-huile-et-vinaigre\/","title":{"rendered":"GALATEO &#038; FRIENDS Burton Morris Coffret Cadeau 3 bouteilles Huile et vinaigre"},"content":{"rendered":"<p>D\u00e9couvrez le raffinement et la qualit\u00e9 du Burton Morris Gift Box, un coffret exclusif compos\u00e9 de trois produits raffin\u00e9s qui rehaussent les saveurs de la tradition m\u00e9diterran\u00e9enne. Parfait pour ceux qui recherchent le meilleur en cuisine ou pour un cadeau gastronomique chic.<\/p>\n<p>D\u00e9finir le contenu\u00a0:<\/p>\n<p>Huile d\u2019olive extra vierge Taggiasca Cultivar BURTON MORRIS (250 ml)\u00a0: Sa saveur fruit\u00e9e et l\u00e9g\u00e8rement \u00e9pic\u00e9e la rend parfaite pour assaisonner les salades, les bruschettas et les plats \u00e0 base de poisson.<br \/>\nVinaigre Balsamique de Mod\u00e8ne BURTON MORRIS (250 ml)\u00a0: Un vinaigre au go\u00fbt doux et fort, capable d\u2019enrichir chaque plat d\u2019une note sophistiqu\u00e9e. Parfait pour mariner les viandes, les l\u00e9gumes grill\u00e9s ou pour utiliser dans les sauces et les r\u00e9ductions.<br \/>\nVinaigre de vin BURTON MORRIS (250 ml)\u00a0: Un vinaigre au go\u00fbt frais et \u00e9quilibr\u00e9, id\u00e9al pour donner un coup de fouet suppl\u00e9mentaire aux vinaigrettes, salades et plats \u00e0 base de viande ou de poisson. Sa polyvalence en fait un ingr\u00e9dient essentiel pour chaque cuisine.<\/p>\n<p>Caract\u00e9ristiques\u00a0:<\/p>\n<p>Emballage \u00e9l\u00e9gant et pratique, parfait pour toutes les occasions.<br \/>\nDes produits de haute qualit\u00e9, issus des meilleures traditions italiennes.<br \/>\nId\u00e9al pour les passionn\u00e9s de cuisine et pour ceux qui aiment d\u00e9couvrir de nouvelles saveurs.<\/p>\n","protected":false},"excerpt":{"rendered":"<p>D\u00e9couvrez le raffinement et la qualit\u00e9 du Burton Morris Gift Box, un coffret exclusif compos\u00e9 de trois produits raffin\u00e9s qui rehaussent les saveurs de la tradition m\u00e9diterran\u00e9enne. Parfait pour ceux qui recherchent le meilleur en cuisine ou pour un cadeau gastronomique chic. D\u00e9finir le contenu\u00a0: Huile d\u2019olive extra vierge Taggiasca Cultivar BURTON MORRIS (250 ml)\u00a0: [&hellip;]<\/p>\n","protected":false},"featured_media":6292803,"template":"","meta":{"_acf_changed":false},"product_cat":[12049,12044,11995],"product_tag":[],"class_list":{"0":"post-65508","1":"product","2":"type-product","3":"status-publish","4":"has-post-thumbnail","6":"product_cat-food-fr","7":"product_cat-huile-vinaigre-sel","8":"product_cat-table-fr-2","10":"first","11":"instock","12":"sale","13":"taxable","14":"shipping-taxable","15":"purchasable","16":"product-type-simple","swatches":"rey-swatches","show_selected":"","stretch_labels":"rey-swatches--stretch-labels"},"acf":[],"yoast_head":"<!-- This site is optimized with the Yoast SEO plugin v25.4 - https:\/\/yoast.com\/wordpress\/plugins\/seo\/ -->\n<title>GALATEO &#038; FRIENDS Burton Morris Coffret Cadeau 3 bouteilles Huile et vinaigre - dev6 Erresse<\/title>\n<meta name=\"description\" content=\"D\u00e9couvrez le raffinement et la qualit\u00e9 du Burton Morris Gift Box, un coffret exclusif compos\u00e9 de trois produits raffin\u00e9s qui rehaussent les saveurs de la\" \/>\n<meta name=\"robots\" content=\"noindex, follow, max-snippet:-1, max-image-preview:large, max-video-preview:-1\" \/>\n<meta property=\"og:locale\" content=\"fr_FR\" \/>\n<meta property=\"og:type\" content=\"article\" \/>\n<meta property=\"og:title\" content=\"GALATEO &#038; FRIENDS Burton Morris Coffret Cadeau 3 bouteilles Huile et vinaigre - dev6 Erresse\" \/>\n<meta property=\"og:description\" content=\"D\u00e9couvrez le raffinement et la qualit\u00e9 du Burton Morris Gift Box, un coffret exclusif compos\u00e9 de trois produits raffin\u00e9s qui rehaussent les saveurs de la\" \/>\n<meta property=\"og:url\" content=\"https:\/\/dev6.erresse-shop.it\/fr\/shop\/table-fr-2\/huile-vinaigre-sel\/galateo-friends-burton-morris-coffret-cadeau-3-bouteilles-huile-et-vinaigre\/\" \/>\n<meta property=\"og:site_name\" content=\"dev6 Erresse\" \/>\n<meta property=\"og:image\" content=\"https:\/\/interpim.erresse-shop.it\/Import\/Prodotti\/galateo-friends-burton-morris-confezione-regalo-3-bottiglie.jpg\" \/><meta property=\"og:image\" content=\"https:\/\/interpim.erresse-shop.it\/Import\/Prodotti\/galateo-friends-burton-morris-confezione-regalo-3-bottiglie.jpg\" \/>\n\t<meta property=\"og:image:width\" content=\"1024\" \/>\n\t<meta property=\"og:image:height\" content=\"1024\" \/>\n\t<meta property=\"og:image:type\" content=\"image\/jpeg\" \/>\n<meta name=\"twitter:card\" content=\"summary_large_image\" \/>\n<meta name=\"twitter:image\" content=\"https:\/\/interpim.erresse-shop.it\/Import\/Prodotti\/galateo-friends-burton-morris-confezione-regalo-3-bottiglie.jpg\" \/>\n<script type=\"application\/ld+json\" class=\"yoast-schema-graph\">{\"@context\":\"https:\/\/schema.org\",\"@graph\":[{\"@type\":\"WebPage\",\"@id\":\"https:\/\/dev6.erresse-shop.it\/fr\/shop\/table-fr-2\/huile-vinaigre-sel\/galateo-friends-burton-morris-coffret-cadeau-3-bouteilles-huile-et-vinaigre\/\",\"url\":\"https:\/\/dev6.erresse-shop.it\/fr\/shop\/table-fr-2\/huile-vinaigre-sel\/galateo-friends-burton-morris-coffret-cadeau-3-bouteilles-huile-et-vinaigre\/\",\"name\":\"GALATEO &#038; FRIENDS Burton Morris Coffret Cadeau 3 bouteilles Huile et vinaigre - dev6 Erresse\",\"isPartOf\":{\"@id\":\"https:\/\/dev6.erresse-shop.it\/#website\"},\"primaryImageOfPage\":{\"@id\":\"https:\/\/dev6.erresse-shop.it\/fr\/shop\/table-fr-2\/huile-vinaigre-sel\/galateo-friends-burton-morris-coffret-cadeau-3-bouteilles-huile-et-vinaigre\/#primaryimage\"},\"image\":{\"@id\":\"https:\/\/dev6.erresse-shop.it\/fr\/shop\/table-fr-2\/huile-vinaigre-sel\/galateo-friends-burton-morris-coffret-cadeau-3-bouteilles-huile-et-vinaigre\/#primaryimage\"},\"thumbnailUrl\":\"https:\/\/i0.wp.com\/interpim.erresse-shop.it\/Import\/Prodotti\/galateo-friends-burton-morris-confezione-regalo-3-bottiglie.jpg?ssl=1\",\"datePublished\":\"2026-04-04T11:05:19+00:00\",\"description\":\"D\u00e9couvrez le raffinement et la qualit\u00e9 du Burton Morris Gift Box, un coffret exclusif compos\u00e9 de trois produits raffin\u00e9s qui rehaussent les saveurs de la\",\"breadcrumb\":{\"@id\":\"https:\/\/dev6.erresse-shop.it\/fr\/shop\/table-fr-2\/huile-vinaigre-sel\/galateo-friends-burton-morris-coffret-cadeau-3-bouteilles-huile-et-vinaigre\/#breadcrumb\"},\"inLanguage\":\"fr-FR\",\"potentialAction\":[{\"@type\":\"ReadAction\",\"target\":[\"https:\/\/dev6.erresse-shop.it\/fr\/shop\/table-fr-2\/huile-vinaigre-sel\/galateo-friends-burton-morris-coffret-cadeau-3-bouteilles-huile-et-vinaigre\/\"]}]},{\"@type\":\"ImageObject\",\"inLanguage\":\"fr-FR\",\"@id\":\"https:\/\/dev6.erresse-shop.it\/fr\/shop\/table-fr-2\/huile-vinaigre-sel\/galateo-friends-burton-morris-coffret-cadeau-3-bouteilles-huile-et-vinaigre\/#primaryimage\",\"url\":\"https:\/\/i0.wp.com\/interpim.erresse-shop.it\/Import\/Prodotti\/galateo-friends-burton-morris-confezione-regalo-3-bottiglie.jpg?ssl=1\",\"contentUrl\":\"https:\/\/i0.wp.com\/interpim.erresse-shop.it\/Import\/Prodotti\/galateo-friends-burton-morris-confezione-regalo-3-bottiglie.jpg?ssl=1\"},{\"@type\":\"BreadcrumbList\",\"@id\":\"https:\/\/dev6.erresse-shop.it\/fr\/shop\/table-fr-2\/huile-vinaigre-sel\/galateo-friends-burton-morris-coffret-cadeau-3-bouteilles-huile-et-vinaigre\/#breadcrumb\",\"itemListElement\":[{\"@type\":\"ListItem\",\"position\":1,\"name\":\"Home\",\"item\":\"https:\/\/dev6.erresse-shop.it\/\"},{\"@type\":\"ListItem\",\"position\":2,\"name\":\"Boutique\",\"item\":\"https:\/\/dev6.erresse-shop.it\/shop\/\"},{\"@type\":\"ListItem\",\"position\":3,\"name\":\"GALATEO &#038; FRIENDS Burton Morris Coffret Cadeau 3 bouteilles Huile et vinaigre\"}]},{\"@type\":\"WebSite\",\"@id\":\"https:\/\/dev6.erresse-shop.it\/#website\",\"url\":\"https:\/\/dev6.erresse-shop.it\/\",\"name\":\"Erresse Shop\",\"description\":\"\",\"publisher\":{\"@id\":\"https:\/\/dev6.erresse-shop.it\/#organization\"},\"potentialAction\":[{\"@type\":\"SearchAction\",\"target\":{\"@type\":\"EntryPoint\",\"urlTemplate\":\"https:\/\/dev6.erresse-shop.it\/?s={search_term_string}\"},\"query-input\":{\"@type\":\"PropertyValueSpecification\",\"valueRequired\":true,\"valueName\":\"search_term_string\"}}],\"inLanguage\":\"fr-FR\"},{\"@type\":\"Organization\",\"@id\":\"https:\/\/dev6.erresse-shop.it\/#organization\",\"name\":\"Erresse Shop\",\"url\":\"https:\/\/dev6.erresse-shop.it\/\",\"logo\":{\"@type\":\"ImageObject\",\"inLanguage\":\"fr-FR\",\"@id\":\"https:\/\/dev6.erresse-shop.it\/#\/schema\/logo\/image\/\",\"url\":\"https:\/\/dev6.erresse-shop.it\/wp-content\/uploads\/2025\/01\/LOGO-ERRESSE-CLASSICO.svg\",\"contentUrl\":\"https:\/\/dev6.erresse-shop.it\/wp-content\/uploads\/2025\/01\/LOGO-ERRESSE-CLASSICO.svg\",\"caption\":\"Erresse Shop\"},\"image\":{\"@id\":\"https:\/\/dev6.erresse-shop.it\/#\/schema\/logo\/image\/\"}}]}<\/script>\n<!-- \/ Yoast SEO plugin. -->","yoast_head_json":{"title":"GALATEO &#038; FRIENDS Burton Morris Coffret Cadeau 3 bouteilles Huile et vinaigre - dev6 Erresse","description":"D\u00e9couvrez le raffinement et la qualit\u00e9 du Burton Morris Gift Box, un coffret exclusif compos\u00e9 de trois produits raffin\u00e9s qui rehaussent les saveurs de la","robots":{"index":"noindex","follow":"follow","max-snippet":"max-snippet:-1","max-image-preview":"max-image-preview:large","max-video-preview":"max-video-preview:-1"},"og_locale":"fr_FR","og_type":"article","og_title":"GALATEO &#038; FRIENDS Burton Morris Coffret Cadeau 3 bouteilles Huile et vinaigre - dev6 Erresse","og_description":"D\u00e9couvrez le raffinement et la qualit\u00e9 du Burton Morris Gift Box, un coffret exclusif compos\u00e9 de trois produits raffin\u00e9s qui rehaussent les saveurs de la","og_url":"https:\/\/dev6.erresse-shop.it\/fr\/shop\/table-fr-2\/huile-vinaigre-sel\/galateo-friends-burton-morris-coffret-cadeau-3-bouteilles-huile-et-vinaigre\/","og_site_name":"dev6 Erresse","og_image":[{"url":"https:\/\/interpim.erresse-shop.it\/Import\/Prodotti\/galateo-friends-burton-morris-confezione-regalo-3-bottiglie.jpg","type":"","width":"","height":""},{"url":"https:\/\/interpim.erresse-shop.it\/Import\/Prodotti\/galateo-friends-burton-morris-confezione-regalo-3-bottiglie.jpg","width":1024,"height":1024,"type":"image\/jpeg"}],"twitter_card":"summary_large_image","twitter_image":"https:\/\/interpim.erresse-shop.it\/Import\/Prodotti\/galateo-friends-burton-morris-confezione-regalo-3-bottiglie.jpg","schema":{"@context":"https:\/\/schema.org","@graph":[{"@type":"WebPage","@id":"https:\/\/dev6.erresse-shop.it\/fr\/shop\/table-fr-2\/huile-vinaigre-sel\/galateo-friends-burton-morris-coffret-cadeau-3-bouteilles-huile-et-vinaigre\/","url":"https:\/\/dev6.erresse-shop.it\/fr\/shop\/table-fr-2\/huile-vinaigre-sel\/galateo-friends-burton-morris-coffret-cadeau-3-bouteilles-huile-et-vinaigre\/","name":"GALATEO &#038; FRIENDS Burton Morris Coffret Cadeau 3 bouteilles Huile et vinaigre - dev6 Erresse","isPartOf":{"@id":"https:\/\/dev6.erresse-shop.it\/#website"},"primaryImageOfPage":{"@id":"https:\/\/dev6.erresse-shop.it\/fr\/shop\/table-fr-2\/huile-vinaigre-sel\/galateo-friends-burton-morris-coffret-cadeau-3-bouteilles-huile-et-vinaigre\/#primaryimage"},"image":{"@id":"https:\/\/dev6.erresse-shop.it\/fr\/shop\/table-fr-2\/huile-vinaigre-sel\/galateo-friends-burton-morris-coffret-cadeau-3-bouteilles-huile-et-vinaigre\/#primaryimage"},"thumbnailUrl":"https:\/\/i0.wp.com\/interpim.erresse-shop.it\/Import\/Prodotti\/galateo-friends-burton-morris-confezione-regalo-3-bottiglie.jpg?ssl=1","datePublished":"2026-04-04T11:05:19+00:00","description":"D\u00e9couvrez le raffinement et la qualit\u00e9 du Burton Morris Gift Box, un coffret exclusif compos\u00e9 de trois produits raffin\u00e9s qui rehaussent les saveurs de la","breadcrumb":{"@id":"https:\/\/dev6.erresse-shop.it\/fr\/shop\/table-fr-2\/huile-vinaigre-sel\/galateo-friends-burton-morris-coffret-cadeau-3-bouteilles-huile-et-vinaigre\/#breadcrumb"},"inLanguage":"fr-FR","potentialAction":[{"@type":"ReadAction","target":["https:\/\/dev6.erresse-shop.it\/fr\/shop\/table-fr-2\/huile-vinaigre-sel\/galateo-friends-burton-morris-coffret-cadeau-3-bouteilles-huile-et-vinaigre\/"]}]},{"@type":"ImageObject","inLanguage":"fr-FR","@id":"https:\/\/dev6.erresse-shop.it\/fr\/shop\/table-fr-2\/huile-vinaigre-sel\/galateo-friends-burton-morris-coffret-cadeau-3-bouteilles-huile-et-vinaigre\/#primaryimage","url":"https:\/\/i0.wp.com\/interpim.erresse-shop.it\/Import\/Prodotti\/galateo-friends-burton-morris-confezione-regalo-3-bottiglie.jpg?ssl=1","contentUrl":"https:\/\/i0.wp.com\/interpim.erresse-shop.it\/Import\/Prodotti\/galateo-friends-burton-morris-confezione-regalo-3-bottiglie.jpg?ssl=1"},{"@type":"BreadcrumbList","@id":"https:\/\/dev6.erresse-shop.it\/fr\/shop\/table-fr-2\/huile-vinaigre-sel\/galateo-friends-burton-morris-coffret-cadeau-3-bouteilles-huile-et-vinaigre\/#breadcrumb","itemListElement":[{"@type":"ListItem","position":1,"name":"Home","item":"https:\/\/dev6.erresse-shop.it\/"},{"@type":"ListItem","position":2,"name":"Boutique","item":"https:\/\/dev6.erresse-shop.it\/shop\/"},{"@type":"ListItem","position":3,"name":"GALATEO &#038; FRIENDS Burton Morris Coffret Cadeau 3 bouteilles Huile et vinaigre"}]},{"@type":"WebSite","@id":"https:\/\/dev6.erresse-shop.it\/#website","url":"https:\/\/dev6.erresse-shop.it\/","name":"Erresse Shop","description":"","publisher":{"@id":"https:\/\/dev6.erresse-shop.it\/#organization"},"potentialAction":[{"@type":"SearchAction","target":{"@type":"EntryPoint","urlTemplate":"https:\/\/dev6.erresse-shop.it\/?s={search_term_string}"},"query-input":{"@type":"PropertyValueSpecification","valueRequired":true,"valueName":"search_term_string"}}],"inLanguage":"fr-FR"},{"@type":"Organization","@id":"https:\/\/dev6.erresse-shop.it\/#organization","name":"Erresse Shop","url":"https:\/\/dev6.erresse-shop.it\/","logo":{"@type":"ImageObject","inLanguage":"fr-FR","@id":"https:\/\/dev6.erresse-shop.it\/#\/schema\/logo\/image\/","url":"https:\/\/dev6.erresse-shop.it\/wp-content\/uploads\/2025\/01\/LOGO-ERRESSE-CLASSICO.svg","contentUrl":"https:\/\/dev6.erresse-shop.it\/wp-content\/uploads\/2025\/01\/LOGO-ERRESSE-CLASSICO.svg","caption":"Erresse Shop"},"image":{"@id":"https:\/\/dev6.erresse-shop.it\/#\/schema\/logo\/image\/"}}]}},"df_price":64,"df_sale_price":64,"df_regular_price":92,"df_image_link":"https:\/\/i0.wp.com\/interpim.erresse-shop.it\/Import\/Prodotti\/galateo-friends-burton-morris-confezione-regalo-3-bottiglie.jpg?resize=300,300&ssl=1","fifu_image_url":"https:\/\/interpim.erresse-shop.it\/Import\/Prodotti\/galateo-friends-burton-morris-confezione-regalo-3-bottiglie.jpg","_links":{"self":[{"href":"https:\/\/dev6.erresse-shop.it\/fr\/wp-json\/wp\/v2\/product\/65508","targetHints":{"allow":["GET"]}}],"collection":[{"href":"https:\/\/dev6.erresse-shop.it\/fr\/wp-json\/wp\/v2\/product"}],"about":[{"href":"https:\/\/dev6.erresse-shop.it\/fr\/wp-json\/wp\/v2\/types\/product"}],"wp:featuredmedia":[{"embeddable":true,"href":"https:\/\/dev6.erresse-shop.it\/fr\/wp-json\/wp\/v2\/media\/6292803"}],"wp:attachment":[{"href":"https:\/\/dev6.erresse-shop.it\/fr\/wp-json\/wp\/v2\/media?parent=65508"}],"wp:term":[{"taxonomy":"product_cat","embeddable":true,"href":"https:\/\/dev6.erresse-shop.it\/fr\/wp-json\/wp\/v2\/product_cat?post=65508"},{"taxonomy":"product_tag","embeddable":true,"href":"https:\/\/dev6.erresse-shop.it\/fr\/wp-json\/wp\/v2\/product_tag?post=65508"}],"curies":[{"name":"wp","href":"https:\/\/api.w.org\/{rel}","templated":true}]}}