{"id":65506,"date":"2026-04-04T13:05:19","date_gmt":"2026-04-04T11:05:19","guid":{"rendered":"https:\/\/dev6.erresse-shop.it\/shop\/non%20class\u00e9\/galateo-friends-antonio-marras-coffret-cadeau-2-bouteilles-huile-et-vinaigre\/"},"modified":"2025-09-14T06:36:08","modified_gmt":"2025-09-14T04:36:08","slug":"galateo-friends-antonio-marras-coffret-cadeau-2-bouteilles-huile-et-vinaigre","status":"publish","type":"product","link":"https:\/\/dev6.erresse-shop.it\/fr\/shop\/table-fr-2\/huile-vinaigre-sel\/galateo-friends-antonio-marras-coffret-cadeau-2-bouteilles-huile-et-vinaigre\/","title":{"rendered":"GALATEO &#038; FRIENDS Antonio Marras Coffret Cadeau 2 bouteilles Huile et vinaigre"},"content":{"rendered":"<p>D\u00e9couvrez le go\u00fbt authentique et raffin\u00e9 de la tradition gastronomique italienne avec le Coffret Cadeau Antonio Marras, un coffret exclusif qui combine deux d\u00e9lices de notre cuisine\u00a0: l\u2019Huile d\u2019olive extra vierge\u00a0et Vinaigre Balsamique. Un cadeau parfait pour les amateurs de bonne ch\u00e8re, ou pour enrichir votre garde-manger avec des ingr\u00e9dients de la plus haute qualit\u00e9.<\/p>\n<p>D\u00e9finir le contenu\u00a0:<\/p>\n<p>Huile d\u2019olive extra vierge Taggiasca Cultivar ANTONIO MARRAS (250 ml) : Sa fra\u00eecheur et son arri\u00e8re-go\u00fbt l\u00e9g\u00e8rement \u00e9pic\u00e9 la rendent id\u00e9ale pour assaisonner les salades, les plats de poisson, les l\u00e9gumes grill\u00e9s et pour enrichir toute pr\u00e9paration culinaire.<br \/>\nVinaigre Balsamique de Mod\u00e8ne ANTONIO MARRAS (250 ml)\u00a0: Un vinaigre traditionnel \u00e0 l\u2019ar\u00f4me intense et \u00e0 la saveur \u00e9quilibr\u00e9e, qui offre une note douce et acide parfaite pour rehausser les salades, les viandes, les fromages affin\u00e9s et plats gastronomiques. Excellent \u00e9galement pour pr\u00e9parer des marinades ou des sauces raffin\u00e9es.<\/p>\n<p>Caract\u00e9ristiques\u00a0:<\/p>\n<p>Ingr\u00e9dients de la plus haute qualit\u00e9, issus de cultures s\u00e9lectionn\u00e9es et de processus artisanaux.<br \/>\nParfait pour ceux qui recherchent l\u2019excellence de la tradition gastronomique italienne.<\/p>\n","protected":false},"excerpt":{"rendered":"<p>D\u00e9couvrez le go\u00fbt authentique et raffin\u00e9 de la tradition gastronomique italienne avec le Coffret Cadeau Antonio Marras, un coffret exclusif qui combine deux d\u00e9lices de notre cuisine\u00a0: l\u2019Huile d\u2019olive extra vierge\u00a0et Vinaigre Balsamique. Un cadeau parfait pour les amateurs de bonne ch\u00e8re, ou pour enrichir votre garde-manger avec des ingr\u00e9dients de la plus haute qualit\u00e9. [&hellip;]<\/p>\n","protected":false},"featured_media":6292802,"template":"","meta":{"_acf_changed":false},"product_cat":[12049,12044,11995],"product_tag":[],"class_list":{"0":"post-65506","1":"product","2":"type-product","3":"status-publish","4":"has-post-thumbnail","6":"product_cat-food-fr","7":"product_cat-huile-vinaigre-sel","8":"product_cat-table-fr-2","10":"first","11":"instock","12":"sale","13":"taxable","14":"shipping-taxable","15":"purchasable","16":"product-type-simple","swatches":"rey-swatches","show_selected":"","stretch_labels":"rey-swatches--stretch-labels"},"acf":[],"yoast_head":"<!-- This site is optimized with the Yoast SEO plugin v25.4 - https:\/\/yoast.com\/wordpress\/plugins\/seo\/ -->\n<title>GALATEO &#038; FRIENDS Antonio Marras Coffret Cadeau 2 bouteilles Huile et vinaigre - dev6 Erresse<\/title>\n<meta name=\"description\" content=\"D\u00e9couvrez le go\u00fbt authentique et raffin\u00e9 de la tradition gastronomique italienne avec le Coffret Cadeau Antonio Marras, un coffret exclusif qui combine\" \/>\n<meta name=\"robots\" content=\"noindex, follow, max-snippet:-1, max-image-preview:large, max-video-preview:-1\" \/>\n<meta property=\"og:locale\" content=\"fr_FR\" \/>\n<meta property=\"og:type\" content=\"article\" \/>\n<meta property=\"og:title\" content=\"GALATEO &#038; FRIENDS Antonio Marras Coffret Cadeau 2 bouteilles Huile et vinaigre - dev6 Erresse\" \/>\n<meta property=\"og:description\" content=\"D\u00e9couvrez le go\u00fbt authentique et raffin\u00e9 de la tradition gastronomique italienne avec le Coffret Cadeau Antonio Marras, un coffret exclusif qui combine\" \/>\n<meta property=\"og:url\" content=\"https:\/\/dev6.erresse-shop.it\/fr\/shop\/table-fr-2\/huile-vinaigre-sel\/galateo-friends-antonio-marras-coffret-cadeau-2-bouteilles-huile-et-vinaigre\/\" \/>\n<meta property=\"og:site_name\" content=\"dev6 Erresse\" \/>\n<meta property=\"og:image\" content=\"https:\/\/interpim.erresse-shop.it\/Import\/Prodotti\/galateo-friends-antonio-marras-confezione-regalo.jpg\" \/><meta property=\"og:image\" content=\"https:\/\/interpim.erresse-shop.it\/Import\/Prodotti\/galateo-friends-antonio-marras-confezione-regalo.jpg\" \/>\n\t<meta property=\"og:image:width\" content=\"1024\" \/>\n\t<meta property=\"og:image:height\" content=\"1024\" \/>\n\t<meta property=\"og:image:type\" content=\"image\/jpeg\" \/>\n<meta name=\"twitter:card\" content=\"summary_large_image\" \/>\n<meta name=\"twitter:image\" content=\"https:\/\/interpim.erresse-shop.it\/Import\/Prodotti\/galateo-friends-antonio-marras-confezione-regalo.jpg\" \/>\n<script type=\"application\/ld+json\" class=\"yoast-schema-graph\">{\"@context\":\"https:\/\/schema.org\",\"@graph\":[{\"@type\":\"WebPage\",\"@id\":\"https:\/\/dev6.erresse-shop.it\/fr\/shop\/table-fr-2\/huile-vinaigre-sel\/galateo-friends-antonio-marras-coffret-cadeau-2-bouteilles-huile-et-vinaigre\/\",\"url\":\"https:\/\/dev6.erresse-shop.it\/fr\/shop\/table-fr-2\/huile-vinaigre-sel\/galateo-friends-antonio-marras-coffret-cadeau-2-bouteilles-huile-et-vinaigre\/\",\"name\":\"GALATEO &#038; FRIENDS Antonio Marras Coffret Cadeau 2 bouteilles Huile et vinaigre - dev6 Erresse\",\"isPartOf\":{\"@id\":\"https:\/\/dev6.erresse-shop.it\/#website\"},\"primaryImageOfPage\":{\"@id\":\"https:\/\/dev6.erresse-shop.it\/fr\/shop\/table-fr-2\/huile-vinaigre-sel\/galateo-friends-antonio-marras-coffret-cadeau-2-bouteilles-huile-et-vinaigre\/#primaryimage\"},\"image\":{\"@id\":\"https:\/\/dev6.erresse-shop.it\/fr\/shop\/table-fr-2\/huile-vinaigre-sel\/galateo-friends-antonio-marras-coffret-cadeau-2-bouteilles-huile-et-vinaigre\/#primaryimage\"},\"thumbnailUrl\":\"https:\/\/i3.wp.com\/interpim.erresse-shop.it\/Import\/Prodotti\/galateo-friends-antonio-marras-confezione-regalo.jpg?ssl=1\",\"datePublished\":\"2026-04-04T11:05:19+00:00\",\"description\":\"D\u00e9couvrez le go\u00fbt authentique et raffin\u00e9 de la tradition gastronomique italienne avec le Coffret Cadeau Antonio Marras, un coffret exclusif qui combine\",\"breadcrumb\":{\"@id\":\"https:\/\/dev6.erresse-shop.it\/fr\/shop\/table-fr-2\/huile-vinaigre-sel\/galateo-friends-antonio-marras-coffret-cadeau-2-bouteilles-huile-et-vinaigre\/#breadcrumb\"},\"inLanguage\":\"fr-FR\",\"potentialAction\":[{\"@type\":\"ReadAction\",\"target\":[\"https:\/\/dev6.erresse-shop.it\/fr\/shop\/table-fr-2\/huile-vinaigre-sel\/galateo-friends-antonio-marras-coffret-cadeau-2-bouteilles-huile-et-vinaigre\/\"]}]},{\"@type\":\"ImageObject\",\"inLanguage\":\"fr-FR\",\"@id\":\"https:\/\/dev6.erresse-shop.it\/fr\/shop\/table-fr-2\/huile-vinaigre-sel\/galateo-friends-antonio-marras-coffret-cadeau-2-bouteilles-huile-et-vinaigre\/#primaryimage\",\"url\":\"https:\/\/i3.wp.com\/interpim.erresse-shop.it\/Import\/Prodotti\/galateo-friends-antonio-marras-confezione-regalo.jpg?ssl=1\",\"contentUrl\":\"https:\/\/i3.wp.com\/interpim.erresse-shop.it\/Import\/Prodotti\/galateo-friends-antonio-marras-confezione-regalo.jpg?ssl=1\"},{\"@type\":\"BreadcrumbList\",\"@id\":\"https:\/\/dev6.erresse-shop.it\/fr\/shop\/table-fr-2\/huile-vinaigre-sel\/galateo-friends-antonio-marras-coffret-cadeau-2-bouteilles-huile-et-vinaigre\/#breadcrumb\",\"itemListElement\":[{\"@type\":\"ListItem\",\"position\":1,\"name\":\"Home\",\"item\":\"https:\/\/dev6.erresse-shop.it\/\"},{\"@type\":\"ListItem\",\"position\":2,\"name\":\"Boutique\",\"item\":\"https:\/\/dev6.erresse-shop.it\/shop\/\"},{\"@type\":\"ListItem\",\"position\":3,\"name\":\"GALATEO &#038; FRIENDS Antonio Marras Coffret Cadeau 2 bouteilles Huile et vinaigre\"}]},{\"@type\":\"WebSite\",\"@id\":\"https:\/\/dev6.erresse-shop.it\/#website\",\"url\":\"https:\/\/dev6.erresse-shop.it\/\",\"name\":\"Erresse Shop\",\"description\":\"\",\"publisher\":{\"@id\":\"https:\/\/dev6.erresse-shop.it\/#organization\"},\"potentialAction\":[{\"@type\":\"SearchAction\",\"target\":{\"@type\":\"EntryPoint\",\"urlTemplate\":\"https:\/\/dev6.erresse-shop.it\/?s={search_term_string}\"},\"query-input\":{\"@type\":\"PropertyValueSpecification\",\"valueRequired\":true,\"valueName\":\"search_term_string\"}}],\"inLanguage\":\"fr-FR\"},{\"@type\":\"Organization\",\"@id\":\"https:\/\/dev6.erresse-shop.it\/#organization\",\"name\":\"Erresse Shop\",\"url\":\"https:\/\/dev6.erresse-shop.it\/\",\"logo\":{\"@type\":\"ImageObject\",\"inLanguage\":\"fr-FR\",\"@id\":\"https:\/\/dev6.erresse-shop.it\/#\/schema\/logo\/image\/\",\"url\":\"https:\/\/dev6.erresse-shop.it\/wp-content\/uploads\/2025\/01\/LOGO-ERRESSE-CLASSICO.svg\",\"contentUrl\":\"https:\/\/dev6.erresse-shop.it\/wp-content\/uploads\/2025\/01\/LOGO-ERRESSE-CLASSICO.svg\",\"caption\":\"Erresse Shop\"},\"image\":{\"@id\":\"https:\/\/dev6.erresse-shop.it\/#\/schema\/logo\/image\/\"}}]}<\/script>\n<!-- \/ Yoast SEO plugin. -->","yoast_head_json":{"title":"GALATEO &#038; FRIENDS Antonio Marras Coffret Cadeau 2 bouteilles Huile et vinaigre - dev6 Erresse","description":"D\u00e9couvrez le go\u00fbt authentique et raffin\u00e9 de la tradition gastronomique italienne avec le Coffret Cadeau Antonio Marras, un coffret exclusif qui combine","robots":{"index":"noindex","follow":"follow","max-snippet":"max-snippet:-1","max-image-preview":"max-image-preview:large","max-video-preview":"max-video-preview:-1"},"og_locale":"fr_FR","og_type":"article","og_title":"GALATEO &#038; FRIENDS Antonio Marras Coffret Cadeau 2 bouteilles Huile et vinaigre - dev6 Erresse","og_description":"D\u00e9couvrez le go\u00fbt authentique et raffin\u00e9 de la tradition gastronomique italienne avec le Coffret Cadeau Antonio Marras, un coffret exclusif qui combine","og_url":"https:\/\/dev6.erresse-shop.it\/fr\/shop\/table-fr-2\/huile-vinaigre-sel\/galateo-friends-antonio-marras-coffret-cadeau-2-bouteilles-huile-et-vinaigre\/","og_site_name":"dev6 Erresse","og_image":[{"url":"https:\/\/interpim.erresse-shop.it\/Import\/Prodotti\/galateo-friends-antonio-marras-confezione-regalo.jpg","type":"","width":"","height":""},{"url":"https:\/\/interpim.erresse-shop.it\/Import\/Prodotti\/galateo-friends-antonio-marras-confezione-regalo.jpg","width":1024,"height":1024,"type":"image\/jpeg"}],"twitter_card":"summary_large_image","twitter_image":"https:\/\/interpim.erresse-shop.it\/Import\/Prodotti\/galateo-friends-antonio-marras-confezione-regalo.jpg","schema":{"@context":"https:\/\/schema.org","@graph":[{"@type":"WebPage","@id":"https:\/\/dev6.erresse-shop.it\/fr\/shop\/table-fr-2\/huile-vinaigre-sel\/galateo-friends-antonio-marras-coffret-cadeau-2-bouteilles-huile-et-vinaigre\/","url":"https:\/\/dev6.erresse-shop.it\/fr\/shop\/table-fr-2\/huile-vinaigre-sel\/galateo-friends-antonio-marras-coffret-cadeau-2-bouteilles-huile-et-vinaigre\/","name":"GALATEO &#038; FRIENDS Antonio Marras Coffret Cadeau 2 bouteilles Huile et vinaigre - dev6 Erresse","isPartOf":{"@id":"https:\/\/dev6.erresse-shop.it\/#website"},"primaryImageOfPage":{"@id":"https:\/\/dev6.erresse-shop.it\/fr\/shop\/table-fr-2\/huile-vinaigre-sel\/galateo-friends-antonio-marras-coffret-cadeau-2-bouteilles-huile-et-vinaigre\/#primaryimage"},"image":{"@id":"https:\/\/dev6.erresse-shop.it\/fr\/shop\/table-fr-2\/huile-vinaigre-sel\/galateo-friends-antonio-marras-coffret-cadeau-2-bouteilles-huile-et-vinaigre\/#primaryimage"},"thumbnailUrl":"https:\/\/i3.wp.com\/interpim.erresse-shop.it\/Import\/Prodotti\/galateo-friends-antonio-marras-confezione-regalo.jpg?ssl=1","datePublished":"2026-04-04T11:05:19+00:00","description":"D\u00e9couvrez le go\u00fbt authentique et raffin\u00e9 de la tradition gastronomique italienne avec le Coffret Cadeau Antonio Marras, un coffret exclusif qui combine","breadcrumb":{"@id":"https:\/\/dev6.erresse-shop.it\/fr\/shop\/table-fr-2\/huile-vinaigre-sel\/galateo-friends-antonio-marras-coffret-cadeau-2-bouteilles-huile-et-vinaigre\/#breadcrumb"},"inLanguage":"fr-FR","potentialAction":[{"@type":"ReadAction","target":["https:\/\/dev6.erresse-shop.it\/fr\/shop\/table-fr-2\/huile-vinaigre-sel\/galateo-friends-antonio-marras-coffret-cadeau-2-bouteilles-huile-et-vinaigre\/"]}]},{"@type":"ImageObject","inLanguage":"fr-FR","@id":"https:\/\/dev6.erresse-shop.it\/fr\/shop\/table-fr-2\/huile-vinaigre-sel\/galateo-friends-antonio-marras-coffret-cadeau-2-bouteilles-huile-et-vinaigre\/#primaryimage","url":"https:\/\/i3.wp.com\/interpim.erresse-shop.it\/Import\/Prodotti\/galateo-friends-antonio-marras-confezione-regalo.jpg?ssl=1","contentUrl":"https:\/\/i3.wp.com\/interpim.erresse-shop.it\/Import\/Prodotti\/galateo-friends-antonio-marras-confezione-regalo.jpg?ssl=1"},{"@type":"BreadcrumbList","@id":"https:\/\/dev6.erresse-shop.it\/fr\/shop\/table-fr-2\/huile-vinaigre-sel\/galateo-friends-antonio-marras-coffret-cadeau-2-bouteilles-huile-et-vinaigre\/#breadcrumb","itemListElement":[{"@type":"ListItem","position":1,"name":"Home","item":"https:\/\/dev6.erresse-shop.it\/"},{"@type":"ListItem","position":2,"name":"Boutique","item":"https:\/\/dev6.erresse-shop.it\/shop\/"},{"@type":"ListItem","position":3,"name":"GALATEO &#038; FRIENDS Antonio Marras Coffret Cadeau 2 bouteilles Huile et vinaigre"}]},{"@type":"WebSite","@id":"https:\/\/dev6.erresse-shop.it\/#website","url":"https:\/\/dev6.erresse-shop.it\/","name":"Erresse Shop","description":"","publisher":{"@id":"https:\/\/dev6.erresse-shop.it\/#organization"},"potentialAction":[{"@type":"SearchAction","target":{"@type":"EntryPoint","urlTemplate":"https:\/\/dev6.erresse-shop.it\/?s={search_term_string}"},"query-input":{"@type":"PropertyValueSpecification","valueRequired":true,"valueName":"search_term_string"}}],"inLanguage":"fr-FR"},{"@type":"Organization","@id":"https:\/\/dev6.erresse-shop.it\/#organization","name":"Erresse Shop","url":"https:\/\/dev6.erresse-shop.it\/","logo":{"@type":"ImageObject","inLanguage":"fr-FR","@id":"https:\/\/dev6.erresse-shop.it\/#\/schema\/logo\/image\/","url":"https:\/\/dev6.erresse-shop.it\/wp-content\/uploads\/2025\/01\/LOGO-ERRESSE-CLASSICO.svg","contentUrl":"https:\/\/dev6.erresse-shop.it\/wp-content\/uploads\/2025\/01\/LOGO-ERRESSE-CLASSICO.svg","caption":"Erresse Shop"},"image":{"@id":"https:\/\/dev6.erresse-shop.it\/#\/schema\/logo\/image\/"}}]}},"df_price":59,"df_sale_price":59,"df_regular_price":75,"df_image_link":"https:\/\/i3.wp.com\/interpim.erresse-shop.it\/Import\/Prodotti\/galateo-friends-antonio-marras-confezione-regalo.jpg?resize=300,300&ssl=1","fifu_image_url":"https:\/\/interpim.erresse-shop.it\/Import\/Prodotti\/galateo-friends-antonio-marras-confezione-regalo.jpg","_links":{"self":[{"href":"https:\/\/dev6.erresse-shop.it\/fr\/wp-json\/wp\/v2\/product\/65506","targetHints":{"allow":["GET"]}}],"collection":[{"href":"https:\/\/dev6.erresse-shop.it\/fr\/wp-json\/wp\/v2\/product"}],"about":[{"href":"https:\/\/dev6.erresse-shop.it\/fr\/wp-json\/wp\/v2\/types\/product"}],"wp:featuredmedia":[{"embeddable":true,"href":"https:\/\/dev6.erresse-shop.it\/fr\/wp-json\/wp\/v2\/media\/6292802"}],"wp:attachment":[{"href":"https:\/\/dev6.erresse-shop.it\/fr\/wp-json\/wp\/v2\/media?parent=65506"}],"wp:term":[{"taxonomy":"product_cat","embeddable":true,"href":"https:\/\/dev6.erresse-shop.it\/fr\/wp-json\/wp\/v2\/product_cat?post=65506"},{"taxonomy":"product_tag","embeddable":true,"href":"https:\/\/dev6.erresse-shop.it\/fr\/wp-json\/wp\/v2\/product_tag?post=65506"}],"curies":[{"name":"wp","href":"https:\/\/api.w.org\/{rel}","templated":true}]}}