{"id":65502,"date":"2026-04-04T13:05:19","date_gmt":"2026-04-04T11:05:19","guid":{"rendered":"https:\/\/dev6.erresse-shop.it\/shop\/non%20class\u00e9\/galateo-friends-carlo-volpi-coffret-cadeau-3-bouteilles-huile-et-vinaigre\/"},"modified":"2025-09-14T06:35:59","modified_gmt":"2025-09-14T04:35:59","slug":"galateo-friends-carlo-volpi-coffret-cadeau-3-bouteilles-huile-et-vinaigre","status":"publish","type":"product","link":"https:\/\/dev6.erresse-shop.it\/fr\/shop\/table-fr-2\/huile-vinaigre-sel\/galateo-friends-carlo-volpi-coffret-cadeau-3-bouteilles-huile-et-vinaigre\/","title":{"rendered":"GALATEO &#038; FRIENDS Carlo Volpi Coffret Cadeau 3 bouteilles Huile et vinaigre"},"content":{"rendered":"<p>Sublimez vos plats avec le meilleur de la tradition gastronomique italienne gr\u00e2ce au Coffret Cadeau Carlo Volpi, un coffret exclusif qui comprend trois condiments raffin\u00e9s pour enrichir votre cuisine de saveurs authentiques et raffin\u00e9es. Id\u00e9al pour ceux qui aiment cuisiner avec des ingr\u00e9dients de qualit\u00e9 sup\u00e9rieure, ce paquet constitue \u00e9galement un cadeau parfait pour toute occasion sp\u00e9ciale.<\/p>\n<p>D\u00e9finir le contenu\u00a0:<\/p>\n<p>Huile d\u2019olive extra vierge CARLO VOLPI Taggiasca Cultivar (250 ml)\u00a0: Au go\u00fbt fruit\u00e9 et d\u00e9licat, avec un l\u00e9ger arri\u00e8re-go\u00fbt amer et \u00e9pic\u00e9, cette huile est parfaite pour les salades, les plats de poisson, la bruschetta et comme condiment pour les l\u00e9gumes grill\u00e9s.<br \/>\nVinaigre de vin CARLO VOLPI (250 ml)\u00a0: Un vinaigre au go\u00fbt fort et \u00e9quilibr\u00e9, parfait pour donner un coup de fouet suppl\u00e9mentaire aux plats \u00e0 base de viande, de poisson ou de salade. Sa fra\u00eecheur le rend \u00e9galement id\u00e9al pour pr\u00e9parer des sauces, vinaigrettes ou marinades qui donneront du caract\u00e8re et de la profondeur \u00e0 vos plats.<br \/>\nVinaigre de vin CARLO VOLPI (250 ml)\u00a0: Un autre vinaigre de vin extraordinaire, \u00e9galement au go\u00fbt frais et robuste. Sa polyvalence en fait un ingr\u00e9dient parfait pour de nombreuses pr\u00e9parations, de l\u2019assaisonnement des plats froids \u00e0 la cr\u00e9ation de sauces pour les seconds plats, sans oublier son utilisation dans les marinades.<\/p>\n<p>Caract\u00e9ristiques\u00a0:<\/p>\n<p>Une s\u00e9lection raffin\u00e9e d\u2019huiles et de vinaigres, id\u00e9ale pour tout amateur de cuisine en qu\u00eate de qualit\u00e9 et d\u2019authenticit\u00e9.<br \/>\nEmballage \u00e9l\u00e9gant et pratique, parfait comme cadeau ou pour enrichir votre garde-manger.<br \/>\nProduit par l\u2019une des marques les plus appr\u00e9ci\u00e9es de la tradition gastronomique italienne.<\/p>\n<p>Choisissez le Coffret Cadeau Carlo Volpi pour ajouter une touche de classe \u00e0 votre cuisine, avec des ingr\u00e9dients authentiques qui font la diff\u00e9rence dans chaque plat. Un cadeau sp\u00e9cial ou un luxe au quotidien pour ceux qui appr\u00e9cient le meilleur.<\/p>\n","protected":false},"excerpt":{"rendered":"<p>Sublimez vos plats avec le meilleur de la tradition gastronomique italienne gr\u00e2ce au Coffret Cadeau Carlo Volpi, un coffret exclusif qui comprend trois condiments raffin\u00e9s pour enrichir votre cuisine de saveurs authentiques et raffin\u00e9es. Id\u00e9al pour ceux qui aiment cuisiner avec des ingr\u00e9dients de qualit\u00e9 sup\u00e9rieure, ce paquet constitue \u00e9galement un cadeau parfait pour toute [&hellip;]<\/p>\n","protected":false},"featured_media":6292800,"template":"","meta":{"_acf_changed":false},"product_cat":[12049,12044,11995],"product_tag":[],"class_list":{"0":"post-65502","1":"product","2":"type-product","3":"status-publish","4":"has-post-thumbnail","6":"product_cat-food-fr","7":"product_cat-huile-vinaigre-sel","8":"product_cat-table-fr-2","10":"first","11":"instock","12":"sale","13":"taxable","14":"shipping-taxable","15":"purchasable","16":"product-type-simple","swatches":"rey-swatches","show_selected":"","stretch_labels":"rey-swatches--stretch-labels"},"acf":[],"yoast_head":"<!-- This site is optimized with the Yoast SEO plugin v25.4 - https:\/\/yoast.com\/wordpress\/plugins\/seo\/ -->\n<title>GALATEO &#038; FRIENDS Carlo Volpi Coffret Cadeau 3 bouteilles Huile et vinaigre - dev6 Erresse<\/title>\n<meta name=\"description\" content=\"Sublimez vos plats avec le meilleur de la tradition gastronomique italienne gr\u00e2ce au Coffret Cadeau Carlo Volpi, un coffret exclusif qui comprend trois\" \/>\n<meta name=\"robots\" content=\"noindex, follow, max-snippet:-1, max-image-preview:large, max-video-preview:-1\" \/>\n<meta property=\"og:locale\" content=\"fr_FR\" \/>\n<meta property=\"og:type\" content=\"article\" \/>\n<meta property=\"og:title\" content=\"GALATEO &#038; FRIENDS Carlo Volpi Coffret Cadeau 3 bouteilles Huile et vinaigre - dev6 Erresse\" \/>\n<meta property=\"og:description\" content=\"Sublimez vos plats avec le meilleur de la tradition gastronomique italienne gr\u00e2ce au Coffret Cadeau Carlo Volpi, un coffret exclusif qui comprend trois\" \/>\n<meta property=\"og:url\" content=\"https:\/\/dev6.erresse-shop.it\/fr\/shop\/table-fr-2\/huile-vinaigre-sel\/galateo-friends-carlo-volpi-coffret-cadeau-3-bouteilles-huile-et-vinaigre\/\" \/>\n<meta property=\"og:site_name\" content=\"dev6 Erresse\" \/>\n<meta property=\"og:image\" content=\"https:\/\/interpim.erresse-shop.it\/Import\/Prodotti\/galateo-friends-carlo-volpi-confezione-regalo-3-bottiglie.jpg\" \/><meta property=\"og:image\" content=\"https:\/\/interpim.erresse-shop.it\/Import\/Prodotti\/galateo-friends-carlo-volpi-confezione-regalo-3-bottiglie.jpg\" \/>\n\t<meta property=\"og:image:width\" content=\"1024\" \/>\n\t<meta property=\"og:image:height\" content=\"1024\" \/>\n\t<meta property=\"og:image:type\" content=\"image\/jpeg\" \/>\n<meta name=\"twitter:card\" content=\"summary_large_image\" \/>\n<meta name=\"twitter:image\" content=\"https:\/\/interpim.erresse-shop.it\/Import\/Prodotti\/galateo-friends-carlo-volpi-confezione-regalo-3-bottiglie.jpg\" \/>\n<script type=\"application\/ld+json\" class=\"yoast-schema-graph\">{\"@context\":\"https:\/\/schema.org\",\"@graph\":[{\"@type\":\"WebPage\",\"@id\":\"https:\/\/dev6.erresse-shop.it\/fr\/shop\/table-fr-2\/huile-vinaigre-sel\/galateo-friends-carlo-volpi-coffret-cadeau-3-bouteilles-huile-et-vinaigre\/\",\"url\":\"https:\/\/dev6.erresse-shop.it\/fr\/shop\/table-fr-2\/huile-vinaigre-sel\/galateo-friends-carlo-volpi-coffret-cadeau-3-bouteilles-huile-et-vinaigre\/\",\"name\":\"GALATEO &#038; FRIENDS Carlo Volpi Coffret Cadeau 3 bouteilles Huile et vinaigre - dev6 Erresse\",\"isPartOf\":{\"@id\":\"https:\/\/dev6.erresse-shop.it\/#website\"},\"primaryImageOfPage\":{\"@id\":\"https:\/\/dev6.erresse-shop.it\/fr\/shop\/table-fr-2\/huile-vinaigre-sel\/galateo-friends-carlo-volpi-coffret-cadeau-3-bouteilles-huile-et-vinaigre\/#primaryimage\"},\"image\":{\"@id\":\"https:\/\/dev6.erresse-shop.it\/fr\/shop\/table-fr-2\/huile-vinaigre-sel\/galateo-friends-carlo-volpi-coffret-cadeau-3-bouteilles-huile-et-vinaigre\/#primaryimage\"},\"thumbnailUrl\":\"https:\/\/i2.wp.com\/interpim.erresse-shop.it\/Import\/Prodotti\/galateo-friends-carlo-volpi-confezione-regalo-3-bottiglie.jpg?ssl=1\",\"datePublished\":\"2026-04-04T11:05:19+00:00\",\"description\":\"Sublimez vos plats avec le meilleur de la tradition gastronomique italienne gr\u00e2ce au Coffret Cadeau Carlo Volpi, un coffret exclusif qui comprend trois\",\"breadcrumb\":{\"@id\":\"https:\/\/dev6.erresse-shop.it\/fr\/shop\/table-fr-2\/huile-vinaigre-sel\/galateo-friends-carlo-volpi-coffret-cadeau-3-bouteilles-huile-et-vinaigre\/#breadcrumb\"},\"inLanguage\":\"fr-FR\",\"potentialAction\":[{\"@type\":\"ReadAction\",\"target\":[\"https:\/\/dev6.erresse-shop.it\/fr\/shop\/table-fr-2\/huile-vinaigre-sel\/galateo-friends-carlo-volpi-coffret-cadeau-3-bouteilles-huile-et-vinaigre\/\"]}]},{\"@type\":\"ImageObject\",\"inLanguage\":\"fr-FR\",\"@id\":\"https:\/\/dev6.erresse-shop.it\/fr\/shop\/table-fr-2\/huile-vinaigre-sel\/galateo-friends-carlo-volpi-coffret-cadeau-3-bouteilles-huile-et-vinaigre\/#primaryimage\",\"url\":\"https:\/\/i2.wp.com\/interpim.erresse-shop.it\/Import\/Prodotti\/galateo-friends-carlo-volpi-confezione-regalo-3-bottiglie.jpg?ssl=1\",\"contentUrl\":\"https:\/\/i2.wp.com\/interpim.erresse-shop.it\/Import\/Prodotti\/galateo-friends-carlo-volpi-confezione-regalo-3-bottiglie.jpg?ssl=1\"},{\"@type\":\"BreadcrumbList\",\"@id\":\"https:\/\/dev6.erresse-shop.it\/fr\/shop\/table-fr-2\/huile-vinaigre-sel\/galateo-friends-carlo-volpi-coffret-cadeau-3-bouteilles-huile-et-vinaigre\/#breadcrumb\",\"itemListElement\":[{\"@type\":\"ListItem\",\"position\":1,\"name\":\"Home\",\"item\":\"https:\/\/dev6.erresse-shop.it\/\"},{\"@type\":\"ListItem\",\"position\":2,\"name\":\"Boutique\",\"item\":\"https:\/\/dev6.erresse-shop.it\/shop\/\"},{\"@type\":\"ListItem\",\"position\":3,\"name\":\"GALATEO &#038; FRIENDS Carlo Volpi Coffret Cadeau 3 bouteilles Huile et vinaigre\"}]},{\"@type\":\"WebSite\",\"@id\":\"https:\/\/dev6.erresse-shop.it\/#website\",\"url\":\"https:\/\/dev6.erresse-shop.it\/\",\"name\":\"Erresse Shop\",\"description\":\"\",\"publisher\":{\"@id\":\"https:\/\/dev6.erresse-shop.it\/#organization\"},\"potentialAction\":[{\"@type\":\"SearchAction\",\"target\":{\"@type\":\"EntryPoint\",\"urlTemplate\":\"https:\/\/dev6.erresse-shop.it\/?s={search_term_string}\"},\"query-input\":{\"@type\":\"PropertyValueSpecification\",\"valueRequired\":true,\"valueName\":\"search_term_string\"}}],\"inLanguage\":\"fr-FR\"},{\"@type\":\"Organization\",\"@id\":\"https:\/\/dev6.erresse-shop.it\/#organization\",\"name\":\"Erresse Shop\",\"url\":\"https:\/\/dev6.erresse-shop.it\/\",\"logo\":{\"@type\":\"ImageObject\",\"inLanguage\":\"fr-FR\",\"@id\":\"https:\/\/dev6.erresse-shop.it\/#\/schema\/logo\/image\/\",\"url\":\"https:\/\/dev6.erresse-shop.it\/wp-content\/uploads\/2025\/01\/LOGO-ERRESSE-CLASSICO.svg\",\"contentUrl\":\"https:\/\/dev6.erresse-shop.it\/wp-content\/uploads\/2025\/01\/LOGO-ERRESSE-CLASSICO.svg\",\"caption\":\"Erresse Shop\"},\"image\":{\"@id\":\"https:\/\/dev6.erresse-shop.it\/#\/schema\/logo\/image\/\"}}]}<\/script>\n<!-- \/ Yoast SEO plugin. -->","yoast_head_json":{"title":"GALATEO &#038; FRIENDS Carlo Volpi Coffret Cadeau 3 bouteilles Huile et vinaigre - dev6 Erresse","description":"Sublimez vos plats avec le meilleur de la tradition gastronomique italienne gr\u00e2ce au Coffret Cadeau Carlo Volpi, un coffret exclusif qui comprend trois","robots":{"index":"noindex","follow":"follow","max-snippet":"max-snippet:-1","max-image-preview":"max-image-preview:large","max-video-preview":"max-video-preview:-1"},"og_locale":"fr_FR","og_type":"article","og_title":"GALATEO &#038; FRIENDS Carlo Volpi Coffret Cadeau 3 bouteilles Huile et vinaigre - dev6 Erresse","og_description":"Sublimez vos plats avec le meilleur de la tradition gastronomique italienne gr\u00e2ce au Coffret Cadeau Carlo Volpi, un coffret exclusif qui comprend trois","og_url":"https:\/\/dev6.erresse-shop.it\/fr\/shop\/table-fr-2\/huile-vinaigre-sel\/galateo-friends-carlo-volpi-coffret-cadeau-3-bouteilles-huile-et-vinaigre\/","og_site_name":"dev6 Erresse","og_image":[{"url":"https:\/\/interpim.erresse-shop.it\/Import\/Prodotti\/galateo-friends-carlo-volpi-confezione-regalo-3-bottiglie.jpg","type":"","width":"","height":""},{"url":"https:\/\/interpim.erresse-shop.it\/Import\/Prodotti\/galateo-friends-carlo-volpi-confezione-regalo-3-bottiglie.jpg","width":1024,"height":1024,"type":"image\/jpeg"}],"twitter_card":"summary_large_image","twitter_image":"https:\/\/interpim.erresse-shop.it\/Import\/Prodotti\/galateo-friends-carlo-volpi-confezione-regalo-3-bottiglie.jpg","schema":{"@context":"https:\/\/schema.org","@graph":[{"@type":"WebPage","@id":"https:\/\/dev6.erresse-shop.it\/fr\/shop\/table-fr-2\/huile-vinaigre-sel\/galateo-friends-carlo-volpi-coffret-cadeau-3-bouteilles-huile-et-vinaigre\/","url":"https:\/\/dev6.erresse-shop.it\/fr\/shop\/table-fr-2\/huile-vinaigre-sel\/galateo-friends-carlo-volpi-coffret-cadeau-3-bouteilles-huile-et-vinaigre\/","name":"GALATEO &#038; FRIENDS Carlo Volpi Coffret Cadeau 3 bouteilles Huile et vinaigre - dev6 Erresse","isPartOf":{"@id":"https:\/\/dev6.erresse-shop.it\/#website"},"primaryImageOfPage":{"@id":"https:\/\/dev6.erresse-shop.it\/fr\/shop\/table-fr-2\/huile-vinaigre-sel\/galateo-friends-carlo-volpi-coffret-cadeau-3-bouteilles-huile-et-vinaigre\/#primaryimage"},"image":{"@id":"https:\/\/dev6.erresse-shop.it\/fr\/shop\/table-fr-2\/huile-vinaigre-sel\/galateo-friends-carlo-volpi-coffret-cadeau-3-bouteilles-huile-et-vinaigre\/#primaryimage"},"thumbnailUrl":"https:\/\/i2.wp.com\/interpim.erresse-shop.it\/Import\/Prodotti\/galateo-friends-carlo-volpi-confezione-regalo-3-bottiglie.jpg?ssl=1","datePublished":"2026-04-04T11:05:19+00:00","description":"Sublimez vos plats avec le meilleur de la tradition gastronomique italienne gr\u00e2ce au Coffret Cadeau Carlo Volpi, un coffret exclusif qui comprend trois","breadcrumb":{"@id":"https:\/\/dev6.erresse-shop.it\/fr\/shop\/table-fr-2\/huile-vinaigre-sel\/galateo-friends-carlo-volpi-coffret-cadeau-3-bouteilles-huile-et-vinaigre\/#breadcrumb"},"inLanguage":"fr-FR","potentialAction":[{"@type":"ReadAction","target":["https:\/\/dev6.erresse-shop.it\/fr\/shop\/table-fr-2\/huile-vinaigre-sel\/galateo-friends-carlo-volpi-coffret-cadeau-3-bouteilles-huile-et-vinaigre\/"]}]},{"@type":"ImageObject","inLanguage":"fr-FR","@id":"https:\/\/dev6.erresse-shop.it\/fr\/shop\/table-fr-2\/huile-vinaigre-sel\/galateo-friends-carlo-volpi-coffret-cadeau-3-bouteilles-huile-et-vinaigre\/#primaryimage","url":"https:\/\/i2.wp.com\/interpim.erresse-shop.it\/Import\/Prodotti\/galateo-friends-carlo-volpi-confezione-regalo-3-bottiglie.jpg?ssl=1","contentUrl":"https:\/\/i2.wp.com\/interpim.erresse-shop.it\/Import\/Prodotti\/galateo-friends-carlo-volpi-confezione-regalo-3-bottiglie.jpg?ssl=1"},{"@type":"BreadcrumbList","@id":"https:\/\/dev6.erresse-shop.it\/fr\/shop\/table-fr-2\/huile-vinaigre-sel\/galateo-friends-carlo-volpi-coffret-cadeau-3-bouteilles-huile-et-vinaigre\/#breadcrumb","itemListElement":[{"@type":"ListItem","position":1,"name":"Home","item":"https:\/\/dev6.erresse-shop.it\/"},{"@type":"ListItem","position":2,"name":"Boutique","item":"https:\/\/dev6.erresse-shop.it\/shop\/"},{"@type":"ListItem","position":3,"name":"GALATEO &#038; FRIENDS Carlo Volpi Coffret Cadeau 3 bouteilles Huile et vinaigre"}]},{"@type":"WebSite","@id":"https:\/\/dev6.erresse-shop.it\/#website","url":"https:\/\/dev6.erresse-shop.it\/","name":"Erresse Shop","description":"","publisher":{"@id":"https:\/\/dev6.erresse-shop.it\/#organization"},"potentialAction":[{"@type":"SearchAction","target":{"@type":"EntryPoint","urlTemplate":"https:\/\/dev6.erresse-shop.it\/?s={search_term_string}"},"query-input":{"@type":"PropertyValueSpecification","valueRequired":true,"valueName":"search_term_string"}}],"inLanguage":"fr-FR"},{"@type":"Organization","@id":"https:\/\/dev6.erresse-shop.it\/#organization","name":"Erresse Shop","url":"https:\/\/dev6.erresse-shop.it\/","logo":{"@type":"ImageObject","inLanguage":"fr-FR","@id":"https:\/\/dev6.erresse-shop.it\/#\/schema\/logo\/image\/","url":"https:\/\/dev6.erresse-shop.it\/wp-content\/uploads\/2025\/01\/LOGO-ERRESSE-CLASSICO.svg","contentUrl":"https:\/\/dev6.erresse-shop.it\/wp-content\/uploads\/2025\/01\/LOGO-ERRESSE-CLASSICO.svg","caption":"Erresse Shop"},"image":{"@id":"https:\/\/dev6.erresse-shop.it\/#\/schema\/logo\/image\/"}}]}},"df_price":69,"df_sale_price":69,"df_regular_price":92,"df_image_link":"https:\/\/i2.wp.com\/interpim.erresse-shop.it\/Import\/Prodotti\/galateo-friends-carlo-volpi-confezione-regalo-3-bottiglie.jpg?resize=300,300&ssl=1","fifu_image_url":"https:\/\/interpim.erresse-shop.it\/Import\/Prodotti\/galateo-friends-carlo-volpi-confezione-regalo-3-bottiglie.jpg","_links":{"self":[{"href":"https:\/\/dev6.erresse-shop.it\/fr\/wp-json\/wp\/v2\/product\/65502","targetHints":{"allow":["GET"]}}],"collection":[{"href":"https:\/\/dev6.erresse-shop.it\/fr\/wp-json\/wp\/v2\/product"}],"about":[{"href":"https:\/\/dev6.erresse-shop.it\/fr\/wp-json\/wp\/v2\/types\/product"}],"wp:featuredmedia":[{"embeddable":true,"href":"https:\/\/dev6.erresse-shop.it\/fr\/wp-json\/wp\/v2\/media\/6292800"}],"wp:attachment":[{"href":"https:\/\/dev6.erresse-shop.it\/fr\/wp-json\/wp\/v2\/media?parent=65502"}],"wp:term":[{"taxonomy":"product_cat","embeddable":true,"href":"https:\/\/dev6.erresse-shop.it\/fr\/wp-json\/wp\/v2\/product_cat?post=65502"},{"taxonomy":"product_tag","embeddable":true,"href":"https:\/\/dev6.erresse-shop.it\/fr\/wp-json\/wp\/v2\/product_tag?post=65502"}],"curies":[{"name":"wp","href":"https:\/\/api.w.org\/{rel}","templated":true}]}}