{"id":65500,"date":"2026-04-12T13:07:48","date_gmt":"2026-04-12T11:07:48","guid":{"rendered":"https:\/\/dev6.erresse-shop.it\/shop\/non%20class\u00e9\/galateo-friends-carlo-volpi-coffret-cadeau-2-bouteilles-huile-et-vinaigre\/"},"modified":"2025-09-14T06:35:55","modified_gmt":"2025-09-14T04:35:55","slug":"galateo-friends-carlo-volpi-coffret-cadeau-2-bouteilles-huile-et-vinaigre","status":"publish","type":"product","link":"https:\/\/dev6.erresse-shop.it\/fr\/shop\/table-fr-2\/huile-vinaigre-sel\/galateo-friends-carlo-volpi-coffret-cadeau-2-bouteilles-huile-et-vinaigre\/","title":{"rendered":"GALATEO &#038; FRIENDS Carlo Volpi Coffret Cadeau 2 bouteilles Huile et vinaigre"},"content":{"rendered":"<p>D\u00e9couvrez l\u2019excellence des saveurs italiennes avec le Coffret Cadeau Carlo Volpi, un coffret exclusif compos\u00e9 de deux produits raffin\u00e9s qui enrichiront votre cuisine de qualit\u00e9 et d\u2019authenticit\u00e9. Parfait pour ceux qui aiment la bonne cuisine et souhaitent apporter \u00e0 table le meilleur de la tradition gastronomique italienne.<\/p>\n<p>D\u00e9finir le contenu\u00a0:<\/p>\n<p>Huile d\u2019olive extra vierge CARLO VOLPI Cultivar Taggiasca (250 ml)\u00a0: Avec sa saveur fruit\u00e9e et d\u00e9licate, enrichie de notes am\u00e8res et \u00e9pic\u00e9es, elle est id\u00e9ale pour assaisonner les salades fra\u00eeches et les plats de poisson, les l\u00e9gumes grill\u00e9s et pour les pr\u00e9parations gourmandes.<br \/>\nVinaigre Balsamique de Mod\u00e8ne CARLO VOLPI (250 ml)\u00a0: Un vinaigre au go\u00fbt riche et aromatique, qui allie douceur et acidit\u00e9 dans un \u00e9quilibre parfait. Parfait pour les salades, les fromages affin\u00e9s, les viandes grill\u00e9es ou comme ingr\u00e9dient pour les sauces et marinades. Un condiment polyvalent qui ajoute de la profondeur et du raffinement \u00e0 n\u2019importe quel plat.<\/p>\n<p>Caract\u00e9ristiques\u00a0:<\/p>\n<p>Une combinaison parfaite d\u2019huile d\u2019olive extra vierge et de vinaigre balsamique, id\u00e9ale pour ceux qui recherchent la qualit\u00e9 et la tradition.<br \/>\nUn packaging \u00e9l\u00e9gant et raffin\u00e9, parfait comme id\u00e9e cadeau pour les passionn\u00e9s de cuisine ou pour ceux qui aiment d\u00e9couvrir de nouvelles saveurs.<br \/>\nFabriqu\u00e9 \u00e0 la main, avec des ingr\u00e9dients s\u00e9lectionn\u00e9s issus des meilleures traditions italiennes.<\/p>\n","protected":false},"excerpt":{"rendered":"<p>D\u00e9couvrez l\u2019excellence des saveurs italiennes avec le Coffret Cadeau Carlo Volpi, un coffret exclusif compos\u00e9 de deux produits raffin\u00e9s qui enrichiront votre cuisine de qualit\u00e9 et d\u2019authenticit\u00e9. Parfait pour ceux qui aiment la bonne cuisine et souhaitent apporter \u00e0 table le meilleur de la tradition gastronomique italienne. D\u00e9finir le contenu\u00a0: Huile d\u2019olive extra vierge CARLO [&hellip;]<\/p>\n","protected":false},"featured_media":6376069,"template":"","meta":{"_acf_changed":false},"product_cat":[12049,12044,11995],"product_tag":[],"class_list":{"0":"post-65500","1":"product","2":"type-product","3":"status-publish","4":"has-post-thumbnail","6":"product_cat-food-fr","7":"product_cat-huile-vinaigre-sel","8":"product_cat-table-fr-2","10":"first","11":"instock","12":"sale","13":"taxable","14":"shipping-taxable","15":"purchasable","16":"product-type-simple","swatches":"rey-swatches","show_selected":"","stretch_labels":"rey-swatches--stretch-labels"},"acf":[],"yoast_head":"<!-- This site is optimized with the Yoast SEO plugin v25.4 - https:\/\/yoast.com\/wordpress\/plugins\/seo\/ -->\n<title>GALATEO &#038; FRIENDS Carlo Volpi Coffret Cadeau 2 bouteilles Huile et vinaigre - dev6 Erresse<\/title>\n<meta name=\"description\" content=\"D\u00e9couvrez l\u2019excellence des saveurs italiennes avec le Coffret Cadeau Carlo Volpi, un coffret exclusif compos\u00e9 de deux produits raffin\u00e9s qui enrichiront\" \/>\n<meta name=\"robots\" content=\"noindex, follow, max-snippet:-1, max-image-preview:large, max-video-preview:-1\" \/>\n<meta property=\"og:locale\" content=\"fr_FR\" \/>\n<meta property=\"og:type\" content=\"article\" \/>\n<meta property=\"og:title\" content=\"GALATEO &#038; FRIENDS Carlo Volpi Coffret Cadeau 2 bouteilles Huile et vinaigre - dev6 Erresse\" \/>\n<meta property=\"og:description\" content=\"D\u00e9couvrez l\u2019excellence des saveurs italiennes avec le Coffret Cadeau Carlo Volpi, un coffret exclusif compos\u00e9 de deux produits raffin\u00e9s qui enrichiront\" \/>\n<meta property=\"og:url\" content=\"https:\/\/dev6.erresse-shop.it\/fr\/shop\/table-fr-2\/huile-vinaigre-sel\/galateo-friends-carlo-volpi-coffret-cadeau-2-bouteilles-huile-et-vinaigre\/\" \/>\n<meta property=\"og:site_name\" content=\"dev6 Erresse\" \/>\n<meta property=\"og:image\" content=\"https:\/\/interpim.erresse-shop.it\/Import\/Prodotti\/galateo-friends-carlo-volpi-confezione-regalo-2.jpg\" \/><meta property=\"og:image\" content=\"https:\/\/interpim.erresse-shop.it\/Import\/Prodotti\/galateo-friends-carlo-volpi-confezione-regalo-2.jpg\" \/>\n\t<meta property=\"og:image:width\" content=\"1024\" \/>\n\t<meta property=\"og:image:height\" content=\"1024\" \/>\n\t<meta property=\"og:image:type\" content=\"image\/jpeg\" \/>\n<meta name=\"twitter:card\" content=\"summary_large_image\" \/>\n<meta name=\"twitter:image\" content=\"https:\/\/interpim.erresse-shop.it\/Import\/Prodotti\/galateo-friends-carlo-volpi-confezione-regalo-2.jpg\" \/>\n<script type=\"application\/ld+json\" class=\"yoast-schema-graph\">{\"@context\":\"https:\/\/schema.org\",\"@graph\":[{\"@type\":\"WebPage\",\"@id\":\"https:\/\/dev6.erresse-shop.it\/fr\/shop\/table-fr-2\/huile-vinaigre-sel\/galateo-friends-carlo-volpi-coffret-cadeau-2-bouteilles-huile-et-vinaigre\/\",\"url\":\"https:\/\/dev6.erresse-shop.it\/fr\/shop\/table-fr-2\/huile-vinaigre-sel\/galateo-friends-carlo-volpi-coffret-cadeau-2-bouteilles-huile-et-vinaigre\/\",\"name\":\"GALATEO &#038; FRIENDS Carlo Volpi Coffret Cadeau 2 bouteilles Huile et vinaigre - dev6 Erresse\",\"isPartOf\":{\"@id\":\"https:\/\/dev6.erresse-shop.it\/#website\"},\"primaryImageOfPage\":{\"@id\":\"https:\/\/dev6.erresse-shop.it\/fr\/shop\/table-fr-2\/huile-vinaigre-sel\/galateo-friends-carlo-volpi-coffret-cadeau-2-bouteilles-huile-et-vinaigre\/#primaryimage\"},\"image\":{\"@id\":\"https:\/\/dev6.erresse-shop.it\/fr\/shop\/table-fr-2\/huile-vinaigre-sel\/galateo-friends-carlo-volpi-coffret-cadeau-2-bouteilles-huile-et-vinaigre\/#primaryimage\"},\"thumbnailUrl\":\"https:\/\/i2.wp.com\/interpim.erresse-shop.it\/Import\/Prodotti\/galateo-friends-carlo-volpi-confezione-regalo-2.jpg?ssl=1\",\"datePublished\":\"2026-04-12T11:07:48+00:00\",\"description\":\"D\u00e9couvrez l\u2019excellence des saveurs italiennes avec le Coffret Cadeau Carlo Volpi, un coffret exclusif compos\u00e9 de deux produits raffin\u00e9s qui enrichiront\",\"breadcrumb\":{\"@id\":\"https:\/\/dev6.erresse-shop.it\/fr\/shop\/table-fr-2\/huile-vinaigre-sel\/galateo-friends-carlo-volpi-coffret-cadeau-2-bouteilles-huile-et-vinaigre\/#breadcrumb\"},\"inLanguage\":\"fr-FR\",\"potentialAction\":[{\"@type\":\"ReadAction\",\"target\":[\"https:\/\/dev6.erresse-shop.it\/fr\/shop\/table-fr-2\/huile-vinaigre-sel\/galateo-friends-carlo-volpi-coffret-cadeau-2-bouteilles-huile-et-vinaigre\/\"]}]},{\"@type\":\"ImageObject\",\"inLanguage\":\"fr-FR\",\"@id\":\"https:\/\/dev6.erresse-shop.it\/fr\/shop\/table-fr-2\/huile-vinaigre-sel\/galateo-friends-carlo-volpi-coffret-cadeau-2-bouteilles-huile-et-vinaigre\/#primaryimage\",\"url\":\"https:\/\/i2.wp.com\/interpim.erresse-shop.it\/Import\/Prodotti\/galateo-friends-carlo-volpi-confezione-regalo-2.jpg?ssl=1\",\"contentUrl\":\"https:\/\/i2.wp.com\/interpim.erresse-shop.it\/Import\/Prodotti\/galateo-friends-carlo-volpi-confezione-regalo-2.jpg?ssl=1\"},{\"@type\":\"BreadcrumbList\",\"@id\":\"https:\/\/dev6.erresse-shop.it\/fr\/shop\/table-fr-2\/huile-vinaigre-sel\/galateo-friends-carlo-volpi-coffret-cadeau-2-bouteilles-huile-et-vinaigre\/#breadcrumb\",\"itemListElement\":[{\"@type\":\"ListItem\",\"position\":1,\"name\":\"Home\",\"item\":\"https:\/\/dev6.erresse-shop.it\/\"},{\"@type\":\"ListItem\",\"position\":2,\"name\":\"Boutique\",\"item\":\"https:\/\/dev6.erresse-shop.it\/shop\/\"},{\"@type\":\"ListItem\",\"position\":3,\"name\":\"GALATEO &#038; FRIENDS Carlo Volpi Coffret Cadeau 2 bouteilles Huile et vinaigre\"}]},{\"@type\":\"WebSite\",\"@id\":\"https:\/\/dev6.erresse-shop.it\/#website\",\"url\":\"https:\/\/dev6.erresse-shop.it\/\",\"name\":\"Erresse Shop\",\"description\":\"\",\"publisher\":{\"@id\":\"https:\/\/dev6.erresse-shop.it\/#organization\"},\"potentialAction\":[{\"@type\":\"SearchAction\",\"target\":{\"@type\":\"EntryPoint\",\"urlTemplate\":\"https:\/\/dev6.erresse-shop.it\/?s={search_term_string}\"},\"query-input\":{\"@type\":\"PropertyValueSpecification\",\"valueRequired\":true,\"valueName\":\"search_term_string\"}}],\"inLanguage\":\"fr-FR\"},{\"@type\":\"Organization\",\"@id\":\"https:\/\/dev6.erresse-shop.it\/#organization\",\"name\":\"Erresse Shop\",\"url\":\"https:\/\/dev6.erresse-shop.it\/\",\"logo\":{\"@type\":\"ImageObject\",\"inLanguage\":\"fr-FR\",\"@id\":\"https:\/\/dev6.erresse-shop.it\/#\/schema\/logo\/image\/\",\"url\":\"https:\/\/dev6.erresse-shop.it\/wp-content\/uploads\/2025\/01\/LOGO-ERRESSE-CLASSICO.svg\",\"contentUrl\":\"https:\/\/dev6.erresse-shop.it\/wp-content\/uploads\/2025\/01\/LOGO-ERRESSE-CLASSICO.svg\",\"caption\":\"Erresse Shop\"},\"image\":{\"@id\":\"https:\/\/dev6.erresse-shop.it\/#\/schema\/logo\/image\/\"}}]}<\/script>\n<!-- \/ Yoast SEO plugin. -->","yoast_head_json":{"title":"GALATEO &#038; FRIENDS Carlo Volpi Coffret Cadeau 2 bouteilles Huile et vinaigre - dev6 Erresse","description":"D\u00e9couvrez l\u2019excellence des saveurs italiennes avec le Coffret Cadeau Carlo Volpi, un coffret exclusif compos\u00e9 de deux produits raffin\u00e9s qui enrichiront","robots":{"index":"noindex","follow":"follow","max-snippet":"max-snippet:-1","max-image-preview":"max-image-preview:large","max-video-preview":"max-video-preview:-1"},"og_locale":"fr_FR","og_type":"article","og_title":"GALATEO &#038; FRIENDS Carlo Volpi Coffret Cadeau 2 bouteilles Huile et vinaigre - dev6 Erresse","og_description":"D\u00e9couvrez l\u2019excellence des saveurs italiennes avec le Coffret Cadeau Carlo Volpi, un coffret exclusif compos\u00e9 de deux produits raffin\u00e9s qui enrichiront","og_url":"https:\/\/dev6.erresse-shop.it\/fr\/shop\/table-fr-2\/huile-vinaigre-sel\/galateo-friends-carlo-volpi-coffret-cadeau-2-bouteilles-huile-et-vinaigre\/","og_site_name":"dev6 Erresse","og_image":[{"url":"https:\/\/interpim.erresse-shop.it\/Import\/Prodotti\/galateo-friends-carlo-volpi-confezione-regalo-2.jpg","type":"","width":"","height":""},{"url":"https:\/\/interpim.erresse-shop.it\/Import\/Prodotti\/galateo-friends-carlo-volpi-confezione-regalo-2.jpg","width":1024,"height":1024,"type":"image\/jpeg"}],"twitter_card":"summary_large_image","twitter_image":"https:\/\/interpim.erresse-shop.it\/Import\/Prodotti\/galateo-friends-carlo-volpi-confezione-regalo-2.jpg","schema":{"@context":"https:\/\/schema.org","@graph":[{"@type":"WebPage","@id":"https:\/\/dev6.erresse-shop.it\/fr\/shop\/table-fr-2\/huile-vinaigre-sel\/galateo-friends-carlo-volpi-coffret-cadeau-2-bouteilles-huile-et-vinaigre\/","url":"https:\/\/dev6.erresse-shop.it\/fr\/shop\/table-fr-2\/huile-vinaigre-sel\/galateo-friends-carlo-volpi-coffret-cadeau-2-bouteilles-huile-et-vinaigre\/","name":"GALATEO &#038; FRIENDS Carlo Volpi Coffret Cadeau 2 bouteilles Huile et vinaigre - dev6 Erresse","isPartOf":{"@id":"https:\/\/dev6.erresse-shop.it\/#website"},"primaryImageOfPage":{"@id":"https:\/\/dev6.erresse-shop.it\/fr\/shop\/table-fr-2\/huile-vinaigre-sel\/galateo-friends-carlo-volpi-coffret-cadeau-2-bouteilles-huile-et-vinaigre\/#primaryimage"},"image":{"@id":"https:\/\/dev6.erresse-shop.it\/fr\/shop\/table-fr-2\/huile-vinaigre-sel\/galateo-friends-carlo-volpi-coffret-cadeau-2-bouteilles-huile-et-vinaigre\/#primaryimage"},"thumbnailUrl":"https:\/\/i2.wp.com\/interpim.erresse-shop.it\/Import\/Prodotti\/galateo-friends-carlo-volpi-confezione-regalo-2.jpg?ssl=1","datePublished":"2026-04-12T11:07:48+00:00","description":"D\u00e9couvrez l\u2019excellence des saveurs italiennes avec le Coffret Cadeau Carlo Volpi, un coffret exclusif compos\u00e9 de deux produits raffin\u00e9s qui enrichiront","breadcrumb":{"@id":"https:\/\/dev6.erresse-shop.it\/fr\/shop\/table-fr-2\/huile-vinaigre-sel\/galateo-friends-carlo-volpi-coffret-cadeau-2-bouteilles-huile-et-vinaigre\/#breadcrumb"},"inLanguage":"fr-FR","potentialAction":[{"@type":"ReadAction","target":["https:\/\/dev6.erresse-shop.it\/fr\/shop\/table-fr-2\/huile-vinaigre-sel\/galateo-friends-carlo-volpi-coffret-cadeau-2-bouteilles-huile-et-vinaigre\/"]}]},{"@type":"ImageObject","inLanguage":"fr-FR","@id":"https:\/\/dev6.erresse-shop.it\/fr\/shop\/table-fr-2\/huile-vinaigre-sel\/galateo-friends-carlo-volpi-coffret-cadeau-2-bouteilles-huile-et-vinaigre\/#primaryimage","url":"https:\/\/i2.wp.com\/interpim.erresse-shop.it\/Import\/Prodotti\/galateo-friends-carlo-volpi-confezione-regalo-2.jpg?ssl=1","contentUrl":"https:\/\/i2.wp.com\/interpim.erresse-shop.it\/Import\/Prodotti\/galateo-friends-carlo-volpi-confezione-regalo-2.jpg?ssl=1"},{"@type":"BreadcrumbList","@id":"https:\/\/dev6.erresse-shop.it\/fr\/shop\/table-fr-2\/huile-vinaigre-sel\/galateo-friends-carlo-volpi-coffret-cadeau-2-bouteilles-huile-et-vinaigre\/#breadcrumb","itemListElement":[{"@type":"ListItem","position":1,"name":"Home","item":"https:\/\/dev6.erresse-shop.it\/"},{"@type":"ListItem","position":2,"name":"Boutique","item":"https:\/\/dev6.erresse-shop.it\/shop\/"},{"@type":"ListItem","position":3,"name":"GALATEO &#038; FRIENDS Carlo Volpi Coffret Cadeau 2 bouteilles Huile et vinaigre"}]},{"@type":"WebSite","@id":"https:\/\/dev6.erresse-shop.it\/#website","url":"https:\/\/dev6.erresse-shop.it\/","name":"Erresse Shop","description":"","publisher":{"@id":"https:\/\/dev6.erresse-shop.it\/#organization"},"potentialAction":[{"@type":"SearchAction","target":{"@type":"EntryPoint","urlTemplate":"https:\/\/dev6.erresse-shop.it\/?s={search_term_string}"},"query-input":{"@type":"PropertyValueSpecification","valueRequired":true,"valueName":"search_term_string"}}],"inLanguage":"fr-FR"},{"@type":"Organization","@id":"https:\/\/dev6.erresse-shop.it\/#organization","name":"Erresse Shop","url":"https:\/\/dev6.erresse-shop.it\/","logo":{"@type":"ImageObject","inLanguage":"fr-FR","@id":"https:\/\/dev6.erresse-shop.it\/#\/schema\/logo\/image\/","url":"https:\/\/dev6.erresse-shop.it\/wp-content\/uploads\/2025\/01\/LOGO-ERRESSE-CLASSICO.svg","contentUrl":"https:\/\/dev6.erresse-shop.it\/wp-content\/uploads\/2025\/01\/LOGO-ERRESSE-CLASSICO.svg","caption":"Erresse Shop"},"image":{"@id":"https:\/\/dev6.erresse-shop.it\/#\/schema\/logo\/image\/"}}]}},"df_price":59,"df_sale_price":59,"df_regular_price":75,"df_image_link":"https:\/\/i2.wp.com\/interpim.erresse-shop.it\/Import\/Prodotti\/galateo-friends-carlo-volpi-confezione-regalo-2.jpg?resize=300,300&ssl=1","fifu_image_url":"https:\/\/interpim.erresse-shop.it\/Import\/Prodotti\/galateo-friends-carlo-volpi-confezione-regalo-2.jpg","_links":{"self":[{"href":"https:\/\/dev6.erresse-shop.it\/fr\/wp-json\/wp\/v2\/product\/65500","targetHints":{"allow":["GET"]}}],"collection":[{"href":"https:\/\/dev6.erresse-shop.it\/fr\/wp-json\/wp\/v2\/product"}],"about":[{"href":"https:\/\/dev6.erresse-shop.it\/fr\/wp-json\/wp\/v2\/types\/product"}],"wp:featuredmedia":[{"embeddable":true,"href":"https:\/\/dev6.erresse-shop.it\/fr\/wp-json\/wp\/v2\/media\/6376069"}],"wp:attachment":[{"href":"https:\/\/dev6.erresse-shop.it\/fr\/wp-json\/wp\/v2\/media?parent=65500"}],"wp:term":[{"taxonomy":"product_cat","embeddable":true,"href":"https:\/\/dev6.erresse-shop.it\/fr\/wp-json\/wp\/v2\/product_cat?post=65500"},{"taxonomy":"product_tag","embeddable":true,"href":"https:\/\/dev6.erresse-shop.it\/fr\/wp-json\/wp\/v2\/product_tag?post=65500"}],"curies":[{"name":"wp","href":"https:\/\/api.w.org\/{rel}","templated":true}]}}