{"id":65498,"date":"2026-04-10T13:46:19","date_gmt":"2026-04-10T11:46:19","guid":{"rendered":"https:\/\/dev6.erresse-shop.it\/shop\/non%20class\u00e9\/galateo-friends-carlo-volpi-coffret-cadeau-1-bouteille-huile-dolive-extra-vierge\/"},"modified":"2025-09-14T06:35:51","modified_gmt":"2025-09-14T04:35:51","slug":"galateo-friends-carlo-volpi-coffret-cadeau-1-bouteille-huile-dolive-extra-vierge","status":"publish","type":"product","link":"https:\/\/dev6.erresse-shop.it\/fr\/shop\/table-fr-2\/huile-vinaigre-sel\/galateo-friends-carlo-volpi-coffret-cadeau-1-bouteille-huile-dolive-extra-vierge\/","title":{"rendered":"GALATEO &#038; FRIENDS Carlo Volpi Coffret Cadeau 1 Bouteille Huile d&#8217;olive extra vierge"},"content":{"rendered":"<p>Bobakisa kolamba na bino na Cultivar Taggiasca Extra Vierge Olive Oil ya Carlo Volpi, produit ya qualit\u00e9 ya likolo oyo ememaka authenticit\u00e9 mpe elengi ya riche na mesa. Molangi oyo ya 250ml ezali ingr\u00e9dient ya malamu mpenza mpo na baoyo balingaka elengi makasi mpe ya p\u025bt\u025b\u025b ya mafuta ya olive oyo baponaka liboso.<\/p>\n<p>Makambo ya biloko:<\/p>\n<p>Mafuta ya Olive Vierge Extra Cultivar Taggiasca (250 ml): Mafuta oyo ezali na el\u025bngi ya mbuma mpe ya boyokani, na ba notes ya bololo mpe ya \u00e9pic\u00e9 oyo esalaka ete ezala malamu mpenza mpo na kolata salade, bilei ya mbisi, ndunda ya gril mpe mpo na ba pr\u00e9parations ya gourmet.<\/p>\n<p>Makambo ya Paquet:<\/p>\n<p>Molangi ya kitoko ya 250 ml, malamu mpo na likabo oyo ep\u025btolami to mpo na kok\u00f3misa kuku na yo kitoko na biloko ya malamu.<br \/>\nEmballage ya bokebi mpe ya designer, ya malamu mpenza mpo na libaku nyonso ya ntina.<\/p>\n","protected":false},"excerpt":{"rendered":"<p>Bobakisa kolamba na bino na Cultivar Taggiasca Extra Vierge Olive Oil ya Carlo Volpi, produit ya qualit\u00e9 ya likolo oyo ememaka authenticit\u00e9 mpe elengi ya riche na mesa. Molangi oyo ya 250ml ezali ingr\u00e9dient ya malamu mpenza mpo na baoyo balingaka elengi makasi mpe ya p\u025bt\u025b\u025b ya mafuta ya olive oyo baponaka liboso. Makambo ya [&hellip;]<\/p>\n","protected":false},"featured_media":6334431,"template":"","meta":{"_acf_changed":false},"product_cat":[12049,12044,11995],"product_tag":[],"class_list":{"0":"post-65498","1":"product","2":"type-product","3":"status-publish","4":"has-post-thumbnail","6":"product_cat-food-fr","7":"product_cat-huile-vinaigre-sel","8":"product_cat-table-fr-2","10":"first","11":"instock","12":"taxable","13":"shipping-taxable","14":"purchasable","15":"product-type-simple","swatches":"rey-swatches","show_selected":"","stretch_labels":"rey-swatches--stretch-labels"},"acf":[],"yoast_head":"<!-- This site is optimized with the Yoast SEO plugin v25.4 - https:\/\/yoast.com\/wordpress\/plugins\/seo\/ -->\n<title>GALATEO &#038; FRIENDS Carlo Volpi Coffret Cadeau 1 Bouteille Huile d&#8217;olive extra vierge - dev6 Erresse<\/title>\n<meta name=\"description\" content=\"Bobakisa kolamba na bino na Cultivar Taggiasca Extra Vierge Olive Oil ya Carlo Volpi, produit ya qualit\u00e9 ya likolo oyo ememaka authenticit\u00e9 mpe elengi ya\" \/>\n<meta name=\"robots\" content=\"noindex, follow, max-snippet:-1, max-image-preview:large, max-video-preview:-1\" \/>\n<meta property=\"og:locale\" content=\"fr_FR\" \/>\n<meta property=\"og:type\" content=\"article\" \/>\n<meta property=\"og:title\" content=\"GALATEO &#038; FRIENDS Carlo Volpi Coffret Cadeau 1 Bouteille Huile d&#8217;olive extra vierge - dev6 Erresse\" \/>\n<meta property=\"og:description\" content=\"Bobakisa kolamba na bino na Cultivar Taggiasca Extra Vierge Olive Oil ya Carlo Volpi, produit ya qualit\u00e9 ya likolo oyo ememaka authenticit\u00e9 mpe elengi ya\" \/>\n<meta property=\"og:url\" content=\"https:\/\/dev6.erresse-shop.it\/fr\/shop\/table-fr-2\/huile-vinaigre-sel\/galateo-friends-carlo-volpi-coffret-cadeau-1-bouteille-huile-dolive-extra-vierge\/\" \/>\n<meta property=\"og:site_name\" content=\"dev6 Erresse\" \/>\n<meta property=\"og:image\" content=\"https:\/\/interpim.erresse-shop.it\/Import\/Prodotti\/galateo-friends-carlo-volpi-confezione-regalo-1-bottiglia.jpg\" \/><meta property=\"og:image\" content=\"https:\/\/interpim.erresse-shop.it\/Import\/Prodotti\/galateo-friends-carlo-volpi-confezione-regalo-1-bottiglia.jpg\" \/>\n\t<meta property=\"og:image:width\" content=\"1024\" \/>\n\t<meta property=\"og:image:height\" content=\"1024\" \/>\n\t<meta property=\"og:image:type\" content=\"image\/jpeg\" \/>\n<meta name=\"twitter:card\" content=\"summary_large_image\" \/>\n<meta name=\"twitter:image\" content=\"https:\/\/interpim.erresse-shop.it\/Import\/Prodotti\/galateo-friends-carlo-volpi-confezione-regalo-1-bottiglia.jpg\" \/>\n<script type=\"application\/ld+json\" class=\"yoast-schema-graph\">{\"@context\":\"https:\/\/schema.org\",\"@graph\":[{\"@type\":\"WebPage\",\"@id\":\"https:\/\/dev6.erresse-shop.it\/fr\/shop\/table-fr-2\/huile-vinaigre-sel\/galateo-friends-carlo-volpi-coffret-cadeau-1-bouteille-huile-dolive-extra-vierge\/\",\"url\":\"https:\/\/dev6.erresse-shop.it\/fr\/shop\/table-fr-2\/huile-vinaigre-sel\/galateo-friends-carlo-volpi-coffret-cadeau-1-bouteille-huile-dolive-extra-vierge\/\",\"name\":\"GALATEO &#038; FRIENDS Carlo Volpi Coffret Cadeau 1 Bouteille Huile d&#8217;olive extra vierge - dev6 Erresse\",\"isPartOf\":{\"@id\":\"https:\/\/dev6.erresse-shop.it\/#website\"},\"primaryImageOfPage\":{\"@id\":\"https:\/\/dev6.erresse-shop.it\/fr\/shop\/table-fr-2\/huile-vinaigre-sel\/galateo-friends-carlo-volpi-coffret-cadeau-1-bouteille-huile-dolive-extra-vierge\/#primaryimage\"},\"image\":{\"@id\":\"https:\/\/dev6.erresse-shop.it\/fr\/shop\/table-fr-2\/huile-vinaigre-sel\/galateo-friends-carlo-volpi-coffret-cadeau-1-bouteille-huile-dolive-extra-vierge\/#primaryimage\"},\"thumbnailUrl\":\"https:\/\/i3.wp.com\/interpim.erresse-shop.it\/Import\/Prodotti\/galateo-friends-carlo-volpi-confezione-regalo-1-bottiglia.jpg?ssl=1\",\"datePublished\":\"2026-04-10T11:46:19+00:00\",\"description\":\"Bobakisa kolamba na bino na Cultivar Taggiasca Extra Vierge Olive Oil ya Carlo Volpi, produit ya qualit\u00e9 ya likolo oyo ememaka authenticit\u00e9 mpe elengi ya\",\"breadcrumb\":{\"@id\":\"https:\/\/dev6.erresse-shop.it\/fr\/shop\/table-fr-2\/huile-vinaigre-sel\/galateo-friends-carlo-volpi-coffret-cadeau-1-bouteille-huile-dolive-extra-vierge\/#breadcrumb\"},\"inLanguage\":\"fr-FR\",\"potentialAction\":[{\"@type\":\"ReadAction\",\"target\":[\"https:\/\/dev6.erresse-shop.it\/fr\/shop\/table-fr-2\/huile-vinaigre-sel\/galateo-friends-carlo-volpi-coffret-cadeau-1-bouteille-huile-dolive-extra-vierge\/\"]}]},{\"@type\":\"ImageObject\",\"inLanguage\":\"fr-FR\",\"@id\":\"https:\/\/dev6.erresse-shop.it\/fr\/shop\/table-fr-2\/huile-vinaigre-sel\/galateo-friends-carlo-volpi-coffret-cadeau-1-bouteille-huile-dolive-extra-vierge\/#primaryimage\",\"url\":\"https:\/\/i3.wp.com\/interpim.erresse-shop.it\/Import\/Prodotti\/galateo-friends-carlo-volpi-confezione-regalo-1-bottiglia.jpg?ssl=1\",\"contentUrl\":\"https:\/\/i3.wp.com\/interpim.erresse-shop.it\/Import\/Prodotti\/galateo-friends-carlo-volpi-confezione-regalo-1-bottiglia.jpg?ssl=1\"},{\"@type\":\"BreadcrumbList\",\"@id\":\"https:\/\/dev6.erresse-shop.it\/fr\/shop\/table-fr-2\/huile-vinaigre-sel\/galateo-friends-carlo-volpi-coffret-cadeau-1-bouteille-huile-dolive-extra-vierge\/#breadcrumb\",\"itemListElement\":[{\"@type\":\"ListItem\",\"position\":1,\"name\":\"Home\",\"item\":\"https:\/\/dev6.erresse-shop.it\/\"},{\"@type\":\"ListItem\",\"position\":2,\"name\":\"Boutique\",\"item\":\"https:\/\/dev6.erresse-shop.it\/shop\/\"},{\"@type\":\"ListItem\",\"position\":3,\"name\":\"GALATEO &#038; FRIENDS Carlo Volpi Coffret Cadeau 1 Bouteille Huile d&#8217;olive extra vierge\"}]},{\"@type\":\"WebSite\",\"@id\":\"https:\/\/dev6.erresse-shop.it\/#website\",\"url\":\"https:\/\/dev6.erresse-shop.it\/\",\"name\":\"Erresse Shop\",\"description\":\"\",\"publisher\":{\"@id\":\"https:\/\/dev6.erresse-shop.it\/#organization\"},\"potentialAction\":[{\"@type\":\"SearchAction\",\"target\":{\"@type\":\"EntryPoint\",\"urlTemplate\":\"https:\/\/dev6.erresse-shop.it\/?s={search_term_string}\"},\"query-input\":{\"@type\":\"PropertyValueSpecification\",\"valueRequired\":true,\"valueName\":\"search_term_string\"}}],\"inLanguage\":\"fr-FR\"},{\"@type\":\"Organization\",\"@id\":\"https:\/\/dev6.erresse-shop.it\/#organization\",\"name\":\"Erresse Shop\",\"url\":\"https:\/\/dev6.erresse-shop.it\/\",\"logo\":{\"@type\":\"ImageObject\",\"inLanguage\":\"fr-FR\",\"@id\":\"https:\/\/dev6.erresse-shop.it\/#\/schema\/logo\/image\/\",\"url\":\"https:\/\/dev6.erresse-shop.it\/wp-content\/uploads\/2025\/01\/LOGO-ERRESSE-CLASSICO.svg\",\"contentUrl\":\"https:\/\/dev6.erresse-shop.it\/wp-content\/uploads\/2025\/01\/LOGO-ERRESSE-CLASSICO.svg\",\"caption\":\"Erresse Shop\"},\"image\":{\"@id\":\"https:\/\/dev6.erresse-shop.it\/#\/schema\/logo\/image\/\"}}]}<\/script>\n<!-- \/ Yoast SEO plugin. -->","yoast_head_json":{"title":"GALATEO &#038; FRIENDS Carlo Volpi Coffret Cadeau 1 Bouteille Huile d&#8217;olive extra vierge - dev6 Erresse","description":"Bobakisa kolamba na bino na Cultivar Taggiasca Extra Vierge Olive Oil ya Carlo Volpi, produit ya qualit\u00e9 ya likolo oyo ememaka authenticit\u00e9 mpe elengi ya","robots":{"index":"noindex","follow":"follow","max-snippet":"max-snippet:-1","max-image-preview":"max-image-preview:large","max-video-preview":"max-video-preview:-1"},"og_locale":"fr_FR","og_type":"article","og_title":"GALATEO &#038; FRIENDS Carlo Volpi Coffret Cadeau 1 Bouteille Huile d&#8217;olive extra vierge - dev6 Erresse","og_description":"Bobakisa kolamba na bino na Cultivar Taggiasca Extra Vierge Olive Oil ya Carlo Volpi, produit ya qualit\u00e9 ya likolo oyo ememaka authenticit\u00e9 mpe elengi ya","og_url":"https:\/\/dev6.erresse-shop.it\/fr\/shop\/table-fr-2\/huile-vinaigre-sel\/galateo-friends-carlo-volpi-coffret-cadeau-1-bouteille-huile-dolive-extra-vierge\/","og_site_name":"dev6 Erresse","og_image":[{"url":"https:\/\/interpim.erresse-shop.it\/Import\/Prodotti\/galateo-friends-carlo-volpi-confezione-regalo-1-bottiglia.jpg","type":"","width":"","height":""},{"url":"https:\/\/interpim.erresse-shop.it\/Import\/Prodotti\/galateo-friends-carlo-volpi-confezione-regalo-1-bottiglia.jpg","width":1024,"height":1024,"type":"image\/jpeg"}],"twitter_card":"summary_large_image","twitter_image":"https:\/\/interpim.erresse-shop.it\/Import\/Prodotti\/galateo-friends-carlo-volpi-confezione-regalo-1-bottiglia.jpg","schema":{"@context":"https:\/\/schema.org","@graph":[{"@type":"WebPage","@id":"https:\/\/dev6.erresse-shop.it\/fr\/shop\/table-fr-2\/huile-vinaigre-sel\/galateo-friends-carlo-volpi-coffret-cadeau-1-bouteille-huile-dolive-extra-vierge\/","url":"https:\/\/dev6.erresse-shop.it\/fr\/shop\/table-fr-2\/huile-vinaigre-sel\/galateo-friends-carlo-volpi-coffret-cadeau-1-bouteille-huile-dolive-extra-vierge\/","name":"GALATEO &#038; FRIENDS Carlo Volpi Coffret Cadeau 1 Bouteille Huile d&#8217;olive extra vierge - dev6 Erresse","isPartOf":{"@id":"https:\/\/dev6.erresse-shop.it\/#website"},"primaryImageOfPage":{"@id":"https:\/\/dev6.erresse-shop.it\/fr\/shop\/table-fr-2\/huile-vinaigre-sel\/galateo-friends-carlo-volpi-coffret-cadeau-1-bouteille-huile-dolive-extra-vierge\/#primaryimage"},"image":{"@id":"https:\/\/dev6.erresse-shop.it\/fr\/shop\/table-fr-2\/huile-vinaigre-sel\/galateo-friends-carlo-volpi-coffret-cadeau-1-bouteille-huile-dolive-extra-vierge\/#primaryimage"},"thumbnailUrl":"https:\/\/i3.wp.com\/interpim.erresse-shop.it\/Import\/Prodotti\/galateo-friends-carlo-volpi-confezione-regalo-1-bottiglia.jpg?ssl=1","datePublished":"2026-04-10T11:46:19+00:00","description":"Bobakisa kolamba na bino na Cultivar Taggiasca Extra Vierge Olive Oil ya Carlo Volpi, produit ya qualit\u00e9 ya likolo oyo ememaka authenticit\u00e9 mpe elengi ya","breadcrumb":{"@id":"https:\/\/dev6.erresse-shop.it\/fr\/shop\/table-fr-2\/huile-vinaigre-sel\/galateo-friends-carlo-volpi-coffret-cadeau-1-bouteille-huile-dolive-extra-vierge\/#breadcrumb"},"inLanguage":"fr-FR","potentialAction":[{"@type":"ReadAction","target":["https:\/\/dev6.erresse-shop.it\/fr\/shop\/table-fr-2\/huile-vinaigre-sel\/galateo-friends-carlo-volpi-coffret-cadeau-1-bouteille-huile-dolive-extra-vierge\/"]}]},{"@type":"ImageObject","inLanguage":"fr-FR","@id":"https:\/\/dev6.erresse-shop.it\/fr\/shop\/table-fr-2\/huile-vinaigre-sel\/galateo-friends-carlo-volpi-coffret-cadeau-1-bouteille-huile-dolive-extra-vierge\/#primaryimage","url":"https:\/\/i3.wp.com\/interpim.erresse-shop.it\/Import\/Prodotti\/galateo-friends-carlo-volpi-confezione-regalo-1-bottiglia.jpg?ssl=1","contentUrl":"https:\/\/i3.wp.com\/interpim.erresse-shop.it\/Import\/Prodotti\/galateo-friends-carlo-volpi-confezione-regalo-1-bottiglia.jpg?ssl=1"},{"@type":"BreadcrumbList","@id":"https:\/\/dev6.erresse-shop.it\/fr\/shop\/table-fr-2\/huile-vinaigre-sel\/galateo-friends-carlo-volpi-coffret-cadeau-1-bouteille-huile-dolive-extra-vierge\/#breadcrumb","itemListElement":[{"@type":"ListItem","position":1,"name":"Home","item":"https:\/\/dev6.erresse-shop.it\/"},{"@type":"ListItem","position":2,"name":"Boutique","item":"https:\/\/dev6.erresse-shop.it\/shop\/"},{"@type":"ListItem","position":3,"name":"GALATEO &#038; FRIENDS Carlo Volpi Coffret Cadeau 1 Bouteille Huile d&#8217;olive extra vierge"}]},{"@type":"WebSite","@id":"https:\/\/dev6.erresse-shop.it\/#website","url":"https:\/\/dev6.erresse-shop.it\/","name":"Erresse Shop","description":"","publisher":{"@id":"https:\/\/dev6.erresse-shop.it\/#organization"},"potentialAction":[{"@type":"SearchAction","target":{"@type":"EntryPoint","urlTemplate":"https:\/\/dev6.erresse-shop.it\/?s={search_term_string}"},"query-input":{"@type":"PropertyValueSpecification","valueRequired":true,"valueName":"search_term_string"}}],"inLanguage":"fr-FR"},{"@type":"Organization","@id":"https:\/\/dev6.erresse-shop.it\/#organization","name":"Erresse Shop","url":"https:\/\/dev6.erresse-shop.it\/","logo":{"@type":"ImageObject","inLanguage":"fr-FR","@id":"https:\/\/dev6.erresse-shop.it\/#\/schema\/logo\/image\/","url":"https:\/\/dev6.erresse-shop.it\/wp-content\/uploads\/2025\/01\/LOGO-ERRESSE-CLASSICO.svg","contentUrl":"https:\/\/dev6.erresse-shop.it\/wp-content\/uploads\/2025\/01\/LOGO-ERRESSE-CLASSICO.svg","caption":"Erresse Shop"},"image":{"@id":"https:\/\/dev6.erresse-shop.it\/#\/schema\/logo\/image\/"}}]}},"df_price":40,"df_sale_price":"","df_regular_price":40,"df_image_link":"https:\/\/i3.wp.com\/interpim.erresse-shop.it\/Import\/Prodotti\/galateo-friends-carlo-volpi-confezione-regalo-1-bottiglia.jpg?resize=300,300&ssl=1","fifu_image_url":"https:\/\/interpim.erresse-shop.it\/Import\/Prodotti\/galateo-friends-carlo-volpi-confezione-regalo-1-bottiglia.jpg","_links":{"self":[{"href":"https:\/\/dev6.erresse-shop.it\/fr\/wp-json\/wp\/v2\/product\/65498","targetHints":{"allow":["GET"]}}],"collection":[{"href":"https:\/\/dev6.erresse-shop.it\/fr\/wp-json\/wp\/v2\/product"}],"about":[{"href":"https:\/\/dev6.erresse-shop.it\/fr\/wp-json\/wp\/v2\/types\/product"}],"wp:featuredmedia":[{"embeddable":true,"href":"https:\/\/dev6.erresse-shop.it\/fr\/wp-json\/wp\/v2\/media\/6334431"}],"wp:attachment":[{"href":"https:\/\/dev6.erresse-shop.it\/fr\/wp-json\/wp\/v2\/media?parent=65498"}],"wp:term":[{"taxonomy":"product_cat","embeddable":true,"href":"https:\/\/dev6.erresse-shop.it\/fr\/wp-json\/wp\/v2\/product_cat?post=65498"},{"taxonomy":"product_tag","embeddable":true,"href":"https:\/\/dev6.erresse-shop.it\/fr\/wp-json\/wp\/v2\/product_tag?post=65498"}],"curies":[{"name":"wp","href":"https:\/\/api.w.org\/{rel}","templated":true}]}}