{"id":65476,"date":"2026-04-12T12:16:33","date_gmt":"2026-04-12T10:16:33","guid":{"rendered":"https:\/\/dev6.erresse-shop.it\/shop\/non%20class\u00e9\/seletti-lampe-led-vitamine-aubergine\/"},"modified":"2026-01-16T22:16:25","modified_gmt":"2026-01-16T21:16:25","slug":"seletti-lampe-led-vitamine-aubergine","status":"publish","type":"product","link":"https:\/\/dev6.erresse-shop.it\/fr\/shop\/ameublement-maison\/lampes\/seletti-lampe-led-vitamine-aubergine\/","title":{"rendered":"SELETTI Lampe Led Vitamine Aubergine"},"content":{"rendered":"<p>Vitamin est le nouveau projet lumineux et color\u00e9 de Marcantonio en collaboration avec Seletti.<\/p>\n<p>La collection comprend des lampes, des cand\u00e9labres et des bougeoirs o\u00f9 les l\u00e9gumes et fruits frais prennent vie \u00e0 travers des compositions lumineuses insolites.<\/p>\n<p>Conception\u00a0: Marcantonio<br \/>\nMat\u00e9riau\u00a0: R\u00e9sine<br \/>\nDimensions\u00a0: 23\u00d715 h.31 cm | 9\u2033 x 5,9\u2033 x 12,2\u2033 \u2248<\/p>\n","protected":false},"excerpt":{"rendered":"<p>Vitamin est le nouveau projet lumineux et color\u00e9 de Marcantonio en collaboration avec Seletti. La collection comprend des lampes, des cand\u00e9labres et des bougeoirs o\u00f9 les l\u00e9gumes et fruits frais prennent vie \u00e0 travers des compositions lumineuses insolites. Conception\u00a0: Marcantonio Mat\u00e9riau\u00a0: R\u00e9sine Dimensions\u00a0: 23\u00d715 h.31 cm | 9\u2033 x 5,9\u2033 x 12,2\u2033 \u2248<\/p>\n","protected":false},"featured_media":6371871,"template":"","meta":{"_acf_changed":false},"product_cat":[11990,11666,12019],"product_tag":[],"class_list":{"0":"post-65476","1":"product","2":"type-product","3":"status-publish","4":"has-post-thumbnail","6":"product_cat-ameublement-maison","7":"product_cat-arredamento-casa","8":"product_cat-lampes","10":"first","11":"instock","12":"sale","13":"taxable","14":"shipping-taxable","15":"purchasable","16":"product-type-simple","swatches":"rey-swatches","show_selected":"","stretch_labels":"rey-swatches--stretch-labels"},"acf":[],"yoast_head":"<!-- This site is optimized with the Yoast SEO plugin v25.4 - https:\/\/yoast.com\/wordpress\/plugins\/seo\/ -->\n<title>SELETTI Lampe Led Vitamine Aubergine - dev6 Erresse<\/title>\n<meta name=\"description\" content=\"Vitamin est le nouveau projet lumineux et color\u00e9 de Marcantonio en collaboration avec Seletti. La collection comprend des lampes, des cand\u00e9labres et des\" \/>\n<meta name=\"robots\" content=\"noindex, follow, max-snippet:-1, max-image-preview:large, max-video-preview:-1\" \/>\n<meta property=\"og:locale\" content=\"fr_FR\" \/>\n<meta property=\"og:type\" content=\"article\" \/>\n<meta property=\"og:title\" content=\"SELETTI Lampe Led Vitamine Aubergine - dev6 Erresse\" \/>\n<meta property=\"og:description\" content=\"Vitamin est le nouveau projet lumineux et color\u00e9 de Marcantonio en collaboration avec Seletti. La collection comprend des lampes, des cand\u00e9labres et des\" \/>\n<meta property=\"og:url\" content=\"https:\/\/dev6.erresse-shop.it\/fr\/shop\/ameublement-maison\/lampes\/seletti-lampe-led-vitamine-aubergine\/\" \/>\n<meta property=\"og:site_name\" content=\"dev6 Erresse\" \/>\n<meta property=\"og:image\" content=\"https:\/\/interpim.erresse-shop.it\/img-catalogo\/seletti\/seletti-lampada-led-vitamin-melanzana.jpg\" \/><meta property=\"og:image\" content=\"https:\/\/interpim.erresse-shop.it\/img-catalogo\/seletti\/seletti-lampada-led-vitamin-melanzana.jpg\" \/>\n\t<meta property=\"og:image:width\" content=\"1024\" \/>\n\t<meta property=\"og:image:height\" content=\"1024\" \/>\n\t<meta property=\"og:image:type\" content=\"image\/jpeg\" \/>\n<meta name=\"twitter:card\" content=\"summary_large_image\" \/>\n<meta name=\"twitter:image\" content=\"https:\/\/interpim.erresse-shop.it\/img-catalogo\/seletti\/seletti-lampada-led-vitamin-melanzana.jpg\" \/>\n<script type=\"application\/ld+json\" class=\"yoast-schema-graph\">{\"@context\":\"https:\/\/schema.org\",\"@graph\":[{\"@type\":\"WebPage\",\"@id\":\"https:\/\/dev6.erresse-shop.it\/fr\/shop\/ameublement-maison\/lampes\/seletti-lampe-led-vitamine-aubergine\/\",\"url\":\"https:\/\/dev6.erresse-shop.it\/fr\/shop\/ameublement-maison\/lampes\/seletti-lampe-led-vitamine-aubergine\/\",\"name\":\"SELETTI Lampe Led Vitamine Aubergine - dev6 Erresse\",\"isPartOf\":{\"@id\":\"https:\/\/dev6.erresse-shop.it\/#website\"},\"primaryImageOfPage\":{\"@id\":\"https:\/\/dev6.erresse-shop.it\/fr\/shop\/ameublement-maison\/lampes\/seletti-lampe-led-vitamine-aubergine\/#primaryimage\"},\"image\":{\"@id\":\"https:\/\/dev6.erresse-shop.it\/fr\/shop\/ameublement-maison\/lampes\/seletti-lampe-led-vitamine-aubergine\/#primaryimage\"},\"thumbnailUrl\":\"https:\/\/i1.wp.com\/interpim.erresse-shop.it\/img-catalogo\/seletti\/seletti-lampada-led-vitamin-melanzana.jpg?ssl=1\",\"datePublished\":\"2026-04-12T10:16:33+00:00\",\"description\":\"Vitamin est le nouveau projet lumineux et color\u00e9 de Marcantonio en collaboration avec Seletti. La collection comprend des lampes, des cand\u00e9labres et des\",\"breadcrumb\":{\"@id\":\"https:\/\/dev6.erresse-shop.it\/fr\/shop\/ameublement-maison\/lampes\/seletti-lampe-led-vitamine-aubergine\/#breadcrumb\"},\"inLanguage\":\"fr-FR\",\"potentialAction\":[{\"@type\":\"ReadAction\",\"target\":[\"https:\/\/dev6.erresse-shop.it\/fr\/shop\/ameublement-maison\/lampes\/seletti-lampe-led-vitamine-aubergine\/\"]}]},{\"@type\":\"ImageObject\",\"inLanguage\":\"fr-FR\",\"@id\":\"https:\/\/dev6.erresse-shop.it\/fr\/shop\/ameublement-maison\/lampes\/seletti-lampe-led-vitamine-aubergine\/#primaryimage\",\"url\":\"https:\/\/i1.wp.com\/interpim.erresse-shop.it\/img-catalogo\/seletti\/seletti-lampada-led-vitamin-melanzana.jpg?ssl=1\",\"contentUrl\":\"https:\/\/i1.wp.com\/interpim.erresse-shop.it\/img-catalogo\/seletti\/seletti-lampada-led-vitamin-melanzana.jpg?ssl=1\"},{\"@type\":\"BreadcrumbList\",\"@id\":\"https:\/\/dev6.erresse-shop.it\/fr\/shop\/ameublement-maison\/lampes\/seletti-lampe-led-vitamine-aubergine\/#breadcrumb\",\"itemListElement\":[{\"@type\":\"ListItem\",\"position\":1,\"name\":\"Home\",\"item\":\"https:\/\/dev6.erresse-shop.it\/\"},{\"@type\":\"ListItem\",\"position\":2,\"name\":\"Boutique\",\"item\":\"https:\/\/dev6.erresse-shop.it\/shop\/\"},{\"@type\":\"ListItem\",\"position\":3,\"name\":\"SELETTI Lampe Led Vitamine Aubergine\"}]},{\"@type\":\"WebSite\",\"@id\":\"https:\/\/dev6.erresse-shop.it\/#website\",\"url\":\"https:\/\/dev6.erresse-shop.it\/\",\"name\":\"Erresse Shop\",\"description\":\"\",\"publisher\":{\"@id\":\"https:\/\/dev6.erresse-shop.it\/#organization\"},\"potentialAction\":[{\"@type\":\"SearchAction\",\"target\":{\"@type\":\"EntryPoint\",\"urlTemplate\":\"https:\/\/dev6.erresse-shop.it\/?s={search_term_string}\"},\"query-input\":{\"@type\":\"PropertyValueSpecification\",\"valueRequired\":true,\"valueName\":\"search_term_string\"}}],\"inLanguage\":\"fr-FR\"},{\"@type\":\"Organization\",\"@id\":\"https:\/\/dev6.erresse-shop.it\/#organization\",\"name\":\"Erresse Shop\",\"url\":\"https:\/\/dev6.erresse-shop.it\/\",\"logo\":{\"@type\":\"ImageObject\",\"inLanguage\":\"fr-FR\",\"@id\":\"https:\/\/dev6.erresse-shop.it\/#\/schema\/logo\/image\/\",\"url\":\"https:\/\/dev6.erresse-shop.it\/wp-content\/uploads\/2025\/01\/LOGO-ERRESSE-CLASSICO.svg\",\"contentUrl\":\"https:\/\/dev6.erresse-shop.it\/wp-content\/uploads\/2025\/01\/LOGO-ERRESSE-CLASSICO.svg\",\"caption\":\"Erresse Shop\"},\"image\":{\"@id\":\"https:\/\/dev6.erresse-shop.it\/#\/schema\/logo\/image\/\"}}]}<\/script>\n<!-- \/ Yoast SEO plugin. -->","yoast_head_json":{"title":"SELETTI Lampe Led Vitamine Aubergine - dev6 Erresse","description":"Vitamin est le nouveau projet lumineux et color\u00e9 de Marcantonio en collaboration avec Seletti. La collection comprend des lampes, des cand\u00e9labres et des","robots":{"index":"noindex","follow":"follow","max-snippet":"max-snippet:-1","max-image-preview":"max-image-preview:large","max-video-preview":"max-video-preview:-1"},"og_locale":"fr_FR","og_type":"article","og_title":"SELETTI Lampe Led Vitamine Aubergine - dev6 Erresse","og_description":"Vitamin est le nouveau projet lumineux et color\u00e9 de Marcantonio en collaboration avec Seletti. La collection comprend des lampes, des cand\u00e9labres et des","og_url":"https:\/\/dev6.erresse-shop.it\/fr\/shop\/ameublement-maison\/lampes\/seletti-lampe-led-vitamine-aubergine\/","og_site_name":"dev6 Erresse","og_image":[{"url":"https:\/\/interpim.erresse-shop.it\/img-catalogo\/seletti\/seletti-lampada-led-vitamin-melanzana.jpg","type":"","width":"","height":""},{"url":"https:\/\/interpim.erresse-shop.it\/img-catalogo\/seletti\/seletti-lampada-led-vitamin-melanzana.jpg","width":1024,"height":1024,"type":"image\/jpeg"}],"twitter_card":"summary_large_image","twitter_image":"https:\/\/interpim.erresse-shop.it\/img-catalogo\/seletti\/seletti-lampada-led-vitamin-melanzana.jpg","schema":{"@context":"https:\/\/schema.org","@graph":[{"@type":"WebPage","@id":"https:\/\/dev6.erresse-shop.it\/fr\/shop\/ameublement-maison\/lampes\/seletti-lampe-led-vitamine-aubergine\/","url":"https:\/\/dev6.erresse-shop.it\/fr\/shop\/ameublement-maison\/lampes\/seletti-lampe-led-vitamine-aubergine\/","name":"SELETTI Lampe Led Vitamine Aubergine - dev6 Erresse","isPartOf":{"@id":"https:\/\/dev6.erresse-shop.it\/#website"},"primaryImageOfPage":{"@id":"https:\/\/dev6.erresse-shop.it\/fr\/shop\/ameublement-maison\/lampes\/seletti-lampe-led-vitamine-aubergine\/#primaryimage"},"image":{"@id":"https:\/\/dev6.erresse-shop.it\/fr\/shop\/ameublement-maison\/lampes\/seletti-lampe-led-vitamine-aubergine\/#primaryimage"},"thumbnailUrl":"https:\/\/i1.wp.com\/interpim.erresse-shop.it\/img-catalogo\/seletti\/seletti-lampada-led-vitamin-melanzana.jpg?ssl=1","datePublished":"2026-04-12T10:16:33+00:00","description":"Vitamin est le nouveau projet lumineux et color\u00e9 de Marcantonio en collaboration avec Seletti. La collection comprend des lampes, des cand\u00e9labres et des","breadcrumb":{"@id":"https:\/\/dev6.erresse-shop.it\/fr\/shop\/ameublement-maison\/lampes\/seletti-lampe-led-vitamine-aubergine\/#breadcrumb"},"inLanguage":"fr-FR","potentialAction":[{"@type":"ReadAction","target":["https:\/\/dev6.erresse-shop.it\/fr\/shop\/ameublement-maison\/lampes\/seletti-lampe-led-vitamine-aubergine\/"]}]},{"@type":"ImageObject","inLanguage":"fr-FR","@id":"https:\/\/dev6.erresse-shop.it\/fr\/shop\/ameublement-maison\/lampes\/seletti-lampe-led-vitamine-aubergine\/#primaryimage","url":"https:\/\/i1.wp.com\/interpim.erresse-shop.it\/img-catalogo\/seletti\/seletti-lampada-led-vitamin-melanzana.jpg?ssl=1","contentUrl":"https:\/\/i1.wp.com\/interpim.erresse-shop.it\/img-catalogo\/seletti\/seletti-lampada-led-vitamin-melanzana.jpg?ssl=1"},{"@type":"BreadcrumbList","@id":"https:\/\/dev6.erresse-shop.it\/fr\/shop\/ameublement-maison\/lampes\/seletti-lampe-led-vitamine-aubergine\/#breadcrumb","itemListElement":[{"@type":"ListItem","position":1,"name":"Home","item":"https:\/\/dev6.erresse-shop.it\/"},{"@type":"ListItem","position":2,"name":"Boutique","item":"https:\/\/dev6.erresse-shop.it\/shop\/"},{"@type":"ListItem","position":3,"name":"SELETTI Lampe Led Vitamine Aubergine"}]},{"@type":"WebSite","@id":"https:\/\/dev6.erresse-shop.it\/#website","url":"https:\/\/dev6.erresse-shop.it\/","name":"Erresse Shop","description":"","publisher":{"@id":"https:\/\/dev6.erresse-shop.it\/#organization"},"potentialAction":[{"@type":"SearchAction","target":{"@type":"EntryPoint","urlTemplate":"https:\/\/dev6.erresse-shop.it\/?s={search_term_string}"},"query-input":{"@type":"PropertyValueSpecification","valueRequired":true,"valueName":"search_term_string"}}],"inLanguage":"fr-FR"},{"@type":"Organization","@id":"https:\/\/dev6.erresse-shop.it\/#organization","name":"Erresse Shop","url":"https:\/\/dev6.erresse-shop.it\/","logo":{"@type":"ImageObject","inLanguage":"fr-FR","@id":"https:\/\/dev6.erresse-shop.it\/#\/schema\/logo\/image\/","url":"https:\/\/dev6.erresse-shop.it\/wp-content\/uploads\/2025\/01\/LOGO-ERRESSE-CLASSICO.svg","contentUrl":"https:\/\/dev6.erresse-shop.it\/wp-content\/uploads\/2025\/01\/LOGO-ERRESSE-CLASSICO.svg","caption":"Erresse Shop"},"image":{"@id":"https:\/\/dev6.erresse-shop.it\/#\/schema\/logo\/image\/"}}]}},"df_price":99.95,"df_sale_price":99.95,"df_regular_price":169,"df_image_link":"https:\/\/i1.wp.com\/interpim.erresse-shop.it\/img-catalogo\/seletti\/seletti-lampada-led-vitamin-melanzana.jpg?resize=300,300&ssl=1","fifu_image_url":"https:\/\/interpim.erresse-shop.it\/img-catalogo\/seletti\/seletti-lampada-led-vitamin-melanzana.jpg","_links":{"self":[{"href":"https:\/\/dev6.erresse-shop.it\/fr\/wp-json\/wp\/v2\/product\/65476","targetHints":{"allow":["GET"]}}],"collection":[{"href":"https:\/\/dev6.erresse-shop.it\/fr\/wp-json\/wp\/v2\/product"}],"about":[{"href":"https:\/\/dev6.erresse-shop.it\/fr\/wp-json\/wp\/v2\/types\/product"}],"wp:featuredmedia":[{"embeddable":true,"href":"https:\/\/dev6.erresse-shop.it\/fr\/wp-json\/wp\/v2\/media\/6371871"}],"wp:attachment":[{"href":"https:\/\/dev6.erresse-shop.it\/fr\/wp-json\/wp\/v2\/media?parent=65476"}],"wp:term":[{"taxonomy":"product_cat","embeddable":true,"href":"https:\/\/dev6.erresse-shop.it\/fr\/wp-json\/wp\/v2\/product_cat?post=65476"},{"taxonomy":"product_tag","embeddable":true,"href":"https:\/\/dev6.erresse-shop.it\/fr\/wp-json\/wp\/v2\/product_tag?post=65476"}],"curies":[{"name":"wp","href":"https:\/\/api.w.org\/{rel}","templated":true}]}}