{"id":65388,"date":"2026-04-12T12:11:46","date_gmt":"2026-04-12T10:11:46","guid":{"rendered":"https:\/\/dev6.erresse-shop.it\/shop\/non%20class\u00e9\/le-creuset-tire-bouchon-amico-del-sommelier-premium-noir\/"},"modified":"2025-09-14T06:07:19","modified_gmt":"2025-09-14T04:07:19","slug":"le-creuset-tire-bouchon-amico-del-sommelier-premium-noir","status":"publish","type":"product","link":"https:\/\/dev6.erresse-shop.it\/fr\/shop\/table-fr-2\/vin\/tire-bouchons\/le-creuset-tire-bouchon-amico-del-sommelier-premium-noir\/","title":{"rendered":"LE CREUSET Tire-bouchon Amico del Sommelier Premium Noir"},"content":{"rendered":"<p class=\"mb-3\" style=\"text-align: justific;\">Les amateurs de vin se tournent vers le tire-bouchon de serveur compact pour ouvrir les bouteilles en toute simplicit\u00e9. Son design \u00e9l\u00e9gant offre un excellent effet de levier, et l\u2019ouverture innovante et sans effort en une seule \u00e9tape fait passer l\u2019ouverture de la bouteille \u00e0 un niveau sup\u00e9rieur. Dot\u00e9 d\u2019une luxueuse poign\u00e9e en noyer noir pour une prise en main confortable, il comprend \u00e9galement un coupe-capsule et un ouvre-bouteille int\u00e9gr\u00e9s.<\/p>\n<p class=\"mb-3\">Le meilleur de sa cat\u00e9gorie\u00a0: nos produits sont fabriqu\u00e9s avec les meilleurs mat\u00e9riaux dans des usines situ\u00e9es \u00e0 travers le monde pour garantir la qualit\u00e9 que vous attendez de Le\u00a0Creuset.<\/p>\n<p>Mat\u00e9riel: Acier inoxydable<br \/>\nFabriqu\u00e9 en Chine<\/p>\n<p>Nettoyage et entretien\u00a0:<\/p>\n<p>Attention lors du nettoyage du tire-bouchon : la pointe est pointue !<br \/>\nNettoyez occasionnellement le tire-bouchon \u00e0 l\u2019aide d\u2019un chiffon humide ou d\u2019eau ti\u00e8de savonneuse.<br \/>\nApr\u00e8s le lavage, s\u00e9chez soigneusement le produit et rangez-le dans un endroit sec.<\/p>\n","protected":false},"excerpt":{"rendered":"<p>Les amateurs de vin se tournent vers le tire-bouchon de serveur compact pour ouvrir les bouteilles en toute simplicit\u00e9. Son design \u00e9l\u00e9gant offre un excellent effet de levier, et l\u2019ouverture innovante et sans effort en une seule \u00e9tape fait passer l\u2019ouverture de la bouteille \u00e0 un niveau sup\u00e9rieur. Dot\u00e9 d\u2019une luxueuse poign\u00e9e en noyer noir [&hellip;]<\/p>\n","protected":false},"featured_media":6371411,"template":"","meta":{"_acf_changed":false},"product_cat":[11995,12080,12069],"product_tag":[],"class_list":{"0":"post-65388","1":"product","2":"type-product","3":"status-publish","4":"has-post-thumbnail","6":"product_cat-table-fr-2","7":"product_cat-tire-bouchons","8":"product_cat-vin","10":"first","11":"instock","12":"taxable","13":"shipping-taxable","14":"purchasable","15":"product-type-simple","swatches":"rey-swatches","show_selected":"","stretch_labels":"rey-swatches--stretch-labels"},"acf":[],"yoast_head":"<!-- This site is optimized with the Yoast SEO plugin v25.4 - https:\/\/yoast.com\/wordpress\/plugins\/seo\/ -->\n<title>LE CREUSET Tire-bouchon Amico del Sommelier Premium Noir - dev6 Erresse<\/title>\n<meta name=\"description\" content=\"Les amateurs de vin se tournent vers le tire-bouchon de serveur compact pour ouvrir les bouteilles en toute simplicit\u00e9. Son design \u00e9l\u00e9gant offre un\" \/>\n<meta name=\"robots\" content=\"noindex, follow, max-snippet:-1, max-image-preview:large, max-video-preview:-1\" \/>\n<meta property=\"og:locale\" content=\"fr_FR\" \/>\n<meta property=\"og:type\" content=\"article\" \/>\n<meta property=\"og:title\" content=\"LE CREUSET Tire-bouchon Amico del Sommelier Premium Noir - dev6 Erresse\" \/>\n<meta property=\"og:description\" content=\"Les amateurs de vin se tournent vers le tire-bouchon de serveur compact pour ouvrir les bouteilles en toute simplicit\u00e9. Son design \u00e9l\u00e9gant offre un\" \/>\n<meta property=\"og:url\" content=\"https:\/\/dev6.erresse-shop.it\/fr\/shop\/table-fr-2\/vin\/tire-bouchons\/le-creuset-tire-bouchon-amico-del-sommelier-premium-noir\/\" \/>\n<meta property=\"og:site_name\" content=\"dev6 Erresse\" \/>\n<meta property=\"og:image\" content=\"https:\/\/interpim.erresse-shop.it\/Import\/Prodotti\/le-creuset-cavatappi-amico-del-sommelier-premium-nero.jpg\" \/><meta property=\"og:image\" content=\"https:\/\/interpim.erresse-shop.it\/Import\/Prodotti\/le-creuset-cavatappi-amico-del-sommelier-premium-nero.jpg\" \/>\n\t<meta property=\"og:image:width\" content=\"1024\" \/>\n\t<meta property=\"og:image:height\" content=\"1024\" \/>\n\t<meta property=\"og:image:type\" content=\"image\/jpeg\" \/>\n<meta name=\"twitter:card\" content=\"summary_large_image\" \/>\n<meta name=\"twitter:image\" content=\"https:\/\/interpim.erresse-shop.it\/Import\/Prodotti\/le-creuset-cavatappi-amico-del-sommelier-premium-nero.jpg\" \/>\n<script type=\"application\/ld+json\" class=\"yoast-schema-graph\">{\"@context\":\"https:\/\/schema.org\",\"@graph\":[{\"@type\":\"WebPage\",\"@id\":\"https:\/\/dev6.erresse-shop.it\/fr\/shop\/table-fr-2\/vin\/tire-bouchons\/le-creuset-tire-bouchon-amico-del-sommelier-premium-noir\/\",\"url\":\"https:\/\/dev6.erresse-shop.it\/fr\/shop\/table-fr-2\/vin\/tire-bouchons\/le-creuset-tire-bouchon-amico-del-sommelier-premium-noir\/\",\"name\":\"LE CREUSET Tire-bouchon Amico del Sommelier Premium Noir - dev6 Erresse\",\"isPartOf\":{\"@id\":\"https:\/\/dev6.erresse-shop.it\/#website\"},\"primaryImageOfPage\":{\"@id\":\"https:\/\/dev6.erresse-shop.it\/fr\/shop\/table-fr-2\/vin\/tire-bouchons\/le-creuset-tire-bouchon-amico-del-sommelier-premium-noir\/#primaryimage\"},\"image\":{\"@id\":\"https:\/\/dev6.erresse-shop.it\/fr\/shop\/table-fr-2\/vin\/tire-bouchons\/le-creuset-tire-bouchon-amico-del-sommelier-premium-noir\/#primaryimage\"},\"thumbnailUrl\":\"https:\/\/i2.wp.com\/interpim.erresse-shop.it\/Import\/Prodotti\/le-creuset-cavatappi-amico-del-sommelier-premium-nero.jpg?ssl=1\",\"datePublished\":\"2026-04-12T10:11:46+00:00\",\"description\":\"Les amateurs de vin se tournent vers le tire-bouchon de serveur compact pour ouvrir les bouteilles en toute simplicit\u00e9. Son design \u00e9l\u00e9gant offre un\",\"breadcrumb\":{\"@id\":\"https:\/\/dev6.erresse-shop.it\/fr\/shop\/table-fr-2\/vin\/tire-bouchons\/le-creuset-tire-bouchon-amico-del-sommelier-premium-noir\/#breadcrumb\"},\"inLanguage\":\"fr-FR\",\"potentialAction\":[{\"@type\":\"ReadAction\",\"target\":[\"https:\/\/dev6.erresse-shop.it\/fr\/shop\/table-fr-2\/vin\/tire-bouchons\/le-creuset-tire-bouchon-amico-del-sommelier-premium-noir\/\"]}]},{\"@type\":\"ImageObject\",\"inLanguage\":\"fr-FR\",\"@id\":\"https:\/\/dev6.erresse-shop.it\/fr\/shop\/table-fr-2\/vin\/tire-bouchons\/le-creuset-tire-bouchon-amico-del-sommelier-premium-noir\/#primaryimage\",\"url\":\"https:\/\/i2.wp.com\/interpim.erresse-shop.it\/Import\/Prodotti\/le-creuset-cavatappi-amico-del-sommelier-premium-nero.jpg?ssl=1\",\"contentUrl\":\"https:\/\/i2.wp.com\/interpim.erresse-shop.it\/Import\/Prodotti\/le-creuset-cavatappi-amico-del-sommelier-premium-nero.jpg?ssl=1\"},{\"@type\":\"BreadcrumbList\",\"@id\":\"https:\/\/dev6.erresse-shop.it\/fr\/shop\/table-fr-2\/vin\/tire-bouchons\/le-creuset-tire-bouchon-amico-del-sommelier-premium-noir\/#breadcrumb\",\"itemListElement\":[{\"@type\":\"ListItem\",\"position\":1,\"name\":\"Home\",\"item\":\"https:\/\/dev6.erresse-shop.it\/\"},{\"@type\":\"ListItem\",\"position\":2,\"name\":\"Boutique\",\"item\":\"https:\/\/dev6.erresse-shop.it\/shop\/\"},{\"@type\":\"ListItem\",\"position\":3,\"name\":\"LE CREUSET Tire-bouchon Amico del Sommelier Premium Noir\"}]},{\"@type\":\"WebSite\",\"@id\":\"https:\/\/dev6.erresse-shop.it\/#website\",\"url\":\"https:\/\/dev6.erresse-shop.it\/\",\"name\":\"Erresse Shop\",\"description\":\"\",\"publisher\":{\"@id\":\"https:\/\/dev6.erresse-shop.it\/#organization\"},\"potentialAction\":[{\"@type\":\"SearchAction\",\"target\":{\"@type\":\"EntryPoint\",\"urlTemplate\":\"https:\/\/dev6.erresse-shop.it\/?s={search_term_string}\"},\"query-input\":{\"@type\":\"PropertyValueSpecification\",\"valueRequired\":true,\"valueName\":\"search_term_string\"}}],\"inLanguage\":\"fr-FR\"},{\"@type\":\"Organization\",\"@id\":\"https:\/\/dev6.erresse-shop.it\/#organization\",\"name\":\"Erresse Shop\",\"url\":\"https:\/\/dev6.erresse-shop.it\/\",\"logo\":{\"@type\":\"ImageObject\",\"inLanguage\":\"fr-FR\",\"@id\":\"https:\/\/dev6.erresse-shop.it\/#\/schema\/logo\/image\/\",\"url\":\"https:\/\/dev6.erresse-shop.it\/wp-content\/uploads\/2025\/01\/LOGO-ERRESSE-CLASSICO.svg\",\"contentUrl\":\"https:\/\/dev6.erresse-shop.it\/wp-content\/uploads\/2025\/01\/LOGO-ERRESSE-CLASSICO.svg\",\"caption\":\"Erresse Shop\"},\"image\":{\"@id\":\"https:\/\/dev6.erresse-shop.it\/#\/schema\/logo\/image\/\"}}]}<\/script>\n<!-- \/ Yoast SEO plugin. -->","yoast_head_json":{"title":"LE CREUSET Tire-bouchon Amico del Sommelier Premium Noir - dev6 Erresse","description":"Les amateurs de vin se tournent vers le tire-bouchon de serveur compact pour ouvrir les bouteilles en toute simplicit\u00e9. Son design \u00e9l\u00e9gant offre un","robots":{"index":"noindex","follow":"follow","max-snippet":"max-snippet:-1","max-image-preview":"max-image-preview:large","max-video-preview":"max-video-preview:-1"},"og_locale":"fr_FR","og_type":"article","og_title":"LE CREUSET Tire-bouchon Amico del Sommelier Premium Noir - dev6 Erresse","og_description":"Les amateurs de vin se tournent vers le tire-bouchon de serveur compact pour ouvrir les bouteilles en toute simplicit\u00e9. Son design \u00e9l\u00e9gant offre un","og_url":"https:\/\/dev6.erresse-shop.it\/fr\/shop\/table-fr-2\/vin\/tire-bouchons\/le-creuset-tire-bouchon-amico-del-sommelier-premium-noir\/","og_site_name":"dev6 Erresse","og_image":[{"url":"https:\/\/interpim.erresse-shop.it\/Import\/Prodotti\/le-creuset-cavatappi-amico-del-sommelier-premium-nero.jpg","type":"","width":"","height":""},{"url":"https:\/\/interpim.erresse-shop.it\/Import\/Prodotti\/le-creuset-cavatappi-amico-del-sommelier-premium-nero.jpg","width":1024,"height":1024,"type":"image\/jpeg"}],"twitter_card":"summary_large_image","twitter_image":"https:\/\/interpim.erresse-shop.it\/Import\/Prodotti\/le-creuset-cavatappi-amico-del-sommelier-premium-nero.jpg","schema":{"@context":"https:\/\/schema.org","@graph":[{"@type":"WebPage","@id":"https:\/\/dev6.erresse-shop.it\/fr\/shop\/table-fr-2\/vin\/tire-bouchons\/le-creuset-tire-bouchon-amico-del-sommelier-premium-noir\/","url":"https:\/\/dev6.erresse-shop.it\/fr\/shop\/table-fr-2\/vin\/tire-bouchons\/le-creuset-tire-bouchon-amico-del-sommelier-premium-noir\/","name":"LE CREUSET Tire-bouchon Amico del Sommelier Premium Noir - dev6 Erresse","isPartOf":{"@id":"https:\/\/dev6.erresse-shop.it\/#website"},"primaryImageOfPage":{"@id":"https:\/\/dev6.erresse-shop.it\/fr\/shop\/table-fr-2\/vin\/tire-bouchons\/le-creuset-tire-bouchon-amico-del-sommelier-premium-noir\/#primaryimage"},"image":{"@id":"https:\/\/dev6.erresse-shop.it\/fr\/shop\/table-fr-2\/vin\/tire-bouchons\/le-creuset-tire-bouchon-amico-del-sommelier-premium-noir\/#primaryimage"},"thumbnailUrl":"https:\/\/i2.wp.com\/interpim.erresse-shop.it\/Import\/Prodotti\/le-creuset-cavatappi-amico-del-sommelier-premium-nero.jpg?ssl=1","datePublished":"2026-04-12T10:11:46+00:00","description":"Les amateurs de vin se tournent vers le tire-bouchon de serveur compact pour ouvrir les bouteilles en toute simplicit\u00e9. Son design \u00e9l\u00e9gant offre un","breadcrumb":{"@id":"https:\/\/dev6.erresse-shop.it\/fr\/shop\/table-fr-2\/vin\/tire-bouchons\/le-creuset-tire-bouchon-amico-del-sommelier-premium-noir\/#breadcrumb"},"inLanguage":"fr-FR","potentialAction":[{"@type":"ReadAction","target":["https:\/\/dev6.erresse-shop.it\/fr\/shop\/table-fr-2\/vin\/tire-bouchons\/le-creuset-tire-bouchon-amico-del-sommelier-premium-noir\/"]}]},{"@type":"ImageObject","inLanguage":"fr-FR","@id":"https:\/\/dev6.erresse-shop.it\/fr\/shop\/table-fr-2\/vin\/tire-bouchons\/le-creuset-tire-bouchon-amico-del-sommelier-premium-noir\/#primaryimage","url":"https:\/\/i2.wp.com\/interpim.erresse-shop.it\/Import\/Prodotti\/le-creuset-cavatappi-amico-del-sommelier-premium-nero.jpg?ssl=1","contentUrl":"https:\/\/i2.wp.com\/interpim.erresse-shop.it\/Import\/Prodotti\/le-creuset-cavatappi-amico-del-sommelier-premium-nero.jpg?ssl=1"},{"@type":"BreadcrumbList","@id":"https:\/\/dev6.erresse-shop.it\/fr\/shop\/table-fr-2\/vin\/tire-bouchons\/le-creuset-tire-bouchon-amico-del-sommelier-premium-noir\/#breadcrumb","itemListElement":[{"@type":"ListItem","position":1,"name":"Home","item":"https:\/\/dev6.erresse-shop.it\/"},{"@type":"ListItem","position":2,"name":"Boutique","item":"https:\/\/dev6.erresse-shop.it\/shop\/"},{"@type":"ListItem","position":3,"name":"LE CREUSET Tire-bouchon Amico del Sommelier Premium Noir"}]},{"@type":"WebSite","@id":"https:\/\/dev6.erresse-shop.it\/#website","url":"https:\/\/dev6.erresse-shop.it\/","name":"Erresse Shop","description":"","publisher":{"@id":"https:\/\/dev6.erresse-shop.it\/#organization"},"potentialAction":[{"@type":"SearchAction","target":{"@type":"EntryPoint","urlTemplate":"https:\/\/dev6.erresse-shop.it\/?s={search_term_string}"},"query-input":{"@type":"PropertyValueSpecification","valueRequired":true,"valueName":"search_term_string"}}],"inLanguage":"fr-FR"},{"@type":"Organization","@id":"https:\/\/dev6.erresse-shop.it\/#organization","name":"Erresse Shop","url":"https:\/\/dev6.erresse-shop.it\/","logo":{"@type":"ImageObject","inLanguage":"fr-FR","@id":"https:\/\/dev6.erresse-shop.it\/#\/schema\/logo\/image\/","url":"https:\/\/dev6.erresse-shop.it\/wp-content\/uploads\/2025\/01\/LOGO-ERRESSE-CLASSICO.svg","contentUrl":"https:\/\/dev6.erresse-shop.it\/wp-content\/uploads\/2025\/01\/LOGO-ERRESSE-CLASSICO.svg","caption":"Erresse Shop"},"image":{"@id":"https:\/\/dev6.erresse-shop.it\/#\/schema\/logo\/image\/"}}]}},"df_price":49,"df_sale_price":"","df_regular_price":49,"df_image_link":"https:\/\/i2.wp.com\/interpim.erresse-shop.it\/Import\/Prodotti\/le-creuset-cavatappi-amico-del-sommelier-premium-nero.jpg?resize=300,300&ssl=1","fifu_image_url":"https:\/\/interpim.erresse-shop.it\/Import\/Prodotti\/le-creuset-cavatappi-amico-del-sommelier-premium-nero.jpg","_links":{"self":[{"href":"https:\/\/dev6.erresse-shop.it\/fr\/wp-json\/wp\/v2\/product\/65388","targetHints":{"allow":["GET"]}}],"collection":[{"href":"https:\/\/dev6.erresse-shop.it\/fr\/wp-json\/wp\/v2\/product"}],"about":[{"href":"https:\/\/dev6.erresse-shop.it\/fr\/wp-json\/wp\/v2\/types\/product"}],"wp:featuredmedia":[{"embeddable":true,"href":"https:\/\/dev6.erresse-shop.it\/fr\/wp-json\/wp\/v2\/media\/6371411"}],"wp:attachment":[{"href":"https:\/\/dev6.erresse-shop.it\/fr\/wp-json\/wp\/v2\/media?parent=65388"}],"wp:term":[{"taxonomy":"product_cat","embeddable":true,"href":"https:\/\/dev6.erresse-shop.it\/fr\/wp-json\/wp\/v2\/product_cat?post=65388"},{"taxonomy":"product_tag","embeddable":true,"href":"https:\/\/dev6.erresse-shop.it\/fr\/wp-json\/wp\/v2\/product_tag?post=65388"}],"curies":[{"name":"wp","href":"https:\/\/api.w.org\/{rel}","templated":true}]}}