{"id":65370,"date":"2026-04-12T12:09:24","date_gmt":"2026-04-12T10:09:24","guid":{"rendered":"https:\/\/dev6.erresse-shop.it\/shop\/non%20class\u00e9\/le-creuset-plat-a-beurre-citrouille\/"},"modified":"2025-09-14T06:06:39","modified_gmt":"2025-09-14T04:06:39","slug":"le-creuset-plat-a-beurre-citrouille","status":"publish","type":"product","link":"https:\/\/dev6.erresse-shop.it\/fr\/shop\/table-fr-2\/plats-de-service\/le-creuset-plat-a-beurre-citrouille\/","title":{"rendered":"Le Creuset Plat \u00e0 beurre Citrouille"},"content":{"rendered":"<p class=\"mb-3\" style=\"text-align: justifier;\">Avec un design ravissant, le beurrier citrouille est un bel ajout saisonnier \u00e0 la cuisine et sur la table. Il est \u00e9galement parfait pour cuisiner des entr\u00e9es, servir des gratins individuels et des accompagnements, ou encore pour des desserts comme des mousses et des cr\u00e8mes br\u00fbl\u00e9es. Le couvercle en gr\u00e8s \u00e9maill\u00e9 retient l\u2019humidit\u00e9 et la chaleur pendant la cuisson et maintient le beurre \u00e0 la temp\u00e9rature id\u00e9ale. Fabriqu\u00e9 en gr\u00e8s vitrifi\u00e9 de la meilleure qualit\u00e9, le beurrier Zucca est facile \u00e0 nettoyer, va au lave-vaisselle et r\u00e9siste aux rayures et aux taches.<\/p>\n<p class=\"mb-3\">Toujours \u00e0 la hauteur\u00a0: notre gr\u00e8s vitrifi\u00e9 est r\u00e9sistant aux rayures et facile \u00e0 nettoyer.<\/p>\n<p class=\"mb-3\">Excellence artisanale\u00a0: fabriqu\u00e9s en gr\u00e8s de haute qualit\u00e9, nos produits en gr\u00e8s vitrifi\u00e9 maintiennent des temp\u00e9ratures uniformes et garantissent r\u00e9sistance et durabilit\u00e9 dans le temps.<\/p>\n<p class=\"mb-3\">Convient aussi bien au chaud qu\u2019au froid : notre gr\u00e8s vitrifi\u00e9 r\u00e9siste \u00e0 la chaleur de -23\u00b0C \u00e0 &#43;260\u00b0C.<\/p>\n<p class=\"mb-3\">Le meilleur de sa cat\u00e9gorie\u00a0: nos produits sont fabriqu\u00e9s avec les meilleurs mat\u00e9riaux pour garantir la plus haute qualit\u00e9.<\/p>\n<p>Mat\u00e9riau : Gr\u00e8s vitrifi\u00e9<br \/>\nFabriqu\u00e9 en : Tha\u00eflande<br \/>\nGarantie : 10 ans<\/p>\n<p>Nettoyage et entretien\u00a0:<\/p>\n<p>Attendez que le produit refroidisse compl\u00e8tement avant de commencer \u00e0 le nettoyer.<br \/>\nEnlevez tout r\u00e9sidu de la base et des bords du produit. En cas de r\u00e9sidus alimentaires tenaces, remplissez le produit d\u2019eau ti\u00e8de savonneuse et laissez-le tremper pendant 15 \u00e0 20 minutes avant de le laver.<br \/>\nLavez et s\u00e9chez \u00e0 la main, ou placez votre produit en gr\u00e8s vitrifi\u00e9 au lave-vaisselle pour un cycle complet.<\/p>\n","protected":false},"excerpt":{"rendered":"<p>Avec un design ravissant, le beurrier citrouille est un bel ajout saisonnier \u00e0 la cuisine et sur la table. Il est \u00e9galement parfait pour cuisiner des entr\u00e9es, servir des gratins individuels et des accompagnements, ou encore pour des desserts comme des mousses et des cr\u00e8mes br\u00fbl\u00e9es. Le couvercle en gr\u00e8s \u00e9maill\u00e9 retient l\u2019humidit\u00e9 et la [&hellip;]<\/p>\n","protected":false},"featured_media":6371311,"template":"","meta":{"_acf_changed":false},"product_cat":[12045,11995,11671],"product_tag":[],"class_list":{"0":"post-65370","1":"product","2":"type-product","3":"status-publish","4":"has-post-thumbnail","6":"product_cat-plats-de-service","7":"product_cat-table-fr-2","8":"product_cat-tavola","10":"first","11":"instock","12":"sale","13":"taxable","14":"shipping-taxable","15":"purchasable","16":"product-type-simple","swatches":"rey-swatches","show_selected":"","stretch_labels":"rey-swatches--stretch-labels"},"acf":[],"yoast_head":"<!-- This site is optimized with the Yoast SEO plugin v25.4 - https:\/\/yoast.com\/wordpress\/plugins\/seo\/ -->\n<title>Le Creuset Plat \u00e0 beurre Citrouille - dev6 Erresse<\/title>\n<meta name=\"description\" content=\"Avec un design ravissant, le beurrier citrouille est un bel ajout saisonnier \u00e0 la cuisine et sur la table. Il est \u00e9galement parfait pour cuisiner des\" \/>\n<meta name=\"robots\" content=\"noindex, follow, max-snippet:-1, max-image-preview:large, max-video-preview:-1\" \/>\n<meta property=\"og:locale\" content=\"fr_FR\" \/>\n<meta property=\"og:type\" content=\"article\" \/>\n<meta property=\"og:title\" content=\"Le Creuset Plat \u00e0 beurre Citrouille - dev6 Erresse\" \/>\n<meta property=\"og:description\" content=\"Avec un design ravissant, le beurrier citrouille est un bel ajout saisonnier \u00e0 la cuisine et sur la table. Il est \u00e9galement parfait pour cuisiner des\" \/>\n<meta property=\"og:url\" content=\"https:\/\/dev6.erresse-shop.it\/fr\/shop\/table-fr-2\/plats-de-service\/le-creuset-plat-a-beurre-citrouille\/\" \/>\n<meta property=\"og:site_name\" content=\"dev6 Erresse\" \/>\n<meta property=\"og:image\" content=\"https:\/\/interpim.erresse-shop.it\/Import\/Prodotti\/le-creuset-porta-burro-zucca.jpg\" \/><meta property=\"og:image\" content=\"https:\/\/interpim.erresse-shop.it\/Import\/Prodotti\/le-creuset-porta-burro-zucca.jpg\" \/>\n\t<meta property=\"og:image:width\" content=\"1024\" \/>\n\t<meta property=\"og:image:height\" content=\"1024\" \/>\n\t<meta property=\"og:image:type\" content=\"image\/jpeg\" \/>\n<meta name=\"twitter:card\" content=\"summary_large_image\" \/>\n<meta name=\"twitter:image\" content=\"https:\/\/interpim.erresse-shop.it\/Import\/Prodotti\/le-creuset-porta-burro-zucca.jpg\" \/>\n<script type=\"application\/ld+json\" class=\"yoast-schema-graph\">{\"@context\":\"https:\/\/schema.org\",\"@graph\":[{\"@type\":\"WebPage\",\"@id\":\"https:\/\/dev6.erresse-shop.it\/fr\/shop\/table-fr-2\/plats-de-service\/le-creuset-plat-a-beurre-citrouille\/\",\"url\":\"https:\/\/dev6.erresse-shop.it\/fr\/shop\/table-fr-2\/plats-de-service\/le-creuset-plat-a-beurre-citrouille\/\",\"name\":\"Le Creuset Plat \u00e0 beurre Citrouille - dev6 Erresse\",\"isPartOf\":{\"@id\":\"https:\/\/dev6.erresse-shop.it\/#website\"},\"primaryImageOfPage\":{\"@id\":\"https:\/\/dev6.erresse-shop.it\/fr\/shop\/table-fr-2\/plats-de-service\/le-creuset-plat-a-beurre-citrouille\/#primaryimage\"},\"image\":{\"@id\":\"https:\/\/dev6.erresse-shop.it\/fr\/shop\/table-fr-2\/plats-de-service\/le-creuset-plat-a-beurre-citrouille\/#primaryimage\"},\"thumbnailUrl\":\"https:\/\/i1.wp.com\/interpim.erresse-shop.it\/Import\/Prodotti\/le-creuset-porta-burro-zucca.jpg?ssl=1\",\"datePublished\":\"2026-04-12T10:09:24+00:00\",\"description\":\"Avec un design ravissant, le beurrier citrouille est un bel ajout saisonnier \u00e0 la cuisine et sur la table. Il est \u00e9galement parfait pour cuisiner des\",\"breadcrumb\":{\"@id\":\"https:\/\/dev6.erresse-shop.it\/fr\/shop\/table-fr-2\/plats-de-service\/le-creuset-plat-a-beurre-citrouille\/#breadcrumb\"},\"inLanguage\":\"fr-FR\",\"potentialAction\":[{\"@type\":\"ReadAction\",\"target\":[\"https:\/\/dev6.erresse-shop.it\/fr\/shop\/table-fr-2\/plats-de-service\/le-creuset-plat-a-beurre-citrouille\/\"]}]},{\"@type\":\"ImageObject\",\"inLanguage\":\"fr-FR\",\"@id\":\"https:\/\/dev6.erresse-shop.it\/fr\/shop\/table-fr-2\/plats-de-service\/le-creuset-plat-a-beurre-citrouille\/#primaryimage\",\"url\":\"https:\/\/i1.wp.com\/interpim.erresse-shop.it\/Import\/Prodotti\/le-creuset-porta-burro-zucca.jpg?ssl=1\",\"contentUrl\":\"https:\/\/i1.wp.com\/interpim.erresse-shop.it\/Import\/Prodotti\/le-creuset-porta-burro-zucca.jpg?ssl=1\"},{\"@type\":\"BreadcrumbList\",\"@id\":\"https:\/\/dev6.erresse-shop.it\/fr\/shop\/table-fr-2\/plats-de-service\/le-creuset-plat-a-beurre-citrouille\/#breadcrumb\",\"itemListElement\":[{\"@type\":\"ListItem\",\"position\":1,\"name\":\"Home\",\"item\":\"https:\/\/dev6.erresse-shop.it\/\"},{\"@type\":\"ListItem\",\"position\":2,\"name\":\"Boutique\",\"item\":\"https:\/\/dev6.erresse-shop.it\/shop\/\"},{\"@type\":\"ListItem\",\"position\":3,\"name\":\"Le Creuset Plat \u00e0 beurre Citrouille\"}]},{\"@type\":\"WebSite\",\"@id\":\"https:\/\/dev6.erresse-shop.it\/#website\",\"url\":\"https:\/\/dev6.erresse-shop.it\/\",\"name\":\"Erresse Shop\",\"description\":\"\",\"publisher\":{\"@id\":\"https:\/\/dev6.erresse-shop.it\/#organization\"},\"potentialAction\":[{\"@type\":\"SearchAction\",\"target\":{\"@type\":\"EntryPoint\",\"urlTemplate\":\"https:\/\/dev6.erresse-shop.it\/?s={search_term_string}\"},\"query-input\":{\"@type\":\"PropertyValueSpecification\",\"valueRequired\":true,\"valueName\":\"search_term_string\"}}],\"inLanguage\":\"fr-FR\"},{\"@type\":\"Organization\",\"@id\":\"https:\/\/dev6.erresse-shop.it\/#organization\",\"name\":\"Erresse Shop\",\"url\":\"https:\/\/dev6.erresse-shop.it\/\",\"logo\":{\"@type\":\"ImageObject\",\"inLanguage\":\"fr-FR\",\"@id\":\"https:\/\/dev6.erresse-shop.it\/#\/schema\/logo\/image\/\",\"url\":\"https:\/\/dev6.erresse-shop.it\/wp-content\/uploads\/2025\/01\/LOGO-ERRESSE-CLASSICO.svg\",\"contentUrl\":\"https:\/\/dev6.erresse-shop.it\/wp-content\/uploads\/2025\/01\/LOGO-ERRESSE-CLASSICO.svg\",\"caption\":\"Erresse Shop\"},\"image\":{\"@id\":\"https:\/\/dev6.erresse-shop.it\/#\/schema\/logo\/image\/\"}}]}<\/script>\n<!-- \/ Yoast SEO plugin. -->","yoast_head_json":{"title":"Le Creuset Plat \u00e0 beurre Citrouille - dev6 Erresse","description":"Avec un design ravissant, le beurrier citrouille est un bel ajout saisonnier \u00e0 la cuisine et sur la table. Il est \u00e9galement parfait pour cuisiner des","robots":{"index":"noindex","follow":"follow","max-snippet":"max-snippet:-1","max-image-preview":"max-image-preview:large","max-video-preview":"max-video-preview:-1"},"og_locale":"fr_FR","og_type":"article","og_title":"Le Creuset Plat \u00e0 beurre Citrouille - dev6 Erresse","og_description":"Avec un design ravissant, le beurrier citrouille est un bel ajout saisonnier \u00e0 la cuisine et sur la table. Il est \u00e9galement parfait pour cuisiner des","og_url":"https:\/\/dev6.erresse-shop.it\/fr\/shop\/table-fr-2\/plats-de-service\/le-creuset-plat-a-beurre-citrouille\/","og_site_name":"dev6 Erresse","og_image":[{"url":"https:\/\/interpim.erresse-shop.it\/Import\/Prodotti\/le-creuset-porta-burro-zucca.jpg","type":"","width":"","height":""},{"url":"https:\/\/interpim.erresse-shop.it\/Import\/Prodotti\/le-creuset-porta-burro-zucca.jpg","width":1024,"height":1024,"type":"image\/jpeg"}],"twitter_card":"summary_large_image","twitter_image":"https:\/\/interpim.erresse-shop.it\/Import\/Prodotti\/le-creuset-porta-burro-zucca.jpg","schema":{"@context":"https:\/\/schema.org","@graph":[{"@type":"WebPage","@id":"https:\/\/dev6.erresse-shop.it\/fr\/shop\/table-fr-2\/plats-de-service\/le-creuset-plat-a-beurre-citrouille\/","url":"https:\/\/dev6.erresse-shop.it\/fr\/shop\/table-fr-2\/plats-de-service\/le-creuset-plat-a-beurre-citrouille\/","name":"Le Creuset Plat \u00e0 beurre Citrouille - dev6 Erresse","isPartOf":{"@id":"https:\/\/dev6.erresse-shop.it\/#website"},"primaryImageOfPage":{"@id":"https:\/\/dev6.erresse-shop.it\/fr\/shop\/table-fr-2\/plats-de-service\/le-creuset-plat-a-beurre-citrouille\/#primaryimage"},"image":{"@id":"https:\/\/dev6.erresse-shop.it\/fr\/shop\/table-fr-2\/plats-de-service\/le-creuset-plat-a-beurre-citrouille\/#primaryimage"},"thumbnailUrl":"https:\/\/i1.wp.com\/interpim.erresse-shop.it\/Import\/Prodotti\/le-creuset-porta-burro-zucca.jpg?ssl=1","datePublished":"2026-04-12T10:09:24+00:00","description":"Avec un design ravissant, le beurrier citrouille est un bel ajout saisonnier \u00e0 la cuisine et sur la table. Il est \u00e9galement parfait pour cuisiner des","breadcrumb":{"@id":"https:\/\/dev6.erresse-shop.it\/fr\/shop\/table-fr-2\/plats-de-service\/le-creuset-plat-a-beurre-citrouille\/#breadcrumb"},"inLanguage":"fr-FR","potentialAction":[{"@type":"ReadAction","target":["https:\/\/dev6.erresse-shop.it\/fr\/shop\/table-fr-2\/plats-de-service\/le-creuset-plat-a-beurre-citrouille\/"]}]},{"@type":"ImageObject","inLanguage":"fr-FR","@id":"https:\/\/dev6.erresse-shop.it\/fr\/shop\/table-fr-2\/plats-de-service\/le-creuset-plat-a-beurre-citrouille\/#primaryimage","url":"https:\/\/i1.wp.com\/interpim.erresse-shop.it\/Import\/Prodotti\/le-creuset-porta-burro-zucca.jpg?ssl=1","contentUrl":"https:\/\/i1.wp.com\/interpim.erresse-shop.it\/Import\/Prodotti\/le-creuset-porta-burro-zucca.jpg?ssl=1"},{"@type":"BreadcrumbList","@id":"https:\/\/dev6.erresse-shop.it\/fr\/shop\/table-fr-2\/plats-de-service\/le-creuset-plat-a-beurre-citrouille\/#breadcrumb","itemListElement":[{"@type":"ListItem","position":1,"name":"Home","item":"https:\/\/dev6.erresse-shop.it\/"},{"@type":"ListItem","position":2,"name":"Boutique","item":"https:\/\/dev6.erresse-shop.it\/shop\/"},{"@type":"ListItem","position":3,"name":"Le Creuset Plat \u00e0 beurre Citrouille"}]},{"@type":"WebSite","@id":"https:\/\/dev6.erresse-shop.it\/#website","url":"https:\/\/dev6.erresse-shop.it\/","name":"Erresse Shop","description":"","publisher":{"@id":"https:\/\/dev6.erresse-shop.it\/#organization"},"potentialAction":[{"@type":"SearchAction","target":{"@type":"EntryPoint","urlTemplate":"https:\/\/dev6.erresse-shop.it\/?s={search_term_string}"},"query-input":{"@type":"PropertyValueSpecification","valueRequired":true,"valueName":"search_term_string"}}],"inLanguage":"fr-FR"},{"@type":"Organization","@id":"https:\/\/dev6.erresse-shop.it\/#organization","name":"Erresse Shop","url":"https:\/\/dev6.erresse-shop.it\/","logo":{"@type":"ImageObject","inLanguage":"fr-FR","@id":"https:\/\/dev6.erresse-shop.it\/#\/schema\/logo\/image\/","url":"https:\/\/dev6.erresse-shop.it\/wp-content\/uploads\/2025\/01\/LOGO-ERRESSE-CLASSICO.svg","contentUrl":"https:\/\/dev6.erresse-shop.it\/wp-content\/uploads\/2025\/01\/LOGO-ERRESSE-CLASSICO.svg","caption":"Erresse Shop"},"image":{"@id":"https:\/\/dev6.erresse-shop.it\/#\/schema\/logo\/image\/"}}]}},"df_price":59.95,"df_sale_price":59.95,"df_regular_price":69,"df_image_link":"https:\/\/i1.wp.com\/interpim.erresse-shop.it\/Import\/Prodotti\/le-creuset-porta-burro-zucca.jpg?resize=300,300&ssl=1","fifu_image_url":"https:\/\/interpim.erresse-shop.it\/Import\/Prodotti\/le-creuset-porta-burro-zucca.jpg","_links":{"self":[{"href":"https:\/\/dev6.erresse-shop.it\/fr\/wp-json\/wp\/v2\/product\/65370","targetHints":{"allow":["GET"]}}],"collection":[{"href":"https:\/\/dev6.erresse-shop.it\/fr\/wp-json\/wp\/v2\/product"}],"about":[{"href":"https:\/\/dev6.erresse-shop.it\/fr\/wp-json\/wp\/v2\/types\/product"}],"wp:featuredmedia":[{"embeddable":true,"href":"https:\/\/dev6.erresse-shop.it\/fr\/wp-json\/wp\/v2\/media\/6371311"}],"wp:attachment":[{"href":"https:\/\/dev6.erresse-shop.it\/fr\/wp-json\/wp\/v2\/media?parent=65370"}],"wp:term":[{"taxonomy":"product_cat","embeddable":true,"href":"https:\/\/dev6.erresse-shop.it\/fr\/wp-json\/wp\/v2\/product_cat?post=65370"},{"taxonomy":"product_tag","embeddable":true,"href":"https:\/\/dev6.erresse-shop.it\/fr\/wp-json\/wp\/v2\/product_tag?post=65370"}],"curies":[{"name":"wp","href":"https:\/\/api.w.org\/{rel}","templated":true}]}}