{"id":65368,"date":"2026-04-12T12:09:24","date_gmt":"2026-04-12T10:09:24","guid":{"rendered":"https:\/\/dev6.erresse-shop.it\/shop\/non%20class\u00e9\/le-creuset-cocotte-ronde-en-fonte-evolution-christmas-tree-24-cm-blanc\/"},"modified":"2025-09-14T06:06:34","modified_gmt":"2025-09-14T04:06:34","slug":"le-creuset-cocotte-ronde-en-fonte-evolution-christmas-tree-24-cm-blanc","status":"publish","type":"product","link":"https:\/\/dev6.erresse-shop.it\/fr\/shop\/poeles-pots\/marmites-et-cocottes-poeles-pots\/le-creuset-cocotte-ronde-en-fonte-evolution-christmas-tree-24-cm-blanc\/","title":{"rendered":"Le Creuset Cocotte ronde en fonte Evolution Christmas Tree 24 cm Blanc"},"content":{"rendered":"<p class=\"mb-3\" style=\"text-align: justifier;\">Cette cocotte sur le th\u00e8me de No\u00ebl est une pi\u00e8ce de collection qui apportera de la joie \u00e0 la cuisine et \u00e0 votre table en cette p\u00e9riode des f\u00eates. Dot\u00e9e d\u2019un d\u00e9licat motif d\u2019arbre de No\u00ebl sur le couvercle, cette casserole est fabriqu\u00e9e en fonte \u00e9maill\u00e9e et orn\u00e9e d\u2019un bouton en forme d\u2019\u00e9toile dor\u00e9e. Sa forme et sa taille polyvalentes sont id\u00e9ales pour pr\u00e9parer tous les types de recettes, de la p\u00e2tisserie au r\u00f4tissage en passant par la cuisson lente et bien plus encore.<\/p>\n<p class=\"mb-3\">Poign\u00e9es de r\u00eave\u00a0: gr\u00e2ce \u00e0 nos larges poign\u00e9es, vous pouvez facilement passer de la cuisini\u00e8re \u00e0 la table, m\u00eame en utilisant des gants de cuisine.<\/p>\n<p class=\"mb-3\">Polyvalence\u00a0: ce produit convient au four, \u00e0 la cuisini\u00e8re et au four en mode grill<\/p>\n<p class=\"mb-3\">Des aliments savoureux\u00a0: la fonte vitrifi\u00e9e retient la chaleur pour une cuisson et une saisie uniformes. Vos d\u00e9licieuses cr\u00e9ations resteront chaudes plus longtemps m\u00eame \u00e0 table.<\/p>\n<p class=\"mb-3\">Pr\u00e9serve la succulence\u00a0: notre couvercle pr\u00e9serve la vapeur g\u00e9n\u00e9r\u00e9e par la cuisson des aliments et rehausse les saveurs, pour des r\u00e9sultats de cuisson extraordinaires.<\/p>\n<p class=\"mb-3\">Facile \u00e0 saisir\u00a0: les poign\u00e9es \u00e9l\u00e9gantes et confortables vous permettent de soulever le produit en toute s\u00e9curit\u00e9.<\/p>\n<p class=\"mb-3\">Pas trop chaud\u00a0: cuisinez \u00e0 une chaleur constante, faible \u00e0 moyenne, pour prendre soin de votre produit en fonte et obtenir de d\u00e9licieux r\u00e9sultats.<\/p>\n<p class=\"mb-3\">Le meilleur de sa cat\u00e9gorie\u00a0: nos produits sont fabriqu\u00e9s avec les meilleurs mat\u00e9riaux dans des usines situ\u00e9es \u00e0 travers le monde pour garantir la qualit\u00e9 que vous attendez de Le Creuset.<\/p>\n<p>Mat\u00e9riau : fonte vitrifi\u00e9e<br \/>\nFabriqu\u00e9 en : France<br \/>\nGarantie : \u00e0 vie<\/p>\n<p>Capacit\u00e9 : 4,2 L<\/p>\n<p>Source de chaleur\u00a0:<\/p>\n<p>Four<br \/>\nFour en mode grill<br \/>\nPlaque \u00e9lectrique<br \/>\nVerre c\u00e9ramique<br \/>\nCuisson \u00e0 gaz<br \/>\nPlaque \u00e0 induction<\/p>\n<p>Nettoyage et entretien\u00a0:<\/p>\n<p>Attendez que le produit refroidisse compl\u00e8tement avant de commencer \u00e0 le nettoyer.<br \/>\nEnlevez tout r\u00e9sidu de la base et des bords du produit. Pour les r\u00e9sidus alimentaires tenaces, remplissez le produit avec de l\u2019eau ti\u00e8de savonneuse et laissez tremper pendant 15 \u00e0 20 minutes avant de le laver comme d\u2019habitude.<br \/>\nN\u2019utilisez pas de d\u00e9tergents agressifs, d\u2019\u00e9ponges abrasives et\/ou m\u00e9talliques ou de brosses tr\u00e8s dures et rigides pour nettoyer les surfaces.<br \/>\nApr\u00e8s le lavage, s\u00e9chez soigneusement le produit et rangez-le dans un endroit sec.<br \/>\nCasserole\u00a0: Les casseroles avec poign\u00e9es en fonte et en ph\u00e9nolique vont au lave-vaisselle. Cependant, une utilisation constante du lave-vaisselle peut entra\u00eener un ternissement de la finition vitrifi\u00e9e.<br \/>\nCouvercle de casserole\u00a0: les couvercles avec boutons en acier inoxydable et en ph\u00e9nolique vont au lave-vaisselle. Les couvercles avec des boutons en or, iris\u00e9s, en cuivre et en nickel noir doivent \u00eatre lav\u00e9s \u00e0 la main pour conserver leur finition.<\/p>\n","protected":false},"excerpt":{"rendered":"<p>Cette cocotte sur le th\u00e8me de No\u00ebl est une pi\u00e8ce de collection qui apportera de la joie \u00e0 la cuisine et \u00e0 votre table en cette p\u00e9riode des f\u00eates. Dot\u00e9e d\u2019un d\u00e9licat motif d\u2019arbre de No\u00ebl sur le couvercle, cette casserole est fabriqu\u00e9e en fonte \u00e9maill\u00e9e et orn\u00e9e d\u2019un bouton en forme d\u2019\u00e9toile dor\u00e9e. Sa [&hellip;]<\/p>\n","protected":false},"featured_media":6371298,"template":"","meta":{"_acf_changed":false},"product_cat":[12000,11667,11991],"product_tag":[],"class_list":{"0":"post-65368","1":"product","2":"type-product","3":"status-publish","4":"has-post-thumbnail","6":"product_cat-marmites-et-cocottes-poeles-pots","7":"product_cat-padelle-pentole","8":"product_cat-poeles-pots","10":"first","11":"instock","12":"sale","13":"taxable","14":"shipping-taxable","15":"purchasable","16":"product-type-simple","swatches":"rey-swatches","show_selected":"","stretch_labels":"rey-swatches--stretch-labels"},"acf":[],"yoast_head":"<!-- This site is optimized with the Yoast SEO plugin v25.4 - https:\/\/yoast.com\/wordpress\/plugins\/seo\/ -->\n<title>Le Creuset Cocotte ronde en fonte Evolution Christmas Tree 24 cm Blanc - dev6 Erresse<\/title>\n<meta name=\"description\" content=\"Cette cocotte sur le th\u00e8me de No\u00ebl est une pi\u00e8ce de collection qui apportera de la joie \u00e0 la cuisine et \u00e0 votre table en cette p\u00e9riode des f\u00eates. Dot\u00e9e\" \/>\n<meta name=\"robots\" content=\"noindex, follow, max-snippet:-1, max-image-preview:large, max-video-preview:-1\" \/>\n<meta property=\"og:locale\" content=\"fr_FR\" \/>\n<meta property=\"og:type\" content=\"article\" \/>\n<meta property=\"og:title\" content=\"Le Creuset Cocotte ronde en fonte Evolution Christmas Tree 24 cm Blanc - dev6 Erresse\" \/>\n<meta property=\"og:description\" content=\"Cette cocotte sur le th\u00e8me de No\u00ebl est une pi\u00e8ce de collection qui apportera de la joie \u00e0 la cuisine et \u00e0 votre table en cette p\u00e9riode des f\u00eates. Dot\u00e9e\" \/>\n<meta property=\"og:url\" content=\"https:\/\/dev6.erresse-shop.it\/fr\/shop\/poeles-pots\/marmites-et-cocottes-poeles-pots\/le-creuset-cocotte-ronde-en-fonte-evolution-christmas-tree-24-cm-blanc\/\" \/>\n<meta property=\"og:site_name\" content=\"dev6 Erresse\" \/>\n<meta property=\"og:image\" content=\"https:\/\/interpim.erresse-shop.it\/Import\/Prodotti\/le-creuset-cocotte-rotonda-evolution-albero-di-natale-in-ghisa-24-cm-bianco.jpg\" \/><meta property=\"og:image\" content=\"https:\/\/interpim.erresse-shop.it\/Import\/Prodotti\/le-creuset-cocotte-rotonda-evolution-albero-di-natale-in-ghisa-24-cm-bianco.jpg\" \/>\n\t<meta property=\"og:image:width\" content=\"1024\" \/>\n\t<meta property=\"og:image:height\" content=\"1024\" \/>\n\t<meta property=\"og:image:type\" content=\"image\/jpeg\" \/>\n<meta name=\"twitter:card\" content=\"summary_large_image\" \/>\n<meta name=\"twitter:image\" content=\"https:\/\/interpim.erresse-shop.it\/Import\/Prodotti\/le-creuset-cocotte-rotonda-evolution-albero-di-natale-in-ghisa-24-cm-bianco.jpg\" \/>\n<script type=\"application\/ld+json\" class=\"yoast-schema-graph\">{\"@context\":\"https:\/\/schema.org\",\"@graph\":[{\"@type\":\"WebPage\",\"@id\":\"https:\/\/dev6.erresse-shop.it\/fr\/shop\/poeles-pots\/marmites-et-cocottes-poeles-pots\/le-creuset-cocotte-ronde-en-fonte-evolution-christmas-tree-24-cm-blanc\/\",\"url\":\"https:\/\/dev6.erresse-shop.it\/fr\/shop\/poeles-pots\/marmites-et-cocottes-poeles-pots\/le-creuset-cocotte-ronde-en-fonte-evolution-christmas-tree-24-cm-blanc\/\",\"name\":\"Le Creuset Cocotte ronde en fonte Evolution Christmas Tree 24 cm Blanc - dev6 Erresse\",\"isPartOf\":{\"@id\":\"https:\/\/dev6.erresse-shop.it\/#website\"},\"primaryImageOfPage\":{\"@id\":\"https:\/\/dev6.erresse-shop.it\/fr\/shop\/poeles-pots\/marmites-et-cocottes-poeles-pots\/le-creuset-cocotte-ronde-en-fonte-evolution-christmas-tree-24-cm-blanc\/#primaryimage\"},\"image\":{\"@id\":\"https:\/\/dev6.erresse-shop.it\/fr\/shop\/poeles-pots\/marmites-et-cocottes-poeles-pots\/le-creuset-cocotte-ronde-en-fonte-evolution-christmas-tree-24-cm-blanc\/#primaryimage\"},\"thumbnailUrl\":\"https:\/\/i1.wp.com\/interpim.erresse-shop.it\/Import\/Prodotti\/le-creuset-cocotte-rotonda-evolution-albero-di-natale-in-ghisa-24-cm-bianco.jpg?ssl=1\",\"datePublished\":\"2026-04-12T10:09:24+00:00\",\"description\":\"Cette cocotte sur le th\u00e8me de No\u00ebl est une pi\u00e8ce de collection qui apportera de la joie \u00e0 la cuisine et \u00e0 votre table en cette p\u00e9riode des f\u00eates. Dot\u00e9e\",\"breadcrumb\":{\"@id\":\"https:\/\/dev6.erresse-shop.it\/fr\/shop\/poeles-pots\/marmites-et-cocottes-poeles-pots\/le-creuset-cocotte-ronde-en-fonte-evolution-christmas-tree-24-cm-blanc\/#breadcrumb\"},\"inLanguage\":\"fr-FR\",\"potentialAction\":[{\"@type\":\"ReadAction\",\"target\":[\"https:\/\/dev6.erresse-shop.it\/fr\/shop\/poeles-pots\/marmites-et-cocottes-poeles-pots\/le-creuset-cocotte-ronde-en-fonte-evolution-christmas-tree-24-cm-blanc\/\"]}]},{\"@type\":\"ImageObject\",\"inLanguage\":\"fr-FR\",\"@id\":\"https:\/\/dev6.erresse-shop.it\/fr\/shop\/poeles-pots\/marmites-et-cocottes-poeles-pots\/le-creuset-cocotte-ronde-en-fonte-evolution-christmas-tree-24-cm-blanc\/#primaryimage\",\"url\":\"https:\/\/i1.wp.com\/interpim.erresse-shop.it\/Import\/Prodotti\/le-creuset-cocotte-rotonda-evolution-albero-di-natale-in-ghisa-24-cm-bianco.jpg?ssl=1\",\"contentUrl\":\"https:\/\/i1.wp.com\/interpim.erresse-shop.it\/Import\/Prodotti\/le-creuset-cocotte-rotonda-evolution-albero-di-natale-in-ghisa-24-cm-bianco.jpg?ssl=1\"},{\"@type\":\"BreadcrumbList\",\"@id\":\"https:\/\/dev6.erresse-shop.it\/fr\/shop\/poeles-pots\/marmites-et-cocottes-poeles-pots\/le-creuset-cocotte-ronde-en-fonte-evolution-christmas-tree-24-cm-blanc\/#breadcrumb\",\"itemListElement\":[{\"@type\":\"ListItem\",\"position\":1,\"name\":\"Home\",\"item\":\"https:\/\/dev6.erresse-shop.it\/\"},{\"@type\":\"ListItem\",\"position\":2,\"name\":\"Boutique\",\"item\":\"https:\/\/dev6.erresse-shop.it\/shop\/\"},{\"@type\":\"ListItem\",\"position\":3,\"name\":\"Le Creuset Cocotte ronde en fonte Evolution Christmas Tree 24 cm Blanc\"}]},{\"@type\":\"WebSite\",\"@id\":\"https:\/\/dev6.erresse-shop.it\/#website\",\"url\":\"https:\/\/dev6.erresse-shop.it\/\",\"name\":\"Erresse Shop\",\"description\":\"\",\"publisher\":{\"@id\":\"https:\/\/dev6.erresse-shop.it\/#organization\"},\"potentialAction\":[{\"@type\":\"SearchAction\",\"target\":{\"@type\":\"EntryPoint\",\"urlTemplate\":\"https:\/\/dev6.erresse-shop.it\/?s={search_term_string}\"},\"query-input\":{\"@type\":\"PropertyValueSpecification\",\"valueRequired\":true,\"valueName\":\"search_term_string\"}}],\"inLanguage\":\"fr-FR\"},{\"@type\":\"Organization\",\"@id\":\"https:\/\/dev6.erresse-shop.it\/#organization\",\"name\":\"Erresse Shop\",\"url\":\"https:\/\/dev6.erresse-shop.it\/\",\"logo\":{\"@type\":\"ImageObject\",\"inLanguage\":\"fr-FR\",\"@id\":\"https:\/\/dev6.erresse-shop.it\/#\/schema\/logo\/image\/\",\"url\":\"https:\/\/dev6.erresse-shop.it\/wp-content\/uploads\/2025\/01\/LOGO-ERRESSE-CLASSICO.svg\",\"contentUrl\":\"https:\/\/dev6.erresse-shop.it\/wp-content\/uploads\/2025\/01\/LOGO-ERRESSE-CLASSICO.svg\",\"caption\":\"Erresse Shop\"},\"image\":{\"@id\":\"https:\/\/dev6.erresse-shop.it\/#\/schema\/logo\/image\/\"}}]}<\/script>\n<!-- \/ Yoast SEO plugin. -->","yoast_head_json":{"title":"Le Creuset Cocotte ronde en fonte Evolution Christmas Tree 24 cm Blanc - dev6 Erresse","description":"Cette cocotte sur le th\u00e8me de No\u00ebl est une pi\u00e8ce de collection qui apportera de la joie \u00e0 la cuisine et \u00e0 votre table en cette p\u00e9riode des f\u00eates. Dot\u00e9e","robots":{"index":"noindex","follow":"follow","max-snippet":"max-snippet:-1","max-image-preview":"max-image-preview:large","max-video-preview":"max-video-preview:-1"},"og_locale":"fr_FR","og_type":"article","og_title":"Le Creuset Cocotte ronde en fonte Evolution Christmas Tree 24 cm Blanc - dev6 Erresse","og_description":"Cette cocotte sur le th\u00e8me de No\u00ebl est une pi\u00e8ce de collection qui apportera de la joie \u00e0 la cuisine et \u00e0 votre table en cette p\u00e9riode des f\u00eates. Dot\u00e9e","og_url":"https:\/\/dev6.erresse-shop.it\/fr\/shop\/poeles-pots\/marmites-et-cocottes-poeles-pots\/le-creuset-cocotte-ronde-en-fonte-evolution-christmas-tree-24-cm-blanc\/","og_site_name":"dev6 Erresse","og_image":[{"url":"https:\/\/interpim.erresse-shop.it\/Import\/Prodotti\/le-creuset-cocotte-rotonda-evolution-albero-di-natale-in-ghisa-24-cm-bianco.jpg","type":"","width":"","height":""},{"url":"https:\/\/interpim.erresse-shop.it\/Import\/Prodotti\/le-creuset-cocotte-rotonda-evolution-albero-di-natale-in-ghisa-24-cm-bianco.jpg","width":1024,"height":1024,"type":"image\/jpeg"}],"twitter_card":"summary_large_image","twitter_image":"https:\/\/interpim.erresse-shop.it\/Import\/Prodotti\/le-creuset-cocotte-rotonda-evolution-albero-di-natale-in-ghisa-24-cm-bianco.jpg","schema":{"@context":"https:\/\/schema.org","@graph":[{"@type":"WebPage","@id":"https:\/\/dev6.erresse-shop.it\/fr\/shop\/poeles-pots\/marmites-et-cocottes-poeles-pots\/le-creuset-cocotte-ronde-en-fonte-evolution-christmas-tree-24-cm-blanc\/","url":"https:\/\/dev6.erresse-shop.it\/fr\/shop\/poeles-pots\/marmites-et-cocottes-poeles-pots\/le-creuset-cocotte-ronde-en-fonte-evolution-christmas-tree-24-cm-blanc\/","name":"Le Creuset Cocotte ronde en fonte Evolution Christmas Tree 24 cm Blanc - dev6 Erresse","isPartOf":{"@id":"https:\/\/dev6.erresse-shop.it\/#website"},"primaryImageOfPage":{"@id":"https:\/\/dev6.erresse-shop.it\/fr\/shop\/poeles-pots\/marmites-et-cocottes-poeles-pots\/le-creuset-cocotte-ronde-en-fonte-evolution-christmas-tree-24-cm-blanc\/#primaryimage"},"image":{"@id":"https:\/\/dev6.erresse-shop.it\/fr\/shop\/poeles-pots\/marmites-et-cocottes-poeles-pots\/le-creuset-cocotte-ronde-en-fonte-evolution-christmas-tree-24-cm-blanc\/#primaryimage"},"thumbnailUrl":"https:\/\/i1.wp.com\/interpim.erresse-shop.it\/Import\/Prodotti\/le-creuset-cocotte-rotonda-evolution-albero-di-natale-in-ghisa-24-cm-bianco.jpg?ssl=1","datePublished":"2026-04-12T10:09:24+00:00","description":"Cette cocotte sur le th\u00e8me de No\u00ebl est une pi\u00e8ce de collection qui apportera de la joie \u00e0 la cuisine et \u00e0 votre table en cette p\u00e9riode des f\u00eates. Dot\u00e9e","breadcrumb":{"@id":"https:\/\/dev6.erresse-shop.it\/fr\/shop\/poeles-pots\/marmites-et-cocottes-poeles-pots\/le-creuset-cocotte-ronde-en-fonte-evolution-christmas-tree-24-cm-blanc\/#breadcrumb"},"inLanguage":"fr-FR","potentialAction":[{"@type":"ReadAction","target":["https:\/\/dev6.erresse-shop.it\/fr\/shop\/poeles-pots\/marmites-et-cocottes-poeles-pots\/le-creuset-cocotte-ronde-en-fonte-evolution-christmas-tree-24-cm-blanc\/"]}]},{"@type":"ImageObject","inLanguage":"fr-FR","@id":"https:\/\/dev6.erresse-shop.it\/fr\/shop\/poeles-pots\/marmites-et-cocottes-poeles-pots\/le-creuset-cocotte-ronde-en-fonte-evolution-christmas-tree-24-cm-blanc\/#primaryimage","url":"https:\/\/i1.wp.com\/interpim.erresse-shop.it\/Import\/Prodotti\/le-creuset-cocotte-rotonda-evolution-albero-di-natale-in-ghisa-24-cm-bianco.jpg?ssl=1","contentUrl":"https:\/\/i1.wp.com\/interpim.erresse-shop.it\/Import\/Prodotti\/le-creuset-cocotte-rotonda-evolution-albero-di-natale-in-ghisa-24-cm-bianco.jpg?ssl=1"},{"@type":"BreadcrumbList","@id":"https:\/\/dev6.erresse-shop.it\/fr\/shop\/poeles-pots\/marmites-et-cocottes-poeles-pots\/le-creuset-cocotte-ronde-en-fonte-evolution-christmas-tree-24-cm-blanc\/#breadcrumb","itemListElement":[{"@type":"ListItem","position":1,"name":"Home","item":"https:\/\/dev6.erresse-shop.it\/"},{"@type":"ListItem","position":2,"name":"Boutique","item":"https:\/\/dev6.erresse-shop.it\/shop\/"},{"@type":"ListItem","position":3,"name":"Le Creuset Cocotte ronde en fonte Evolution Christmas Tree 24 cm Blanc"}]},{"@type":"WebSite","@id":"https:\/\/dev6.erresse-shop.it\/#website","url":"https:\/\/dev6.erresse-shop.it\/","name":"Erresse Shop","description":"","publisher":{"@id":"https:\/\/dev6.erresse-shop.it\/#organization"},"potentialAction":[{"@type":"SearchAction","target":{"@type":"EntryPoint","urlTemplate":"https:\/\/dev6.erresse-shop.it\/?s={search_term_string}"},"query-input":{"@type":"PropertyValueSpecification","valueRequired":true,"valueName":"search_term_string"}}],"inLanguage":"fr-FR"},{"@type":"Organization","@id":"https:\/\/dev6.erresse-shop.it\/#organization","name":"Erresse Shop","url":"https:\/\/dev6.erresse-shop.it\/","logo":{"@type":"ImageObject","inLanguage":"fr-FR","@id":"https:\/\/dev6.erresse-shop.it\/#\/schema\/logo\/image\/","url":"https:\/\/dev6.erresse-shop.it\/wp-content\/uploads\/2025\/01\/LOGO-ERRESSE-CLASSICO.svg","contentUrl":"https:\/\/dev6.erresse-shop.it\/wp-content\/uploads\/2025\/01\/LOGO-ERRESSE-CLASSICO.svg","caption":"Erresse Shop"},"image":{"@id":"https:\/\/dev6.erresse-shop.it\/#\/schema\/logo\/image\/"}}]}},"df_price":259.95,"df_sale_price":259.95,"df_regular_price":375,"df_image_link":"https:\/\/i1.wp.com\/interpim.erresse-shop.it\/Import\/Prodotti\/le-creuset-cocotte-rotonda-evolution-albero-di-natale-in-ghisa-24-cm-bianco.jpg?resize=300,300&ssl=1","fifu_image_url":"https:\/\/interpim.erresse-shop.it\/Import\/Prodotti\/le-creuset-cocotte-rotonda-evolution-albero-di-natale-in-ghisa-24-cm-bianco.jpg","_links":{"self":[{"href":"https:\/\/dev6.erresse-shop.it\/fr\/wp-json\/wp\/v2\/product\/65368","targetHints":{"allow":["GET"]}}],"collection":[{"href":"https:\/\/dev6.erresse-shop.it\/fr\/wp-json\/wp\/v2\/product"}],"about":[{"href":"https:\/\/dev6.erresse-shop.it\/fr\/wp-json\/wp\/v2\/types\/product"}],"wp:featuredmedia":[{"embeddable":true,"href":"https:\/\/dev6.erresse-shop.it\/fr\/wp-json\/wp\/v2\/media\/6371298"}],"wp:attachment":[{"href":"https:\/\/dev6.erresse-shop.it\/fr\/wp-json\/wp\/v2\/media?parent=65368"}],"wp:term":[{"taxonomy":"product_cat","embeddable":true,"href":"https:\/\/dev6.erresse-shop.it\/fr\/wp-json\/wp\/v2\/product_cat?post=65368"},{"taxonomy":"product_tag","embeddable":true,"href":"https:\/\/dev6.erresse-shop.it\/fr\/wp-json\/wp\/v2\/product_tag?post=65368"}],"curies":[{"name":"wp","href":"https:\/\/api.w.org\/{rel}","templated":true}]}}