{"id":65360,"date":"2026-04-12T12:09:24","date_gmt":"2026-04-12T10:09:24","guid":{"rendered":"https:\/\/dev6.erresse-shop.it\/shop\/non%20class\u00e9\/le-creuset-plat-de-service-ovale-pere-noel-35-cm-cerise\/"},"modified":"2025-09-14T06:06:21","modified_gmt":"2025-09-14T04:06:21","slug":"le-creuset-plat-de-service-ovale-pere-noel-35-cm-cerise","status":"publish","type":"product","link":"https:\/\/dev6.erresse-shop.it\/fr\/shop\/table-fr-2\/plats-de-service\/le-creuset-plat-de-service-ovale-pere-noel-35-cm-cerise\/","title":{"rendered":"LE CREUSET Plat de service ovale P\u00e8re No\u00ebl 35 cm Cerise"},"content":{"rendered":"<p>C\u00e9l\u00e9brez No\u00ebl avec style avec notre plateau de service du P\u00e8re No\u00ebl en \u00e9dition limit\u00e9e fabriqu\u00e9 \u00e0 partir de gr\u00e8s \u00e9maill\u00e9 de haute qualit\u00e9 aux teintes vibrantes. Attirez tout le monde autour de la table et laissez-les se servir dans ce magnifique plateau, parfait pour servir des canap\u00e9s et partager des assiettes. C\u2019est aussi une id\u00e9e cadeau parfaite pour ceux qui aiment la bonne ch\u00e8re.<\/p>\n<p class=\"mb-3\">Toujours \u00e0 la hauteur\u00a0: notre gr\u00e8s vitrifi\u00e9 est r\u00e9sistant aux rayures et facile \u00e0 nettoyer.<\/p>\n<p class=\"mb-3\">Fabrication parfaite\u00a0: fabriqu\u00e9s \u00e0 partir de c\u00e9ramiques de haute qualit\u00e9, nos produits en gr\u00e8s vitrifi\u00e9 maintiennent des temp\u00e9ratures uniformes et garantissent r\u00e9sistance et durabilit\u00e9 dans le temps.<\/p>\n<p class=\"mb-3\">Une ic\u00f4ne moderne\u00a0: dot\u00e9 du motif \u00e0 trois anneaux embl\u00e9matique, ce produit s\u2019agence \u00e0 notre batterie de cuisine embl\u00e9matique en fonte vitrifi\u00e9e, ce qui en fait le compl\u00e9ment parfait \u00e0 votre collection Le\u00a0Creuset.<\/p>\n<p class=\"mb-3\">Convient aussi bien au chaud qu\u2019au froid : notre gr\u00e8s vitrifi\u00e9 r\u00e9siste \u00e0 la chaleur de -23 \u00b0C \u00e0 &#43;260 \u00b0C.<\/p>\n<p class=\"mb-3\">Le meilleur de sa cat\u00e9gorie\u00a0: nos produits sont fabriqu\u00e9s avec les meilleurs mat\u00e9riaux dans des usines situ\u00e9es \u00e0 travers le monde pour garantir la qualit\u00e9 que vous attendez de Le\u00a0Creuset.<\/p>\n<p>Mat\u00e9riau : Gr\u00e8s vitrifi\u00e9<br \/>\nFabriqu\u00e9 en : Tha\u00eflande<br \/>\nGarantie : 10 ans<\/p>\n<p>Source de chaleur\u00a0:<\/p>\n<p>Four<br \/>\nMode gril au four<br \/>\nMicro-ondes<\/p>\n<p>Nettoyage et entretien\u00a0:<\/p>\n<p class=\"mb-3\">Attendez que le produit refroidisse compl\u00e8tement avant de commencer \u00e0 le nettoyer.<\/p>\n<p class=\"mb-3\">\n<p class=\"mb-3\">Enlevez tout r\u00e9sidu de la base et des parois lat\u00e9rales du produit. Pour les r\u00e9sidus alimentaires tenaces, remplissez le produit avec de l\u2019eau ti\u00e8de savonneuse et laissez-le tremper pendant 15 \u00e0 20 minutes avant de le laver comme d\u2019habitude.<\/p>\n<p class=\"mb-3\">\n<p class=\"mb-3\">Laver et s\u00e9cher \u00e0 la main. Ou mettez votre produit en gr\u00e8s vitrifi\u00e9 au lave-vaisselle pour un cycle complet.<\/p>\n","protected":false},"excerpt":{"rendered":"<p>C\u00e9l\u00e9brez No\u00ebl avec style avec notre plateau de service du P\u00e8re No\u00ebl en \u00e9dition limit\u00e9e fabriqu\u00e9 \u00e0 partir de gr\u00e8s \u00e9maill\u00e9 de haute qualit\u00e9 aux teintes vibrantes. Attirez tout le monde autour de la table et laissez-les se servir dans ce magnifique plateau, parfait pour servir des canap\u00e9s et partager des assiettes. C\u2019est aussi une [&hellip;]<\/p>\n","protected":false},"featured_media":6371264,"template":"","meta":{"_acf_changed":false},"product_cat":[12045,11995,11671],"product_tag":[],"class_list":{"0":"post-65360","1":"product","2":"type-product","3":"status-publish","4":"has-post-thumbnail","6":"product_cat-plats-de-service","7":"product_cat-table-fr-2","8":"product_cat-tavola","10":"first","11":"instock","12":"sale","13":"taxable","14":"shipping-taxable","15":"purchasable","16":"product-type-simple","swatches":"rey-swatches","show_selected":"","stretch_labels":"rey-swatches--stretch-labels"},"acf":[],"yoast_head":"<!-- This site is optimized with the Yoast SEO plugin v25.4 - https:\/\/yoast.com\/wordpress\/plugins\/seo\/ -->\n<title>LE CREUSET Plat de service ovale P\u00e8re No\u00ebl 35 cm Cerise - dev6 Erresse<\/title>\n<meta name=\"description\" content=\"C\u00e9l\u00e9brez No\u00ebl avec style avec notre plateau de service du P\u00e8re No\u00ebl en \u00e9dition limit\u00e9e fabriqu\u00e9 \u00e0 partir de gr\u00e8s \u00e9maill\u00e9 de haute qualit\u00e9 aux teintes\" \/>\n<meta name=\"robots\" content=\"noindex, follow, max-snippet:-1, max-image-preview:large, max-video-preview:-1\" \/>\n<meta property=\"og:locale\" content=\"fr_FR\" \/>\n<meta property=\"og:type\" content=\"article\" \/>\n<meta property=\"og:title\" content=\"LE CREUSET Plat de service ovale P\u00e8re No\u00ebl 35 cm Cerise - dev6 Erresse\" \/>\n<meta property=\"og:description\" content=\"C\u00e9l\u00e9brez No\u00ebl avec style avec notre plateau de service du P\u00e8re No\u00ebl en \u00e9dition limit\u00e9e fabriqu\u00e9 \u00e0 partir de gr\u00e8s \u00e9maill\u00e9 de haute qualit\u00e9 aux teintes\" \/>\n<meta property=\"og:url\" content=\"https:\/\/dev6.erresse-shop.it\/fr\/shop\/table-fr-2\/plats-de-service\/le-creuset-plat-de-service-ovale-pere-noel-35-cm-cerise\/\" \/>\n<meta property=\"og:site_name\" content=\"dev6 Erresse\" \/>\n<meta property=\"og:image\" content=\"https:\/\/interpim.erresse-shop.it\/Import\/Prodotti\/le-creuset-piatto-da-portata-ovale-babbo-natale-35-cm-ciliegia.jpg\" \/><meta property=\"og:image\" content=\"https:\/\/interpim.erresse-shop.it\/Import\/Prodotti\/le-creuset-piatto-da-portata-ovale-babbo-natale-35-cm-ciliegia.jpg\" \/>\n\t<meta property=\"og:image:width\" content=\"1024\" \/>\n\t<meta property=\"og:image:height\" content=\"1024\" \/>\n\t<meta property=\"og:image:type\" content=\"image\/jpeg\" \/>\n<meta name=\"twitter:card\" content=\"summary_large_image\" \/>\n<meta name=\"twitter:image\" content=\"https:\/\/interpim.erresse-shop.it\/Import\/Prodotti\/le-creuset-piatto-da-portata-ovale-babbo-natale-35-cm-ciliegia.jpg\" \/>\n<script type=\"application\/ld+json\" class=\"yoast-schema-graph\">{\"@context\":\"https:\/\/schema.org\",\"@graph\":[{\"@type\":\"WebPage\",\"@id\":\"https:\/\/dev6.erresse-shop.it\/fr\/shop\/table-fr-2\/plats-de-service\/le-creuset-plat-de-service-ovale-pere-noel-35-cm-cerise\/\",\"url\":\"https:\/\/dev6.erresse-shop.it\/fr\/shop\/table-fr-2\/plats-de-service\/le-creuset-plat-de-service-ovale-pere-noel-35-cm-cerise\/\",\"name\":\"LE CREUSET Plat de service ovale P\u00e8re No\u00ebl 35 cm Cerise - dev6 Erresse\",\"isPartOf\":{\"@id\":\"https:\/\/dev6.erresse-shop.it\/#website\"},\"primaryImageOfPage\":{\"@id\":\"https:\/\/dev6.erresse-shop.it\/fr\/shop\/table-fr-2\/plats-de-service\/le-creuset-plat-de-service-ovale-pere-noel-35-cm-cerise\/#primaryimage\"},\"image\":{\"@id\":\"https:\/\/dev6.erresse-shop.it\/fr\/shop\/table-fr-2\/plats-de-service\/le-creuset-plat-de-service-ovale-pere-noel-35-cm-cerise\/#primaryimage\"},\"thumbnailUrl\":\"https:\/\/i1.wp.com\/interpim.erresse-shop.it\/Import\/Prodotti\/le-creuset-piatto-da-portata-ovale-babbo-natale-35-cm-ciliegia.jpg?ssl=1\",\"datePublished\":\"2026-04-12T10:09:24+00:00\",\"description\":\"C\u00e9l\u00e9brez No\u00ebl avec style avec notre plateau de service du P\u00e8re No\u00ebl en \u00e9dition limit\u00e9e fabriqu\u00e9 \u00e0 partir de gr\u00e8s \u00e9maill\u00e9 de haute qualit\u00e9 aux teintes\",\"breadcrumb\":{\"@id\":\"https:\/\/dev6.erresse-shop.it\/fr\/shop\/table-fr-2\/plats-de-service\/le-creuset-plat-de-service-ovale-pere-noel-35-cm-cerise\/#breadcrumb\"},\"inLanguage\":\"fr-FR\",\"potentialAction\":[{\"@type\":\"ReadAction\",\"target\":[\"https:\/\/dev6.erresse-shop.it\/fr\/shop\/table-fr-2\/plats-de-service\/le-creuset-plat-de-service-ovale-pere-noel-35-cm-cerise\/\"]}]},{\"@type\":\"ImageObject\",\"inLanguage\":\"fr-FR\",\"@id\":\"https:\/\/dev6.erresse-shop.it\/fr\/shop\/table-fr-2\/plats-de-service\/le-creuset-plat-de-service-ovale-pere-noel-35-cm-cerise\/#primaryimage\",\"url\":\"https:\/\/i1.wp.com\/interpim.erresse-shop.it\/Import\/Prodotti\/le-creuset-piatto-da-portata-ovale-babbo-natale-35-cm-ciliegia.jpg?ssl=1\",\"contentUrl\":\"https:\/\/i1.wp.com\/interpim.erresse-shop.it\/Import\/Prodotti\/le-creuset-piatto-da-portata-ovale-babbo-natale-35-cm-ciliegia.jpg?ssl=1\"},{\"@type\":\"BreadcrumbList\",\"@id\":\"https:\/\/dev6.erresse-shop.it\/fr\/shop\/table-fr-2\/plats-de-service\/le-creuset-plat-de-service-ovale-pere-noel-35-cm-cerise\/#breadcrumb\",\"itemListElement\":[{\"@type\":\"ListItem\",\"position\":1,\"name\":\"Home\",\"item\":\"https:\/\/dev6.erresse-shop.it\/\"},{\"@type\":\"ListItem\",\"position\":2,\"name\":\"Boutique\",\"item\":\"https:\/\/dev6.erresse-shop.it\/shop\/\"},{\"@type\":\"ListItem\",\"position\":3,\"name\":\"LE CREUSET Plat de service ovale P\u00e8re No\u00ebl 35 cm Cerise\"}]},{\"@type\":\"WebSite\",\"@id\":\"https:\/\/dev6.erresse-shop.it\/#website\",\"url\":\"https:\/\/dev6.erresse-shop.it\/\",\"name\":\"Erresse Shop\",\"description\":\"\",\"publisher\":{\"@id\":\"https:\/\/dev6.erresse-shop.it\/#organization\"},\"potentialAction\":[{\"@type\":\"SearchAction\",\"target\":{\"@type\":\"EntryPoint\",\"urlTemplate\":\"https:\/\/dev6.erresse-shop.it\/?s={search_term_string}\"},\"query-input\":{\"@type\":\"PropertyValueSpecification\",\"valueRequired\":true,\"valueName\":\"search_term_string\"}}],\"inLanguage\":\"fr-FR\"},{\"@type\":\"Organization\",\"@id\":\"https:\/\/dev6.erresse-shop.it\/#organization\",\"name\":\"Erresse Shop\",\"url\":\"https:\/\/dev6.erresse-shop.it\/\",\"logo\":{\"@type\":\"ImageObject\",\"inLanguage\":\"fr-FR\",\"@id\":\"https:\/\/dev6.erresse-shop.it\/#\/schema\/logo\/image\/\",\"url\":\"https:\/\/dev6.erresse-shop.it\/wp-content\/uploads\/2025\/01\/LOGO-ERRESSE-CLASSICO.svg\",\"contentUrl\":\"https:\/\/dev6.erresse-shop.it\/wp-content\/uploads\/2025\/01\/LOGO-ERRESSE-CLASSICO.svg\",\"caption\":\"Erresse Shop\"},\"image\":{\"@id\":\"https:\/\/dev6.erresse-shop.it\/#\/schema\/logo\/image\/\"}}]}<\/script>\n<!-- \/ Yoast SEO plugin. -->","yoast_head_json":{"title":"LE CREUSET Plat de service ovale P\u00e8re No\u00ebl 35 cm Cerise - dev6 Erresse","description":"C\u00e9l\u00e9brez No\u00ebl avec style avec notre plateau de service du P\u00e8re No\u00ebl en \u00e9dition limit\u00e9e fabriqu\u00e9 \u00e0 partir de gr\u00e8s \u00e9maill\u00e9 de haute qualit\u00e9 aux teintes","robots":{"index":"noindex","follow":"follow","max-snippet":"max-snippet:-1","max-image-preview":"max-image-preview:large","max-video-preview":"max-video-preview:-1"},"og_locale":"fr_FR","og_type":"article","og_title":"LE CREUSET Plat de service ovale P\u00e8re No\u00ebl 35 cm Cerise - dev6 Erresse","og_description":"C\u00e9l\u00e9brez No\u00ebl avec style avec notre plateau de service du P\u00e8re No\u00ebl en \u00e9dition limit\u00e9e fabriqu\u00e9 \u00e0 partir de gr\u00e8s \u00e9maill\u00e9 de haute qualit\u00e9 aux teintes","og_url":"https:\/\/dev6.erresse-shop.it\/fr\/shop\/table-fr-2\/plats-de-service\/le-creuset-plat-de-service-ovale-pere-noel-35-cm-cerise\/","og_site_name":"dev6 Erresse","og_image":[{"url":"https:\/\/interpim.erresse-shop.it\/Import\/Prodotti\/le-creuset-piatto-da-portata-ovale-babbo-natale-35-cm-ciliegia.jpg","type":"","width":"","height":""},{"url":"https:\/\/interpim.erresse-shop.it\/Import\/Prodotti\/le-creuset-piatto-da-portata-ovale-babbo-natale-35-cm-ciliegia.jpg","width":1024,"height":1024,"type":"image\/jpeg"}],"twitter_card":"summary_large_image","twitter_image":"https:\/\/interpim.erresse-shop.it\/Import\/Prodotti\/le-creuset-piatto-da-portata-ovale-babbo-natale-35-cm-ciliegia.jpg","schema":{"@context":"https:\/\/schema.org","@graph":[{"@type":"WebPage","@id":"https:\/\/dev6.erresse-shop.it\/fr\/shop\/table-fr-2\/plats-de-service\/le-creuset-plat-de-service-ovale-pere-noel-35-cm-cerise\/","url":"https:\/\/dev6.erresse-shop.it\/fr\/shop\/table-fr-2\/plats-de-service\/le-creuset-plat-de-service-ovale-pere-noel-35-cm-cerise\/","name":"LE CREUSET Plat de service ovale P\u00e8re No\u00ebl 35 cm Cerise - dev6 Erresse","isPartOf":{"@id":"https:\/\/dev6.erresse-shop.it\/#website"},"primaryImageOfPage":{"@id":"https:\/\/dev6.erresse-shop.it\/fr\/shop\/table-fr-2\/plats-de-service\/le-creuset-plat-de-service-ovale-pere-noel-35-cm-cerise\/#primaryimage"},"image":{"@id":"https:\/\/dev6.erresse-shop.it\/fr\/shop\/table-fr-2\/plats-de-service\/le-creuset-plat-de-service-ovale-pere-noel-35-cm-cerise\/#primaryimage"},"thumbnailUrl":"https:\/\/i1.wp.com\/interpim.erresse-shop.it\/Import\/Prodotti\/le-creuset-piatto-da-portata-ovale-babbo-natale-35-cm-ciliegia.jpg?ssl=1","datePublished":"2026-04-12T10:09:24+00:00","description":"C\u00e9l\u00e9brez No\u00ebl avec style avec notre plateau de service du P\u00e8re No\u00ebl en \u00e9dition limit\u00e9e fabriqu\u00e9 \u00e0 partir de gr\u00e8s \u00e9maill\u00e9 de haute qualit\u00e9 aux teintes","breadcrumb":{"@id":"https:\/\/dev6.erresse-shop.it\/fr\/shop\/table-fr-2\/plats-de-service\/le-creuset-plat-de-service-ovale-pere-noel-35-cm-cerise\/#breadcrumb"},"inLanguage":"fr-FR","potentialAction":[{"@type":"ReadAction","target":["https:\/\/dev6.erresse-shop.it\/fr\/shop\/table-fr-2\/plats-de-service\/le-creuset-plat-de-service-ovale-pere-noel-35-cm-cerise\/"]}]},{"@type":"ImageObject","inLanguage":"fr-FR","@id":"https:\/\/dev6.erresse-shop.it\/fr\/shop\/table-fr-2\/plats-de-service\/le-creuset-plat-de-service-ovale-pere-noel-35-cm-cerise\/#primaryimage","url":"https:\/\/i1.wp.com\/interpim.erresse-shop.it\/Import\/Prodotti\/le-creuset-piatto-da-portata-ovale-babbo-natale-35-cm-ciliegia.jpg?ssl=1","contentUrl":"https:\/\/i1.wp.com\/interpim.erresse-shop.it\/Import\/Prodotti\/le-creuset-piatto-da-portata-ovale-babbo-natale-35-cm-ciliegia.jpg?ssl=1"},{"@type":"BreadcrumbList","@id":"https:\/\/dev6.erresse-shop.it\/fr\/shop\/table-fr-2\/plats-de-service\/le-creuset-plat-de-service-ovale-pere-noel-35-cm-cerise\/#breadcrumb","itemListElement":[{"@type":"ListItem","position":1,"name":"Home","item":"https:\/\/dev6.erresse-shop.it\/"},{"@type":"ListItem","position":2,"name":"Boutique","item":"https:\/\/dev6.erresse-shop.it\/shop\/"},{"@type":"ListItem","position":3,"name":"LE CREUSET Plat de service ovale P\u00e8re No\u00ebl 35 cm Cerise"}]},{"@type":"WebSite","@id":"https:\/\/dev6.erresse-shop.it\/#website","url":"https:\/\/dev6.erresse-shop.it\/","name":"Erresse Shop","description":"","publisher":{"@id":"https:\/\/dev6.erresse-shop.it\/#organization"},"potentialAction":[{"@type":"SearchAction","target":{"@type":"EntryPoint","urlTemplate":"https:\/\/dev6.erresse-shop.it\/?s={search_term_string}"},"query-input":{"@type":"PropertyValueSpecification","valueRequired":true,"valueName":"search_term_string"}}],"inLanguage":"fr-FR"},{"@type":"Organization","@id":"https:\/\/dev6.erresse-shop.it\/#organization","name":"Erresse Shop","url":"https:\/\/dev6.erresse-shop.it\/","logo":{"@type":"ImageObject","inLanguage":"fr-FR","@id":"https:\/\/dev6.erresse-shop.it\/#\/schema\/logo\/image\/","url":"https:\/\/dev6.erresse-shop.it\/wp-content\/uploads\/2025\/01\/LOGO-ERRESSE-CLASSICO.svg","contentUrl":"https:\/\/dev6.erresse-shop.it\/wp-content\/uploads\/2025\/01\/LOGO-ERRESSE-CLASSICO.svg","caption":"Erresse Shop"},"image":{"@id":"https:\/\/dev6.erresse-shop.it\/#\/schema\/logo\/image\/"}}]}},"df_price":74,"df_sale_price":74,"df_regular_price":89,"df_image_link":"https:\/\/i1.wp.com\/interpim.erresse-shop.it\/Import\/Prodotti\/le-creuset-piatto-da-portata-ovale-babbo-natale-35-cm-ciliegia.jpg?resize=300,300&ssl=1","fifu_image_url":"https:\/\/interpim.erresse-shop.it\/Import\/Prodotti\/le-creuset-piatto-da-portata-ovale-babbo-natale-35-cm-ciliegia.jpg","_links":{"self":[{"href":"https:\/\/dev6.erresse-shop.it\/fr\/wp-json\/wp\/v2\/product\/65360","targetHints":{"allow":["GET"]}}],"collection":[{"href":"https:\/\/dev6.erresse-shop.it\/fr\/wp-json\/wp\/v2\/product"}],"about":[{"href":"https:\/\/dev6.erresse-shop.it\/fr\/wp-json\/wp\/v2\/types\/product"}],"wp:featuredmedia":[{"embeddable":true,"href":"https:\/\/dev6.erresse-shop.it\/fr\/wp-json\/wp\/v2\/media\/6371264"}],"wp:attachment":[{"href":"https:\/\/dev6.erresse-shop.it\/fr\/wp-json\/wp\/v2\/media?parent=65360"}],"wp:term":[{"taxonomy":"product_cat","embeddable":true,"href":"https:\/\/dev6.erresse-shop.it\/fr\/wp-json\/wp\/v2\/product_cat?post=65360"},{"taxonomy":"product_tag","embeddable":true,"href":"https:\/\/dev6.erresse-shop.it\/fr\/wp-json\/wp\/v2\/product_tag?post=65360"}],"curies":[{"name":"wp","href":"https:\/\/api.w.org\/{rel}","templated":true}]}}