{"id":65358,"date":"2026-04-12T12:09:24","date_gmt":"2026-04-12T10:09:24","guid":{"rendered":"https:\/\/dev6.erresse-shop.it\/shop\/non%20class\u00e9\/le-creuset-recipient-et-4-spatules-noel-craft\/"},"modified":"2026-02-05T18:36:08","modified_gmt":"2026-02-05T17:36:08","slug":"le-creuset-recipient-et-4-spatules-noel-craft","status":"publish","type":"product","link":"https:\/\/dev6.erresse-shop.it\/fr\/shop\/cuisine\/couteaux\/accessoires\/le-creuset-recipient-et-4-spatules-noel-craft\/","title":{"rendered":"LE CREUSET  R\u00e9cipient et 4 Spatules No\u00ebl Craft"},"content":{"rendered":"<p>Pr\u00e9sent\u00e9 dans un splendide coffret cadeau, cet ensemble en gr\u00e8s vitrifi\u00e9 vous permet d\u2019optimiser les espaces en gardant vos outils organis\u00e9s et \u00e0 port\u00e9e de main. Il comprend quatre ustensiles en silicone, chacun d\u00e9cor\u00e9 d\u2019un motif de No\u00ebl pour ajouter une touche de No\u00ebl \u00e0 votre cuisine.<\/p>\n<p class=\"mb-3\">Toujours \u00e0 la hauteur\u00a0: notre gr\u00e8s vitrifi\u00e9 est r\u00e9sistant aux rayures et facile \u00e0 nettoyer.<\/p>\n<p class=\"mb-3\">Structure parfaite\u00a0: fabriqu\u00e9s \u00e0 partir de c\u00e9ramiques de haute qualit\u00e9, nos produits en gr\u00e8s vitrifi\u00e9 maintiennent des temp\u00e9ratures uniformes et garantissent r\u00e9sistance et durabilit\u00e9 dans le temps.<\/p>\n<p class=\"mb-3\">Convient aussi bien au chaud qu\u2019au froid : notre gr\u00e8s vitrifi\u00e9 r\u00e9siste \u00e0 la chaleur de -23 \u00b0C \u00e0 &#43;260 \u00b0C.<\/p>\n<p class=\"mb-3\">Adapt\u00e9s aux temp\u00e9ratures \u00e9lev\u00e9es\u00a0: nos ustensiles en silicone r\u00e9sistent \u00e0 la chaleur jusqu\u2019\u00e0 250 \u00b0C.<\/p>\n<p class=\"mb-3\">Le meilleur de sa cat\u00e9gorie\u00a0: nos produits sont fabriqu\u00e9s avec les meilleurs mat\u00e9riaux dans des usines situ\u00e9es \u00e0 travers le monde pour garantir la qualit\u00e9 que vous attendez de Le Creuset.<\/p>\n<p>Mat\u00e9riau : Gr\u00e8s vitrifi\u00e9<\/p>\n<p>Fabriqu\u00e9 en : Chine<\/p>\n<p>Source de chaleur\u00a0:<\/p>\n<p>Micro-ondes<br \/>\nFour en mode grill<br \/>\nFour<\/p>\n","protected":false},"excerpt":{"rendered":"<p>Pr\u00e9sent\u00e9 dans un splendide coffret cadeau, cet ensemble en gr\u00e8s vitrifi\u00e9 vous permet d\u2019optimiser les espaces en gardant vos outils organis\u00e9s et \u00e0 port\u00e9e de main. Il comprend quatre ustensiles en silicone, chacun d\u00e9cor\u00e9 d\u2019un motif de No\u00ebl pour ajouter une touche de No\u00ebl \u00e0 votre cuisine. Toujours \u00e0 la hauteur\u00a0: notre gr\u00e8s vitrifi\u00e9 est [&hellip;]<\/p>\n","protected":false},"featured_media":6371256,"template":"","meta":{"_acf_changed":false},"product_cat":[11999,11675,11992,12008],"product_tag":[],"class_list":{"0":"post-65358","1":"product","2":"type-product","3":"status-publish","4":"has-post-thumbnail","6":"product_cat-accessoires","7":"product_cat-accessori","8":"product_cat-cuisine","9":"product_cat-outils","11":"first","12":"instock","13":"sale","14":"taxable","15":"shipping-taxable","16":"purchasable","17":"product-type-simple","swatches":"rey-swatches","show_selected":"","stretch_labels":"rey-swatches--stretch-labels"},"acf":[],"yoast_head":"<!-- This site is optimized with the Yoast SEO plugin v25.4 - https:\/\/yoast.com\/wordpress\/plugins\/seo\/ -->\n<title>LE CREUSET R\u00e9cipient et 4 Spatules No\u00ebl Craft - dev6 Erresse<\/title>\n<meta name=\"description\" content=\"Pr\u00e9sent\u00e9 dans un splendide coffret cadeau, cet ensemble en gr\u00e8s vitrifi\u00e9 vous permet d\u2019optimiser les espaces en gardant vos outils organis\u00e9s et \u00e0 port\u00e9e\" \/>\n<meta name=\"robots\" content=\"noindex, follow, max-snippet:-1, max-image-preview:large, max-video-preview:-1\" \/>\n<meta property=\"og:locale\" content=\"fr_FR\" \/>\n<meta property=\"og:type\" content=\"article\" \/>\n<meta property=\"og:title\" content=\"LE CREUSET R\u00e9cipient et 4 Spatules No\u00ebl Craft - dev6 Erresse\" \/>\n<meta property=\"og:description\" content=\"Pr\u00e9sent\u00e9 dans un splendide coffret cadeau, cet ensemble en gr\u00e8s vitrifi\u00e9 vous permet d\u2019optimiser les espaces en gardant vos outils organis\u00e9s et \u00e0 port\u00e9e\" \/>\n<meta property=\"og:url\" content=\"https:\/\/dev6.erresse-shop.it\/fr\/shop\/cuisine\/couteaux\/accessoires\/le-creuset-recipient-et-4-spatules-noel-craft\/\" \/>\n<meta property=\"og:site_name\" content=\"dev6 Erresse\" \/>\n<meta property=\"og:image\" content=\"https:\/\/interpim.erresse-shop.it\/Import\/Prodotti\/le-creuset-contenitore-e-4-spatole-natale-craft.jpg\" \/><meta property=\"og:image\" content=\"https:\/\/interpim.erresse-shop.it\/Import\/Prodotti\/le-creuset-contenitore-e-4-spatole-natale-craft.jpg\" \/>\n\t<meta property=\"og:image:width\" content=\"1024\" \/>\n\t<meta property=\"og:image:height\" content=\"1024\" \/>\n\t<meta property=\"og:image:type\" content=\"image\/jpeg\" \/>\n<meta name=\"twitter:card\" content=\"summary_large_image\" \/>\n<meta name=\"twitter:image\" content=\"https:\/\/interpim.erresse-shop.it\/Import\/Prodotti\/le-creuset-contenitore-e-4-spatole-natale-craft.jpg\" \/>\n<script type=\"application\/ld+json\" class=\"yoast-schema-graph\">{\"@context\":\"https:\/\/schema.org\",\"@graph\":[{\"@type\":\"WebPage\",\"@id\":\"https:\/\/dev6.erresse-shop.it\/fr\/shop\/cuisine\/couteaux\/accessoires\/le-creuset-recipient-et-4-spatules-noel-craft\/\",\"url\":\"https:\/\/dev6.erresse-shop.it\/fr\/shop\/cuisine\/couteaux\/accessoires\/le-creuset-recipient-et-4-spatules-noel-craft\/\",\"name\":\"LE CREUSET R\u00e9cipient et 4 Spatules No\u00ebl Craft - dev6 Erresse\",\"isPartOf\":{\"@id\":\"https:\/\/dev6.erresse-shop.it\/#website\"},\"primaryImageOfPage\":{\"@id\":\"https:\/\/dev6.erresse-shop.it\/fr\/shop\/cuisine\/couteaux\/accessoires\/le-creuset-recipient-et-4-spatules-noel-craft\/#primaryimage\"},\"image\":{\"@id\":\"https:\/\/dev6.erresse-shop.it\/fr\/shop\/cuisine\/couteaux\/accessoires\/le-creuset-recipient-et-4-spatules-noel-craft\/#primaryimage\"},\"thumbnailUrl\":\"https:\/\/i2.wp.com\/interpim.erresse-shop.it\/Import\/Prodotti\/le-creuset-contenitore-e-4-spatole-natale-craft.jpg?ssl=1\",\"datePublished\":\"2026-04-12T10:09:24+00:00\",\"description\":\"Pr\u00e9sent\u00e9 dans un splendide coffret cadeau, cet ensemble en gr\u00e8s vitrifi\u00e9 vous permet d\u2019optimiser les espaces en gardant vos outils organis\u00e9s et \u00e0 port\u00e9e\",\"breadcrumb\":{\"@id\":\"https:\/\/dev6.erresse-shop.it\/fr\/shop\/cuisine\/couteaux\/accessoires\/le-creuset-recipient-et-4-spatules-noel-craft\/#breadcrumb\"},\"inLanguage\":\"fr-FR\",\"potentialAction\":[{\"@type\":\"ReadAction\",\"target\":[\"https:\/\/dev6.erresse-shop.it\/fr\/shop\/cuisine\/couteaux\/accessoires\/le-creuset-recipient-et-4-spatules-noel-craft\/\"]}]},{\"@type\":\"ImageObject\",\"inLanguage\":\"fr-FR\",\"@id\":\"https:\/\/dev6.erresse-shop.it\/fr\/shop\/cuisine\/couteaux\/accessoires\/le-creuset-recipient-et-4-spatules-noel-craft\/#primaryimage\",\"url\":\"https:\/\/i2.wp.com\/interpim.erresse-shop.it\/Import\/Prodotti\/le-creuset-contenitore-e-4-spatole-natale-craft.jpg?ssl=1\",\"contentUrl\":\"https:\/\/i2.wp.com\/interpim.erresse-shop.it\/Import\/Prodotti\/le-creuset-contenitore-e-4-spatole-natale-craft.jpg?ssl=1\"},{\"@type\":\"BreadcrumbList\",\"@id\":\"https:\/\/dev6.erresse-shop.it\/fr\/shop\/cuisine\/couteaux\/accessoires\/le-creuset-recipient-et-4-spatules-noel-craft\/#breadcrumb\",\"itemListElement\":[{\"@type\":\"ListItem\",\"position\":1,\"name\":\"Home\",\"item\":\"https:\/\/dev6.erresse-shop.it\/\"},{\"@type\":\"ListItem\",\"position\":2,\"name\":\"Boutique\",\"item\":\"https:\/\/dev6.erresse-shop.it\/shop\/\"},{\"@type\":\"ListItem\",\"position\":3,\"name\":\"LE CREUSET R\u00e9cipient et 4 Spatules No\u00ebl Craft\"}]},{\"@type\":\"WebSite\",\"@id\":\"https:\/\/dev6.erresse-shop.it\/#website\",\"url\":\"https:\/\/dev6.erresse-shop.it\/\",\"name\":\"Erresse Shop\",\"description\":\"\",\"publisher\":{\"@id\":\"https:\/\/dev6.erresse-shop.it\/#organization\"},\"potentialAction\":[{\"@type\":\"SearchAction\",\"target\":{\"@type\":\"EntryPoint\",\"urlTemplate\":\"https:\/\/dev6.erresse-shop.it\/?s={search_term_string}\"},\"query-input\":{\"@type\":\"PropertyValueSpecification\",\"valueRequired\":true,\"valueName\":\"search_term_string\"}}],\"inLanguage\":\"fr-FR\"},{\"@type\":\"Organization\",\"@id\":\"https:\/\/dev6.erresse-shop.it\/#organization\",\"name\":\"Erresse Shop\",\"url\":\"https:\/\/dev6.erresse-shop.it\/\",\"logo\":{\"@type\":\"ImageObject\",\"inLanguage\":\"fr-FR\",\"@id\":\"https:\/\/dev6.erresse-shop.it\/#\/schema\/logo\/image\/\",\"url\":\"https:\/\/dev6.erresse-shop.it\/wp-content\/uploads\/2025\/01\/LOGO-ERRESSE-CLASSICO.svg\",\"contentUrl\":\"https:\/\/dev6.erresse-shop.it\/wp-content\/uploads\/2025\/01\/LOGO-ERRESSE-CLASSICO.svg\",\"caption\":\"Erresse Shop\"},\"image\":{\"@id\":\"https:\/\/dev6.erresse-shop.it\/#\/schema\/logo\/image\/\"}}]}<\/script>\n<!-- \/ Yoast SEO plugin. -->","yoast_head_json":{"title":"LE CREUSET R\u00e9cipient et 4 Spatules No\u00ebl Craft - dev6 Erresse","description":"Pr\u00e9sent\u00e9 dans un splendide coffret cadeau, cet ensemble en gr\u00e8s vitrifi\u00e9 vous permet d\u2019optimiser les espaces en gardant vos outils organis\u00e9s et \u00e0 port\u00e9e","robots":{"index":"noindex","follow":"follow","max-snippet":"max-snippet:-1","max-image-preview":"max-image-preview:large","max-video-preview":"max-video-preview:-1"},"og_locale":"fr_FR","og_type":"article","og_title":"LE CREUSET R\u00e9cipient et 4 Spatules No\u00ebl Craft - dev6 Erresse","og_description":"Pr\u00e9sent\u00e9 dans un splendide coffret cadeau, cet ensemble en gr\u00e8s vitrifi\u00e9 vous permet d\u2019optimiser les espaces en gardant vos outils organis\u00e9s et \u00e0 port\u00e9e","og_url":"https:\/\/dev6.erresse-shop.it\/fr\/shop\/cuisine\/couteaux\/accessoires\/le-creuset-recipient-et-4-spatules-noel-craft\/","og_site_name":"dev6 Erresse","og_image":[{"url":"https:\/\/interpim.erresse-shop.it\/Import\/Prodotti\/le-creuset-contenitore-e-4-spatole-natale-craft.jpg","type":"","width":"","height":""},{"url":"https:\/\/interpim.erresse-shop.it\/Import\/Prodotti\/le-creuset-contenitore-e-4-spatole-natale-craft.jpg","width":1024,"height":1024,"type":"image\/jpeg"}],"twitter_card":"summary_large_image","twitter_image":"https:\/\/interpim.erresse-shop.it\/Import\/Prodotti\/le-creuset-contenitore-e-4-spatole-natale-craft.jpg","schema":{"@context":"https:\/\/schema.org","@graph":[{"@type":"WebPage","@id":"https:\/\/dev6.erresse-shop.it\/fr\/shop\/cuisine\/couteaux\/accessoires\/le-creuset-recipient-et-4-spatules-noel-craft\/","url":"https:\/\/dev6.erresse-shop.it\/fr\/shop\/cuisine\/couteaux\/accessoires\/le-creuset-recipient-et-4-spatules-noel-craft\/","name":"LE CREUSET R\u00e9cipient et 4 Spatules No\u00ebl Craft - dev6 Erresse","isPartOf":{"@id":"https:\/\/dev6.erresse-shop.it\/#website"},"primaryImageOfPage":{"@id":"https:\/\/dev6.erresse-shop.it\/fr\/shop\/cuisine\/couteaux\/accessoires\/le-creuset-recipient-et-4-spatules-noel-craft\/#primaryimage"},"image":{"@id":"https:\/\/dev6.erresse-shop.it\/fr\/shop\/cuisine\/couteaux\/accessoires\/le-creuset-recipient-et-4-spatules-noel-craft\/#primaryimage"},"thumbnailUrl":"https:\/\/i2.wp.com\/interpim.erresse-shop.it\/Import\/Prodotti\/le-creuset-contenitore-e-4-spatole-natale-craft.jpg?ssl=1","datePublished":"2026-04-12T10:09:24+00:00","description":"Pr\u00e9sent\u00e9 dans un splendide coffret cadeau, cet ensemble en gr\u00e8s vitrifi\u00e9 vous permet d\u2019optimiser les espaces en gardant vos outils organis\u00e9s et \u00e0 port\u00e9e","breadcrumb":{"@id":"https:\/\/dev6.erresse-shop.it\/fr\/shop\/cuisine\/couteaux\/accessoires\/le-creuset-recipient-et-4-spatules-noel-craft\/#breadcrumb"},"inLanguage":"fr-FR","potentialAction":[{"@type":"ReadAction","target":["https:\/\/dev6.erresse-shop.it\/fr\/shop\/cuisine\/couteaux\/accessoires\/le-creuset-recipient-et-4-spatules-noel-craft\/"]}]},{"@type":"ImageObject","inLanguage":"fr-FR","@id":"https:\/\/dev6.erresse-shop.it\/fr\/shop\/cuisine\/couteaux\/accessoires\/le-creuset-recipient-et-4-spatules-noel-craft\/#primaryimage","url":"https:\/\/i2.wp.com\/interpim.erresse-shop.it\/Import\/Prodotti\/le-creuset-contenitore-e-4-spatole-natale-craft.jpg?ssl=1","contentUrl":"https:\/\/i2.wp.com\/interpim.erresse-shop.it\/Import\/Prodotti\/le-creuset-contenitore-e-4-spatole-natale-craft.jpg?ssl=1"},{"@type":"BreadcrumbList","@id":"https:\/\/dev6.erresse-shop.it\/fr\/shop\/cuisine\/couteaux\/accessoires\/le-creuset-recipient-et-4-spatules-noel-craft\/#breadcrumb","itemListElement":[{"@type":"ListItem","position":1,"name":"Home","item":"https:\/\/dev6.erresse-shop.it\/"},{"@type":"ListItem","position":2,"name":"Boutique","item":"https:\/\/dev6.erresse-shop.it\/shop\/"},{"@type":"ListItem","position":3,"name":"LE CREUSET R\u00e9cipient et 4 Spatules No\u00ebl Craft"}]},{"@type":"WebSite","@id":"https:\/\/dev6.erresse-shop.it\/#website","url":"https:\/\/dev6.erresse-shop.it\/","name":"Erresse Shop","description":"","publisher":{"@id":"https:\/\/dev6.erresse-shop.it\/#organization"},"potentialAction":[{"@type":"SearchAction","target":{"@type":"EntryPoint","urlTemplate":"https:\/\/dev6.erresse-shop.it\/?s={search_term_string}"},"query-input":{"@type":"PropertyValueSpecification","valueRequired":true,"valueName":"search_term_string"}}],"inLanguage":"fr-FR"},{"@type":"Organization","@id":"https:\/\/dev6.erresse-shop.it\/#organization","name":"Erresse Shop","url":"https:\/\/dev6.erresse-shop.it\/","logo":{"@type":"ImageObject","inLanguage":"fr-FR","@id":"https:\/\/dev6.erresse-shop.it\/#\/schema\/logo\/image\/","url":"https:\/\/dev6.erresse-shop.it\/wp-content\/uploads\/2025\/01\/LOGO-ERRESSE-CLASSICO.svg","contentUrl":"https:\/\/dev6.erresse-shop.it\/wp-content\/uploads\/2025\/01\/LOGO-ERRESSE-CLASSICO.svg","caption":"Erresse Shop"},"image":{"@id":"https:\/\/dev6.erresse-shop.it\/#\/schema\/logo\/image\/"}}]}},"df_price":76,"df_sale_price":76,"df_regular_price":110,"df_image_link":"https:\/\/i2.wp.com\/interpim.erresse-shop.it\/Import\/Prodotti\/le-creuset-contenitore-e-4-spatole-natale-craft.jpg?resize=300,300&ssl=1","fifu_image_url":"https:\/\/interpim.erresse-shop.it\/Import\/Prodotti\/le-creuset-contenitore-e-4-spatole-natale-craft.jpg","_links":{"self":[{"href":"https:\/\/dev6.erresse-shop.it\/fr\/wp-json\/wp\/v2\/product\/65358","targetHints":{"allow":["GET"]}}],"collection":[{"href":"https:\/\/dev6.erresse-shop.it\/fr\/wp-json\/wp\/v2\/product"}],"about":[{"href":"https:\/\/dev6.erresse-shop.it\/fr\/wp-json\/wp\/v2\/types\/product"}],"wp:featuredmedia":[{"embeddable":true,"href":"https:\/\/dev6.erresse-shop.it\/fr\/wp-json\/wp\/v2\/media\/6371256"}],"wp:attachment":[{"href":"https:\/\/dev6.erresse-shop.it\/fr\/wp-json\/wp\/v2\/media?parent=65358"}],"wp:term":[{"taxonomy":"product_cat","embeddable":true,"href":"https:\/\/dev6.erresse-shop.it\/fr\/wp-json\/wp\/v2\/product_cat?post=65358"},{"taxonomy":"product_tag","embeddable":true,"href":"https:\/\/dev6.erresse-shop.it\/fr\/wp-json\/wp\/v2\/product_tag?post=65358"}],"curies":[{"name":"wp","href":"https:\/\/api.w.org\/{rel}","templated":true}]}}