{"id":65344,"date":"2026-04-12T12:09:24","date_gmt":"2026-04-12T10:09:24","guid":{"rendered":"https:\/\/dev6.erresse-shop.it\/shop\/non%20class\u00e9\/le-creuset-mug-london-350-ml-pere-noel\/"},"modified":"2025-09-14T06:05:46","modified_gmt":"2025-09-14T04:05:46","slug":"le-creuset-mug-london-350-ml-pere-noel","status":"publish","type":"product","link":"https:\/\/dev6.erresse-shop.it\/fr\/shop\/table-fr-2\/tasses\/le-creuset-mug-london-350-ml-pere-noel\/","title":{"rendered":"LE CREUSET Mug London 350 ml P\u00e8re No\u00ebl"},"content":{"rendered":"<p>D\u00e9cor\u00e9e d\u2019un motif de P\u00e8re No\u00ebl en applique en feuille d\u2019or, cette tasse emball\u00e9e individuellement constitue un cadeau de vacances parfait. C\u2019est la taille id\u00e9ale pour servir des boissons chaudes et accueillir vos invit\u00e9s.<\/p>\n<p style=\"text-align: justifier;\">D\u00e9tails du produit\u00a0:<\/p>\n<p class=\"mb-3\">Toujours \u00e0 la hauteur\u00a0: notre gr\u00e8s vitrifi\u00e9 est r\u00e9sistant aux rayures et facile \u00e0 nettoyer.<\/p>\n<p class=\"mb-3\">Structure parfaite\u00a0: fabriqu\u00e9s \u00e0 partir de c\u00e9ramiques de haute qualit\u00e9, nos produits en gr\u00e8s vitrifi\u00e9 maintiennent des temp\u00e9ratures uniformes et garantissent r\u00e9sistance et durabilit\u00e9 dans le temps.<\/p>\n<p class=\"mb-3\">Convient aussi bien au chaud qu\u2019au froid : notre gr\u00e8s vitrifi\u00e9 r\u00e9siste \u00e0 la chaleur de -23\u00b0C \u00e0 &#43;260\u00b0C.<\/p>\n<p class=\"mb-3\">Le meilleur de sa cat\u00e9gorie\u00a0: nos produits sont fabriqu\u00e9s avec les meilleurs mat\u00e9riaux dans des usines situ\u00e9es \u00e0 travers le monde pour garantir la qualit\u00e9 que vous attendez de Le Creuset.<\/p>\n<p class=\"mb-3\">Mat\u00e9riau\u00a0: Gr\u00e8s vitrifi\u00e9<\/p>\n<p>Fabriqu\u00e9 en : Tha\u00eflande<br \/>\nGarantie : 10 ans<\/p>\n<p>Capacit\u00e9 : 0,35L<\/p>\n<p>Source de chaleur\u00a0:<\/p>\n<p>Four<br \/>\nFour en mode grill<\/p>\n<p>Nettoyage et entretien\u00a0:<\/p>\n<p>Attendez que le produit refroidisse compl\u00e8tement avant de commencer \u00e0 le nettoyer.<br \/>\nEnlevez tout r\u00e9sidu de la base et des bords du produit. Pour les r\u00e9sidus alimentaires tenaces, remplissez le produit avec de l\u2019eau ti\u00e8de savonneuse et laissez tremper pendant 15 \u00e0 20 minutes avant de le laver comme d\u2019habitude.<\/p>\n","protected":false},"excerpt":{"rendered":"<p>D\u00e9cor\u00e9e d\u2019un motif de P\u00e8re No\u00ebl en applique en feuille d\u2019or, cette tasse emball\u00e9e individuellement constitue un cadeau de vacances parfait. C\u2019est la taille id\u00e9ale pour servir des boissons chaudes et accueillir vos invit\u00e9s. D\u00e9tails du produit\u00a0: Toujours \u00e0 la hauteur\u00a0: notre gr\u00e8s vitrifi\u00e9 est r\u00e9sistant aux rayures et facile \u00e0 nettoyer. Structure parfaite\u00a0: fabriqu\u00e9s [&hellip;]<\/p>\n","protected":false},"featured_media":6371179,"template":"","meta":{"_acf_changed":false},"product_cat":[11995,12013,11671],"product_tag":[],"class_list":{"0":"post-65344","1":"product","2":"type-product","3":"status-publish","4":"has-post-thumbnail","6":"product_cat-table-fr-2","7":"product_cat-tasses","8":"product_cat-tavola","10":"first","11":"instock","12":"taxable","13":"shipping-taxable","14":"purchasable","15":"product-type-simple","swatches":"rey-swatches","show_selected":"","stretch_labels":"rey-swatches--stretch-labels"},"acf":[],"yoast_head":"<!-- This site is optimized with the Yoast SEO plugin v25.4 - https:\/\/yoast.com\/wordpress\/plugins\/seo\/ -->\n<title>LE CREUSET Mug London 350 ml P\u00e8re No\u00ebl - dev6 Erresse<\/title>\n<meta name=\"description\" content=\"D\u00e9cor\u00e9e d\u2019un motif de P\u00e8re No\u00ebl en applique en feuille d\u2019or, cette tasse emball\u00e9e individuellement constitue un cadeau de vacances parfait. C\u2019est la\" \/>\n<meta name=\"robots\" content=\"noindex, follow, max-snippet:-1, max-image-preview:large, max-video-preview:-1\" \/>\n<meta property=\"og:locale\" content=\"fr_FR\" \/>\n<meta property=\"og:type\" content=\"article\" \/>\n<meta property=\"og:title\" content=\"LE CREUSET Mug London 350 ml P\u00e8re No\u00ebl - dev6 Erresse\" \/>\n<meta property=\"og:description\" content=\"D\u00e9cor\u00e9e d\u2019un motif de P\u00e8re No\u00ebl en applique en feuille d\u2019or, cette tasse emball\u00e9e individuellement constitue un cadeau de vacances parfait. C\u2019est la\" \/>\n<meta property=\"og:url\" content=\"https:\/\/dev6.erresse-shop.it\/fr\/shop\/table-fr-2\/tasses\/le-creuset-mug-london-350-ml-pere-noel\/\" \/>\n<meta property=\"og:site_name\" content=\"dev6 Erresse\" \/>\n<meta property=\"og:image\" content=\"https:\/\/interpim.erresse-shop.it\/Import\/Prodotti\/le-creuset-tazza-mug-london-350-ml-babbo-natale.jpg\" \/><meta property=\"og:image\" content=\"https:\/\/interpim.erresse-shop.it\/Import\/Prodotti\/le-creuset-tazza-mug-london-350-ml-babbo-natale.jpg\" \/>\n\t<meta property=\"og:image:width\" content=\"1024\" \/>\n\t<meta property=\"og:image:height\" content=\"1024\" \/>\n\t<meta property=\"og:image:type\" content=\"image\/jpeg\" \/>\n<meta name=\"twitter:card\" content=\"summary_large_image\" \/>\n<meta name=\"twitter:image\" content=\"https:\/\/interpim.erresse-shop.it\/Import\/Prodotti\/le-creuset-tazza-mug-london-350-ml-babbo-natale.jpg\" \/>\n<script type=\"application\/ld+json\" class=\"yoast-schema-graph\">{\"@context\":\"https:\/\/schema.org\",\"@graph\":[{\"@type\":\"WebPage\",\"@id\":\"https:\/\/dev6.erresse-shop.it\/fr\/shop\/table-fr-2\/tasses\/le-creuset-mug-london-350-ml-pere-noel\/\",\"url\":\"https:\/\/dev6.erresse-shop.it\/fr\/shop\/table-fr-2\/tasses\/le-creuset-mug-london-350-ml-pere-noel\/\",\"name\":\"LE CREUSET Mug London 350 ml P\u00e8re No\u00ebl - dev6 Erresse\",\"isPartOf\":{\"@id\":\"https:\/\/dev6.erresse-shop.it\/#website\"},\"primaryImageOfPage\":{\"@id\":\"https:\/\/dev6.erresse-shop.it\/fr\/shop\/table-fr-2\/tasses\/le-creuset-mug-london-350-ml-pere-noel\/#primaryimage\"},\"image\":{\"@id\":\"https:\/\/dev6.erresse-shop.it\/fr\/shop\/table-fr-2\/tasses\/le-creuset-mug-london-350-ml-pere-noel\/#primaryimage\"},\"thumbnailUrl\":\"https:\/\/i0.wp.com\/interpim.erresse-shop.it\/Import\/Prodotti\/le-creuset-tazza-mug-london-350-ml-babbo-natale.jpg?ssl=1\",\"datePublished\":\"2026-04-12T10:09:24+00:00\",\"description\":\"D\u00e9cor\u00e9e d\u2019un motif de P\u00e8re No\u00ebl en applique en feuille d\u2019or, cette tasse emball\u00e9e individuellement constitue un cadeau de vacances parfait. C\u2019est la\",\"breadcrumb\":{\"@id\":\"https:\/\/dev6.erresse-shop.it\/fr\/shop\/table-fr-2\/tasses\/le-creuset-mug-london-350-ml-pere-noel\/#breadcrumb\"},\"inLanguage\":\"fr-FR\",\"potentialAction\":[{\"@type\":\"ReadAction\",\"target\":[\"https:\/\/dev6.erresse-shop.it\/fr\/shop\/table-fr-2\/tasses\/le-creuset-mug-london-350-ml-pere-noel\/\"]}]},{\"@type\":\"ImageObject\",\"inLanguage\":\"fr-FR\",\"@id\":\"https:\/\/dev6.erresse-shop.it\/fr\/shop\/table-fr-2\/tasses\/le-creuset-mug-london-350-ml-pere-noel\/#primaryimage\",\"url\":\"https:\/\/i0.wp.com\/interpim.erresse-shop.it\/Import\/Prodotti\/le-creuset-tazza-mug-london-350-ml-babbo-natale.jpg?ssl=1\",\"contentUrl\":\"https:\/\/i0.wp.com\/interpim.erresse-shop.it\/Import\/Prodotti\/le-creuset-tazza-mug-london-350-ml-babbo-natale.jpg?ssl=1\"},{\"@type\":\"BreadcrumbList\",\"@id\":\"https:\/\/dev6.erresse-shop.it\/fr\/shop\/table-fr-2\/tasses\/le-creuset-mug-london-350-ml-pere-noel\/#breadcrumb\",\"itemListElement\":[{\"@type\":\"ListItem\",\"position\":1,\"name\":\"Home\",\"item\":\"https:\/\/dev6.erresse-shop.it\/\"},{\"@type\":\"ListItem\",\"position\":2,\"name\":\"Boutique\",\"item\":\"https:\/\/dev6.erresse-shop.it\/shop\/\"},{\"@type\":\"ListItem\",\"position\":3,\"name\":\"LE CREUSET Mug London 350 ml P\u00e8re No\u00ebl\"}]},{\"@type\":\"WebSite\",\"@id\":\"https:\/\/dev6.erresse-shop.it\/#website\",\"url\":\"https:\/\/dev6.erresse-shop.it\/\",\"name\":\"Erresse Shop\",\"description\":\"\",\"publisher\":{\"@id\":\"https:\/\/dev6.erresse-shop.it\/#organization\"},\"potentialAction\":[{\"@type\":\"SearchAction\",\"target\":{\"@type\":\"EntryPoint\",\"urlTemplate\":\"https:\/\/dev6.erresse-shop.it\/?s={search_term_string}\"},\"query-input\":{\"@type\":\"PropertyValueSpecification\",\"valueRequired\":true,\"valueName\":\"search_term_string\"}}],\"inLanguage\":\"fr-FR\"},{\"@type\":\"Organization\",\"@id\":\"https:\/\/dev6.erresse-shop.it\/#organization\",\"name\":\"Erresse Shop\",\"url\":\"https:\/\/dev6.erresse-shop.it\/\",\"logo\":{\"@type\":\"ImageObject\",\"inLanguage\":\"fr-FR\",\"@id\":\"https:\/\/dev6.erresse-shop.it\/#\/schema\/logo\/image\/\",\"url\":\"https:\/\/dev6.erresse-shop.it\/wp-content\/uploads\/2025\/01\/LOGO-ERRESSE-CLASSICO.svg\",\"contentUrl\":\"https:\/\/dev6.erresse-shop.it\/wp-content\/uploads\/2025\/01\/LOGO-ERRESSE-CLASSICO.svg\",\"caption\":\"Erresse Shop\"},\"image\":{\"@id\":\"https:\/\/dev6.erresse-shop.it\/#\/schema\/logo\/image\/\"}}]}<\/script>\n<!-- \/ Yoast SEO plugin. -->","yoast_head_json":{"title":"LE CREUSET Mug London 350 ml P\u00e8re No\u00ebl - dev6 Erresse","description":"D\u00e9cor\u00e9e d\u2019un motif de P\u00e8re No\u00ebl en applique en feuille d\u2019or, cette tasse emball\u00e9e individuellement constitue un cadeau de vacances parfait. C\u2019est la","robots":{"index":"noindex","follow":"follow","max-snippet":"max-snippet:-1","max-image-preview":"max-image-preview:large","max-video-preview":"max-video-preview:-1"},"og_locale":"fr_FR","og_type":"article","og_title":"LE CREUSET Mug London 350 ml P\u00e8re No\u00ebl - dev6 Erresse","og_description":"D\u00e9cor\u00e9e d\u2019un motif de P\u00e8re No\u00ebl en applique en feuille d\u2019or, cette tasse emball\u00e9e individuellement constitue un cadeau de vacances parfait. C\u2019est la","og_url":"https:\/\/dev6.erresse-shop.it\/fr\/shop\/table-fr-2\/tasses\/le-creuset-mug-london-350-ml-pere-noel\/","og_site_name":"dev6 Erresse","og_image":[{"url":"https:\/\/interpim.erresse-shop.it\/Import\/Prodotti\/le-creuset-tazza-mug-london-350-ml-babbo-natale.jpg","type":"","width":"","height":""},{"url":"https:\/\/interpim.erresse-shop.it\/Import\/Prodotti\/le-creuset-tazza-mug-london-350-ml-babbo-natale.jpg","width":1024,"height":1024,"type":"image\/jpeg"}],"twitter_card":"summary_large_image","twitter_image":"https:\/\/interpim.erresse-shop.it\/Import\/Prodotti\/le-creuset-tazza-mug-london-350-ml-babbo-natale.jpg","schema":{"@context":"https:\/\/schema.org","@graph":[{"@type":"WebPage","@id":"https:\/\/dev6.erresse-shop.it\/fr\/shop\/table-fr-2\/tasses\/le-creuset-mug-london-350-ml-pere-noel\/","url":"https:\/\/dev6.erresse-shop.it\/fr\/shop\/table-fr-2\/tasses\/le-creuset-mug-london-350-ml-pere-noel\/","name":"LE CREUSET Mug London 350 ml P\u00e8re No\u00ebl - dev6 Erresse","isPartOf":{"@id":"https:\/\/dev6.erresse-shop.it\/#website"},"primaryImageOfPage":{"@id":"https:\/\/dev6.erresse-shop.it\/fr\/shop\/table-fr-2\/tasses\/le-creuset-mug-london-350-ml-pere-noel\/#primaryimage"},"image":{"@id":"https:\/\/dev6.erresse-shop.it\/fr\/shop\/table-fr-2\/tasses\/le-creuset-mug-london-350-ml-pere-noel\/#primaryimage"},"thumbnailUrl":"https:\/\/i0.wp.com\/interpim.erresse-shop.it\/Import\/Prodotti\/le-creuset-tazza-mug-london-350-ml-babbo-natale.jpg?ssl=1","datePublished":"2026-04-12T10:09:24+00:00","description":"D\u00e9cor\u00e9e d\u2019un motif de P\u00e8re No\u00ebl en applique en feuille d\u2019or, cette tasse emball\u00e9e individuellement constitue un cadeau de vacances parfait. C\u2019est la","breadcrumb":{"@id":"https:\/\/dev6.erresse-shop.it\/fr\/shop\/table-fr-2\/tasses\/le-creuset-mug-london-350-ml-pere-noel\/#breadcrumb"},"inLanguage":"fr-FR","potentialAction":[{"@type":"ReadAction","target":["https:\/\/dev6.erresse-shop.it\/fr\/shop\/table-fr-2\/tasses\/le-creuset-mug-london-350-ml-pere-noel\/"]}]},{"@type":"ImageObject","inLanguage":"fr-FR","@id":"https:\/\/dev6.erresse-shop.it\/fr\/shop\/table-fr-2\/tasses\/le-creuset-mug-london-350-ml-pere-noel\/#primaryimage","url":"https:\/\/i0.wp.com\/interpim.erresse-shop.it\/Import\/Prodotti\/le-creuset-tazza-mug-london-350-ml-babbo-natale.jpg?ssl=1","contentUrl":"https:\/\/i0.wp.com\/interpim.erresse-shop.it\/Import\/Prodotti\/le-creuset-tazza-mug-london-350-ml-babbo-natale.jpg?ssl=1"},{"@type":"BreadcrumbList","@id":"https:\/\/dev6.erresse-shop.it\/fr\/shop\/table-fr-2\/tasses\/le-creuset-mug-london-350-ml-pere-noel\/#breadcrumb","itemListElement":[{"@type":"ListItem","position":1,"name":"Home","item":"https:\/\/dev6.erresse-shop.it\/"},{"@type":"ListItem","position":2,"name":"Boutique","item":"https:\/\/dev6.erresse-shop.it\/shop\/"},{"@type":"ListItem","position":3,"name":"LE CREUSET Mug London 350 ml P\u00e8re No\u00ebl"}]},{"@type":"WebSite","@id":"https:\/\/dev6.erresse-shop.it\/#website","url":"https:\/\/dev6.erresse-shop.it\/","name":"Erresse Shop","description":"","publisher":{"@id":"https:\/\/dev6.erresse-shop.it\/#organization"},"potentialAction":[{"@type":"SearchAction","target":{"@type":"EntryPoint","urlTemplate":"https:\/\/dev6.erresse-shop.it\/?s={search_term_string}"},"query-input":{"@type":"PropertyValueSpecification","valueRequired":true,"valueName":"search_term_string"}}],"inLanguage":"fr-FR"},{"@type":"Organization","@id":"https:\/\/dev6.erresse-shop.it\/#organization","name":"Erresse Shop","url":"https:\/\/dev6.erresse-shop.it\/","logo":{"@type":"ImageObject","inLanguage":"fr-FR","@id":"https:\/\/dev6.erresse-shop.it\/#\/schema\/logo\/image\/","url":"https:\/\/dev6.erresse-shop.it\/wp-content\/uploads\/2025\/01\/LOGO-ERRESSE-CLASSICO.svg","contentUrl":"https:\/\/dev6.erresse-shop.it\/wp-content\/uploads\/2025\/01\/LOGO-ERRESSE-CLASSICO.svg","caption":"Erresse Shop"},"image":{"@id":"https:\/\/dev6.erresse-shop.it\/#\/schema\/logo\/image\/"}}]}},"df_price":27,"df_sale_price":"","df_regular_price":27,"df_image_link":"https:\/\/i0.wp.com\/interpim.erresse-shop.it\/Import\/Prodotti\/le-creuset-tazza-mug-london-350-ml-babbo-natale.jpg?resize=300,300&ssl=1","fifu_image_url":"https:\/\/interpim.erresse-shop.it\/Import\/Prodotti\/le-creuset-tazza-mug-london-350-ml-babbo-natale.jpg","_links":{"self":[{"href":"https:\/\/dev6.erresse-shop.it\/fr\/wp-json\/wp\/v2\/product\/65344","targetHints":{"allow":["GET"]}}],"collection":[{"href":"https:\/\/dev6.erresse-shop.it\/fr\/wp-json\/wp\/v2\/product"}],"about":[{"href":"https:\/\/dev6.erresse-shop.it\/fr\/wp-json\/wp\/v2\/types\/product"}],"wp:featuredmedia":[{"embeddable":true,"href":"https:\/\/dev6.erresse-shop.it\/fr\/wp-json\/wp\/v2\/media\/6371179"}],"wp:attachment":[{"href":"https:\/\/dev6.erresse-shop.it\/fr\/wp-json\/wp\/v2\/media?parent=65344"}],"wp:term":[{"taxonomy":"product_cat","embeddable":true,"href":"https:\/\/dev6.erresse-shop.it\/fr\/wp-json\/wp\/v2\/product_cat?post=65344"},{"taxonomy":"product_tag","embeddable":true,"href":"https:\/\/dev6.erresse-shop.it\/fr\/wp-json\/wp\/v2\/product_tag?post=65344"}],"curies":[{"name":"wp","href":"https:\/\/api.w.org\/{rel}","templated":true}]}}