{"id":65338,"date":"2026-04-04T12:04:18","date_gmt":"2026-04-04T10:04:18","guid":{"rendered":"https:\/\/dev6.erresse-shop.it\/shop\/non%20class\u00e9\/le-creuset-cocotte-a-long-manche-holly-21-cm-coton\/"},"modified":"2025-11-30T17:52:07","modified_gmt":"2025-11-30T16:52:07","slug":"le-creuset-cocotte-a-long-manche-holly-21-cm-coton","status":"publish","type":"product","link":"https:\/\/dev6.erresse-shop.it\/fr\/shop\/poeles-pots\/casseroles\/le-creuset-cocotte-a-long-manche-holly-21-cm-coton\/","title":{"rendered":"LE CREUSET Cocotte \u00e0 long manche Holly 21 cm Coton"},"content":{"rendered":"<p>Qu\u2019il s\u2019agisse d\u2019une sauce pour assaisonner votre r\u00f4ti de No\u00ebl ou d\u2019ajouter de la saveur \u00e0 des l\u00e9gumes saut\u00e9s, pr\u00e9parez votre recette dans notre cocotte de houx \u00e0 long manche. Enrichie d\u2019un pommeau dor\u00e9 et d\u00e9cor\u00e9e d\u2019un motif de No\u00ebl, cette sauci\u00e8re ajoutera une touche de saveur \u00e0 votre No\u00ebl.<\/p>\n<p style=\"text-align: justifier;\">D\u00e9tails du produit\u00a0:<\/p>\n<p class=\"mb-3\">Notre bouton r\u00e9sistant \u00e0 la chaleur (jusqu\u2019\u00e0 260\u00a0\u00b0C) est con\u00e7u pour une excellente prise en main, m\u00eame lorsque vous utilisez une manique pour soulever le couvercle.<\/p>\n<p class=\"mb-3\">Nettoyage rapide\u00a0: une fine couche int\u00e9rieure vitrifi\u00e9e facilite le nettoyage.<\/p>\n<p class=\"mb-3\">Polyvalence\u00a0: ce produit convient au four, \u00e0 la cuisini\u00e8re et au four en mode grill.<\/p>\n<p class=\"mb-3\">Excellentes saveurs\u00a0: la fonte vitrifi\u00e9e retient la chaleur pour une cuisson et une saisie uniformes. Vos d\u00e9licieuses cr\u00e9ations resteront chaudes plus longtemps m\u00eame \u00e0 table.<\/p>\n<p class=\"mb-3\">Pr\u00e9server le go\u00fbt\u00a0: notre couvercle pr\u00e9serve la vapeur g\u00e9n\u00e9r\u00e9e par la cuisson des aliments et sublime les saveurs, pour des r\u00e9sultats de cuisson extraordinaires.<\/p>\n<p class=\"mb-3\">Facile \u00e0 saisir\u00a0: les poign\u00e9es \u00e9l\u00e9gantes et confortables vous permettent de soulever le produit en toute s\u00e9curit\u00e9.<\/p>\n<p class=\"mb-3\">Le meilleur de sa cat\u00e9gorie\u00a0: nos produits sont fabriqu\u00e9s avec les meilleurs mat\u00e9riaux pour garantir la plus haute qualit\u00e9.<\/p>\n<p>Mat\u00e9riau : Fonte vitrifi\u00e9e<br \/>\nFabriqu\u00e9 en : France<br \/>\nGarantie\u00a0: \u00c0 vie<\/p>\n<p>Source de chaleur\u00a0:<\/p>\n<p>Four<br \/>\nFour en mode grill<br \/>\nPlaque \u00e9lectrique<br \/>\nVerre c\u00e9ramique<br \/>\nCuisson \u00e0 gaz<br \/>\nPlaque \u00e0 induction<\/p>\n<p>Nettoyage et entretien\u00a0:<\/p>\n<p class=\"mb-3\">Attendez que le produit refroidisse compl\u00e8tement avant de commencer \u00e0 le nettoyer.<\/p>\n<p class=\"mb-3\">\n<p class=\"mb-3\">Enlevez tout r\u00e9sidu de la base et des bords du produit. Pour les r\u00e9sidus alimentaires tenaces, remplissez le produit avec de l\u2019eau ti\u00e8de savonneuse et laissez-le tremper pendant 15 \u00e0 20 minutes avant de le laver.<\/p>\n<p class=\"mb-3\">\n<p class=\"mb-3\">N\u2019utilisez pas de d\u00e9tergents agressifs, d\u2019\u00e9ponges abrasives et\/ou m\u00e9talliques ou de brosses tr\u00e8s dures et rigides pour nettoyer les surfaces.<\/p>\n<p class=\"mb-3\">\n<p class=\"mb-3\">Apr\u00e8s le lavage, s\u00e9chez soigneusement le produit et rangez-le dans un endroit sec.<\/p>\n","protected":false},"excerpt":{"rendered":"<p>Qu\u2019il s\u2019agisse d\u2019une sauce pour assaisonner votre r\u00f4ti de No\u00ebl ou d\u2019ajouter de la saveur \u00e0 des l\u00e9gumes saut\u00e9s, pr\u00e9parez votre recette dans notre cocotte de houx \u00e0 long manche. Enrichie d\u2019un pommeau dor\u00e9 et d\u00e9cor\u00e9e d\u2019un motif de No\u00ebl, cette sauci\u00e8re ajoutera une touche de saveur \u00e0 votre No\u00ebl. D\u00e9tails du produit\u00a0: Notre bouton [&hellip;]<\/p>\n","protected":false},"featured_media":6287876,"template":"","meta":{"_acf_changed":false},"product_cat":[12001,11667,11991],"product_tag":[],"class_list":{"0":"post-65338","1":"product","2":"type-product","3":"status-publish","4":"has-post-thumbnail","6":"product_cat-casseroles","7":"product_cat-padelle-pentole","8":"product_cat-poeles-pots","10":"first","11":"instock","12":"sale","13":"taxable","14":"shipping-taxable","15":"purchasable","16":"product-type-simple","swatches":"rey-swatches","show_selected":"","stretch_labels":"rey-swatches--stretch-labels"},"acf":[],"yoast_head":"<!-- This site is optimized with the Yoast SEO plugin v25.4 - https:\/\/yoast.com\/wordpress\/plugins\/seo\/ -->\n<title>LE CREUSET Cocotte \u00e0 long manche Holly 21 cm Coton - dev6 Erresse<\/title>\n<meta name=\"description\" content=\"Qu\u2019il s\u2019agisse d\u2019une sauce pour assaisonner votre r\u00f4ti de No\u00ebl ou d\u2019ajouter de la saveur \u00e0 des l\u00e9gumes saut\u00e9s, pr\u00e9parez votre recette dans notre cocotte\" \/>\n<meta name=\"robots\" content=\"noindex, follow, max-snippet:-1, max-image-preview:large, max-video-preview:-1\" \/>\n<meta property=\"og:locale\" content=\"fr_FR\" \/>\n<meta property=\"og:type\" content=\"article\" \/>\n<meta property=\"og:title\" content=\"LE CREUSET Cocotte \u00e0 long manche Holly 21 cm Coton - dev6 Erresse\" \/>\n<meta property=\"og:description\" content=\"Qu\u2019il s\u2019agisse d\u2019une sauce pour assaisonner votre r\u00f4ti de No\u00ebl ou d\u2019ajouter de la saveur \u00e0 des l\u00e9gumes saut\u00e9s, pr\u00e9parez votre recette dans notre cocotte\" \/>\n<meta property=\"og:url\" content=\"https:\/\/dev6.erresse-shop.it\/fr\/shop\/poeles-pots\/casseroles\/le-creuset-cocotte-a-long-manche-holly-21-cm-coton\/\" \/>\n<meta property=\"og:site_name\" content=\"dev6 Erresse\" \/>\n<meta property=\"og:image\" content=\"https:\/\/interpim.erresse-shop.it\/Import\/Prodotti\/le-creuset-casseruola-con-manico-lungo-holly-21-cm-cotton.jpg\" \/><meta property=\"og:image\" content=\"https:\/\/interpim.erresse-shop.it\/Import\/Prodotti\/le-creuset-casseruola-con-manico-lungo-holly-21-cm-cotton.jpg\" \/>\n\t<meta property=\"og:image:width\" content=\"1024\" \/>\n\t<meta property=\"og:image:height\" content=\"1024\" \/>\n\t<meta property=\"og:image:type\" content=\"image\/jpeg\" \/>\n<meta name=\"twitter:card\" content=\"summary_large_image\" \/>\n<meta name=\"twitter:image\" content=\"https:\/\/interpim.erresse-shop.it\/Import\/Prodotti\/le-creuset-casseruola-con-manico-lungo-holly-21-cm-cotton.jpg\" \/>\n<script type=\"application\/ld+json\" class=\"yoast-schema-graph\">{\"@context\":\"https:\/\/schema.org\",\"@graph\":[{\"@type\":\"WebPage\",\"@id\":\"https:\/\/dev6.erresse-shop.it\/fr\/shop\/poeles-pots\/casseroles\/le-creuset-cocotte-a-long-manche-holly-21-cm-coton\/\",\"url\":\"https:\/\/dev6.erresse-shop.it\/fr\/shop\/poeles-pots\/casseroles\/le-creuset-cocotte-a-long-manche-holly-21-cm-coton\/\",\"name\":\"LE CREUSET Cocotte \u00e0 long manche Holly 21 cm Coton - dev6 Erresse\",\"isPartOf\":{\"@id\":\"https:\/\/dev6.erresse-shop.it\/#website\"},\"primaryImageOfPage\":{\"@id\":\"https:\/\/dev6.erresse-shop.it\/fr\/shop\/poeles-pots\/casseroles\/le-creuset-cocotte-a-long-manche-holly-21-cm-coton\/#primaryimage\"},\"image\":{\"@id\":\"https:\/\/dev6.erresse-shop.it\/fr\/shop\/poeles-pots\/casseroles\/le-creuset-cocotte-a-long-manche-holly-21-cm-coton\/#primaryimage\"},\"thumbnailUrl\":\"https:\/\/i3.wp.com\/interpim.erresse-shop.it\/Import\/Prodotti\/le-creuset-casseruola-con-manico-lungo-holly-21-cm-cotton.jpg?ssl=1\",\"datePublished\":\"2026-04-04T10:04:18+00:00\",\"description\":\"Qu\u2019il s\u2019agisse d\u2019une sauce pour assaisonner votre r\u00f4ti de No\u00ebl ou d\u2019ajouter de la saveur \u00e0 des l\u00e9gumes saut\u00e9s, pr\u00e9parez votre recette dans notre cocotte\",\"breadcrumb\":{\"@id\":\"https:\/\/dev6.erresse-shop.it\/fr\/shop\/poeles-pots\/casseroles\/le-creuset-cocotte-a-long-manche-holly-21-cm-coton\/#breadcrumb\"},\"inLanguage\":\"fr-FR\",\"potentialAction\":[{\"@type\":\"ReadAction\",\"target\":[\"https:\/\/dev6.erresse-shop.it\/fr\/shop\/poeles-pots\/casseroles\/le-creuset-cocotte-a-long-manche-holly-21-cm-coton\/\"]}]},{\"@type\":\"ImageObject\",\"inLanguage\":\"fr-FR\",\"@id\":\"https:\/\/dev6.erresse-shop.it\/fr\/shop\/poeles-pots\/casseroles\/le-creuset-cocotte-a-long-manche-holly-21-cm-coton\/#primaryimage\",\"url\":\"https:\/\/i3.wp.com\/interpim.erresse-shop.it\/Import\/Prodotti\/le-creuset-casseruola-con-manico-lungo-holly-21-cm-cotton.jpg?ssl=1\",\"contentUrl\":\"https:\/\/i3.wp.com\/interpim.erresse-shop.it\/Import\/Prodotti\/le-creuset-casseruola-con-manico-lungo-holly-21-cm-cotton.jpg?ssl=1\"},{\"@type\":\"BreadcrumbList\",\"@id\":\"https:\/\/dev6.erresse-shop.it\/fr\/shop\/poeles-pots\/casseroles\/le-creuset-cocotte-a-long-manche-holly-21-cm-coton\/#breadcrumb\",\"itemListElement\":[{\"@type\":\"ListItem\",\"position\":1,\"name\":\"Home\",\"item\":\"https:\/\/dev6.erresse-shop.it\/\"},{\"@type\":\"ListItem\",\"position\":2,\"name\":\"Boutique\",\"item\":\"https:\/\/dev6.erresse-shop.it\/shop\/\"},{\"@type\":\"ListItem\",\"position\":3,\"name\":\"LE CREUSET Cocotte \u00e0 long manche Holly 21 cm Coton\"}]},{\"@type\":\"WebSite\",\"@id\":\"https:\/\/dev6.erresse-shop.it\/#website\",\"url\":\"https:\/\/dev6.erresse-shop.it\/\",\"name\":\"Erresse Shop\",\"description\":\"\",\"publisher\":{\"@id\":\"https:\/\/dev6.erresse-shop.it\/#organization\"},\"potentialAction\":[{\"@type\":\"SearchAction\",\"target\":{\"@type\":\"EntryPoint\",\"urlTemplate\":\"https:\/\/dev6.erresse-shop.it\/?s={search_term_string}\"},\"query-input\":{\"@type\":\"PropertyValueSpecification\",\"valueRequired\":true,\"valueName\":\"search_term_string\"}}],\"inLanguage\":\"fr-FR\"},{\"@type\":\"Organization\",\"@id\":\"https:\/\/dev6.erresse-shop.it\/#organization\",\"name\":\"Erresse Shop\",\"url\":\"https:\/\/dev6.erresse-shop.it\/\",\"logo\":{\"@type\":\"ImageObject\",\"inLanguage\":\"fr-FR\",\"@id\":\"https:\/\/dev6.erresse-shop.it\/#\/schema\/logo\/image\/\",\"url\":\"https:\/\/dev6.erresse-shop.it\/wp-content\/uploads\/2025\/01\/LOGO-ERRESSE-CLASSICO.svg\",\"contentUrl\":\"https:\/\/dev6.erresse-shop.it\/wp-content\/uploads\/2025\/01\/LOGO-ERRESSE-CLASSICO.svg\",\"caption\":\"Erresse Shop\"},\"image\":{\"@id\":\"https:\/\/dev6.erresse-shop.it\/#\/schema\/logo\/image\/\"}}]}<\/script>\n<!-- \/ Yoast SEO plugin. -->","yoast_head_json":{"title":"LE CREUSET Cocotte \u00e0 long manche Holly 21 cm Coton - dev6 Erresse","description":"Qu\u2019il s\u2019agisse d\u2019une sauce pour assaisonner votre r\u00f4ti de No\u00ebl ou d\u2019ajouter de la saveur \u00e0 des l\u00e9gumes saut\u00e9s, pr\u00e9parez votre recette dans notre cocotte","robots":{"index":"noindex","follow":"follow","max-snippet":"max-snippet:-1","max-image-preview":"max-image-preview:large","max-video-preview":"max-video-preview:-1"},"og_locale":"fr_FR","og_type":"article","og_title":"LE CREUSET Cocotte \u00e0 long manche Holly 21 cm Coton - dev6 Erresse","og_description":"Qu\u2019il s\u2019agisse d\u2019une sauce pour assaisonner votre r\u00f4ti de No\u00ebl ou d\u2019ajouter de la saveur \u00e0 des l\u00e9gumes saut\u00e9s, pr\u00e9parez votre recette dans notre cocotte","og_url":"https:\/\/dev6.erresse-shop.it\/fr\/shop\/poeles-pots\/casseroles\/le-creuset-cocotte-a-long-manche-holly-21-cm-coton\/","og_site_name":"dev6 Erresse","og_image":[{"url":"https:\/\/interpim.erresse-shop.it\/Import\/Prodotti\/le-creuset-casseruola-con-manico-lungo-holly-21-cm-cotton.jpg","type":"","width":"","height":""},{"url":"https:\/\/interpim.erresse-shop.it\/Import\/Prodotti\/le-creuset-casseruola-con-manico-lungo-holly-21-cm-cotton.jpg","width":1024,"height":1024,"type":"image\/jpeg"}],"twitter_card":"summary_large_image","twitter_image":"https:\/\/interpim.erresse-shop.it\/Import\/Prodotti\/le-creuset-casseruola-con-manico-lungo-holly-21-cm-cotton.jpg","schema":{"@context":"https:\/\/schema.org","@graph":[{"@type":"WebPage","@id":"https:\/\/dev6.erresse-shop.it\/fr\/shop\/poeles-pots\/casseroles\/le-creuset-cocotte-a-long-manche-holly-21-cm-coton\/","url":"https:\/\/dev6.erresse-shop.it\/fr\/shop\/poeles-pots\/casseroles\/le-creuset-cocotte-a-long-manche-holly-21-cm-coton\/","name":"LE CREUSET Cocotte \u00e0 long manche Holly 21 cm Coton - dev6 Erresse","isPartOf":{"@id":"https:\/\/dev6.erresse-shop.it\/#website"},"primaryImageOfPage":{"@id":"https:\/\/dev6.erresse-shop.it\/fr\/shop\/poeles-pots\/casseroles\/le-creuset-cocotte-a-long-manche-holly-21-cm-coton\/#primaryimage"},"image":{"@id":"https:\/\/dev6.erresse-shop.it\/fr\/shop\/poeles-pots\/casseroles\/le-creuset-cocotte-a-long-manche-holly-21-cm-coton\/#primaryimage"},"thumbnailUrl":"https:\/\/i3.wp.com\/interpim.erresse-shop.it\/Import\/Prodotti\/le-creuset-casseruola-con-manico-lungo-holly-21-cm-cotton.jpg?ssl=1","datePublished":"2026-04-04T10:04:18+00:00","description":"Qu\u2019il s\u2019agisse d\u2019une sauce pour assaisonner votre r\u00f4ti de No\u00ebl ou d\u2019ajouter de la saveur \u00e0 des l\u00e9gumes saut\u00e9s, pr\u00e9parez votre recette dans notre cocotte","breadcrumb":{"@id":"https:\/\/dev6.erresse-shop.it\/fr\/shop\/poeles-pots\/casseroles\/le-creuset-cocotte-a-long-manche-holly-21-cm-coton\/#breadcrumb"},"inLanguage":"fr-FR","potentialAction":[{"@type":"ReadAction","target":["https:\/\/dev6.erresse-shop.it\/fr\/shop\/poeles-pots\/casseroles\/le-creuset-cocotte-a-long-manche-holly-21-cm-coton\/"]}]},{"@type":"ImageObject","inLanguage":"fr-FR","@id":"https:\/\/dev6.erresse-shop.it\/fr\/shop\/poeles-pots\/casseroles\/le-creuset-cocotte-a-long-manche-holly-21-cm-coton\/#primaryimage","url":"https:\/\/i3.wp.com\/interpim.erresse-shop.it\/Import\/Prodotti\/le-creuset-casseruola-con-manico-lungo-holly-21-cm-cotton.jpg?ssl=1","contentUrl":"https:\/\/i3.wp.com\/interpim.erresse-shop.it\/Import\/Prodotti\/le-creuset-casseruola-con-manico-lungo-holly-21-cm-cotton.jpg?ssl=1"},{"@type":"BreadcrumbList","@id":"https:\/\/dev6.erresse-shop.it\/fr\/shop\/poeles-pots\/casseroles\/le-creuset-cocotte-a-long-manche-holly-21-cm-coton\/#breadcrumb","itemListElement":[{"@type":"ListItem","position":1,"name":"Home","item":"https:\/\/dev6.erresse-shop.it\/"},{"@type":"ListItem","position":2,"name":"Boutique","item":"https:\/\/dev6.erresse-shop.it\/shop\/"},{"@type":"ListItem","position":3,"name":"LE CREUSET Cocotte \u00e0 long manche Holly 21 cm Coton"}]},{"@type":"WebSite","@id":"https:\/\/dev6.erresse-shop.it\/#website","url":"https:\/\/dev6.erresse-shop.it\/","name":"Erresse Shop","description":"","publisher":{"@id":"https:\/\/dev6.erresse-shop.it\/#organization"},"potentialAction":[{"@type":"SearchAction","target":{"@type":"EntryPoint","urlTemplate":"https:\/\/dev6.erresse-shop.it\/?s={search_term_string}"},"query-input":{"@type":"PropertyValueSpecification","valueRequired":true,"valueName":"search_term_string"}}],"inLanguage":"fr-FR"},{"@type":"Organization","@id":"https:\/\/dev6.erresse-shop.it\/#organization","name":"Erresse Shop","url":"https:\/\/dev6.erresse-shop.it\/","logo":{"@type":"ImageObject","inLanguage":"fr-FR","@id":"https:\/\/dev6.erresse-shop.it\/#\/schema\/logo\/image\/","url":"https:\/\/dev6.erresse-shop.it\/wp-content\/uploads\/2025\/01\/LOGO-ERRESSE-CLASSICO.svg","contentUrl":"https:\/\/dev6.erresse-shop.it\/wp-content\/uploads\/2025\/01\/LOGO-ERRESSE-CLASSICO.svg","caption":"Erresse Shop"},"image":{"@id":"https:\/\/dev6.erresse-shop.it\/#\/schema\/logo\/image\/"}}]}},"df_price":209.95,"df_sale_price":209.95,"df_regular_price":309,"df_image_link":"https:\/\/i3.wp.com\/interpim.erresse-shop.it\/Import\/Prodotti\/le-creuset-casseruola-con-manico-lungo-holly-21-cm-cotton.jpg?resize=300,300&ssl=1","fifu_image_url":"https:\/\/interpim.erresse-shop.it\/Import\/Prodotti\/le-creuset-casseruola-con-manico-lungo-holly-21-cm-cotton.jpg","_links":{"self":[{"href":"https:\/\/dev6.erresse-shop.it\/fr\/wp-json\/wp\/v2\/product\/65338","targetHints":{"allow":["GET"]}}],"collection":[{"href":"https:\/\/dev6.erresse-shop.it\/fr\/wp-json\/wp\/v2\/product"}],"about":[{"href":"https:\/\/dev6.erresse-shop.it\/fr\/wp-json\/wp\/v2\/types\/product"}],"wp:featuredmedia":[{"embeddable":true,"href":"https:\/\/dev6.erresse-shop.it\/fr\/wp-json\/wp\/v2\/media\/6287876"}],"wp:attachment":[{"href":"https:\/\/dev6.erresse-shop.it\/fr\/wp-json\/wp\/v2\/media?parent=65338"}],"wp:term":[{"taxonomy":"product_cat","embeddable":true,"href":"https:\/\/dev6.erresse-shop.it\/fr\/wp-json\/wp\/v2\/product_cat?post=65338"},{"taxonomy":"product_tag","embeddable":true,"href":"https:\/\/dev6.erresse-shop.it\/fr\/wp-json\/wp\/v2\/product_tag?post=65338"}],"curies":[{"name":"wp","href":"https:\/\/api.w.org\/{rel}","templated":true}]}}