{"id":65334,"date":"2026-04-12T12:07:02","date_gmt":"2026-04-12T10:07:02","guid":{"rendered":"https:\/\/dev6.erresse-shop.it\/shop\/non%20class\u00e9\/le-creuset-marmite-holly-26-cm-coton\/"},"modified":"2025-09-14T06:05:23","modified_gmt":"2025-09-14T04:05:23","slug":"le-creuset-marmite-holly-26-cm-coton","status":"publish","type":"product","link":"https:\/\/dev6.erresse-shop.it\/fr\/shop\/poeles-pots\/marmites-et-cocottes-poeles-pots\/le-creuset-marmite-holly-26-cm-coton\/","title":{"rendered":"LE CREUSET Marmite Holly 26 cm Coton"},"content":{"rendered":"<p>D\u00e9cor\u00e9 de motifs de No\u00ebl et enrichi d\u2019un bouton dor\u00e9, notre silencieux de la collection Holly en \u00e9dition limit\u00e9e saura conqu\u00e9rir tout le monde. Faites-en le protagoniste de votre table, pour un No\u00ebl encore plus d\u00e9licieux.<\/p>\n<p class=\"mb-3\">Notre bouton r\u00e9sistant \u00e0 la chaleur (jusqu\u2019\u00e0 260\u00a0\u00b0C) est con\u00e7u pour garantir une excellente prise en main, m\u00eame en utilisant une manique pour soulever le couvercle.<\/p>\n<p class=\"mb-3\">Nettoyage rapide\u00a0: une fine couche int\u00e9rieure vitrifi\u00e9e facilite le nettoyage.<\/p>\n<p class=\"mb-3\">Polyvalence\u00a0: ce produit convient au four, \u00e0 la cuisini\u00e8re et au four en mode grill.<\/p>\n<p class=\"mb-3\">Excellentes saveurs\u00a0: la fonte vitrifi\u00e9e retient la chaleur pour une cuisson et une saisie uniformes. Vos d\u00e9licieuses cr\u00e9ations resteront chaudes plus longtemps m\u00eame \u00e0 table.<\/p>\n<p class=\"mb-3\">Pr\u00e9server le go\u00fbt\u00a0: notre couvercle pr\u00e9serve la vapeur g\u00e9n\u00e9r\u00e9e par la cuisson des aliments et sublime les saveurs, pour des r\u00e9sultats de cuisson extraordinaires.<\/p>\n<p class=\"mb-3\">Facile \u00e0 saisir\u00a0: les poign\u00e9es \u00e9l\u00e9gantes et confortables vous permettent de soulever le produit en toute s\u00e9curit\u00e9.<\/p>\n<p class=\"mb-3\">Mouvements fluides\u00a0: les c\u00f4t\u00e9s incurv\u00e9s vous permettent de m\u00e9langer et de retourner les aliments facilement et efficacement.<\/p>\n<p class=\"mb-3\">Le meilleur de sa cat\u00e9gorie\u00a0: nos produits sont fabriqu\u00e9s avec les meilleurs mat\u00e9riaux pour garantir la plus haute qualit\u00e9.<\/p>\n<p>Mat\u00e9riau : fonte vitrifi\u00e9e<br \/>\nFabriqu\u00e9 en : France<br \/>\nGarantie : \u00e0 vie<\/p>\n<p>Source de chaleur\u00a0:<\/p>\n<p>Four<br \/>\nMode gril au four<br \/>\nPlaque \u00e9lectrique<br \/>\nVerre c\u00e9ramique<br \/>\nCuisson \u00e0 gaz<br \/>\nPlaque \u00e0 induction<\/p>\n<p>Nettoyage et entretien\u00a0:<\/p>\n<p>Attendez que le produit refroidisse compl\u00e8tement avant de commencer \u00e0 le nettoyer.<br \/>\nEnlevez tout r\u00e9sidu de la base et des bords du produit. En cas de r\u00e9sidus alimentaires tenaces, remplissez le produit d\u2019eau ti\u00e8de savonneuse et laissez-le tremper pendant 15 \u00e0 20 minutes avant de le laver.<br \/>\nN\u2019utilisez pas de d\u00e9tergents agressifs, d\u2019\u00e9ponges abrasives et\/ou m\u00e9talliques ou de brosses tr\u00e8s dures et rigides pour nettoyer les surfaces.<br \/>\nApr\u00e8s le lavage, s\u00e9chez soigneusement le produit et rangez-le dans un endroit sec.<br \/>\nCasserole\u00a0: Les cocottes en fonte vitrifi\u00e9e avec poign\u00e9es passent au lave-vaisselle. Cependant, une utilisation constante du lave-vaisselle peut entra\u00eener un ternissement de la finition vitrifi\u00e9e.<br \/>\nCouvercle de casserole\u00a0: les couvercles avec boutons en acier inoxydable et en ph\u00e9nolique vont au lave-vaisselle. Les couvercles avec des boutons en or, iris\u00e9s, en cuivre et en nickel noir doivent \u00eatre lav\u00e9s \u00e0 la main pour conserver leur finition.<\/p>\n","protected":false},"excerpt":{"rendered":"<p>D\u00e9cor\u00e9 de motifs de No\u00ebl et enrichi d\u2019un bouton dor\u00e9, notre silencieux de la collection Holly en \u00e9dition limit\u00e9e saura conqu\u00e9rir tout le monde. Faites-en le protagoniste de votre table, pour un No\u00ebl encore plus d\u00e9licieux. Notre bouton r\u00e9sistant \u00e0 la chaleur (jusqu\u2019\u00e0 260\u00a0\u00b0C) est con\u00e7u pour garantir une excellente prise en main, m\u00eame en [&hellip;]<\/p>\n","protected":false},"featured_media":6371119,"template":"","meta":{"_acf_changed":false},"product_cat":[12000,11667,11991],"product_tag":[],"class_list":{"0":"post-65334","1":"product","2":"type-product","3":"status-publish","4":"has-post-thumbnail","6":"product_cat-marmites-et-cocottes-poeles-pots","7":"product_cat-padelle-pentole","8":"product_cat-poeles-pots","10":"first","11":"instock","12":"sale","13":"taxable","14":"shipping-taxable","15":"purchasable","16":"product-type-simple","swatches":"rey-swatches","show_selected":"","stretch_labels":"rey-swatches--stretch-labels"},"acf":[],"yoast_head":"<!-- This site is optimized with the Yoast SEO plugin v25.4 - https:\/\/yoast.com\/wordpress\/plugins\/seo\/ -->\n<title>LE CREUSET Marmite Holly 26 cm Coton - dev6 Erresse<\/title>\n<meta name=\"description\" content=\"D\u00e9cor\u00e9 de motifs de No\u00ebl et enrichi d\u2019un bouton dor\u00e9, notre silencieux de la collection Holly en \u00e9dition limit\u00e9e saura conqu\u00e9rir tout le monde. Faites-en\" \/>\n<meta name=\"robots\" content=\"noindex, follow, max-snippet:-1, max-image-preview:large, max-video-preview:-1\" \/>\n<meta property=\"og:locale\" content=\"fr_FR\" \/>\n<meta property=\"og:type\" content=\"article\" \/>\n<meta property=\"og:title\" content=\"LE CREUSET Marmite Holly 26 cm Coton - dev6 Erresse\" \/>\n<meta property=\"og:description\" content=\"D\u00e9cor\u00e9 de motifs de No\u00ebl et enrichi d\u2019un bouton dor\u00e9, notre silencieux de la collection Holly en \u00e9dition limit\u00e9e saura conqu\u00e9rir tout le monde. Faites-en\" \/>\n<meta property=\"og:url\" content=\"https:\/\/dev6.erresse-shop.it\/fr\/shop\/poeles-pots\/marmites-et-cocottes-poeles-pots\/le-creuset-marmite-holly-26-cm-coton\/\" \/>\n<meta property=\"og:site_name\" content=\"dev6 Erresse\" \/>\n<meta property=\"og:image\" content=\"https:\/\/interpim.erresse-shop.it\/Import\/Prodotti\/le-creuset-marmitta-holly-26-cm-cotton.jpg\" \/><meta property=\"og:image\" content=\"https:\/\/interpim.erresse-shop.it\/Import\/Prodotti\/le-creuset-marmitta-holly-26-cm-cotton.jpg\" \/>\n\t<meta property=\"og:image:width\" content=\"1024\" \/>\n\t<meta property=\"og:image:height\" content=\"1024\" \/>\n\t<meta property=\"og:image:type\" content=\"image\/jpeg\" \/>\n<meta name=\"twitter:card\" content=\"summary_large_image\" \/>\n<meta name=\"twitter:image\" content=\"https:\/\/interpim.erresse-shop.it\/Import\/Prodotti\/le-creuset-marmitta-holly-26-cm-cotton.jpg\" \/>\n<script type=\"application\/ld+json\" class=\"yoast-schema-graph\">{\"@context\":\"https:\/\/schema.org\",\"@graph\":[{\"@type\":\"WebPage\",\"@id\":\"https:\/\/dev6.erresse-shop.it\/fr\/shop\/poeles-pots\/marmites-et-cocottes-poeles-pots\/le-creuset-marmite-holly-26-cm-coton\/\",\"url\":\"https:\/\/dev6.erresse-shop.it\/fr\/shop\/poeles-pots\/marmites-et-cocottes-poeles-pots\/le-creuset-marmite-holly-26-cm-coton\/\",\"name\":\"LE CREUSET Marmite Holly 26 cm Coton - dev6 Erresse\",\"isPartOf\":{\"@id\":\"https:\/\/dev6.erresse-shop.it\/#website\"},\"primaryImageOfPage\":{\"@id\":\"https:\/\/dev6.erresse-shop.it\/fr\/shop\/poeles-pots\/marmites-et-cocottes-poeles-pots\/le-creuset-marmite-holly-26-cm-coton\/#primaryimage\"},\"image\":{\"@id\":\"https:\/\/dev6.erresse-shop.it\/fr\/shop\/poeles-pots\/marmites-et-cocottes-poeles-pots\/le-creuset-marmite-holly-26-cm-coton\/#primaryimage\"},\"thumbnailUrl\":\"https:\/\/i1.wp.com\/interpim.erresse-shop.it\/Import\/Prodotti\/le-creuset-marmitta-holly-26-cm-cotton.jpg?ssl=1\",\"datePublished\":\"2026-04-12T10:07:02+00:00\",\"description\":\"D\u00e9cor\u00e9 de motifs de No\u00ebl et enrichi d\u2019un bouton dor\u00e9, notre silencieux de la collection Holly en \u00e9dition limit\u00e9e saura conqu\u00e9rir tout le monde. Faites-en\",\"breadcrumb\":{\"@id\":\"https:\/\/dev6.erresse-shop.it\/fr\/shop\/poeles-pots\/marmites-et-cocottes-poeles-pots\/le-creuset-marmite-holly-26-cm-coton\/#breadcrumb\"},\"inLanguage\":\"fr-FR\",\"potentialAction\":[{\"@type\":\"ReadAction\",\"target\":[\"https:\/\/dev6.erresse-shop.it\/fr\/shop\/poeles-pots\/marmites-et-cocottes-poeles-pots\/le-creuset-marmite-holly-26-cm-coton\/\"]}]},{\"@type\":\"ImageObject\",\"inLanguage\":\"fr-FR\",\"@id\":\"https:\/\/dev6.erresse-shop.it\/fr\/shop\/poeles-pots\/marmites-et-cocottes-poeles-pots\/le-creuset-marmite-holly-26-cm-coton\/#primaryimage\",\"url\":\"https:\/\/i1.wp.com\/interpim.erresse-shop.it\/Import\/Prodotti\/le-creuset-marmitta-holly-26-cm-cotton.jpg?ssl=1\",\"contentUrl\":\"https:\/\/i1.wp.com\/interpim.erresse-shop.it\/Import\/Prodotti\/le-creuset-marmitta-holly-26-cm-cotton.jpg?ssl=1\"},{\"@type\":\"BreadcrumbList\",\"@id\":\"https:\/\/dev6.erresse-shop.it\/fr\/shop\/poeles-pots\/marmites-et-cocottes-poeles-pots\/le-creuset-marmite-holly-26-cm-coton\/#breadcrumb\",\"itemListElement\":[{\"@type\":\"ListItem\",\"position\":1,\"name\":\"Home\",\"item\":\"https:\/\/dev6.erresse-shop.it\/\"},{\"@type\":\"ListItem\",\"position\":2,\"name\":\"Boutique\",\"item\":\"https:\/\/dev6.erresse-shop.it\/shop\/\"},{\"@type\":\"ListItem\",\"position\":3,\"name\":\"LE CREUSET Marmite Holly 26 cm Coton\"}]},{\"@type\":\"WebSite\",\"@id\":\"https:\/\/dev6.erresse-shop.it\/#website\",\"url\":\"https:\/\/dev6.erresse-shop.it\/\",\"name\":\"Erresse Shop\",\"description\":\"\",\"publisher\":{\"@id\":\"https:\/\/dev6.erresse-shop.it\/#organization\"},\"potentialAction\":[{\"@type\":\"SearchAction\",\"target\":{\"@type\":\"EntryPoint\",\"urlTemplate\":\"https:\/\/dev6.erresse-shop.it\/?s={search_term_string}\"},\"query-input\":{\"@type\":\"PropertyValueSpecification\",\"valueRequired\":true,\"valueName\":\"search_term_string\"}}],\"inLanguage\":\"fr-FR\"},{\"@type\":\"Organization\",\"@id\":\"https:\/\/dev6.erresse-shop.it\/#organization\",\"name\":\"Erresse Shop\",\"url\":\"https:\/\/dev6.erresse-shop.it\/\",\"logo\":{\"@type\":\"ImageObject\",\"inLanguage\":\"fr-FR\",\"@id\":\"https:\/\/dev6.erresse-shop.it\/#\/schema\/logo\/image\/\",\"url\":\"https:\/\/dev6.erresse-shop.it\/wp-content\/uploads\/2025\/01\/LOGO-ERRESSE-CLASSICO.svg\",\"contentUrl\":\"https:\/\/dev6.erresse-shop.it\/wp-content\/uploads\/2025\/01\/LOGO-ERRESSE-CLASSICO.svg\",\"caption\":\"Erresse Shop\"},\"image\":{\"@id\":\"https:\/\/dev6.erresse-shop.it\/#\/schema\/logo\/image\/\"}}]}<\/script>\n<!-- \/ Yoast SEO plugin. -->","yoast_head_json":{"title":"LE CREUSET Marmite Holly 26 cm Coton - dev6 Erresse","description":"D\u00e9cor\u00e9 de motifs de No\u00ebl et enrichi d\u2019un bouton dor\u00e9, notre silencieux de la collection Holly en \u00e9dition limit\u00e9e saura conqu\u00e9rir tout le monde. Faites-en","robots":{"index":"noindex","follow":"follow","max-snippet":"max-snippet:-1","max-image-preview":"max-image-preview:large","max-video-preview":"max-video-preview:-1"},"og_locale":"fr_FR","og_type":"article","og_title":"LE CREUSET Marmite Holly 26 cm Coton - dev6 Erresse","og_description":"D\u00e9cor\u00e9 de motifs de No\u00ebl et enrichi d\u2019un bouton dor\u00e9, notre silencieux de la collection Holly en \u00e9dition limit\u00e9e saura conqu\u00e9rir tout le monde. Faites-en","og_url":"https:\/\/dev6.erresse-shop.it\/fr\/shop\/poeles-pots\/marmites-et-cocottes-poeles-pots\/le-creuset-marmite-holly-26-cm-coton\/","og_site_name":"dev6 Erresse","og_image":[{"url":"https:\/\/interpim.erresse-shop.it\/Import\/Prodotti\/le-creuset-marmitta-holly-26-cm-cotton.jpg","type":"","width":"","height":""},{"url":"https:\/\/interpim.erresse-shop.it\/Import\/Prodotti\/le-creuset-marmitta-holly-26-cm-cotton.jpg","width":1024,"height":1024,"type":"image\/jpeg"}],"twitter_card":"summary_large_image","twitter_image":"https:\/\/interpim.erresse-shop.it\/Import\/Prodotti\/le-creuset-marmitta-holly-26-cm-cotton.jpg","schema":{"@context":"https:\/\/schema.org","@graph":[{"@type":"WebPage","@id":"https:\/\/dev6.erresse-shop.it\/fr\/shop\/poeles-pots\/marmites-et-cocottes-poeles-pots\/le-creuset-marmite-holly-26-cm-coton\/","url":"https:\/\/dev6.erresse-shop.it\/fr\/shop\/poeles-pots\/marmites-et-cocottes-poeles-pots\/le-creuset-marmite-holly-26-cm-coton\/","name":"LE CREUSET Marmite Holly 26 cm Coton - dev6 Erresse","isPartOf":{"@id":"https:\/\/dev6.erresse-shop.it\/#website"},"primaryImageOfPage":{"@id":"https:\/\/dev6.erresse-shop.it\/fr\/shop\/poeles-pots\/marmites-et-cocottes-poeles-pots\/le-creuset-marmite-holly-26-cm-coton\/#primaryimage"},"image":{"@id":"https:\/\/dev6.erresse-shop.it\/fr\/shop\/poeles-pots\/marmites-et-cocottes-poeles-pots\/le-creuset-marmite-holly-26-cm-coton\/#primaryimage"},"thumbnailUrl":"https:\/\/i1.wp.com\/interpim.erresse-shop.it\/Import\/Prodotti\/le-creuset-marmitta-holly-26-cm-cotton.jpg?ssl=1","datePublished":"2026-04-12T10:07:02+00:00","description":"D\u00e9cor\u00e9 de motifs de No\u00ebl et enrichi d\u2019un bouton dor\u00e9, notre silencieux de la collection Holly en \u00e9dition limit\u00e9e saura conqu\u00e9rir tout le monde. Faites-en","breadcrumb":{"@id":"https:\/\/dev6.erresse-shop.it\/fr\/shop\/poeles-pots\/marmites-et-cocottes-poeles-pots\/le-creuset-marmite-holly-26-cm-coton\/#breadcrumb"},"inLanguage":"fr-FR","potentialAction":[{"@type":"ReadAction","target":["https:\/\/dev6.erresse-shop.it\/fr\/shop\/poeles-pots\/marmites-et-cocottes-poeles-pots\/le-creuset-marmite-holly-26-cm-coton\/"]}]},{"@type":"ImageObject","inLanguage":"fr-FR","@id":"https:\/\/dev6.erresse-shop.it\/fr\/shop\/poeles-pots\/marmites-et-cocottes-poeles-pots\/le-creuset-marmite-holly-26-cm-coton\/#primaryimage","url":"https:\/\/i1.wp.com\/interpim.erresse-shop.it\/Import\/Prodotti\/le-creuset-marmitta-holly-26-cm-cotton.jpg?ssl=1","contentUrl":"https:\/\/i1.wp.com\/interpim.erresse-shop.it\/Import\/Prodotti\/le-creuset-marmitta-holly-26-cm-cotton.jpg?ssl=1"},{"@type":"BreadcrumbList","@id":"https:\/\/dev6.erresse-shop.it\/fr\/shop\/poeles-pots\/marmites-et-cocottes-poeles-pots\/le-creuset-marmite-holly-26-cm-coton\/#breadcrumb","itemListElement":[{"@type":"ListItem","position":1,"name":"Home","item":"https:\/\/dev6.erresse-shop.it\/"},{"@type":"ListItem","position":2,"name":"Boutique","item":"https:\/\/dev6.erresse-shop.it\/shop\/"},{"@type":"ListItem","position":3,"name":"LE CREUSET Marmite Holly 26 cm Coton"}]},{"@type":"WebSite","@id":"https:\/\/dev6.erresse-shop.it\/#website","url":"https:\/\/dev6.erresse-shop.it\/","name":"Erresse Shop","description":"","publisher":{"@id":"https:\/\/dev6.erresse-shop.it\/#organization"},"potentialAction":[{"@type":"SearchAction","target":{"@type":"EntryPoint","urlTemplate":"https:\/\/dev6.erresse-shop.it\/?s={search_term_string}"},"query-input":{"@type":"PropertyValueSpecification","valueRequired":true,"valueName":"search_term_string"}}],"inLanguage":"fr-FR"},{"@type":"Organization","@id":"https:\/\/dev6.erresse-shop.it\/#organization","name":"Erresse Shop","url":"https:\/\/dev6.erresse-shop.it\/","logo":{"@type":"ImageObject","inLanguage":"fr-FR","@id":"https:\/\/dev6.erresse-shop.it\/#\/schema\/logo\/image\/","url":"https:\/\/dev6.erresse-shop.it\/wp-content\/uploads\/2025\/01\/LOGO-ERRESSE-CLASSICO.svg","contentUrl":"https:\/\/dev6.erresse-shop.it\/wp-content\/uploads\/2025\/01\/LOGO-ERRESSE-CLASSICO.svg","caption":"Erresse Shop"},"image":{"@id":"https:\/\/dev6.erresse-shop.it\/#\/schema\/logo\/image\/"}}]}},"df_price":249.95,"df_sale_price":249.95,"df_regular_price":365,"df_image_link":"https:\/\/i1.wp.com\/interpim.erresse-shop.it\/Import\/Prodotti\/le-creuset-marmitta-holly-26-cm-cotton.jpg?resize=300,300&ssl=1","fifu_image_url":"https:\/\/interpim.erresse-shop.it\/Import\/Prodotti\/le-creuset-marmitta-holly-26-cm-cotton.jpg","_links":{"self":[{"href":"https:\/\/dev6.erresse-shop.it\/fr\/wp-json\/wp\/v2\/product\/65334","targetHints":{"allow":["GET"]}}],"collection":[{"href":"https:\/\/dev6.erresse-shop.it\/fr\/wp-json\/wp\/v2\/product"}],"about":[{"href":"https:\/\/dev6.erresse-shop.it\/fr\/wp-json\/wp\/v2\/types\/product"}],"wp:featuredmedia":[{"embeddable":true,"href":"https:\/\/dev6.erresse-shop.it\/fr\/wp-json\/wp\/v2\/media\/6371119"}],"wp:attachment":[{"href":"https:\/\/dev6.erresse-shop.it\/fr\/wp-json\/wp\/v2\/media?parent=65334"}],"wp:term":[{"taxonomy":"product_cat","embeddable":true,"href":"https:\/\/dev6.erresse-shop.it\/fr\/wp-json\/wp\/v2\/product_cat?post=65334"},{"taxonomy":"product_tag","embeddable":true,"href":"https:\/\/dev6.erresse-shop.it\/fr\/wp-json\/wp\/v2\/product_tag?post=65334"}],"curies":[{"name":"wp","href":"https:\/\/api.w.org\/{rel}","templated":true}]}}