{"id":65312,"date":"2026-04-12T12:07:02","date_gmt":"2026-04-12T10:07:02","guid":{"rendered":"https:\/\/dev6.erresse-shop.it\/shop\/non%20class\u00e9\/le-creuset-mini-cocotte-holly-10-cm-artichaut-vert\/"},"modified":"2025-09-14T06:04:35","modified_gmt":"2025-09-14T04:04:35","slug":"le-creuset-mini-cocotte-holly-10-cm-artichaut-vert","status":"publish","type":"product","link":"https:\/\/dev6.erresse-shop.it\/fr\/shop\/poeles-pots\/marmites-et-cocottes-poeles-pots\/le-creuset-mini-cocotte-holly-10-cm-artichaut-vert\/","title":{"rendered":"LE CREUSET Mini Cocotte Holly 10 cm Artichaut Vert"},"content":{"rendered":"<p>Fonctionnelle et d\u00e9corative, cette Mini Cocotte Holly en \u00e9dition limit\u00e9e est la cerise sur le g\u00e2teau de votre table le jour de No\u00ebl. Il a \u00e9galement la taille parfaite pour des portions individuelles d\u2019entr\u00e9es ou de desserts.<\/p>\n<p style=\"text-align: justifier;\">D\u00e9tails du produit\u00a0:<\/p>\n<p class=\"mb-3\">Toujours \u00e0 la hauteur\u00a0: notre gr\u00e8s vitrifi\u00e9 est r\u00e9sistant aux rayures et facile \u00e0 nettoyer.<\/p>\n<p class=\"mb-3\">Excellence artisanale\u00a0: fabriqu\u00e9s en gr\u00e8s de haute qualit\u00e9, nos produits en gr\u00e8s vitrifi\u00e9 maintiennent des temp\u00e9ratures uniformes et garantissent r\u00e9sistance et durabilit\u00e9 dans le temps.<\/p>\n<p class=\"mb-3\">Convient aussi bien au chaud qu\u2019au froid : notre gr\u00e8s vitrifi\u00e9 r\u00e9siste \u00e0 la chaleur de -23\u00b0C \u00e0 &#43;260\u00b0C.<\/p>\n<p class=\"mb-3\">Le meilleur de sa cat\u00e9gorie\u00a0: nos produits sont fabriqu\u00e9s avec les meilleurs mat\u00e9riaux pour garantir la plus haute qualit\u00e9.<\/p>\n<p>Mat\u00e9riau : Gr\u00e8s vitrifi\u00e9<br \/>\nFabriqu\u00e9 en : Tha\u00eflande<br \/>\nGarantie : 10 ans<\/p>\n<p>Capacit\u00e9 : 0,25L<\/p>\n<p>Source de chaleur\u00a0:<\/p>\n<p>Four<br \/>\nFour en mode grill<\/p>\n<p>Nettoyage et entretien\u00a0:<\/p>\n<p class=\"mb-3\">Attendez que le produit refroidisse compl\u00e8tement avant de commencer \u00e0 le nettoyer.<\/p>\n<p class=\"mb-3\">\n<p class=\"mb-3\">Enlevez tout r\u00e9sidu de la base et des bords du produit. Pour les r\u00e9sidus alimentaires tenaces, remplissez le produit avec de l\u2019eau ti\u00e8de savonneuse et laissez-le tremper pendant 15 \u00e0 20 minutes avant de le laver.<\/p>\n<p class=\"mb-3\">\n<p class=\"mb-3\">Lavez et s\u00e9chez \u00e0 la main, ou placez votre produit en gr\u00e8s vitrifi\u00e9 au lave-vaisselle pendant un cycle complet.<\/p>\n","protected":false},"excerpt":{"rendered":"<p>Fonctionnelle et d\u00e9corative, cette Mini Cocotte Holly en \u00e9dition limit\u00e9e est la cerise sur le g\u00e2teau de votre table le jour de No\u00ebl. Il a \u00e9galement la taille parfaite pour des portions individuelles d\u2019entr\u00e9es ou de desserts. D\u00e9tails du produit\u00a0: Toujours \u00e0 la hauteur\u00a0: notre gr\u00e8s vitrifi\u00e9 est r\u00e9sistant aux rayures et facile \u00e0 nettoyer. [&hellip;]<\/p>\n","protected":false},"featured_media":6370983,"template":"","meta":{"_acf_changed":false},"product_cat":[12000,11667,11991],"product_tag":[],"class_list":{"0":"post-65312","1":"product","2":"type-product","3":"status-publish","4":"has-post-thumbnail","6":"product_cat-marmites-et-cocottes-poeles-pots","7":"product_cat-padelle-pentole","8":"product_cat-poeles-pots","10":"first","11":"instock","12":"taxable","13":"shipping-taxable","14":"purchasable","15":"product-type-simple","swatches":"rey-swatches","show_selected":"","stretch_labels":"rey-swatches--stretch-labels"},"acf":[],"yoast_head":"<!-- This site is optimized with the Yoast SEO plugin v25.4 - https:\/\/yoast.com\/wordpress\/plugins\/seo\/ -->\n<title>LE CREUSET Mini Cocotte Holly 10 cm Artichaut Vert - dev6 Erresse<\/title>\n<meta name=\"description\" content=\"Fonctionnelle et d\u00e9corative, cette Mini Cocotte Holly en \u00e9dition limit\u00e9e est la cerise sur le g\u00e2teau de votre table le jour de No\u00ebl. Il a \u00e9galement la\" \/>\n<meta name=\"robots\" content=\"noindex, follow, max-snippet:-1, max-image-preview:large, max-video-preview:-1\" \/>\n<meta property=\"og:locale\" content=\"fr_FR\" \/>\n<meta property=\"og:type\" content=\"article\" \/>\n<meta property=\"og:title\" content=\"LE CREUSET Mini Cocotte Holly 10 cm Artichaut Vert - dev6 Erresse\" \/>\n<meta property=\"og:description\" content=\"Fonctionnelle et d\u00e9corative, cette Mini Cocotte Holly en \u00e9dition limit\u00e9e est la cerise sur le g\u00e2teau de votre table le jour de No\u00ebl. Il a \u00e9galement la\" \/>\n<meta property=\"og:url\" content=\"https:\/\/dev6.erresse-shop.it\/fr\/shop\/poeles-pots\/marmites-et-cocottes-poeles-pots\/le-creuset-mini-cocotte-holly-10-cm-artichaut-vert\/\" \/>\n<meta property=\"og:site_name\" content=\"dev6 Erresse\" \/>\n<meta property=\"og:image\" content=\"https:\/\/interpim.erresse-shop.it\/Import\/Prodotti\/le-creuset-mini-cocotte-verde-carciofo.jpg\" \/><meta property=\"og:image\" content=\"https:\/\/interpim.erresse-shop.it\/Import\/Prodotti\/le-creuset-mini-cocotte-verde-carciofo.jpg\" \/>\n\t<meta property=\"og:image:width\" content=\"1024\" \/>\n\t<meta property=\"og:image:height\" content=\"1024\" \/>\n\t<meta property=\"og:image:type\" content=\"image\/jpeg\" \/>\n<meta name=\"twitter:card\" content=\"summary_large_image\" \/>\n<meta name=\"twitter:image\" content=\"https:\/\/interpim.erresse-shop.it\/Import\/Prodotti\/le-creuset-mini-cocotte-verde-carciofo.jpg\" \/>\n<script type=\"application\/ld+json\" class=\"yoast-schema-graph\">{\"@context\":\"https:\/\/schema.org\",\"@graph\":[{\"@type\":\"WebPage\",\"@id\":\"https:\/\/dev6.erresse-shop.it\/fr\/shop\/poeles-pots\/marmites-et-cocottes-poeles-pots\/le-creuset-mini-cocotte-holly-10-cm-artichaut-vert\/\",\"url\":\"https:\/\/dev6.erresse-shop.it\/fr\/shop\/poeles-pots\/marmites-et-cocottes-poeles-pots\/le-creuset-mini-cocotte-holly-10-cm-artichaut-vert\/\",\"name\":\"LE CREUSET Mini Cocotte Holly 10 cm Artichaut Vert - dev6 Erresse\",\"isPartOf\":{\"@id\":\"https:\/\/dev6.erresse-shop.it\/#website\"},\"primaryImageOfPage\":{\"@id\":\"https:\/\/dev6.erresse-shop.it\/fr\/shop\/poeles-pots\/marmites-et-cocottes-poeles-pots\/le-creuset-mini-cocotte-holly-10-cm-artichaut-vert\/#primaryimage\"},\"image\":{\"@id\":\"https:\/\/dev6.erresse-shop.it\/fr\/shop\/poeles-pots\/marmites-et-cocottes-poeles-pots\/le-creuset-mini-cocotte-holly-10-cm-artichaut-vert\/#primaryimage\"},\"thumbnailUrl\":\"https:\/\/i1.wp.com\/interpim.erresse-shop.it\/Import\/Prodotti\/le-creuset-mini-cocotte-verde-carciofo.jpg?ssl=1\",\"datePublished\":\"2026-04-12T10:07:02+00:00\",\"description\":\"Fonctionnelle et d\u00e9corative, cette Mini Cocotte Holly en \u00e9dition limit\u00e9e est la cerise sur le g\u00e2teau de votre table le jour de No\u00ebl. Il a \u00e9galement la\",\"breadcrumb\":{\"@id\":\"https:\/\/dev6.erresse-shop.it\/fr\/shop\/poeles-pots\/marmites-et-cocottes-poeles-pots\/le-creuset-mini-cocotte-holly-10-cm-artichaut-vert\/#breadcrumb\"},\"inLanguage\":\"fr-FR\",\"potentialAction\":[{\"@type\":\"ReadAction\",\"target\":[\"https:\/\/dev6.erresse-shop.it\/fr\/shop\/poeles-pots\/marmites-et-cocottes-poeles-pots\/le-creuset-mini-cocotte-holly-10-cm-artichaut-vert\/\"]}]},{\"@type\":\"ImageObject\",\"inLanguage\":\"fr-FR\",\"@id\":\"https:\/\/dev6.erresse-shop.it\/fr\/shop\/poeles-pots\/marmites-et-cocottes-poeles-pots\/le-creuset-mini-cocotte-holly-10-cm-artichaut-vert\/#primaryimage\",\"url\":\"https:\/\/i1.wp.com\/interpim.erresse-shop.it\/Import\/Prodotti\/le-creuset-mini-cocotte-verde-carciofo.jpg?ssl=1\",\"contentUrl\":\"https:\/\/i1.wp.com\/interpim.erresse-shop.it\/Import\/Prodotti\/le-creuset-mini-cocotte-verde-carciofo.jpg?ssl=1\"},{\"@type\":\"BreadcrumbList\",\"@id\":\"https:\/\/dev6.erresse-shop.it\/fr\/shop\/poeles-pots\/marmites-et-cocottes-poeles-pots\/le-creuset-mini-cocotte-holly-10-cm-artichaut-vert\/#breadcrumb\",\"itemListElement\":[{\"@type\":\"ListItem\",\"position\":1,\"name\":\"Home\",\"item\":\"https:\/\/dev6.erresse-shop.it\/\"},{\"@type\":\"ListItem\",\"position\":2,\"name\":\"Boutique\",\"item\":\"https:\/\/dev6.erresse-shop.it\/shop\/\"},{\"@type\":\"ListItem\",\"position\":3,\"name\":\"LE CREUSET Mini Cocotte Holly 10 cm Artichaut Vert\"}]},{\"@type\":\"WebSite\",\"@id\":\"https:\/\/dev6.erresse-shop.it\/#website\",\"url\":\"https:\/\/dev6.erresse-shop.it\/\",\"name\":\"Erresse Shop\",\"description\":\"\",\"publisher\":{\"@id\":\"https:\/\/dev6.erresse-shop.it\/#organization\"},\"potentialAction\":[{\"@type\":\"SearchAction\",\"target\":{\"@type\":\"EntryPoint\",\"urlTemplate\":\"https:\/\/dev6.erresse-shop.it\/?s={search_term_string}\"},\"query-input\":{\"@type\":\"PropertyValueSpecification\",\"valueRequired\":true,\"valueName\":\"search_term_string\"}}],\"inLanguage\":\"fr-FR\"},{\"@type\":\"Organization\",\"@id\":\"https:\/\/dev6.erresse-shop.it\/#organization\",\"name\":\"Erresse Shop\",\"url\":\"https:\/\/dev6.erresse-shop.it\/\",\"logo\":{\"@type\":\"ImageObject\",\"inLanguage\":\"fr-FR\",\"@id\":\"https:\/\/dev6.erresse-shop.it\/#\/schema\/logo\/image\/\",\"url\":\"https:\/\/dev6.erresse-shop.it\/wp-content\/uploads\/2025\/01\/LOGO-ERRESSE-CLASSICO.svg\",\"contentUrl\":\"https:\/\/dev6.erresse-shop.it\/wp-content\/uploads\/2025\/01\/LOGO-ERRESSE-CLASSICO.svg\",\"caption\":\"Erresse Shop\"},\"image\":{\"@id\":\"https:\/\/dev6.erresse-shop.it\/#\/schema\/logo\/image\/\"}}]}<\/script>\n<!-- \/ Yoast SEO plugin. -->","yoast_head_json":{"title":"LE CREUSET Mini Cocotte Holly 10 cm Artichaut Vert - dev6 Erresse","description":"Fonctionnelle et d\u00e9corative, cette Mini Cocotte Holly en \u00e9dition limit\u00e9e est la cerise sur le g\u00e2teau de votre table le jour de No\u00ebl. Il a \u00e9galement la","robots":{"index":"noindex","follow":"follow","max-snippet":"max-snippet:-1","max-image-preview":"max-image-preview:large","max-video-preview":"max-video-preview:-1"},"og_locale":"fr_FR","og_type":"article","og_title":"LE CREUSET Mini Cocotte Holly 10 cm Artichaut Vert - dev6 Erresse","og_description":"Fonctionnelle et d\u00e9corative, cette Mini Cocotte Holly en \u00e9dition limit\u00e9e est la cerise sur le g\u00e2teau de votre table le jour de No\u00ebl. Il a \u00e9galement la","og_url":"https:\/\/dev6.erresse-shop.it\/fr\/shop\/poeles-pots\/marmites-et-cocottes-poeles-pots\/le-creuset-mini-cocotte-holly-10-cm-artichaut-vert\/","og_site_name":"dev6 Erresse","og_image":[{"url":"https:\/\/interpim.erresse-shop.it\/Import\/Prodotti\/le-creuset-mini-cocotte-verde-carciofo.jpg","type":"","width":"","height":""},{"url":"https:\/\/interpim.erresse-shop.it\/Import\/Prodotti\/le-creuset-mini-cocotte-verde-carciofo.jpg","width":1024,"height":1024,"type":"image\/jpeg"}],"twitter_card":"summary_large_image","twitter_image":"https:\/\/interpim.erresse-shop.it\/Import\/Prodotti\/le-creuset-mini-cocotte-verde-carciofo.jpg","schema":{"@context":"https:\/\/schema.org","@graph":[{"@type":"WebPage","@id":"https:\/\/dev6.erresse-shop.it\/fr\/shop\/poeles-pots\/marmites-et-cocottes-poeles-pots\/le-creuset-mini-cocotte-holly-10-cm-artichaut-vert\/","url":"https:\/\/dev6.erresse-shop.it\/fr\/shop\/poeles-pots\/marmites-et-cocottes-poeles-pots\/le-creuset-mini-cocotte-holly-10-cm-artichaut-vert\/","name":"LE CREUSET Mini Cocotte Holly 10 cm Artichaut Vert - dev6 Erresse","isPartOf":{"@id":"https:\/\/dev6.erresse-shop.it\/#website"},"primaryImageOfPage":{"@id":"https:\/\/dev6.erresse-shop.it\/fr\/shop\/poeles-pots\/marmites-et-cocottes-poeles-pots\/le-creuset-mini-cocotte-holly-10-cm-artichaut-vert\/#primaryimage"},"image":{"@id":"https:\/\/dev6.erresse-shop.it\/fr\/shop\/poeles-pots\/marmites-et-cocottes-poeles-pots\/le-creuset-mini-cocotte-holly-10-cm-artichaut-vert\/#primaryimage"},"thumbnailUrl":"https:\/\/i1.wp.com\/interpim.erresse-shop.it\/Import\/Prodotti\/le-creuset-mini-cocotte-verde-carciofo.jpg?ssl=1","datePublished":"2026-04-12T10:07:02+00:00","description":"Fonctionnelle et d\u00e9corative, cette Mini Cocotte Holly en \u00e9dition limit\u00e9e est la cerise sur le g\u00e2teau de votre table le jour de No\u00ebl. Il a \u00e9galement la","breadcrumb":{"@id":"https:\/\/dev6.erresse-shop.it\/fr\/shop\/poeles-pots\/marmites-et-cocottes-poeles-pots\/le-creuset-mini-cocotte-holly-10-cm-artichaut-vert\/#breadcrumb"},"inLanguage":"fr-FR","potentialAction":[{"@type":"ReadAction","target":["https:\/\/dev6.erresse-shop.it\/fr\/shop\/poeles-pots\/marmites-et-cocottes-poeles-pots\/le-creuset-mini-cocotte-holly-10-cm-artichaut-vert\/"]}]},{"@type":"ImageObject","inLanguage":"fr-FR","@id":"https:\/\/dev6.erresse-shop.it\/fr\/shop\/poeles-pots\/marmites-et-cocottes-poeles-pots\/le-creuset-mini-cocotte-holly-10-cm-artichaut-vert\/#primaryimage","url":"https:\/\/i1.wp.com\/interpim.erresse-shop.it\/Import\/Prodotti\/le-creuset-mini-cocotte-verde-carciofo.jpg?ssl=1","contentUrl":"https:\/\/i1.wp.com\/interpim.erresse-shop.it\/Import\/Prodotti\/le-creuset-mini-cocotte-verde-carciofo.jpg?ssl=1"},{"@type":"BreadcrumbList","@id":"https:\/\/dev6.erresse-shop.it\/fr\/shop\/poeles-pots\/marmites-et-cocottes-poeles-pots\/le-creuset-mini-cocotte-holly-10-cm-artichaut-vert\/#breadcrumb","itemListElement":[{"@type":"ListItem","position":1,"name":"Home","item":"https:\/\/dev6.erresse-shop.it\/"},{"@type":"ListItem","position":2,"name":"Boutique","item":"https:\/\/dev6.erresse-shop.it\/shop\/"},{"@type":"ListItem","position":3,"name":"LE CREUSET Mini Cocotte Holly 10 cm Artichaut Vert"}]},{"@type":"WebSite","@id":"https:\/\/dev6.erresse-shop.it\/#website","url":"https:\/\/dev6.erresse-shop.it\/","name":"Erresse Shop","description":"","publisher":{"@id":"https:\/\/dev6.erresse-shop.it\/#organization"},"potentialAction":[{"@type":"SearchAction","target":{"@type":"EntryPoint","urlTemplate":"https:\/\/dev6.erresse-shop.it\/?s={search_term_string}"},"query-input":{"@type":"PropertyValueSpecification","valueRequired":true,"valueName":"search_term_string"}}],"inLanguage":"fr-FR"},{"@type":"Organization","@id":"https:\/\/dev6.erresse-shop.it\/#organization","name":"Erresse Shop","url":"https:\/\/dev6.erresse-shop.it\/","logo":{"@type":"ImageObject","inLanguage":"fr-FR","@id":"https:\/\/dev6.erresse-shop.it\/#\/schema\/logo\/image\/","url":"https:\/\/dev6.erresse-shop.it\/wp-content\/uploads\/2025\/01\/LOGO-ERRESSE-CLASSICO.svg","contentUrl":"https:\/\/dev6.erresse-shop.it\/wp-content\/uploads\/2025\/01\/LOGO-ERRESSE-CLASSICO.svg","caption":"Erresse Shop"},"image":{"@id":"https:\/\/dev6.erresse-shop.it\/#\/schema\/logo\/image\/"}}]}},"df_price":30,"df_sale_price":"","df_regular_price":30,"df_image_link":"https:\/\/i1.wp.com\/interpim.erresse-shop.it\/Import\/Prodotti\/le-creuset-mini-cocotte-verde-carciofo.jpg?resize=300,300&ssl=1","fifu_image_url":"https:\/\/interpim.erresse-shop.it\/Import\/Prodotti\/le-creuset-mini-cocotte-verde-carciofo.jpg","_links":{"self":[{"href":"https:\/\/dev6.erresse-shop.it\/fr\/wp-json\/wp\/v2\/product\/65312","targetHints":{"allow":["GET"]}}],"collection":[{"href":"https:\/\/dev6.erresse-shop.it\/fr\/wp-json\/wp\/v2\/product"}],"about":[{"href":"https:\/\/dev6.erresse-shop.it\/fr\/wp-json\/wp\/v2\/types\/product"}],"wp:featuredmedia":[{"embeddable":true,"href":"https:\/\/dev6.erresse-shop.it\/fr\/wp-json\/wp\/v2\/media\/6370983"}],"wp:attachment":[{"href":"https:\/\/dev6.erresse-shop.it\/fr\/wp-json\/wp\/v2\/media?parent=65312"}],"wp:term":[{"taxonomy":"product_cat","embeddable":true,"href":"https:\/\/dev6.erresse-shop.it\/fr\/wp-json\/wp\/v2\/product_cat?post=65312"},{"taxonomy":"product_tag","embeddable":true,"href":"https:\/\/dev6.erresse-shop.it\/fr\/wp-json\/wp\/v2\/product_tag?post=65312"}],"curies":[{"name":"wp","href":"https:\/\/api.w.org\/{rel}","templated":true}]}}