{"id":65286,"date":"2026-04-04T14:49:46","date_gmt":"2026-04-04T12:49:46","guid":{"rendered":"https:\/\/dev6.erresse-shop.it\/shop\/non%20class\u00e9\/taitu-fil-rouge-bacche-plat-de-service-rond-31-cm\/"},"modified":"2025-07-04T20:47:28","modified_gmt":"2025-07-04T18:47:28","slug":"taitu-fil-rouge-bacche-plat-de-service-rond-31-cm","status":"publish","type":"product","link":"https:\/\/dev6.erresse-shop.it\/fr\/shop\/table-fr-2\/plats-de-service\/taitu-fil-rouge-bacche-plat-de-service-rond-31-cm\/","title":{"rendered":"TAIT\u00d9 Fil Rouge Bacche Plat de service rond 31 cm"},"content":{"rendered":"<p>Mati\u00e8re : Fine Bone China<\/p>\n<p>Le rouge est la couleur de l\u2019amour, de la passion et de l\u2019\u00e9nergie. La collection BACCHE le c\u00e9l\u00e8bre avec les fruits de l\u2019\u00e9glantier et du sorbier, li\u00e9s par un fin FIL ROUGE.<br \/>\nBACCHE, FOGLIE et NODI sont des collections parfaites pour toute l\u2019ann\u00e9e ; et avec le fil rouge, TAIT\u00d9 ravive \u00e9galement la magie de No\u00ebl.<br \/>\nR\u00e9unies par le macro concept cr\u00e9atif FIL ROUGE, les 3 collections d\u00e9veloppent de nouvelles possibilit\u00e9s de Mix&amp;Match, les unes avec les autres et avec de nombreuses autres collections TAIT\u00d9.<\/p>\n<p>AVERTISSEMENTS<br \/>\nPasse au lave-vaisselle et au micro-ondes.<\/p>\n<p>Designer : Silvia Cabassa<\/p>\n","protected":false},"excerpt":{"rendered":"<p>Mati\u00e8re : Fine Bone China Le rouge est la couleur de l\u2019amour, de la passion et de l\u2019\u00e9nergie. La collection BACCHE le c\u00e9l\u00e8bre avec les fruits de l\u2019\u00e9glantier et du sorbier, li\u00e9s par un fin FIL ROUGE. BACCHE, FOGLIE et NODI sont des collections parfaites pour toute l\u2019ann\u00e9e ; et avec le fil rouge, TAIT\u00d9 [&hellip;]<\/p>\n","protected":false},"featured_media":6298243,"template":"","meta":{"_acf_changed":false},"product_cat":[12045,11995,11671],"product_tag":[],"class_list":{"0":"post-65286","1":"product","2":"type-product","3":"status-publish","4":"has-post-thumbnail","6":"product_cat-plats-de-service","7":"product_cat-table-fr-2","8":"product_cat-tavola","10":"first","11":"instock","12":"sale","13":"taxable","14":"shipping-taxable","15":"purchasable","16":"product-type-simple","swatches":"rey-swatches","show_selected":"","stretch_labels":"rey-swatches--stretch-labels"},"acf":[],"yoast_head":"<!-- This site is optimized with the Yoast SEO plugin v25.4 - https:\/\/yoast.com\/wordpress\/plugins\/seo\/ -->\n<title>TAIT\u00d9 Fil Rouge Bacche Plat de service rond 31 cm - dev6 Erresse<\/title>\n<meta name=\"description\" content=\"Mati\u00e8re : Fine Bone China Le rouge est la couleur de l\u2019amour, de la passion et de l\u2019\u00e9nergie. La collection BACCHE le c\u00e9l\u00e8bre avec les fruits de\" \/>\n<meta name=\"robots\" content=\"noindex, follow, max-snippet:-1, max-image-preview:large, max-video-preview:-1\" \/>\n<meta property=\"og:locale\" content=\"fr_FR\" \/>\n<meta property=\"og:type\" content=\"article\" \/>\n<meta property=\"og:title\" content=\"TAIT\u00d9 Fil Rouge Bacche Plat de service rond 31 cm - dev6 Erresse\" \/>\n<meta property=\"og:description\" content=\"Mati\u00e8re : Fine Bone China Le rouge est la couleur de l\u2019amour, de la passion et de l\u2019\u00e9nergie. La collection BACCHE le c\u00e9l\u00e8bre avec les fruits de\" \/>\n<meta property=\"og:url\" content=\"https:\/\/dev6.erresse-shop.it\/fr\/shop\/table-fr-2\/plats-de-service\/taitu-fil-rouge-bacche-plat-de-service-rond-31-cm\/\" \/>\n<meta property=\"og:site_name\" content=\"dev6 Erresse\" \/>\n<meta property=\"og:image\" content=\"https:\/\/interpim.erresse-shop.it\/wp-content\/uploads\/2024\/11\/TAITU-Fil-Rouge-Bacche-Piatto-Portata-Rotondo-31-cm.jpg\/taitu-fil-rouge-bacche-piatto-portata-rotondo-31-cm.jpg\" \/><meta property=\"og:image\" content=\"https:\/\/interpim.erresse-shop.it\/wp-content\/uploads\/2024\/11\/TAITU-Fil-Rouge-Bacche-Piatto-Portata-Rotondo-31-cm.jpg\/taitu-fil-rouge-bacche-piatto-portata-rotondo-31-cm.jpg\" \/>\n\t<meta property=\"og:image:width\" content=\"1024\" \/>\n\t<meta property=\"og:image:height\" content=\"1024\" \/>\n\t<meta property=\"og:image:type\" content=\"image\/jpeg\" \/>\n<meta name=\"twitter:card\" content=\"summary_large_image\" \/>\n<meta name=\"twitter:image\" content=\"https:\/\/interpim.erresse-shop.it\/wp-content\/uploads\/2024\/11\/TAITU-Fil-Rouge-Bacche-Piatto-Portata-Rotondo-31-cm.jpg\/taitu-fil-rouge-bacche-piatto-portata-rotondo-31-cm.jpg\" \/>\n<script type=\"application\/ld+json\" class=\"yoast-schema-graph\">{\"@context\":\"https:\/\/schema.org\",\"@graph\":[{\"@type\":\"WebPage\",\"@id\":\"https:\/\/dev6.erresse-shop.it\/fr\/shop\/table-fr-2\/plats-de-service\/taitu-fil-rouge-bacche-plat-de-service-rond-31-cm\/\",\"url\":\"https:\/\/dev6.erresse-shop.it\/fr\/shop\/table-fr-2\/plats-de-service\/taitu-fil-rouge-bacche-plat-de-service-rond-31-cm\/\",\"name\":\"TAIT\u00d9 Fil Rouge Bacche Plat de service rond 31 cm - dev6 Erresse\",\"isPartOf\":{\"@id\":\"https:\/\/dev6.erresse-shop.it\/#website\"},\"primaryImageOfPage\":{\"@id\":\"https:\/\/dev6.erresse-shop.it\/fr\/shop\/table-fr-2\/plats-de-service\/taitu-fil-rouge-bacche-plat-de-service-rond-31-cm\/#primaryimage\"},\"image\":{\"@id\":\"https:\/\/dev6.erresse-shop.it\/fr\/shop\/table-fr-2\/plats-de-service\/taitu-fil-rouge-bacche-plat-de-service-rond-31-cm\/#primaryimage\"},\"thumbnailUrl\":\"https:\/\/i3.wp.com\/interpim.erresse-shop.it\/wp-content\/uploads\/2024\/11\/TAITU-Fil-Rouge-Bacche-Piatto-Portata-Rotondo-31-cm.jpg\/taitu-fil-rouge-bacche-piatto-portata-rotondo-31-cm.jpg?ssl=1\",\"datePublished\":\"2026-04-04T12:49:46+00:00\",\"description\":\"Mati\u00e8re : Fine Bone China Le rouge est la couleur de l\u2019amour, de la passion et de l\u2019\u00e9nergie. La collection BACCHE le c\u00e9l\u00e8bre avec les fruits de\",\"breadcrumb\":{\"@id\":\"https:\/\/dev6.erresse-shop.it\/fr\/shop\/table-fr-2\/plats-de-service\/taitu-fil-rouge-bacche-plat-de-service-rond-31-cm\/#breadcrumb\"},\"inLanguage\":\"fr-FR\",\"potentialAction\":[{\"@type\":\"ReadAction\",\"target\":[\"https:\/\/dev6.erresse-shop.it\/fr\/shop\/table-fr-2\/plats-de-service\/taitu-fil-rouge-bacche-plat-de-service-rond-31-cm\/\"]}]},{\"@type\":\"ImageObject\",\"inLanguage\":\"fr-FR\",\"@id\":\"https:\/\/dev6.erresse-shop.it\/fr\/shop\/table-fr-2\/plats-de-service\/taitu-fil-rouge-bacche-plat-de-service-rond-31-cm\/#primaryimage\",\"url\":\"https:\/\/i3.wp.com\/interpim.erresse-shop.it\/wp-content\/uploads\/2024\/11\/TAITU-Fil-Rouge-Bacche-Piatto-Portata-Rotondo-31-cm.jpg\/taitu-fil-rouge-bacche-piatto-portata-rotondo-31-cm.jpg?ssl=1\",\"contentUrl\":\"https:\/\/i3.wp.com\/interpim.erresse-shop.it\/wp-content\/uploads\/2024\/11\/TAITU-Fil-Rouge-Bacche-Piatto-Portata-Rotondo-31-cm.jpg\/taitu-fil-rouge-bacche-piatto-portata-rotondo-31-cm.jpg?ssl=1\"},{\"@type\":\"BreadcrumbList\",\"@id\":\"https:\/\/dev6.erresse-shop.it\/fr\/shop\/table-fr-2\/plats-de-service\/taitu-fil-rouge-bacche-plat-de-service-rond-31-cm\/#breadcrumb\",\"itemListElement\":[{\"@type\":\"ListItem\",\"position\":1,\"name\":\"Home\",\"item\":\"https:\/\/dev6.erresse-shop.it\/\"},{\"@type\":\"ListItem\",\"position\":2,\"name\":\"Boutique\",\"item\":\"https:\/\/dev6.erresse-shop.it\/shop\/\"},{\"@type\":\"ListItem\",\"position\":3,\"name\":\"TAIT\u00d9 Fil Rouge Bacche Plat de service rond 31 cm\"}]},{\"@type\":\"WebSite\",\"@id\":\"https:\/\/dev6.erresse-shop.it\/#website\",\"url\":\"https:\/\/dev6.erresse-shop.it\/\",\"name\":\"Erresse Shop\",\"description\":\"\",\"publisher\":{\"@id\":\"https:\/\/dev6.erresse-shop.it\/#organization\"},\"potentialAction\":[{\"@type\":\"SearchAction\",\"target\":{\"@type\":\"EntryPoint\",\"urlTemplate\":\"https:\/\/dev6.erresse-shop.it\/?s={search_term_string}\"},\"query-input\":{\"@type\":\"PropertyValueSpecification\",\"valueRequired\":true,\"valueName\":\"search_term_string\"}}],\"inLanguage\":\"fr-FR\"},{\"@type\":\"Organization\",\"@id\":\"https:\/\/dev6.erresse-shop.it\/#organization\",\"name\":\"Erresse Shop\",\"url\":\"https:\/\/dev6.erresse-shop.it\/\",\"logo\":{\"@type\":\"ImageObject\",\"inLanguage\":\"fr-FR\",\"@id\":\"https:\/\/dev6.erresse-shop.it\/#\/schema\/logo\/image\/\",\"url\":\"https:\/\/dev6.erresse-shop.it\/wp-content\/uploads\/2025\/01\/LOGO-ERRESSE-CLASSICO.svg\",\"contentUrl\":\"https:\/\/dev6.erresse-shop.it\/wp-content\/uploads\/2025\/01\/LOGO-ERRESSE-CLASSICO.svg\",\"caption\":\"Erresse Shop\"},\"image\":{\"@id\":\"https:\/\/dev6.erresse-shop.it\/#\/schema\/logo\/image\/\"}}]}<\/script>\n<!-- \/ Yoast SEO plugin. -->","yoast_head_json":{"title":"TAIT\u00d9 Fil Rouge Bacche Plat de service rond 31 cm - dev6 Erresse","description":"Mati\u00e8re : Fine Bone China Le rouge est la couleur de l\u2019amour, de la passion et de l\u2019\u00e9nergie. La collection BACCHE le c\u00e9l\u00e8bre avec les fruits de","robots":{"index":"noindex","follow":"follow","max-snippet":"max-snippet:-1","max-image-preview":"max-image-preview:large","max-video-preview":"max-video-preview:-1"},"og_locale":"fr_FR","og_type":"article","og_title":"TAIT\u00d9 Fil Rouge Bacche Plat de service rond 31 cm - dev6 Erresse","og_description":"Mati\u00e8re : Fine Bone China Le rouge est la couleur de l\u2019amour, de la passion et de l\u2019\u00e9nergie. La collection BACCHE le c\u00e9l\u00e8bre avec les fruits de","og_url":"https:\/\/dev6.erresse-shop.it\/fr\/shop\/table-fr-2\/plats-de-service\/taitu-fil-rouge-bacche-plat-de-service-rond-31-cm\/","og_site_name":"dev6 Erresse","og_image":[{"url":"https:\/\/interpim.erresse-shop.it\/wp-content\/uploads\/2024\/11\/TAITU-Fil-Rouge-Bacche-Piatto-Portata-Rotondo-31-cm.jpg\/taitu-fil-rouge-bacche-piatto-portata-rotondo-31-cm.jpg","type":"","width":"","height":""},{"url":"https:\/\/interpim.erresse-shop.it\/wp-content\/uploads\/2024\/11\/TAITU-Fil-Rouge-Bacche-Piatto-Portata-Rotondo-31-cm.jpg\/taitu-fil-rouge-bacche-piatto-portata-rotondo-31-cm.jpg","width":1024,"height":1024,"type":"image\/jpeg"}],"twitter_card":"summary_large_image","twitter_image":"https:\/\/interpim.erresse-shop.it\/wp-content\/uploads\/2024\/11\/TAITU-Fil-Rouge-Bacche-Piatto-Portata-Rotondo-31-cm.jpg\/taitu-fil-rouge-bacche-piatto-portata-rotondo-31-cm.jpg","schema":{"@context":"https:\/\/schema.org","@graph":[{"@type":"WebPage","@id":"https:\/\/dev6.erresse-shop.it\/fr\/shop\/table-fr-2\/plats-de-service\/taitu-fil-rouge-bacche-plat-de-service-rond-31-cm\/","url":"https:\/\/dev6.erresse-shop.it\/fr\/shop\/table-fr-2\/plats-de-service\/taitu-fil-rouge-bacche-plat-de-service-rond-31-cm\/","name":"TAIT\u00d9 Fil Rouge Bacche Plat de service rond 31 cm - dev6 Erresse","isPartOf":{"@id":"https:\/\/dev6.erresse-shop.it\/#website"},"primaryImageOfPage":{"@id":"https:\/\/dev6.erresse-shop.it\/fr\/shop\/table-fr-2\/plats-de-service\/taitu-fil-rouge-bacche-plat-de-service-rond-31-cm\/#primaryimage"},"image":{"@id":"https:\/\/dev6.erresse-shop.it\/fr\/shop\/table-fr-2\/plats-de-service\/taitu-fil-rouge-bacche-plat-de-service-rond-31-cm\/#primaryimage"},"thumbnailUrl":"https:\/\/i3.wp.com\/interpim.erresse-shop.it\/wp-content\/uploads\/2024\/11\/TAITU-Fil-Rouge-Bacche-Piatto-Portata-Rotondo-31-cm.jpg\/taitu-fil-rouge-bacche-piatto-portata-rotondo-31-cm.jpg?ssl=1","datePublished":"2026-04-04T12:49:46+00:00","description":"Mati\u00e8re : Fine Bone China Le rouge est la couleur de l\u2019amour, de la passion et de l\u2019\u00e9nergie. La collection BACCHE le c\u00e9l\u00e8bre avec les fruits de","breadcrumb":{"@id":"https:\/\/dev6.erresse-shop.it\/fr\/shop\/table-fr-2\/plats-de-service\/taitu-fil-rouge-bacche-plat-de-service-rond-31-cm\/#breadcrumb"},"inLanguage":"fr-FR","potentialAction":[{"@type":"ReadAction","target":["https:\/\/dev6.erresse-shop.it\/fr\/shop\/table-fr-2\/plats-de-service\/taitu-fil-rouge-bacche-plat-de-service-rond-31-cm\/"]}]},{"@type":"ImageObject","inLanguage":"fr-FR","@id":"https:\/\/dev6.erresse-shop.it\/fr\/shop\/table-fr-2\/plats-de-service\/taitu-fil-rouge-bacche-plat-de-service-rond-31-cm\/#primaryimage","url":"https:\/\/i3.wp.com\/interpim.erresse-shop.it\/wp-content\/uploads\/2024\/11\/TAITU-Fil-Rouge-Bacche-Piatto-Portata-Rotondo-31-cm.jpg\/taitu-fil-rouge-bacche-piatto-portata-rotondo-31-cm.jpg?ssl=1","contentUrl":"https:\/\/i3.wp.com\/interpim.erresse-shop.it\/wp-content\/uploads\/2024\/11\/TAITU-Fil-Rouge-Bacche-Piatto-Portata-Rotondo-31-cm.jpg\/taitu-fil-rouge-bacche-piatto-portata-rotondo-31-cm.jpg?ssl=1"},{"@type":"BreadcrumbList","@id":"https:\/\/dev6.erresse-shop.it\/fr\/shop\/table-fr-2\/plats-de-service\/taitu-fil-rouge-bacche-plat-de-service-rond-31-cm\/#breadcrumb","itemListElement":[{"@type":"ListItem","position":1,"name":"Home","item":"https:\/\/dev6.erresse-shop.it\/"},{"@type":"ListItem","position":2,"name":"Boutique","item":"https:\/\/dev6.erresse-shop.it\/shop\/"},{"@type":"ListItem","position":3,"name":"TAIT\u00d9 Fil Rouge Bacche Plat de service rond 31 cm"}]},{"@type":"WebSite","@id":"https:\/\/dev6.erresse-shop.it\/#website","url":"https:\/\/dev6.erresse-shop.it\/","name":"Erresse Shop","description":"","publisher":{"@id":"https:\/\/dev6.erresse-shop.it\/#organization"},"potentialAction":[{"@type":"SearchAction","target":{"@type":"EntryPoint","urlTemplate":"https:\/\/dev6.erresse-shop.it\/?s={search_term_string}"},"query-input":{"@type":"PropertyValueSpecification","valueRequired":true,"valueName":"search_term_string"}}],"inLanguage":"fr-FR"},{"@type":"Organization","@id":"https:\/\/dev6.erresse-shop.it\/#organization","name":"Erresse Shop","url":"https:\/\/dev6.erresse-shop.it\/","logo":{"@type":"ImageObject","inLanguage":"fr-FR","@id":"https:\/\/dev6.erresse-shop.it\/#\/schema\/logo\/image\/","url":"https:\/\/dev6.erresse-shop.it\/wp-content\/uploads\/2025\/01\/LOGO-ERRESSE-CLASSICO.svg","contentUrl":"https:\/\/dev6.erresse-shop.it\/wp-content\/uploads\/2025\/01\/LOGO-ERRESSE-CLASSICO.svg","caption":"Erresse Shop"},"image":{"@id":"https:\/\/dev6.erresse-shop.it\/#\/schema\/logo\/image\/"}}]}},"df_price":72,"df_sale_price":72,"df_regular_price":85,"df_image_link":"https:\/\/i3.wp.com\/interpim.erresse-shop.it\/wp-content\/uploads\/2024\/11\/TAITU-Fil-Rouge-Bacche-Piatto-Portata-Rotondo-31-cm.jpg\/taitu-fil-rouge-bacche-piatto-portata-rotondo-31-cm.jpg?resize=300,300&ssl=1","fifu_image_url":"https:\/\/interpim.erresse-shop.it\/wp-content\/uploads\/2024\/11\/TAITU-Fil-Rouge-Bacche-Piatto-Portata-Rotondo-31-cm.jpg\/taitu-fil-rouge-bacche-piatto-portata-rotondo-31-cm.jpg","_links":{"self":[{"href":"https:\/\/dev6.erresse-shop.it\/fr\/wp-json\/wp\/v2\/product\/65286","targetHints":{"allow":["GET"]}}],"collection":[{"href":"https:\/\/dev6.erresse-shop.it\/fr\/wp-json\/wp\/v2\/product"}],"about":[{"href":"https:\/\/dev6.erresse-shop.it\/fr\/wp-json\/wp\/v2\/types\/product"}],"wp:featuredmedia":[{"embeddable":true,"href":"https:\/\/dev6.erresse-shop.it\/fr\/wp-json\/wp\/v2\/media\/6298243"}],"wp:attachment":[{"href":"https:\/\/dev6.erresse-shop.it\/fr\/wp-json\/wp\/v2\/media?parent=65286"}],"wp:term":[{"taxonomy":"product_cat","embeddable":true,"href":"https:\/\/dev6.erresse-shop.it\/fr\/wp-json\/wp\/v2\/product_cat?post=65286"},{"taxonomy":"product_tag","embeddable":true,"href":"https:\/\/dev6.erresse-shop.it\/fr\/wp-json\/wp\/v2\/product_tag?post=65286"}],"curies":[{"name":"wp","href":"https:\/\/api.w.org\/{rel}","templated":true}]}}