{"id":65266,"date":"2026-04-10T12:43:03","date_gmt":"2026-04-10T10:43:03","guid":{"rendered":"https:\/\/dev6.erresse-shop.it\/shop\/non%20class\u00e9\/taitu-fil-rouge-foglie-assiettes-a-fruits-et-a-dessert-23-cm-4-pieces\/"},"modified":"2025-09-14T06:03:16","modified_gmt":"2025-09-14T04:03:16","slug":"taitu-fil-rouge-foglie-assiettes-a-fruits-et-a-dessert-23-cm-4-pieces","status":"publish","type":"product","link":"https:\/\/dev6.erresse-shop.it\/fr\/shop\/table-fr-2\/plats\/taitu-fil-rouge-foglie-assiettes-a-fruits-et-a-dessert-23-cm-4-pieces\/","title":{"rendered":"TAIT\u00d9 Fil Rouge Foglie Assiettes \u00e0 fruits et \u00e0 dessert 23 cm 4 pi\u00e8ces"},"content":{"rendered":"<p>Mat\u00e9riau : Fine Bone China (porcelaine de Chine)<\/p>\n<p>Des feuilles d\u2019eucalyptus et de laurier forment des enchev\u00eatrements verts, entre lesquels est nou\u00e9 un fin FIL ROUGE.<br \/>\nLe vert domine la sc\u00e8ne et apporte la s\u00e9r\u00e9nit\u00e9, tandis qu\u2019une touche de rouge illumine le c\u0153ur.<br \/>\nBACCHE, FOGLIE et NODI sont des collections parfaites pour toute l\u2019ann\u00e9e ; et avec le fil rouge, TAIT\u00d9 ravive aussi la magie de No\u00ebl.<br \/>\nR\u00e9unies par le macro concept cr\u00e9atif FIL ROUGE, les 3 collections d\u00e9veloppent de nouvelles possibilit\u00e9s de Mix&amp;Match, entre elles et avec de nombreuses autres collections TAIT\u00d9.<\/p>\n<p>AVERTISSEMENTS<br \/>\nPasse au lave-vaisselle et au micro-ondes.<\/p>\n<p>Designer : Silvia Cabassa<\/p>\n","protected":false},"excerpt":{"rendered":"<p>Mat\u00e9riau : Fine Bone China (porcelaine de Chine) Des feuilles d\u2019eucalyptus et de laurier forment des enchev\u00eatrements verts, entre lesquels est nou\u00e9 un fin FIL ROUGE. Le vert domine la sc\u00e8ne et apporte la s\u00e9r\u00e9nit\u00e9, tandis qu\u2019une touche de rouge illumine le c\u0153ur. BACCHE, FOGLIE et NODI sont des collections parfaites pour toute l\u2019ann\u00e9e ; [&hellip;]<\/p>\n","protected":false},"featured_media":6329191,"template":"","meta":{"_acf_changed":false},"product_cat":[12014,11995,11671],"product_tag":[],"class_list":{"0":"post-65266","1":"product","2":"type-product","3":"status-publish","4":"has-post-thumbnail","6":"product_cat-plats","7":"product_cat-table-fr-2","8":"product_cat-tavola","10":"first","11":"instock","12":"sale","13":"taxable","14":"shipping-taxable","15":"purchasable","16":"product-type-simple","swatches":"rey-swatches","show_selected":"","stretch_labels":"rey-swatches--stretch-labels"},"acf":[],"yoast_head":"<!-- This site is optimized with the Yoast SEO plugin v25.4 - https:\/\/yoast.com\/wordpress\/plugins\/seo\/ -->\n<title>TAIT\u00d9 Fil Rouge Foglie Assiettes \u00e0 fruits et \u00e0 dessert 23 cm 4 pi\u00e8ces - dev6 Erresse<\/title>\n<meta name=\"description\" content=\"Mat\u00e9riau : Fine Bone China (porcelaine de Chine) Des feuilles d\u2019eucalyptus et de laurier forment des enchev\u00eatrements verts, entre lesquels est nou\u00e9 un fin\" \/>\n<meta name=\"robots\" content=\"noindex, follow, max-snippet:-1, max-image-preview:large, max-video-preview:-1\" \/>\n<meta property=\"og:locale\" content=\"fr_FR\" \/>\n<meta property=\"og:type\" content=\"article\" \/>\n<meta property=\"og:title\" content=\"TAIT\u00d9 Fil Rouge Foglie Assiettes \u00e0 fruits et \u00e0 dessert 23 cm 4 pi\u00e8ces - dev6 Erresse\" \/>\n<meta property=\"og:description\" content=\"Mat\u00e9riau : Fine Bone China (porcelaine de Chine) Des feuilles d\u2019eucalyptus et de laurier forment des enchev\u00eatrements verts, entre lesquels est nou\u00e9 un fin\" \/>\n<meta property=\"og:url\" content=\"https:\/\/dev6.erresse-shop.it\/fr\/shop\/table-fr-2\/plats\/taitu-fil-rouge-foglie-assiettes-a-fruits-et-a-dessert-23-cm-4-pieces\/\" \/>\n<meta property=\"og:site_name\" content=\"dev6 Erresse\" \/>\n<meta property=\"og:image\" content=\"https:\/\/interpim.erresse-shop.it\/img-catalogo\/taitu\/taitu-fil-rouge-foglie-piatti-frutta-dessert-23-cm-4-pezzi.jpg\" \/><meta property=\"og:image\" content=\"https:\/\/interpim.erresse-shop.it\/img-catalogo\/taitu\/taitu-fil-rouge-foglie-piatti-frutta-dessert-23-cm-4-pezzi.jpg\" \/>\n\t<meta property=\"og:image:width\" content=\"1024\" \/>\n\t<meta property=\"og:image:height\" content=\"1024\" \/>\n\t<meta property=\"og:image:type\" content=\"image\/jpeg\" \/>\n<meta name=\"twitter:card\" content=\"summary_large_image\" \/>\n<meta name=\"twitter:image\" content=\"https:\/\/interpim.erresse-shop.it\/img-catalogo\/taitu\/taitu-fil-rouge-foglie-piatti-frutta-dessert-23-cm-4-pezzi.jpg\" \/>\n<script type=\"application\/ld+json\" class=\"yoast-schema-graph\">{\"@context\":\"https:\/\/schema.org\",\"@graph\":[{\"@type\":\"WebPage\",\"@id\":\"https:\/\/dev6.erresse-shop.it\/fr\/shop\/table-fr-2\/plats\/taitu-fil-rouge-foglie-assiettes-a-fruits-et-a-dessert-23-cm-4-pieces\/\",\"url\":\"https:\/\/dev6.erresse-shop.it\/fr\/shop\/table-fr-2\/plats\/taitu-fil-rouge-foglie-assiettes-a-fruits-et-a-dessert-23-cm-4-pieces\/\",\"name\":\"TAIT\u00d9 Fil Rouge Foglie Assiettes \u00e0 fruits et \u00e0 dessert 23 cm 4 pi\u00e8ces - dev6 Erresse\",\"isPartOf\":{\"@id\":\"https:\/\/dev6.erresse-shop.it\/#website\"},\"primaryImageOfPage\":{\"@id\":\"https:\/\/dev6.erresse-shop.it\/fr\/shop\/table-fr-2\/plats\/taitu-fil-rouge-foglie-assiettes-a-fruits-et-a-dessert-23-cm-4-pieces\/#primaryimage\"},\"image\":{\"@id\":\"https:\/\/dev6.erresse-shop.it\/fr\/shop\/table-fr-2\/plats\/taitu-fil-rouge-foglie-assiettes-a-fruits-et-a-dessert-23-cm-4-pieces\/#primaryimage\"},\"thumbnailUrl\":\"https:\/\/i3.wp.com\/interpim.erresse-shop.it\/img-catalogo\/taitu\/taitu-fil-rouge-foglie-piatti-frutta-dessert-23-cm-4-pezzi.jpg?ssl=1\",\"datePublished\":\"2026-04-10T10:43:03+00:00\",\"description\":\"Mat\u00e9riau : Fine Bone China (porcelaine de Chine) Des feuilles d\u2019eucalyptus et de laurier forment des enchev\u00eatrements verts, entre lesquels est nou\u00e9 un fin\",\"breadcrumb\":{\"@id\":\"https:\/\/dev6.erresse-shop.it\/fr\/shop\/table-fr-2\/plats\/taitu-fil-rouge-foglie-assiettes-a-fruits-et-a-dessert-23-cm-4-pieces\/#breadcrumb\"},\"inLanguage\":\"fr-FR\",\"potentialAction\":[{\"@type\":\"ReadAction\",\"target\":[\"https:\/\/dev6.erresse-shop.it\/fr\/shop\/table-fr-2\/plats\/taitu-fil-rouge-foglie-assiettes-a-fruits-et-a-dessert-23-cm-4-pieces\/\"]}]},{\"@type\":\"ImageObject\",\"inLanguage\":\"fr-FR\",\"@id\":\"https:\/\/dev6.erresse-shop.it\/fr\/shop\/table-fr-2\/plats\/taitu-fil-rouge-foglie-assiettes-a-fruits-et-a-dessert-23-cm-4-pieces\/#primaryimage\",\"url\":\"https:\/\/i3.wp.com\/interpim.erresse-shop.it\/img-catalogo\/taitu\/taitu-fil-rouge-foglie-piatti-frutta-dessert-23-cm-4-pezzi.jpg?ssl=1\",\"contentUrl\":\"https:\/\/i3.wp.com\/interpim.erresse-shop.it\/img-catalogo\/taitu\/taitu-fil-rouge-foglie-piatti-frutta-dessert-23-cm-4-pezzi.jpg?ssl=1\"},{\"@type\":\"BreadcrumbList\",\"@id\":\"https:\/\/dev6.erresse-shop.it\/fr\/shop\/table-fr-2\/plats\/taitu-fil-rouge-foglie-assiettes-a-fruits-et-a-dessert-23-cm-4-pieces\/#breadcrumb\",\"itemListElement\":[{\"@type\":\"ListItem\",\"position\":1,\"name\":\"Home\",\"item\":\"https:\/\/dev6.erresse-shop.it\/\"},{\"@type\":\"ListItem\",\"position\":2,\"name\":\"Boutique\",\"item\":\"https:\/\/dev6.erresse-shop.it\/shop\/\"},{\"@type\":\"ListItem\",\"position\":3,\"name\":\"TAIT\u00d9 Fil Rouge Foglie Assiettes \u00e0 fruits et \u00e0 dessert 23 cm 4 pi\u00e8ces\"}]},{\"@type\":\"WebSite\",\"@id\":\"https:\/\/dev6.erresse-shop.it\/#website\",\"url\":\"https:\/\/dev6.erresse-shop.it\/\",\"name\":\"Erresse Shop\",\"description\":\"\",\"publisher\":{\"@id\":\"https:\/\/dev6.erresse-shop.it\/#organization\"},\"potentialAction\":[{\"@type\":\"SearchAction\",\"target\":{\"@type\":\"EntryPoint\",\"urlTemplate\":\"https:\/\/dev6.erresse-shop.it\/?s={search_term_string}\"},\"query-input\":{\"@type\":\"PropertyValueSpecification\",\"valueRequired\":true,\"valueName\":\"search_term_string\"}}],\"inLanguage\":\"fr-FR\"},{\"@type\":\"Organization\",\"@id\":\"https:\/\/dev6.erresse-shop.it\/#organization\",\"name\":\"Erresse Shop\",\"url\":\"https:\/\/dev6.erresse-shop.it\/\",\"logo\":{\"@type\":\"ImageObject\",\"inLanguage\":\"fr-FR\",\"@id\":\"https:\/\/dev6.erresse-shop.it\/#\/schema\/logo\/image\/\",\"url\":\"https:\/\/dev6.erresse-shop.it\/wp-content\/uploads\/2025\/01\/LOGO-ERRESSE-CLASSICO.svg\",\"contentUrl\":\"https:\/\/dev6.erresse-shop.it\/wp-content\/uploads\/2025\/01\/LOGO-ERRESSE-CLASSICO.svg\",\"caption\":\"Erresse Shop\"},\"image\":{\"@id\":\"https:\/\/dev6.erresse-shop.it\/#\/schema\/logo\/image\/\"}}]}<\/script>\n<!-- \/ Yoast SEO plugin. -->","yoast_head_json":{"title":"TAIT\u00d9 Fil Rouge Foglie Assiettes \u00e0 fruits et \u00e0 dessert 23 cm 4 pi\u00e8ces - dev6 Erresse","description":"Mat\u00e9riau : Fine Bone China (porcelaine de Chine) Des feuilles d\u2019eucalyptus et de laurier forment des enchev\u00eatrements verts, entre lesquels est nou\u00e9 un fin","robots":{"index":"noindex","follow":"follow","max-snippet":"max-snippet:-1","max-image-preview":"max-image-preview:large","max-video-preview":"max-video-preview:-1"},"og_locale":"fr_FR","og_type":"article","og_title":"TAIT\u00d9 Fil Rouge Foglie Assiettes \u00e0 fruits et \u00e0 dessert 23 cm 4 pi\u00e8ces - dev6 Erresse","og_description":"Mat\u00e9riau : Fine Bone China (porcelaine de Chine) Des feuilles d\u2019eucalyptus et de laurier forment des enchev\u00eatrements verts, entre lesquels est nou\u00e9 un fin","og_url":"https:\/\/dev6.erresse-shop.it\/fr\/shop\/table-fr-2\/plats\/taitu-fil-rouge-foglie-assiettes-a-fruits-et-a-dessert-23-cm-4-pieces\/","og_site_name":"dev6 Erresse","og_image":[{"url":"https:\/\/interpim.erresse-shop.it\/img-catalogo\/taitu\/taitu-fil-rouge-foglie-piatti-frutta-dessert-23-cm-4-pezzi.jpg","type":"","width":"","height":""},{"url":"https:\/\/interpim.erresse-shop.it\/img-catalogo\/taitu\/taitu-fil-rouge-foglie-piatti-frutta-dessert-23-cm-4-pezzi.jpg","width":1024,"height":1024,"type":"image\/jpeg"}],"twitter_card":"summary_large_image","twitter_image":"https:\/\/interpim.erresse-shop.it\/img-catalogo\/taitu\/taitu-fil-rouge-foglie-piatti-frutta-dessert-23-cm-4-pezzi.jpg","schema":{"@context":"https:\/\/schema.org","@graph":[{"@type":"WebPage","@id":"https:\/\/dev6.erresse-shop.it\/fr\/shop\/table-fr-2\/plats\/taitu-fil-rouge-foglie-assiettes-a-fruits-et-a-dessert-23-cm-4-pieces\/","url":"https:\/\/dev6.erresse-shop.it\/fr\/shop\/table-fr-2\/plats\/taitu-fil-rouge-foglie-assiettes-a-fruits-et-a-dessert-23-cm-4-pieces\/","name":"TAIT\u00d9 Fil Rouge Foglie Assiettes \u00e0 fruits et \u00e0 dessert 23 cm 4 pi\u00e8ces - dev6 Erresse","isPartOf":{"@id":"https:\/\/dev6.erresse-shop.it\/#website"},"primaryImageOfPage":{"@id":"https:\/\/dev6.erresse-shop.it\/fr\/shop\/table-fr-2\/plats\/taitu-fil-rouge-foglie-assiettes-a-fruits-et-a-dessert-23-cm-4-pieces\/#primaryimage"},"image":{"@id":"https:\/\/dev6.erresse-shop.it\/fr\/shop\/table-fr-2\/plats\/taitu-fil-rouge-foglie-assiettes-a-fruits-et-a-dessert-23-cm-4-pieces\/#primaryimage"},"thumbnailUrl":"https:\/\/i3.wp.com\/interpim.erresse-shop.it\/img-catalogo\/taitu\/taitu-fil-rouge-foglie-piatti-frutta-dessert-23-cm-4-pezzi.jpg?ssl=1","datePublished":"2026-04-10T10:43:03+00:00","description":"Mat\u00e9riau : Fine Bone China (porcelaine de Chine) Des feuilles d\u2019eucalyptus et de laurier forment des enchev\u00eatrements verts, entre lesquels est nou\u00e9 un fin","breadcrumb":{"@id":"https:\/\/dev6.erresse-shop.it\/fr\/shop\/table-fr-2\/plats\/taitu-fil-rouge-foglie-assiettes-a-fruits-et-a-dessert-23-cm-4-pieces\/#breadcrumb"},"inLanguage":"fr-FR","potentialAction":[{"@type":"ReadAction","target":["https:\/\/dev6.erresse-shop.it\/fr\/shop\/table-fr-2\/plats\/taitu-fil-rouge-foglie-assiettes-a-fruits-et-a-dessert-23-cm-4-pieces\/"]}]},{"@type":"ImageObject","inLanguage":"fr-FR","@id":"https:\/\/dev6.erresse-shop.it\/fr\/shop\/table-fr-2\/plats\/taitu-fil-rouge-foglie-assiettes-a-fruits-et-a-dessert-23-cm-4-pieces\/#primaryimage","url":"https:\/\/i3.wp.com\/interpim.erresse-shop.it\/img-catalogo\/taitu\/taitu-fil-rouge-foglie-piatti-frutta-dessert-23-cm-4-pezzi.jpg?ssl=1","contentUrl":"https:\/\/i3.wp.com\/interpim.erresse-shop.it\/img-catalogo\/taitu\/taitu-fil-rouge-foglie-piatti-frutta-dessert-23-cm-4-pezzi.jpg?ssl=1"},{"@type":"BreadcrumbList","@id":"https:\/\/dev6.erresse-shop.it\/fr\/shop\/table-fr-2\/plats\/taitu-fil-rouge-foglie-assiettes-a-fruits-et-a-dessert-23-cm-4-pieces\/#breadcrumb","itemListElement":[{"@type":"ListItem","position":1,"name":"Home","item":"https:\/\/dev6.erresse-shop.it\/"},{"@type":"ListItem","position":2,"name":"Boutique","item":"https:\/\/dev6.erresse-shop.it\/shop\/"},{"@type":"ListItem","position":3,"name":"TAIT\u00d9 Fil Rouge Foglie Assiettes \u00e0 fruits et \u00e0 dessert 23 cm 4 pi\u00e8ces"}]},{"@type":"WebSite","@id":"https:\/\/dev6.erresse-shop.it\/#website","url":"https:\/\/dev6.erresse-shop.it\/","name":"Erresse Shop","description":"","publisher":{"@id":"https:\/\/dev6.erresse-shop.it\/#organization"},"potentialAction":[{"@type":"SearchAction","target":{"@type":"EntryPoint","urlTemplate":"https:\/\/dev6.erresse-shop.it\/?s={search_term_string}"},"query-input":{"@type":"PropertyValueSpecification","valueRequired":true,"valueName":"search_term_string"}}],"inLanguage":"fr-FR"},{"@type":"Organization","@id":"https:\/\/dev6.erresse-shop.it\/#organization","name":"Erresse Shop","url":"https:\/\/dev6.erresse-shop.it\/","logo":{"@type":"ImageObject","inLanguage":"fr-FR","@id":"https:\/\/dev6.erresse-shop.it\/#\/schema\/logo\/image\/","url":"https:\/\/dev6.erresse-shop.it\/wp-content\/uploads\/2025\/01\/LOGO-ERRESSE-CLASSICO.svg","contentUrl":"https:\/\/dev6.erresse-shop.it\/wp-content\/uploads\/2025\/01\/LOGO-ERRESSE-CLASSICO.svg","caption":"Erresse Shop"},"image":{"@id":"https:\/\/dev6.erresse-shop.it\/#\/schema\/logo\/image\/"}}]}},"df_price":112.95,"df_sale_price":112.95,"df_regular_price":148,"df_image_link":"https:\/\/i3.wp.com\/interpim.erresse-shop.it\/img-catalogo\/taitu\/taitu-fil-rouge-foglie-piatti-frutta-dessert-23-cm-4-pezzi.jpg?resize=300,300&ssl=1","fifu_image_url":"https:\/\/interpim.erresse-shop.it\/img-catalogo\/taitu\/taitu-fil-rouge-foglie-piatti-frutta-dessert-23-cm-4-pezzi.jpg","_links":{"self":[{"href":"https:\/\/dev6.erresse-shop.it\/fr\/wp-json\/wp\/v2\/product\/65266","targetHints":{"allow":["GET"]}}],"collection":[{"href":"https:\/\/dev6.erresse-shop.it\/fr\/wp-json\/wp\/v2\/product"}],"about":[{"href":"https:\/\/dev6.erresse-shop.it\/fr\/wp-json\/wp\/v2\/types\/product"}],"wp:featuredmedia":[{"embeddable":true,"href":"https:\/\/dev6.erresse-shop.it\/fr\/wp-json\/wp\/v2\/media\/6329191"}],"wp:attachment":[{"href":"https:\/\/dev6.erresse-shop.it\/fr\/wp-json\/wp\/v2\/media?parent=65266"}],"wp:term":[{"taxonomy":"product_cat","embeddable":true,"href":"https:\/\/dev6.erresse-shop.it\/fr\/wp-json\/wp\/v2\/product_cat?post=65266"},{"taxonomy":"product_tag","embeddable":true,"href":"https:\/\/dev6.erresse-shop.it\/fr\/wp-json\/wp\/v2\/product_tag?post=65266"}],"curies":[{"name":"wp","href":"https:\/\/api.w.org\/{rel}","templated":true}]}}