{"id":65252,"date":"2026-04-04T11:59:35","date_gmt":"2026-04-04T09:59:35","guid":{"rendered":"https:\/\/dev6.erresse-shop.it\/shop\/non%20class\u00e9\/taitu-noel-oro-assiette-de-service-ronde-31-cm\/"},"modified":"2025-09-14T06:02:54","modified_gmt":"2025-09-14T04:02:54","slug":"taitu-noel-oro-assiette-de-service-ronde-31-cm","status":"publish","type":"product","link":"https:\/\/dev6.erresse-shop.it\/fr\/shop\/table-fr-2\/presentoirs-a-gateau\/taitu-noel-oro-assiette-de-service-ronde-31-cm\/","title":{"rendered":"TAIT\u00d9 Noel Oro Assiette de service ronde 31 cm"},"content":{"rendered":"<p>Mati\u00e8re : Fine Bone China<\/p>\n<p>TAIT\u00d9 r\u00e9invente son Noel avec la nouvelle collection NOEL ORO. De nouveaux \u00e9l\u00e9ments en or 24 carats ajoutent une touche de luxe : le nouveau logo NOEL d\u2019inspiration artistique, les flocons de neige et les \u00e9toiles porte-bonheur, ainsi que le fil d\u2019or pur appliqu\u00e9 sur le bord de tous les accessoires. Pour ceux qui aiment la magie la plus f\u00e9erique de No\u00ebl, ce sera un No\u00ebl tout en or avec NOEL ORO.<\/p>\n<p>Avertissements<br \/>\nD\u00e9tails en or 24 carats. Ne pas utiliser au lave-vaisselle ni au four \u00e0 micro-ondes.<\/p>\n","protected":false},"excerpt":{"rendered":"<p>Mati\u00e8re : Fine Bone China TAIT\u00d9 r\u00e9invente son Noel avec la nouvelle collection NOEL ORO. De nouveaux \u00e9l\u00e9ments en or 24 carats ajoutent une touche de luxe : le nouveau logo NOEL d\u2019inspiration artistique, les flocons de neige et les \u00e9toiles porte-bonheur, ainsi que le fil d\u2019or pur appliqu\u00e9 sur le bord de tous les [&hellip;]<\/p>\n","protected":false},"featured_media":6287521,"template":"","meta":{"_acf_changed":false},"product_cat":[12017,11995,11671],"product_tag":[],"class_list":{"0":"post-65252","1":"product","2":"type-product","3":"status-publish","4":"has-post-thumbnail","6":"product_cat-presentoirs-a-gateau","7":"product_cat-table-fr-2","8":"product_cat-tavola","10":"first","11":"instock","12":"sale","13":"taxable","14":"shipping-taxable","15":"purchasable","16":"product-type-simple","swatches":"rey-swatches","show_selected":"","stretch_labels":"rey-swatches--stretch-labels"},"acf":[],"yoast_head":"<!-- This site is optimized with the Yoast SEO plugin v25.4 - https:\/\/yoast.com\/wordpress\/plugins\/seo\/ -->\n<title>TAIT\u00d9 Noel Oro Assiette de service ronde 31 cm - dev6 Erresse<\/title>\n<meta name=\"description\" content=\"Mati\u00e8re : Fine Bone China TAIT\u00d9 r\u00e9invente son Noel avec la nouvelle collection NOEL ORO. De nouveaux \u00e9l\u00e9ments en or 24 carats ajoutent une touche de luxe\" \/>\n<meta name=\"robots\" content=\"noindex, follow, max-snippet:-1, max-image-preview:large, max-video-preview:-1\" \/>\n<meta property=\"og:locale\" content=\"fr_FR\" \/>\n<meta property=\"og:type\" content=\"article\" \/>\n<meta property=\"og:title\" content=\"TAIT\u00d9 Noel Oro Assiette de service ronde 31 cm - dev6 Erresse\" \/>\n<meta property=\"og:description\" content=\"Mati\u00e8re : Fine Bone China TAIT\u00d9 r\u00e9invente son Noel avec la nouvelle collection NOEL ORO. De nouveaux \u00e9l\u00e9ments en or 24 carats ajoutent une touche de luxe\" \/>\n<meta property=\"og:url\" content=\"https:\/\/dev6.erresse-shop.it\/fr\/shop\/table-fr-2\/presentoirs-a-gateau\/taitu-noel-oro-assiette-de-service-ronde-31-cm\/\" \/>\n<meta property=\"og:site_name\" content=\"dev6 Erresse\" \/>\n<meta property=\"og:image\" content=\"https:\/\/interpim.erresse-shop.it\/img-catalogo\/taitu\/taitu-noel-oro-piatto-portata-rotondo-31-cm.jpg\" \/><meta property=\"og:image\" content=\"https:\/\/interpim.erresse-shop.it\/img-catalogo\/taitu\/taitu-noel-oro-piatto-portata-rotondo-31-cm.jpg\" \/>\n\t<meta property=\"og:image:width\" content=\"1024\" \/>\n\t<meta property=\"og:image:height\" content=\"1024\" \/>\n\t<meta property=\"og:image:type\" content=\"image\/jpeg\" \/>\n<meta name=\"twitter:card\" content=\"summary_large_image\" \/>\n<meta name=\"twitter:image\" content=\"https:\/\/interpim.erresse-shop.it\/img-catalogo\/taitu\/taitu-noel-oro-piatto-portata-rotondo-31-cm.jpg\" \/>\n<script type=\"application\/ld+json\" class=\"yoast-schema-graph\">{\"@context\":\"https:\/\/schema.org\",\"@graph\":[{\"@type\":\"WebPage\",\"@id\":\"https:\/\/dev6.erresse-shop.it\/fr\/shop\/table-fr-2\/presentoirs-a-gateau\/taitu-noel-oro-assiette-de-service-ronde-31-cm\/\",\"url\":\"https:\/\/dev6.erresse-shop.it\/fr\/shop\/table-fr-2\/presentoirs-a-gateau\/taitu-noel-oro-assiette-de-service-ronde-31-cm\/\",\"name\":\"TAIT\u00d9 Noel Oro Assiette de service ronde 31 cm - dev6 Erresse\",\"isPartOf\":{\"@id\":\"https:\/\/dev6.erresse-shop.it\/#website\"},\"primaryImageOfPage\":{\"@id\":\"https:\/\/dev6.erresse-shop.it\/fr\/shop\/table-fr-2\/presentoirs-a-gateau\/taitu-noel-oro-assiette-de-service-ronde-31-cm\/#primaryimage\"},\"image\":{\"@id\":\"https:\/\/dev6.erresse-shop.it\/fr\/shop\/table-fr-2\/presentoirs-a-gateau\/taitu-noel-oro-assiette-de-service-ronde-31-cm\/#primaryimage\"},\"thumbnailUrl\":\"https:\/\/i0.wp.com\/interpim.erresse-shop.it\/img-catalogo\/taitu\/taitu-noel-oro-piatto-portata-rotondo-31-cm.jpg?ssl=1\",\"datePublished\":\"2026-04-04T09:59:35+00:00\",\"description\":\"Mati\u00e8re : Fine Bone China TAIT\u00d9 r\u00e9invente son Noel avec la nouvelle collection NOEL ORO. De nouveaux \u00e9l\u00e9ments en or 24 carats ajoutent une touche de luxe\",\"breadcrumb\":{\"@id\":\"https:\/\/dev6.erresse-shop.it\/fr\/shop\/table-fr-2\/presentoirs-a-gateau\/taitu-noel-oro-assiette-de-service-ronde-31-cm\/#breadcrumb\"},\"inLanguage\":\"fr-FR\",\"potentialAction\":[{\"@type\":\"ReadAction\",\"target\":[\"https:\/\/dev6.erresse-shop.it\/fr\/shop\/table-fr-2\/presentoirs-a-gateau\/taitu-noel-oro-assiette-de-service-ronde-31-cm\/\"]}]},{\"@type\":\"ImageObject\",\"inLanguage\":\"fr-FR\",\"@id\":\"https:\/\/dev6.erresse-shop.it\/fr\/shop\/table-fr-2\/presentoirs-a-gateau\/taitu-noel-oro-assiette-de-service-ronde-31-cm\/#primaryimage\",\"url\":\"https:\/\/i0.wp.com\/interpim.erresse-shop.it\/img-catalogo\/taitu\/taitu-noel-oro-piatto-portata-rotondo-31-cm.jpg?ssl=1\",\"contentUrl\":\"https:\/\/i0.wp.com\/interpim.erresse-shop.it\/img-catalogo\/taitu\/taitu-noel-oro-piatto-portata-rotondo-31-cm.jpg?ssl=1\"},{\"@type\":\"BreadcrumbList\",\"@id\":\"https:\/\/dev6.erresse-shop.it\/fr\/shop\/table-fr-2\/presentoirs-a-gateau\/taitu-noel-oro-assiette-de-service-ronde-31-cm\/#breadcrumb\",\"itemListElement\":[{\"@type\":\"ListItem\",\"position\":1,\"name\":\"Home\",\"item\":\"https:\/\/dev6.erresse-shop.it\/\"},{\"@type\":\"ListItem\",\"position\":2,\"name\":\"Boutique\",\"item\":\"https:\/\/dev6.erresse-shop.it\/shop\/\"},{\"@type\":\"ListItem\",\"position\":3,\"name\":\"TAIT\u00d9 Noel Oro Assiette de service ronde 31 cm\"}]},{\"@type\":\"WebSite\",\"@id\":\"https:\/\/dev6.erresse-shop.it\/#website\",\"url\":\"https:\/\/dev6.erresse-shop.it\/\",\"name\":\"Erresse Shop\",\"description\":\"\",\"publisher\":{\"@id\":\"https:\/\/dev6.erresse-shop.it\/#organization\"},\"potentialAction\":[{\"@type\":\"SearchAction\",\"target\":{\"@type\":\"EntryPoint\",\"urlTemplate\":\"https:\/\/dev6.erresse-shop.it\/?s={search_term_string}\"},\"query-input\":{\"@type\":\"PropertyValueSpecification\",\"valueRequired\":true,\"valueName\":\"search_term_string\"}}],\"inLanguage\":\"fr-FR\"},{\"@type\":\"Organization\",\"@id\":\"https:\/\/dev6.erresse-shop.it\/#organization\",\"name\":\"Erresse Shop\",\"url\":\"https:\/\/dev6.erresse-shop.it\/\",\"logo\":{\"@type\":\"ImageObject\",\"inLanguage\":\"fr-FR\",\"@id\":\"https:\/\/dev6.erresse-shop.it\/#\/schema\/logo\/image\/\",\"url\":\"https:\/\/dev6.erresse-shop.it\/wp-content\/uploads\/2025\/01\/LOGO-ERRESSE-CLASSICO.svg\",\"contentUrl\":\"https:\/\/dev6.erresse-shop.it\/wp-content\/uploads\/2025\/01\/LOGO-ERRESSE-CLASSICO.svg\",\"caption\":\"Erresse Shop\"},\"image\":{\"@id\":\"https:\/\/dev6.erresse-shop.it\/#\/schema\/logo\/image\/\"}}]}<\/script>\n<!-- \/ Yoast SEO plugin. -->","yoast_head_json":{"title":"TAIT\u00d9 Noel Oro Assiette de service ronde 31 cm - dev6 Erresse","description":"Mati\u00e8re : Fine Bone China TAIT\u00d9 r\u00e9invente son Noel avec la nouvelle collection NOEL ORO. De nouveaux \u00e9l\u00e9ments en or 24 carats ajoutent une touche de luxe","robots":{"index":"noindex","follow":"follow","max-snippet":"max-snippet:-1","max-image-preview":"max-image-preview:large","max-video-preview":"max-video-preview:-1"},"og_locale":"fr_FR","og_type":"article","og_title":"TAIT\u00d9 Noel Oro Assiette de service ronde 31 cm - dev6 Erresse","og_description":"Mati\u00e8re : Fine Bone China TAIT\u00d9 r\u00e9invente son Noel avec la nouvelle collection NOEL ORO. De nouveaux \u00e9l\u00e9ments en or 24 carats ajoutent une touche de luxe","og_url":"https:\/\/dev6.erresse-shop.it\/fr\/shop\/table-fr-2\/presentoirs-a-gateau\/taitu-noel-oro-assiette-de-service-ronde-31-cm\/","og_site_name":"dev6 Erresse","og_image":[{"url":"https:\/\/interpim.erresse-shop.it\/img-catalogo\/taitu\/taitu-noel-oro-piatto-portata-rotondo-31-cm.jpg","type":"","width":"","height":""},{"url":"https:\/\/interpim.erresse-shop.it\/img-catalogo\/taitu\/taitu-noel-oro-piatto-portata-rotondo-31-cm.jpg","width":1024,"height":1024,"type":"image\/jpeg"}],"twitter_card":"summary_large_image","twitter_image":"https:\/\/interpim.erresse-shop.it\/img-catalogo\/taitu\/taitu-noel-oro-piatto-portata-rotondo-31-cm.jpg","schema":{"@context":"https:\/\/schema.org","@graph":[{"@type":"WebPage","@id":"https:\/\/dev6.erresse-shop.it\/fr\/shop\/table-fr-2\/presentoirs-a-gateau\/taitu-noel-oro-assiette-de-service-ronde-31-cm\/","url":"https:\/\/dev6.erresse-shop.it\/fr\/shop\/table-fr-2\/presentoirs-a-gateau\/taitu-noel-oro-assiette-de-service-ronde-31-cm\/","name":"TAIT\u00d9 Noel Oro Assiette de service ronde 31 cm - dev6 Erresse","isPartOf":{"@id":"https:\/\/dev6.erresse-shop.it\/#website"},"primaryImageOfPage":{"@id":"https:\/\/dev6.erresse-shop.it\/fr\/shop\/table-fr-2\/presentoirs-a-gateau\/taitu-noel-oro-assiette-de-service-ronde-31-cm\/#primaryimage"},"image":{"@id":"https:\/\/dev6.erresse-shop.it\/fr\/shop\/table-fr-2\/presentoirs-a-gateau\/taitu-noel-oro-assiette-de-service-ronde-31-cm\/#primaryimage"},"thumbnailUrl":"https:\/\/i0.wp.com\/interpim.erresse-shop.it\/img-catalogo\/taitu\/taitu-noel-oro-piatto-portata-rotondo-31-cm.jpg?ssl=1","datePublished":"2026-04-04T09:59:35+00:00","description":"Mati\u00e8re : Fine Bone China TAIT\u00d9 r\u00e9invente son Noel avec la nouvelle collection NOEL ORO. De nouveaux \u00e9l\u00e9ments en or 24 carats ajoutent une touche de luxe","breadcrumb":{"@id":"https:\/\/dev6.erresse-shop.it\/fr\/shop\/table-fr-2\/presentoirs-a-gateau\/taitu-noel-oro-assiette-de-service-ronde-31-cm\/#breadcrumb"},"inLanguage":"fr-FR","potentialAction":[{"@type":"ReadAction","target":["https:\/\/dev6.erresse-shop.it\/fr\/shop\/table-fr-2\/presentoirs-a-gateau\/taitu-noel-oro-assiette-de-service-ronde-31-cm\/"]}]},{"@type":"ImageObject","inLanguage":"fr-FR","@id":"https:\/\/dev6.erresse-shop.it\/fr\/shop\/table-fr-2\/presentoirs-a-gateau\/taitu-noel-oro-assiette-de-service-ronde-31-cm\/#primaryimage","url":"https:\/\/i0.wp.com\/interpim.erresse-shop.it\/img-catalogo\/taitu\/taitu-noel-oro-piatto-portata-rotondo-31-cm.jpg?ssl=1","contentUrl":"https:\/\/i0.wp.com\/interpim.erresse-shop.it\/img-catalogo\/taitu\/taitu-noel-oro-piatto-portata-rotondo-31-cm.jpg?ssl=1"},{"@type":"BreadcrumbList","@id":"https:\/\/dev6.erresse-shop.it\/fr\/shop\/table-fr-2\/presentoirs-a-gateau\/taitu-noel-oro-assiette-de-service-ronde-31-cm\/#breadcrumb","itemListElement":[{"@type":"ListItem","position":1,"name":"Home","item":"https:\/\/dev6.erresse-shop.it\/"},{"@type":"ListItem","position":2,"name":"Boutique","item":"https:\/\/dev6.erresse-shop.it\/shop\/"},{"@type":"ListItem","position":3,"name":"TAIT\u00d9 Noel Oro Assiette de service ronde 31 cm"}]},{"@type":"WebSite","@id":"https:\/\/dev6.erresse-shop.it\/#website","url":"https:\/\/dev6.erresse-shop.it\/","name":"Erresse Shop","description":"","publisher":{"@id":"https:\/\/dev6.erresse-shop.it\/#organization"},"potentialAction":[{"@type":"SearchAction","target":{"@type":"EntryPoint","urlTemplate":"https:\/\/dev6.erresse-shop.it\/?s={search_term_string}"},"query-input":{"@type":"PropertyValueSpecification","valueRequired":true,"valueName":"search_term_string"}}],"inLanguage":"fr-FR"},{"@type":"Organization","@id":"https:\/\/dev6.erresse-shop.it\/#organization","name":"Erresse Shop","url":"https:\/\/dev6.erresse-shop.it\/","logo":{"@type":"ImageObject","inLanguage":"fr-FR","@id":"https:\/\/dev6.erresse-shop.it\/#\/schema\/logo\/image\/","url":"https:\/\/dev6.erresse-shop.it\/wp-content\/uploads\/2025\/01\/LOGO-ERRESSE-CLASSICO.svg","contentUrl":"https:\/\/dev6.erresse-shop.it\/wp-content\/uploads\/2025\/01\/LOGO-ERRESSE-CLASSICO.svg","caption":"Erresse Shop"},"image":{"@id":"https:\/\/dev6.erresse-shop.it\/#\/schema\/logo\/image\/"}}]}},"df_price":74,"df_sale_price":74,"df_regular_price":91,"df_image_link":"https:\/\/i0.wp.com\/interpim.erresse-shop.it\/img-catalogo\/taitu\/taitu-noel-oro-piatto-portata-rotondo-31-cm.jpg?resize=300,300&ssl=1","fifu_image_url":"https:\/\/interpim.erresse-shop.it\/img-catalogo\/taitu\/taitu-noel-oro-piatto-portata-rotondo-31-cm.jpg","_links":{"self":[{"href":"https:\/\/dev6.erresse-shop.it\/fr\/wp-json\/wp\/v2\/product\/65252","targetHints":{"allow":["GET"]}}],"collection":[{"href":"https:\/\/dev6.erresse-shop.it\/fr\/wp-json\/wp\/v2\/product"}],"about":[{"href":"https:\/\/dev6.erresse-shop.it\/fr\/wp-json\/wp\/v2\/types\/product"}],"wp:featuredmedia":[{"embeddable":true,"href":"https:\/\/dev6.erresse-shop.it\/fr\/wp-json\/wp\/v2\/media\/6287521"}],"wp:attachment":[{"href":"https:\/\/dev6.erresse-shop.it\/fr\/wp-json\/wp\/v2\/media?parent=65252"}],"wp:term":[{"taxonomy":"product_cat","embeddable":true,"href":"https:\/\/dev6.erresse-shop.it\/fr\/wp-json\/wp\/v2\/product_cat?post=65252"},{"taxonomy":"product_tag","embeddable":true,"href":"https:\/\/dev6.erresse-shop.it\/fr\/wp-json\/wp\/v2\/product_tag?post=65252"}],"curies":[{"name":"wp","href":"https:\/\/api.w.org\/{rel}","templated":true}]}}