{"id":65236,"date":"2026-04-04T11:59:35","date_gmt":"2026-04-04T09:59:35","guid":{"rendered":"https:\/\/dev6.erresse-shop.it\/shop\/non%20class\u00e9\/g3-ferrari-friggisano-bbq\/"},"modified":"2025-09-14T06:02:22","modified_gmt":"2025-09-14T04:02:22","slug":"g3-ferrari-friggisano-bbq","status":"publish","type":"product","link":"https:\/\/dev6.erresse-shop.it\/fr\/shop\/petits-electromenagers\/fours\/g3-ferrari-friggisano-bbq\/","title":{"rendered":"G3 FERRARI Friggisano BBQ"},"content":{"rendered":"<p>Friggisano BBQ\u00a0: la r\u00e9volution en cuisine<br \/>\nFriggisano BBQ est l\u2019appareil multifonctionnel dont vous avez toujours r\u00eav\u00e9. Gr\u00e2ce \u00e0 la double r\u00e9sistance, \u00e0 la chambre de cuisson abaiss\u00e9e et \u00e0 la riche offre d\u2019accessoires, cet appareil devient :<\/p>\n<p>Barbecue<br \/>\nFriteuse \u00e0 air<br \/>\nFour<br \/>\nS\u00e8che-linge<\/p>\n<p>Avec Friggisano BBQ, vous pouvez pr\u00e9parer des fritures croustillantes et savoureuses avec tr\u00e8s peu d\u2019huile. La technologie de circulation rapide de l\u2019air, combin\u00e9e \u00e0 la grille plus croustillante et \u00e0 des temp\u00e9ratures allant jusqu\u2019\u00e0 230\u00b0C, vous permettra de cuisiner des aliments sains et d\u00e9licieux, en conservant le croquant des aliments frits traditionnels.<\/p>\n<p>Un four \u00e9lectrique aux multiples fonctions<br \/>\nSi vous pensez que Friggisano ne convient que pour frire et griller, vous n\u2019avez pas encore d\u00e9couvert le grand potentiel de ce four \u00e9lectrique multifonction.<\/p>\n<p>Friggisano BBQ fonctionne comme un v\u00e9ritable four \u00e9lectrique, mais avec des performances record : vous pouvez l\u2019utiliser pour cuire vos g\u00e2teaux ou pr\u00e9parer d\u2019excellentes pizzas et focaccias. Equip\u00e9 d\u2019un r\u00e9cipient antiadh\u00e9sif amovible de 10 litres, de 8 programmes pr\u00e9d\u00e9finis, d\u2019une fen\u00eatre et d\u2019un \u00e9clairage interne et d\u2019un grand \u00e9cran num\u00e9rique, Friggisano BBQ vous permet de :<\/p>\n<p>Toast<br \/>\nGratin<br \/>\nCuire au four<br \/>\nR\u00f4ti<br \/>\nD\u00e9givrage<br \/>\nSec<br \/>\nChaleur<\/p>\n<p>Capacit\u00e9 XXL pour toute la famille<br \/>\nAvec Friggisano, cuisiner au barbecue n\u2019est plus un probl\u00e8me pour de nombreuses personnes. Gr\u00e2ce \u00e0 la capacit\u00e9 de 10 litres et au bac \u00e0 l\u00e9gumes, vous pouvez frire des portions XXL de chips et d\u2019autres aliments, en obtenant toujours des r\u00e9sultats parfaits.<\/p>\n<p>Sp\u00e9cifications techniques<\/p>\n<p>Capacit\u00e9 de 10\u00a0litres (jusqu\u2019\u00e0 2\u00a0500\u00a0g)<br \/>\nDouble r\u00e9sistance, inf\u00e9rieure et sup\u00e9rieure<br \/>\nAvec fen\u00eatre et \u00e9clairage interne<br \/>\nR\u00e9cipient antiadh\u00e9sif et accessoires<br \/>\nTemp\u00e9rature r\u00e9glable (50\u00b0 \u2013 230\u00b0C)<br \/>\nMinuteur de 60\u00a0minutes<br \/>\nAffichage num\u00e9rique<br \/>\n8 programmes pr\u00e9d\u00e9finis\u00a0: pizza, poisson, pain, crustac\u00e9s, cuisses de poulet, grill,<br \/>\nchips, s\u00e8che-linge<br \/>\nFonction s\u00e8che-linge<br \/>\nPieds antid\u00e9rapants<br \/>\nAccessoires inclus\u00a0: grille croustillante, grill, plateau rond<br \/>\nAlimentation\u00a0:\u00a0220-240\u00a0V CA ~ 50-60\u00a0Hz<br \/>\nPuissance\u00a0: 2\u00a0000\u00a0W<br \/>\nDimensions (L x H x P)\u00a0: 37,5 x 26 x 45 cm<br \/>\nPoids\u00a0: 8\u00a0kg<\/p>\n<p>Pas \u00e0 vendre en dehors de l\u2019Europe<\/p>\n","protected":false},"excerpt":{"rendered":"<p>Friggisano BBQ\u00a0: la r\u00e9volution en cuisine Friggisano BBQ est l\u2019appareil multifonctionnel dont vous avez toujours r\u00eav\u00e9. Gr\u00e2ce \u00e0 la double r\u00e9sistance, \u00e0 la chambre de cuisson abaiss\u00e9e et \u00e0 la riche offre d\u2019accessoires, cet appareil devient : Barbecue Friteuse \u00e0 air Four S\u00e8che-linge Avec Friggisano BBQ, vous pouvez pr\u00e9parer des fritures croustillantes et savoureuses avec [&hellip;]<\/p>\n","protected":false},"featured_media":6287456,"template":"","meta":{"_acf_changed":false},"product_cat":[12085,12086,12055],"product_tag":[],"class_list":{"0":"post-65236","1":"product","2":"type-product","3":"status-publish","4":"has-post-thumbnail","6":"product_cat-fours","7":"product_cat-friteuses-a-air","8":"product_cat-petits-electromenagers","10":"first","11":"instock","12":"sale","13":"taxable","14":"shipping-taxable","15":"purchasable","16":"product-type-simple","swatches":"rey-swatches","show_selected":"","stretch_labels":"rey-swatches--stretch-labels"},"acf":[],"yoast_head":"<!-- This site is optimized with the Yoast SEO plugin v25.4 - https:\/\/yoast.com\/wordpress\/plugins\/seo\/ -->\n<title>G3 FERRARI Friggisano BBQ - dev6 Erresse<\/title>\n<meta name=\"description\" content=\"Friggisano BBQ\u00a0: la r\u00e9volution en cuisine Friggisano BBQ est l\u2019appareil multifonctionnel dont vous avez toujours r\u00eav\u00e9. Gr\u00e2ce \u00e0 la double r\u00e9sistance, \u00e0 la\" \/>\n<meta name=\"robots\" content=\"noindex, follow, max-snippet:-1, max-image-preview:large, max-video-preview:-1\" \/>\n<meta property=\"og:locale\" content=\"fr_FR\" \/>\n<meta property=\"og:type\" content=\"article\" \/>\n<meta property=\"og:title\" content=\"G3 FERRARI Friggisano BBQ - dev6 Erresse\" \/>\n<meta property=\"og:description\" content=\"Friggisano BBQ\u00a0: la r\u00e9volution en cuisine Friggisano BBQ est l\u2019appareil multifonctionnel dont vous avez toujours r\u00eav\u00e9. Gr\u00e2ce \u00e0 la double r\u00e9sistance, \u00e0 la\" \/>\n<meta property=\"og:url\" content=\"https:\/\/dev6.erresse-shop.it\/fr\/shop\/petits-electromenagers\/fours\/g3-ferrari-friggisano-bbq\/\" \/>\n<meta property=\"og:site_name\" content=\"dev6 Erresse\" \/>\n<meta property=\"og:image\" content=\"https:\/\/interpim.erresse-shop.it\/Import\/Prodotti\/g3-ferrari-friggisano-bbq.jpg\" \/><meta property=\"og:image\" content=\"https:\/\/interpim.erresse-shop.it\/Import\/Prodotti\/g3-ferrari-friggisano-bbq.jpg\" \/>\n\t<meta property=\"og:image:width\" content=\"1024\" \/>\n\t<meta property=\"og:image:height\" content=\"1024\" \/>\n\t<meta property=\"og:image:type\" content=\"image\/jpeg\" \/>\n<meta name=\"twitter:card\" content=\"summary_large_image\" \/>\n<meta name=\"twitter:image\" content=\"https:\/\/interpim.erresse-shop.it\/Import\/Prodotti\/g3-ferrari-friggisano-bbq.jpg\" \/>\n<script type=\"application\/ld+json\" class=\"yoast-schema-graph\">{\"@context\":\"https:\/\/schema.org\",\"@graph\":[{\"@type\":\"WebPage\",\"@id\":\"https:\/\/dev6.erresse-shop.it\/fr\/shop\/petits-electromenagers\/fours\/g3-ferrari-friggisano-bbq\/\",\"url\":\"https:\/\/dev6.erresse-shop.it\/fr\/shop\/petits-electromenagers\/fours\/g3-ferrari-friggisano-bbq\/\",\"name\":\"G3 FERRARI Friggisano BBQ - dev6 Erresse\",\"isPartOf\":{\"@id\":\"https:\/\/dev6.erresse-shop.it\/#website\"},\"primaryImageOfPage\":{\"@id\":\"https:\/\/dev6.erresse-shop.it\/fr\/shop\/petits-electromenagers\/fours\/g3-ferrari-friggisano-bbq\/#primaryimage\"},\"image\":{\"@id\":\"https:\/\/dev6.erresse-shop.it\/fr\/shop\/petits-electromenagers\/fours\/g3-ferrari-friggisano-bbq\/#primaryimage\"},\"thumbnailUrl\":\"https:\/\/i0.wp.com\/interpim.erresse-shop.it\/Import\/Prodotti\/g3-ferrari-friggisano-bbq.jpg?ssl=1\",\"datePublished\":\"2026-04-04T09:59:35+00:00\",\"description\":\"Friggisano BBQ\u00a0: la r\u00e9volution en cuisine Friggisano BBQ est l\u2019appareil multifonctionnel dont vous avez toujours r\u00eav\u00e9. Gr\u00e2ce \u00e0 la double r\u00e9sistance, \u00e0 la\",\"breadcrumb\":{\"@id\":\"https:\/\/dev6.erresse-shop.it\/fr\/shop\/petits-electromenagers\/fours\/g3-ferrari-friggisano-bbq\/#breadcrumb\"},\"inLanguage\":\"fr-FR\",\"potentialAction\":[{\"@type\":\"ReadAction\",\"target\":[\"https:\/\/dev6.erresse-shop.it\/fr\/shop\/petits-electromenagers\/fours\/g3-ferrari-friggisano-bbq\/\"]}]},{\"@type\":\"ImageObject\",\"inLanguage\":\"fr-FR\",\"@id\":\"https:\/\/dev6.erresse-shop.it\/fr\/shop\/petits-electromenagers\/fours\/g3-ferrari-friggisano-bbq\/#primaryimage\",\"url\":\"https:\/\/i0.wp.com\/interpim.erresse-shop.it\/Import\/Prodotti\/g3-ferrari-friggisano-bbq.jpg?ssl=1\",\"contentUrl\":\"https:\/\/i0.wp.com\/interpim.erresse-shop.it\/Import\/Prodotti\/g3-ferrari-friggisano-bbq.jpg?ssl=1\"},{\"@type\":\"BreadcrumbList\",\"@id\":\"https:\/\/dev6.erresse-shop.it\/fr\/shop\/petits-electromenagers\/fours\/g3-ferrari-friggisano-bbq\/#breadcrumb\",\"itemListElement\":[{\"@type\":\"ListItem\",\"position\":1,\"name\":\"Home\",\"item\":\"https:\/\/dev6.erresse-shop.it\/\"},{\"@type\":\"ListItem\",\"position\":2,\"name\":\"Boutique\",\"item\":\"https:\/\/dev6.erresse-shop.it\/shop\/\"},{\"@type\":\"ListItem\",\"position\":3,\"name\":\"G3 FERRARI Friggisano BBQ\"}]},{\"@type\":\"WebSite\",\"@id\":\"https:\/\/dev6.erresse-shop.it\/#website\",\"url\":\"https:\/\/dev6.erresse-shop.it\/\",\"name\":\"Erresse Shop\",\"description\":\"\",\"publisher\":{\"@id\":\"https:\/\/dev6.erresse-shop.it\/#organization\"},\"potentialAction\":[{\"@type\":\"SearchAction\",\"target\":{\"@type\":\"EntryPoint\",\"urlTemplate\":\"https:\/\/dev6.erresse-shop.it\/?s={search_term_string}\"},\"query-input\":{\"@type\":\"PropertyValueSpecification\",\"valueRequired\":true,\"valueName\":\"search_term_string\"}}],\"inLanguage\":\"fr-FR\"},{\"@type\":\"Organization\",\"@id\":\"https:\/\/dev6.erresse-shop.it\/#organization\",\"name\":\"Erresse Shop\",\"url\":\"https:\/\/dev6.erresse-shop.it\/\",\"logo\":{\"@type\":\"ImageObject\",\"inLanguage\":\"fr-FR\",\"@id\":\"https:\/\/dev6.erresse-shop.it\/#\/schema\/logo\/image\/\",\"url\":\"https:\/\/dev6.erresse-shop.it\/wp-content\/uploads\/2025\/01\/LOGO-ERRESSE-CLASSICO.svg\",\"contentUrl\":\"https:\/\/dev6.erresse-shop.it\/wp-content\/uploads\/2025\/01\/LOGO-ERRESSE-CLASSICO.svg\",\"caption\":\"Erresse Shop\"},\"image\":{\"@id\":\"https:\/\/dev6.erresse-shop.it\/#\/schema\/logo\/image\/\"}}]}<\/script>\n<!-- \/ Yoast SEO plugin. -->","yoast_head_json":{"title":"G3 FERRARI Friggisano BBQ - dev6 Erresse","description":"Friggisano BBQ\u00a0: la r\u00e9volution en cuisine Friggisano BBQ est l\u2019appareil multifonctionnel dont vous avez toujours r\u00eav\u00e9. Gr\u00e2ce \u00e0 la double r\u00e9sistance, \u00e0 la","robots":{"index":"noindex","follow":"follow","max-snippet":"max-snippet:-1","max-image-preview":"max-image-preview:large","max-video-preview":"max-video-preview:-1"},"og_locale":"fr_FR","og_type":"article","og_title":"G3 FERRARI Friggisano BBQ - dev6 Erresse","og_description":"Friggisano BBQ\u00a0: la r\u00e9volution en cuisine Friggisano BBQ est l\u2019appareil multifonctionnel dont vous avez toujours r\u00eav\u00e9. Gr\u00e2ce \u00e0 la double r\u00e9sistance, \u00e0 la","og_url":"https:\/\/dev6.erresse-shop.it\/fr\/shop\/petits-electromenagers\/fours\/g3-ferrari-friggisano-bbq\/","og_site_name":"dev6 Erresse","og_image":[{"url":"https:\/\/interpim.erresse-shop.it\/Import\/Prodotti\/g3-ferrari-friggisano-bbq.jpg","type":"","width":"","height":""},{"url":"https:\/\/interpim.erresse-shop.it\/Import\/Prodotti\/g3-ferrari-friggisano-bbq.jpg","width":1024,"height":1024,"type":"image\/jpeg"}],"twitter_card":"summary_large_image","twitter_image":"https:\/\/interpim.erresse-shop.it\/Import\/Prodotti\/g3-ferrari-friggisano-bbq.jpg","schema":{"@context":"https:\/\/schema.org","@graph":[{"@type":"WebPage","@id":"https:\/\/dev6.erresse-shop.it\/fr\/shop\/petits-electromenagers\/fours\/g3-ferrari-friggisano-bbq\/","url":"https:\/\/dev6.erresse-shop.it\/fr\/shop\/petits-electromenagers\/fours\/g3-ferrari-friggisano-bbq\/","name":"G3 FERRARI Friggisano BBQ - dev6 Erresse","isPartOf":{"@id":"https:\/\/dev6.erresse-shop.it\/#website"},"primaryImageOfPage":{"@id":"https:\/\/dev6.erresse-shop.it\/fr\/shop\/petits-electromenagers\/fours\/g3-ferrari-friggisano-bbq\/#primaryimage"},"image":{"@id":"https:\/\/dev6.erresse-shop.it\/fr\/shop\/petits-electromenagers\/fours\/g3-ferrari-friggisano-bbq\/#primaryimage"},"thumbnailUrl":"https:\/\/i0.wp.com\/interpim.erresse-shop.it\/Import\/Prodotti\/g3-ferrari-friggisano-bbq.jpg?ssl=1","datePublished":"2026-04-04T09:59:35+00:00","description":"Friggisano BBQ\u00a0: la r\u00e9volution en cuisine Friggisano BBQ est l\u2019appareil multifonctionnel dont vous avez toujours r\u00eav\u00e9. Gr\u00e2ce \u00e0 la double r\u00e9sistance, \u00e0 la","breadcrumb":{"@id":"https:\/\/dev6.erresse-shop.it\/fr\/shop\/petits-electromenagers\/fours\/g3-ferrari-friggisano-bbq\/#breadcrumb"},"inLanguage":"fr-FR","potentialAction":[{"@type":"ReadAction","target":["https:\/\/dev6.erresse-shop.it\/fr\/shop\/petits-electromenagers\/fours\/g3-ferrari-friggisano-bbq\/"]}]},{"@type":"ImageObject","inLanguage":"fr-FR","@id":"https:\/\/dev6.erresse-shop.it\/fr\/shop\/petits-electromenagers\/fours\/g3-ferrari-friggisano-bbq\/#primaryimage","url":"https:\/\/i0.wp.com\/interpim.erresse-shop.it\/Import\/Prodotti\/g3-ferrari-friggisano-bbq.jpg?ssl=1","contentUrl":"https:\/\/i0.wp.com\/interpim.erresse-shop.it\/Import\/Prodotti\/g3-ferrari-friggisano-bbq.jpg?ssl=1"},{"@type":"BreadcrumbList","@id":"https:\/\/dev6.erresse-shop.it\/fr\/shop\/petits-electromenagers\/fours\/g3-ferrari-friggisano-bbq\/#breadcrumb","itemListElement":[{"@type":"ListItem","position":1,"name":"Home","item":"https:\/\/dev6.erresse-shop.it\/"},{"@type":"ListItem","position":2,"name":"Boutique","item":"https:\/\/dev6.erresse-shop.it\/shop\/"},{"@type":"ListItem","position":3,"name":"G3 FERRARI Friggisano BBQ"}]},{"@type":"WebSite","@id":"https:\/\/dev6.erresse-shop.it\/#website","url":"https:\/\/dev6.erresse-shop.it\/","name":"Erresse Shop","description":"","publisher":{"@id":"https:\/\/dev6.erresse-shop.it\/#organization"},"potentialAction":[{"@type":"SearchAction","target":{"@type":"EntryPoint","urlTemplate":"https:\/\/dev6.erresse-shop.it\/?s={search_term_string}"},"query-input":{"@type":"PropertyValueSpecification","valueRequired":true,"valueName":"search_term_string"}}],"inLanguage":"fr-FR"},{"@type":"Organization","@id":"https:\/\/dev6.erresse-shop.it\/#organization","name":"Erresse Shop","url":"https:\/\/dev6.erresse-shop.it\/","logo":{"@type":"ImageObject","inLanguage":"fr-FR","@id":"https:\/\/dev6.erresse-shop.it\/#\/schema\/logo\/image\/","url":"https:\/\/dev6.erresse-shop.it\/wp-content\/uploads\/2025\/01\/LOGO-ERRESSE-CLASSICO.svg","contentUrl":"https:\/\/dev6.erresse-shop.it\/wp-content\/uploads\/2025\/01\/LOGO-ERRESSE-CLASSICO.svg","caption":"Erresse Shop"},"image":{"@id":"https:\/\/dev6.erresse-shop.it\/#\/schema\/logo\/image\/"}}]}},"df_price":179.95,"df_sale_price":179.95,"df_regular_price":259,"df_image_link":"https:\/\/i0.wp.com\/interpim.erresse-shop.it\/Import\/Prodotti\/g3-ferrari-friggisano-bbq.jpg?resize=300,300&ssl=1","fifu_image_url":"https:\/\/interpim.erresse-shop.it\/Import\/Prodotti\/g3-ferrari-friggisano-bbq.jpg","_links":{"self":[{"href":"https:\/\/dev6.erresse-shop.it\/fr\/wp-json\/wp\/v2\/product\/65236","targetHints":{"allow":["GET"]}}],"collection":[{"href":"https:\/\/dev6.erresse-shop.it\/fr\/wp-json\/wp\/v2\/product"}],"about":[{"href":"https:\/\/dev6.erresse-shop.it\/fr\/wp-json\/wp\/v2\/types\/product"}],"wp:featuredmedia":[{"embeddable":true,"href":"https:\/\/dev6.erresse-shop.it\/fr\/wp-json\/wp\/v2\/media\/6287456"}],"wp:attachment":[{"href":"https:\/\/dev6.erresse-shop.it\/fr\/wp-json\/wp\/v2\/media?parent=65236"}],"wp:term":[{"taxonomy":"product_cat","embeddable":true,"href":"https:\/\/dev6.erresse-shop.it\/fr\/wp-json\/wp\/v2\/product_cat?post=65236"},{"taxonomy":"product_tag","embeddable":true,"href":"https:\/\/dev6.erresse-shop.it\/fr\/wp-json\/wp\/v2\/product_tag?post=65236"}],"curies":[{"name":"wp","href":"https:\/\/api.w.org\/{rel}","templated":true}]}}