{"id":65186,"date":"2026-04-12T11:59:57","date_gmt":"2026-04-12T09:59:57","guid":{"rendered":"https:\/\/dev6.erresse-shop.it\/shop\/non%20class\u00e9\/guzzini-dolcevita-set-de-2-bols-a-aperitif-rouge\/"},"modified":"2025-07-04T18:44:05","modified_gmt":"2025-07-04T16:44:05","slug":"guzzini-dolcevita-set-de-2-bols-a-aperitif-rouge","status":"publish","type":"product","link":"https:\/\/dev6.erresse-shop.it\/fr\/shop\/table-fr-2\/recipients-et-bols\/guzzini-dolcevita-set-de-2-bols-a-aperitif-rouge\/","title":{"rendered":"GUZZINI Dolcevita Set de 2 bols \u00e0 ap\u00e9ritif Rouge"},"content":{"rendered":"<p>Ap\u00e9ritif \u00e9l\u00e9gant compos\u00e9 de deux r\u00e9cipients. Le design attrayant ajoute une touche de style \u00e0 votre table, tandis que la commodit\u00e9 d\u2019avoir deux r\u00e9cipients vous permet de servir une s\u00e9lection encore plus large d\u2019entr\u00e9es. Les conteneurs peuvent \u00eatre utilis\u00e9s seuls ou ensemble et trouvent de la place dans tout type d\u2019occasion.<\/p>\n<p>Id\u00e9al pour contenir des chips, des pistaches, des cacahu\u00e8tes, des olives ou des petites collations<br \/>\nConteneurs s\u00e9parables<br \/>\nFabriqu\u00e9 en plastique d\u2019origine biologique et 100\u00a0% recyclable<\/p>\n","protected":false},"excerpt":{"rendered":"<p>Ap\u00e9ritif \u00e9l\u00e9gant compos\u00e9 de deux r\u00e9cipients. Le design attrayant ajoute une touche de style \u00e0 votre table, tandis que la commodit\u00e9 d\u2019avoir deux r\u00e9cipients vous permet de servir une s\u00e9lection encore plus large d\u2019entr\u00e9es. Les conteneurs peuvent \u00eatre utilis\u00e9s seuls ou ensemble et trouvent de la place dans tout type d\u2019occasion. Id\u00e9al pour contenir des [&hellip;]<\/p>\n","protected":false},"featured_media":6370672,"template":"","meta":{"_acf_changed":false},"product_cat":[12015,11995,11671],"product_tag":[],"class_list":{"0":"post-65186","1":"product","2":"type-product","3":"status-publish","4":"has-post-thumbnail","6":"product_cat-recipients-et-bols","7":"product_cat-table-fr-2","8":"product_cat-tavola","10":"first","11":"instock","12":"taxable","13":"shipping-taxable","14":"product-type-simple","swatches":"rey-swatches","show_selected":"","stretch_labels":"rey-swatches--stretch-labels"},"acf":[],"yoast_head":"<!-- This site is optimized with the Yoast SEO plugin v25.4 - https:\/\/yoast.com\/wordpress\/plugins\/seo\/ -->\n<title>GUZZINI Dolcevita Set de 2 bols \u00e0 ap\u00e9ritif Rouge - dev6 Erresse<\/title>\n<meta name=\"description\" content=\"Ap\u00e9ritif \u00e9l\u00e9gant compos\u00e9 de deux r\u00e9cipients. Le design attrayant ajoute une touche de style \u00e0 votre table, tandis que la commodit\u00e9 d\u2019avoir deux r\u00e9cipients\" \/>\n<meta name=\"robots\" content=\"noindex, follow, max-snippet:-1, max-image-preview:large, max-video-preview:-1\" \/>\n<meta property=\"og:locale\" content=\"fr_FR\" \/>\n<meta property=\"og:type\" content=\"article\" \/>\n<meta property=\"og:title\" content=\"GUZZINI Dolcevita Set de 2 bols \u00e0 ap\u00e9ritif Rouge - dev6 Erresse\" \/>\n<meta property=\"og:description\" content=\"Ap\u00e9ritif \u00e9l\u00e9gant compos\u00e9 de deux r\u00e9cipients. Le design attrayant ajoute une touche de style \u00e0 votre table, tandis que la commodit\u00e9 d\u2019avoir deux r\u00e9cipients\" \/>\n<meta property=\"og:url\" content=\"https:\/\/dev6.erresse-shop.it\/fr\/shop\/table-fr-2\/recipients-et-bols\/guzzini-dolcevita-set-de-2-bols-a-aperitif-rouge\/\" \/>\n<meta property=\"og:site_name\" content=\"dev6 Erresse\" \/>\n<meta property=\"og:image\" content=\"https:\/\/interpim.erresse-shop.it\/Import\/Prodotti\/guzzini-dolcevita-set-2-antipastiere-rosso.jpg\" \/><meta property=\"og:image\" content=\"https:\/\/interpim.erresse-shop.it\/Import\/Prodotti\/guzzini-dolcevita-set-2-antipastiere-rosso.jpg\" \/>\n\t<meta property=\"og:image:width\" content=\"1024\" \/>\n\t<meta property=\"og:image:height\" content=\"1024\" \/>\n\t<meta property=\"og:image:type\" content=\"image\/jpeg\" \/>\n<meta name=\"twitter:card\" content=\"summary_large_image\" \/>\n<meta name=\"twitter:image\" content=\"https:\/\/interpim.erresse-shop.it\/Import\/Prodotti\/guzzini-dolcevita-set-2-antipastiere-rosso.jpg\" \/>\n<script type=\"application\/ld+json\" class=\"yoast-schema-graph\">{\"@context\":\"https:\/\/schema.org\",\"@graph\":[{\"@type\":\"WebPage\",\"@id\":\"https:\/\/dev6.erresse-shop.it\/fr\/shop\/table-fr-2\/recipients-et-bols\/guzzini-dolcevita-set-de-2-bols-a-aperitif-rouge\/\",\"url\":\"https:\/\/dev6.erresse-shop.it\/fr\/shop\/table-fr-2\/recipients-et-bols\/guzzini-dolcevita-set-de-2-bols-a-aperitif-rouge\/\",\"name\":\"GUZZINI Dolcevita Set de 2 bols \u00e0 ap\u00e9ritif Rouge - dev6 Erresse\",\"isPartOf\":{\"@id\":\"https:\/\/dev6.erresse-shop.it\/#website\"},\"primaryImageOfPage\":{\"@id\":\"https:\/\/dev6.erresse-shop.it\/fr\/shop\/table-fr-2\/recipients-et-bols\/guzzini-dolcevita-set-de-2-bols-a-aperitif-rouge\/#primaryimage\"},\"image\":{\"@id\":\"https:\/\/dev6.erresse-shop.it\/fr\/shop\/table-fr-2\/recipients-et-bols\/guzzini-dolcevita-set-de-2-bols-a-aperitif-rouge\/#primaryimage\"},\"thumbnailUrl\":\"https:\/\/i2.wp.com\/interpim.erresse-shop.it\/Import\/Prodotti\/guzzini-dolcevita-set-2-antipastiere-rosso.jpg?ssl=1\",\"datePublished\":\"2026-04-12T09:59:57+00:00\",\"description\":\"Ap\u00e9ritif \u00e9l\u00e9gant compos\u00e9 de deux r\u00e9cipients. Le design attrayant ajoute une touche de style \u00e0 votre table, tandis que la commodit\u00e9 d\u2019avoir deux r\u00e9cipients\",\"breadcrumb\":{\"@id\":\"https:\/\/dev6.erresse-shop.it\/fr\/shop\/table-fr-2\/recipients-et-bols\/guzzini-dolcevita-set-de-2-bols-a-aperitif-rouge\/#breadcrumb\"},\"inLanguage\":\"fr-FR\",\"potentialAction\":[{\"@type\":\"ReadAction\",\"target\":[\"https:\/\/dev6.erresse-shop.it\/fr\/shop\/table-fr-2\/recipients-et-bols\/guzzini-dolcevita-set-de-2-bols-a-aperitif-rouge\/\"]}]},{\"@type\":\"ImageObject\",\"inLanguage\":\"fr-FR\",\"@id\":\"https:\/\/dev6.erresse-shop.it\/fr\/shop\/table-fr-2\/recipients-et-bols\/guzzini-dolcevita-set-de-2-bols-a-aperitif-rouge\/#primaryimage\",\"url\":\"https:\/\/i2.wp.com\/interpim.erresse-shop.it\/Import\/Prodotti\/guzzini-dolcevita-set-2-antipastiere-rosso.jpg?ssl=1\",\"contentUrl\":\"https:\/\/i2.wp.com\/interpim.erresse-shop.it\/Import\/Prodotti\/guzzini-dolcevita-set-2-antipastiere-rosso.jpg?ssl=1\"},{\"@type\":\"BreadcrumbList\",\"@id\":\"https:\/\/dev6.erresse-shop.it\/fr\/shop\/table-fr-2\/recipients-et-bols\/guzzini-dolcevita-set-de-2-bols-a-aperitif-rouge\/#breadcrumb\",\"itemListElement\":[{\"@type\":\"ListItem\",\"position\":1,\"name\":\"Home\",\"item\":\"https:\/\/dev6.erresse-shop.it\/\"},{\"@type\":\"ListItem\",\"position\":2,\"name\":\"Boutique\",\"item\":\"https:\/\/dev6.erresse-shop.it\/shop\/\"},{\"@type\":\"ListItem\",\"position\":3,\"name\":\"GUZZINI Dolcevita Set de 2 bols \u00e0 ap\u00e9ritif Rouge\"}]},{\"@type\":\"WebSite\",\"@id\":\"https:\/\/dev6.erresse-shop.it\/#website\",\"url\":\"https:\/\/dev6.erresse-shop.it\/\",\"name\":\"Erresse Shop\",\"description\":\"\",\"publisher\":{\"@id\":\"https:\/\/dev6.erresse-shop.it\/#organization\"},\"potentialAction\":[{\"@type\":\"SearchAction\",\"target\":{\"@type\":\"EntryPoint\",\"urlTemplate\":\"https:\/\/dev6.erresse-shop.it\/?s={search_term_string}\"},\"query-input\":{\"@type\":\"PropertyValueSpecification\",\"valueRequired\":true,\"valueName\":\"search_term_string\"}}],\"inLanguage\":\"fr-FR\"},{\"@type\":\"Organization\",\"@id\":\"https:\/\/dev6.erresse-shop.it\/#organization\",\"name\":\"Erresse Shop\",\"url\":\"https:\/\/dev6.erresse-shop.it\/\",\"logo\":{\"@type\":\"ImageObject\",\"inLanguage\":\"fr-FR\",\"@id\":\"https:\/\/dev6.erresse-shop.it\/#\/schema\/logo\/image\/\",\"url\":\"https:\/\/dev6.erresse-shop.it\/wp-content\/uploads\/2025\/01\/LOGO-ERRESSE-CLASSICO.svg\",\"contentUrl\":\"https:\/\/dev6.erresse-shop.it\/wp-content\/uploads\/2025\/01\/LOGO-ERRESSE-CLASSICO.svg\",\"caption\":\"Erresse Shop\"},\"image\":{\"@id\":\"https:\/\/dev6.erresse-shop.it\/#\/schema\/logo\/image\/\"}}]}<\/script>\n<!-- \/ Yoast SEO plugin. -->","yoast_head_json":{"title":"GUZZINI Dolcevita Set de 2 bols \u00e0 ap\u00e9ritif Rouge - dev6 Erresse","description":"Ap\u00e9ritif \u00e9l\u00e9gant compos\u00e9 de deux r\u00e9cipients. Le design attrayant ajoute une touche de style \u00e0 votre table, tandis que la commodit\u00e9 d\u2019avoir deux r\u00e9cipients","robots":{"index":"noindex","follow":"follow","max-snippet":"max-snippet:-1","max-image-preview":"max-image-preview:large","max-video-preview":"max-video-preview:-1"},"og_locale":"fr_FR","og_type":"article","og_title":"GUZZINI Dolcevita Set de 2 bols \u00e0 ap\u00e9ritif Rouge - dev6 Erresse","og_description":"Ap\u00e9ritif \u00e9l\u00e9gant compos\u00e9 de deux r\u00e9cipients. Le design attrayant ajoute une touche de style \u00e0 votre table, tandis que la commodit\u00e9 d\u2019avoir deux r\u00e9cipients","og_url":"https:\/\/dev6.erresse-shop.it\/fr\/shop\/table-fr-2\/recipients-et-bols\/guzzini-dolcevita-set-de-2-bols-a-aperitif-rouge\/","og_site_name":"dev6 Erresse","og_image":[{"url":"https:\/\/interpim.erresse-shop.it\/Import\/Prodotti\/guzzini-dolcevita-set-2-antipastiere-rosso.jpg","type":"","width":"","height":""},{"url":"https:\/\/interpim.erresse-shop.it\/Import\/Prodotti\/guzzini-dolcevita-set-2-antipastiere-rosso.jpg","width":1024,"height":1024,"type":"image\/jpeg"}],"twitter_card":"summary_large_image","twitter_image":"https:\/\/interpim.erresse-shop.it\/Import\/Prodotti\/guzzini-dolcevita-set-2-antipastiere-rosso.jpg","schema":{"@context":"https:\/\/schema.org","@graph":[{"@type":"WebPage","@id":"https:\/\/dev6.erresse-shop.it\/fr\/shop\/table-fr-2\/recipients-et-bols\/guzzini-dolcevita-set-de-2-bols-a-aperitif-rouge\/","url":"https:\/\/dev6.erresse-shop.it\/fr\/shop\/table-fr-2\/recipients-et-bols\/guzzini-dolcevita-set-de-2-bols-a-aperitif-rouge\/","name":"GUZZINI Dolcevita Set de 2 bols \u00e0 ap\u00e9ritif Rouge - dev6 Erresse","isPartOf":{"@id":"https:\/\/dev6.erresse-shop.it\/#website"},"primaryImageOfPage":{"@id":"https:\/\/dev6.erresse-shop.it\/fr\/shop\/table-fr-2\/recipients-et-bols\/guzzini-dolcevita-set-de-2-bols-a-aperitif-rouge\/#primaryimage"},"image":{"@id":"https:\/\/dev6.erresse-shop.it\/fr\/shop\/table-fr-2\/recipients-et-bols\/guzzini-dolcevita-set-de-2-bols-a-aperitif-rouge\/#primaryimage"},"thumbnailUrl":"https:\/\/i2.wp.com\/interpim.erresse-shop.it\/Import\/Prodotti\/guzzini-dolcevita-set-2-antipastiere-rosso.jpg?ssl=1","datePublished":"2026-04-12T09:59:57+00:00","description":"Ap\u00e9ritif \u00e9l\u00e9gant compos\u00e9 de deux r\u00e9cipients. Le design attrayant ajoute une touche de style \u00e0 votre table, tandis que la commodit\u00e9 d\u2019avoir deux r\u00e9cipients","breadcrumb":{"@id":"https:\/\/dev6.erresse-shop.it\/fr\/shop\/table-fr-2\/recipients-et-bols\/guzzini-dolcevita-set-de-2-bols-a-aperitif-rouge\/#breadcrumb"},"inLanguage":"fr-FR","potentialAction":[{"@type":"ReadAction","target":["https:\/\/dev6.erresse-shop.it\/fr\/shop\/table-fr-2\/recipients-et-bols\/guzzini-dolcevita-set-de-2-bols-a-aperitif-rouge\/"]}]},{"@type":"ImageObject","inLanguage":"fr-FR","@id":"https:\/\/dev6.erresse-shop.it\/fr\/shop\/table-fr-2\/recipients-et-bols\/guzzini-dolcevita-set-de-2-bols-a-aperitif-rouge\/#primaryimage","url":"https:\/\/i2.wp.com\/interpim.erresse-shop.it\/Import\/Prodotti\/guzzini-dolcevita-set-2-antipastiere-rosso.jpg?ssl=1","contentUrl":"https:\/\/i2.wp.com\/interpim.erresse-shop.it\/Import\/Prodotti\/guzzini-dolcevita-set-2-antipastiere-rosso.jpg?ssl=1"},{"@type":"BreadcrumbList","@id":"https:\/\/dev6.erresse-shop.it\/fr\/shop\/table-fr-2\/recipients-et-bols\/guzzini-dolcevita-set-de-2-bols-a-aperitif-rouge\/#breadcrumb","itemListElement":[{"@type":"ListItem","position":1,"name":"Home","item":"https:\/\/dev6.erresse-shop.it\/"},{"@type":"ListItem","position":2,"name":"Boutique","item":"https:\/\/dev6.erresse-shop.it\/shop\/"},{"@type":"ListItem","position":3,"name":"GUZZINI Dolcevita Set de 2 bols \u00e0 ap\u00e9ritif Rouge"}]},{"@type":"WebSite","@id":"https:\/\/dev6.erresse-shop.it\/#website","url":"https:\/\/dev6.erresse-shop.it\/","name":"Erresse Shop","description":"","publisher":{"@id":"https:\/\/dev6.erresse-shop.it\/#organization"},"potentialAction":[{"@type":"SearchAction","target":{"@type":"EntryPoint","urlTemplate":"https:\/\/dev6.erresse-shop.it\/?s={search_term_string}"},"query-input":{"@type":"PropertyValueSpecification","valueRequired":true,"valueName":"search_term_string"}}],"inLanguage":"fr-FR"},{"@type":"Organization","@id":"https:\/\/dev6.erresse-shop.it\/#organization","name":"Erresse Shop","url":"https:\/\/dev6.erresse-shop.it\/","logo":{"@type":"ImageObject","inLanguage":"fr-FR","@id":"https:\/\/dev6.erresse-shop.it\/#\/schema\/logo\/image\/","url":"https:\/\/dev6.erresse-shop.it\/wp-content\/uploads\/2025\/01\/LOGO-ERRESSE-CLASSICO.svg","contentUrl":"https:\/\/dev6.erresse-shop.it\/wp-content\/uploads\/2025\/01\/LOGO-ERRESSE-CLASSICO.svg","caption":"Erresse Shop"},"image":{"@id":"https:\/\/dev6.erresse-shop.it\/#\/schema\/logo\/image\/"}}]}},"df_price":"","df_sale_price":"","df_regular_price":"","df_image_link":"https:\/\/i2.wp.com\/interpim.erresse-shop.it\/Import\/Prodotti\/guzzini-dolcevita-set-2-antipastiere-rosso.jpg?resize=300,300&ssl=1","fifu_image_url":"https:\/\/interpim.erresse-shop.it\/Import\/Prodotti\/guzzini-dolcevita-set-2-antipastiere-rosso.jpg","_links":{"self":[{"href":"https:\/\/dev6.erresse-shop.it\/fr\/wp-json\/wp\/v2\/product\/65186","targetHints":{"allow":["GET"]}}],"collection":[{"href":"https:\/\/dev6.erresse-shop.it\/fr\/wp-json\/wp\/v2\/product"}],"about":[{"href":"https:\/\/dev6.erresse-shop.it\/fr\/wp-json\/wp\/v2\/types\/product"}],"wp:featuredmedia":[{"embeddable":true,"href":"https:\/\/dev6.erresse-shop.it\/fr\/wp-json\/wp\/v2\/media\/6370672"}],"wp:attachment":[{"href":"https:\/\/dev6.erresse-shop.it\/fr\/wp-json\/wp\/v2\/media?parent=65186"}],"wp:term":[{"taxonomy":"product_cat","embeddable":true,"href":"https:\/\/dev6.erresse-shop.it\/fr\/wp-json\/wp\/v2\/product_cat?post=65186"},{"taxonomy":"product_tag","embeddable":true,"href":"https:\/\/dev6.erresse-shop.it\/fr\/wp-json\/wp\/v2\/product_tag?post=65186"}],"curies":[{"name":"wp","href":"https:\/\/api.w.org\/{rel}","templated":true}]}}