{"id":65182,"date":"2026-04-12T11:59:57","date_gmt":"2026-04-12T09:59:57","guid":{"rendered":"https:\/\/dev6.erresse-shop.it\/shop\/non%20class\u00e9\/guzzini-dolcevita-panier-de-table\/"},"modified":"2025-07-04T18:43:59","modified_gmt":"2025-07-04T16:43:59","slug":"guzzini-dolcevita-panier-de-table","status":"publish","type":"product","link":"https:\/\/dev6.erresse-shop.it\/fr\/shop\/table-fr-2\/recipients-et-bols\/guzzini-dolcevita-panier-de-table\/","title":{"rendered":"GUZZINI Dolcevita Panier de table"},"content":{"rendered":"<p>Un objet \u00e9l\u00e9gant et fonctionnel en mat\u00e9riau biosourc\u00e9.<\/p>\n<p>Le produit est compos\u00e9 \u00e0 60 % de plastique d\u2019origine biologique. Le plastique peut \u00eatre retrac\u00e9 jusqu\u2019aux d\u00e9chets biologiques attribu\u00e9s \u00e0 ce produit via l\u2019approche du bilan massique ISCC.<\/p>\n<p>Id\u00e9al pour apporter du pain, des friandises ou des fruits secs \u00e0 table<br \/>\nParfait comme accessoire d\u2019ameublement<br \/>\nFabriqu\u00e9 en plastique d\u2019origine biologique et 100\u00a0% recyclable<\/p>\n<p>D\u00e9tail de couleur: multicolore<br \/>\nDimensions : \u00f8 25 x h 6,5 cm<br \/>\nMat\u00e9riau : plastique recycl\u00e9<br \/>\nCr\u00e9ateur\u00a0: Pio&amp;Tito Toso<br \/>\nFabriqu\u00e9 en Italie<\/p>\n<p>\u00a0<\/p>\n","protected":false},"excerpt":{"rendered":"<p>Un objet \u00e9l\u00e9gant et fonctionnel en mat\u00e9riau biosourc\u00e9. Le produit est compos\u00e9 \u00e0 60 % de plastique d\u2019origine biologique. Le plastique peut \u00eatre retrac\u00e9 jusqu\u2019aux d\u00e9chets biologiques attribu\u00e9s \u00e0 ce produit via l\u2019approche du bilan massique ISCC. Id\u00e9al pour apporter du pain, des friandises ou des fruits secs \u00e0 table Parfait comme accessoire d\u2019ameublement Fabriqu\u00e9 [&hellip;]<\/p>\n","protected":false},"featured_media":6370668,"template":"","meta":{"_acf_changed":false},"product_cat":[12015,11995,11671],"product_tag":[],"class_list":{"0":"post-65182","1":"product","2":"type-product","3":"status-publish","4":"has-post-thumbnail","6":"product_cat-recipients-et-bols","7":"product_cat-table-fr-2","8":"product_cat-tavola","10":"first","11":"instock","12":"taxable","13":"shipping-taxable","14":"product-type-simple","swatches":"rey-swatches","show_selected":"","stretch_labels":"rey-swatches--stretch-labels"},"acf":[],"yoast_head":"<!-- This site is optimized with the Yoast SEO plugin v25.4 - https:\/\/yoast.com\/wordpress\/plugins\/seo\/ -->\n<title>GUZZINI Dolcevita Panier de table - dev6 Erresse<\/title>\n<meta name=\"description\" content=\"Un objet \u00e9l\u00e9gant et fonctionnel en mat\u00e9riau biosourc\u00e9. Le produit est compos\u00e9 \u00e0 60 % de plastique d\u2019origine biologique. Le plastique peut \u00eatre retrac\u00e9\" \/>\n<meta name=\"robots\" content=\"noindex, follow, max-snippet:-1, max-image-preview:large, max-video-preview:-1\" \/>\n<meta property=\"og:locale\" content=\"fr_FR\" \/>\n<meta property=\"og:type\" content=\"article\" \/>\n<meta property=\"og:title\" content=\"GUZZINI Dolcevita Panier de table - dev6 Erresse\" \/>\n<meta property=\"og:description\" content=\"Un objet \u00e9l\u00e9gant et fonctionnel en mat\u00e9riau biosourc\u00e9. Le produit est compos\u00e9 \u00e0 60 % de plastique d\u2019origine biologique. Le plastique peut \u00eatre retrac\u00e9\" \/>\n<meta property=\"og:url\" content=\"https:\/\/dev6.erresse-shop.it\/fr\/shop\/table-fr-2\/recipients-et-bols\/guzzini-dolcevita-panier-de-table\/\" \/>\n<meta property=\"og:site_name\" content=\"dev6 Erresse\" \/>\n<meta property=\"og:image\" content=\"https:\/\/interpim.erresse-shop.it\/Import\/Prodotti\/guzzini-dolcevita-cestino-da-tavola.jpg\" \/><meta property=\"og:image\" content=\"https:\/\/interpim.erresse-shop.it\/Import\/Prodotti\/guzzini-dolcevita-cestino-da-tavola.jpg\" \/>\n\t<meta property=\"og:image:width\" content=\"1024\" \/>\n\t<meta property=\"og:image:height\" content=\"1024\" \/>\n\t<meta property=\"og:image:type\" content=\"image\/jpeg\" \/>\n<meta name=\"twitter:card\" content=\"summary_large_image\" \/>\n<meta name=\"twitter:image\" content=\"https:\/\/interpim.erresse-shop.it\/Import\/Prodotti\/guzzini-dolcevita-cestino-da-tavola.jpg\" \/>\n<script type=\"application\/ld+json\" class=\"yoast-schema-graph\">{\"@context\":\"https:\/\/schema.org\",\"@graph\":[{\"@type\":\"WebPage\",\"@id\":\"https:\/\/dev6.erresse-shop.it\/fr\/shop\/table-fr-2\/recipients-et-bols\/guzzini-dolcevita-panier-de-table\/\",\"url\":\"https:\/\/dev6.erresse-shop.it\/fr\/shop\/table-fr-2\/recipients-et-bols\/guzzini-dolcevita-panier-de-table\/\",\"name\":\"GUZZINI Dolcevita Panier de table - dev6 Erresse\",\"isPartOf\":{\"@id\":\"https:\/\/dev6.erresse-shop.it\/#website\"},\"primaryImageOfPage\":{\"@id\":\"https:\/\/dev6.erresse-shop.it\/fr\/shop\/table-fr-2\/recipients-et-bols\/guzzini-dolcevita-panier-de-table\/#primaryimage\"},\"image\":{\"@id\":\"https:\/\/dev6.erresse-shop.it\/fr\/shop\/table-fr-2\/recipients-et-bols\/guzzini-dolcevita-panier-de-table\/#primaryimage\"},\"thumbnailUrl\":\"https:\/\/i3.wp.com\/interpim.erresse-shop.it\/Import\/Prodotti\/guzzini-dolcevita-cestino-da-tavola.jpg?ssl=1\",\"datePublished\":\"2026-04-12T09:59:57+00:00\",\"description\":\"Un objet \u00e9l\u00e9gant et fonctionnel en mat\u00e9riau biosourc\u00e9. Le produit est compos\u00e9 \u00e0 60 % de plastique d\u2019origine biologique. Le plastique peut \u00eatre retrac\u00e9\",\"breadcrumb\":{\"@id\":\"https:\/\/dev6.erresse-shop.it\/fr\/shop\/table-fr-2\/recipients-et-bols\/guzzini-dolcevita-panier-de-table\/#breadcrumb\"},\"inLanguage\":\"fr-FR\",\"potentialAction\":[{\"@type\":\"ReadAction\",\"target\":[\"https:\/\/dev6.erresse-shop.it\/fr\/shop\/table-fr-2\/recipients-et-bols\/guzzini-dolcevita-panier-de-table\/\"]}]},{\"@type\":\"ImageObject\",\"inLanguage\":\"fr-FR\",\"@id\":\"https:\/\/dev6.erresse-shop.it\/fr\/shop\/table-fr-2\/recipients-et-bols\/guzzini-dolcevita-panier-de-table\/#primaryimage\",\"url\":\"https:\/\/i3.wp.com\/interpim.erresse-shop.it\/Import\/Prodotti\/guzzini-dolcevita-cestino-da-tavola.jpg?ssl=1\",\"contentUrl\":\"https:\/\/i3.wp.com\/interpim.erresse-shop.it\/Import\/Prodotti\/guzzini-dolcevita-cestino-da-tavola.jpg?ssl=1\"},{\"@type\":\"BreadcrumbList\",\"@id\":\"https:\/\/dev6.erresse-shop.it\/fr\/shop\/table-fr-2\/recipients-et-bols\/guzzini-dolcevita-panier-de-table\/#breadcrumb\",\"itemListElement\":[{\"@type\":\"ListItem\",\"position\":1,\"name\":\"Home\",\"item\":\"https:\/\/dev6.erresse-shop.it\/\"},{\"@type\":\"ListItem\",\"position\":2,\"name\":\"Boutique\",\"item\":\"https:\/\/dev6.erresse-shop.it\/shop\/\"},{\"@type\":\"ListItem\",\"position\":3,\"name\":\"GUZZINI Dolcevita Panier de table\"}]},{\"@type\":\"WebSite\",\"@id\":\"https:\/\/dev6.erresse-shop.it\/#website\",\"url\":\"https:\/\/dev6.erresse-shop.it\/\",\"name\":\"Erresse Shop\",\"description\":\"\",\"publisher\":{\"@id\":\"https:\/\/dev6.erresse-shop.it\/#organization\"},\"potentialAction\":[{\"@type\":\"SearchAction\",\"target\":{\"@type\":\"EntryPoint\",\"urlTemplate\":\"https:\/\/dev6.erresse-shop.it\/?s={search_term_string}\"},\"query-input\":{\"@type\":\"PropertyValueSpecification\",\"valueRequired\":true,\"valueName\":\"search_term_string\"}}],\"inLanguage\":\"fr-FR\"},{\"@type\":\"Organization\",\"@id\":\"https:\/\/dev6.erresse-shop.it\/#organization\",\"name\":\"Erresse Shop\",\"url\":\"https:\/\/dev6.erresse-shop.it\/\",\"logo\":{\"@type\":\"ImageObject\",\"inLanguage\":\"fr-FR\",\"@id\":\"https:\/\/dev6.erresse-shop.it\/#\/schema\/logo\/image\/\",\"url\":\"https:\/\/dev6.erresse-shop.it\/wp-content\/uploads\/2025\/01\/LOGO-ERRESSE-CLASSICO.svg\",\"contentUrl\":\"https:\/\/dev6.erresse-shop.it\/wp-content\/uploads\/2025\/01\/LOGO-ERRESSE-CLASSICO.svg\",\"caption\":\"Erresse Shop\"},\"image\":{\"@id\":\"https:\/\/dev6.erresse-shop.it\/#\/schema\/logo\/image\/\"}}]}<\/script>\n<!-- \/ Yoast SEO plugin. -->","yoast_head_json":{"title":"GUZZINI Dolcevita Panier de table - dev6 Erresse","description":"Un objet \u00e9l\u00e9gant et fonctionnel en mat\u00e9riau biosourc\u00e9. Le produit est compos\u00e9 \u00e0 60 % de plastique d\u2019origine biologique. Le plastique peut \u00eatre retrac\u00e9","robots":{"index":"noindex","follow":"follow","max-snippet":"max-snippet:-1","max-image-preview":"max-image-preview:large","max-video-preview":"max-video-preview:-1"},"og_locale":"fr_FR","og_type":"article","og_title":"GUZZINI Dolcevita Panier de table - dev6 Erresse","og_description":"Un objet \u00e9l\u00e9gant et fonctionnel en mat\u00e9riau biosourc\u00e9. Le produit est compos\u00e9 \u00e0 60 % de plastique d\u2019origine biologique. Le plastique peut \u00eatre retrac\u00e9","og_url":"https:\/\/dev6.erresse-shop.it\/fr\/shop\/table-fr-2\/recipients-et-bols\/guzzini-dolcevita-panier-de-table\/","og_site_name":"dev6 Erresse","og_image":[{"url":"https:\/\/interpim.erresse-shop.it\/Import\/Prodotti\/guzzini-dolcevita-cestino-da-tavola.jpg","type":"","width":"","height":""},{"url":"https:\/\/interpim.erresse-shop.it\/Import\/Prodotti\/guzzini-dolcevita-cestino-da-tavola.jpg","width":1024,"height":1024,"type":"image\/jpeg"}],"twitter_card":"summary_large_image","twitter_image":"https:\/\/interpim.erresse-shop.it\/Import\/Prodotti\/guzzini-dolcevita-cestino-da-tavola.jpg","schema":{"@context":"https:\/\/schema.org","@graph":[{"@type":"WebPage","@id":"https:\/\/dev6.erresse-shop.it\/fr\/shop\/table-fr-2\/recipients-et-bols\/guzzini-dolcevita-panier-de-table\/","url":"https:\/\/dev6.erresse-shop.it\/fr\/shop\/table-fr-2\/recipients-et-bols\/guzzini-dolcevita-panier-de-table\/","name":"GUZZINI Dolcevita Panier de table - dev6 Erresse","isPartOf":{"@id":"https:\/\/dev6.erresse-shop.it\/#website"},"primaryImageOfPage":{"@id":"https:\/\/dev6.erresse-shop.it\/fr\/shop\/table-fr-2\/recipients-et-bols\/guzzini-dolcevita-panier-de-table\/#primaryimage"},"image":{"@id":"https:\/\/dev6.erresse-shop.it\/fr\/shop\/table-fr-2\/recipients-et-bols\/guzzini-dolcevita-panier-de-table\/#primaryimage"},"thumbnailUrl":"https:\/\/i3.wp.com\/interpim.erresse-shop.it\/Import\/Prodotti\/guzzini-dolcevita-cestino-da-tavola.jpg?ssl=1","datePublished":"2026-04-12T09:59:57+00:00","description":"Un objet \u00e9l\u00e9gant et fonctionnel en mat\u00e9riau biosourc\u00e9. Le produit est compos\u00e9 \u00e0 60 % de plastique d\u2019origine biologique. Le plastique peut \u00eatre retrac\u00e9","breadcrumb":{"@id":"https:\/\/dev6.erresse-shop.it\/fr\/shop\/table-fr-2\/recipients-et-bols\/guzzini-dolcevita-panier-de-table\/#breadcrumb"},"inLanguage":"fr-FR","potentialAction":[{"@type":"ReadAction","target":["https:\/\/dev6.erresse-shop.it\/fr\/shop\/table-fr-2\/recipients-et-bols\/guzzini-dolcevita-panier-de-table\/"]}]},{"@type":"ImageObject","inLanguage":"fr-FR","@id":"https:\/\/dev6.erresse-shop.it\/fr\/shop\/table-fr-2\/recipients-et-bols\/guzzini-dolcevita-panier-de-table\/#primaryimage","url":"https:\/\/i3.wp.com\/interpim.erresse-shop.it\/Import\/Prodotti\/guzzini-dolcevita-cestino-da-tavola.jpg?ssl=1","contentUrl":"https:\/\/i3.wp.com\/interpim.erresse-shop.it\/Import\/Prodotti\/guzzini-dolcevita-cestino-da-tavola.jpg?ssl=1"},{"@type":"BreadcrumbList","@id":"https:\/\/dev6.erresse-shop.it\/fr\/shop\/table-fr-2\/recipients-et-bols\/guzzini-dolcevita-panier-de-table\/#breadcrumb","itemListElement":[{"@type":"ListItem","position":1,"name":"Home","item":"https:\/\/dev6.erresse-shop.it\/"},{"@type":"ListItem","position":2,"name":"Boutique","item":"https:\/\/dev6.erresse-shop.it\/shop\/"},{"@type":"ListItem","position":3,"name":"GUZZINI Dolcevita Panier de table"}]},{"@type":"WebSite","@id":"https:\/\/dev6.erresse-shop.it\/#website","url":"https:\/\/dev6.erresse-shop.it\/","name":"Erresse Shop","description":"","publisher":{"@id":"https:\/\/dev6.erresse-shop.it\/#organization"},"potentialAction":[{"@type":"SearchAction","target":{"@type":"EntryPoint","urlTemplate":"https:\/\/dev6.erresse-shop.it\/?s={search_term_string}"},"query-input":{"@type":"PropertyValueSpecification","valueRequired":true,"valueName":"search_term_string"}}],"inLanguage":"fr-FR"},{"@type":"Organization","@id":"https:\/\/dev6.erresse-shop.it\/#organization","name":"Erresse Shop","url":"https:\/\/dev6.erresse-shop.it\/","logo":{"@type":"ImageObject","inLanguage":"fr-FR","@id":"https:\/\/dev6.erresse-shop.it\/#\/schema\/logo\/image\/","url":"https:\/\/dev6.erresse-shop.it\/wp-content\/uploads\/2025\/01\/LOGO-ERRESSE-CLASSICO.svg","contentUrl":"https:\/\/dev6.erresse-shop.it\/wp-content\/uploads\/2025\/01\/LOGO-ERRESSE-CLASSICO.svg","caption":"Erresse Shop"},"image":{"@id":"https:\/\/dev6.erresse-shop.it\/#\/schema\/logo\/image\/"}}]}},"df_price":"","df_sale_price":"","df_regular_price":"","df_image_link":"https:\/\/i3.wp.com\/interpim.erresse-shop.it\/Import\/Prodotti\/guzzini-dolcevita-cestino-da-tavola.jpg?resize=300,300&ssl=1","fifu_image_url":"https:\/\/interpim.erresse-shop.it\/Import\/Prodotti\/guzzini-dolcevita-cestino-da-tavola.jpg","_links":{"self":[{"href":"https:\/\/dev6.erresse-shop.it\/fr\/wp-json\/wp\/v2\/product\/65182","targetHints":{"allow":["GET"]}}],"collection":[{"href":"https:\/\/dev6.erresse-shop.it\/fr\/wp-json\/wp\/v2\/product"}],"about":[{"href":"https:\/\/dev6.erresse-shop.it\/fr\/wp-json\/wp\/v2\/types\/product"}],"wp:featuredmedia":[{"embeddable":true,"href":"https:\/\/dev6.erresse-shop.it\/fr\/wp-json\/wp\/v2\/media\/6370668"}],"wp:attachment":[{"href":"https:\/\/dev6.erresse-shop.it\/fr\/wp-json\/wp\/v2\/media?parent=65182"}],"wp:term":[{"taxonomy":"product_cat","embeddable":true,"href":"https:\/\/dev6.erresse-shop.it\/fr\/wp-json\/wp\/v2\/product_cat?post=65182"},{"taxonomy":"product_tag","embeddable":true,"href":"https:\/\/dev6.erresse-shop.it\/fr\/wp-json\/wp\/v2\/product_tag?post=65182"}],"curies":[{"name":"wp","href":"https:\/\/api.w.org\/{rel}","templated":true}]}}