{"id":65176,"date":"2026-04-12T11:57:50","date_gmt":"2026-04-12T09:57:50","guid":{"rendered":"https:\/\/dev6.erresse-shop.it\/shop\/non%20class\u00e9\/galbiati-milano-eden-set-de-table-18-pieces\/"},"modified":"2026-02-05T18:36:05","modified_gmt":"2026-02-05T17:36:05","slug":"galbiati-milano-eden-set-de-table-18-pieces","status":"publish","type":"product","link":"https:\/\/dev6.erresse-shop.it\/fr\/shop\/table-fr-2\/plats\/galbiati-milano-eden-set-de-table-18-pieces\/","title":{"rendered":"GALBIATI MILANO Eden Set de table 18 pi\u00e8ces"},"content":{"rendered":"<p>Ajoutez une touche de magie et d\u2019\u00e9l\u00e9gance \u00e0 votre table avec le service \u201cEden\u201d, une collection de No\u00ebl raffin\u00e9e qui allie fonctionnalit\u00e9 et design. Compos\u00e9 de 18 pi\u00e8ces coordonn\u00e9es, cet ensemble est parfait pour cr\u00e9er une ambiance festive et chaleureuse lors de vos d\u00eeners et c\u00e9l\u00e9brations de No\u00ebl.<\/p>\n<p>Principales fonctionnalit\u00e9s\u00a0:<\/p>\n<p>Design \u00e9l\u00e9gant et festif\u00a0: L\u2019ensemble est agr\u00e9ment\u00e9 d\u2019un d\u00e9licat motif de plantes de No\u00ebl, qui \u00e9voque l\u2019atmosph\u00e8re chaleureuse et accueillante de No\u00ebl. Id\u00e9al pour les vacances, mais \u00e9galement polyvalent pour les occasions sp\u00e9ciales tout au long de l\u2019ann\u00e9e.<br \/>\nMat\u00e9riaux de haute qualit\u00e9\u00a0: chaque pi\u00e8ce est fabriqu\u00e9e avec des mat\u00e9riaux r\u00e9sistants et faciles \u00e0 nettoyer, garantissant durabilit\u00e9 et praticit\u00e9 au quotidien.<br \/>\nComposition Compl\u00e8te\u00a0: L\u2019ensemble comprend tout le n\u00e9cessaire pour une table compl\u00e8te et bien organis\u00e9e, de l\u2019ap\u00e9ritif au dessert, avec une attention particuli\u00e8re aux d\u00e9tails.<\/p>\n<p>Ce que comprend l\u2019ensemble\u00a0:<\/p>\n<p>6 assiettes creuses<br \/>\n6 assiettes plates<br \/>\n6 assiettes \u00e0 dessert<\/p>\n","protected":false},"excerpt":{"rendered":"<p>Ajoutez une touche de magie et d\u2019\u00e9l\u00e9gance \u00e0 votre table avec le service \u201cEden\u201d, une collection de No\u00ebl raffin\u00e9e qui allie fonctionnalit\u00e9 et design. Compos\u00e9 de 18 pi\u00e8ces coordonn\u00e9es, cet ensemble est parfait pour cr\u00e9er une ambiance festive et chaleureuse lors de vos d\u00eeners et c\u00e9l\u00e9brations de No\u00ebl. Principales fonctionnalit\u00e9s\u00a0: Design \u00e9l\u00e9gant et festif\u00a0: L\u2019ensemble [&hellip;]<\/p>\n","protected":false},"featured_media":6370614,"template":"","meta":{"_acf_changed":false},"product_cat":[12014,11995,11671],"product_tag":[],"class_list":{"0":"post-65176","1":"product","2":"type-product","3":"status-publish","4":"has-post-thumbnail","6":"product_cat-plats","7":"product_cat-table-fr-2","8":"product_cat-tavola","10":"first","11":"instock","12":"sale","13":"taxable","14":"shipping-taxable","15":"purchasable","16":"product-type-simple","swatches":"rey-swatches","show_selected":"","stretch_labels":"rey-swatches--stretch-labels"},"acf":[],"yoast_head":"<!-- This site is optimized with the Yoast SEO plugin v25.4 - https:\/\/yoast.com\/wordpress\/plugins\/seo\/ -->\n<title>GALBIATI MILANO Eden Set de table 18 pi\u00e8ces - dev6 Erresse<\/title>\n<meta name=\"description\" content=\"Ajoutez une touche de magie et d\u2019\u00e9l\u00e9gance \u00e0 votre table avec le service \u201cEden\u201d, une collection de No\u00ebl raffin\u00e9e qui allie fonctionnalit\u00e9 et design.\" \/>\n<meta name=\"robots\" content=\"noindex, follow, max-snippet:-1, max-image-preview:large, max-video-preview:-1\" \/>\n<meta property=\"og:locale\" content=\"fr_FR\" \/>\n<meta property=\"og:type\" content=\"article\" \/>\n<meta property=\"og:title\" content=\"GALBIATI MILANO Eden Set de table 18 pi\u00e8ces - dev6 Erresse\" \/>\n<meta property=\"og:description\" content=\"Ajoutez une touche de magie et d\u2019\u00e9l\u00e9gance \u00e0 votre table avec le service \u201cEden\u201d, une collection de No\u00ebl raffin\u00e9e qui allie fonctionnalit\u00e9 et design.\" \/>\n<meta property=\"og:url\" content=\"https:\/\/dev6.erresse-shop.it\/fr\/shop\/table-fr-2\/plats\/galbiati-milano-eden-set-de-table-18-pieces\/\" \/>\n<meta property=\"og:site_name\" content=\"dev6 Erresse\" \/>\n<meta property=\"og:image\" content=\"https:\/\/interpim.erresse-shop.it\/Import\/Prodotti\/galbiati-milano-piatti-eden.jpg\" \/><meta property=\"og:image\" content=\"https:\/\/interpim.erresse-shop.it\/Import\/Prodotti\/galbiati-milano-piatti-eden.jpg\" \/>\n\t<meta property=\"og:image:width\" content=\"1024\" \/>\n\t<meta property=\"og:image:height\" content=\"1024\" \/>\n\t<meta property=\"og:image:type\" content=\"image\/jpeg\" \/>\n<meta name=\"twitter:card\" content=\"summary_large_image\" \/>\n<meta name=\"twitter:image\" content=\"https:\/\/interpim.erresse-shop.it\/Import\/Prodotti\/galbiati-milano-piatti-eden.jpg\" \/>\n<script type=\"application\/ld+json\" class=\"yoast-schema-graph\">{\"@context\":\"https:\/\/schema.org\",\"@graph\":[{\"@type\":\"WebPage\",\"@id\":\"https:\/\/dev6.erresse-shop.it\/fr\/shop\/table-fr-2\/plats\/galbiati-milano-eden-set-de-table-18-pieces\/\",\"url\":\"https:\/\/dev6.erresse-shop.it\/fr\/shop\/table-fr-2\/plats\/galbiati-milano-eden-set-de-table-18-pieces\/\",\"name\":\"GALBIATI MILANO Eden Set de table 18 pi\u00e8ces - dev6 Erresse\",\"isPartOf\":{\"@id\":\"https:\/\/dev6.erresse-shop.it\/#website\"},\"primaryImageOfPage\":{\"@id\":\"https:\/\/dev6.erresse-shop.it\/fr\/shop\/table-fr-2\/plats\/galbiati-milano-eden-set-de-table-18-pieces\/#primaryimage\"},\"image\":{\"@id\":\"https:\/\/dev6.erresse-shop.it\/fr\/shop\/table-fr-2\/plats\/galbiati-milano-eden-set-de-table-18-pieces\/#primaryimage\"},\"thumbnailUrl\":\"https:\/\/i1.wp.com\/interpim.erresse-shop.it\/Import\/Prodotti\/galbiati-milano-piatti-eden.jpg?ssl=1\",\"datePublished\":\"2026-04-12T09:57:50+00:00\",\"description\":\"Ajoutez une touche de magie et d\u2019\u00e9l\u00e9gance \u00e0 votre table avec le service \u201cEden\u201d, une collection de No\u00ebl raffin\u00e9e qui allie fonctionnalit\u00e9 et design.\",\"breadcrumb\":{\"@id\":\"https:\/\/dev6.erresse-shop.it\/fr\/shop\/table-fr-2\/plats\/galbiati-milano-eden-set-de-table-18-pieces\/#breadcrumb\"},\"inLanguage\":\"fr-FR\",\"potentialAction\":[{\"@type\":\"ReadAction\",\"target\":[\"https:\/\/dev6.erresse-shop.it\/fr\/shop\/table-fr-2\/plats\/galbiati-milano-eden-set-de-table-18-pieces\/\"]}]},{\"@type\":\"ImageObject\",\"inLanguage\":\"fr-FR\",\"@id\":\"https:\/\/dev6.erresse-shop.it\/fr\/shop\/table-fr-2\/plats\/galbiati-milano-eden-set-de-table-18-pieces\/#primaryimage\",\"url\":\"https:\/\/i1.wp.com\/interpim.erresse-shop.it\/Import\/Prodotti\/galbiati-milano-piatti-eden.jpg?ssl=1\",\"contentUrl\":\"https:\/\/i1.wp.com\/interpim.erresse-shop.it\/Import\/Prodotti\/galbiati-milano-piatti-eden.jpg?ssl=1\"},{\"@type\":\"BreadcrumbList\",\"@id\":\"https:\/\/dev6.erresse-shop.it\/fr\/shop\/table-fr-2\/plats\/galbiati-milano-eden-set-de-table-18-pieces\/#breadcrumb\",\"itemListElement\":[{\"@type\":\"ListItem\",\"position\":1,\"name\":\"Home\",\"item\":\"https:\/\/dev6.erresse-shop.it\/\"},{\"@type\":\"ListItem\",\"position\":2,\"name\":\"Boutique\",\"item\":\"https:\/\/dev6.erresse-shop.it\/shop\/\"},{\"@type\":\"ListItem\",\"position\":3,\"name\":\"GALBIATI MILANO Eden Set de table 18 pi\u00e8ces\"}]},{\"@type\":\"WebSite\",\"@id\":\"https:\/\/dev6.erresse-shop.it\/#website\",\"url\":\"https:\/\/dev6.erresse-shop.it\/\",\"name\":\"Erresse Shop\",\"description\":\"\",\"publisher\":{\"@id\":\"https:\/\/dev6.erresse-shop.it\/#organization\"},\"potentialAction\":[{\"@type\":\"SearchAction\",\"target\":{\"@type\":\"EntryPoint\",\"urlTemplate\":\"https:\/\/dev6.erresse-shop.it\/?s={search_term_string}\"},\"query-input\":{\"@type\":\"PropertyValueSpecification\",\"valueRequired\":true,\"valueName\":\"search_term_string\"}}],\"inLanguage\":\"fr-FR\"},{\"@type\":\"Organization\",\"@id\":\"https:\/\/dev6.erresse-shop.it\/#organization\",\"name\":\"Erresse Shop\",\"url\":\"https:\/\/dev6.erresse-shop.it\/\",\"logo\":{\"@type\":\"ImageObject\",\"inLanguage\":\"fr-FR\",\"@id\":\"https:\/\/dev6.erresse-shop.it\/#\/schema\/logo\/image\/\",\"url\":\"https:\/\/dev6.erresse-shop.it\/wp-content\/uploads\/2025\/01\/LOGO-ERRESSE-CLASSICO.svg\",\"contentUrl\":\"https:\/\/dev6.erresse-shop.it\/wp-content\/uploads\/2025\/01\/LOGO-ERRESSE-CLASSICO.svg\",\"caption\":\"Erresse Shop\"},\"image\":{\"@id\":\"https:\/\/dev6.erresse-shop.it\/#\/schema\/logo\/image\/\"}}]}<\/script>\n<!-- \/ Yoast SEO plugin. -->","yoast_head_json":{"title":"GALBIATI MILANO Eden Set de table 18 pi\u00e8ces - dev6 Erresse","description":"Ajoutez une touche de magie et d\u2019\u00e9l\u00e9gance \u00e0 votre table avec le service \u201cEden\u201d, une collection de No\u00ebl raffin\u00e9e qui allie fonctionnalit\u00e9 et design.","robots":{"index":"noindex","follow":"follow","max-snippet":"max-snippet:-1","max-image-preview":"max-image-preview:large","max-video-preview":"max-video-preview:-1"},"og_locale":"fr_FR","og_type":"article","og_title":"GALBIATI MILANO Eden Set de table 18 pi\u00e8ces - dev6 Erresse","og_description":"Ajoutez une touche de magie et d\u2019\u00e9l\u00e9gance \u00e0 votre table avec le service \u201cEden\u201d, une collection de No\u00ebl raffin\u00e9e qui allie fonctionnalit\u00e9 et design.","og_url":"https:\/\/dev6.erresse-shop.it\/fr\/shop\/table-fr-2\/plats\/galbiati-milano-eden-set-de-table-18-pieces\/","og_site_name":"dev6 Erresse","og_image":[{"url":"https:\/\/interpim.erresse-shop.it\/Import\/Prodotti\/galbiati-milano-piatti-eden.jpg","type":"","width":"","height":""},{"url":"https:\/\/interpim.erresse-shop.it\/Import\/Prodotti\/galbiati-milano-piatti-eden.jpg","width":1024,"height":1024,"type":"image\/jpeg"}],"twitter_card":"summary_large_image","twitter_image":"https:\/\/interpim.erresse-shop.it\/Import\/Prodotti\/galbiati-milano-piatti-eden.jpg","schema":{"@context":"https:\/\/schema.org","@graph":[{"@type":"WebPage","@id":"https:\/\/dev6.erresse-shop.it\/fr\/shop\/table-fr-2\/plats\/galbiati-milano-eden-set-de-table-18-pieces\/","url":"https:\/\/dev6.erresse-shop.it\/fr\/shop\/table-fr-2\/plats\/galbiati-milano-eden-set-de-table-18-pieces\/","name":"GALBIATI MILANO Eden Set de table 18 pi\u00e8ces - dev6 Erresse","isPartOf":{"@id":"https:\/\/dev6.erresse-shop.it\/#website"},"primaryImageOfPage":{"@id":"https:\/\/dev6.erresse-shop.it\/fr\/shop\/table-fr-2\/plats\/galbiati-milano-eden-set-de-table-18-pieces\/#primaryimage"},"image":{"@id":"https:\/\/dev6.erresse-shop.it\/fr\/shop\/table-fr-2\/plats\/galbiati-milano-eden-set-de-table-18-pieces\/#primaryimage"},"thumbnailUrl":"https:\/\/i1.wp.com\/interpim.erresse-shop.it\/Import\/Prodotti\/galbiati-milano-piatti-eden.jpg?ssl=1","datePublished":"2026-04-12T09:57:50+00:00","description":"Ajoutez une touche de magie et d\u2019\u00e9l\u00e9gance \u00e0 votre table avec le service \u201cEden\u201d, une collection de No\u00ebl raffin\u00e9e qui allie fonctionnalit\u00e9 et design.","breadcrumb":{"@id":"https:\/\/dev6.erresse-shop.it\/fr\/shop\/table-fr-2\/plats\/galbiati-milano-eden-set-de-table-18-pieces\/#breadcrumb"},"inLanguage":"fr-FR","potentialAction":[{"@type":"ReadAction","target":["https:\/\/dev6.erresse-shop.it\/fr\/shop\/table-fr-2\/plats\/galbiati-milano-eden-set-de-table-18-pieces\/"]}]},{"@type":"ImageObject","inLanguage":"fr-FR","@id":"https:\/\/dev6.erresse-shop.it\/fr\/shop\/table-fr-2\/plats\/galbiati-milano-eden-set-de-table-18-pieces\/#primaryimage","url":"https:\/\/i1.wp.com\/interpim.erresse-shop.it\/Import\/Prodotti\/galbiati-milano-piatti-eden.jpg?ssl=1","contentUrl":"https:\/\/i1.wp.com\/interpim.erresse-shop.it\/Import\/Prodotti\/galbiati-milano-piatti-eden.jpg?ssl=1"},{"@type":"BreadcrumbList","@id":"https:\/\/dev6.erresse-shop.it\/fr\/shop\/table-fr-2\/plats\/galbiati-milano-eden-set-de-table-18-pieces\/#breadcrumb","itemListElement":[{"@type":"ListItem","position":1,"name":"Home","item":"https:\/\/dev6.erresse-shop.it\/"},{"@type":"ListItem","position":2,"name":"Boutique","item":"https:\/\/dev6.erresse-shop.it\/shop\/"},{"@type":"ListItem","position":3,"name":"GALBIATI MILANO Eden Set de table 18 pi\u00e8ces"}]},{"@type":"WebSite","@id":"https:\/\/dev6.erresse-shop.it\/#website","url":"https:\/\/dev6.erresse-shop.it\/","name":"Erresse Shop","description":"","publisher":{"@id":"https:\/\/dev6.erresse-shop.it\/#organization"},"potentialAction":[{"@type":"SearchAction","target":{"@type":"EntryPoint","urlTemplate":"https:\/\/dev6.erresse-shop.it\/?s={search_term_string}"},"query-input":{"@type":"PropertyValueSpecification","valueRequired":true,"valueName":"search_term_string"}}],"inLanguage":"fr-FR"},{"@type":"Organization","@id":"https:\/\/dev6.erresse-shop.it\/#organization","name":"Erresse Shop","url":"https:\/\/dev6.erresse-shop.it\/","logo":{"@type":"ImageObject","inLanguage":"fr-FR","@id":"https:\/\/dev6.erresse-shop.it\/#\/schema\/logo\/image\/","url":"https:\/\/dev6.erresse-shop.it\/wp-content\/uploads\/2025\/01\/LOGO-ERRESSE-CLASSICO.svg","contentUrl":"https:\/\/dev6.erresse-shop.it\/wp-content\/uploads\/2025\/01\/LOGO-ERRESSE-CLASSICO.svg","caption":"Erresse Shop"},"image":{"@id":"https:\/\/dev6.erresse-shop.it\/#\/schema\/logo\/image\/"}}]}},"df_price":79.95,"df_sale_price":79.95,"df_regular_price":125,"df_image_link":"https:\/\/i1.wp.com\/interpim.erresse-shop.it\/Import\/Prodotti\/galbiati-milano-piatti-eden.jpg?resize=300,300&ssl=1","fifu_image_url":"https:\/\/interpim.erresse-shop.it\/Import\/Prodotti\/galbiati-milano-piatti-eden.jpg","_links":{"self":[{"href":"https:\/\/dev6.erresse-shop.it\/fr\/wp-json\/wp\/v2\/product\/65176","targetHints":{"allow":["GET"]}}],"collection":[{"href":"https:\/\/dev6.erresse-shop.it\/fr\/wp-json\/wp\/v2\/product"}],"about":[{"href":"https:\/\/dev6.erresse-shop.it\/fr\/wp-json\/wp\/v2\/types\/product"}],"wp:featuredmedia":[{"embeddable":true,"href":"https:\/\/dev6.erresse-shop.it\/fr\/wp-json\/wp\/v2\/media\/6370614"}],"wp:attachment":[{"href":"https:\/\/dev6.erresse-shop.it\/fr\/wp-json\/wp\/v2\/media?parent=65176"}],"wp:term":[{"taxonomy":"product_cat","embeddable":true,"href":"https:\/\/dev6.erresse-shop.it\/fr\/wp-json\/wp\/v2\/product_cat?post=65176"},{"taxonomy":"product_tag","embeddable":true,"href":"https:\/\/dev6.erresse-shop.it\/fr\/wp-json\/wp\/v2\/product_tag?post=65176"}],"curies":[{"name":"wp","href":"https:\/\/api.w.org\/{rel}","templated":true}]}}