{"id":65166,"date":"2026-04-12T11:57:50","date_gmt":"2026-04-12T09:57:50","guid":{"rendered":"https:\/\/dev6.erresse-shop.it\/shop\/non%20class\u00e9\/galbiati-milano-etno-botanic-set-18-assiettes\/"},"modified":"2026-01-30T20:56:06","modified_gmt":"2026-01-30T19:56:06","slug":"galbiati-milano-etno-botanic-set-18-assiettes","status":"publish","type":"product","link":"https:\/\/dev6.erresse-shop.it\/fr\/shop\/table-fr-2\/plats\/galbiati-milano-etno-botanic-set-18-assiettes\/","title":{"rendered":"GALBIATI MILANO Etno Botanic Set 18 assiettes"},"content":{"rendered":"<p>D\u00e9couvrez notre \u00e9l\u00e9gant service d\u2019assiettes Etno Botanic, une combinaison parfaite de style et de fonctionnalit\u00e9 pour enrichir votre table. Compos\u00e9 de 18 pi\u00e8ces, cet ensemble comprend<\/p>\n<p>6 assiettes plates : id\u00e9ales pour servir vos plats principaux avec une touche de classe.<br \/>\n6 assiettes creuses : parfaites pour les soupes, les risottos et autres d\u00e9lices liquides.<br \/>\n6 assiettes \u00e0 dessert : pour pr\u00e9senter les desserts et les fruits de mani\u00e8re raffin\u00e9e.<\/p>\n<p>Le design bleu et blanc rappelle les nuances de la nature, apportant une atmosph\u00e8re fra\u00eeche et vivante \u00e0 votre int\u00e9rieur. Chaque assiette est fabriqu\u00e9e dans des mat\u00e9riaux de haute qualit\u00e9, durables et faciles \u00e0 nettoyer, ce qui les rend parfaites pour un usage quotidien ou pour des occasions sp\u00e9ciales.<\/p>\n<p>Ajoutez une touche ethnique et botanique \u00e0 votre table avec l\u2019ensemble Etno Botanic : le choix id\u00e9al pour ceux qui aiment recevoir et surprendre leurs invit\u00e9s.<\/p>\n","protected":false},"excerpt":{"rendered":"<p>D\u00e9couvrez notre \u00e9l\u00e9gant service d\u2019assiettes Etno Botanic, une combinaison parfaite de style et de fonctionnalit\u00e9 pour enrichir votre table. Compos\u00e9 de 18 pi\u00e8ces, cet ensemble comprend 6 assiettes plates : id\u00e9ales pour servir vos plats principaux avec une touche de classe. 6 assiettes creuses : parfaites pour les soupes, les risottos et autres d\u00e9lices liquides. [&hellip;]<\/p>\n","protected":false},"featured_media":6370477,"template":"","meta":{"_acf_changed":false},"product_cat":[12014,11995,11671],"product_tag":[],"class_list":{"0":"post-65166","1":"product","2":"type-product","3":"status-publish","4":"has-post-thumbnail","6":"product_cat-plats","7":"product_cat-table-fr-2","8":"product_cat-tavola","10":"first","11":"instock","12":"sale","13":"taxable","14":"shipping-taxable","15":"purchasable","16":"product-type-simple","swatches":"rey-swatches","show_selected":"","stretch_labels":"rey-swatches--stretch-labels"},"acf":[],"yoast_head":"<!-- This site is optimized with the Yoast SEO plugin v25.4 - https:\/\/yoast.com\/wordpress\/plugins\/seo\/ -->\n<title>GALBIATI MILANO Etno Botanic Set 18 assiettes - dev6 Erresse<\/title>\n<meta name=\"description\" content=\"D\u00e9couvrez notre \u00e9l\u00e9gant service d\u2019assiettes Etno Botanic, une combinaison parfaite de style et de fonctionnalit\u00e9 pour enrichir votre table. Compos\u00e9 de 18\" \/>\n<meta name=\"robots\" content=\"noindex, follow, max-snippet:-1, max-image-preview:large, max-video-preview:-1\" \/>\n<meta property=\"og:locale\" content=\"fr_FR\" \/>\n<meta property=\"og:type\" content=\"article\" \/>\n<meta property=\"og:title\" content=\"GALBIATI MILANO Etno Botanic Set 18 assiettes - dev6 Erresse\" \/>\n<meta property=\"og:description\" content=\"D\u00e9couvrez notre \u00e9l\u00e9gant service d\u2019assiettes Etno Botanic, une combinaison parfaite de style et de fonctionnalit\u00e9 pour enrichir votre table. Compos\u00e9 de 18\" \/>\n<meta property=\"og:url\" content=\"https:\/\/dev6.erresse-shop.it\/fr\/shop\/table-fr-2\/plats\/galbiati-milano-etno-botanic-set-18-assiettes\/\" \/>\n<meta property=\"og:site_name\" content=\"dev6 Erresse\" \/>\n<meta property=\"og:image\" content=\"https:\/\/interpim.erresse-shop.it\/Import\/Prodotti\/galbiati-milano-etno-botanic-set-18-piatti-1.jpg\" \/><meta property=\"og:image\" content=\"https:\/\/interpim.erresse-shop.it\/Import\/Prodotti\/galbiati-milano-etno-botanic-set-18-piatti-1.jpg\" \/>\n\t<meta property=\"og:image:width\" content=\"1024\" \/>\n\t<meta property=\"og:image:height\" content=\"1024\" \/>\n\t<meta property=\"og:image:type\" content=\"image\/jpeg\" \/>\n<meta name=\"twitter:card\" content=\"summary_large_image\" \/>\n<meta name=\"twitter:image\" content=\"https:\/\/interpim.erresse-shop.it\/Import\/Prodotti\/galbiati-milano-etno-botanic-set-18-piatti-1.jpg\" \/>\n<script type=\"application\/ld+json\" class=\"yoast-schema-graph\">{\"@context\":\"https:\/\/schema.org\",\"@graph\":[{\"@type\":\"WebPage\",\"@id\":\"https:\/\/dev6.erresse-shop.it\/fr\/shop\/table-fr-2\/plats\/galbiati-milano-etno-botanic-set-18-assiettes\/\",\"url\":\"https:\/\/dev6.erresse-shop.it\/fr\/shop\/table-fr-2\/plats\/galbiati-milano-etno-botanic-set-18-assiettes\/\",\"name\":\"GALBIATI MILANO Etno Botanic Set 18 assiettes - dev6 Erresse\",\"isPartOf\":{\"@id\":\"https:\/\/dev6.erresse-shop.it\/#website\"},\"primaryImageOfPage\":{\"@id\":\"https:\/\/dev6.erresse-shop.it\/fr\/shop\/table-fr-2\/plats\/galbiati-milano-etno-botanic-set-18-assiettes\/#primaryimage\"},\"image\":{\"@id\":\"https:\/\/dev6.erresse-shop.it\/fr\/shop\/table-fr-2\/plats\/galbiati-milano-etno-botanic-set-18-assiettes\/#primaryimage\"},\"thumbnailUrl\":\"https:\/\/i2.wp.com\/interpim.erresse-shop.it\/Import\/Prodotti\/galbiati-milano-etno-botanic-set-18-piatti-1.jpg?ssl=1\",\"datePublished\":\"2026-04-12T09:57:50+00:00\",\"description\":\"D\u00e9couvrez notre \u00e9l\u00e9gant service d\u2019assiettes Etno Botanic, une combinaison parfaite de style et de fonctionnalit\u00e9 pour enrichir votre table. Compos\u00e9 de 18\",\"breadcrumb\":{\"@id\":\"https:\/\/dev6.erresse-shop.it\/fr\/shop\/table-fr-2\/plats\/galbiati-milano-etno-botanic-set-18-assiettes\/#breadcrumb\"},\"inLanguage\":\"fr-FR\",\"potentialAction\":[{\"@type\":\"ReadAction\",\"target\":[\"https:\/\/dev6.erresse-shop.it\/fr\/shop\/table-fr-2\/plats\/galbiati-milano-etno-botanic-set-18-assiettes\/\"]}]},{\"@type\":\"ImageObject\",\"inLanguage\":\"fr-FR\",\"@id\":\"https:\/\/dev6.erresse-shop.it\/fr\/shop\/table-fr-2\/plats\/galbiati-milano-etno-botanic-set-18-assiettes\/#primaryimage\",\"url\":\"https:\/\/i2.wp.com\/interpim.erresse-shop.it\/Import\/Prodotti\/galbiati-milano-etno-botanic-set-18-piatti-1.jpg?ssl=1\",\"contentUrl\":\"https:\/\/i2.wp.com\/interpim.erresse-shop.it\/Import\/Prodotti\/galbiati-milano-etno-botanic-set-18-piatti-1.jpg?ssl=1\"},{\"@type\":\"BreadcrumbList\",\"@id\":\"https:\/\/dev6.erresse-shop.it\/fr\/shop\/table-fr-2\/plats\/galbiati-milano-etno-botanic-set-18-assiettes\/#breadcrumb\",\"itemListElement\":[{\"@type\":\"ListItem\",\"position\":1,\"name\":\"Home\",\"item\":\"https:\/\/dev6.erresse-shop.it\/\"},{\"@type\":\"ListItem\",\"position\":2,\"name\":\"Boutique\",\"item\":\"https:\/\/dev6.erresse-shop.it\/shop\/\"},{\"@type\":\"ListItem\",\"position\":3,\"name\":\"GALBIATI MILANO Etno Botanic Set 18 assiettes\"}]},{\"@type\":\"WebSite\",\"@id\":\"https:\/\/dev6.erresse-shop.it\/#website\",\"url\":\"https:\/\/dev6.erresse-shop.it\/\",\"name\":\"Erresse Shop\",\"description\":\"\",\"publisher\":{\"@id\":\"https:\/\/dev6.erresse-shop.it\/#organization\"},\"potentialAction\":[{\"@type\":\"SearchAction\",\"target\":{\"@type\":\"EntryPoint\",\"urlTemplate\":\"https:\/\/dev6.erresse-shop.it\/?s={search_term_string}\"},\"query-input\":{\"@type\":\"PropertyValueSpecification\",\"valueRequired\":true,\"valueName\":\"search_term_string\"}}],\"inLanguage\":\"fr-FR\"},{\"@type\":\"Organization\",\"@id\":\"https:\/\/dev6.erresse-shop.it\/#organization\",\"name\":\"Erresse Shop\",\"url\":\"https:\/\/dev6.erresse-shop.it\/\",\"logo\":{\"@type\":\"ImageObject\",\"inLanguage\":\"fr-FR\",\"@id\":\"https:\/\/dev6.erresse-shop.it\/#\/schema\/logo\/image\/\",\"url\":\"https:\/\/dev6.erresse-shop.it\/wp-content\/uploads\/2025\/01\/LOGO-ERRESSE-CLASSICO.svg\",\"contentUrl\":\"https:\/\/dev6.erresse-shop.it\/wp-content\/uploads\/2025\/01\/LOGO-ERRESSE-CLASSICO.svg\",\"caption\":\"Erresse Shop\"},\"image\":{\"@id\":\"https:\/\/dev6.erresse-shop.it\/#\/schema\/logo\/image\/\"}}]}<\/script>\n<!-- \/ Yoast SEO plugin. -->","yoast_head_json":{"title":"GALBIATI MILANO Etno Botanic Set 18 assiettes - dev6 Erresse","description":"D\u00e9couvrez notre \u00e9l\u00e9gant service d\u2019assiettes Etno Botanic, une combinaison parfaite de style et de fonctionnalit\u00e9 pour enrichir votre table. Compos\u00e9 de 18","robots":{"index":"noindex","follow":"follow","max-snippet":"max-snippet:-1","max-image-preview":"max-image-preview:large","max-video-preview":"max-video-preview:-1"},"og_locale":"fr_FR","og_type":"article","og_title":"GALBIATI MILANO Etno Botanic Set 18 assiettes - dev6 Erresse","og_description":"D\u00e9couvrez notre \u00e9l\u00e9gant service d\u2019assiettes Etno Botanic, une combinaison parfaite de style et de fonctionnalit\u00e9 pour enrichir votre table. Compos\u00e9 de 18","og_url":"https:\/\/dev6.erresse-shop.it\/fr\/shop\/table-fr-2\/plats\/galbiati-milano-etno-botanic-set-18-assiettes\/","og_site_name":"dev6 Erresse","og_image":[{"url":"https:\/\/interpim.erresse-shop.it\/Import\/Prodotti\/galbiati-milano-etno-botanic-set-18-piatti-1.jpg","type":"","width":"","height":""},{"url":"https:\/\/interpim.erresse-shop.it\/Import\/Prodotti\/galbiati-milano-etno-botanic-set-18-piatti-1.jpg","width":1024,"height":1024,"type":"image\/jpeg"}],"twitter_card":"summary_large_image","twitter_image":"https:\/\/interpim.erresse-shop.it\/Import\/Prodotti\/galbiati-milano-etno-botanic-set-18-piatti-1.jpg","schema":{"@context":"https:\/\/schema.org","@graph":[{"@type":"WebPage","@id":"https:\/\/dev6.erresse-shop.it\/fr\/shop\/table-fr-2\/plats\/galbiati-milano-etno-botanic-set-18-assiettes\/","url":"https:\/\/dev6.erresse-shop.it\/fr\/shop\/table-fr-2\/plats\/galbiati-milano-etno-botanic-set-18-assiettes\/","name":"GALBIATI MILANO Etno Botanic Set 18 assiettes - dev6 Erresse","isPartOf":{"@id":"https:\/\/dev6.erresse-shop.it\/#website"},"primaryImageOfPage":{"@id":"https:\/\/dev6.erresse-shop.it\/fr\/shop\/table-fr-2\/plats\/galbiati-milano-etno-botanic-set-18-assiettes\/#primaryimage"},"image":{"@id":"https:\/\/dev6.erresse-shop.it\/fr\/shop\/table-fr-2\/plats\/galbiati-milano-etno-botanic-set-18-assiettes\/#primaryimage"},"thumbnailUrl":"https:\/\/i2.wp.com\/interpim.erresse-shop.it\/Import\/Prodotti\/galbiati-milano-etno-botanic-set-18-piatti-1.jpg?ssl=1","datePublished":"2026-04-12T09:57:50+00:00","description":"D\u00e9couvrez notre \u00e9l\u00e9gant service d\u2019assiettes Etno Botanic, une combinaison parfaite de style et de fonctionnalit\u00e9 pour enrichir votre table. Compos\u00e9 de 18","breadcrumb":{"@id":"https:\/\/dev6.erresse-shop.it\/fr\/shop\/table-fr-2\/plats\/galbiati-milano-etno-botanic-set-18-assiettes\/#breadcrumb"},"inLanguage":"fr-FR","potentialAction":[{"@type":"ReadAction","target":["https:\/\/dev6.erresse-shop.it\/fr\/shop\/table-fr-2\/plats\/galbiati-milano-etno-botanic-set-18-assiettes\/"]}]},{"@type":"ImageObject","inLanguage":"fr-FR","@id":"https:\/\/dev6.erresse-shop.it\/fr\/shop\/table-fr-2\/plats\/galbiati-milano-etno-botanic-set-18-assiettes\/#primaryimage","url":"https:\/\/i2.wp.com\/interpim.erresse-shop.it\/Import\/Prodotti\/galbiati-milano-etno-botanic-set-18-piatti-1.jpg?ssl=1","contentUrl":"https:\/\/i2.wp.com\/interpim.erresse-shop.it\/Import\/Prodotti\/galbiati-milano-etno-botanic-set-18-piatti-1.jpg?ssl=1"},{"@type":"BreadcrumbList","@id":"https:\/\/dev6.erresse-shop.it\/fr\/shop\/table-fr-2\/plats\/galbiati-milano-etno-botanic-set-18-assiettes\/#breadcrumb","itemListElement":[{"@type":"ListItem","position":1,"name":"Home","item":"https:\/\/dev6.erresse-shop.it\/"},{"@type":"ListItem","position":2,"name":"Boutique","item":"https:\/\/dev6.erresse-shop.it\/shop\/"},{"@type":"ListItem","position":3,"name":"GALBIATI MILANO Etno Botanic Set 18 assiettes"}]},{"@type":"WebSite","@id":"https:\/\/dev6.erresse-shop.it\/#website","url":"https:\/\/dev6.erresse-shop.it\/","name":"Erresse Shop","description":"","publisher":{"@id":"https:\/\/dev6.erresse-shop.it\/#organization"},"potentialAction":[{"@type":"SearchAction","target":{"@type":"EntryPoint","urlTemplate":"https:\/\/dev6.erresse-shop.it\/?s={search_term_string}"},"query-input":{"@type":"PropertyValueSpecification","valueRequired":true,"valueName":"search_term_string"}}],"inLanguage":"fr-FR"},{"@type":"Organization","@id":"https:\/\/dev6.erresse-shop.it\/#organization","name":"Erresse Shop","url":"https:\/\/dev6.erresse-shop.it\/","logo":{"@type":"ImageObject","inLanguage":"fr-FR","@id":"https:\/\/dev6.erresse-shop.it\/#\/schema\/logo\/image\/","url":"https:\/\/dev6.erresse-shop.it\/wp-content\/uploads\/2025\/01\/LOGO-ERRESSE-CLASSICO.svg","contentUrl":"https:\/\/dev6.erresse-shop.it\/wp-content\/uploads\/2025\/01\/LOGO-ERRESSE-CLASSICO.svg","caption":"Erresse Shop"},"image":{"@id":"https:\/\/dev6.erresse-shop.it\/#\/schema\/logo\/image\/"}}]}},"df_price":62.95,"df_sale_price":62.95,"df_regular_price":79,"df_image_link":"https:\/\/i2.wp.com\/interpim.erresse-shop.it\/Import\/Prodotti\/galbiati-milano-etno-botanic-set-18-piatti-1.jpg?resize=300,300&ssl=1","fifu_image_url":"https:\/\/interpim.erresse-shop.it\/Import\/Prodotti\/galbiati-milano-etno-botanic-set-18-piatti-1.jpg","_links":{"self":[{"href":"https:\/\/dev6.erresse-shop.it\/fr\/wp-json\/wp\/v2\/product\/65166","targetHints":{"allow":["GET"]}}],"collection":[{"href":"https:\/\/dev6.erresse-shop.it\/fr\/wp-json\/wp\/v2\/product"}],"about":[{"href":"https:\/\/dev6.erresse-shop.it\/fr\/wp-json\/wp\/v2\/types\/product"}],"wp:featuredmedia":[{"embeddable":true,"href":"https:\/\/dev6.erresse-shop.it\/fr\/wp-json\/wp\/v2\/media\/6370477"}],"wp:attachment":[{"href":"https:\/\/dev6.erresse-shop.it\/fr\/wp-json\/wp\/v2\/media?parent=65166"}],"wp:term":[{"taxonomy":"product_cat","embeddable":true,"href":"https:\/\/dev6.erresse-shop.it\/fr\/wp-json\/wp\/v2\/product_cat?post=65166"},{"taxonomy":"product_tag","embeddable":true,"href":"https:\/\/dev6.erresse-shop.it\/fr\/wp-json\/wp\/v2\/product_tag?post=65166"}],"curies":[{"name":"wp","href":"https:\/\/api.w.org\/{rel}","templated":true}]}}