{"id":65152,"date":"2026-04-04T11:55:05","date_gmt":"2026-04-04T09:55:05","guid":{"rendered":"https:\/\/dev6.erresse-shop.it\/shop\/non%20class\u00e9\/seletti-toiletpaper-poubelle-roses-12-l\/"},"modified":"2026-01-16T22:16:19","modified_gmt":"2026-01-16T21:16:19","slug":"seletti-toiletpaper-poubelle-roses-12-l","status":"publish","type":"product","link":"https:\/\/dev6.erresse-shop.it\/fr\/shop\/ameublement-maison\/poubelles\/seletti-toiletpaper-poubelle-roses-12-l\/","title":{"rendered":"SELETTI Toiletpaper Poubelle Roses 12 L"},"content":{"rendered":"<p>Les plus chanceux d\u2019entre nous sont capables de reconna\u00eetre les moments magiques qui surviennent au cours de leur vie. Ils peuvent se produire dans certaines circonstances, simples ou complexes, et donnent le sentiment de vivre un r\u00eave. Ceux li\u00e9s \u00e0 la po\u00e9sie ne n\u00e9cessitent pas de conditions exceptionnelles ; il suffit d\u2019observer notre environnement, parfois m\u00eame quelques \u00e9l\u00e9ments, et c\u2019est la relation entre eux qui cr\u00e9e un moment sp\u00e9cial. Un petit espace se manifeste dans lequel le temps fait de nous des spectateurs captur\u00e9s par cette po\u00e9sie\u2026 ainsi, la beaut\u00e9 se produit.<\/p>\n<p>Mat\u00e9riaux et construction : m\u00e9tal, plastique<br \/>\nDimensions : 25 x 25 x 39,50 cm<br \/>\nCr\u00e9ateur : Toiletpaper<\/p>\n","protected":false},"excerpt":{"rendered":"<p>Les plus chanceux d\u2019entre nous sont capables de reconna\u00eetre les moments magiques qui surviennent au cours de leur vie. Ils peuvent se produire dans certaines circonstances, simples ou complexes, et donnent le sentiment de vivre un r\u00eave. Ceux li\u00e9s \u00e0 la po\u00e9sie ne n\u00e9cessitent pas de conditions exceptionnelles ; il suffit d\u2019observer notre environnement, parfois [&hellip;]<\/p>\n","protected":false},"featured_media":6287102,"template":"","meta":{"_acf_changed":false},"product_cat":[11990,11666,12029],"product_tag":[],"class_list":{"0":"post-65152","1":"product","2":"type-product","3":"status-publish","4":"has-post-thumbnail","6":"product_cat-ameublement-maison","7":"product_cat-arredamento-casa","8":"product_cat-poubelles","10":"first","11":"instock","12":"sale","13":"taxable","14":"shipping-taxable","15":"purchasable","16":"product-type-simple","swatches":"rey-swatches","show_selected":"","stretch_labels":"rey-swatches--stretch-labels"},"acf":[],"yoast_head":"<!-- This site is optimized with the Yoast SEO plugin v25.4 - https:\/\/yoast.com\/wordpress\/plugins\/seo\/ -->\n<title>SELETTI Toiletpaper Poubelle Roses 12 L - dev6 Erresse<\/title>\n<meta name=\"description\" content=\"Les plus chanceux d\u2019entre nous sont capables de reconna\u00eetre les moments magiques qui surviennent au cours de leur vie. Ils peuvent se produire dans\" \/>\n<meta name=\"robots\" content=\"noindex, follow, max-snippet:-1, max-image-preview:large, max-video-preview:-1\" \/>\n<meta property=\"og:locale\" content=\"fr_FR\" \/>\n<meta property=\"og:type\" content=\"article\" \/>\n<meta property=\"og:title\" content=\"SELETTI Toiletpaper Poubelle Roses 12 L - dev6 Erresse\" \/>\n<meta property=\"og:description\" content=\"Les plus chanceux d\u2019entre nous sont capables de reconna\u00eetre les moments magiques qui surviennent au cours de leur vie. Ils peuvent se produire dans\" \/>\n<meta property=\"og:url\" content=\"https:\/\/dev6.erresse-shop.it\/fr\/shop\/ameublement-maison\/poubelles\/seletti-toiletpaper-poubelle-roses-12-l\/\" \/>\n<meta property=\"og:site_name\" content=\"dev6 Erresse\" \/>\n<meta property=\"og:image\" content=\"https:\/\/interpim.erresse-shop.it\/img-catalogo\/seletti\/seletti-toiletpaper-pattumiera-roses-1.jpg\" \/><meta property=\"og:image\" content=\"https:\/\/interpim.erresse-shop.it\/img-catalogo\/seletti\/seletti-toiletpaper-pattumiera-roses-1.jpg\" \/>\n\t<meta property=\"og:image:width\" content=\"1024\" \/>\n\t<meta property=\"og:image:height\" content=\"1024\" \/>\n\t<meta property=\"og:image:type\" content=\"image\/jpeg\" \/>\n<meta name=\"twitter:card\" content=\"summary_large_image\" \/>\n<meta name=\"twitter:image\" content=\"https:\/\/interpim.erresse-shop.it\/img-catalogo\/seletti\/seletti-toiletpaper-pattumiera-roses-1.jpg\" \/>\n<script type=\"application\/ld+json\" class=\"yoast-schema-graph\">{\"@context\":\"https:\/\/schema.org\",\"@graph\":[{\"@type\":\"WebPage\",\"@id\":\"https:\/\/dev6.erresse-shop.it\/fr\/shop\/ameublement-maison\/poubelles\/seletti-toiletpaper-poubelle-roses-12-l\/\",\"url\":\"https:\/\/dev6.erresse-shop.it\/fr\/shop\/ameublement-maison\/poubelles\/seletti-toiletpaper-poubelle-roses-12-l\/\",\"name\":\"SELETTI Toiletpaper Poubelle Roses 12 L - dev6 Erresse\",\"isPartOf\":{\"@id\":\"https:\/\/dev6.erresse-shop.it\/#website\"},\"primaryImageOfPage\":{\"@id\":\"https:\/\/dev6.erresse-shop.it\/fr\/shop\/ameublement-maison\/poubelles\/seletti-toiletpaper-poubelle-roses-12-l\/#primaryimage\"},\"image\":{\"@id\":\"https:\/\/dev6.erresse-shop.it\/fr\/shop\/ameublement-maison\/poubelles\/seletti-toiletpaper-poubelle-roses-12-l\/#primaryimage\"},\"thumbnailUrl\":\"https:\/\/i0.wp.com\/interpim.erresse-shop.it\/img-catalogo\/seletti\/seletti-toiletpaper-pattumiera-roses-1.jpg?ssl=1\",\"datePublished\":\"2026-04-04T09:55:05+00:00\",\"description\":\"Les plus chanceux d\u2019entre nous sont capables de reconna\u00eetre les moments magiques qui surviennent au cours de leur vie. Ils peuvent se produire dans\",\"breadcrumb\":{\"@id\":\"https:\/\/dev6.erresse-shop.it\/fr\/shop\/ameublement-maison\/poubelles\/seletti-toiletpaper-poubelle-roses-12-l\/#breadcrumb\"},\"inLanguage\":\"fr-FR\",\"potentialAction\":[{\"@type\":\"ReadAction\",\"target\":[\"https:\/\/dev6.erresse-shop.it\/fr\/shop\/ameublement-maison\/poubelles\/seletti-toiletpaper-poubelle-roses-12-l\/\"]}]},{\"@type\":\"ImageObject\",\"inLanguage\":\"fr-FR\",\"@id\":\"https:\/\/dev6.erresse-shop.it\/fr\/shop\/ameublement-maison\/poubelles\/seletti-toiletpaper-poubelle-roses-12-l\/#primaryimage\",\"url\":\"https:\/\/i0.wp.com\/interpim.erresse-shop.it\/img-catalogo\/seletti\/seletti-toiletpaper-pattumiera-roses-1.jpg?ssl=1\",\"contentUrl\":\"https:\/\/i0.wp.com\/interpim.erresse-shop.it\/img-catalogo\/seletti\/seletti-toiletpaper-pattumiera-roses-1.jpg?ssl=1\"},{\"@type\":\"BreadcrumbList\",\"@id\":\"https:\/\/dev6.erresse-shop.it\/fr\/shop\/ameublement-maison\/poubelles\/seletti-toiletpaper-poubelle-roses-12-l\/#breadcrumb\",\"itemListElement\":[{\"@type\":\"ListItem\",\"position\":1,\"name\":\"Home\",\"item\":\"https:\/\/dev6.erresse-shop.it\/\"},{\"@type\":\"ListItem\",\"position\":2,\"name\":\"Boutique\",\"item\":\"https:\/\/dev6.erresse-shop.it\/shop\/\"},{\"@type\":\"ListItem\",\"position\":3,\"name\":\"SELETTI Toiletpaper Poubelle Roses 12 L\"}]},{\"@type\":\"WebSite\",\"@id\":\"https:\/\/dev6.erresse-shop.it\/#website\",\"url\":\"https:\/\/dev6.erresse-shop.it\/\",\"name\":\"Erresse Shop\",\"description\":\"\",\"publisher\":{\"@id\":\"https:\/\/dev6.erresse-shop.it\/#organization\"},\"potentialAction\":[{\"@type\":\"SearchAction\",\"target\":{\"@type\":\"EntryPoint\",\"urlTemplate\":\"https:\/\/dev6.erresse-shop.it\/?s={search_term_string}\"},\"query-input\":{\"@type\":\"PropertyValueSpecification\",\"valueRequired\":true,\"valueName\":\"search_term_string\"}}],\"inLanguage\":\"fr-FR\"},{\"@type\":\"Organization\",\"@id\":\"https:\/\/dev6.erresse-shop.it\/#organization\",\"name\":\"Erresse Shop\",\"url\":\"https:\/\/dev6.erresse-shop.it\/\",\"logo\":{\"@type\":\"ImageObject\",\"inLanguage\":\"fr-FR\",\"@id\":\"https:\/\/dev6.erresse-shop.it\/#\/schema\/logo\/image\/\",\"url\":\"https:\/\/dev6.erresse-shop.it\/wp-content\/uploads\/2025\/01\/LOGO-ERRESSE-CLASSICO.svg\",\"contentUrl\":\"https:\/\/dev6.erresse-shop.it\/wp-content\/uploads\/2025\/01\/LOGO-ERRESSE-CLASSICO.svg\",\"caption\":\"Erresse Shop\"},\"image\":{\"@id\":\"https:\/\/dev6.erresse-shop.it\/#\/schema\/logo\/image\/\"}}]}<\/script>\n<!-- \/ Yoast SEO plugin. -->","yoast_head_json":{"title":"SELETTI Toiletpaper Poubelle Roses 12 L - dev6 Erresse","description":"Les plus chanceux d\u2019entre nous sont capables de reconna\u00eetre les moments magiques qui surviennent au cours de leur vie. Ils peuvent se produire dans","robots":{"index":"noindex","follow":"follow","max-snippet":"max-snippet:-1","max-image-preview":"max-image-preview:large","max-video-preview":"max-video-preview:-1"},"og_locale":"fr_FR","og_type":"article","og_title":"SELETTI Toiletpaper Poubelle Roses 12 L - dev6 Erresse","og_description":"Les plus chanceux d\u2019entre nous sont capables de reconna\u00eetre les moments magiques qui surviennent au cours de leur vie. Ils peuvent se produire dans","og_url":"https:\/\/dev6.erresse-shop.it\/fr\/shop\/ameublement-maison\/poubelles\/seletti-toiletpaper-poubelle-roses-12-l\/","og_site_name":"dev6 Erresse","og_image":[{"url":"https:\/\/interpim.erresse-shop.it\/img-catalogo\/seletti\/seletti-toiletpaper-pattumiera-roses-1.jpg","type":"","width":"","height":""},{"url":"https:\/\/interpim.erresse-shop.it\/img-catalogo\/seletti\/seletti-toiletpaper-pattumiera-roses-1.jpg","width":1024,"height":1024,"type":"image\/jpeg"}],"twitter_card":"summary_large_image","twitter_image":"https:\/\/interpim.erresse-shop.it\/img-catalogo\/seletti\/seletti-toiletpaper-pattumiera-roses-1.jpg","schema":{"@context":"https:\/\/schema.org","@graph":[{"@type":"WebPage","@id":"https:\/\/dev6.erresse-shop.it\/fr\/shop\/ameublement-maison\/poubelles\/seletti-toiletpaper-poubelle-roses-12-l\/","url":"https:\/\/dev6.erresse-shop.it\/fr\/shop\/ameublement-maison\/poubelles\/seletti-toiletpaper-poubelle-roses-12-l\/","name":"SELETTI Toiletpaper Poubelle Roses 12 L - dev6 Erresse","isPartOf":{"@id":"https:\/\/dev6.erresse-shop.it\/#website"},"primaryImageOfPage":{"@id":"https:\/\/dev6.erresse-shop.it\/fr\/shop\/ameublement-maison\/poubelles\/seletti-toiletpaper-poubelle-roses-12-l\/#primaryimage"},"image":{"@id":"https:\/\/dev6.erresse-shop.it\/fr\/shop\/ameublement-maison\/poubelles\/seletti-toiletpaper-poubelle-roses-12-l\/#primaryimage"},"thumbnailUrl":"https:\/\/i0.wp.com\/interpim.erresse-shop.it\/img-catalogo\/seletti\/seletti-toiletpaper-pattumiera-roses-1.jpg?ssl=1","datePublished":"2026-04-04T09:55:05+00:00","description":"Les plus chanceux d\u2019entre nous sont capables de reconna\u00eetre les moments magiques qui surviennent au cours de leur vie. Ils peuvent se produire dans","breadcrumb":{"@id":"https:\/\/dev6.erresse-shop.it\/fr\/shop\/ameublement-maison\/poubelles\/seletti-toiletpaper-poubelle-roses-12-l\/#breadcrumb"},"inLanguage":"fr-FR","potentialAction":[{"@type":"ReadAction","target":["https:\/\/dev6.erresse-shop.it\/fr\/shop\/ameublement-maison\/poubelles\/seletti-toiletpaper-poubelle-roses-12-l\/"]}]},{"@type":"ImageObject","inLanguage":"fr-FR","@id":"https:\/\/dev6.erresse-shop.it\/fr\/shop\/ameublement-maison\/poubelles\/seletti-toiletpaper-poubelle-roses-12-l\/#primaryimage","url":"https:\/\/i0.wp.com\/interpim.erresse-shop.it\/img-catalogo\/seletti\/seletti-toiletpaper-pattumiera-roses-1.jpg?ssl=1","contentUrl":"https:\/\/i0.wp.com\/interpim.erresse-shop.it\/img-catalogo\/seletti\/seletti-toiletpaper-pattumiera-roses-1.jpg?ssl=1"},{"@type":"BreadcrumbList","@id":"https:\/\/dev6.erresse-shop.it\/fr\/shop\/ameublement-maison\/poubelles\/seletti-toiletpaper-poubelle-roses-12-l\/#breadcrumb","itemListElement":[{"@type":"ListItem","position":1,"name":"Home","item":"https:\/\/dev6.erresse-shop.it\/"},{"@type":"ListItem","position":2,"name":"Boutique","item":"https:\/\/dev6.erresse-shop.it\/shop\/"},{"@type":"ListItem","position":3,"name":"SELETTI Toiletpaper Poubelle Roses 12 L"}]},{"@type":"WebSite","@id":"https:\/\/dev6.erresse-shop.it\/#website","url":"https:\/\/dev6.erresse-shop.it\/","name":"Erresse Shop","description":"","publisher":{"@id":"https:\/\/dev6.erresse-shop.it\/#organization"},"potentialAction":[{"@type":"SearchAction","target":{"@type":"EntryPoint","urlTemplate":"https:\/\/dev6.erresse-shop.it\/?s={search_term_string}"},"query-input":{"@type":"PropertyValueSpecification","valueRequired":true,"valueName":"search_term_string"}}],"inLanguage":"fr-FR"},{"@type":"Organization","@id":"https:\/\/dev6.erresse-shop.it\/#organization","name":"Erresse Shop","url":"https:\/\/dev6.erresse-shop.it\/","logo":{"@type":"ImageObject","inLanguage":"fr-FR","@id":"https:\/\/dev6.erresse-shop.it\/#\/schema\/logo\/image\/","url":"https:\/\/dev6.erresse-shop.it\/wp-content\/uploads\/2025\/01\/LOGO-ERRESSE-CLASSICO.svg","contentUrl":"https:\/\/dev6.erresse-shop.it\/wp-content\/uploads\/2025\/01\/LOGO-ERRESSE-CLASSICO.svg","caption":"Erresse Shop"},"image":{"@id":"https:\/\/dev6.erresse-shop.it\/#\/schema\/logo\/image\/"}}]}},"df_price":49,"df_sale_price":49,"df_regular_price":65,"df_image_link":"https:\/\/i0.wp.com\/interpim.erresse-shop.it\/img-catalogo\/seletti\/seletti-toiletpaper-pattumiera-roses-1.jpg?resize=300,300&ssl=1","fifu_image_url":"https:\/\/interpim.erresse-shop.it\/img-catalogo\/seletti\/seletti-toiletpaper-pattumiera-roses-1.jpg","_links":{"self":[{"href":"https:\/\/dev6.erresse-shop.it\/fr\/wp-json\/wp\/v2\/product\/65152","targetHints":{"allow":["GET"]}}],"collection":[{"href":"https:\/\/dev6.erresse-shop.it\/fr\/wp-json\/wp\/v2\/product"}],"about":[{"href":"https:\/\/dev6.erresse-shop.it\/fr\/wp-json\/wp\/v2\/types\/product"}],"wp:featuredmedia":[{"embeddable":true,"href":"https:\/\/dev6.erresse-shop.it\/fr\/wp-json\/wp\/v2\/media\/6287102"}],"wp:attachment":[{"href":"https:\/\/dev6.erresse-shop.it\/fr\/wp-json\/wp\/v2\/media?parent=65152"}],"wp:term":[{"taxonomy":"product_cat","embeddable":true,"href":"https:\/\/dev6.erresse-shop.it\/fr\/wp-json\/wp\/v2\/product_cat?post=65152"},{"taxonomy":"product_tag","embeddable":true,"href":"https:\/\/dev6.erresse-shop.it\/fr\/wp-json\/wp\/v2\/product_tag?post=65152"}],"curies":[{"name":"wp","href":"https:\/\/api.w.org\/{rel}","templated":true}]}}