{"id":65056,"date":"2026-04-10T15:31:07","date_gmt":"2026-04-10T13:31:07","guid":{"rendered":"https:\/\/dev6.erresse-shop.it\/shop\/non%20class\u00e9\/jura-machine-a-cafe-ena-8-touch-full-nordic-blanc-dont-2-kg-de-cafe\/"},"modified":"2026-01-29T19:20:09","modified_gmt":"2026-01-29T18:20:09","slug":"jura-machine-a-cafe-ena-8-touch-full-nordic-blanc-dont-2-kg-de-cafe","status":"publish","type":"product","link":"https:\/\/dev6.erresse-shop.it\/fr\/shop\/petits-electromenagers\/machines-cafe\/automatique\/jura-machine-a-cafe-ena-8-touch-full-nordic-blanc-dont-2-kg-de-cafe\/","title":{"rendered":"JURA Machine \u00e0 caf\u00e9 ENA 8 Touch Full Nordic Blanc &#8211; dont 2 kg de caf\u00e9"},"content":{"rendered":"<p>La petite machine aux grandes performances<br \/>\n\u00cates-vous \u00e0 la recherche d\u2019une exp\u00e9rience caf\u00e9 parfaite sans avoir besoin de beaucoup d\u2019espace ? L\u2019ENA 8 compact est \u00e9quip\u00e9 de technologies haut de gamme, telles que le moulin Professional Aroma et la technologie de mousse fine, pour cr\u00e9er un caf\u00e9 de classe mondiale et d\u00e9sormais, avec la fonction deux tasses, il peut pr\u00e9parer deux tasses \u00e0 la fois. en m\u00eame temps. Avec ses lignes \u00e9pur\u00e9es et ses accents \u00e9l\u00e9gants, c\u2019est une pi\u00e8ce de design \u00e9l\u00e9gante dans un petit format.<\/p>\n<p>Technologie haut de gamme<br \/>\nLe Professional Aroma Grinder permet d\u2019obtenir une mouture plus uniforme, am\u00e9liorant l\u2019ar\u00f4me du caf\u00e9 de 12,2 %, tandis que la technologie innovante de mousse fine cr\u00e9e une mousse de lait merveilleusement l\u00e9g\u00e8re pour les sp\u00e9cialit\u00e9s \u00e0 base de lait tendance. Gr\u00e2ce \u00e0 la fonction deux tasses, l\u2019ENA 8 peut d\u00e9sormais pr\u00e9parer deux sp\u00e9cialit\u00e9s de caf\u00e9 noir en m\u00eame temps. La fonction de nettoyage ing\u00e9nieuse du syst\u00e8me de lait garantit une hygi\u00e8ne certifi\u00e9e T\u00dcV, ce qui contribue \u00e0 des r\u00e9sultats toujours parfaits.<\/p>\n<p>Tout simplement agr\u00e9able<br \/>\nGr\u00e2ce \u00e0 l\u2019\u00e9cran tactile facile \u00e0 utiliser et au fonctionnement intuitif, vous avez 15 sp\u00e9cialit\u00e9s \u00e0 port\u00e9e de main. La fonction de nettoyage du syst\u00e8me de lait peut \u00eatre d\u00e9marr\u00e9e par simple pression sur un bouton, garantissant toujours une hygi\u00e8ne certifi\u00e9e T\u00dcV. Vous pouvez \u00e9galement utiliser la machine \u00e0 caf\u00e9 confortablement depuis votre smartphone, car gr\u00e2ce \u00e0 la technologie WiFi, l\u2019ENA 8 est \u00e9galement compatible avec J.O.E.\u00ae.<\/p>\n<p>Grand design, petit format<br \/>\nAvec des dimensions de seulement 27,1 x 32,3 x 44,5 cm, notre plus petite cafeti\u00e8re s\u2019adapte \u00e0 n\u2019importe quel endroit, sans compromettre les performances. Malgr\u00e9 son format compact, l\u2019ENA 8 incarne la qualit\u00e9 unique de JURA tant en termes de caf\u00e9 que de design. Le design minimaliste aux lignes \u00e9pur\u00e9es, les mat\u00e9riaux de haute qualit\u00e9 et les accents \u00e9l\u00e9gants, comme le plateau \u00e0 tasses chrom\u00e9 et le r\u00e9servoir d\u2019eau cristallin effet diamant, sont parfaits pour ceux qui appr\u00e9cient le bon go\u00fbt et le bon caf\u00e9.<\/p>\n<p>CARACT\u00c9RISTIQUES\/SP\u00c9CIALIT\u00c9S<br \/>\nNombre de sp\u00e9cialit\u00e9s de caf\u00e9 15<br \/>\n\u00c9cran couleur tactile de 2,8 pouces<br \/>\nQuantit\u00e9 d\u2019eau pour le caf\u00e9 programmable individuellement\u00a0: Oui<br \/>\nIntensit\u00e9 du caf\u00e9 programmable individuellement\u00a0: 10 niveaux<br \/>\nTemp\u00e9rature de distribution programmable individuellement\u00a0: 3 niveaux<br \/>\nQuantit\u00e9 de lait\/mousse de lait programmable individuellement\u00a0: Oui<br \/>\nTemp\u00e9rature de l\u2019eau chaude programmable individuellement\u00a0: 3 niveaux<br \/>\nCompatible avec J.O.E.\u00ae : Oui<br \/>\nConnexion Wi-Fi au r\u00e9seau domestique : Oui<\/p>\n<p>CARACT\u00c9RISTIQUES TECHNIQUES<br \/>\nDouble bec r\u00e9glable en hauteur et en largeur : 68 \u2013 138 mm \/ \u2013<br \/>\nBec d\u2019eau chaude r\u00e9glable en hauteur : 70 \u2013 140 mm<br \/>\nCapacit\u00e9 du r\u00e9servoir d\u2019eau\u00a0: 1,1 l<br \/>\nCapacit\u00e9 du r\u00e9cipient \u00e0 grains\u00a0: 125 g<br \/>\nR\u00e9cipient \u00e0 marc de caf\u00e9 (portions approximatives)\u00a0: 10<br \/>\nLongueur du c\u00e2ble\u00a0: 1,1 m<br \/>\nTension \/ puissance\u00a0: 230 V ~ \/ 1450 W<br \/>\nCourant\u00a0: 10\u00a0A<br \/>\nPuissance en veille\u00a0: 0 W<br \/>\nPoids\u00a0: 9,4 kg<br \/>\nDimensions (L \u00d7 H \u00d7 P)\u00a0: 27,1 \u00d7 32,3 \u00d7 44,5 cm<\/p>\n<p>Pays de fabrication\u00a0: Fabriqu\u00e9 au Portugal<br \/>\nAnn\u00e9e mod\u00e8le 2022<\/p>\n","protected":false},"excerpt":{"rendered":"<p>La petite machine aux grandes performances \u00cates-vous \u00e0 la recherche d\u2019une exp\u00e9rience caf\u00e9 parfaite sans avoir besoin de beaucoup d\u2019espace ? L\u2019ENA 8 compact est \u00e9quip\u00e9 de technologies haut de gamme, telles que le moulin Professional Aroma et la technologie de mousse fine, pour cr\u00e9er un caf\u00e9 de classe mondiale et d\u00e9sormais, avec la fonction [&hellip;]<\/p>\n","protected":false},"featured_media":6339868,"template":"","meta":{"_acf_changed":false},"product_cat":[12076,12063,12055],"product_tag":[],"class_list":{"0":"post-65056","1":"product","2":"type-product","3":"status-publish","4":"has-post-thumbnail","6":"product_cat-automatique","7":"product_cat-machines-cafe","8":"product_cat-petits-electromenagers","10":"first","11":"instock","12":"sale","13":"taxable","14":"shipping-taxable","15":"purchasable","16":"product-type-simple","swatches":"rey-swatches","show_selected":"","stretch_labels":"rey-swatches--stretch-labels"},"acf":[],"yoast_head":"<!-- This site is optimized with the Yoast SEO plugin v25.4 - https:\/\/yoast.com\/wordpress\/plugins\/seo\/ -->\n<title>JURA Machine \u00e0 caf\u00e9 ENA 8 Touch Full Nordic Blanc &#8211; dont 2 kg de caf\u00e9 - dev6 Erresse<\/title>\n<meta name=\"description\" content=\"La petite machine aux grandes performances \u00cates-vous \u00e0 la recherche d\u2019une exp\u00e9rience caf\u00e9 parfaite sans avoir besoin de beaucoup d\u2019espace ? L\u2019ENA 8\" \/>\n<meta name=\"robots\" content=\"noindex, follow, max-snippet:-1, max-image-preview:large, max-video-preview:-1\" \/>\n<meta property=\"og:locale\" content=\"fr_FR\" \/>\n<meta property=\"og:type\" content=\"article\" \/>\n<meta property=\"og:title\" content=\"JURA Machine \u00e0 caf\u00e9 ENA 8 Touch Full Nordic Blanc &#8211; dont 2 kg de caf\u00e9 - dev6 Erresse\" \/>\n<meta property=\"og:description\" content=\"La petite machine aux grandes performances \u00cates-vous \u00e0 la recherche d\u2019une exp\u00e9rience caf\u00e9 parfaite sans avoir besoin de beaucoup d\u2019espace ? L\u2019ENA 8\" \/>\n<meta property=\"og:url\" content=\"https:\/\/dev6.erresse-shop.it\/fr\/shop\/petits-electromenagers\/machines-cafe\/automatique\/jura-machine-a-cafe-ena-8-touch-full-nordic-blanc-dont-2-kg-de-cafe\/\" \/>\n<meta property=\"og:site_name\" content=\"dev6 Erresse\" \/>\n<meta property=\"og:image\" content=\"https:\/\/interpim.erresse-shop.it\/Import\/Prodotti\/jura-macchina-da-caffe-ena-8-touch-full-nordic-bianco-inclusi-2-kg-di-caffe-1.jpg\" \/><meta property=\"og:image\" content=\"https:\/\/interpim.erresse-shop.it\/Import\/Prodotti\/jura-macchina-da-caffe-ena-8-touch-full-nordic-bianco-inclusi-2-kg-di-caffe-1.jpg\" \/>\n\t<meta property=\"og:image:width\" content=\"1024\" \/>\n\t<meta property=\"og:image:height\" content=\"1024\" \/>\n\t<meta property=\"og:image:type\" content=\"image\/jpeg\" \/>\n<meta name=\"twitter:card\" content=\"summary_large_image\" \/>\n<meta name=\"twitter:image\" content=\"https:\/\/interpim.erresse-shop.it\/Import\/Prodotti\/jura-macchina-da-caffe-ena-8-touch-full-nordic-bianco-inclusi-2-kg-di-caffe-1.jpg\" \/>\n<script type=\"application\/ld+json\" class=\"yoast-schema-graph\">{\"@context\":\"https:\/\/schema.org\",\"@graph\":[{\"@type\":\"WebPage\",\"@id\":\"https:\/\/dev6.erresse-shop.it\/fr\/shop\/petits-electromenagers\/machines-cafe\/automatique\/jura-machine-a-cafe-ena-8-touch-full-nordic-blanc-dont-2-kg-de-cafe\/\",\"url\":\"https:\/\/dev6.erresse-shop.it\/fr\/shop\/petits-electromenagers\/machines-cafe\/automatique\/jura-machine-a-cafe-ena-8-touch-full-nordic-blanc-dont-2-kg-de-cafe\/\",\"name\":\"JURA Machine \u00e0 caf\u00e9 ENA 8 Touch Full Nordic Blanc &#8211; dont 2 kg de caf\u00e9 - dev6 Erresse\",\"isPartOf\":{\"@id\":\"https:\/\/dev6.erresse-shop.it\/#website\"},\"primaryImageOfPage\":{\"@id\":\"https:\/\/dev6.erresse-shop.it\/fr\/shop\/petits-electromenagers\/machines-cafe\/automatique\/jura-machine-a-cafe-ena-8-touch-full-nordic-blanc-dont-2-kg-de-cafe\/#primaryimage\"},\"image\":{\"@id\":\"https:\/\/dev6.erresse-shop.it\/fr\/shop\/petits-electromenagers\/machines-cafe\/automatique\/jura-machine-a-cafe-ena-8-touch-full-nordic-blanc-dont-2-kg-de-cafe\/#primaryimage\"},\"thumbnailUrl\":\"https:\/\/i2.wp.com\/interpim.erresse-shop.it\/Import\/Prodotti\/jura-macchina-da-caffe-ena-8-touch-full-nordic-bianco-inclusi-2-kg-di-caffe-1.jpg?ssl=1\",\"datePublished\":\"2026-04-10T13:31:07+00:00\",\"description\":\"La petite machine aux grandes performances \u00cates-vous \u00e0 la recherche d\u2019une exp\u00e9rience caf\u00e9 parfaite sans avoir besoin de beaucoup d\u2019espace ? L\u2019ENA 8\",\"breadcrumb\":{\"@id\":\"https:\/\/dev6.erresse-shop.it\/fr\/shop\/petits-electromenagers\/machines-cafe\/automatique\/jura-machine-a-cafe-ena-8-touch-full-nordic-blanc-dont-2-kg-de-cafe\/#breadcrumb\"},\"inLanguage\":\"fr-FR\",\"potentialAction\":[{\"@type\":\"ReadAction\",\"target\":[\"https:\/\/dev6.erresse-shop.it\/fr\/shop\/petits-electromenagers\/machines-cafe\/automatique\/jura-machine-a-cafe-ena-8-touch-full-nordic-blanc-dont-2-kg-de-cafe\/\"]}]},{\"@type\":\"ImageObject\",\"inLanguage\":\"fr-FR\",\"@id\":\"https:\/\/dev6.erresse-shop.it\/fr\/shop\/petits-electromenagers\/machines-cafe\/automatique\/jura-machine-a-cafe-ena-8-touch-full-nordic-blanc-dont-2-kg-de-cafe\/#primaryimage\",\"url\":\"https:\/\/i2.wp.com\/interpim.erresse-shop.it\/Import\/Prodotti\/jura-macchina-da-caffe-ena-8-touch-full-nordic-bianco-inclusi-2-kg-di-caffe-1.jpg?ssl=1\",\"contentUrl\":\"https:\/\/i2.wp.com\/interpim.erresse-shop.it\/Import\/Prodotti\/jura-macchina-da-caffe-ena-8-touch-full-nordic-bianco-inclusi-2-kg-di-caffe-1.jpg?ssl=1\"},{\"@type\":\"BreadcrumbList\",\"@id\":\"https:\/\/dev6.erresse-shop.it\/fr\/shop\/petits-electromenagers\/machines-cafe\/automatique\/jura-machine-a-cafe-ena-8-touch-full-nordic-blanc-dont-2-kg-de-cafe\/#breadcrumb\",\"itemListElement\":[{\"@type\":\"ListItem\",\"position\":1,\"name\":\"Home\",\"item\":\"https:\/\/dev6.erresse-shop.it\/\"},{\"@type\":\"ListItem\",\"position\":2,\"name\":\"Boutique\",\"item\":\"https:\/\/dev6.erresse-shop.it\/shop\/\"},{\"@type\":\"ListItem\",\"position\":3,\"name\":\"JURA Machine \u00e0 caf\u00e9 ENA 8 Touch Full Nordic Blanc &#8211; dont 2 kg de caf\u00e9\"}]},{\"@type\":\"WebSite\",\"@id\":\"https:\/\/dev6.erresse-shop.it\/#website\",\"url\":\"https:\/\/dev6.erresse-shop.it\/\",\"name\":\"Erresse Shop\",\"description\":\"\",\"publisher\":{\"@id\":\"https:\/\/dev6.erresse-shop.it\/#organization\"},\"potentialAction\":[{\"@type\":\"SearchAction\",\"target\":{\"@type\":\"EntryPoint\",\"urlTemplate\":\"https:\/\/dev6.erresse-shop.it\/?s={search_term_string}\"},\"query-input\":{\"@type\":\"PropertyValueSpecification\",\"valueRequired\":true,\"valueName\":\"search_term_string\"}}],\"inLanguage\":\"fr-FR\"},{\"@type\":\"Organization\",\"@id\":\"https:\/\/dev6.erresse-shop.it\/#organization\",\"name\":\"Erresse Shop\",\"url\":\"https:\/\/dev6.erresse-shop.it\/\",\"logo\":{\"@type\":\"ImageObject\",\"inLanguage\":\"fr-FR\",\"@id\":\"https:\/\/dev6.erresse-shop.it\/#\/schema\/logo\/image\/\",\"url\":\"https:\/\/dev6.erresse-shop.it\/wp-content\/uploads\/2025\/01\/LOGO-ERRESSE-CLASSICO.svg\",\"contentUrl\":\"https:\/\/dev6.erresse-shop.it\/wp-content\/uploads\/2025\/01\/LOGO-ERRESSE-CLASSICO.svg\",\"caption\":\"Erresse Shop\"},\"image\":{\"@id\":\"https:\/\/dev6.erresse-shop.it\/#\/schema\/logo\/image\/\"}}]}<\/script>\n<!-- \/ Yoast SEO plugin. -->","yoast_head_json":{"title":"JURA Machine \u00e0 caf\u00e9 ENA 8 Touch Full Nordic Blanc &#8211; dont 2 kg de caf\u00e9 - dev6 Erresse","description":"La petite machine aux grandes performances \u00cates-vous \u00e0 la recherche d\u2019une exp\u00e9rience caf\u00e9 parfaite sans avoir besoin de beaucoup d\u2019espace ? L\u2019ENA 8","robots":{"index":"noindex","follow":"follow","max-snippet":"max-snippet:-1","max-image-preview":"max-image-preview:large","max-video-preview":"max-video-preview:-1"},"og_locale":"fr_FR","og_type":"article","og_title":"JURA Machine \u00e0 caf\u00e9 ENA 8 Touch Full Nordic Blanc &#8211; dont 2 kg de caf\u00e9 - dev6 Erresse","og_description":"La petite machine aux grandes performances \u00cates-vous \u00e0 la recherche d\u2019une exp\u00e9rience caf\u00e9 parfaite sans avoir besoin de beaucoup d\u2019espace ? L\u2019ENA 8","og_url":"https:\/\/dev6.erresse-shop.it\/fr\/shop\/petits-electromenagers\/machines-cafe\/automatique\/jura-machine-a-cafe-ena-8-touch-full-nordic-blanc-dont-2-kg-de-cafe\/","og_site_name":"dev6 Erresse","og_image":[{"url":"https:\/\/interpim.erresse-shop.it\/Import\/Prodotti\/jura-macchina-da-caffe-ena-8-touch-full-nordic-bianco-inclusi-2-kg-di-caffe-1.jpg","type":"","width":"","height":""},{"url":"https:\/\/interpim.erresse-shop.it\/Import\/Prodotti\/jura-macchina-da-caffe-ena-8-touch-full-nordic-bianco-inclusi-2-kg-di-caffe-1.jpg","width":1024,"height":1024,"type":"image\/jpeg"}],"twitter_card":"summary_large_image","twitter_image":"https:\/\/interpim.erresse-shop.it\/Import\/Prodotti\/jura-macchina-da-caffe-ena-8-touch-full-nordic-bianco-inclusi-2-kg-di-caffe-1.jpg","schema":{"@context":"https:\/\/schema.org","@graph":[{"@type":"WebPage","@id":"https:\/\/dev6.erresse-shop.it\/fr\/shop\/petits-electromenagers\/machines-cafe\/automatique\/jura-machine-a-cafe-ena-8-touch-full-nordic-blanc-dont-2-kg-de-cafe\/","url":"https:\/\/dev6.erresse-shop.it\/fr\/shop\/petits-electromenagers\/machines-cafe\/automatique\/jura-machine-a-cafe-ena-8-touch-full-nordic-blanc-dont-2-kg-de-cafe\/","name":"JURA Machine \u00e0 caf\u00e9 ENA 8 Touch Full Nordic Blanc &#8211; dont 2 kg de caf\u00e9 - dev6 Erresse","isPartOf":{"@id":"https:\/\/dev6.erresse-shop.it\/#website"},"primaryImageOfPage":{"@id":"https:\/\/dev6.erresse-shop.it\/fr\/shop\/petits-electromenagers\/machines-cafe\/automatique\/jura-machine-a-cafe-ena-8-touch-full-nordic-blanc-dont-2-kg-de-cafe\/#primaryimage"},"image":{"@id":"https:\/\/dev6.erresse-shop.it\/fr\/shop\/petits-electromenagers\/machines-cafe\/automatique\/jura-machine-a-cafe-ena-8-touch-full-nordic-blanc-dont-2-kg-de-cafe\/#primaryimage"},"thumbnailUrl":"https:\/\/i2.wp.com\/interpim.erresse-shop.it\/Import\/Prodotti\/jura-macchina-da-caffe-ena-8-touch-full-nordic-bianco-inclusi-2-kg-di-caffe-1.jpg?ssl=1","datePublished":"2026-04-10T13:31:07+00:00","description":"La petite machine aux grandes performances \u00cates-vous \u00e0 la recherche d\u2019une exp\u00e9rience caf\u00e9 parfaite sans avoir besoin de beaucoup d\u2019espace ? L\u2019ENA 8","breadcrumb":{"@id":"https:\/\/dev6.erresse-shop.it\/fr\/shop\/petits-electromenagers\/machines-cafe\/automatique\/jura-machine-a-cafe-ena-8-touch-full-nordic-blanc-dont-2-kg-de-cafe\/#breadcrumb"},"inLanguage":"fr-FR","potentialAction":[{"@type":"ReadAction","target":["https:\/\/dev6.erresse-shop.it\/fr\/shop\/petits-electromenagers\/machines-cafe\/automatique\/jura-machine-a-cafe-ena-8-touch-full-nordic-blanc-dont-2-kg-de-cafe\/"]}]},{"@type":"ImageObject","inLanguage":"fr-FR","@id":"https:\/\/dev6.erresse-shop.it\/fr\/shop\/petits-electromenagers\/machines-cafe\/automatique\/jura-machine-a-cafe-ena-8-touch-full-nordic-blanc-dont-2-kg-de-cafe\/#primaryimage","url":"https:\/\/i2.wp.com\/interpim.erresse-shop.it\/Import\/Prodotti\/jura-macchina-da-caffe-ena-8-touch-full-nordic-bianco-inclusi-2-kg-di-caffe-1.jpg?ssl=1","contentUrl":"https:\/\/i2.wp.com\/interpim.erresse-shop.it\/Import\/Prodotti\/jura-macchina-da-caffe-ena-8-touch-full-nordic-bianco-inclusi-2-kg-di-caffe-1.jpg?ssl=1"},{"@type":"BreadcrumbList","@id":"https:\/\/dev6.erresse-shop.it\/fr\/shop\/petits-electromenagers\/machines-cafe\/automatique\/jura-machine-a-cafe-ena-8-touch-full-nordic-blanc-dont-2-kg-de-cafe\/#breadcrumb","itemListElement":[{"@type":"ListItem","position":1,"name":"Home","item":"https:\/\/dev6.erresse-shop.it\/"},{"@type":"ListItem","position":2,"name":"Boutique","item":"https:\/\/dev6.erresse-shop.it\/shop\/"},{"@type":"ListItem","position":3,"name":"JURA Machine \u00e0 caf\u00e9 ENA 8 Touch Full Nordic Blanc &#8211; dont 2 kg de caf\u00e9"}]},{"@type":"WebSite","@id":"https:\/\/dev6.erresse-shop.it\/#website","url":"https:\/\/dev6.erresse-shop.it\/","name":"Erresse Shop","description":"","publisher":{"@id":"https:\/\/dev6.erresse-shop.it\/#organization"},"potentialAction":[{"@type":"SearchAction","target":{"@type":"EntryPoint","urlTemplate":"https:\/\/dev6.erresse-shop.it\/?s={search_term_string}"},"query-input":{"@type":"PropertyValueSpecification","valueRequired":true,"valueName":"search_term_string"}}],"inLanguage":"fr-FR"},{"@type":"Organization","@id":"https:\/\/dev6.erresse-shop.it\/#organization","name":"Erresse Shop","url":"https:\/\/dev6.erresse-shop.it\/","logo":{"@type":"ImageObject","inLanguage":"fr-FR","@id":"https:\/\/dev6.erresse-shop.it\/#\/schema\/logo\/image\/","url":"https:\/\/dev6.erresse-shop.it\/wp-content\/uploads\/2025\/01\/LOGO-ERRESSE-CLASSICO.svg","contentUrl":"https:\/\/dev6.erresse-shop.it\/wp-content\/uploads\/2025\/01\/LOGO-ERRESSE-CLASSICO.svg","caption":"Erresse Shop"},"image":{"@id":"https:\/\/dev6.erresse-shop.it\/#\/schema\/logo\/image\/"}}]}},"df_price":929.95,"df_sale_price":929.95,"df_regular_price":1249,"df_image_link":"https:\/\/i2.wp.com\/interpim.erresse-shop.it\/Import\/Prodotti\/jura-macchina-da-caffe-ena-8-touch-full-nordic-bianco-inclusi-2-kg-di-caffe-1.jpg?resize=300,300&ssl=1","fifu_image_url":"https:\/\/interpim.erresse-shop.it\/Import\/Prodotti\/jura-macchina-da-caffe-ena-8-touch-full-nordic-bianco-inclusi-2-kg-di-caffe-1.jpg","_links":{"self":[{"href":"https:\/\/dev6.erresse-shop.it\/fr\/wp-json\/wp\/v2\/product\/65056","targetHints":{"allow":["GET"]}}],"collection":[{"href":"https:\/\/dev6.erresse-shop.it\/fr\/wp-json\/wp\/v2\/product"}],"about":[{"href":"https:\/\/dev6.erresse-shop.it\/fr\/wp-json\/wp\/v2\/types\/product"}],"wp:featuredmedia":[{"embeddable":true,"href":"https:\/\/dev6.erresse-shop.it\/fr\/wp-json\/wp\/v2\/media\/6339868"}],"wp:attachment":[{"href":"https:\/\/dev6.erresse-shop.it\/fr\/wp-json\/wp\/v2\/media?parent=65056"}],"wp:term":[{"taxonomy":"product_cat","embeddable":true,"href":"https:\/\/dev6.erresse-shop.it\/fr\/wp-json\/wp\/v2\/product_cat?post=65056"},{"taxonomy":"product_tag","embeddable":true,"href":"https:\/\/dev6.erresse-shop.it\/fr\/wp-json\/wp\/v2\/product_tag?post=65056"}],"curies":[{"name":"wp","href":"https:\/\/api.w.org\/{rel}","templated":true}]}}