{"id":65054,"date":"2026-04-12T11:51:10","date_gmt":"2026-04-12T09:51:10","guid":{"rendered":"https:\/\/dev6.erresse-shop.it\/shop\/non%20class\u00e9\/jura-machine-a-cafe-c8-piano-black\/"},"modified":"2025-07-04T18:38:58","modified_gmt":"2025-07-04T16:38:58","slug":"jura-machine-a-cafe-c8-piano-black","status":"publish","type":"product","link":"https:\/\/dev6.erresse-shop.it\/fr\/shop\/petits-electromenagers\/machines-cafe\/automatique\/jura-machine-a-cafe-c8-piano-black\/","title":{"rendered":"JURA Machine \u00e0 caf\u00e9 C8 Piano Black"},"content":{"rendered":"<p>Format compact, go\u00fbt incroyable<\/p>\n<p>La C8 repr\u00e9sente le nouveau segment \u00e9conomique premium de JURA. Une machine compacte aux performances maximales, con\u00e7ue avec des \u00e9l\u00e9ments de style du segment premium pour offrir une exp\u00e9rience caf\u00e9 particuli\u00e8re.<\/p>\n<p>En adoptant une approche minimaliste, ma\u00eetrisez toutes les sp\u00e9cialit\u00e9s classiques : caf\u00e9, expresso, cappuccino et latte. Equip\u00e9 du broyeur Professional Aroma Grinder (P.A.G.), il garantit un maximum de saveur. Avec le C8, il est facile d\u2019ajuster non seulement la quantit\u00e9 de caf\u00e9 et de lait, mais aussi l\u2019intensit\u00e9 selon vos go\u00fbts.<\/p>\n<p>Les impressionnantes lignes convexes et concaves de la C8 refl\u00e8tent visuellement son ADN du segment haut de gamme. Le panneau de commande Easy Control et les boutons sobres garantissent un fonctionnement simple et intuitif.<\/p>\n<p>Avec Wi-Fi Connect et l\u2019application J.O.E.\u00ae, le C8 peut \u00eatre utilis\u00e9 via un smartphone ou une tablette et dispose de nombreux extras qui font passer l\u2019exp\u00e9rience utilisateur \u00e0 un niveau sup\u00e9rieur.<\/p>\n<p>Pure gourmandise<br \/>\nLe C8 est de taille compacte, mais sert un caf\u00e9 de premi\u00e8re classe. Gr\u00e2ce \u00e0 l\u2019unit\u00e9 d\u2019infusion pleine grandeur \u00e0 chambre d\u2019infusion variable, d\u2019une capacit\u00e9 de 5 \u00e0 16 g, la C8 capture tous les ar\u00f4mes du caf\u00e9 dans une seule tasse. Le processus d\u2019extraction par impulsions (P.E.P.\u00ae) garantit que chaque expresso est servi parfaitement selon les normes du barista, tandis qu\u2019il est possible d\u2019ajouter votre touche personnelle avec des r\u00e9glages individuels pour la consistance de la mouture et les quantit\u00e9s d\u2019eau et de lait. Avec la fonction deux tasses, vous pouvez pr\u00e9parer deux tasses d\u2019espresso ou de caf\u00e9 en m\u00eame temps \u2013 parfait pour partager des moments caf\u00e9.<\/p>\n<p>Une fine mousse de lait sur simple pression d\u2019un bouton<br \/>\nLa mousse de lait a\u00e9r\u00e9e laisse transpara\u00eetre la saveur d\u2019un latte ou ajoute la finition parfaite \u00e0 un cappuccino. Le C8 pr\u00e9pare ces deux classiques avec de la mousse de lait fra\u00eeche sur simple pression d\u2019un bouton, offrant une qualit\u00e9 sans compromis. La technologie de mousse fine, qui fait mousser le lait deux fois dans deux chambres s\u00e9par\u00e9es, cr\u00e9e une texture l\u00e9g\u00e8re et une mousse de lait tr\u00e8s particuli\u00e8re.<\/p>\n<p>Design sophistiqu\u00e9 et compact<br \/>\nInspir\u00e9e de notre segment premium, la C8 pr\u00e9sente un design ondul\u00e9 sophistiqu\u00e9 et intemporel : des structures incurv\u00e9es caract\u00e9risent le r\u00e9servoir d\u2019eau et mettent en valeur la calandre chrom\u00e9e. L\u2019\u00e9lan des vagues se poursuit dans la face avant convexe-concave, qui r\u00e9sume le langage de conception du C8 dans une unit\u00e9 compacte. Avec un design clair et une simplicit\u00e9 non conventionnelle, le C8 atteint des performances impressionnantes dans un format compact.<\/p>\n<p>Sp\u00e9cifications techniques<\/p>\n<p>Double bec r\u00e9glable en hauteur et en largeur : 75 \u2013 115 mm \/ \u2013<br \/>\nCapacit\u00e9 du r\u00e9servoir d\u2019eau\u00a0: 1,6 l<br \/>\nCapacit\u00e9 du r\u00e9cipient \u00e0 grains de caf\u00e9\u00a0: 200 g<br \/>\nR\u00e9cipient \u00e0 marc de caf\u00e9\u00a0: (environ portions) 16<br \/>\nLongueur du c\u00e2ble\u00a0: 1,1 m<br \/>\nTension \/ puissance\u00a0: 230 V ~ \/ 1450 W<br \/>\nPuissance en veille\u00a0: \u2264 0,5 W<br \/>\nPoids\u00a0: 10,3 kg<br \/>\nDimensions (L \u00d7 H \u00d7 P)\u00a0: 26\u2009\u00d7\u200932,5\u2009\u00d7\u200943,7 cm<\/p>\n<p>Pays producteur Fabriqu\u00e9 au Portugal<br \/>\nAnn\u00e9e mod\u00e8le 2024<\/p>\n","protected":false},"excerpt":{"rendered":"<p>Format compact, go\u00fbt incroyable La C8 repr\u00e9sente le nouveau segment \u00e9conomique premium de JURA. Une machine compacte aux performances maximales, con\u00e7ue avec des \u00e9l\u00e9ments de style du segment premium pour offrir une exp\u00e9rience caf\u00e9 particuli\u00e8re. En adoptant une approche minimaliste, ma\u00eetrisez toutes les sp\u00e9cialit\u00e9s classiques : caf\u00e9, expresso, cappuccino et latte. Equip\u00e9 du broyeur Professional [&hellip;]<\/p>\n","protected":false},"featured_media":6370185,"template":"","meta":{"_acf_changed":false},"product_cat":[12076,12063,12055],"product_tag":[],"class_list":{"0":"post-65054","1":"product","2":"type-product","3":"status-publish","4":"has-post-thumbnail","6":"product_cat-automatique","7":"product_cat-machines-cafe","8":"product_cat-petits-electromenagers","10":"first","11":"instock","12":"taxable","13":"shipping-taxable","14":"product-type-simple","swatches":"rey-swatches","show_selected":"","stretch_labels":"rey-swatches--stretch-labels"},"acf":[],"yoast_head":"<!-- This site is optimized with the Yoast SEO plugin v25.4 - https:\/\/yoast.com\/wordpress\/plugins\/seo\/ -->\n<title>JURA Machine \u00e0 caf\u00e9 C8 Piano Black - dev6 Erresse<\/title>\n<meta name=\"description\" content=\"Format compact, go\u00fbt incroyable La C8 repr\u00e9sente le nouveau segment \u00e9conomique premium de JURA. Une machine compacte aux performances maximales, con\u00e7ue\" \/>\n<meta name=\"robots\" content=\"noindex, follow, max-snippet:-1, max-image-preview:large, max-video-preview:-1\" \/>\n<meta property=\"og:locale\" content=\"fr_FR\" \/>\n<meta property=\"og:type\" content=\"article\" \/>\n<meta property=\"og:title\" content=\"JURA Machine \u00e0 caf\u00e9 C8 Piano Black - dev6 Erresse\" \/>\n<meta property=\"og:description\" content=\"Format compact, go\u00fbt incroyable La C8 repr\u00e9sente le nouveau segment \u00e9conomique premium de JURA. Une machine compacte aux performances maximales, con\u00e7ue\" \/>\n<meta property=\"og:url\" content=\"https:\/\/dev6.erresse-shop.it\/fr\/shop\/petits-electromenagers\/machines-cafe\/automatique\/jura-machine-a-cafe-c8-piano-black\/\" \/>\n<meta property=\"og:site_name\" content=\"dev6 Erresse\" \/>\n<meta property=\"og:image\" content=\"https:\/\/interpim.erresse-shop.it\/Import\/Prodotti\/jura-macchina-da-caffe-c8-piano-nero.jpg\" \/><meta property=\"og:image\" content=\"https:\/\/interpim.erresse-shop.it\/Import\/Prodotti\/jura-macchina-da-caffe-c8-piano-nero.jpg\" \/>\n\t<meta property=\"og:image:width\" content=\"1024\" \/>\n\t<meta property=\"og:image:height\" content=\"1024\" \/>\n\t<meta property=\"og:image:type\" content=\"image\/jpeg\" \/>\n<meta name=\"twitter:card\" content=\"summary_large_image\" \/>\n<meta name=\"twitter:image\" content=\"https:\/\/interpim.erresse-shop.it\/Import\/Prodotti\/jura-macchina-da-caffe-c8-piano-nero.jpg\" \/>\n<script type=\"application\/ld+json\" class=\"yoast-schema-graph\">{\"@context\":\"https:\/\/schema.org\",\"@graph\":[{\"@type\":\"WebPage\",\"@id\":\"https:\/\/dev6.erresse-shop.it\/fr\/shop\/petits-electromenagers\/machines-cafe\/automatique\/jura-machine-a-cafe-c8-piano-black\/\",\"url\":\"https:\/\/dev6.erresse-shop.it\/fr\/shop\/petits-electromenagers\/machines-cafe\/automatique\/jura-machine-a-cafe-c8-piano-black\/\",\"name\":\"JURA Machine \u00e0 caf\u00e9 C8 Piano Black - dev6 Erresse\",\"isPartOf\":{\"@id\":\"https:\/\/dev6.erresse-shop.it\/#website\"},\"primaryImageOfPage\":{\"@id\":\"https:\/\/dev6.erresse-shop.it\/fr\/shop\/petits-electromenagers\/machines-cafe\/automatique\/jura-machine-a-cafe-c8-piano-black\/#primaryimage\"},\"image\":{\"@id\":\"https:\/\/dev6.erresse-shop.it\/fr\/shop\/petits-electromenagers\/machines-cafe\/automatique\/jura-machine-a-cafe-c8-piano-black\/#primaryimage\"},\"thumbnailUrl\":\"https:\/\/i2.wp.com\/interpim.erresse-shop.it\/Import\/Prodotti\/jura-macchina-da-caffe-c8-piano-nero.jpg?ssl=1\",\"datePublished\":\"2026-04-12T09:51:10+00:00\",\"description\":\"Format compact, go\u00fbt incroyable La C8 repr\u00e9sente le nouveau segment \u00e9conomique premium de JURA. Une machine compacte aux performances maximales, con\u00e7ue\",\"breadcrumb\":{\"@id\":\"https:\/\/dev6.erresse-shop.it\/fr\/shop\/petits-electromenagers\/machines-cafe\/automatique\/jura-machine-a-cafe-c8-piano-black\/#breadcrumb\"},\"inLanguage\":\"fr-FR\",\"potentialAction\":[{\"@type\":\"ReadAction\",\"target\":[\"https:\/\/dev6.erresse-shop.it\/fr\/shop\/petits-electromenagers\/machines-cafe\/automatique\/jura-machine-a-cafe-c8-piano-black\/\"]}]},{\"@type\":\"ImageObject\",\"inLanguage\":\"fr-FR\",\"@id\":\"https:\/\/dev6.erresse-shop.it\/fr\/shop\/petits-electromenagers\/machines-cafe\/automatique\/jura-machine-a-cafe-c8-piano-black\/#primaryimage\",\"url\":\"https:\/\/i2.wp.com\/interpim.erresse-shop.it\/Import\/Prodotti\/jura-macchina-da-caffe-c8-piano-nero.jpg?ssl=1\",\"contentUrl\":\"https:\/\/i2.wp.com\/interpim.erresse-shop.it\/Import\/Prodotti\/jura-macchina-da-caffe-c8-piano-nero.jpg?ssl=1\"},{\"@type\":\"BreadcrumbList\",\"@id\":\"https:\/\/dev6.erresse-shop.it\/fr\/shop\/petits-electromenagers\/machines-cafe\/automatique\/jura-machine-a-cafe-c8-piano-black\/#breadcrumb\",\"itemListElement\":[{\"@type\":\"ListItem\",\"position\":1,\"name\":\"Home\",\"item\":\"https:\/\/dev6.erresse-shop.it\/\"},{\"@type\":\"ListItem\",\"position\":2,\"name\":\"Boutique\",\"item\":\"https:\/\/dev6.erresse-shop.it\/shop\/\"},{\"@type\":\"ListItem\",\"position\":3,\"name\":\"JURA Machine \u00e0 caf\u00e9 C8 Piano Black\"}]},{\"@type\":\"WebSite\",\"@id\":\"https:\/\/dev6.erresse-shop.it\/#website\",\"url\":\"https:\/\/dev6.erresse-shop.it\/\",\"name\":\"Erresse Shop\",\"description\":\"\",\"publisher\":{\"@id\":\"https:\/\/dev6.erresse-shop.it\/#organization\"},\"potentialAction\":[{\"@type\":\"SearchAction\",\"target\":{\"@type\":\"EntryPoint\",\"urlTemplate\":\"https:\/\/dev6.erresse-shop.it\/?s={search_term_string}\"},\"query-input\":{\"@type\":\"PropertyValueSpecification\",\"valueRequired\":true,\"valueName\":\"search_term_string\"}}],\"inLanguage\":\"fr-FR\"},{\"@type\":\"Organization\",\"@id\":\"https:\/\/dev6.erresse-shop.it\/#organization\",\"name\":\"Erresse Shop\",\"url\":\"https:\/\/dev6.erresse-shop.it\/\",\"logo\":{\"@type\":\"ImageObject\",\"inLanguage\":\"fr-FR\",\"@id\":\"https:\/\/dev6.erresse-shop.it\/#\/schema\/logo\/image\/\",\"url\":\"https:\/\/dev6.erresse-shop.it\/wp-content\/uploads\/2025\/01\/LOGO-ERRESSE-CLASSICO.svg\",\"contentUrl\":\"https:\/\/dev6.erresse-shop.it\/wp-content\/uploads\/2025\/01\/LOGO-ERRESSE-CLASSICO.svg\",\"caption\":\"Erresse Shop\"},\"image\":{\"@id\":\"https:\/\/dev6.erresse-shop.it\/#\/schema\/logo\/image\/\"}}]}<\/script>\n<!-- \/ Yoast SEO plugin. -->","yoast_head_json":{"title":"JURA Machine \u00e0 caf\u00e9 C8 Piano Black - dev6 Erresse","description":"Format compact, go\u00fbt incroyable La C8 repr\u00e9sente le nouveau segment \u00e9conomique premium de JURA. Une machine compacte aux performances maximales, con\u00e7ue","robots":{"index":"noindex","follow":"follow","max-snippet":"max-snippet:-1","max-image-preview":"max-image-preview:large","max-video-preview":"max-video-preview:-1"},"og_locale":"fr_FR","og_type":"article","og_title":"JURA Machine \u00e0 caf\u00e9 C8 Piano Black - dev6 Erresse","og_description":"Format compact, go\u00fbt incroyable La C8 repr\u00e9sente le nouveau segment \u00e9conomique premium de JURA. Une machine compacte aux performances maximales, con\u00e7ue","og_url":"https:\/\/dev6.erresse-shop.it\/fr\/shop\/petits-electromenagers\/machines-cafe\/automatique\/jura-machine-a-cafe-c8-piano-black\/","og_site_name":"dev6 Erresse","og_image":[{"url":"https:\/\/interpim.erresse-shop.it\/Import\/Prodotti\/jura-macchina-da-caffe-c8-piano-nero.jpg","type":"","width":"","height":""},{"url":"https:\/\/interpim.erresse-shop.it\/Import\/Prodotti\/jura-macchina-da-caffe-c8-piano-nero.jpg","width":1024,"height":1024,"type":"image\/jpeg"}],"twitter_card":"summary_large_image","twitter_image":"https:\/\/interpim.erresse-shop.it\/Import\/Prodotti\/jura-macchina-da-caffe-c8-piano-nero.jpg","schema":{"@context":"https:\/\/schema.org","@graph":[{"@type":"WebPage","@id":"https:\/\/dev6.erresse-shop.it\/fr\/shop\/petits-electromenagers\/machines-cafe\/automatique\/jura-machine-a-cafe-c8-piano-black\/","url":"https:\/\/dev6.erresse-shop.it\/fr\/shop\/petits-electromenagers\/machines-cafe\/automatique\/jura-machine-a-cafe-c8-piano-black\/","name":"JURA Machine \u00e0 caf\u00e9 C8 Piano Black - dev6 Erresse","isPartOf":{"@id":"https:\/\/dev6.erresse-shop.it\/#website"},"primaryImageOfPage":{"@id":"https:\/\/dev6.erresse-shop.it\/fr\/shop\/petits-electromenagers\/machines-cafe\/automatique\/jura-machine-a-cafe-c8-piano-black\/#primaryimage"},"image":{"@id":"https:\/\/dev6.erresse-shop.it\/fr\/shop\/petits-electromenagers\/machines-cafe\/automatique\/jura-machine-a-cafe-c8-piano-black\/#primaryimage"},"thumbnailUrl":"https:\/\/i2.wp.com\/interpim.erresse-shop.it\/Import\/Prodotti\/jura-macchina-da-caffe-c8-piano-nero.jpg?ssl=1","datePublished":"2026-04-12T09:51:10+00:00","description":"Format compact, go\u00fbt incroyable La C8 repr\u00e9sente le nouveau segment \u00e9conomique premium de JURA. Une machine compacte aux performances maximales, con\u00e7ue","breadcrumb":{"@id":"https:\/\/dev6.erresse-shop.it\/fr\/shop\/petits-electromenagers\/machines-cafe\/automatique\/jura-machine-a-cafe-c8-piano-black\/#breadcrumb"},"inLanguage":"fr-FR","potentialAction":[{"@type":"ReadAction","target":["https:\/\/dev6.erresse-shop.it\/fr\/shop\/petits-electromenagers\/machines-cafe\/automatique\/jura-machine-a-cafe-c8-piano-black\/"]}]},{"@type":"ImageObject","inLanguage":"fr-FR","@id":"https:\/\/dev6.erresse-shop.it\/fr\/shop\/petits-electromenagers\/machines-cafe\/automatique\/jura-machine-a-cafe-c8-piano-black\/#primaryimage","url":"https:\/\/i2.wp.com\/interpim.erresse-shop.it\/Import\/Prodotti\/jura-macchina-da-caffe-c8-piano-nero.jpg?ssl=1","contentUrl":"https:\/\/i2.wp.com\/interpim.erresse-shop.it\/Import\/Prodotti\/jura-macchina-da-caffe-c8-piano-nero.jpg?ssl=1"},{"@type":"BreadcrumbList","@id":"https:\/\/dev6.erresse-shop.it\/fr\/shop\/petits-electromenagers\/machines-cafe\/automatique\/jura-machine-a-cafe-c8-piano-black\/#breadcrumb","itemListElement":[{"@type":"ListItem","position":1,"name":"Home","item":"https:\/\/dev6.erresse-shop.it\/"},{"@type":"ListItem","position":2,"name":"Boutique","item":"https:\/\/dev6.erresse-shop.it\/shop\/"},{"@type":"ListItem","position":3,"name":"JURA Machine \u00e0 caf\u00e9 C8 Piano Black"}]},{"@type":"WebSite","@id":"https:\/\/dev6.erresse-shop.it\/#website","url":"https:\/\/dev6.erresse-shop.it\/","name":"Erresse Shop","description":"","publisher":{"@id":"https:\/\/dev6.erresse-shop.it\/#organization"},"potentialAction":[{"@type":"SearchAction","target":{"@type":"EntryPoint","urlTemplate":"https:\/\/dev6.erresse-shop.it\/?s={search_term_string}"},"query-input":{"@type":"PropertyValueSpecification","valueRequired":true,"valueName":"search_term_string"}}],"inLanguage":"fr-FR"},{"@type":"Organization","@id":"https:\/\/dev6.erresse-shop.it\/#organization","name":"Erresse Shop","url":"https:\/\/dev6.erresse-shop.it\/","logo":{"@type":"ImageObject","inLanguage":"fr-FR","@id":"https:\/\/dev6.erresse-shop.it\/#\/schema\/logo\/image\/","url":"https:\/\/dev6.erresse-shop.it\/wp-content\/uploads\/2025\/01\/LOGO-ERRESSE-CLASSICO.svg","contentUrl":"https:\/\/dev6.erresse-shop.it\/wp-content\/uploads\/2025\/01\/LOGO-ERRESSE-CLASSICO.svg","caption":"Erresse Shop"},"image":{"@id":"https:\/\/dev6.erresse-shop.it\/#\/schema\/logo\/image\/"}}]}},"df_price":"","df_sale_price":"","df_regular_price":"","df_image_link":"https:\/\/i2.wp.com\/interpim.erresse-shop.it\/Import\/Prodotti\/jura-macchina-da-caffe-c8-piano-nero.jpg?resize=300,300&ssl=1","fifu_image_url":"https:\/\/interpim.erresse-shop.it\/Import\/Prodotti\/jura-macchina-da-caffe-c8-piano-nero.jpg","_links":{"self":[{"href":"https:\/\/dev6.erresse-shop.it\/fr\/wp-json\/wp\/v2\/product\/65054","targetHints":{"allow":["GET"]}}],"collection":[{"href":"https:\/\/dev6.erresse-shop.it\/fr\/wp-json\/wp\/v2\/product"}],"about":[{"href":"https:\/\/dev6.erresse-shop.it\/fr\/wp-json\/wp\/v2\/types\/product"}],"wp:featuredmedia":[{"embeddable":true,"href":"https:\/\/dev6.erresse-shop.it\/fr\/wp-json\/wp\/v2\/media\/6370185"}],"wp:attachment":[{"href":"https:\/\/dev6.erresse-shop.it\/fr\/wp-json\/wp\/v2\/media?parent=65054"}],"wp:term":[{"taxonomy":"product_cat","embeddable":true,"href":"https:\/\/dev6.erresse-shop.it\/fr\/wp-json\/wp\/v2\/product_cat?post=65054"},{"taxonomy":"product_tag","embeddable":true,"href":"https:\/\/dev6.erresse-shop.it\/fr\/wp-json\/wp\/v2\/product_tag?post=65054"}],"curies":[{"name":"wp","href":"https:\/\/api.w.org\/{rel}","templated":true}]}}