{"id":65052,"date":"2026-04-12T11:51:10","date_gmt":"2026-04-12T09:51:10","guid":{"rendered":"https:\/\/dev6.erresse-shop.it\/shop\/non%20class\u00e9\/gastrolux-casserole-carree-induction-28-cm\/"},"modified":"2026-01-16T22:16:12","modified_gmt":"2026-01-16T21:16:12","slug":"gastrolux-casserole-carree-induction-28-cm","status":"publish","type":"product","link":"https:\/\/dev6.erresse-shop.it\/fr\/shop\/poeles-pots\/casseroles\/gastrolux-casserole-carree-induction-28-cm\/","title":{"rendered":"GASTROLUX Casserole carr\u00e9e Induction 28 cm"},"content":{"rendered":"<p>Si vous devez nourrir de nombreux estomacs affam\u00e9s, une d\u00e9licieuse cocotte \u00e0 tarte est toujours une bonne id\u00e9e, parce qu\u2019elle est rapide \u00e0 pr\u00e9parer et qu\u2019elle a toujours bon go\u00fbt. Cette cocotte GASTROLUX est parfaite pour les petits g\u00e2teaux, mais aussi pour les r\u00f4tis de f\u00eate. Le bord extra haut emp\u00eache la sauce d\u2019\u00e9clabousser ou m\u00eame de d\u00e9border. La technique unique de finition de la surface permet d\u2019\u00e9conomiser du temps et des nerfs lors du lavage de la vaisselle, car elle ne laisse aucun r\u00e9sidu s\u2019incruster.<\/p>\n<p>Aluminium moul\u00e9 sous pression durable<br \/>\nBase de 8 mm d\u2019\u00e9paisseur pour une r\u00e9partition optimale de la chaleur<br \/>\nNe se d\u00e9forme pas, m\u00eame \u00e0 haute temp\u00e9rature<br \/>\nSurface raffin\u00e9e facile \u00e0 nettoyer<br \/>\nR\u00e9siste au four jusqu\u2019\u00e0 240 \u00b0C<\/p>\n<p>Dimensions (L x P x H) : 28 x 28 x 10 cm<\/p>\n","protected":false},"excerpt":{"rendered":"<p>Si vous devez nourrir de nombreux estomacs affam\u00e9s, une d\u00e9licieuse cocotte \u00e0 tarte est toujours une bonne id\u00e9e, parce qu\u2019elle est rapide \u00e0 pr\u00e9parer et qu\u2019elle a toujours bon go\u00fbt. Cette cocotte GASTROLUX est parfaite pour les petits g\u00e2teaux, mais aussi pour les r\u00f4tis de f\u00eate. Le bord extra haut emp\u00eache la sauce d\u2019\u00e9clabousser ou [&hellip;]<\/p>\n","protected":false},"featured_media":6370180,"template":"","meta":{"_acf_changed":false},"product_cat":[12001,11667,11991],"product_tag":[],"class_list":{"0":"post-65052","1":"product","2":"type-product","3":"status-publish","4":"has-post-thumbnail","6":"product_cat-casseroles","7":"product_cat-padelle-pentole","8":"product_cat-poeles-pots","10":"first","11":"instock","12":"sale","13":"taxable","14":"shipping-taxable","15":"purchasable","16":"product-type-simple","swatches":"rey-swatches","show_selected":"","stretch_labels":"rey-swatches--stretch-labels"},"acf":[],"yoast_head":"<!-- This site is optimized with the Yoast SEO plugin v25.4 - https:\/\/yoast.com\/wordpress\/plugins\/seo\/ -->\n<title>GASTROLUX Casserole carr\u00e9e Induction 28 cm - dev6 Erresse<\/title>\n<meta name=\"description\" content=\"Si vous devez nourrir de nombreux estomacs affam\u00e9s, une d\u00e9licieuse cocotte \u00e0 tarte est toujours une bonne id\u00e9e, parce qu\u2019elle est rapide \u00e0 pr\u00e9parer et\" \/>\n<meta name=\"robots\" content=\"noindex, follow, max-snippet:-1, max-image-preview:large, max-video-preview:-1\" \/>\n<meta property=\"og:locale\" content=\"fr_FR\" \/>\n<meta property=\"og:type\" content=\"article\" \/>\n<meta property=\"og:title\" content=\"GASTROLUX Casserole carr\u00e9e Induction 28 cm - dev6 Erresse\" \/>\n<meta property=\"og:description\" content=\"Si vous devez nourrir de nombreux estomacs affam\u00e9s, une d\u00e9licieuse cocotte \u00e0 tarte est toujours une bonne id\u00e9e, parce qu\u2019elle est rapide \u00e0 pr\u00e9parer et\" \/>\n<meta property=\"og:url\" content=\"https:\/\/dev6.erresse-shop.it\/fr\/shop\/poeles-pots\/casseroles\/gastrolux-casserole-carree-induction-28-cm\/\" \/>\n<meta property=\"og:site_name\" content=\"dev6 Erresse\" \/>\n<meta property=\"og:image\" content=\"https:\/\/interpim.erresse-shop.it\/Import\/Prodotti\/gastrolux-casseruola-quadrata-induzione-28-cm.jpg\" \/><meta property=\"og:image\" content=\"https:\/\/interpim.erresse-shop.it\/Import\/Prodotti\/gastrolux-casseruola-quadrata-induzione-28-cm.jpg\" \/>\n\t<meta property=\"og:image:width\" content=\"1024\" \/>\n\t<meta property=\"og:image:height\" content=\"1024\" \/>\n\t<meta property=\"og:image:type\" content=\"image\/jpeg\" \/>\n<meta name=\"twitter:card\" content=\"summary_large_image\" \/>\n<meta name=\"twitter:image\" content=\"https:\/\/interpim.erresse-shop.it\/Import\/Prodotti\/gastrolux-casseruola-quadrata-induzione-28-cm.jpg\" \/>\n<script type=\"application\/ld+json\" class=\"yoast-schema-graph\">{\"@context\":\"https:\/\/schema.org\",\"@graph\":[{\"@type\":\"WebPage\",\"@id\":\"https:\/\/dev6.erresse-shop.it\/fr\/shop\/poeles-pots\/casseroles\/gastrolux-casserole-carree-induction-28-cm\/\",\"url\":\"https:\/\/dev6.erresse-shop.it\/fr\/shop\/poeles-pots\/casseroles\/gastrolux-casserole-carree-induction-28-cm\/\",\"name\":\"GASTROLUX Casserole carr\u00e9e Induction 28 cm - dev6 Erresse\",\"isPartOf\":{\"@id\":\"https:\/\/dev6.erresse-shop.it\/#website\"},\"primaryImageOfPage\":{\"@id\":\"https:\/\/dev6.erresse-shop.it\/fr\/shop\/poeles-pots\/casseroles\/gastrolux-casserole-carree-induction-28-cm\/#primaryimage\"},\"image\":{\"@id\":\"https:\/\/dev6.erresse-shop.it\/fr\/shop\/poeles-pots\/casseroles\/gastrolux-casserole-carree-induction-28-cm\/#primaryimage\"},\"thumbnailUrl\":\"https:\/\/i1.wp.com\/interpim.erresse-shop.it\/Import\/Prodotti\/gastrolux-casseruola-quadrata-induzione-28-cm.jpg?ssl=1\",\"datePublished\":\"2026-04-12T09:51:10+00:00\",\"description\":\"Si vous devez nourrir de nombreux estomacs affam\u00e9s, une d\u00e9licieuse cocotte \u00e0 tarte est toujours une bonne id\u00e9e, parce qu\u2019elle est rapide \u00e0 pr\u00e9parer et\",\"breadcrumb\":{\"@id\":\"https:\/\/dev6.erresse-shop.it\/fr\/shop\/poeles-pots\/casseroles\/gastrolux-casserole-carree-induction-28-cm\/#breadcrumb\"},\"inLanguage\":\"fr-FR\",\"potentialAction\":[{\"@type\":\"ReadAction\",\"target\":[\"https:\/\/dev6.erresse-shop.it\/fr\/shop\/poeles-pots\/casseroles\/gastrolux-casserole-carree-induction-28-cm\/\"]}]},{\"@type\":\"ImageObject\",\"inLanguage\":\"fr-FR\",\"@id\":\"https:\/\/dev6.erresse-shop.it\/fr\/shop\/poeles-pots\/casseroles\/gastrolux-casserole-carree-induction-28-cm\/#primaryimage\",\"url\":\"https:\/\/i1.wp.com\/interpim.erresse-shop.it\/Import\/Prodotti\/gastrolux-casseruola-quadrata-induzione-28-cm.jpg?ssl=1\",\"contentUrl\":\"https:\/\/i1.wp.com\/interpim.erresse-shop.it\/Import\/Prodotti\/gastrolux-casseruola-quadrata-induzione-28-cm.jpg?ssl=1\"},{\"@type\":\"BreadcrumbList\",\"@id\":\"https:\/\/dev6.erresse-shop.it\/fr\/shop\/poeles-pots\/casseroles\/gastrolux-casserole-carree-induction-28-cm\/#breadcrumb\",\"itemListElement\":[{\"@type\":\"ListItem\",\"position\":1,\"name\":\"Home\",\"item\":\"https:\/\/dev6.erresse-shop.it\/\"},{\"@type\":\"ListItem\",\"position\":2,\"name\":\"Boutique\",\"item\":\"https:\/\/dev6.erresse-shop.it\/shop\/\"},{\"@type\":\"ListItem\",\"position\":3,\"name\":\"GASTROLUX Casserole carr\u00e9e Induction 28 cm\"}]},{\"@type\":\"WebSite\",\"@id\":\"https:\/\/dev6.erresse-shop.it\/#website\",\"url\":\"https:\/\/dev6.erresse-shop.it\/\",\"name\":\"Erresse Shop\",\"description\":\"\",\"publisher\":{\"@id\":\"https:\/\/dev6.erresse-shop.it\/#organization\"},\"potentialAction\":[{\"@type\":\"SearchAction\",\"target\":{\"@type\":\"EntryPoint\",\"urlTemplate\":\"https:\/\/dev6.erresse-shop.it\/?s={search_term_string}\"},\"query-input\":{\"@type\":\"PropertyValueSpecification\",\"valueRequired\":true,\"valueName\":\"search_term_string\"}}],\"inLanguage\":\"fr-FR\"},{\"@type\":\"Organization\",\"@id\":\"https:\/\/dev6.erresse-shop.it\/#organization\",\"name\":\"Erresse Shop\",\"url\":\"https:\/\/dev6.erresse-shop.it\/\",\"logo\":{\"@type\":\"ImageObject\",\"inLanguage\":\"fr-FR\",\"@id\":\"https:\/\/dev6.erresse-shop.it\/#\/schema\/logo\/image\/\",\"url\":\"https:\/\/dev6.erresse-shop.it\/wp-content\/uploads\/2025\/01\/LOGO-ERRESSE-CLASSICO.svg\",\"contentUrl\":\"https:\/\/dev6.erresse-shop.it\/wp-content\/uploads\/2025\/01\/LOGO-ERRESSE-CLASSICO.svg\",\"caption\":\"Erresse Shop\"},\"image\":{\"@id\":\"https:\/\/dev6.erresse-shop.it\/#\/schema\/logo\/image\/\"}}]}<\/script>\n<!-- \/ Yoast SEO plugin. -->","yoast_head_json":{"title":"GASTROLUX Casserole carr\u00e9e Induction 28 cm - dev6 Erresse","description":"Si vous devez nourrir de nombreux estomacs affam\u00e9s, une d\u00e9licieuse cocotte \u00e0 tarte est toujours une bonne id\u00e9e, parce qu\u2019elle est rapide \u00e0 pr\u00e9parer et","robots":{"index":"noindex","follow":"follow","max-snippet":"max-snippet:-1","max-image-preview":"max-image-preview:large","max-video-preview":"max-video-preview:-1"},"og_locale":"fr_FR","og_type":"article","og_title":"GASTROLUX Casserole carr\u00e9e Induction 28 cm - dev6 Erresse","og_description":"Si vous devez nourrir de nombreux estomacs affam\u00e9s, une d\u00e9licieuse cocotte \u00e0 tarte est toujours une bonne id\u00e9e, parce qu\u2019elle est rapide \u00e0 pr\u00e9parer et","og_url":"https:\/\/dev6.erresse-shop.it\/fr\/shop\/poeles-pots\/casseroles\/gastrolux-casserole-carree-induction-28-cm\/","og_site_name":"dev6 Erresse","og_image":[{"url":"https:\/\/interpim.erresse-shop.it\/Import\/Prodotti\/gastrolux-casseruola-quadrata-induzione-28-cm.jpg","type":"","width":"","height":""},{"url":"https:\/\/interpim.erresse-shop.it\/Import\/Prodotti\/gastrolux-casseruola-quadrata-induzione-28-cm.jpg","width":1024,"height":1024,"type":"image\/jpeg"}],"twitter_card":"summary_large_image","twitter_image":"https:\/\/interpim.erresse-shop.it\/Import\/Prodotti\/gastrolux-casseruola-quadrata-induzione-28-cm.jpg","schema":{"@context":"https:\/\/schema.org","@graph":[{"@type":"WebPage","@id":"https:\/\/dev6.erresse-shop.it\/fr\/shop\/poeles-pots\/casseroles\/gastrolux-casserole-carree-induction-28-cm\/","url":"https:\/\/dev6.erresse-shop.it\/fr\/shop\/poeles-pots\/casseroles\/gastrolux-casserole-carree-induction-28-cm\/","name":"GASTROLUX Casserole carr\u00e9e Induction 28 cm - dev6 Erresse","isPartOf":{"@id":"https:\/\/dev6.erresse-shop.it\/#website"},"primaryImageOfPage":{"@id":"https:\/\/dev6.erresse-shop.it\/fr\/shop\/poeles-pots\/casseroles\/gastrolux-casserole-carree-induction-28-cm\/#primaryimage"},"image":{"@id":"https:\/\/dev6.erresse-shop.it\/fr\/shop\/poeles-pots\/casseroles\/gastrolux-casserole-carree-induction-28-cm\/#primaryimage"},"thumbnailUrl":"https:\/\/i1.wp.com\/interpim.erresse-shop.it\/Import\/Prodotti\/gastrolux-casseruola-quadrata-induzione-28-cm.jpg?ssl=1","datePublished":"2026-04-12T09:51:10+00:00","description":"Si vous devez nourrir de nombreux estomacs affam\u00e9s, une d\u00e9licieuse cocotte \u00e0 tarte est toujours une bonne id\u00e9e, parce qu\u2019elle est rapide \u00e0 pr\u00e9parer et","breadcrumb":{"@id":"https:\/\/dev6.erresse-shop.it\/fr\/shop\/poeles-pots\/casseroles\/gastrolux-casserole-carree-induction-28-cm\/#breadcrumb"},"inLanguage":"fr-FR","potentialAction":[{"@type":"ReadAction","target":["https:\/\/dev6.erresse-shop.it\/fr\/shop\/poeles-pots\/casseroles\/gastrolux-casserole-carree-induction-28-cm\/"]}]},{"@type":"ImageObject","inLanguage":"fr-FR","@id":"https:\/\/dev6.erresse-shop.it\/fr\/shop\/poeles-pots\/casseroles\/gastrolux-casserole-carree-induction-28-cm\/#primaryimage","url":"https:\/\/i1.wp.com\/interpim.erresse-shop.it\/Import\/Prodotti\/gastrolux-casseruola-quadrata-induzione-28-cm.jpg?ssl=1","contentUrl":"https:\/\/i1.wp.com\/interpim.erresse-shop.it\/Import\/Prodotti\/gastrolux-casseruola-quadrata-induzione-28-cm.jpg?ssl=1"},{"@type":"BreadcrumbList","@id":"https:\/\/dev6.erresse-shop.it\/fr\/shop\/poeles-pots\/casseroles\/gastrolux-casserole-carree-induction-28-cm\/#breadcrumb","itemListElement":[{"@type":"ListItem","position":1,"name":"Home","item":"https:\/\/dev6.erresse-shop.it\/"},{"@type":"ListItem","position":2,"name":"Boutique","item":"https:\/\/dev6.erresse-shop.it\/shop\/"},{"@type":"ListItem","position":3,"name":"GASTROLUX Casserole carr\u00e9e Induction 28 cm"}]},{"@type":"WebSite","@id":"https:\/\/dev6.erresse-shop.it\/#website","url":"https:\/\/dev6.erresse-shop.it\/","name":"Erresse Shop","description":"","publisher":{"@id":"https:\/\/dev6.erresse-shop.it\/#organization"},"potentialAction":[{"@type":"SearchAction","target":{"@type":"EntryPoint","urlTemplate":"https:\/\/dev6.erresse-shop.it\/?s={search_term_string}"},"query-input":{"@type":"PropertyValueSpecification","valueRequired":true,"valueName":"search_term_string"}}],"inLanguage":"fr-FR"},{"@type":"Organization","@id":"https:\/\/dev6.erresse-shop.it\/#organization","name":"Erresse Shop","url":"https:\/\/dev6.erresse-shop.it\/","logo":{"@type":"ImageObject","inLanguage":"fr-FR","@id":"https:\/\/dev6.erresse-shop.it\/#\/schema\/logo\/image\/","url":"https:\/\/dev6.erresse-shop.it\/wp-content\/uploads\/2025\/01\/LOGO-ERRESSE-CLASSICO.svg","contentUrl":"https:\/\/dev6.erresse-shop.it\/wp-content\/uploads\/2025\/01\/LOGO-ERRESSE-CLASSICO.svg","caption":"Erresse Shop"},"image":{"@id":"https:\/\/dev6.erresse-shop.it\/#\/schema\/logo\/image\/"}}]}},"df_price":129.95,"df_sale_price":129.95,"df_regular_price":199,"df_image_link":"https:\/\/i1.wp.com\/interpim.erresse-shop.it\/Import\/Prodotti\/gastrolux-casseruola-quadrata-induzione-28-cm.jpg?resize=300,300&ssl=1","fifu_image_url":"https:\/\/interpim.erresse-shop.it\/Import\/Prodotti\/gastrolux-casseruola-quadrata-induzione-28-cm.jpg","_links":{"self":[{"href":"https:\/\/dev6.erresse-shop.it\/fr\/wp-json\/wp\/v2\/product\/65052","targetHints":{"allow":["GET"]}}],"collection":[{"href":"https:\/\/dev6.erresse-shop.it\/fr\/wp-json\/wp\/v2\/product"}],"about":[{"href":"https:\/\/dev6.erresse-shop.it\/fr\/wp-json\/wp\/v2\/types\/product"}],"wp:featuredmedia":[{"embeddable":true,"href":"https:\/\/dev6.erresse-shop.it\/fr\/wp-json\/wp\/v2\/media\/6370180"}],"wp:attachment":[{"href":"https:\/\/dev6.erresse-shop.it\/fr\/wp-json\/wp\/v2\/media?parent=65052"}],"wp:term":[{"taxonomy":"product_cat","embeddable":true,"href":"https:\/\/dev6.erresse-shop.it\/fr\/wp-json\/wp\/v2\/product_cat?post=65052"},{"taxonomy":"product_tag","embeddable":true,"href":"https:\/\/dev6.erresse-shop.it\/fr\/wp-json\/wp\/v2\/product_tag?post=65052"}],"curies":[{"name":"wp","href":"https:\/\/api.w.org\/{rel}","templated":true}]}}