{"id":65042,"date":"2026-04-12T11:51:10","date_gmt":"2026-04-12T09:51:10","guid":{"rendered":"https:\/\/dev6.erresse-shop.it\/shop\/non%20class\u00e9\/staub-cocotte-poivre-jaune-11-cm\/"},"modified":"2025-09-14T05:57:03","modified_gmt":"2025-09-14T03:57:03","slug":"staub-cocotte-poivre-jaune-11-cm","status":"publish","type":"product","link":"https:\/\/dev6.erresse-shop.it\/fr\/shop\/poeles-pots\/marmites-et-cocottes-poeles-pots\/staub-cocotte-poivre-jaune-11-cm\/","title":{"rendered":"STAUB Cocotte Poivre jaune 11 cm"},"content":{"rendered":"<p>Ce bol en c\u00e9ramique est id\u00e9al pour les amateurs de cuisine v\u00e9g\u00e9tarienne qui appr\u00e9cient \u00e9galement le souci du d\u00e9tail. Le design naturaliste en forme de poivron et la couleur jaune intense en font un v\u00e9ritable accroche-regard aussi bien pour la cuisine que pour la table. La cocotte STAUB permet de cuisiner les bonnes portions et apporte le parfum de la nature \u00e0 votre table. Avec cette cocotte STAUB en forme de poivron jaune vous pourrez admirer les couleurs intenses de la nature \u00e0 chaque saison de l\u2019ann\u00e9e directement dans votre cuisine. La po\u00eale en c\u00e9ramique surprend par sa forme naturelle : un design comme s\u2019il venait d\u2019\u00eatre cueilli dans le jardin ! Il peut \u00eatre utilis\u00e9 aussi bien au micro-ondes qu\u2019au four. Une fois la cuisson termin\u00e9e, ce bol en c\u00e9ramique peut \u00eatre lav\u00e9 en toute s\u00e9curit\u00e9 au lave-vaisselle. Le bol a un diam\u00e8tre de 12 cm et une capacit\u00e9 de 0,5 l. Gr\u00e2ce \u00e0 ses petites dimensions, cette petite \u0153uvre d\u2019art convient \u00e9galement comme bol de service, par exemple pour servir une d\u00e9licieuse soupe ou un accompagnement r\u00f4ti ou cuit \u00e0 la vapeur pour de la viande et du poisson. Dans ce bol inspir\u00e9 de la nature de la ligne Garden de STAUB, vous pourrez pr\u00e9parer en un clin d\u2019\u0153il de petits et d\u00e9licieux plats de l\u00e9gumes et gratins.<\/p>\n<p>Conception artistique de poivre \u2013 inspir\u00e9e par la nature<br \/>\nArtisanat traditionnel combin\u00e9 \u00e0 la plus haute qualit\u00e9, fini \u00e0 la main<br \/>\nUn service \u00e9l\u00e9gant et unique en son genre<br \/>\nFabriqu\u00e9 en gr\u00e8s : Id\u00e9al pour une cuisine authentique et des r\u00e9sultats savoureux<br \/>\nIl peut \u00eatre utilis\u00e9 au four et au micro-ondes<br \/>\nMarque : Staub<br \/>\nMat\u00e9riel: C\u00e9ramique<br \/>\nCouleur: Jaune<br \/>\nDimensions : 12 x 15,10 x 13,30<br \/>\nPoids : 0,68kg<\/p>\n","protected":false},"excerpt":{"rendered":"<p>Ce bol en c\u00e9ramique est id\u00e9al pour les amateurs de cuisine v\u00e9g\u00e9tarienne qui appr\u00e9cient \u00e9galement le souci du d\u00e9tail. Le design naturaliste en forme de poivron et la couleur jaune intense en font un v\u00e9ritable accroche-regard aussi bien pour la cuisine que pour la table. La cocotte STAUB permet de cuisiner les bonnes portions et [&hellip;]<\/p>\n","protected":false},"featured_media":6370121,"template":"","meta":{"_acf_changed":false},"product_cat":[12000,11667,11991],"product_tag":[],"class_list":{"0":"post-65042","1":"product","2":"type-product","3":"status-publish","4":"has-post-thumbnail","6":"product_cat-marmites-et-cocottes-poeles-pots","7":"product_cat-padelle-pentole","8":"product_cat-poeles-pots","10":"first","11":"instock","12":"taxable","13":"shipping-taxable","14":"purchasable","15":"product-type-simple","swatches":"rey-swatches","show_selected":"","stretch_labels":"rey-swatches--stretch-labels"},"acf":[],"yoast_head":"<!-- This site is optimized with the Yoast SEO plugin v25.4 - https:\/\/yoast.com\/wordpress\/plugins\/seo\/ -->\n<title>STAUB Cocotte Poivre jaune 11 cm - dev6 Erresse<\/title>\n<meta name=\"description\" content=\"Ce bol en c\u00e9ramique est id\u00e9al pour les amateurs de cuisine v\u00e9g\u00e9tarienne qui appr\u00e9cient \u00e9galement le souci du d\u00e9tail. Le design naturaliste en forme de\" \/>\n<meta name=\"robots\" content=\"noindex, follow, max-snippet:-1, max-image-preview:large, max-video-preview:-1\" \/>\n<meta property=\"og:locale\" content=\"fr_FR\" \/>\n<meta property=\"og:type\" content=\"article\" \/>\n<meta property=\"og:title\" content=\"STAUB Cocotte Poivre jaune 11 cm - dev6 Erresse\" \/>\n<meta property=\"og:description\" content=\"Ce bol en c\u00e9ramique est id\u00e9al pour les amateurs de cuisine v\u00e9g\u00e9tarienne qui appr\u00e9cient \u00e9galement le souci du d\u00e9tail. Le design naturaliste en forme de\" \/>\n<meta property=\"og:url\" content=\"https:\/\/dev6.erresse-shop.it\/fr\/shop\/poeles-pots\/marmites-et-cocottes-poeles-pots\/staub-cocotte-poivre-jaune-11-cm\/\" \/>\n<meta property=\"og:site_name\" content=\"dev6 Erresse\" \/>\n<meta property=\"og:image\" content=\"https:\/\/interpim.erresse-shop.it\/img-catalogo\/staub\/staub-cocotte-peperone-giallo-11-cm.jpg\" \/><meta property=\"og:image\" content=\"https:\/\/interpim.erresse-shop.it\/img-catalogo\/staub\/staub-cocotte-peperone-giallo-11-cm.jpg\" \/>\n\t<meta property=\"og:image:width\" content=\"1024\" \/>\n\t<meta property=\"og:image:height\" content=\"1024\" \/>\n\t<meta property=\"og:image:type\" content=\"image\/jpeg\" \/>\n<meta name=\"twitter:card\" content=\"summary_large_image\" \/>\n<meta name=\"twitter:image\" content=\"https:\/\/interpim.erresse-shop.it\/img-catalogo\/staub\/staub-cocotte-peperone-giallo-11-cm.jpg\" \/>\n<script type=\"application\/ld+json\" class=\"yoast-schema-graph\">{\"@context\":\"https:\/\/schema.org\",\"@graph\":[{\"@type\":\"WebPage\",\"@id\":\"https:\/\/dev6.erresse-shop.it\/fr\/shop\/poeles-pots\/marmites-et-cocottes-poeles-pots\/staub-cocotte-poivre-jaune-11-cm\/\",\"url\":\"https:\/\/dev6.erresse-shop.it\/fr\/shop\/poeles-pots\/marmites-et-cocottes-poeles-pots\/staub-cocotte-poivre-jaune-11-cm\/\",\"name\":\"STAUB Cocotte Poivre jaune 11 cm - dev6 Erresse\",\"isPartOf\":{\"@id\":\"https:\/\/dev6.erresse-shop.it\/#website\"},\"primaryImageOfPage\":{\"@id\":\"https:\/\/dev6.erresse-shop.it\/fr\/shop\/poeles-pots\/marmites-et-cocottes-poeles-pots\/staub-cocotte-poivre-jaune-11-cm\/#primaryimage\"},\"image\":{\"@id\":\"https:\/\/dev6.erresse-shop.it\/fr\/shop\/poeles-pots\/marmites-et-cocottes-poeles-pots\/staub-cocotte-poivre-jaune-11-cm\/#primaryimage\"},\"thumbnailUrl\":\"https:\/\/i2.wp.com\/interpim.erresse-shop.it\/img-catalogo\/staub\/staub-cocotte-peperone-giallo-11-cm.jpg?ssl=1\",\"datePublished\":\"2026-04-12T09:51:10+00:00\",\"description\":\"Ce bol en c\u00e9ramique est id\u00e9al pour les amateurs de cuisine v\u00e9g\u00e9tarienne qui appr\u00e9cient \u00e9galement le souci du d\u00e9tail. Le design naturaliste en forme de\",\"breadcrumb\":{\"@id\":\"https:\/\/dev6.erresse-shop.it\/fr\/shop\/poeles-pots\/marmites-et-cocottes-poeles-pots\/staub-cocotte-poivre-jaune-11-cm\/#breadcrumb\"},\"inLanguage\":\"fr-FR\",\"potentialAction\":[{\"@type\":\"ReadAction\",\"target\":[\"https:\/\/dev6.erresse-shop.it\/fr\/shop\/poeles-pots\/marmites-et-cocottes-poeles-pots\/staub-cocotte-poivre-jaune-11-cm\/\"]}]},{\"@type\":\"ImageObject\",\"inLanguage\":\"fr-FR\",\"@id\":\"https:\/\/dev6.erresse-shop.it\/fr\/shop\/poeles-pots\/marmites-et-cocottes-poeles-pots\/staub-cocotte-poivre-jaune-11-cm\/#primaryimage\",\"url\":\"https:\/\/i2.wp.com\/interpim.erresse-shop.it\/img-catalogo\/staub\/staub-cocotte-peperone-giallo-11-cm.jpg?ssl=1\",\"contentUrl\":\"https:\/\/i2.wp.com\/interpim.erresse-shop.it\/img-catalogo\/staub\/staub-cocotte-peperone-giallo-11-cm.jpg?ssl=1\"},{\"@type\":\"BreadcrumbList\",\"@id\":\"https:\/\/dev6.erresse-shop.it\/fr\/shop\/poeles-pots\/marmites-et-cocottes-poeles-pots\/staub-cocotte-poivre-jaune-11-cm\/#breadcrumb\",\"itemListElement\":[{\"@type\":\"ListItem\",\"position\":1,\"name\":\"Home\",\"item\":\"https:\/\/dev6.erresse-shop.it\/\"},{\"@type\":\"ListItem\",\"position\":2,\"name\":\"Boutique\",\"item\":\"https:\/\/dev6.erresse-shop.it\/shop\/\"},{\"@type\":\"ListItem\",\"position\":3,\"name\":\"STAUB Cocotte Poivre jaune 11 cm\"}]},{\"@type\":\"WebSite\",\"@id\":\"https:\/\/dev6.erresse-shop.it\/#website\",\"url\":\"https:\/\/dev6.erresse-shop.it\/\",\"name\":\"Erresse Shop\",\"description\":\"\",\"publisher\":{\"@id\":\"https:\/\/dev6.erresse-shop.it\/#organization\"},\"potentialAction\":[{\"@type\":\"SearchAction\",\"target\":{\"@type\":\"EntryPoint\",\"urlTemplate\":\"https:\/\/dev6.erresse-shop.it\/?s={search_term_string}\"},\"query-input\":{\"@type\":\"PropertyValueSpecification\",\"valueRequired\":true,\"valueName\":\"search_term_string\"}}],\"inLanguage\":\"fr-FR\"},{\"@type\":\"Organization\",\"@id\":\"https:\/\/dev6.erresse-shop.it\/#organization\",\"name\":\"Erresse Shop\",\"url\":\"https:\/\/dev6.erresse-shop.it\/\",\"logo\":{\"@type\":\"ImageObject\",\"inLanguage\":\"fr-FR\",\"@id\":\"https:\/\/dev6.erresse-shop.it\/#\/schema\/logo\/image\/\",\"url\":\"https:\/\/dev6.erresse-shop.it\/wp-content\/uploads\/2025\/01\/LOGO-ERRESSE-CLASSICO.svg\",\"contentUrl\":\"https:\/\/dev6.erresse-shop.it\/wp-content\/uploads\/2025\/01\/LOGO-ERRESSE-CLASSICO.svg\",\"caption\":\"Erresse Shop\"},\"image\":{\"@id\":\"https:\/\/dev6.erresse-shop.it\/#\/schema\/logo\/image\/\"}}]}<\/script>\n<!-- \/ Yoast SEO plugin. -->","yoast_head_json":{"title":"STAUB Cocotte Poivre jaune 11 cm - dev6 Erresse","description":"Ce bol en c\u00e9ramique est id\u00e9al pour les amateurs de cuisine v\u00e9g\u00e9tarienne qui appr\u00e9cient \u00e9galement le souci du d\u00e9tail. Le design naturaliste en forme de","robots":{"index":"noindex","follow":"follow","max-snippet":"max-snippet:-1","max-image-preview":"max-image-preview:large","max-video-preview":"max-video-preview:-1"},"og_locale":"fr_FR","og_type":"article","og_title":"STAUB Cocotte Poivre jaune 11 cm - dev6 Erresse","og_description":"Ce bol en c\u00e9ramique est id\u00e9al pour les amateurs de cuisine v\u00e9g\u00e9tarienne qui appr\u00e9cient \u00e9galement le souci du d\u00e9tail. Le design naturaliste en forme de","og_url":"https:\/\/dev6.erresse-shop.it\/fr\/shop\/poeles-pots\/marmites-et-cocottes-poeles-pots\/staub-cocotte-poivre-jaune-11-cm\/","og_site_name":"dev6 Erresse","og_image":[{"url":"https:\/\/interpim.erresse-shop.it\/img-catalogo\/staub\/staub-cocotte-peperone-giallo-11-cm.jpg","type":"","width":"","height":""},{"url":"https:\/\/interpim.erresse-shop.it\/img-catalogo\/staub\/staub-cocotte-peperone-giallo-11-cm.jpg","width":1024,"height":1024,"type":"image\/jpeg"}],"twitter_card":"summary_large_image","twitter_image":"https:\/\/interpim.erresse-shop.it\/img-catalogo\/staub\/staub-cocotte-peperone-giallo-11-cm.jpg","schema":{"@context":"https:\/\/schema.org","@graph":[{"@type":"WebPage","@id":"https:\/\/dev6.erresse-shop.it\/fr\/shop\/poeles-pots\/marmites-et-cocottes-poeles-pots\/staub-cocotte-poivre-jaune-11-cm\/","url":"https:\/\/dev6.erresse-shop.it\/fr\/shop\/poeles-pots\/marmites-et-cocottes-poeles-pots\/staub-cocotte-poivre-jaune-11-cm\/","name":"STAUB Cocotte Poivre jaune 11 cm - dev6 Erresse","isPartOf":{"@id":"https:\/\/dev6.erresse-shop.it\/#website"},"primaryImageOfPage":{"@id":"https:\/\/dev6.erresse-shop.it\/fr\/shop\/poeles-pots\/marmites-et-cocottes-poeles-pots\/staub-cocotte-poivre-jaune-11-cm\/#primaryimage"},"image":{"@id":"https:\/\/dev6.erresse-shop.it\/fr\/shop\/poeles-pots\/marmites-et-cocottes-poeles-pots\/staub-cocotte-poivre-jaune-11-cm\/#primaryimage"},"thumbnailUrl":"https:\/\/i2.wp.com\/interpim.erresse-shop.it\/img-catalogo\/staub\/staub-cocotte-peperone-giallo-11-cm.jpg?ssl=1","datePublished":"2026-04-12T09:51:10+00:00","description":"Ce bol en c\u00e9ramique est id\u00e9al pour les amateurs de cuisine v\u00e9g\u00e9tarienne qui appr\u00e9cient \u00e9galement le souci du d\u00e9tail. Le design naturaliste en forme de","breadcrumb":{"@id":"https:\/\/dev6.erresse-shop.it\/fr\/shop\/poeles-pots\/marmites-et-cocottes-poeles-pots\/staub-cocotte-poivre-jaune-11-cm\/#breadcrumb"},"inLanguage":"fr-FR","potentialAction":[{"@type":"ReadAction","target":["https:\/\/dev6.erresse-shop.it\/fr\/shop\/poeles-pots\/marmites-et-cocottes-poeles-pots\/staub-cocotte-poivre-jaune-11-cm\/"]}]},{"@type":"ImageObject","inLanguage":"fr-FR","@id":"https:\/\/dev6.erresse-shop.it\/fr\/shop\/poeles-pots\/marmites-et-cocottes-poeles-pots\/staub-cocotte-poivre-jaune-11-cm\/#primaryimage","url":"https:\/\/i2.wp.com\/interpim.erresse-shop.it\/img-catalogo\/staub\/staub-cocotte-peperone-giallo-11-cm.jpg?ssl=1","contentUrl":"https:\/\/i2.wp.com\/interpim.erresse-shop.it\/img-catalogo\/staub\/staub-cocotte-peperone-giallo-11-cm.jpg?ssl=1"},{"@type":"BreadcrumbList","@id":"https:\/\/dev6.erresse-shop.it\/fr\/shop\/poeles-pots\/marmites-et-cocottes-poeles-pots\/staub-cocotte-poivre-jaune-11-cm\/#breadcrumb","itemListElement":[{"@type":"ListItem","position":1,"name":"Home","item":"https:\/\/dev6.erresse-shop.it\/"},{"@type":"ListItem","position":2,"name":"Boutique","item":"https:\/\/dev6.erresse-shop.it\/shop\/"},{"@type":"ListItem","position":3,"name":"STAUB Cocotte Poivre jaune 11 cm"}]},{"@type":"WebSite","@id":"https:\/\/dev6.erresse-shop.it\/#website","url":"https:\/\/dev6.erresse-shop.it\/","name":"Erresse Shop","description":"","publisher":{"@id":"https:\/\/dev6.erresse-shop.it\/#organization"},"potentialAction":[{"@type":"SearchAction","target":{"@type":"EntryPoint","urlTemplate":"https:\/\/dev6.erresse-shop.it\/?s={search_term_string}"},"query-input":{"@type":"PropertyValueSpecification","valueRequired":true,"valueName":"search_term_string"}}],"inLanguage":"fr-FR"},{"@type":"Organization","@id":"https:\/\/dev6.erresse-shop.it\/#organization","name":"Erresse Shop","url":"https:\/\/dev6.erresse-shop.it\/","logo":{"@type":"ImageObject","inLanguage":"fr-FR","@id":"https:\/\/dev6.erresse-shop.it\/#\/schema\/logo\/image\/","url":"https:\/\/dev6.erresse-shop.it\/wp-content\/uploads\/2025\/01\/LOGO-ERRESSE-CLASSICO.svg","contentUrl":"https:\/\/dev6.erresse-shop.it\/wp-content\/uploads\/2025\/01\/LOGO-ERRESSE-CLASSICO.svg","caption":"Erresse Shop"},"image":{"@id":"https:\/\/dev6.erresse-shop.it\/#\/schema\/logo\/image\/"}}]}},"df_price":24.95,"df_sale_price":"","df_regular_price":24.95,"df_image_link":"https:\/\/i2.wp.com\/interpim.erresse-shop.it\/img-catalogo\/staub\/staub-cocotte-peperone-giallo-11-cm.jpg?resize=300,300&ssl=1","fifu_image_url":"https:\/\/interpim.erresse-shop.it\/img-catalogo\/staub\/staub-cocotte-peperone-giallo-11-cm.jpg","_links":{"self":[{"href":"https:\/\/dev6.erresse-shop.it\/fr\/wp-json\/wp\/v2\/product\/65042","targetHints":{"allow":["GET"]}}],"collection":[{"href":"https:\/\/dev6.erresse-shop.it\/fr\/wp-json\/wp\/v2\/product"}],"about":[{"href":"https:\/\/dev6.erresse-shop.it\/fr\/wp-json\/wp\/v2\/types\/product"}],"wp:featuredmedia":[{"embeddable":true,"href":"https:\/\/dev6.erresse-shop.it\/fr\/wp-json\/wp\/v2\/media\/6370121"}],"wp:attachment":[{"href":"https:\/\/dev6.erresse-shop.it\/fr\/wp-json\/wp\/v2\/media?parent=65042"}],"wp:term":[{"taxonomy":"product_cat","embeddable":true,"href":"https:\/\/dev6.erresse-shop.it\/fr\/wp-json\/wp\/v2\/product_cat?post=65042"},{"taxonomy":"product_tag","embeddable":true,"href":"https:\/\/dev6.erresse-shop.it\/fr\/wp-json\/wp\/v2\/product_tag?post=65042"}],"curies":[{"name":"wp","href":"https:\/\/api.w.org\/{rel}","templated":true}]}}