{"id":65040,"date":"2026-04-12T11:51:10","date_gmt":"2026-04-12T09:51:10","guid":{"rendered":"https:\/\/dev6.erresse-shop.it\/shop\/non%20class\u00e9\/portmeirion-christmas-tree-set-6-assiettes-creuses\/"},"modified":"2025-09-14T05:56:57","modified_gmt":"2025-09-14T03:56:57","slug":"portmeirion-christmas-tree-set-6-assiettes-creuses","status":"publish","type":"product","link":"https:\/\/dev6.erresse-shop.it\/fr\/shop\/table-fr-2\/plats\/portmeirion-christmas-tree-set-6-assiettes-creuses\/","title":{"rendered":"PORTMEIRION Christmas Tree Set 6 Assiettes Creuses"},"content":{"rendered":"<p>Quoi de mieux pour commencer le d\u00eener de No\u00ebl qu\u2019une soupe servie dans un style vraiment festif avec ce set de quatre assiettes \u00e0 soupe. Un v\u00e9ritable r\u00e9chauffeur d\u2019hiver qui fera rayonner toute la famille de la t\u00eate aux pieds. Faisant partie de la collection Arbre de No\u00ebl de Spode, chaque pi\u00e8ce pr\u00e9sente le motif classique d\u2019un arbre d\u00e9cor\u00e9 de bibelots et entour\u00e9 de cadeaux, dessin\u00e9 pour la premi\u00e8re fois en 1938. Ce motif joyeux sera certainement aussi m\u00e9morable que votre fameuse recette de soupe.<\/p>\n<p>Mat\u00e9riau : Gr\u00e8s<\/p>\n","protected":false},"excerpt":{"rendered":"<p>Quoi de mieux pour commencer le d\u00eener de No\u00ebl qu\u2019une soupe servie dans un style vraiment festif avec ce set de quatre assiettes \u00e0 soupe. Un v\u00e9ritable r\u00e9chauffeur d\u2019hiver qui fera rayonner toute la famille de la t\u00eate aux pieds. Faisant partie de la collection Arbre de No\u00ebl de Spode, chaque pi\u00e8ce pr\u00e9sente le motif [&hellip;]<\/p>\n","protected":false},"featured_media":6370115,"template":"","meta":{"_acf_changed":false},"product_cat":[12014,11995,11671],"product_tag":[],"class_list":{"0":"post-65040","1":"product","2":"type-product","3":"status-publish","4":"has-post-thumbnail","6":"product_cat-plats","7":"product_cat-table-fr-2","8":"product_cat-tavola","10":"first","11":"instock","12":"sale","13":"taxable","14":"shipping-taxable","15":"purchasable","16":"product-type-simple","swatches":"rey-swatches","show_selected":"","stretch_labels":"rey-swatches--stretch-labels"},"acf":[],"yoast_head":"<!-- This site is optimized with the Yoast SEO plugin v25.4 - https:\/\/yoast.com\/wordpress\/plugins\/seo\/ -->\n<title>PORTMEIRION Christmas Tree Set 6 Assiettes Creuses - dev6 Erresse<\/title>\n<meta name=\"description\" content=\"Quoi de mieux pour commencer le d\u00eener de No\u00ebl qu\u2019une soupe servie dans un style vraiment festif avec ce set de quatre assiettes \u00e0 soupe. Un v\u00e9ritable\" \/>\n<meta name=\"robots\" content=\"noindex, follow, max-snippet:-1, max-image-preview:large, max-video-preview:-1\" \/>\n<meta property=\"og:locale\" content=\"fr_FR\" \/>\n<meta property=\"og:type\" content=\"article\" \/>\n<meta property=\"og:title\" content=\"PORTMEIRION Christmas Tree Set 6 Assiettes Creuses - dev6 Erresse\" \/>\n<meta property=\"og:description\" content=\"Quoi de mieux pour commencer le d\u00eener de No\u00ebl qu\u2019une soupe servie dans un style vraiment festif avec ce set de quatre assiettes \u00e0 soupe. Un v\u00e9ritable\" \/>\n<meta property=\"og:url\" content=\"https:\/\/dev6.erresse-shop.it\/fr\/shop\/table-fr-2\/plats\/portmeirion-christmas-tree-set-6-assiettes-creuses\/\" \/>\n<meta property=\"og:site_name\" content=\"dev6 Erresse\" \/>\n<meta property=\"og:image\" content=\"https:\/\/interpim.erresse-shop.it\/img-catalogo\/portmeirion\/portmeirion-christmas-tree-set-4-piatti-fondi-1.jpg\" \/><meta property=\"og:image\" content=\"https:\/\/interpim.erresse-shop.it\/img-catalogo\/portmeirion\/portmeirion-christmas-tree-set-4-piatti-fondi-1.jpg\" \/>\n\t<meta property=\"og:image:width\" content=\"1024\" \/>\n\t<meta property=\"og:image:height\" content=\"1024\" \/>\n\t<meta property=\"og:image:type\" content=\"image\/jpeg\" \/>\n<meta name=\"twitter:card\" content=\"summary_large_image\" \/>\n<meta name=\"twitter:image\" content=\"https:\/\/interpim.erresse-shop.it\/img-catalogo\/portmeirion\/portmeirion-christmas-tree-set-4-piatti-fondi-1.jpg\" \/>\n<script type=\"application\/ld+json\" class=\"yoast-schema-graph\">{\"@context\":\"https:\/\/schema.org\",\"@graph\":[{\"@type\":\"WebPage\",\"@id\":\"https:\/\/dev6.erresse-shop.it\/fr\/shop\/table-fr-2\/plats\/portmeirion-christmas-tree-set-6-assiettes-creuses\/\",\"url\":\"https:\/\/dev6.erresse-shop.it\/fr\/shop\/table-fr-2\/plats\/portmeirion-christmas-tree-set-6-assiettes-creuses\/\",\"name\":\"PORTMEIRION Christmas Tree Set 6 Assiettes Creuses - dev6 Erresse\",\"isPartOf\":{\"@id\":\"https:\/\/dev6.erresse-shop.it\/#website\"},\"primaryImageOfPage\":{\"@id\":\"https:\/\/dev6.erresse-shop.it\/fr\/shop\/table-fr-2\/plats\/portmeirion-christmas-tree-set-6-assiettes-creuses\/#primaryimage\"},\"image\":{\"@id\":\"https:\/\/dev6.erresse-shop.it\/fr\/shop\/table-fr-2\/plats\/portmeirion-christmas-tree-set-6-assiettes-creuses\/#primaryimage\"},\"thumbnailUrl\":\"https:\/\/i0.wp.com\/interpim.erresse-shop.it\/img-catalogo\/portmeirion\/portmeirion-christmas-tree-set-4-piatti-fondi-1.jpg?ssl=1\",\"datePublished\":\"2026-04-12T09:51:10+00:00\",\"description\":\"Quoi de mieux pour commencer le d\u00eener de No\u00ebl qu\u2019une soupe servie dans un style vraiment festif avec ce set de quatre assiettes \u00e0 soupe. Un v\u00e9ritable\",\"breadcrumb\":{\"@id\":\"https:\/\/dev6.erresse-shop.it\/fr\/shop\/table-fr-2\/plats\/portmeirion-christmas-tree-set-6-assiettes-creuses\/#breadcrumb\"},\"inLanguage\":\"fr-FR\",\"potentialAction\":[{\"@type\":\"ReadAction\",\"target\":[\"https:\/\/dev6.erresse-shop.it\/fr\/shop\/table-fr-2\/plats\/portmeirion-christmas-tree-set-6-assiettes-creuses\/\"]}]},{\"@type\":\"ImageObject\",\"inLanguage\":\"fr-FR\",\"@id\":\"https:\/\/dev6.erresse-shop.it\/fr\/shop\/table-fr-2\/plats\/portmeirion-christmas-tree-set-6-assiettes-creuses\/#primaryimage\",\"url\":\"https:\/\/i0.wp.com\/interpim.erresse-shop.it\/img-catalogo\/portmeirion\/portmeirion-christmas-tree-set-4-piatti-fondi-1.jpg?ssl=1\",\"contentUrl\":\"https:\/\/i0.wp.com\/interpim.erresse-shop.it\/img-catalogo\/portmeirion\/portmeirion-christmas-tree-set-4-piatti-fondi-1.jpg?ssl=1\"},{\"@type\":\"BreadcrumbList\",\"@id\":\"https:\/\/dev6.erresse-shop.it\/fr\/shop\/table-fr-2\/plats\/portmeirion-christmas-tree-set-6-assiettes-creuses\/#breadcrumb\",\"itemListElement\":[{\"@type\":\"ListItem\",\"position\":1,\"name\":\"Home\",\"item\":\"https:\/\/dev6.erresse-shop.it\/\"},{\"@type\":\"ListItem\",\"position\":2,\"name\":\"Boutique\",\"item\":\"https:\/\/dev6.erresse-shop.it\/shop\/\"},{\"@type\":\"ListItem\",\"position\":3,\"name\":\"PORTMEIRION Christmas Tree Set 6 Assiettes Creuses\"}]},{\"@type\":\"WebSite\",\"@id\":\"https:\/\/dev6.erresse-shop.it\/#website\",\"url\":\"https:\/\/dev6.erresse-shop.it\/\",\"name\":\"Erresse Shop\",\"description\":\"\",\"publisher\":{\"@id\":\"https:\/\/dev6.erresse-shop.it\/#organization\"},\"potentialAction\":[{\"@type\":\"SearchAction\",\"target\":{\"@type\":\"EntryPoint\",\"urlTemplate\":\"https:\/\/dev6.erresse-shop.it\/?s={search_term_string}\"},\"query-input\":{\"@type\":\"PropertyValueSpecification\",\"valueRequired\":true,\"valueName\":\"search_term_string\"}}],\"inLanguage\":\"fr-FR\"},{\"@type\":\"Organization\",\"@id\":\"https:\/\/dev6.erresse-shop.it\/#organization\",\"name\":\"Erresse Shop\",\"url\":\"https:\/\/dev6.erresse-shop.it\/\",\"logo\":{\"@type\":\"ImageObject\",\"inLanguage\":\"fr-FR\",\"@id\":\"https:\/\/dev6.erresse-shop.it\/#\/schema\/logo\/image\/\",\"url\":\"https:\/\/dev6.erresse-shop.it\/wp-content\/uploads\/2025\/01\/LOGO-ERRESSE-CLASSICO.svg\",\"contentUrl\":\"https:\/\/dev6.erresse-shop.it\/wp-content\/uploads\/2025\/01\/LOGO-ERRESSE-CLASSICO.svg\",\"caption\":\"Erresse Shop\"},\"image\":{\"@id\":\"https:\/\/dev6.erresse-shop.it\/#\/schema\/logo\/image\/\"}}]}<\/script>\n<!-- \/ Yoast SEO plugin. -->","yoast_head_json":{"title":"PORTMEIRION Christmas Tree Set 6 Assiettes Creuses - dev6 Erresse","description":"Quoi de mieux pour commencer le d\u00eener de No\u00ebl qu\u2019une soupe servie dans un style vraiment festif avec ce set de quatre assiettes \u00e0 soupe. Un v\u00e9ritable","robots":{"index":"noindex","follow":"follow","max-snippet":"max-snippet:-1","max-image-preview":"max-image-preview:large","max-video-preview":"max-video-preview:-1"},"og_locale":"fr_FR","og_type":"article","og_title":"PORTMEIRION Christmas Tree Set 6 Assiettes Creuses - dev6 Erresse","og_description":"Quoi de mieux pour commencer le d\u00eener de No\u00ebl qu\u2019une soupe servie dans un style vraiment festif avec ce set de quatre assiettes \u00e0 soupe. Un v\u00e9ritable","og_url":"https:\/\/dev6.erresse-shop.it\/fr\/shop\/table-fr-2\/plats\/portmeirion-christmas-tree-set-6-assiettes-creuses\/","og_site_name":"dev6 Erresse","og_image":[{"url":"https:\/\/interpim.erresse-shop.it\/img-catalogo\/portmeirion\/portmeirion-christmas-tree-set-4-piatti-fondi-1.jpg","type":"","width":"","height":""},{"url":"https:\/\/interpim.erresse-shop.it\/img-catalogo\/portmeirion\/portmeirion-christmas-tree-set-4-piatti-fondi-1.jpg","width":1024,"height":1024,"type":"image\/jpeg"}],"twitter_card":"summary_large_image","twitter_image":"https:\/\/interpim.erresse-shop.it\/img-catalogo\/portmeirion\/portmeirion-christmas-tree-set-4-piatti-fondi-1.jpg","schema":{"@context":"https:\/\/schema.org","@graph":[{"@type":"WebPage","@id":"https:\/\/dev6.erresse-shop.it\/fr\/shop\/table-fr-2\/plats\/portmeirion-christmas-tree-set-6-assiettes-creuses\/","url":"https:\/\/dev6.erresse-shop.it\/fr\/shop\/table-fr-2\/plats\/portmeirion-christmas-tree-set-6-assiettes-creuses\/","name":"PORTMEIRION Christmas Tree Set 6 Assiettes Creuses - dev6 Erresse","isPartOf":{"@id":"https:\/\/dev6.erresse-shop.it\/#website"},"primaryImageOfPage":{"@id":"https:\/\/dev6.erresse-shop.it\/fr\/shop\/table-fr-2\/plats\/portmeirion-christmas-tree-set-6-assiettes-creuses\/#primaryimage"},"image":{"@id":"https:\/\/dev6.erresse-shop.it\/fr\/shop\/table-fr-2\/plats\/portmeirion-christmas-tree-set-6-assiettes-creuses\/#primaryimage"},"thumbnailUrl":"https:\/\/i0.wp.com\/interpim.erresse-shop.it\/img-catalogo\/portmeirion\/portmeirion-christmas-tree-set-4-piatti-fondi-1.jpg?ssl=1","datePublished":"2026-04-12T09:51:10+00:00","description":"Quoi de mieux pour commencer le d\u00eener de No\u00ebl qu\u2019une soupe servie dans un style vraiment festif avec ce set de quatre assiettes \u00e0 soupe. Un v\u00e9ritable","breadcrumb":{"@id":"https:\/\/dev6.erresse-shop.it\/fr\/shop\/table-fr-2\/plats\/portmeirion-christmas-tree-set-6-assiettes-creuses\/#breadcrumb"},"inLanguage":"fr-FR","potentialAction":[{"@type":"ReadAction","target":["https:\/\/dev6.erresse-shop.it\/fr\/shop\/table-fr-2\/plats\/portmeirion-christmas-tree-set-6-assiettes-creuses\/"]}]},{"@type":"ImageObject","inLanguage":"fr-FR","@id":"https:\/\/dev6.erresse-shop.it\/fr\/shop\/table-fr-2\/plats\/portmeirion-christmas-tree-set-6-assiettes-creuses\/#primaryimage","url":"https:\/\/i0.wp.com\/interpim.erresse-shop.it\/img-catalogo\/portmeirion\/portmeirion-christmas-tree-set-4-piatti-fondi-1.jpg?ssl=1","contentUrl":"https:\/\/i0.wp.com\/interpim.erresse-shop.it\/img-catalogo\/portmeirion\/portmeirion-christmas-tree-set-4-piatti-fondi-1.jpg?ssl=1"},{"@type":"BreadcrumbList","@id":"https:\/\/dev6.erresse-shop.it\/fr\/shop\/table-fr-2\/plats\/portmeirion-christmas-tree-set-6-assiettes-creuses\/#breadcrumb","itemListElement":[{"@type":"ListItem","position":1,"name":"Home","item":"https:\/\/dev6.erresse-shop.it\/"},{"@type":"ListItem","position":2,"name":"Boutique","item":"https:\/\/dev6.erresse-shop.it\/shop\/"},{"@type":"ListItem","position":3,"name":"PORTMEIRION Christmas Tree Set 6 Assiettes Creuses"}]},{"@type":"WebSite","@id":"https:\/\/dev6.erresse-shop.it\/#website","url":"https:\/\/dev6.erresse-shop.it\/","name":"Erresse Shop","description":"","publisher":{"@id":"https:\/\/dev6.erresse-shop.it\/#organization"},"potentialAction":[{"@type":"SearchAction","target":{"@type":"EntryPoint","urlTemplate":"https:\/\/dev6.erresse-shop.it\/?s={search_term_string}"},"query-input":{"@type":"PropertyValueSpecification","valueRequired":true,"valueName":"search_term_string"}}],"inLanguage":"fr-FR"},{"@type":"Organization","@id":"https:\/\/dev6.erresse-shop.it\/#organization","name":"Erresse Shop","url":"https:\/\/dev6.erresse-shop.it\/","logo":{"@type":"ImageObject","inLanguage":"fr-FR","@id":"https:\/\/dev6.erresse-shop.it\/#\/schema\/logo\/image\/","url":"https:\/\/dev6.erresse-shop.it\/wp-content\/uploads\/2025\/01\/LOGO-ERRESSE-CLASSICO.svg","contentUrl":"https:\/\/dev6.erresse-shop.it\/wp-content\/uploads\/2025\/01\/LOGO-ERRESSE-CLASSICO.svg","caption":"Erresse Shop"},"image":{"@id":"https:\/\/dev6.erresse-shop.it\/#\/schema\/logo\/image\/"}}]}},"df_price":109.95,"df_sale_price":109.95,"df_regular_price":162.6,"df_image_link":"https:\/\/i0.wp.com\/interpim.erresse-shop.it\/img-catalogo\/portmeirion\/portmeirion-christmas-tree-set-4-piatti-fondi-1.jpg?resize=300,300&ssl=1","fifu_image_url":"https:\/\/interpim.erresse-shop.it\/img-catalogo\/portmeirion\/portmeirion-christmas-tree-set-4-piatti-fondi-1.jpg","_links":{"self":[{"href":"https:\/\/dev6.erresse-shop.it\/fr\/wp-json\/wp\/v2\/product\/65040","targetHints":{"allow":["GET"]}}],"collection":[{"href":"https:\/\/dev6.erresse-shop.it\/fr\/wp-json\/wp\/v2\/product"}],"about":[{"href":"https:\/\/dev6.erresse-shop.it\/fr\/wp-json\/wp\/v2\/types\/product"}],"wp:featuredmedia":[{"embeddable":true,"href":"https:\/\/dev6.erresse-shop.it\/fr\/wp-json\/wp\/v2\/media\/6370115"}],"wp:attachment":[{"href":"https:\/\/dev6.erresse-shop.it\/fr\/wp-json\/wp\/v2\/media?parent=65040"}],"wp:term":[{"taxonomy":"product_cat","embeddable":true,"href":"https:\/\/dev6.erresse-shop.it\/fr\/wp-json\/wp\/v2\/product_cat?post=65040"},{"taxonomy":"product_tag","embeddable":true,"href":"https:\/\/dev6.erresse-shop.it\/fr\/wp-json\/wp\/v2\/product_tag?post=65040"}],"curies":[{"name":"wp","href":"https:\/\/api.w.org\/{rel}","templated":true}]}}