{"id":65030,"date":"2026-04-12T11:51:10","date_gmt":"2026-04-12T09:51:10","guid":{"rendered":"https:\/\/dev6.erresse-shop.it\/shop\/non%20class\u00e9\/sharp-micro-ondes-avec-gril-25-l-noir\/"},"modified":"2025-07-04T18:37:57","modified_gmt":"2025-07-04T16:37:57","slug":"sharp-micro-ondes-avec-gril-25-l-noir","status":"publish","type":"product","link":"https:\/\/dev6.erresse-shop.it\/fr\/shop\/petits-electromenagers\/fours\/sharp-micro-ondes-avec-gril-25-l-noir\/","title":{"rendered":"SHARP Micro-ondes avec gril 25 L Noir"},"content":{"rendered":"<p>Commande rapide par bouton avec 6 programmes de cuisson automatique. Design classique et \u00e9pur\u00e9.<br \/>\nCommandes tactiles faciles \u00e0 utiliser<br \/>\n\u00c9cran LED facile \u00e0 lire<br \/>\n8 options de menu automatiques pour simplifier la cuisson<br \/>\nD\u00e9marrage automatique en une minute pour une cuisson au micro-ondes par simple pression d\u2019une touche<br \/>\n5 niveaux de puissance<br \/>\nCapacit\u00e9 de 25 litres<br \/>\nInt\u00e9rieur peint facile \u00e0 nettoyer<br \/>\nMinuterie pratique de 99 minutes<br \/>\nFonction de verrouillage pour enfants<br \/>\nMicro-ondes de 900 W avec gril de 1000 W<\/p>\n<p>Dimensions int\u00e9rieures (L x H x P) : 33 x 20,8 x 36,9<br \/>\nDimensions ext\u00e9rieures (L x H x P) : 51,3 x 30,6 x 43<br \/>\nPoids : 15,1<\/p>\n<p>Non disponible \u00e0 la vente en dehors de l\u2019Europe<\/p>\n","protected":false},"excerpt":{"rendered":"<p>Commande rapide par bouton avec 6 programmes de cuisson automatique. Design classique et \u00e9pur\u00e9. Commandes tactiles faciles \u00e0 utiliser \u00c9cran LED facile \u00e0 lire 8 options de menu automatiques pour simplifier la cuisson D\u00e9marrage automatique en une minute pour une cuisson au micro-ondes par simple pression d\u2019une touche 5 niveaux de puissance Capacit\u00e9 de 25 [&hellip;]<\/p>\n","protected":false},"featured_media":6370095,"template":"","meta":{"_acf_changed":false},"product_cat":[12085,12055],"product_tag":[],"class_list":{"0":"post-65030","1":"product","2":"type-product","3":"status-publish","4":"has-post-thumbnail","6":"product_cat-fours","7":"product_cat-petits-electromenagers","9":"first","10":"instock","11":"sale","12":"taxable","13":"shipping-taxable","14":"purchasable","15":"product-type-simple","swatches":"rey-swatches","show_selected":"","stretch_labels":"rey-swatches--stretch-labels"},"acf":[],"yoast_head":"<!-- This site is optimized with the Yoast SEO plugin v25.4 - https:\/\/yoast.com\/wordpress\/plugins\/seo\/ -->\n<title>SHARP Micro-ondes avec gril 25 L Noir - dev6 Erresse<\/title>\n<meta name=\"description\" content=\"Commande rapide par bouton avec 6 programmes de cuisson automatique. Design classique et \u00e9pur\u00e9. Commandes tactiles faciles \u00e0 utiliser \u00c9cran LED facile \u00e0\" \/>\n<meta name=\"robots\" content=\"noindex, follow, max-snippet:-1, max-image-preview:large, max-video-preview:-1\" \/>\n<meta property=\"og:locale\" content=\"fr_FR\" \/>\n<meta property=\"og:type\" content=\"article\" \/>\n<meta property=\"og:title\" content=\"SHARP Micro-ondes avec gril 25 L Noir - dev6 Erresse\" \/>\n<meta property=\"og:description\" content=\"Commande rapide par bouton avec 6 programmes de cuisson automatique. Design classique et \u00e9pur\u00e9. Commandes tactiles faciles \u00e0 utiliser \u00c9cran LED facile \u00e0\" \/>\n<meta property=\"og:url\" content=\"https:\/\/dev6.erresse-shop.it\/fr\/shop\/petits-electromenagers\/fours\/sharp-micro-ondes-avec-gril-25-l-noir\/\" \/>\n<meta property=\"og:site_name\" content=\"dev6 Erresse\" \/>\n<meta property=\"og:image\" content=\"https:\/\/interpim.erresse-shop.it\/img-catalogo\/sharp\/sharp-microonde-25-l-nero.jpg\" \/><meta property=\"og:image\" content=\"https:\/\/interpim.erresse-shop.it\/img-catalogo\/sharp\/sharp-microonde-25-l-nero.jpg\" \/>\n\t<meta property=\"og:image:width\" content=\"1024\" \/>\n\t<meta property=\"og:image:height\" content=\"1024\" \/>\n\t<meta property=\"og:image:type\" content=\"image\/jpeg\" \/>\n<meta name=\"twitter:card\" content=\"summary_large_image\" \/>\n<meta name=\"twitter:image\" content=\"https:\/\/interpim.erresse-shop.it\/img-catalogo\/sharp\/sharp-microonde-25-l-nero.jpg\" \/>\n<script type=\"application\/ld+json\" class=\"yoast-schema-graph\">{\"@context\":\"https:\/\/schema.org\",\"@graph\":[{\"@type\":\"WebPage\",\"@id\":\"https:\/\/dev6.erresse-shop.it\/fr\/shop\/petits-electromenagers\/fours\/sharp-micro-ondes-avec-gril-25-l-noir\/\",\"url\":\"https:\/\/dev6.erresse-shop.it\/fr\/shop\/petits-electromenagers\/fours\/sharp-micro-ondes-avec-gril-25-l-noir\/\",\"name\":\"SHARP Micro-ondes avec gril 25 L Noir - dev6 Erresse\",\"isPartOf\":{\"@id\":\"https:\/\/dev6.erresse-shop.it\/#website\"},\"primaryImageOfPage\":{\"@id\":\"https:\/\/dev6.erresse-shop.it\/fr\/shop\/petits-electromenagers\/fours\/sharp-micro-ondes-avec-gril-25-l-noir\/#primaryimage\"},\"image\":{\"@id\":\"https:\/\/dev6.erresse-shop.it\/fr\/shop\/petits-electromenagers\/fours\/sharp-micro-ondes-avec-gril-25-l-noir\/#primaryimage\"},\"thumbnailUrl\":\"https:\/\/i3.wp.com\/interpim.erresse-shop.it\/img-catalogo\/sharp\/sharp-microonde-25-l-nero.jpg?ssl=1\",\"datePublished\":\"2026-04-12T09:51:10+00:00\",\"description\":\"Commande rapide par bouton avec 6 programmes de cuisson automatique. Design classique et \u00e9pur\u00e9. Commandes tactiles faciles \u00e0 utiliser \u00c9cran LED facile \u00e0\",\"breadcrumb\":{\"@id\":\"https:\/\/dev6.erresse-shop.it\/fr\/shop\/petits-electromenagers\/fours\/sharp-micro-ondes-avec-gril-25-l-noir\/#breadcrumb\"},\"inLanguage\":\"fr-FR\",\"potentialAction\":[{\"@type\":\"ReadAction\",\"target\":[\"https:\/\/dev6.erresse-shop.it\/fr\/shop\/petits-electromenagers\/fours\/sharp-micro-ondes-avec-gril-25-l-noir\/\"]}]},{\"@type\":\"ImageObject\",\"inLanguage\":\"fr-FR\",\"@id\":\"https:\/\/dev6.erresse-shop.it\/fr\/shop\/petits-electromenagers\/fours\/sharp-micro-ondes-avec-gril-25-l-noir\/#primaryimage\",\"url\":\"https:\/\/i3.wp.com\/interpim.erresse-shop.it\/img-catalogo\/sharp\/sharp-microonde-25-l-nero.jpg?ssl=1\",\"contentUrl\":\"https:\/\/i3.wp.com\/interpim.erresse-shop.it\/img-catalogo\/sharp\/sharp-microonde-25-l-nero.jpg?ssl=1\"},{\"@type\":\"BreadcrumbList\",\"@id\":\"https:\/\/dev6.erresse-shop.it\/fr\/shop\/petits-electromenagers\/fours\/sharp-micro-ondes-avec-gril-25-l-noir\/#breadcrumb\",\"itemListElement\":[{\"@type\":\"ListItem\",\"position\":1,\"name\":\"Home\",\"item\":\"https:\/\/dev6.erresse-shop.it\/\"},{\"@type\":\"ListItem\",\"position\":2,\"name\":\"Boutique\",\"item\":\"https:\/\/dev6.erresse-shop.it\/shop\/\"},{\"@type\":\"ListItem\",\"position\":3,\"name\":\"SHARP Micro-ondes avec gril 25 L Noir\"}]},{\"@type\":\"WebSite\",\"@id\":\"https:\/\/dev6.erresse-shop.it\/#website\",\"url\":\"https:\/\/dev6.erresse-shop.it\/\",\"name\":\"Erresse Shop\",\"description\":\"\",\"publisher\":{\"@id\":\"https:\/\/dev6.erresse-shop.it\/#organization\"},\"potentialAction\":[{\"@type\":\"SearchAction\",\"target\":{\"@type\":\"EntryPoint\",\"urlTemplate\":\"https:\/\/dev6.erresse-shop.it\/?s={search_term_string}\"},\"query-input\":{\"@type\":\"PropertyValueSpecification\",\"valueRequired\":true,\"valueName\":\"search_term_string\"}}],\"inLanguage\":\"fr-FR\"},{\"@type\":\"Organization\",\"@id\":\"https:\/\/dev6.erresse-shop.it\/#organization\",\"name\":\"Erresse Shop\",\"url\":\"https:\/\/dev6.erresse-shop.it\/\",\"logo\":{\"@type\":\"ImageObject\",\"inLanguage\":\"fr-FR\",\"@id\":\"https:\/\/dev6.erresse-shop.it\/#\/schema\/logo\/image\/\",\"url\":\"https:\/\/dev6.erresse-shop.it\/wp-content\/uploads\/2025\/01\/LOGO-ERRESSE-CLASSICO.svg\",\"contentUrl\":\"https:\/\/dev6.erresse-shop.it\/wp-content\/uploads\/2025\/01\/LOGO-ERRESSE-CLASSICO.svg\",\"caption\":\"Erresse Shop\"},\"image\":{\"@id\":\"https:\/\/dev6.erresse-shop.it\/#\/schema\/logo\/image\/\"}}]}<\/script>\n<!-- \/ Yoast SEO plugin. -->","yoast_head_json":{"title":"SHARP Micro-ondes avec gril 25 L Noir - dev6 Erresse","description":"Commande rapide par bouton avec 6 programmes de cuisson automatique. Design classique et \u00e9pur\u00e9. Commandes tactiles faciles \u00e0 utiliser \u00c9cran LED facile \u00e0","robots":{"index":"noindex","follow":"follow","max-snippet":"max-snippet:-1","max-image-preview":"max-image-preview:large","max-video-preview":"max-video-preview:-1"},"og_locale":"fr_FR","og_type":"article","og_title":"SHARP Micro-ondes avec gril 25 L Noir - dev6 Erresse","og_description":"Commande rapide par bouton avec 6 programmes de cuisson automatique. Design classique et \u00e9pur\u00e9. Commandes tactiles faciles \u00e0 utiliser \u00c9cran LED facile \u00e0","og_url":"https:\/\/dev6.erresse-shop.it\/fr\/shop\/petits-electromenagers\/fours\/sharp-micro-ondes-avec-gril-25-l-noir\/","og_site_name":"dev6 Erresse","og_image":[{"url":"https:\/\/interpim.erresse-shop.it\/img-catalogo\/sharp\/sharp-microonde-25-l-nero.jpg","type":"","width":"","height":""},{"url":"https:\/\/interpim.erresse-shop.it\/img-catalogo\/sharp\/sharp-microonde-25-l-nero.jpg","width":1024,"height":1024,"type":"image\/jpeg"}],"twitter_card":"summary_large_image","twitter_image":"https:\/\/interpim.erresse-shop.it\/img-catalogo\/sharp\/sharp-microonde-25-l-nero.jpg","schema":{"@context":"https:\/\/schema.org","@graph":[{"@type":"WebPage","@id":"https:\/\/dev6.erresse-shop.it\/fr\/shop\/petits-electromenagers\/fours\/sharp-micro-ondes-avec-gril-25-l-noir\/","url":"https:\/\/dev6.erresse-shop.it\/fr\/shop\/petits-electromenagers\/fours\/sharp-micro-ondes-avec-gril-25-l-noir\/","name":"SHARP Micro-ondes avec gril 25 L Noir - dev6 Erresse","isPartOf":{"@id":"https:\/\/dev6.erresse-shop.it\/#website"},"primaryImageOfPage":{"@id":"https:\/\/dev6.erresse-shop.it\/fr\/shop\/petits-electromenagers\/fours\/sharp-micro-ondes-avec-gril-25-l-noir\/#primaryimage"},"image":{"@id":"https:\/\/dev6.erresse-shop.it\/fr\/shop\/petits-electromenagers\/fours\/sharp-micro-ondes-avec-gril-25-l-noir\/#primaryimage"},"thumbnailUrl":"https:\/\/i3.wp.com\/interpim.erresse-shop.it\/img-catalogo\/sharp\/sharp-microonde-25-l-nero.jpg?ssl=1","datePublished":"2026-04-12T09:51:10+00:00","description":"Commande rapide par bouton avec 6 programmes de cuisson automatique. Design classique et \u00e9pur\u00e9. Commandes tactiles faciles \u00e0 utiliser \u00c9cran LED facile \u00e0","breadcrumb":{"@id":"https:\/\/dev6.erresse-shop.it\/fr\/shop\/petits-electromenagers\/fours\/sharp-micro-ondes-avec-gril-25-l-noir\/#breadcrumb"},"inLanguage":"fr-FR","potentialAction":[{"@type":"ReadAction","target":["https:\/\/dev6.erresse-shop.it\/fr\/shop\/petits-electromenagers\/fours\/sharp-micro-ondes-avec-gril-25-l-noir\/"]}]},{"@type":"ImageObject","inLanguage":"fr-FR","@id":"https:\/\/dev6.erresse-shop.it\/fr\/shop\/petits-electromenagers\/fours\/sharp-micro-ondes-avec-gril-25-l-noir\/#primaryimage","url":"https:\/\/i3.wp.com\/interpim.erresse-shop.it\/img-catalogo\/sharp\/sharp-microonde-25-l-nero.jpg?ssl=1","contentUrl":"https:\/\/i3.wp.com\/interpim.erresse-shop.it\/img-catalogo\/sharp\/sharp-microonde-25-l-nero.jpg?ssl=1"},{"@type":"BreadcrumbList","@id":"https:\/\/dev6.erresse-shop.it\/fr\/shop\/petits-electromenagers\/fours\/sharp-micro-ondes-avec-gril-25-l-noir\/#breadcrumb","itemListElement":[{"@type":"ListItem","position":1,"name":"Home","item":"https:\/\/dev6.erresse-shop.it\/"},{"@type":"ListItem","position":2,"name":"Boutique","item":"https:\/\/dev6.erresse-shop.it\/shop\/"},{"@type":"ListItem","position":3,"name":"SHARP Micro-ondes avec gril 25 L Noir"}]},{"@type":"WebSite","@id":"https:\/\/dev6.erresse-shop.it\/#website","url":"https:\/\/dev6.erresse-shop.it\/","name":"Erresse Shop","description":"","publisher":{"@id":"https:\/\/dev6.erresse-shop.it\/#organization"},"potentialAction":[{"@type":"SearchAction","target":{"@type":"EntryPoint","urlTemplate":"https:\/\/dev6.erresse-shop.it\/?s={search_term_string}"},"query-input":{"@type":"PropertyValueSpecification","valueRequired":true,"valueName":"search_term_string"}}],"inLanguage":"fr-FR"},{"@type":"Organization","@id":"https:\/\/dev6.erresse-shop.it\/#organization","name":"Erresse Shop","url":"https:\/\/dev6.erresse-shop.it\/","logo":{"@type":"ImageObject","inLanguage":"fr-FR","@id":"https:\/\/dev6.erresse-shop.it\/#\/schema\/logo\/image\/","url":"https:\/\/dev6.erresse-shop.it\/wp-content\/uploads\/2025\/01\/LOGO-ERRESSE-CLASSICO.svg","contentUrl":"https:\/\/dev6.erresse-shop.it\/wp-content\/uploads\/2025\/01\/LOGO-ERRESSE-CLASSICO.svg","caption":"Erresse Shop"},"image":{"@id":"https:\/\/dev6.erresse-shop.it\/#\/schema\/logo\/image\/"}}]}},"df_price":111.42,"df_sale_price":111.42,"df_regular_price":179,"df_image_link":"https:\/\/i3.wp.com\/interpim.erresse-shop.it\/img-catalogo\/sharp\/sharp-microonde-25-l-nero.jpg?resize=300,300&ssl=1","fifu_image_url":"https:\/\/interpim.erresse-shop.it\/img-catalogo\/sharp\/sharp-microonde-25-l-nero.jpg","_links":{"self":[{"href":"https:\/\/dev6.erresse-shop.it\/fr\/wp-json\/wp\/v2\/product\/65030","targetHints":{"allow":["GET"]}}],"collection":[{"href":"https:\/\/dev6.erresse-shop.it\/fr\/wp-json\/wp\/v2\/product"}],"about":[{"href":"https:\/\/dev6.erresse-shop.it\/fr\/wp-json\/wp\/v2\/types\/product"}],"wp:featuredmedia":[{"embeddable":true,"href":"https:\/\/dev6.erresse-shop.it\/fr\/wp-json\/wp\/v2\/media\/6370095"}],"wp:attachment":[{"href":"https:\/\/dev6.erresse-shop.it\/fr\/wp-json\/wp\/v2\/media?parent=65030"}],"wp:term":[{"taxonomy":"product_cat","embeddable":true,"href":"https:\/\/dev6.erresse-shop.it\/fr\/wp-json\/wp\/v2\/product_cat?post=65030"},{"taxonomy":"product_tag","embeddable":true,"href":"https:\/\/dev6.erresse-shop.it\/fr\/wp-json\/wp\/v2\/product_tag?post=65030"}],"curies":[{"name":"wp","href":"https:\/\/api.w.org\/{rel}","templated":true}]}}