{"id":65028,"date":"2026-04-12T11:51:10","date_gmt":"2026-04-12T09:51:10","guid":{"rendered":"https:\/\/dev6.erresse-shop.it\/shop\/non%20class\u00e9\/portmeirion-the-holly-and-the-ivy-set-de-6-assiettes\/"},"modified":"2026-01-09T02:12:08","modified_gmt":"2026-01-09T01:12:08","slug":"portmeirion-the-holly-and-the-ivy-set-de-6-assiettes","status":"publish","type":"product","link":"https:\/\/dev6.erresse-shop.it\/fr\/shop\/table-fr-2\/plats\/portmeirion-the-holly-and-the-ivy-set-de-6-assiettes\/","title":{"rendered":"PORTMEIRION The Holly and The Ivy Set de 6 assiettes"},"content":{"rendered":"<p>Donnez un ton merveilleusement festif \u00e0 vos repas de No\u00ebl avec cette assiette de 25 cm intitul\u00e9e The Holly and the Ivy (Le houx et le lierre). Avec une composition illustr\u00e9e classique du \u00ab houx et du lierre \u00bb au riche feuillage vert et aux baies rouges, ainsi que les paroles de la chanson du m\u00eame nom, cette assiette \u00e9voque magnifiquement la tradition de No\u00ebl. Associez-la \u00e0 d\u2019autres articles de la collection pour une ambiance festive compl\u00e8te, ou utilisez cette assiette de No\u00ebl dans le cadre d\u2019une table enti\u00e8rement blanche pour une merveilleuse touche de No\u00ebl.<\/p>\n<p>Mat\u00e9riau : terre cuite<\/p>\n","protected":false},"excerpt":{"rendered":"<p>Donnez un ton merveilleusement festif \u00e0 vos repas de No\u00ebl avec cette assiette de 25 cm intitul\u00e9e The Holly and the Ivy (Le houx et le lierre). Avec une composition illustr\u00e9e classique du \u00ab houx et du lierre \u00bb au riche feuillage vert et aux baies rouges, ainsi que les paroles de la chanson du [&hellip;]<\/p>\n","protected":false},"featured_media":6370091,"template":"","meta":{"_acf_changed":false},"product_cat":[12014,11995,11671],"product_tag":[],"class_list":{"0":"post-65028","1":"product","2":"type-product","3":"status-publish","4":"has-post-thumbnail","6":"product_cat-plats","7":"product_cat-table-fr-2","8":"product_cat-tavola","10":"first","11":"instock","12":"sale","13":"taxable","14":"shipping-taxable","15":"purchasable","16":"product-type-simple","swatches":"rey-swatches","show_selected":"","stretch_labels":"rey-swatches--stretch-labels"},"acf":[],"yoast_head":"<!-- This site is optimized with the Yoast SEO plugin v25.4 - https:\/\/yoast.com\/wordpress\/plugins\/seo\/ -->\n<title>PORTMEIRION The Holly and The Ivy Set de 6 assiettes - dev6 Erresse<\/title>\n<meta name=\"description\" content=\"Donnez un ton merveilleusement festif \u00e0 vos repas de No\u00ebl avec cette assiette de 25 cm intitul\u00e9e The Holly and the Ivy (Le houx et le lierre). Avec une\" \/>\n<meta name=\"robots\" content=\"noindex, follow, max-snippet:-1, max-image-preview:large, max-video-preview:-1\" \/>\n<meta property=\"og:locale\" content=\"fr_FR\" \/>\n<meta property=\"og:type\" content=\"article\" \/>\n<meta property=\"og:title\" content=\"PORTMEIRION The Holly and The Ivy Set de 6 assiettes - dev6 Erresse\" \/>\n<meta property=\"og:description\" content=\"Donnez un ton merveilleusement festif \u00e0 vos repas de No\u00ebl avec cette assiette de 25 cm intitul\u00e9e The Holly and the Ivy (Le houx et le lierre). Avec une\" \/>\n<meta property=\"og:url\" content=\"https:\/\/dev6.erresse-shop.it\/fr\/shop\/table-fr-2\/plats\/portmeirion-the-holly-and-the-ivy-set-de-6-assiettes\/\" \/>\n<meta property=\"og:site_name\" content=\"dev6 Erresse\" \/>\n<meta property=\"og:image\" content=\"https:\/\/interpim.erresse-shop.it\/img-catalogo\/portmeirion\/portmeirion-the-holly-and-the-ivy-set-6-piatti-piani-1.jpg\" \/><meta property=\"og:image\" content=\"https:\/\/interpim.erresse-shop.it\/img-catalogo\/portmeirion\/portmeirion-the-holly-and-the-ivy-set-6-piatti-piani-1.jpg\" \/>\n\t<meta property=\"og:image:width\" content=\"1024\" \/>\n\t<meta property=\"og:image:height\" content=\"1024\" \/>\n\t<meta property=\"og:image:type\" content=\"image\/jpeg\" \/>\n<meta name=\"twitter:card\" content=\"summary_large_image\" \/>\n<meta name=\"twitter:image\" content=\"https:\/\/interpim.erresse-shop.it\/img-catalogo\/portmeirion\/portmeirion-the-holly-and-the-ivy-set-6-piatti-piani-1.jpg\" \/>\n<script type=\"application\/ld+json\" class=\"yoast-schema-graph\">{\"@context\":\"https:\/\/schema.org\",\"@graph\":[{\"@type\":\"WebPage\",\"@id\":\"https:\/\/dev6.erresse-shop.it\/fr\/shop\/table-fr-2\/plats\/portmeirion-the-holly-and-the-ivy-set-de-6-assiettes\/\",\"url\":\"https:\/\/dev6.erresse-shop.it\/fr\/shop\/table-fr-2\/plats\/portmeirion-the-holly-and-the-ivy-set-de-6-assiettes\/\",\"name\":\"PORTMEIRION The Holly and The Ivy Set de 6 assiettes - dev6 Erresse\",\"isPartOf\":{\"@id\":\"https:\/\/dev6.erresse-shop.it\/#website\"},\"primaryImageOfPage\":{\"@id\":\"https:\/\/dev6.erresse-shop.it\/fr\/shop\/table-fr-2\/plats\/portmeirion-the-holly-and-the-ivy-set-de-6-assiettes\/#primaryimage\"},\"image\":{\"@id\":\"https:\/\/dev6.erresse-shop.it\/fr\/shop\/table-fr-2\/plats\/portmeirion-the-holly-and-the-ivy-set-de-6-assiettes\/#primaryimage\"},\"thumbnailUrl\":\"https:\/\/i3.wp.com\/interpim.erresse-shop.it\/img-catalogo\/portmeirion\/portmeirion-the-holly-and-the-ivy-set-6-piatti-piani-1.jpg?ssl=1\",\"datePublished\":\"2026-04-12T09:51:10+00:00\",\"description\":\"Donnez un ton merveilleusement festif \u00e0 vos repas de No\u00ebl avec cette assiette de 25 cm intitul\u00e9e The Holly and the Ivy (Le houx et le lierre). Avec une\",\"breadcrumb\":{\"@id\":\"https:\/\/dev6.erresse-shop.it\/fr\/shop\/table-fr-2\/plats\/portmeirion-the-holly-and-the-ivy-set-de-6-assiettes\/#breadcrumb\"},\"inLanguage\":\"fr-FR\",\"potentialAction\":[{\"@type\":\"ReadAction\",\"target\":[\"https:\/\/dev6.erresse-shop.it\/fr\/shop\/table-fr-2\/plats\/portmeirion-the-holly-and-the-ivy-set-de-6-assiettes\/\"]}]},{\"@type\":\"ImageObject\",\"inLanguage\":\"fr-FR\",\"@id\":\"https:\/\/dev6.erresse-shop.it\/fr\/shop\/table-fr-2\/plats\/portmeirion-the-holly-and-the-ivy-set-de-6-assiettes\/#primaryimage\",\"url\":\"https:\/\/i3.wp.com\/interpim.erresse-shop.it\/img-catalogo\/portmeirion\/portmeirion-the-holly-and-the-ivy-set-6-piatti-piani-1.jpg?ssl=1\",\"contentUrl\":\"https:\/\/i3.wp.com\/interpim.erresse-shop.it\/img-catalogo\/portmeirion\/portmeirion-the-holly-and-the-ivy-set-6-piatti-piani-1.jpg?ssl=1\"},{\"@type\":\"BreadcrumbList\",\"@id\":\"https:\/\/dev6.erresse-shop.it\/fr\/shop\/table-fr-2\/plats\/portmeirion-the-holly-and-the-ivy-set-de-6-assiettes\/#breadcrumb\",\"itemListElement\":[{\"@type\":\"ListItem\",\"position\":1,\"name\":\"Home\",\"item\":\"https:\/\/dev6.erresse-shop.it\/\"},{\"@type\":\"ListItem\",\"position\":2,\"name\":\"Boutique\",\"item\":\"https:\/\/dev6.erresse-shop.it\/shop\/\"},{\"@type\":\"ListItem\",\"position\":3,\"name\":\"PORTMEIRION The Holly and The Ivy Set de 6 assiettes\"}]},{\"@type\":\"WebSite\",\"@id\":\"https:\/\/dev6.erresse-shop.it\/#website\",\"url\":\"https:\/\/dev6.erresse-shop.it\/\",\"name\":\"Erresse Shop\",\"description\":\"\",\"publisher\":{\"@id\":\"https:\/\/dev6.erresse-shop.it\/#organization\"},\"potentialAction\":[{\"@type\":\"SearchAction\",\"target\":{\"@type\":\"EntryPoint\",\"urlTemplate\":\"https:\/\/dev6.erresse-shop.it\/?s={search_term_string}\"},\"query-input\":{\"@type\":\"PropertyValueSpecification\",\"valueRequired\":true,\"valueName\":\"search_term_string\"}}],\"inLanguage\":\"fr-FR\"},{\"@type\":\"Organization\",\"@id\":\"https:\/\/dev6.erresse-shop.it\/#organization\",\"name\":\"Erresse Shop\",\"url\":\"https:\/\/dev6.erresse-shop.it\/\",\"logo\":{\"@type\":\"ImageObject\",\"inLanguage\":\"fr-FR\",\"@id\":\"https:\/\/dev6.erresse-shop.it\/#\/schema\/logo\/image\/\",\"url\":\"https:\/\/dev6.erresse-shop.it\/wp-content\/uploads\/2025\/01\/LOGO-ERRESSE-CLASSICO.svg\",\"contentUrl\":\"https:\/\/dev6.erresse-shop.it\/wp-content\/uploads\/2025\/01\/LOGO-ERRESSE-CLASSICO.svg\",\"caption\":\"Erresse Shop\"},\"image\":{\"@id\":\"https:\/\/dev6.erresse-shop.it\/#\/schema\/logo\/image\/\"}}]}<\/script>\n<!-- \/ Yoast SEO plugin. -->","yoast_head_json":{"title":"PORTMEIRION The Holly and The Ivy Set de 6 assiettes - dev6 Erresse","description":"Donnez un ton merveilleusement festif \u00e0 vos repas de No\u00ebl avec cette assiette de 25 cm intitul\u00e9e The Holly and the Ivy (Le houx et le lierre). Avec une","robots":{"index":"noindex","follow":"follow","max-snippet":"max-snippet:-1","max-image-preview":"max-image-preview:large","max-video-preview":"max-video-preview:-1"},"og_locale":"fr_FR","og_type":"article","og_title":"PORTMEIRION The Holly and The Ivy Set de 6 assiettes - dev6 Erresse","og_description":"Donnez un ton merveilleusement festif \u00e0 vos repas de No\u00ebl avec cette assiette de 25 cm intitul\u00e9e The Holly and the Ivy (Le houx et le lierre). Avec une","og_url":"https:\/\/dev6.erresse-shop.it\/fr\/shop\/table-fr-2\/plats\/portmeirion-the-holly-and-the-ivy-set-de-6-assiettes\/","og_site_name":"dev6 Erresse","og_image":[{"url":"https:\/\/interpim.erresse-shop.it\/img-catalogo\/portmeirion\/portmeirion-the-holly-and-the-ivy-set-6-piatti-piani-1.jpg","type":"","width":"","height":""},{"url":"https:\/\/interpim.erresse-shop.it\/img-catalogo\/portmeirion\/portmeirion-the-holly-and-the-ivy-set-6-piatti-piani-1.jpg","width":1024,"height":1024,"type":"image\/jpeg"}],"twitter_card":"summary_large_image","twitter_image":"https:\/\/interpim.erresse-shop.it\/img-catalogo\/portmeirion\/portmeirion-the-holly-and-the-ivy-set-6-piatti-piani-1.jpg","schema":{"@context":"https:\/\/schema.org","@graph":[{"@type":"WebPage","@id":"https:\/\/dev6.erresse-shop.it\/fr\/shop\/table-fr-2\/plats\/portmeirion-the-holly-and-the-ivy-set-de-6-assiettes\/","url":"https:\/\/dev6.erresse-shop.it\/fr\/shop\/table-fr-2\/plats\/portmeirion-the-holly-and-the-ivy-set-de-6-assiettes\/","name":"PORTMEIRION The Holly and The Ivy Set de 6 assiettes - dev6 Erresse","isPartOf":{"@id":"https:\/\/dev6.erresse-shop.it\/#website"},"primaryImageOfPage":{"@id":"https:\/\/dev6.erresse-shop.it\/fr\/shop\/table-fr-2\/plats\/portmeirion-the-holly-and-the-ivy-set-de-6-assiettes\/#primaryimage"},"image":{"@id":"https:\/\/dev6.erresse-shop.it\/fr\/shop\/table-fr-2\/plats\/portmeirion-the-holly-and-the-ivy-set-de-6-assiettes\/#primaryimage"},"thumbnailUrl":"https:\/\/i3.wp.com\/interpim.erresse-shop.it\/img-catalogo\/portmeirion\/portmeirion-the-holly-and-the-ivy-set-6-piatti-piani-1.jpg?ssl=1","datePublished":"2026-04-12T09:51:10+00:00","description":"Donnez un ton merveilleusement festif \u00e0 vos repas de No\u00ebl avec cette assiette de 25 cm intitul\u00e9e The Holly and the Ivy (Le houx et le lierre). Avec une","breadcrumb":{"@id":"https:\/\/dev6.erresse-shop.it\/fr\/shop\/table-fr-2\/plats\/portmeirion-the-holly-and-the-ivy-set-de-6-assiettes\/#breadcrumb"},"inLanguage":"fr-FR","potentialAction":[{"@type":"ReadAction","target":["https:\/\/dev6.erresse-shop.it\/fr\/shop\/table-fr-2\/plats\/portmeirion-the-holly-and-the-ivy-set-de-6-assiettes\/"]}]},{"@type":"ImageObject","inLanguage":"fr-FR","@id":"https:\/\/dev6.erresse-shop.it\/fr\/shop\/table-fr-2\/plats\/portmeirion-the-holly-and-the-ivy-set-de-6-assiettes\/#primaryimage","url":"https:\/\/i3.wp.com\/interpim.erresse-shop.it\/img-catalogo\/portmeirion\/portmeirion-the-holly-and-the-ivy-set-6-piatti-piani-1.jpg?ssl=1","contentUrl":"https:\/\/i3.wp.com\/interpim.erresse-shop.it\/img-catalogo\/portmeirion\/portmeirion-the-holly-and-the-ivy-set-6-piatti-piani-1.jpg?ssl=1"},{"@type":"BreadcrumbList","@id":"https:\/\/dev6.erresse-shop.it\/fr\/shop\/table-fr-2\/plats\/portmeirion-the-holly-and-the-ivy-set-de-6-assiettes\/#breadcrumb","itemListElement":[{"@type":"ListItem","position":1,"name":"Home","item":"https:\/\/dev6.erresse-shop.it\/"},{"@type":"ListItem","position":2,"name":"Boutique","item":"https:\/\/dev6.erresse-shop.it\/shop\/"},{"@type":"ListItem","position":3,"name":"PORTMEIRION The Holly and The Ivy Set de 6 assiettes"}]},{"@type":"WebSite","@id":"https:\/\/dev6.erresse-shop.it\/#website","url":"https:\/\/dev6.erresse-shop.it\/","name":"Erresse Shop","description":"","publisher":{"@id":"https:\/\/dev6.erresse-shop.it\/#organization"},"potentialAction":[{"@type":"SearchAction","target":{"@type":"EntryPoint","urlTemplate":"https:\/\/dev6.erresse-shop.it\/?s={search_term_string}"},"query-input":{"@type":"PropertyValueSpecification","valueRequired":true,"valueName":"search_term_string"}}],"inLanguage":"fr-FR"},{"@type":"Organization","@id":"https:\/\/dev6.erresse-shop.it\/#organization","name":"Erresse Shop","url":"https:\/\/dev6.erresse-shop.it\/","logo":{"@type":"ImageObject","inLanguage":"fr-FR","@id":"https:\/\/dev6.erresse-shop.it\/#\/schema\/logo\/image\/","url":"https:\/\/dev6.erresse-shop.it\/wp-content\/uploads\/2025\/01\/LOGO-ERRESSE-CLASSICO.svg","contentUrl":"https:\/\/dev6.erresse-shop.it\/wp-content\/uploads\/2025\/01\/LOGO-ERRESSE-CLASSICO.svg","caption":"Erresse Shop"},"image":{"@id":"https:\/\/dev6.erresse-shop.it\/#\/schema\/logo\/image\/"}}]}},"df_price":114,"df_sale_price":114,"df_regular_price":185.59,"df_image_link":"https:\/\/i3.wp.com\/interpim.erresse-shop.it\/img-catalogo\/portmeirion\/portmeirion-the-holly-and-the-ivy-set-6-piatti-piani-1.jpg?resize=300,300&ssl=1","fifu_image_url":"https:\/\/interpim.erresse-shop.it\/img-catalogo\/portmeirion\/portmeirion-the-holly-and-the-ivy-set-6-piatti-piani-1.jpg","_links":{"self":[{"href":"https:\/\/dev6.erresse-shop.it\/fr\/wp-json\/wp\/v2\/product\/65028","targetHints":{"allow":["GET"]}}],"collection":[{"href":"https:\/\/dev6.erresse-shop.it\/fr\/wp-json\/wp\/v2\/product"}],"about":[{"href":"https:\/\/dev6.erresse-shop.it\/fr\/wp-json\/wp\/v2\/types\/product"}],"wp:featuredmedia":[{"embeddable":true,"href":"https:\/\/dev6.erresse-shop.it\/fr\/wp-json\/wp\/v2\/media\/6370091"}],"wp:attachment":[{"href":"https:\/\/dev6.erresse-shop.it\/fr\/wp-json\/wp\/v2\/media?parent=65028"}],"wp:term":[{"taxonomy":"product_cat","embeddable":true,"href":"https:\/\/dev6.erresse-shop.it\/fr\/wp-json\/wp\/v2\/product_cat?post=65028"},{"taxonomy":"product_tag","embeddable":true,"href":"https:\/\/dev6.erresse-shop.it\/fr\/wp-json\/wp\/v2\/product_tag?post=65028"}],"curies":[{"name":"wp","href":"https:\/\/api.w.org\/{rel}","templated":true}]}}