{"id":65006,"date":"2026-04-12T11:49:03","date_gmt":"2026-04-12T09:49:03","guid":{"rendered":"https:\/\/dev6.erresse-shop.it\/shop\/non%20class\u00e9\/foppapedretti-cordes-a-linge-gulliver-4-0-naturel\/"},"modified":"2025-09-14T05:55:56","modified_gmt":"2025-09-14T03:55:56","slug":"foppapedretti-cordes-a-linge-gulliver-4-0-naturel","status":"publish","type":"product","link":"https:\/\/dev6.erresse-shop.it\/fr\/shop\/ameublement-maison\/sechoirs\/foppapedretti-cordes-a-linge-gulliver-4-0-naturel\/","title":{"rendered":"FOPPAPEDRETTI Cordes \u00e0 linge Gulliver 4.0 Naturel"},"content":{"rendered":"<p>Le nouveau s\u00e9choir pliant en bois Gulliver 4.0 de Foppapedretti est une revisite, apr\u00e8s 40 ans de succ\u00e8s, de notre best-seller Gulliver avec un design contemporain et un travail du bois innovant.<\/p>\n<p>Gulliver 4.0 a une structure en bois massif certifi\u00e9 FSC caract\u00e9ris\u00e9e par des formes arrondies et est disponible en 3 variantes de couleurs.<\/p>\n<p>Gulliver 4.0 peut \u00eatre modul\u00e9 en fonction de la quantit\u00e9 de linge \u00e0 \u00e9tendre : il dispose de 27 m\u00e8tres de corde pour suspendre les v\u00eatements et, gr\u00e2ce \u00e0 des bras lat\u00e9raux et avant ind\u00e9pendants avec tiges en aluminium peint, il s\u2019ouvre en fonction de la quantit\u00e9 de linge \u00e0 s\u00e9cher. Gulliver 4.0 se ferme dans tr\u00e8s peu d\u2019espace, n\u2019occupe que 14 centim\u00e8tres et reste debout tout seul\u2026 et se d\u00e9place facilement gr\u00e2ce aux robustes roues de freinage. Il peut \u00eatre positionn\u00e9 n\u2019importe o\u00f9.<\/p>\n<p>Le paquet comprend six pinces \u00e0 linge color\u00e9es, \u00e0 ranger dans le plateau pratique situ\u00e9 sur un c\u00f4t\u00e9 du s\u00e9choir \u00e0 linge, qui peuvent \u00e9galement \u00eatre achet\u00e9es s\u00e9par\u00e9ment.<\/p>\n<p>Dimensions ouvert : H 105 P 80 L 174 cm<br \/>\nDimensions ferm\u00e9 : H 103 P 55 L 14 cm<\/p>\n<p>Poids\u00a0: 8 kg<\/p>\n","protected":false},"excerpt":{"rendered":"<p>Le nouveau s\u00e9choir pliant en bois Gulliver 4.0 de Foppapedretti est une revisite, apr\u00e8s 40 ans de succ\u00e8s, de notre best-seller Gulliver avec un design contemporain et un travail du bois innovant. Gulliver 4.0 a une structure en bois massif certifi\u00e9 FSC caract\u00e9ris\u00e9e par des formes arrondies et est disponible en 3 variantes de couleurs. [&hellip;]<\/p>\n","protected":false},"featured_media":6370019,"template":"","meta":{"_acf_changed":false},"product_cat":[11990,11666,12041],"product_tag":[],"class_list":{"0":"post-65006","1":"product","2":"type-product","3":"status-publish","4":"has-post-thumbnail","6":"product_cat-ameublement-maison","7":"product_cat-arredamento-casa","8":"product_cat-sechoirs","10":"first","11":"instock","12":"sale","13":"taxable","14":"shipping-taxable","15":"purchasable","16":"product-type-simple","swatches":"rey-swatches","show_selected":"","stretch_labels":"rey-swatches--stretch-labels"},"acf":[],"yoast_head":"<!-- This site is optimized with the Yoast SEO plugin v25.4 - https:\/\/yoast.com\/wordpress\/plugins\/seo\/ -->\n<title>FOPPAPEDRETTI Cordes \u00e0 linge Gulliver 4.0 Naturel - dev6 Erresse<\/title>\n<meta name=\"description\" content=\"Le nouveau s\u00e9choir pliant en bois Gulliver 4.0 de Foppapedretti est une revisite, apr\u00e8s 40 ans de succ\u00e8s, de notre best-seller Gulliver avec un design\" \/>\n<meta name=\"robots\" content=\"noindex, follow, max-snippet:-1, max-image-preview:large, max-video-preview:-1\" \/>\n<meta property=\"og:locale\" content=\"fr_FR\" \/>\n<meta property=\"og:type\" content=\"article\" \/>\n<meta property=\"og:title\" content=\"FOPPAPEDRETTI Cordes \u00e0 linge Gulliver 4.0 Naturel - dev6 Erresse\" \/>\n<meta property=\"og:description\" content=\"Le nouveau s\u00e9choir pliant en bois Gulliver 4.0 de Foppapedretti est une revisite, apr\u00e8s 40 ans de succ\u00e8s, de notre best-seller Gulliver avec un design\" \/>\n<meta property=\"og:url\" content=\"https:\/\/dev6.erresse-shop.it\/fr\/shop\/ameublement-maison\/sechoirs\/foppapedretti-cordes-a-linge-gulliver-4-0-naturel\/\" \/>\n<meta property=\"og:site_name\" content=\"dev6 Erresse\" \/>\n<meta property=\"og:image\" content=\"https:\/\/interpim.erresse-shop.it\/Import\/Prodotti\/foppapedretti-stendibiancheria-gulliver-4.0-naturale.jpg\" \/><meta property=\"og:image\" content=\"https:\/\/interpim.erresse-shop.it\/Import\/Prodotti\/foppapedretti-stendibiancheria-gulliver-4.0-naturale.jpg\" \/>\n\t<meta property=\"og:image:width\" content=\"1024\" \/>\n\t<meta property=\"og:image:height\" content=\"1024\" \/>\n\t<meta property=\"og:image:type\" content=\"image\/jpeg\" \/>\n<meta name=\"twitter:card\" content=\"summary_large_image\" \/>\n<meta name=\"twitter:image\" content=\"https:\/\/interpim.erresse-shop.it\/Import\/Prodotti\/foppapedretti-stendibiancheria-gulliver-4.0-naturale.jpg\" \/>\n<script type=\"application\/ld+json\" class=\"yoast-schema-graph\">{\"@context\":\"https:\/\/schema.org\",\"@graph\":[{\"@type\":\"WebPage\",\"@id\":\"https:\/\/dev6.erresse-shop.it\/fr\/shop\/ameublement-maison\/sechoirs\/foppapedretti-cordes-a-linge-gulliver-4-0-naturel\/\",\"url\":\"https:\/\/dev6.erresse-shop.it\/fr\/shop\/ameublement-maison\/sechoirs\/foppapedretti-cordes-a-linge-gulliver-4-0-naturel\/\",\"name\":\"FOPPAPEDRETTI Cordes \u00e0 linge Gulliver 4.0 Naturel - dev6 Erresse\",\"isPartOf\":{\"@id\":\"https:\/\/dev6.erresse-shop.it\/#website\"},\"primaryImageOfPage\":{\"@id\":\"https:\/\/dev6.erresse-shop.it\/fr\/shop\/ameublement-maison\/sechoirs\/foppapedretti-cordes-a-linge-gulliver-4-0-naturel\/#primaryimage\"},\"image\":{\"@id\":\"https:\/\/dev6.erresse-shop.it\/fr\/shop\/ameublement-maison\/sechoirs\/foppapedretti-cordes-a-linge-gulliver-4-0-naturel\/#primaryimage\"},\"thumbnailUrl\":\"https:\/\/i2.wp.com\/interpim.erresse-shop.it\/Import\/Prodotti\/foppapedretti-stendibiancheria-gulliver-4.0-naturale.jpg?ssl=1\",\"datePublished\":\"2026-04-12T09:49:03+00:00\",\"description\":\"Le nouveau s\u00e9choir pliant en bois Gulliver 4.0 de Foppapedretti est une revisite, apr\u00e8s 40 ans de succ\u00e8s, de notre best-seller Gulliver avec un design\",\"breadcrumb\":{\"@id\":\"https:\/\/dev6.erresse-shop.it\/fr\/shop\/ameublement-maison\/sechoirs\/foppapedretti-cordes-a-linge-gulliver-4-0-naturel\/#breadcrumb\"},\"inLanguage\":\"fr-FR\",\"potentialAction\":[{\"@type\":\"ReadAction\",\"target\":[\"https:\/\/dev6.erresse-shop.it\/fr\/shop\/ameublement-maison\/sechoirs\/foppapedretti-cordes-a-linge-gulliver-4-0-naturel\/\"]}]},{\"@type\":\"ImageObject\",\"inLanguage\":\"fr-FR\",\"@id\":\"https:\/\/dev6.erresse-shop.it\/fr\/shop\/ameublement-maison\/sechoirs\/foppapedretti-cordes-a-linge-gulliver-4-0-naturel\/#primaryimage\",\"url\":\"https:\/\/i2.wp.com\/interpim.erresse-shop.it\/Import\/Prodotti\/foppapedretti-stendibiancheria-gulliver-4.0-naturale.jpg?ssl=1\",\"contentUrl\":\"https:\/\/i2.wp.com\/interpim.erresse-shop.it\/Import\/Prodotti\/foppapedretti-stendibiancheria-gulliver-4.0-naturale.jpg?ssl=1\"},{\"@type\":\"BreadcrumbList\",\"@id\":\"https:\/\/dev6.erresse-shop.it\/fr\/shop\/ameublement-maison\/sechoirs\/foppapedretti-cordes-a-linge-gulliver-4-0-naturel\/#breadcrumb\",\"itemListElement\":[{\"@type\":\"ListItem\",\"position\":1,\"name\":\"Home\",\"item\":\"https:\/\/dev6.erresse-shop.it\/\"},{\"@type\":\"ListItem\",\"position\":2,\"name\":\"Boutique\",\"item\":\"https:\/\/dev6.erresse-shop.it\/shop\/\"},{\"@type\":\"ListItem\",\"position\":3,\"name\":\"FOPPAPEDRETTI Cordes \u00e0 linge Gulliver 4.0 Naturel\"}]},{\"@type\":\"WebSite\",\"@id\":\"https:\/\/dev6.erresse-shop.it\/#website\",\"url\":\"https:\/\/dev6.erresse-shop.it\/\",\"name\":\"Erresse Shop\",\"description\":\"\",\"publisher\":{\"@id\":\"https:\/\/dev6.erresse-shop.it\/#organization\"},\"potentialAction\":[{\"@type\":\"SearchAction\",\"target\":{\"@type\":\"EntryPoint\",\"urlTemplate\":\"https:\/\/dev6.erresse-shop.it\/?s={search_term_string}\"},\"query-input\":{\"@type\":\"PropertyValueSpecification\",\"valueRequired\":true,\"valueName\":\"search_term_string\"}}],\"inLanguage\":\"fr-FR\"},{\"@type\":\"Organization\",\"@id\":\"https:\/\/dev6.erresse-shop.it\/#organization\",\"name\":\"Erresse Shop\",\"url\":\"https:\/\/dev6.erresse-shop.it\/\",\"logo\":{\"@type\":\"ImageObject\",\"inLanguage\":\"fr-FR\",\"@id\":\"https:\/\/dev6.erresse-shop.it\/#\/schema\/logo\/image\/\",\"url\":\"https:\/\/dev6.erresse-shop.it\/wp-content\/uploads\/2025\/01\/LOGO-ERRESSE-CLASSICO.svg\",\"contentUrl\":\"https:\/\/dev6.erresse-shop.it\/wp-content\/uploads\/2025\/01\/LOGO-ERRESSE-CLASSICO.svg\",\"caption\":\"Erresse Shop\"},\"image\":{\"@id\":\"https:\/\/dev6.erresse-shop.it\/#\/schema\/logo\/image\/\"}}]}<\/script>\n<!-- \/ Yoast SEO plugin. -->","yoast_head_json":{"title":"FOPPAPEDRETTI Cordes \u00e0 linge Gulliver 4.0 Naturel - dev6 Erresse","description":"Le nouveau s\u00e9choir pliant en bois Gulliver 4.0 de Foppapedretti est une revisite, apr\u00e8s 40 ans de succ\u00e8s, de notre best-seller Gulliver avec un design","robots":{"index":"noindex","follow":"follow","max-snippet":"max-snippet:-1","max-image-preview":"max-image-preview:large","max-video-preview":"max-video-preview:-1"},"og_locale":"fr_FR","og_type":"article","og_title":"FOPPAPEDRETTI Cordes \u00e0 linge Gulliver 4.0 Naturel - dev6 Erresse","og_description":"Le nouveau s\u00e9choir pliant en bois Gulliver 4.0 de Foppapedretti est une revisite, apr\u00e8s 40 ans de succ\u00e8s, de notre best-seller Gulliver avec un design","og_url":"https:\/\/dev6.erresse-shop.it\/fr\/shop\/ameublement-maison\/sechoirs\/foppapedretti-cordes-a-linge-gulliver-4-0-naturel\/","og_site_name":"dev6 Erresse","og_image":[{"url":"https:\/\/interpim.erresse-shop.it\/Import\/Prodotti\/foppapedretti-stendibiancheria-gulliver-4.0-naturale.jpg","type":"","width":"","height":""},{"url":"https:\/\/interpim.erresse-shop.it\/Import\/Prodotti\/foppapedretti-stendibiancheria-gulliver-4.0-naturale.jpg","width":1024,"height":1024,"type":"image\/jpeg"}],"twitter_card":"summary_large_image","twitter_image":"https:\/\/interpim.erresse-shop.it\/Import\/Prodotti\/foppapedretti-stendibiancheria-gulliver-4.0-naturale.jpg","schema":{"@context":"https:\/\/schema.org","@graph":[{"@type":"WebPage","@id":"https:\/\/dev6.erresse-shop.it\/fr\/shop\/ameublement-maison\/sechoirs\/foppapedretti-cordes-a-linge-gulliver-4-0-naturel\/","url":"https:\/\/dev6.erresse-shop.it\/fr\/shop\/ameublement-maison\/sechoirs\/foppapedretti-cordes-a-linge-gulliver-4-0-naturel\/","name":"FOPPAPEDRETTI Cordes \u00e0 linge Gulliver 4.0 Naturel - dev6 Erresse","isPartOf":{"@id":"https:\/\/dev6.erresse-shop.it\/#website"},"primaryImageOfPage":{"@id":"https:\/\/dev6.erresse-shop.it\/fr\/shop\/ameublement-maison\/sechoirs\/foppapedretti-cordes-a-linge-gulliver-4-0-naturel\/#primaryimage"},"image":{"@id":"https:\/\/dev6.erresse-shop.it\/fr\/shop\/ameublement-maison\/sechoirs\/foppapedretti-cordes-a-linge-gulliver-4-0-naturel\/#primaryimage"},"thumbnailUrl":"https:\/\/i2.wp.com\/interpim.erresse-shop.it\/Import\/Prodotti\/foppapedretti-stendibiancheria-gulliver-4.0-naturale.jpg?ssl=1","datePublished":"2026-04-12T09:49:03+00:00","description":"Le nouveau s\u00e9choir pliant en bois Gulliver 4.0 de Foppapedretti est une revisite, apr\u00e8s 40 ans de succ\u00e8s, de notre best-seller Gulliver avec un design","breadcrumb":{"@id":"https:\/\/dev6.erresse-shop.it\/fr\/shop\/ameublement-maison\/sechoirs\/foppapedretti-cordes-a-linge-gulliver-4-0-naturel\/#breadcrumb"},"inLanguage":"fr-FR","potentialAction":[{"@type":"ReadAction","target":["https:\/\/dev6.erresse-shop.it\/fr\/shop\/ameublement-maison\/sechoirs\/foppapedretti-cordes-a-linge-gulliver-4-0-naturel\/"]}]},{"@type":"ImageObject","inLanguage":"fr-FR","@id":"https:\/\/dev6.erresse-shop.it\/fr\/shop\/ameublement-maison\/sechoirs\/foppapedretti-cordes-a-linge-gulliver-4-0-naturel\/#primaryimage","url":"https:\/\/i2.wp.com\/interpim.erresse-shop.it\/Import\/Prodotti\/foppapedretti-stendibiancheria-gulliver-4.0-naturale.jpg?ssl=1","contentUrl":"https:\/\/i2.wp.com\/interpim.erresse-shop.it\/Import\/Prodotti\/foppapedretti-stendibiancheria-gulliver-4.0-naturale.jpg?ssl=1"},{"@type":"BreadcrumbList","@id":"https:\/\/dev6.erresse-shop.it\/fr\/shop\/ameublement-maison\/sechoirs\/foppapedretti-cordes-a-linge-gulliver-4-0-naturel\/#breadcrumb","itemListElement":[{"@type":"ListItem","position":1,"name":"Home","item":"https:\/\/dev6.erresse-shop.it\/"},{"@type":"ListItem","position":2,"name":"Boutique","item":"https:\/\/dev6.erresse-shop.it\/shop\/"},{"@type":"ListItem","position":3,"name":"FOPPAPEDRETTI Cordes \u00e0 linge Gulliver 4.0 Naturel"}]},{"@type":"WebSite","@id":"https:\/\/dev6.erresse-shop.it\/#website","url":"https:\/\/dev6.erresse-shop.it\/","name":"Erresse Shop","description":"","publisher":{"@id":"https:\/\/dev6.erresse-shop.it\/#organization"},"potentialAction":[{"@type":"SearchAction","target":{"@type":"EntryPoint","urlTemplate":"https:\/\/dev6.erresse-shop.it\/?s={search_term_string}"},"query-input":{"@type":"PropertyValueSpecification","valueRequired":true,"valueName":"search_term_string"}}],"inLanguage":"fr-FR"},{"@type":"Organization","@id":"https:\/\/dev6.erresse-shop.it\/#organization","name":"Erresse Shop","url":"https:\/\/dev6.erresse-shop.it\/","logo":{"@type":"ImageObject","inLanguage":"fr-FR","@id":"https:\/\/dev6.erresse-shop.it\/#\/schema\/logo\/image\/","url":"https:\/\/dev6.erresse-shop.it\/wp-content\/uploads\/2025\/01\/LOGO-ERRESSE-CLASSICO.svg","contentUrl":"https:\/\/dev6.erresse-shop.it\/wp-content\/uploads\/2025\/01\/LOGO-ERRESSE-CLASSICO.svg","caption":"Erresse Shop"},"image":{"@id":"https:\/\/dev6.erresse-shop.it\/#\/schema\/logo\/image\/"}}]}},"df_price":159,"df_sale_price":159,"df_regular_price":259,"df_image_link":"https:\/\/i2.wp.com\/interpim.erresse-shop.it\/Import\/Prodotti\/foppapedretti-stendibiancheria-gulliver-4.0-naturale.jpg?resize=300,300&ssl=1","fifu_image_url":"https:\/\/interpim.erresse-shop.it\/Import\/Prodotti\/foppapedretti-stendibiancheria-gulliver-4.0-naturale.jpg","_links":{"self":[{"href":"https:\/\/dev6.erresse-shop.it\/fr\/wp-json\/wp\/v2\/product\/65006","targetHints":{"allow":["GET"]}}],"collection":[{"href":"https:\/\/dev6.erresse-shop.it\/fr\/wp-json\/wp\/v2\/product"}],"about":[{"href":"https:\/\/dev6.erresse-shop.it\/fr\/wp-json\/wp\/v2\/types\/product"}],"wp:featuredmedia":[{"embeddable":true,"href":"https:\/\/dev6.erresse-shop.it\/fr\/wp-json\/wp\/v2\/media\/6370019"}],"wp:attachment":[{"href":"https:\/\/dev6.erresse-shop.it\/fr\/wp-json\/wp\/v2\/media?parent=65006"}],"wp:term":[{"taxonomy":"product_cat","embeddable":true,"href":"https:\/\/dev6.erresse-shop.it\/fr\/wp-json\/wp\/v2\/product_cat?post=65006"},{"taxonomy":"product_tag","embeddable":true,"href":"https:\/\/dev6.erresse-shop.it\/fr\/wp-json\/wp\/v2\/product_tag?post=65006"}],"curies":[{"name":"wp","href":"https:\/\/api.w.org\/{rel}","templated":true}]}}